{"id":3022,"date":"2025-09-29T14:21:50","date_gmt":"2025-09-29T06:21:50","guid":{"rendered":"https:\/\/www.cosmepak.com\/?post_type=product&#038;p=3022"},"modified":"2025-12-29T13:44:55","modified_gmt":"2025-12-29T05:44:55","slug":"cosmetic-plastic-jar-honey-comb-design-cute-small-size-abs-screw-for-skin-care-cream-lip-balm-lip-mask-scrub-eye-cream-applicator","status":"publish","type":"product","link":"https:\/\/www.cosmepak.com\/es\/product\/cosmetic-plastic-jar-honey-comb-design-cute-small-size-abs-screw-for-skin-care-cream-lip-balm-lip-mask-scrub-eye-cream-applicator\/","title":{"rendered":"Tarro pl\u00e1stico cosm\u00e9tico Dise\u00f1o de peine de miel Tornillo ABS lindo peque\u00f1o tama\u00f1o para la crema de cuidado de la piel M\u00e1scara labial b\u00e1lsamo Aplicador de crema de ojos"},"content":{"rendered":"<table style=\"border-collapse: collapse; width: 100%; height: 216px;\">\n<tbody>\n<tr style=\"height: 24px;\">\n<td style=\"width: 40.6929%; height: 216px;\" rowspan=\"8\"><img fetchpriority=\"high\" decoding=\"async\" class=\"alignnone size-full wp-image-3023\" src=\"https:\/\/www.cosmepak.com\/wp-content\/uploads\/2025\/09\/2-1.jpg\" alt=\"\" width=\"1024\" height=\"1024\" srcset=\"https:\/\/www.cosmepak.com\/wp-content\/uploads\/2025\/09\/2-1.jpg 1024w, https:\/\/www.cosmepak.com\/wp-content\/uploads\/2025\/09\/2-1-300x300.jpg 300w, https:\/\/www.cosmepak.com\/wp-content\/uploads\/2025\/09\/2-1-150x150.jpg 150w, https:\/\/www.cosmepak.com\/wp-content\/uploads\/2025\/09\/2-1-768x768.jpg 768w, https:\/\/www.cosmepak.com\/wp-content\/uploads\/2025\/09\/2-1-12x12.jpg 12w, https:\/\/www.cosmepak.com\/wp-content\/uploads\/2025\/09\/2-1-600x600.jpg 600w, https:\/\/www.cosmepak.com\/wp-content\/uploads\/2025\/09\/2-1-100x100.jpg 100w\" sizes=\"(max-width: 1024px) 100vw, 1024px\" \/><\/td>\n<td style=\"width: 28.4645%; height: 24px; text-align: center;\">Marca<\/td>\n<td style=\"width: 30.8425%; height: 24px; text-align: center;\">\u00a0Jaunce<\/td>\n<\/tr>\n<tr style=\"height: 24px;\">\n<td style=\"width: 28.4645%; height: 24px; text-align: center;\">Forma<\/td>\n<td style=\"width: 30.8425%; height: 24px; text-align: center;\">Redondo<\/td>\n<\/tr>\n<tr style=\"height: 24px;\">\n<td style=\"width: 28.4645%; height: 24px; text-align: center;\">Material<\/td>\n<td style=\"width: 30.8425%; height: 24px; text-align: center;\">ABS<\/td>\n<\/tr>\n<tr style=\"height: 24px;\">\n<td style=\"width: 28.4645%; height: 24px; text-align: center;\">Modelo<\/td>\n<td style=\"width: 30.8425%; height: 24px; text-align: center;\">JH-JZ7364<\/td>\n<\/tr>\n<tr style=\"height: 24px;\">\n<td style=\"width: 28.4645%; height: 24px; text-align: center;\">OEM \/ ODM<\/td>\n<td style=\"width: 30.8425%; height: 24px; text-align: center;\">Aceptar<\/td>\n<\/tr>\n<tr style=\"height: 24px;\">\n<td style=\"width: 28.4645%; height: 24px; text-align: center;\">Color<\/td>\n<td style=\"width: 30.8425%; height: 24px; text-align: center;\">Cualquier color de Parton personalizado<\/td>\n<\/tr>\n<tr style=\"height: 24px;\">\n<td style=\"width: 28.4645%; height: 24px; text-align: center;\">Uso<\/td>\n<td style=\"width: 30.8425%; height: 24px; text-align: center;\">crema<\/td>\n<\/tr>\n<tr style=\"height: 24px;\">\n<td style=\"width: 28.4645%; height: 24px; text-align: center;\">Moq<\/td>\n<td style=\"width: 30.8425%; height: 24px; text-align: center;\">10000pcs<\/td>\n<\/tr>\n<\/tbody>\n<\/table>\n<table style=\"border-collapse: collapse; width: 100%; height: 192px;\">\n<tbody>\n<tr style=\"height: 24px;\">\n<td style=\"width: 8.61543%; text-align: center; height: 24px;\"><strong>Capacidad<\/strong><\/td>\n<td style=\"width: 7.97343%; text-align: center; height: 24px;\"><strong>Altura total<\/strong><\/td>\n<td style=\"width: 8.52052%; text-align: center; height: 24px;\"><strong>Di\u00e1metro inferior<\/strong><\/td>\n<td style=\"width: 8.64621%; text-align: center;\"><strong>Tama\u00f1o del cuello<\/strong><\/td>\n<td style=\"width: 8.16567%; text-align: center; height: 24px;\"><b>Altura del hombro<\/b><\/td>\n<td style=\"width: 8.16567%; text-align: center; height: 24px;\"><b>Peso<\/b><\/td>\n<\/tr>\n<tr style=\"height: 24px;\">\n<td style=\"width: 8.61543%; text-align: center; height: 24px;\">7 ml<\/td>\n<td style=\"width: 7.97343%; text-align: center; height: 24px;\">36 mm<\/td>\n<td style=\"width: 8.52052%; text-align: center; height: 24px;\">42.5mm<\/td>\n<td style=\"width: 8.64621%; text-align: center;\">29.5mm<\/td>\n<td style=\"width: 8.16567%; text-align: center; height: 24px;\">17 mm<\/td>\n<td style=\"width: 8.16567%; text-align: center; height: 24px;\">28 gramos<\/td>\n<\/tr>\n<\/tbody>\n<\/table>\n<p>Nuestra botella de pl\u00e1stico de belleza de dise\u00f1o de panal de abeja reci\u00e9n lanzada combina perfectamente estas dos caracter\u00edsticas &#8211; compacto y peque\u00f1o en tama\u00f1o, hecho de material ABS transparente, equipado con un cierre de seguridad, y tambi\u00e9n sirve como aplicador pr\u00e1ctico para varios productos de cuidado de la piel. No es solo un contenedor.<\/p>\n<p>El aplicador de miel de dise\u00f1o \u00fanico y colores brillantes agrega un toque de encanto m\u00e1gico a su vida. Est\u00e1 adornado con lindos patrones de abejas y tiene la forma de un palo de miel, combinando perfectamente la practicidad con una est\u00e9tica deliciosa. Este peque\u00f1o aplicador puede hacer que su estado de \u00e1nimo m\u00e1s alegre y hacer que su vida diaria llena de diversi\u00f3n &#8211; es altamente adecuado para agregar encanto dulce y infantil a su vida.<\/p>\n<p>Su forma es como un palo de miel cl\u00e1sico, combinando la practicidad con un atractivo est\u00e9tico dulce. Esta herramienta compacta puede hacer que los momentos ordinarios (como aplicarlo a los labios) llenos de diversi\u00f3n, envolviendo su vida diaria en un resplandor c\u00e1lido y infantil.<\/p>\n<p>ofrecemos productos de embalaje de alta calidad; Tambi\u00e9n nos centramos en la investigaci\u00f3n y fabricaci\u00f3n de envases ecol\u00f3gicos y reciclables, y proporcionamos un servicio \u00fanico para satisfacer plenamente las diversas necesidades de su marca.<\/p>\n<p id=\"custom-irregular-shaped-glass-foundation-bottle---sleek-and-stylish\" class=\"ai-center-markdown-h3\" data-spm-anchor-id=\"a2747.product_manager.0.i8.4c7f71d2K47WyR\"><span style=\"font-size: 12pt;\">Si tiene alguna necesidad, por favor no dude en consultar sobre opciones de materiales ecol\u00f3gicos o discutir una soluci\u00f3n completa de envasado para su nueva l\u00ednea de productos, no dude en hacernos saber.  \u00a1Estamos aqu\u00ed para convertir sus ideas en envases de alta calidad y competitivos en el mercado que impulsen el \u00e9xito de su marca en la industria de la belleza!<\/span><\/p>\n<table style=\"border-collapse: collapse; width: 100%;\">\n<tbody>\n<tr>\n<td style=\"width: 33.3333%;\"><img decoding=\"async\" class=\"alignnone size-full wp-image-3802\" src=\"https:\/\/www.cosmepak.com\/wp-content\/uploads\/2025\/09\/\u8be6\u60c5-51.jpg\" alt=\"\" width=\"1000\" height=\"1000\" srcset=\"https:\/\/www.cosmepak.com\/wp-content\/uploads\/2025\/09\/\u8be6\u60c5-51.jpg 1000w, https:\/\/www.cosmepak.com\/wp-content\/uploads\/2025\/09\/\u8be6\u60c5-51-300x300.jpg 300w, https:\/\/www.cosmepak.com\/wp-content\/uploads\/2025\/09\/\u8be6\u60c5-51-150x150.jpg 150w, https:\/\/www.cosmepak.com\/wp-content\/uploads\/2025\/09\/\u8be6\u60c5-51-768x768.jpg 768w, https:\/\/www.cosmepak.com\/wp-content\/uploads\/2025\/09\/\u8be6\u60c5-51-12x12.jpg 12w, https:\/\/www.cosmepak.com\/wp-content\/uploads\/2025\/09\/\u8be6\u60c5-51-600x600.jpg 600w, https:\/\/www.cosmepak.com\/wp-content\/uploads\/2025\/09\/\u8be6\u60c5-51-100x100.jpg 100w\" sizes=\"(max-width: 1000px) 100vw, 1000px\" \/><\/td>\n<td style=\"width: 33.3333%;\"><img decoding=\"async\" class=\"alignnone size-full wp-image-3803\" src=\"https:\/\/www.cosmepak.com\/wp-content\/uploads\/2025\/09\/\u4e3b\u56fe-21.jpg\" alt=\"\" width=\"1000\" height=\"1000\" srcset=\"https:\/\/www.cosmepak.com\/wp-content\/uploads\/2025\/09\/\u4e3b\u56fe-21.jpg 1000w, https:\/\/www.cosmepak.com\/wp-content\/uploads\/2025\/09\/\u4e3b\u56fe-21-300x300.jpg 300w, https:\/\/www.cosmepak.com\/wp-content\/uploads\/2025\/09\/\u4e3b\u56fe-21-150x150.jpg 150w, https:\/\/www.cosmepak.com\/wp-content\/uploads\/2025\/09\/\u4e3b\u56fe-21-768x768.jpg 768w, https:\/\/www.cosmepak.com\/wp-content\/uploads\/2025\/09\/\u4e3b\u56fe-21-12x12.jpg 12w, https:\/\/www.cosmepak.com\/wp-content\/uploads\/2025\/09\/\u4e3b\u56fe-21-600x600.jpg 600w, https:\/\/www.cosmepak.com\/wp-content\/uploads\/2025\/09\/\u4e3b\u56fe-21-100x100.jpg 100w\" sizes=\"(max-width: 1000px) 100vw, 1000px\" \/><\/td>\n<td style=\"width: 33.3333%;\"><img loading=\"lazy\" decoding=\"async\" class=\"alignnone size-full wp-image-3804\" src=\"https:\/\/www.cosmepak.com\/wp-content\/uploads\/2025\/09\/\u4e3b\u56fe-31.jpg\" alt=\"\" width=\"1000\" height=\"1000\" srcset=\"https:\/\/www.cosmepak.com\/wp-content\/uploads\/2025\/09\/\u4e3b\u56fe-31.jpg 1000w, https:\/\/www.cosmepak.com\/wp-content\/uploads\/2025\/09\/\u4e3b\u56fe-31-300x300.jpg 300w, https:\/\/www.cosmepak.com\/wp-content\/uploads\/2025\/09\/\u4e3b\u56fe-31-150x150.jpg 150w, https:\/\/www.cosmepak.com\/wp-content\/uploads\/2025\/09\/\u4e3b\u56fe-31-768x768.jpg 768w, https:\/\/www.cosmepak.com\/wp-content\/uploads\/2025\/09\/\u4e3b\u56fe-31-12x12.jpg 12w, https:\/\/www.cosmepak.com\/wp-content\/uploads\/2025\/09\/\u4e3b\u56fe-31-600x600.jpg 600w, https:\/\/www.cosmepak.com\/wp-content\/uploads\/2025\/09\/\u4e3b\u56fe-31-100x100.jpg 100w\" sizes=\"(max-width: 1000px) 100vw, 1000px\" \/><\/td>\n<\/tr>\n<\/tbody>\n<\/table>\n<p>&nbsp;<\/p>","protected":false},"excerpt":{"rendered":"<p>Material: ABS\/AS<\/p>\n<p>Capacidad: 7ml<\/p>\n<p>Color: Aceptar personalizado (cualquier color Pantone disponible)<\/p>\n<p>Acabado de superficie: impresi\u00f3n de pantalla, estampado en caliente, gradiente de pulverizaci\u00f3n, acabado mate, etc.<\/p>\n<p>MOQ: 10000pcs<\/p>\n<p>Muestra: muestras gratuitas disponibles<\/p>\n<p>&nbsp;<\/p>\n<p>&nbsp;<\/p>","protected":false},"featured_media":3024,"comment_status":"closed","ping_status":"closed","template":"","meta":{"_acf_changed":false},"product_brand":[],"product_cat":[36],"product_tag":[40],"class_list":{"0":"post-3022","1":"product","2":"type-product","3":"status-publish","4":"has-post-thumbnail","6":"product_cat-makeup","7":"product_tag-essential-oil-bottle","9":"first","10":"instock","11":"shipping-taxable","12":"product-type-simple"},"acf":[],"_links":{"self":[{"href":"https:\/\/www.cosmepak.com\/es\/wp-json\/wp\/v2\/product\/3022","targetHints":{"allow":["GET"]}}],"collection":[{"href":"https:\/\/www.cosmepak.com\/es\/wp-json\/wp\/v2\/product"}],"about":[{"href":"https:\/\/www.cosmepak.com\/es\/wp-json\/wp\/v2\/types\/product"}],"replies":[{"embeddable":true,"href":"https:\/\/www.cosmepak.com\/es\/wp-json\/wp\/v2\/comments?post=3022"}],"wp:featuredmedia":[{"embeddable":true,"href":"https:\/\/www.cosmepak.com\/es\/wp-json\/wp\/v2\/media\/3024"}],"wp:attachment":[{"href":"https:\/\/www.cosmepak.com\/es\/wp-json\/wp\/v2\/media?parent=3022"}],"wp:term":[{"taxonomy":"product_brand","embeddable":true,"href":"https:\/\/www.cosmepak.com\/es\/wp-json\/wp\/v2\/product_brand?post=3022"},{"taxonomy":"product_cat","embeddable":true,"href":"https:\/\/www.cosmepak.com\/es\/wp-json\/wp\/v2\/product_cat?post=3022"},{"taxonomy":"product_tag","embeddable":true,"href":"https:\/\/www.cosmepak.com\/es\/wp-json\/wp\/v2\/product_tag?post=3022"}],"curies":[{"name":"WP","href":"https:\/\/api.w.org\/{rel}","templated":true}]}}