{"id":3598,"date":"2025-12-05T13:34:01","date_gmt":"2025-12-05T05:34:01","guid":{"rendered":"https:\/\/www.cosmepak.com\/?post_type=product&#038;p=3598"},"modified":"2025-12-05T13:34:01","modified_gmt":"2025-12-05T05:34:01","slug":"100ml-150ml-and-200ml-pet-foam-pump-bottle","status":"publish","type":"product","link":"https:\/\/www.cosmepak.com\/es\/product\/100ml-150ml-and-200ml-pet-foam-pump-bottle\/","title":{"rendered":"Botella de bomba de espuma de 100 ml de 150 ml y 200 ml de PET"},"content":{"rendered":"<table style=\"border-collapse: collapse; width: 100%; height: 168px;\">\n<tbody>\n<tr style=\"height: 24px;\">\n<td style=\"width: 33.3333%; height: 168px;\" rowspan=\"7\"><img fetchpriority=\"high\" decoding=\"async\" class=\"alignnone size-full wp-image-3599\" src=\"https:\/\/www.cosmepak.com\/wp-content\/uploads\/2025\/12\/\u4e3b\u56fe-6.jpg\" alt=\"\" width=\"800\" height=\"800\" srcset=\"https:\/\/www.cosmepak.com\/wp-content\/uploads\/2025\/12\/\u4e3b\u56fe-6.jpg 800w, https:\/\/www.cosmepak.com\/wp-content\/uploads\/2025\/12\/\u4e3b\u56fe-6-300x300.jpg 300w, https:\/\/www.cosmepak.com\/wp-content\/uploads\/2025\/12\/\u4e3b\u56fe-6-150x150.jpg 150w, https:\/\/www.cosmepak.com\/wp-content\/uploads\/2025\/12\/\u4e3b\u56fe-6-768x768.jpg 768w, https:\/\/www.cosmepak.com\/wp-content\/uploads\/2025\/12\/\u4e3b\u56fe-6-12x12.jpg 12w, https:\/\/www.cosmepak.com\/wp-content\/uploads\/2025\/12\/\u4e3b\u56fe-6-600x600.jpg 600w, https:\/\/www.cosmepak.com\/wp-content\/uploads\/2025\/12\/\u4e3b\u56fe-6-100x100.jpg 100w\" sizes=\"(max-width: 800px) 100vw, 800px\" \/><\/td>\n<td style=\"width: 13.6311%; height: 24px;\">Marca<\/td>\n<td style=\"width: 53.0355%; height: 24px;\">Jaunce<\/td>\n<\/tr>\n<tr style=\"height: 24px;\">\n<td style=\"width: 13.6311%; height: 24px;\">Modelo<\/td>\n<td style=\"width: 53.0355%; height: 24px;\">JH-LWSM09<\/td>\n<\/tr>\n<tr style=\"height: 24px;\">\n<td style=\"width: 13.6311%; height: 24px;\">Capcidad<\/td>\n<td style=\"width: 53.0355%; height: 24px;\">100ml \/ 150ml \/ 200ml<\/td>\n<\/tr>\n<tr style=\"height: 24px;\">\n<td style=\"width: 13.6311%; height: 24px;\">Peso<\/td>\n<td style=\"width: 53.0355%; height: 24px;\">54 g \/ 54,4 g \/ 62,8 g<\/td>\n<\/tr>\n<tr style=\"height: 24px;\">\n<td style=\"width: 13.6311%; height: 24px;\">Color<\/td>\n<td style=\"width: 53.0355%; height: 24px;\">personalizado<\/td>\n<\/tr>\n<tr style=\"height: 24px;\">\n<td style=\"width: 13.6311%; height: 24px;\">Material<\/td>\n<td style=\"width: 53.0355%; height: 24px;\">PET \/ PP<\/td>\n<\/tr>\n<tr style=\"height: 24px;\">\n<td style=\"width: 13.6311%; height: 24px;\">Salida l\u00edquida<\/td>\n<td style=\"width: 53.0355%; height: 24px;\">0.8ml\/t<\/td>\n<\/tr>\n<\/tbody>\n<\/table>\n<table style=\"border-collapse: collapse; width: 100%;\">\n<tbody>\n<tr>\n<td style=\"width: 16.6667%; text-align: center;\">Capacidad<\/td>\n<td style=\"width: 16.6667%; text-align: center;\">Altura total<\/td>\n<td style=\"width: 16.6667%; text-align: center;\">Altura de la botella<\/td>\n<td style=\"width: 16.6667%; text-align: center;\">Altura imprimible<\/td>\n<td style=\"width: 19.4745%; text-align: center;\">Circumferencia inferior<\/td>\n<td style=\"width: 13.8589%; text-align: center;\">Peso<\/td>\n<\/tr>\n<tr>\n<td style=\"width: 16.6667%; text-align: center;\">100 ml<\/td>\n<td style=\"width: 16.6667%; text-align: center;\">143mm<\/td>\n<td style=\"width: 16.6667%; text-align: center;\">102 mm<\/td>\n<td style=\"width: 16.6667%; text-align: center;\">72 mm<\/td>\n<td style=\"width: 19.4745%; text-align: center;\">150 mm<\/td>\n<td style=\"width: 13.8589%; text-align: center;\">54 gramos<\/td>\n<\/tr>\n<tr>\n<td style=\"width: 16.6667%; text-align: center;\">150 ml<\/td>\n<td style=\"width: 16.6667%; text-align: center;\">165mm<\/td>\n<td style=\"width: 16.6667%; text-align: center;\">123mm<\/td>\n<td style=\"width: 16.6667%; text-align: center;\">92 mm<\/td>\n<td style=\"width: 19.4745%; text-align: center;\">150 mm<\/td>\n<td style=\"width: 13.8589%; text-align: center;\">54.4g<\/td>\n<\/tr>\n<tr>\n<td style=\"width: 16.6667%; text-align: center;\">200 ml<\/td>\n<td style=\"width: 16.6667%; text-align: center;\">197mm<\/td>\n<td style=\"width: 16.6667%; text-align: center;\">155 mm<\/td>\n<td style=\"width: 16.6667%; text-align: center;\">127mm<\/td>\n<td style=\"width: 19.4745%; text-align: center;\">150 mm<\/td>\n<td style=\"width: 13.8589%; text-align: center;\">62.8g<\/td>\n<\/tr>\n<\/tbody>\n<\/table>\n<table style=\"border-collapse: collapse; width: 100%;\">\n<tbody>\n<tr>\n<td style=\"width: 16.0637%; text-align: center;\"><strong>Art\u00edculo\u00a0<\/strong><\/td>\n<td style=\"width: 18.3316%; text-align: center;\"><strong>Capacidad<\/strong><\/td>\n<td style=\"width: 21.9762%; text-align: center;\"><strong>Cantidad de paquete<\/strong><\/td>\n<td style=\"width: 22.6241%; text-align: center;\"><strong>Tama\u00f1o del cart\u00f3n<\/strong><\/td>\n<td style=\"width: 21.0044%; text-align: center;\"><strong>GW<\/strong><\/td>\n<\/tr>\n<tr>\n<td style=\"width: 16.0637%; text-align: center;\" rowspan=\"3\">Botella<\/td>\n<td style=\"width: 18.3316%; text-align: center;\">100 ml<\/td>\n<td style=\"width: 21.9762%; text-align: center;\">650pcs<\/td>\n<td style=\"width: 22.6241%; text-align: center;\">60 * 44 * 59 cm<\/td>\n<td style=\"width: 21.0044%; text-align: center;\">16.5kg<\/td>\n<\/tr>\n<tr>\n<td style=\"width: 18.3316%; text-align: center;\">150 ml<\/td>\n<td style=\"width: 21.9762%; text-align: center;\">550 piezas<\/td>\n<td style=\"width: 22.6241%; text-align: center;\">60 * 44 * 59 cm<\/td>\n<td style=\"width: 21.0044%; text-align: center;\">R: Las botellas de Sometrie son recargables y utilizan materiales reciclables como pl\u00e1stico PP. Estos son \u062c\u0631\u0627\u0645reat para las marcas que quieren ser ecol\u00f3gicos sin p\u00e9rdida de calidad.<\/td>\n<\/tr>\n<tr>\n<td style=\"width: 18.3316%; text-align: center;\">200 ml<\/td>\n<td style=\"width: 21.9762%; text-align: center;\">420 piezas<\/td>\n<td style=\"width: 22.6241%; text-align: center;\">60 * 44 * 59 cm<\/td>\n<td style=\"width: 21.0044%; text-align: center;\">14.5kg<\/td>\n<\/tr>\n<tr>\n<td style=\"width: 16.0637%; text-align: center;\">Bomba<\/td>\n<td style=\"width: 18.3316%; text-align: center;\">\/<\/td>\n<td style=\"width: 21.9762%; text-align: center;\">250 piezas<\/td>\n<td style=\"width: 22.6241%; text-align: center;\">45 * 35 * 30cm<\/td>\n<td style=\"width: 21.0044%; text-align: center;\">8.5kg<\/td>\n<\/tr>\n<\/tbody>\n<\/table>\n<p>La botella de espuma JH-LWSM09 es un recipiente de relleno pr\u00e1ctico adecuado para escenarios como el cuidado personal y la belleza. Con opciones flexibles, materiales seguros y caracter\u00edsticas personalizables, es una excelente opci\u00f3n para la separaci\u00f3n de l\u00edquidos. Con sus opciones flexibles, materiales seguros y caracter\u00edsticas personalizables, se ha convertido en una excelente opci\u00f3n para el relleno de l\u00edquidos.<\/p>\n<p>Soportamos con tres tama\u00f1os: 100ML, 150ML y 200ML. La altura total oscila entre 143 y 197 mm. El \u00e1rea de la botella que se puede imprimir alcanza de 72 a 127 mm.<\/p>\n<p>El cuerpo de la botella est\u00e1 hecho de materiales PET PP (sin olor, m\u00e1s tranquilizador), con una salida l\u00edquida estable de 0,8 ml por vez. La espuma es fina y distribuida uniformemente, evitando residuos l\u00edquidos. Soporta varios estilos como transparente, blanco puro y colorido, y se combina con un dise\u00f1o simple de cabeza de espuma, equilibrando la practicidad y la textura visual &#8211; ya sea&#8217; s para los requisitos minimalistas de dosificaci\u00f3n diaria o envasado con logotipos de marca, se puede adaptar f\u00e1cilmente.<\/p>\n<p>Esta botella tambi\u00e9n acepta serigraf\u00eda personalizada, personalizaci\u00f3n de color, chorro de arena, impresi\u00f3n de transferencia de calor y otros procesos, lo que permite la creaci\u00f3n de apariencias \u00fanicas.<\/p>\n<p>Es adecuado para el envasado de productos l\u00edquidos como desinfectante de manos, gel de limpieza facial y espuma para el cuidado del cabello, que cubre varios escenarios, incluyendo uso en el hogar, estudios de belleza y envasado de marca.<\/p>\n<p><img decoding=\"async\" class=\"wp-image-3616 aligncenter\" src=\"https:\/\/www.cosmepak.com\/wp-content\/uploads\/2025\/12\/\u8be6\u60c5-4-1.jpg\" alt=\"\" width=\"1399\" height=\"1399\" srcset=\"https:\/\/www.cosmepak.com\/wp-content\/uploads\/2025\/12\/\u8be6\u60c5-4-1.jpg 1000w, https:\/\/www.cosmepak.com\/wp-content\/uploads\/2025\/12\/\u8be6\u60c5-4-1-300x300.jpg 300w, https:\/\/www.cosmepak.com\/wp-content\/uploads\/2025\/12\/\u8be6\u60c5-4-1-150x150.jpg 150w, https:\/\/www.cosmepak.com\/wp-content\/uploads\/2025\/12\/\u8be6\u60c5-4-1-768x768.jpg 768w, https:\/\/www.cosmepak.com\/wp-content\/uploads\/2025\/12\/\u8be6\u60c5-4-1-12x12.jpg 12w, https:\/\/www.cosmepak.com\/wp-content\/uploads\/2025\/12\/\u8be6\u60c5-4-1-600x600.jpg 600w, https:\/\/www.cosmepak.com\/wp-content\/uploads\/2025\/12\/\u8be6\u60c5-4-1-100x100.jpg 100w\" sizes=\"(max-width: 1399px) 100vw, 1399px\" \/><\/p>\n<table style=\"border-collapse: collapse; width: 100%;\">\n<tbody>\n<tr>\n<td style=\"width: 33.3333%;\"><img decoding=\"async\" class=\"alignnone size-full wp-image-3617\" src=\"https:\/\/www.cosmepak.com\/wp-content\/uploads\/2025\/12\/\u8be6\u60c5-51.jpg\" alt=\"\" width=\"1000\" height=\"1000\" srcset=\"https:\/\/www.cosmepak.com\/wp-content\/uploads\/2025\/12\/\u8be6\u60c5-51.jpg 1000w, https:\/\/www.cosmepak.com\/wp-content\/uploads\/2025\/12\/\u8be6\u60c5-51-300x300.jpg 300w, https:\/\/www.cosmepak.com\/wp-content\/uploads\/2025\/12\/\u8be6\u60c5-51-150x150.jpg 150w, https:\/\/www.cosmepak.com\/wp-content\/uploads\/2025\/12\/\u8be6\u60c5-51-768x768.jpg 768w, https:\/\/www.cosmepak.com\/wp-content\/uploads\/2025\/12\/\u8be6\u60c5-51-12x12.jpg 12w, https:\/\/www.cosmepak.com\/wp-content\/uploads\/2025\/12\/\u8be6\u60c5-51-600x600.jpg 600w, https:\/\/www.cosmepak.com\/wp-content\/uploads\/2025\/12\/\u8be6\u60c5-51-100x100.jpg 100w\" sizes=\"(max-width: 1000px) 100vw, 1000px\" \/><\/td>\n<td style=\"width: 33.3333%;\"><img loading=\"lazy\" decoding=\"async\" class=\"alignnone size-full wp-image-3618\" src=\"https:\/\/www.cosmepak.com\/wp-content\/uploads\/2025\/12\/\u8be6\u60c5-71.jpg\" alt=\"\" width=\"1000\" height=\"1000\" srcset=\"https:\/\/www.cosmepak.com\/wp-content\/uploads\/2025\/12\/\u8be6\u60c5-71.jpg 1000w, https:\/\/www.cosmepak.com\/wp-content\/uploads\/2025\/12\/\u8be6\u60c5-71-300x300.jpg 300w, https:\/\/www.cosmepak.com\/wp-content\/uploads\/2025\/12\/\u8be6\u60c5-71-150x150.jpg 150w, https:\/\/www.cosmepak.com\/wp-content\/uploads\/2025\/12\/\u8be6\u60c5-71-768x768.jpg 768w, https:\/\/www.cosmepak.com\/wp-content\/uploads\/2025\/12\/\u8be6\u60c5-71-12x12.jpg 12w, https:\/\/www.cosmepak.com\/wp-content\/uploads\/2025\/12\/\u8be6\u60c5-71-600x600.jpg 600w, https:\/\/www.cosmepak.com\/wp-content\/uploads\/2025\/12\/\u8be6\u60c5-71-100x100.jpg 100w\" sizes=\"(max-width: 1000px) 100vw, 1000px\" \/><\/td>\n<td style=\"width: 33.3333%;\"><img loading=\"lazy\" decoding=\"async\" class=\"alignnone size-full wp-image-3619\" src=\"https:\/\/www.cosmepak.com\/wp-content\/uploads\/2025\/12\/\u8be6\u60c5-61.jpg\" alt=\"\" width=\"1000\" height=\"1000\" srcset=\"https:\/\/www.cosmepak.com\/wp-content\/uploads\/2025\/12\/\u8be6\u60c5-61.jpg 1000w, https:\/\/www.cosmepak.com\/wp-content\/uploads\/2025\/12\/\u8be6\u60c5-61-300x300.jpg 300w, https:\/\/www.cosmepak.com\/wp-content\/uploads\/2025\/12\/\u8be6\u60c5-61-150x150.jpg 150w, https:\/\/www.cosmepak.com\/wp-content\/uploads\/2025\/12\/\u8be6\u60c5-61-768x768.jpg 768w, https:\/\/www.cosmepak.com\/wp-content\/uploads\/2025\/12\/\u8be6\u60c5-61-12x12.jpg 12w, https:\/\/www.cosmepak.com\/wp-content\/uploads\/2025\/12\/\u8be6\u60c5-61-600x600.jpg 600w, https:\/\/www.cosmepak.com\/wp-content\/uploads\/2025\/12\/\u8be6\u60c5-61-100x100.jpg 100w\" sizes=\"(max-width: 1000px) 100vw, 1000px\" \/><\/td>\n<\/tr>\n<\/tbody>\n<\/table>\n<table style=\"border-collapse: collapse; width: 100%;\">\n<tbody>\n<tr>\n<td style=\"width: 50%;\"><img loading=\"lazy\" decoding=\"async\" class=\"alignnone size-full wp-image-3620\" src=\"https:\/\/www.cosmepak.com\/wp-content\/uploads\/2025\/12\/\u8be6\u60c5-91-1.jpg\" alt=\"\" width=\"1000\" height=\"1000\" srcset=\"https:\/\/www.cosmepak.com\/wp-content\/uploads\/2025\/12\/\u8be6\u60c5-91-1.jpg 1000w, https:\/\/www.cosmepak.com\/wp-content\/uploads\/2025\/12\/\u8be6\u60c5-91-1-300x300.jpg 300w, https:\/\/www.cosmepak.com\/wp-content\/uploads\/2025\/12\/\u8be6\u60c5-91-1-150x150.jpg 150w, https:\/\/www.cosmepak.com\/wp-content\/uploads\/2025\/12\/\u8be6\u60c5-91-1-768x768.jpg 768w, https:\/\/www.cosmepak.com\/wp-content\/uploads\/2025\/12\/\u8be6\u60c5-91-1-12x12.jpg 12w, https:\/\/www.cosmepak.com\/wp-content\/uploads\/2025\/12\/\u8be6\u60c5-91-1-600x600.jpg 600w, https:\/\/www.cosmepak.com\/wp-content\/uploads\/2025\/12\/\u8be6\u60c5-91-1-100x100.jpg 100w\" sizes=\"(max-width: 1000px) 100vw, 1000px\" \/><\/td>\n<td style=\"width: 50%;\"><img loading=\"lazy\" decoding=\"async\" class=\"alignnone size-full wp-image-3621\" src=\"https:\/\/www.cosmepak.com\/wp-content\/uploads\/2025\/12\/\u4e3b\u56fe-41-1.jpg\" alt=\"\" width=\"1000\" height=\"1000\" srcset=\"https:\/\/www.cosmepak.com\/wp-content\/uploads\/2025\/12\/\u4e3b\u56fe-41-1.jpg 1000w, https:\/\/www.cosmepak.com\/wp-content\/uploads\/2025\/12\/\u4e3b\u56fe-41-1-300x300.jpg 300w, https:\/\/www.cosmepak.com\/wp-content\/uploads\/2025\/12\/\u4e3b\u56fe-41-1-150x150.jpg 150w, https:\/\/www.cosmepak.com\/wp-content\/uploads\/2025\/12\/\u4e3b\u56fe-41-1-768x768.jpg 768w, https:\/\/www.cosmepak.com\/wp-content\/uploads\/2025\/12\/\u4e3b\u56fe-41-1-12x12.jpg 12w, https:\/\/www.cosmepak.com\/wp-content\/uploads\/2025\/12\/\u4e3b\u56fe-41-1-600x600.jpg 600w, https:\/\/www.cosmepak.com\/wp-content\/uploads\/2025\/12\/\u4e3b\u56fe-41-1-100x100.jpg 100w\" sizes=\"(max-width: 1000px) 100vw, 1000px\" \/><\/td>\n<\/tr>\n<\/tbody>\n<\/table>","protected":false},"excerpt":{"rendered":"<p>Material de botella: PE<\/p>\n<p>Material de la tapa: PP<\/p>\n<p>Capacidad: 350 ml<\/p>\n<p>Cape: bomba de espuma<\/p>\n<p>Color: Personalizado (cualquier color Pantone avaliable)<\/p>\n<p>Acabado de superficie: impresi\u00f3n de pantalla, glaseado, estampado en caliente, gradiente de pulverizaci\u00f3n, acabado mate, etc.<\/p>\n<p>MOQ: 5000pcs;<\/p>\n<p>&nbsp;<\/p>","protected":false},"featured_media":3621,"comment_status":"closed","ping_status":"closed","template":"","meta":{"_acf_changed":false},"product_brand":[],"product_cat":[50,18],"product_tag":[41],"class_list":{"0":"post-3598","1":"product","2":"type-product","3":"status-publish","4":"has-post-thumbnail","6":"product_cat-foam-bottle","7":"product_cat-plastic-bottle","8":"product_tag-plastic-bottle","10":"first","11":"instock","12":"shipping-taxable","13":"product-type-simple"},"acf":[],"_links":{"self":[{"href":"https:\/\/www.cosmepak.com\/es\/wp-json\/wp\/v2\/product\/3598","targetHints":{"allow":["GET"]}}],"collection":[{"href":"https:\/\/www.cosmepak.com\/es\/wp-json\/wp\/v2\/product"}],"about":[{"href":"https:\/\/www.cosmepak.com\/es\/wp-json\/wp\/v2\/types\/product"}],"replies":[{"embeddable":true,"href":"https:\/\/www.cosmepak.com\/es\/wp-json\/wp\/v2\/comments?post=3598"}],"wp:featuredmedia":[{"embeddable":true,"href":"https:\/\/www.cosmepak.com\/es\/wp-json\/wp\/v2\/media\/3621"}],"wp:attachment":[{"href":"https:\/\/www.cosmepak.com\/es\/wp-json\/wp\/v2\/media?parent=3598"}],"wp:term":[{"taxonomy":"product_brand","embeddable":true,"href":"https:\/\/www.cosmepak.com\/es\/wp-json\/wp\/v2\/product_brand?post=3598"},{"taxonomy":"product_cat","embeddable":true,"href":"https:\/\/www.cosmepak.com\/es\/wp-json\/wp\/v2\/product_cat?post=3598"},{"taxonomy":"product_tag","embeddable":true,"href":"https:\/\/www.cosmepak.com\/es\/wp-json\/wp\/v2\/product_tag?post=3598"}],"curies":[{"name":"WP","href":"https:\/\/api.w.org\/{rel}","templated":true}]}}