{"id":3626,"date":"2025-12-05T13:37:56","date_gmt":"2025-12-05T05:37:56","guid":{"rendered":"https:\/\/www.cosmepak.com\/?post_type=product&#038;p=3626"},"modified":"2026-04-22T14:45:09","modified_gmt":"2026-04-22T06:45:09","slug":"30ml-60ml-petg-mu-si-bubble-bottle-with-foam-pump-for-skin-care-packaging","status":"publish","type":"product","link":"https:\/\/www.cosmepak.com\/es\/product\/30ml-60ml-petg-mu-si-bubble-bottle-with-foam-pump-for-skin-care-packaging\/","title":{"rendered":"30ml 60ml PETG Mu Si Botella de burbujas con bomba de espuma para el cuidado de la piel Embalaje"},"content":{"rendered":"<table style=\"border-collapse: collapse; width: 100%; height: 168px;\">\n<tbody>\n<tr style=\"height: 24px;\">\n<td style=\"width: 33.3333%; height: 168px;\" rowspan=\"7\"><img fetchpriority=\"high\" decoding=\"async\" class=\"alignnone size-full wp-image-3627\" src=\"https:\/\/www.cosmepak.com\/wp-content\/uploads\/2025\/12\/71.jpg\" alt=\"\" width=\"1000\" height=\"1000\" srcset=\"https:\/\/www.cosmepak.com\/wp-content\/uploads\/2025\/12\/71.jpg 1000w, https:\/\/www.cosmepak.com\/wp-content\/uploads\/2025\/12\/71-300x300.jpg 300w, https:\/\/www.cosmepak.com\/wp-content\/uploads\/2025\/12\/71-150x150.jpg 150w, https:\/\/www.cosmepak.com\/wp-content\/uploads\/2025\/12\/71-768x768.jpg 768w, https:\/\/www.cosmepak.com\/wp-content\/uploads\/2025\/12\/71-12x12.jpg 12w, https:\/\/www.cosmepak.com\/wp-content\/uploads\/2025\/12\/71-600x600.jpg 600w, https:\/\/www.cosmepak.com\/wp-content\/uploads\/2025\/12\/71-100x100.jpg 100w\" sizes=\"(max-width: 1000px) 100vw, 1000px\" \/><\/td>\n<td style=\"width: 30.5857%; height: 24px; text-align: center;\">Marca<\/td>\n<td style=\"width: 36.0809%; height: 24px; text-align: center;\">Jaunce<\/td>\n<\/tr>\n<tr style=\"height: 24px;\">\n<td style=\"width: 30.5857%; height: 24px; text-align: center;\">Modelo<\/td>\n<td style=\"width: 36.0809%; height: 24px; text-align: center;\">JH-LWMJ05<\/td>\n<\/tr>\n<tr style=\"height: 24px;\">\n<td style=\"width: 30.5857%; height: 24px; text-align: center;\">Capcidad<\/td>\n<td style=\"width: 36.0809%; height: 24px; text-align: center;\">30ml \/ 60ml<\/td>\n<\/tr>\n<tr style=\"height: 24px;\">\n<td style=\"width: 30.5857%; height: 24px; text-align: center;\">Peso<\/td>\n<td style=\"width: 36.0809%; height: 24px; text-align: center;\">26.1g\/29.9g<\/td>\n<\/tr>\n<tr style=\"height: 24px;\">\n<td style=\"width: 30.5857%; height: 24px; text-align: center;\">Color<\/td>\n<td style=\"width: 36.0809%; height: 24px; text-align: center;\">personalizado<\/td>\n<\/tr>\n<tr style=\"height: 24px;\">\n<td style=\"width: 30.5857%; height: 24px; text-align: center;\">Material<\/td>\n<td style=\"width: 36.0809%; height: 24px; text-align: center;\">PETG \/ PP<\/td>\n<\/tr>\n<tr style=\"height: 24px;\">\n<td style=\"width: 30.5857%; height: 24px; text-align: center;\">Salida l\u00edquida<\/td>\n<td style=\"width: 36.0809%; height: 24px; text-align: center;\">0.8ml\/t<\/td>\n<\/tr>\n<\/tbody>\n<\/table>\n<table style=\"border-collapse: collapse; width: 100%;\">\n<tbody>\n<tr>\n<td style=\"width: 16.6667%; text-align: center;\"><strong>Capacidad<\/strong><\/td>\n<td style=\"width: 16.6667%; text-align: center;\"><strong>Altura total<\/strong><\/td>\n<td style=\"width: 16.6667%; text-align: center;\"><strong>Altura de la botella<\/strong><\/td>\n<td style=\"width: 16.6667%; text-align: center;\"><strong>Altura imprimible<\/strong><\/td>\n<td style=\"width: 19.4745%; text-align: center;\"><strong>Di\u00e1metro inferior<\/strong><\/td>\n<td style=\"width: 13.8589%; text-align: center;\"><strong>Peso<\/strong><\/td>\n<\/tr>\n<tr>\n<td style=\"width: 16.6667%; text-align: center;\">30 ml<\/td>\n<td style=\"width: 16.6667%; text-align: center;\">99.7mm<\/td>\n<td style=\"width: 16.6667%; text-align: center;\">59.1mm<\/td>\n<td style=\"width: 16.6667%; text-align: center;\">36.5mm<\/td>\n<td style=\"width: 19.4745%; text-align: center;\">35 mm<\/td>\n<td style=\"width: 13.8589%; text-align: center;\">26.1g<\/td>\n<\/tr>\n<tr>\n<td style=\"width: 16.6667%; text-align: center;\">60 ml<\/td>\n<td style=\"width: 16.6667%; text-align: center;\">130 mm<\/td>\n<td style=\"width: 16.6667%; text-align: center;\">90.2mm<\/td>\n<td style=\"width: 16.6667%; text-align: center;\">65.5mm<\/td>\n<td style=\"width: 19.4745%; text-align: center;\">35 mm<\/td>\n<td style=\"width: 13.8589%; text-align: center;\">29.9g<\/td>\n<\/tr>\n<\/tbody>\n<\/table>\n<table style=\"border-collapse: collapse; width: 100%;\">\n<tbody>\n<tr>\n<td style=\"width: 16.0637%; text-align: center;\"><strong>Art\u00edculo\u00a0<\/strong><\/td>\n<td style=\"width: 18.3316%; text-align: center;\"><strong>Capacidad<\/strong><\/td>\n<td style=\"width: 21.9762%; text-align: center;\"><strong>Cantidad de paquete<\/strong><\/td>\n<td style=\"width: 22.6241%; text-align: center;\"><strong>Tama\u00f1o del cart\u00f3n<\/strong><\/td>\n<td style=\"width: 21.0044%; text-align: center;\"><strong>GW<\/strong><\/td>\n<\/tr>\n<tr>\n<td style=\"width: 16.0637%; text-align: center;\" rowspan=\"2\">Botella<\/td>\n<td style=\"width: 18.3316%; text-align: center;\">30 ml<\/td>\n<td style=\"width: 21.9762%; text-align: center;\">1050pcs<\/td>\n<td style=\"width: 22.6241%; text-align: center;\">56 * 35 * 43 cm<\/td>\n<td style=\"width: 21.0044%; text-align: center;\">28.5kg<\/td>\n<\/tr>\n<tr>\n<td style=\"width: 18.3316%; text-align: center;\">60 ml<\/td>\n<td style=\"width: 21.9762%; text-align: center;\">654 piezas<\/td>\n<td style=\"width: 22.6241%; text-align: center;\">56 * 35 * 43 cm<\/td>\n<td style=\"width: 21.0044%; text-align: center;\">20.9kg<\/td>\n<\/tr>\n<\/tbody>\n<\/table>\n<p>Botella de bomba de espuma JH-LWMJ05, adecuada para varios productos de belleza y cuidado de la piel. La capacidad se puede seleccionar seg\u00fan el escenario de uso. apoyamos la capacidad de 30ml y 60ml para que nuestro cliente elija.<\/p>\n<div class=\"auto-hide-last-sibling-br paragraph-pP9ZLC paragraph-element br-paragraph-space\">Ofrecemos una variedad de opciones de personalizaci\u00f3n que nos permiten integrar perfectamente esta botella de bomba de espuma con su logotipo de marca, combinando practicidad con atractivo est\u00e9tico. Este dise\u00f1o adopta una estructura dividida: cabeza de bomba de espuma de cubierta protectora boca de botella roscada cuerpo de botella PETG. El montaje es conveniente y el rendimiento de sellado es excelente.<\/div>\n<div><\/div>\n<div>The foam pump has fine bubbles with excellent bubble effect. Compared to the traditional manual wire mesh bubble generator, it has faster bubble formation and the bubbles have a thick texture, which can save time.<\/div>\n<div><\/div>\n<div>This bubble bottle is usually used for packaging facial cleanser mousse and hand sanitizer.<\/div>\n<h3 class=\"header-iWP5WJ auto-hide-last-sibling-br\"><span style=\"font-size: 12pt;\">Opci\u00f3n est\u00e1ndar: botella transparente bomba blanca<\/span><\/h3>\n<div class=\"auto-hide-last-sibling-br paragraph-pP9ZLC paragraph-element br-paragraph-space\">El cuerpo de la botella es transparente de color claro, el color transparente puede mostrar f\u00e1cilmente monitorear los niveles del producto de un vistazo, pr\u00e1ctico para el uso diario. viene con una elegante bomba de espuma blanca, este dise\u00f1o encarna la elegancia minimalista, complementando una amplia gama de formulaciones para el cuidado de la piel y cosm\u00e9ticos.<\/div>\n<h3 class=\"header-iWP5WJ auto-hide-last-sibling-br\"><span style=\"font-size: 12pt;\">Colores de moldeo por inyecci\u00f3n: color personalizado aceptable<\/span><\/h3>\n<div class=\"auto-hide-last-sibling-br paragraph-pP9ZLC paragraph-element br-paragraph-space\">Aplicando colores personalizados de moldeo por inyecci\u00f3n a las botellas, podemos mejorar el reconocimiento de la marca. Podemos seleccionar el color apropiado en funci\u00f3n de su marca&#8217; caracter\u00edsticas y emparejarlo con una cabeza de bomba a la vez, creando as\u00ed una apariencia unificada y fortaleciendo la identidad de la marca.<\/div>\n<h3 class=\"header-iWP5WJ auto-hide-last-sibling-br\"><span style=\"font-size: 12pt;\">Cuello: <\/span><span style=\"font-size: 12pt;\">Acabado met\u00e1lico <\/span><\/h3>\n<div class=\"auto-hide-last-sibling-br paragraph-pP9ZLC paragraph-element br-paragraph-space\">El cuello est\u00e1 disponible en oro, plata, oro rosa u otros tonos met\u00e1licos, lo que mejora la sensaci\u00f3n de alta calidad de la botella y lo hace ideal para l\u00edneas de cuidado de la piel, el cabello o el cuidado personal premium.<\/div>\n<div class=\"auto-hide-last-sibling-br paragraph-pP9ZLC paragraph-element br-paragraph-space\">Cada personalizaci\u00f3n est\u00e1 dise\u00f1ada para mantener la funcionalidad de la botella, garantizando una distribuci\u00f3n suave de espuma, un rendimiento a prueba de fugas y compatibilidad con varias formulaciones, mientras se alinea con la est\u00e9tica \u00fanica de su marca.<\/div>\n<p>Soporta t\u00e9cnicas de impresi\u00f3n como serigraf\u00eda, chorro de arena e impresi\u00f3n por transferencia de calor. La personalizaci\u00f3n de logotipos de marca e informaci\u00f3n del producto est\u00e1 disponible, ayudando a crear empaques exclusivos.<\/p>\n<p><img decoding=\"async\" class=\"wp-image-3628 aligncenter\" src=\"https:\/\/www.cosmepak.com\/wp-content\/uploads\/2025\/12\/\u8be6\u60c5-6-1.jpg\" alt=\"\" width=\"1368\" height=\"1368\" srcset=\"https:\/\/www.cosmepak.com\/wp-content\/uploads\/2025\/12\/\u8be6\u60c5-6-1.jpg 1000w, https:\/\/www.cosmepak.com\/wp-content\/uploads\/2025\/12\/\u8be6\u60c5-6-1-300x300.jpg 300w, https:\/\/www.cosmepak.com\/wp-content\/uploads\/2025\/12\/\u8be6\u60c5-6-1-150x150.jpg 150w, https:\/\/www.cosmepak.com\/wp-content\/uploads\/2025\/12\/\u8be6\u60c5-6-1-768x768.jpg 768w, https:\/\/www.cosmepak.com\/wp-content\/uploads\/2025\/12\/\u8be6\u60c5-6-1-12x12.jpg 12w, https:\/\/www.cosmepak.com\/wp-content\/uploads\/2025\/12\/\u8be6\u60c5-6-1-600x600.jpg 600w, https:\/\/www.cosmepak.com\/wp-content\/uploads\/2025\/12\/\u8be6\u60c5-6-1-100x100.jpg 100w\" sizes=\"(max-width: 1368px) 100vw, 1368px\" \/><\/p>\n<table style=\"border-collapse: collapse; width: 100%;\">\n<tbody>\n<tr>\n<td style=\"width: 33.3333%;\"><img decoding=\"async\" class=\"alignnone size-full wp-image-3630\" src=\"https:\/\/www.cosmepak.com\/wp-content\/uploads\/2025\/12\/61-1.jpg\" alt=\"\" width=\"1000\" height=\"1000\" srcset=\"https:\/\/www.cosmepak.com\/wp-content\/uploads\/2025\/12\/61-1.jpg 1000w, https:\/\/www.cosmepak.com\/wp-content\/uploads\/2025\/12\/61-1-300x300.jpg 300w, https:\/\/www.cosmepak.com\/wp-content\/uploads\/2025\/12\/61-1-150x150.jpg 150w, https:\/\/www.cosmepak.com\/wp-content\/uploads\/2025\/12\/61-1-768x768.jpg 768w, https:\/\/www.cosmepak.com\/wp-content\/uploads\/2025\/12\/61-1-12x12.jpg 12w, https:\/\/www.cosmepak.com\/wp-content\/uploads\/2025\/12\/61-1-600x600.jpg 600w, https:\/\/www.cosmepak.com\/wp-content\/uploads\/2025\/12\/61-1-100x100.jpg 100w\" sizes=\"(max-width: 1000px) 100vw, 1000px\" \/><\/td>\n<td style=\"width: 33.3333%;\"><img loading=\"lazy\" decoding=\"async\" class=\"alignnone size-full wp-image-3631\" src=\"https:\/\/www.cosmepak.com\/wp-content\/uploads\/2025\/12\/51-1.jpg\" alt=\"\" width=\"1000\" height=\"1000\" srcset=\"https:\/\/www.cosmepak.com\/wp-content\/uploads\/2025\/12\/51-1.jpg 1000w, https:\/\/www.cosmepak.com\/wp-content\/uploads\/2025\/12\/51-1-300x300.jpg 300w, https:\/\/www.cosmepak.com\/wp-content\/uploads\/2025\/12\/51-1-150x150.jpg 150w, https:\/\/www.cosmepak.com\/wp-content\/uploads\/2025\/12\/51-1-768x768.jpg 768w, https:\/\/www.cosmepak.com\/wp-content\/uploads\/2025\/12\/51-1-12x12.jpg 12w, https:\/\/www.cosmepak.com\/wp-content\/uploads\/2025\/12\/51-1-600x600.jpg 600w, https:\/\/www.cosmepak.com\/wp-content\/uploads\/2025\/12\/51-1-100x100.jpg 100w\" sizes=\"(max-width: 1000px) 100vw, 1000px\" \/><\/td>\n<td style=\"width: 33.3333%;\"><img loading=\"lazy\" decoding=\"async\" class=\"alignnone size-full wp-image-3632\" src=\"https:\/\/www.cosmepak.com\/wp-content\/uploads\/2025\/12\/\u8be6\u60c5-101-1.jpg\" alt=\"\" width=\"1000\" height=\"1000\" srcset=\"https:\/\/www.cosmepak.com\/wp-content\/uploads\/2025\/12\/\u8be6\u60c5-101-1.jpg 1000w, https:\/\/www.cosmepak.com\/wp-content\/uploads\/2025\/12\/\u8be6\u60c5-101-1-300x300.jpg 300w, https:\/\/www.cosmepak.com\/wp-content\/uploads\/2025\/12\/\u8be6\u60c5-101-1-150x150.jpg 150w, https:\/\/www.cosmepak.com\/wp-content\/uploads\/2025\/12\/\u8be6\u60c5-101-1-768x768.jpg 768w, https:\/\/www.cosmepak.com\/wp-content\/uploads\/2025\/12\/\u8be6\u60c5-101-1-12x12.jpg 12w, https:\/\/www.cosmepak.com\/wp-content\/uploads\/2025\/12\/\u8be6\u60c5-101-1-600x600.jpg 600w, https:\/\/www.cosmepak.com\/wp-content\/uploads\/2025\/12\/\u8be6\u60c5-101-1-100x100.jpg 100w\" sizes=\"(max-width: 1000px) 100vw, 1000px\" \/><\/td>\n<\/tr>\n<\/tbody>\n<\/table>\n<table style=\"border-collapse: collapse; width: 100%;\">\n<tbody>\n<tr>\n<td style=\"width: 50%;\"><img loading=\"lazy\" decoding=\"async\" class=\"alignnone size-full wp-image-3633\" src=\"https:\/\/www.cosmepak.com\/wp-content\/uploads\/2025\/12\/21-1.jpg\" alt=\"\" width=\"1000\" height=\"1000\" srcset=\"https:\/\/www.cosmepak.com\/wp-content\/uploads\/2025\/12\/21-1.jpg 1000w, https:\/\/www.cosmepak.com\/wp-content\/uploads\/2025\/12\/21-1-300x300.jpg 300w, https:\/\/www.cosmepak.com\/wp-content\/uploads\/2025\/12\/21-1-150x150.jpg 150w, https:\/\/www.cosmepak.com\/wp-content\/uploads\/2025\/12\/21-1-768x768.jpg 768w, https:\/\/www.cosmepak.com\/wp-content\/uploads\/2025\/12\/21-1-12x12.jpg 12w, https:\/\/www.cosmepak.com\/wp-content\/uploads\/2025\/12\/21-1-600x600.jpg 600w, https:\/\/www.cosmepak.com\/wp-content\/uploads\/2025\/12\/21-1-100x100.jpg 100w\" sizes=\"(max-width: 1000px) 100vw, 1000px\" \/><\/td>\n<td style=\"width: 50%;\"><img loading=\"lazy\" decoding=\"async\" class=\"alignnone size-full wp-image-3634\" src=\"https:\/\/www.cosmepak.com\/wp-content\/uploads\/2025\/12\/31-1.jpg\" alt=\"\" width=\"1000\" height=\"1000\" srcset=\"https:\/\/www.cosmepak.com\/wp-content\/uploads\/2025\/12\/31-1.jpg 1000w, https:\/\/www.cosmepak.com\/wp-content\/uploads\/2025\/12\/31-1-300x300.jpg 300w, https:\/\/www.cosmepak.com\/wp-content\/uploads\/2025\/12\/31-1-150x150.jpg 150w, https:\/\/www.cosmepak.com\/wp-content\/uploads\/2025\/12\/31-1-768x768.jpg 768w, https:\/\/www.cosmepak.com\/wp-content\/uploads\/2025\/12\/31-1-12x12.jpg 12w, https:\/\/www.cosmepak.com\/wp-content\/uploads\/2025\/12\/31-1-600x600.jpg 600w, https:\/\/www.cosmepak.com\/wp-content\/uploads\/2025\/12\/31-1-100x100.jpg 100w\" sizes=\"(max-width: 1000px) 100vw, 1000px\" \/><\/td>\n<\/tr>\n<\/tbody>\n<\/table>","protected":false},"excerpt":{"rendered":"<p>Material de botella: PE<\/p>\n<p>Material de la tapa: PP<\/p>\n<p>Capacidad: 350 ml<\/p>\n<p>Cape: bomba de espuma<\/p>\n<p>Color: Personalizado (cualquier color Pantone avaliable)<\/p>\n<p>Acabado de superficie: impresi\u00f3n de pantalla, glaseado, estampado en caliente, gradiente de pulverizaci\u00f3n, acabado mate, etc.<\/p>\n<p>MOQ: 5000pcs;<\/p>\n<p>&nbsp;<\/p>","protected":false},"featured_media":3633,"comment_status":"closed","ping_status":"closed","template":"","meta":{"_acf_changed":false},"product_brand":[],"product_cat":[50,18],"product_tag":[41],"class_list":{"0":"post-3626","1":"product","2":"type-product","3":"status-publish","4":"has-post-thumbnail","6":"product_cat-foam-bottle","7":"product_cat-plastic-bottle","8":"product_tag-plastic-bottle","10":"first","11":"instock","12":"shipping-taxable","13":"product-type-simple"},"acf":[],"_links":{"self":[{"href":"https:\/\/www.cosmepak.com\/es\/wp-json\/wp\/v2\/product\/3626","targetHints":{"allow":["GET"]}}],"collection":[{"href":"https:\/\/www.cosmepak.com\/es\/wp-json\/wp\/v2\/product"}],"about":[{"href":"https:\/\/www.cosmepak.com\/es\/wp-json\/wp\/v2\/types\/product"}],"replies":[{"embeddable":true,"href":"https:\/\/www.cosmepak.com\/es\/wp-json\/wp\/v2\/comments?post=3626"}],"wp:featuredmedia":[{"embeddable":true,"href":"https:\/\/www.cosmepak.com\/es\/wp-json\/wp\/v2\/media\/3633"}],"wp:attachment":[{"href":"https:\/\/www.cosmepak.com\/es\/wp-json\/wp\/v2\/media?parent=3626"}],"wp:term":[{"taxonomy":"product_brand","embeddable":true,"href":"https:\/\/www.cosmepak.com\/es\/wp-json\/wp\/v2\/product_brand?post=3626"},{"taxonomy":"product_cat","embeddable":true,"href":"https:\/\/www.cosmepak.com\/es\/wp-json\/wp\/v2\/product_cat?post=3626"},{"taxonomy":"product_tag","embeddable":true,"href":"https:\/\/www.cosmepak.com\/es\/wp-json\/wp\/v2\/product_tag?post=3626"}],"curies":[{"name":"WP","href":"https:\/\/api.w.org\/{rel}","templated":true}]}}