{"id":3662,"date":"2025-12-05T16:26:13","date_gmt":"2025-12-05T08:26:13","guid":{"rendered":"https:\/\/www.cosmepak.com\/?post_type=product&#038;p=3662"},"modified":"2025-12-10T16:49:48","modified_gmt":"2025-12-10T08:49:48","slug":"300ml-500ml-inverted-shoulder-square-bottle-spray-bottle","status":"publish","type":"product","link":"https:\/\/www.cosmepak.com\/es\/product\/300ml-500ml-inverted-shoulder-square-bottle-spray-bottle\/","title":{"rendered":"300ml 500ml botella de rociador de botella cuadrada de hombro invertido"},"content":{"rendered":"<table style=\"border-collapse: collapse; width: 100%; height: 144px;\">\n<tbody>\n<tr style=\"height: 24px;\">\n<td style=\"width: 33.3333%; height: 144px;\" rowspan=\"6\"><img fetchpriority=\"high\" decoding=\"async\" class=\"alignnone size-full wp-image-3663\" src=\"https:\/\/www.cosmepak.com\/wp-content\/uploads\/2025\/12\/\u4e3b\u56fe-5-2.jpg\" alt=\"\" width=\"800\" height=\"800\" srcset=\"https:\/\/www.cosmepak.com\/wp-content\/uploads\/2025\/12\/\u4e3b\u56fe-5-2.jpg 800w, https:\/\/www.cosmepak.com\/wp-content\/uploads\/2025\/12\/\u4e3b\u56fe-5-2-300x300.jpg 300w, https:\/\/www.cosmepak.com\/wp-content\/uploads\/2025\/12\/\u4e3b\u56fe-5-2-150x150.jpg 150w, https:\/\/www.cosmepak.com\/wp-content\/uploads\/2025\/12\/\u4e3b\u56fe-5-2-768x768.jpg 768w, https:\/\/www.cosmepak.com\/wp-content\/uploads\/2025\/12\/\u4e3b\u56fe-5-2-12x12.jpg 12w, https:\/\/www.cosmepak.com\/wp-content\/uploads\/2025\/12\/\u4e3b\u56fe-5-2-600x600.jpg 600w, https:\/\/www.cosmepak.com\/wp-content\/uploads\/2025\/12\/\u4e3b\u56fe-5-2-100x100.jpg 100w\" sizes=\"(max-width: 800px) 100vw, 800px\" \/><\/td>\n<td style=\"width: 29.2675%; height: 24px; text-align: center;\">Marca<\/td>\n<td style=\"width: 37.3991%; height: 24px; text-align: center;\">Jaunce<\/td>\n<\/tr>\n<tr style=\"height: 24px;\">\n<td style=\"width: 29.2675%; height: 24px; text-align: center;\">Modelo<\/td>\n<td style=\"width: 37.3991%; height: 24px; text-align: center;\">JH-LW9521<\/td>\n<\/tr>\n<tr style=\"height: 24px;\">\n<td style=\"width: 29.2675%; height: 24px; text-align: center;\">Capcidad<\/td>\n<td style=\"width: 37.3991%; height: 24px; text-align: center;\">300 ml \/ 500 ml<\/td>\n<\/tr>\n<tr style=\"height: 24px;\">\n<td style=\"width: 29.2675%; height: 24px; text-align: center;\">Tama\u00f1o del cuello<\/td>\n<td style=\"width: 37.3991%; height: 24px; text-align: center;\">28 mm<\/td>\n<\/tr>\n<tr style=\"height: 24px;\">\n<td style=\"width: 29.2675%; height: 24px; text-align: center;\">Color<\/td>\n<td style=\"width: 37.3991%; height: 24px; text-align: center;\">personalizado<\/td>\n<\/tr>\n<tr style=\"height: 24px;\">\n<td style=\"width: 29.2675%; height: 24px; text-align: center;\">Material<\/td>\n<td style=\"width: 37.3991%; height: 24px; text-align: center;\">PE \/ PP<\/td>\n<\/tr>\n<\/tbody>\n<\/table>\n<table style=\"border-collapse: collapse; width: 100%;\">\n<tbody>\n<tr>\n<td style=\"width: 16.6667%; text-align: center;\"><strong>Capacidad<\/strong><\/td>\n<td style=\"width: 16.6667%; text-align: center;\"><strong>Altura total<\/strong><\/td>\n<td style=\"width: 16.6667%; text-align: center;\"><strong>Altura de la botella<\/strong><\/td>\n<td style=\"width: 16.6667%; text-align: center;\"><strong>Altura imprimible<\/strong><\/td>\n<td style=\"width: 16.6667%; text-align: center;\"><strong>Di\u00e9 de fondo<\/strong><\/td>\n<td style=\"width: 16.6667%; text-align: center;\"><strong>Peso<\/strong><\/td>\n<\/tr>\n<tr>\n<td style=\"width: 16.6667%; text-align: center;\">300 ml<\/td>\n<td style=\"width: 16.6667%; text-align: center;\">205mm<\/td>\n<td style=\"width: 16.6667%; text-align: center;\">160 mm<\/td>\n<td style=\"width: 16.6667%; text-align: center;\">70 mm<\/td>\n<td style=\"width: 16.6667%; text-align: center;\">62 * 62 mm<\/td>\n<td style=\"width: 16.6667%; text-align: center;\">42 gramos<\/td>\n<\/tr>\n<tr>\n<td style=\"width: 16.6667%; text-align: center;\">500 ml<\/td>\n<td style=\"width: 16.6667%; text-align: center;\">259 mm<\/td>\n<td style=\"width: 16.6667%; text-align: center;\">214 mm<\/td>\n<td style=\"width: 16.6667%; text-align: center;\">120 mm<\/td>\n<td style=\"width: 16.6667%; text-align: center;\">63 * 63 mm<\/td>\n<td style=\"width: 16.6667%; text-align: center;\">56 gramos<\/td>\n<\/tr>\n<\/tbody>\n<\/table>\n<p>Si es&#8217; s limpieza del hogar, mantenimiento de jardiner\u00eda o desinfecci\u00f3n de la tienda, esta botella de rociador es su mejor opci\u00f3n.<\/p>\n<p>Opci\u00f3n de doble capacidad disponible<br \/>\nModelo port\u00e1til 300ML: Altura total 205MM, ligero y compacto, adecuado para la limpieza diaria a peque\u00f1a escala \/ conveniente para llevar alrededor;<br \/>\nModelo de gran capacidad de 500ML: Altura total de 259MM, adecuado para escenarios de uso frecuentes como hogares y tiendas.<\/p>\n<p>Este producto est\u00e1 hecho de materiales PE PP de calidad alimentaria, sin ning\u00fan olor, resistente a las gotas y el desgaste, y tiene un fuerte rendimiento de sellado (dise\u00f1ado con una tapa de tornillo). Evita la fuga de l\u00edquidos.<\/p>\n<p>Rotaci\u00f3n con un solo clic para cambiar entre 3 modos:<br \/>\n&#8220; Cerrado&#8221; modo: Evitar fugas accidentales;<br \/>\n&#8220; Straight&#8221; modo: el flujo de agua se concentra, adecuado para regar plantas y limpiar grietas;<br \/>\n&#8220; Atomizaci\u00f3n&#8221; modo: Spray fino, adecuado para escenarios de limpieza, desinfecci\u00f3n y humidificaci\u00f3n del aire.<\/p>\n<p>Una variedad de estilos de pulverizaci\u00f3n est\u00e1n disponibles para la selecci\u00f3n. pulverizador de gatillo personalizado de color de soporte.<\/p>\n<p>Este cuello de tornillo de botella cuadrada especial f\u00e1cil para llenar, se puede arreglar con pulverizador gatillo tambi\u00e9n puede usar tapa de tornillo para sellado.<\/p>\n<p>El spray est\u00e1 equipado con un mango de prensado antideslizante, lo que lo hace c\u00f3modo de usar durante mucho tiempo sin causar fatiga de las manos; el cuerpo de la botella tiene \u00e1reas de impresi\u00f3n reservadas, lo que permite la personalizaci\u00f3n de etiquetas y logotipos.<\/p>\n<p>Elaborado con pl\u00e1stico blanco moldeado por inyecci\u00f3n, este envase exuda una est\u00e9tica fresca y limpia que complementa una amplia gama de formulaciones cosm\u00e9ticas y de cuidado de la piel. Dise\u00f1ado para una marca vers\u00e1til, soporta tanto la serigraf\u00eda como la aplicaci\u00f3n de etiquetas, lo que permite que su logotipo, listas de ingredientes e informaci\u00f3n clave del producto se muestren con una visibilidad cristalina. La superficie elegante y desordenada asegura que la identidad de la marca y los detalles del producto sobresalen de forma prominente, ofreciendo una presentaci\u00f3n profesional y confiable que resuena con los consumidores.<\/p>\n<p><img decoding=\"async\" class=\"size-full wp-image-3664 aligncenter\" src=\"https:\/\/www.cosmepak.com\/wp-content\/uploads\/2025\/12\/\u8be6\u60c5-3-1.jpg\" alt=\"\" width=\"790\" height=\"790\" srcset=\"https:\/\/www.cosmepak.com\/wp-content\/uploads\/2025\/12\/\u8be6\u60c5-3-1.jpg 790w, https:\/\/www.cosmepak.com\/wp-content\/uploads\/2025\/12\/\u8be6\u60c5-3-1-300x300.jpg 300w, https:\/\/www.cosmepak.com\/wp-content\/uploads\/2025\/12\/\u8be6\u60c5-3-1-150x150.jpg 150w, https:\/\/www.cosmepak.com\/wp-content\/uploads\/2025\/12\/\u8be6\u60c5-3-1-768x768.jpg 768w, https:\/\/www.cosmepak.com\/wp-content\/uploads\/2025\/12\/\u8be6\u60c5-3-1-12x12.jpg 12w, https:\/\/www.cosmepak.com\/wp-content\/uploads\/2025\/12\/\u8be6\u60c5-3-1-600x600.jpg 600w, https:\/\/www.cosmepak.com\/wp-content\/uploads\/2025\/12\/\u8be6\u60c5-3-1-100x100.jpg 100w\" sizes=\"(max-width: 790px) 100vw, 790px\" \/><\/p>\n<table style=\"border-collapse: collapse; width: 100%;\">\n<tbody>\n<tr>\n<td style=\"width: 25%;\"><img decoding=\"async\" class=\"alignnone size-full wp-image-3665\" src=\"https:\/\/www.cosmepak.com\/wp-content\/uploads\/2025\/12\/\u8be6\u60c5-51-1.jpg\" alt=\"\" width=\"1000\" height=\"1000\" srcset=\"https:\/\/www.cosmepak.com\/wp-content\/uploads\/2025\/12\/\u8be6\u60c5-51-1.jpg 1000w, https:\/\/www.cosmepak.com\/wp-content\/uploads\/2025\/12\/\u8be6\u60c5-51-1-300x300.jpg 300w, https:\/\/www.cosmepak.com\/wp-content\/uploads\/2025\/12\/\u8be6\u60c5-51-1-150x150.jpg 150w, https:\/\/www.cosmepak.com\/wp-content\/uploads\/2025\/12\/\u8be6\u60c5-51-1-768x768.jpg 768w, https:\/\/www.cosmepak.com\/wp-content\/uploads\/2025\/12\/\u8be6\u60c5-51-1-12x12.jpg 12w, https:\/\/www.cosmepak.com\/wp-content\/uploads\/2025\/12\/\u8be6\u60c5-51-1-600x600.jpg 600w, https:\/\/www.cosmepak.com\/wp-content\/uploads\/2025\/12\/\u8be6\u60c5-51-1-100x100.jpg 100w\" sizes=\"(max-width: 1000px) 100vw, 1000px\" \/><\/td>\n<td style=\"width: 25%;\"><img loading=\"lazy\" decoding=\"async\" class=\"alignnone size-full wp-image-3666\" src=\"https:\/\/www.cosmepak.com\/wp-content\/uploads\/2025\/12\/\u8be6\u60c5-6-2.jpg\" alt=\"\" width=\"1000\" height=\"1000\" srcset=\"https:\/\/www.cosmepak.com\/wp-content\/uploads\/2025\/12\/\u8be6\u60c5-6-2.jpg 1000w, https:\/\/www.cosmepak.com\/wp-content\/uploads\/2025\/12\/\u8be6\u60c5-6-2-300x300.jpg 300w, https:\/\/www.cosmepak.com\/wp-content\/uploads\/2025\/12\/\u8be6\u60c5-6-2-150x150.jpg 150w, https:\/\/www.cosmepak.com\/wp-content\/uploads\/2025\/12\/\u8be6\u60c5-6-2-768x768.jpg 768w, https:\/\/www.cosmepak.com\/wp-content\/uploads\/2025\/12\/\u8be6\u60c5-6-2-12x12.jpg 12w, https:\/\/www.cosmepak.com\/wp-content\/uploads\/2025\/12\/\u8be6\u60c5-6-2-600x600.jpg 600w, https:\/\/www.cosmepak.com\/wp-content\/uploads\/2025\/12\/\u8be6\u60c5-6-2-100x100.jpg 100w\" sizes=\"(max-width: 1000px) 100vw, 1000px\" \/><\/td>\n<td style=\"width: 25%;\"><img loading=\"lazy\" decoding=\"async\" class=\"alignnone size-full wp-image-3667\" src=\"https:\/\/www.cosmepak.com\/wp-content\/uploads\/2025\/12\/81-1.jpg\" alt=\"\" width=\"1000\" height=\"1000\" srcset=\"https:\/\/www.cosmepak.com\/wp-content\/uploads\/2025\/12\/81-1.jpg 1000w, https:\/\/www.cosmepak.com\/wp-content\/uploads\/2025\/12\/81-1-300x300.jpg 300w, https:\/\/www.cosmepak.com\/wp-content\/uploads\/2025\/12\/81-1-150x150.jpg 150w, https:\/\/www.cosmepak.com\/wp-content\/uploads\/2025\/12\/81-1-768x768.jpg 768w, https:\/\/www.cosmepak.com\/wp-content\/uploads\/2025\/12\/81-1-12x12.jpg 12w, https:\/\/www.cosmepak.com\/wp-content\/uploads\/2025\/12\/81-1-600x600.jpg 600w, https:\/\/www.cosmepak.com\/wp-content\/uploads\/2025\/12\/81-1-100x100.jpg 100w\" sizes=\"(max-width: 1000px) 100vw, 1000px\" \/><\/td>\n<td style=\"width: 25%;\"><img loading=\"lazy\" decoding=\"async\" class=\"alignnone size-full wp-image-3668\" src=\"https:\/\/www.cosmepak.com\/wp-content\/uploads\/2025\/12\/71-2.jpg\" alt=\"\" width=\"1000\" height=\"1000\" srcset=\"https:\/\/www.cosmepak.com\/wp-content\/uploads\/2025\/12\/71-2.jpg 1000w, https:\/\/www.cosmepak.com\/wp-content\/uploads\/2025\/12\/71-2-300x300.jpg 300w, https:\/\/www.cosmepak.com\/wp-content\/uploads\/2025\/12\/71-2-150x150.jpg 150w, https:\/\/www.cosmepak.com\/wp-content\/uploads\/2025\/12\/71-2-768x768.jpg 768w, https:\/\/www.cosmepak.com\/wp-content\/uploads\/2025\/12\/71-2-12x12.jpg 12w, https:\/\/www.cosmepak.com\/wp-content\/uploads\/2025\/12\/71-2-600x600.jpg 600w, https:\/\/www.cosmepak.com\/wp-content\/uploads\/2025\/12\/71-2-100x100.jpg 100w\" sizes=\"(max-width: 1000px) 100vw, 1000px\" \/><\/td>\n<\/tr>\n<\/tbody>\n<\/table>\n<table style=\"border-collapse: collapse; width: 100%;\">\n<tbody>\n<tr>\n<td style=\"width: 33.3333%;\"><img loading=\"lazy\" decoding=\"async\" class=\"alignnone size-full wp-image-3671\" src=\"https:\/\/www.cosmepak.com\/wp-content\/uploads\/2025\/12\/31-3.jpg\" alt=\"\" width=\"1000\" height=\"1000\" srcset=\"https:\/\/www.cosmepak.com\/wp-content\/uploads\/2025\/12\/31-3.jpg 1000w, https:\/\/www.cosmepak.com\/wp-content\/uploads\/2025\/12\/31-3-300x300.jpg 300w, https:\/\/www.cosmepak.com\/wp-content\/uploads\/2025\/12\/31-3-150x150.jpg 150w, https:\/\/www.cosmepak.com\/wp-content\/uploads\/2025\/12\/31-3-768x768.jpg 768w, https:\/\/www.cosmepak.com\/wp-content\/uploads\/2025\/12\/31-3-12x12.jpg 12w, https:\/\/www.cosmepak.com\/wp-content\/uploads\/2025\/12\/31-3-600x600.jpg 600w, https:\/\/www.cosmepak.com\/wp-content\/uploads\/2025\/12\/31-3-100x100.jpg 100w\" sizes=\"(max-width: 1000px) 100vw, 1000px\" \/><\/td>\n<td style=\"width: 33.3333%;\"><img loading=\"lazy\" decoding=\"async\" class=\"alignnone size-full wp-image-3670\" src=\"https:\/\/www.cosmepak.com\/wp-content\/uploads\/2025\/12\/51-2.jpg\" alt=\"\" width=\"1000\" height=\"1000\" srcset=\"https:\/\/www.cosmepak.com\/wp-content\/uploads\/2025\/12\/51-2.jpg 1000w, https:\/\/www.cosmepak.com\/wp-content\/uploads\/2025\/12\/51-2-300x300.jpg 300w, https:\/\/www.cosmepak.com\/wp-content\/uploads\/2025\/12\/51-2-150x150.jpg 150w, https:\/\/www.cosmepak.com\/wp-content\/uploads\/2025\/12\/51-2-768x768.jpg 768w, https:\/\/www.cosmepak.com\/wp-content\/uploads\/2025\/12\/51-2-12x12.jpg 12w, https:\/\/www.cosmepak.com\/wp-content\/uploads\/2025\/12\/51-2-600x600.jpg 600w, https:\/\/www.cosmepak.com\/wp-content\/uploads\/2025\/12\/51-2-100x100.jpg 100w\" sizes=\"(max-width: 1000px) 100vw, 1000px\" \/><\/td>\n<td style=\"width: 33.3333%;\"><img loading=\"lazy\" decoding=\"async\" class=\"alignnone size-full wp-image-3669\" src=\"https:\/\/www.cosmepak.com\/wp-content\/uploads\/2025\/12\/61-3.jpg\" alt=\"\" width=\"1000\" height=\"1000\" srcset=\"https:\/\/www.cosmepak.com\/wp-content\/uploads\/2025\/12\/61-3.jpg 1000w, https:\/\/www.cosmepak.com\/wp-content\/uploads\/2025\/12\/61-3-300x300.jpg 300w, https:\/\/www.cosmepak.com\/wp-content\/uploads\/2025\/12\/61-3-150x150.jpg 150w, https:\/\/www.cosmepak.com\/wp-content\/uploads\/2025\/12\/61-3-768x768.jpg 768w, https:\/\/www.cosmepak.com\/wp-content\/uploads\/2025\/12\/61-3-12x12.jpg 12w, https:\/\/www.cosmepak.com\/wp-content\/uploads\/2025\/12\/61-3-600x600.jpg 600w, https:\/\/www.cosmepak.com\/wp-content\/uploads\/2025\/12\/61-3-100x100.jpg 100w\" sizes=\"(max-width: 1000px) 100vw, 1000px\" \/><\/td>\n<\/tr>\n<\/tbody>\n<\/table>","protected":false},"excerpt":{"rendered":"<p>Material de botella: mascota<\/p>\n<p>Material de la tapa: PP<\/p>\n<p>Capacidad: 50ml \/ 100ml \/ 150ml \/ 200ml<\/p>\n<p>Tapa: bomba de tornillo<\/p>\n<p>Color: Personalizado (cualquier color Pantone avaliable)<\/p>\n<p>Acabado de superficie: impresi\u00f3n de pantalla, glaseado, estampado en caliente, gradiente de pulverizaci\u00f3n, acabado mate, etc.<\/p>\n<p>MOQ: 5000pcs;<\/p>\n<p>&nbsp;<\/p>","protected":false},"featured_media":3672,"comment_status":"closed","ping_status":"closed","template":"","meta":{"_acf_changed":false},"product_brand":[],"product_cat":[18,48],"product_tag":[41],"class_list":{"0":"post-3662","1":"product","2":"type-product","3":"status-publish","4":"has-post-thumbnail","6":"product_cat-plastic-bottle","7":"product_cat-spray-bottle","8":"product_tag-plastic-bottle","10":"first","11":"instock","12":"shipping-taxable","13":"product-type-simple"},"acf":[],"_links":{"self":[{"href":"https:\/\/www.cosmepak.com\/es\/wp-json\/wp\/v2\/product\/3662","targetHints":{"allow":["GET"]}}],"collection":[{"href":"https:\/\/www.cosmepak.com\/es\/wp-json\/wp\/v2\/product"}],"about":[{"href":"https:\/\/www.cosmepak.com\/es\/wp-json\/wp\/v2\/types\/product"}],"replies":[{"embeddable":true,"href":"https:\/\/www.cosmepak.com\/es\/wp-json\/wp\/v2\/comments?post=3662"}],"wp:featuredmedia":[{"embeddable":true,"href":"https:\/\/www.cosmepak.com\/es\/wp-json\/wp\/v2\/media\/3672"}],"wp:attachment":[{"href":"https:\/\/www.cosmepak.com\/es\/wp-json\/wp\/v2\/media?parent=3662"}],"wp:term":[{"taxonomy":"product_brand","embeddable":true,"href":"https:\/\/www.cosmepak.com\/es\/wp-json\/wp\/v2\/product_brand?post=3662"},{"taxonomy":"product_cat","embeddable":true,"href":"https:\/\/www.cosmepak.com\/es\/wp-json\/wp\/v2\/product_cat?post=3662"},{"taxonomy":"product_tag","embeddable":true,"href":"https:\/\/www.cosmepak.com\/es\/wp-json\/wp\/v2\/product_tag?post=3662"}],"curies":[{"name":"WP","href":"https:\/\/api.w.org\/{rel}","templated":true}]}}