{"id":3692,"date":"2025-12-17T14:22:14","date_gmt":"2025-12-17T06:22:14","guid":{"rendered":"https:\/\/www.cosmepak.com\/?post_type=product&#038;p=3692"},"modified":"2025-12-24T13:50:51","modified_gmt":"2025-12-24T05:50:51","slug":"60g-semi-permeable-rose-gold-cream-jar","status":"publish","type":"product","link":"https:\/\/www.cosmepak.com\/es\/product\/60g-semi-permeable-rose-gold-cream-jar\/","title":{"rendered":"Tarro de crema de oro rosa semipermeable de 60g"},"content":{"rendered":"<table style=\"border-collapse: collapse; width: 100%; height: 192px;\">\n<tbody>\n<tr style=\"height: 24px;\">\n<td style=\"width: 40.6929%; height: 192px;\" rowspan=\"8\"><img fetchpriority=\"high\" decoding=\"async\" class=\"alignnone size-full wp-image-3693\" src=\"https:\/\/www.cosmepak.com\/wp-content\/uploads\/2025\/12\/\u4e3b\u56fe-61.jpg\" alt=\"\" width=\"1000\" height=\"1000\" srcset=\"https:\/\/www.cosmepak.com\/wp-content\/uploads\/2025\/12\/\u4e3b\u56fe-61.jpg 1000w, https:\/\/www.cosmepak.com\/wp-content\/uploads\/2025\/12\/\u4e3b\u56fe-61-300x300.jpg 300w, https:\/\/www.cosmepak.com\/wp-content\/uploads\/2025\/12\/\u4e3b\u56fe-61-150x150.jpg 150w, https:\/\/www.cosmepak.com\/wp-content\/uploads\/2025\/12\/\u4e3b\u56fe-61-768x768.jpg 768w, https:\/\/www.cosmepak.com\/wp-content\/uploads\/2025\/12\/\u4e3b\u56fe-61-12x12.jpg 12w, https:\/\/www.cosmepak.com\/wp-content\/uploads\/2025\/12\/\u4e3b\u56fe-61-600x600.jpg 600w, https:\/\/www.cosmepak.com\/wp-content\/uploads\/2025\/12\/\u4e3b\u56fe-61-100x100.jpg 100w\" sizes=\"(max-width: 1000px) 100vw, 1000px\" \/><\/td>\n<td style=\"width: 28.4645%; height: 24px; text-align: center;\">Marca<\/td>\n<td style=\"width: 30.8425%; height: 24px; text-align: center;\">\u00a0Jaunce<\/td>\n<\/tr>\n<tr style=\"height: 24px;\">\n<td style=\"width: 28.4645%; height: 24px; text-align: center;\">Forma<\/td>\n<td style=\"width: 30.8425%; height: 24px; text-align: center;\">Redondo<\/td>\n<\/tr>\n<tr style=\"height: 24px;\">\n<td style=\"width: 28.4645%; height: 24px; text-align: center;\">Material<\/td>\n<td style=\"width: 30.8425%; height: 24px; text-align: center;\">Vaso<\/td>\n<\/tr>\n<tr style=\"height: 24px;\">\n<td style=\"width: 28.4645%; height: 24px; text-align: center;\">Modelo<\/td>\n<td style=\"width: 30.8425%; height: 24px; text-align: center;\">JH-YM20250710-1<\/td>\n<\/tr>\n<tr style=\"height: 24px;\">\n<td style=\"width: 28.4645%; height: 24px; text-align: center;\">OEM \/ ODM<\/td>\n<td style=\"width: 30.8425%; height: 24px; text-align: center;\">Aceptar<\/td>\n<\/tr>\n<tr style=\"height: 24px;\">\n<td style=\"width: 28.4645%; height: 24px; text-align: center;\">Color<\/td>\n<td style=\"width: 30.8425%; height: 24px; text-align: center;\">Color semipermeable<\/td>\n<\/tr>\n<tr style=\"height: 24px;\">\n<td style=\"width: 28.4645%; height: 24px; text-align: center;\">Uso<\/td>\n<td style=\"width: 30.8425%; height: 24px; text-align: center;\">crema<\/td>\n<\/tr>\n<tr style=\"height: 24px;\">\n<td style=\"width: 28.4645%; height: 24px; text-align: center;\">Moq<\/td>\n<td style=\"width: 30.8425%; height: 24px; text-align: center;\">10000pcs<\/td>\n<\/tr>\n<\/tbody>\n<\/table>\n<table style=\"border-collapse: collapse; width: 100%; height: 109px;\">\n<tbody>\n<tr style=\"height: 24px;\">\n<td style=\"width: 8.61543%; text-align: center; height: 24px;\"><strong>Capacidad<\/strong><\/td>\n<td style=\"width: 7.97343%; text-align: center; height: 24px;\"><strong>Altura total<\/strong><\/td>\n<td style=\"width: 8.52052%; text-align: center; height: 24px;\"><strong>Di\u00e1metro inferior<\/strong><\/td>\n<td style=\"width: 8.64621%; text-align: center; height: 24px;\"><strong>Altura imprimible<\/strong><\/td>\n<td style=\"width: 8.16567%; text-align: center; height: 24px;\"><strong>\u00bfC\u00f3mo Visual Desi\u062c\u0631\u0627mN Imetrpact Presencia Estante?<\/strong><\/td>\n<td style=\"width: 8.16567%; text-align: center; height: 24px;\"><b>Peso<\/b><\/td>\n<\/tr>\n<tr style=\"height: 24px;\">\n<td style=\"width: 8.61543%; text-align: center; height: 41px;\">60g fondo delgado<\/td>\n<td style=\"width: 7.97343%; text-align: center; height: 41px;\">53 mm<\/td>\n<td style=\"width: 8.52052%; text-align: center; height: 41px;\">55 mm<\/td>\n<td style=\"width: 8.64621%; text-align: center; height: 41px;\">28 mm<\/td>\n<td style=\"width: 8.16567%; text-align: center; height: 41px;\">172mm<\/td>\n<td style=\"width: 8.16567%; text-align: center; height: 41px;\">96.9g<\/td>\n<\/tr>\n<tr style=\"height: 44px;\">\n<td style=\"width: 8.61543%; text-align: center; height: 44px;\">60g fondo grueso<\/td>\n<td style=\"width: 7.97343%; text-align: center; height: 44px;\">54 mm<\/td>\n<td style=\"width: 8.52052%; text-align: center; height: 44px;\">57 mm<\/td>\n<td style=\"width: 8.64621%; text-align: center; height: 44px;\">30 mm<\/td>\n<td style=\"width: 8.16567%; text-align: center; height: 44px;\">179mm<\/td>\n<td style=\"width: 8.16567%; text-align: center; height: 44px;\">124.7g<\/td>\n<\/tr>\n<\/tbody>\n<\/table>\n<div><\/div>\n<div class=\"auto-hide-last-sibling-br paragraph-pP9ZLC paragraph-element br-paragraph-space\">Este frasco de crema de vidrio oro rosa semitransparente de gama alta, especialmente dise\u00f1ado para f\u00f3rmulas de cuidado de la piel de primera calidad (como lociones faciales, cremas nutritivas y lociones corporales de lujo), combina una apariencia elegante con funcionalidad pr\u00e1ctica.<\/div>\n<div><\/div>\n<div>Est\u00e1 hecho de vidrio de alta calidad, el frasco cuenta con un suave tono de oro rosa semitransparente: este acabado sublimemente muestra la textura de su producto y emite un ambiente c\u00e1lido y lujoso que se alinea con la marca de belleza premium. Sus accesorios (gorra de oro rosa, componentes internos blancos) crean un esquema de colores cohesivo y sofisticado que se siente a la vez moderno y refinado.<\/div>\n<div><\/div>\n<div class=\"auto-hide-last-sibling-br paragraph-pP9ZLC paragraph-element br-paragraph-space\">Cada elemento del frasco est\u00e1 dise\u00f1ado para el estilo, la durabilidad y el rendimiento:<\/div>\n<ol class=\"auto-hide-last-sibling-br\">\n<li>Este oro rosa liso y transparente frascos de vidrio&#8217; grosor son justo &#8211; es resistente y duradero, capaz de soportar impactos menores. Al mismo tiempo, su caracter\u00edstica transparente permite a los clientes ver el uso de los contenidos.<\/li>\n<li>El cuello de tornillo asegura un sello herm\u00e9tico y a prueba de fugas.<\/li>\n<li>El fondo de vidrio espesado agrega estabilidad que reduce los riesgos de inclinaci\u00f3n durante el uso o la exhibici\u00f3n, y da una sensaci\u00f3n sustancial y premium cuando se sostiene.<\/li>\n<li>La tapa de oro rosa mate se combina con discos internos blancos de sellado: los discos crean una barrera adicional contra el aire, el polvo y la contaminaci\u00f3n, mientras que el dise\u00f1o elegante de la tapa complementa la elegante silueta general del frasco.<\/li>\n<\/ol>\n<div class=\"auto-hide-last-sibling-br paragraph-pP9ZLC paragraph-element br-paragraph-space\">Tambi\u00e9n soportamos una amplia gama de t\u00e9cnicas de personalizaci\u00f3n para este frasco: serigraf\u00eda (logotipos \/ texto n\u00edtidos y duraderos), estampado en caliente (acentos de textura met\u00e1lica), chorro de arena (efectos mate helado), galvanoplastia (acabados met\u00e1licos mejorados), etiquetado adhesivo (pegatinas gr\u00e1ficas personalizadas), impresi\u00f3n 3D (patrones intrincados) y textura de grietas de hielo (detalles visuales \u00fanicos y texturizados).<\/div>\n<p><img decoding=\"async\" class=\"alignnone wp-image-3699\" src=\"https:\/\/www.cosmepak.com\/wp-content\/uploads\/2025\/12\/\u4e3b\u56fe-41-3.jpg\" alt=\"\" width=\"1384\" height=\"1384\" srcset=\"https:\/\/www.cosmepak.com\/wp-content\/uploads\/2025\/12\/\u4e3b\u56fe-41-3.jpg 800w, https:\/\/www.cosmepak.com\/wp-content\/uploads\/2025\/12\/\u4e3b\u56fe-41-3-300x300.jpg 300w, https:\/\/www.cosmepak.com\/wp-content\/uploads\/2025\/12\/\u4e3b\u56fe-41-3-150x150.jpg 150w, https:\/\/www.cosmepak.com\/wp-content\/uploads\/2025\/12\/\u4e3b\u56fe-41-3-768x768.jpg 768w, https:\/\/www.cosmepak.com\/wp-content\/uploads\/2025\/12\/\u4e3b\u56fe-41-3-12x12.jpg 12w, https:\/\/www.cosmepak.com\/wp-content\/uploads\/2025\/12\/\u4e3b\u56fe-41-3-600x600.jpg 600w, https:\/\/www.cosmepak.com\/wp-content\/uploads\/2025\/12\/\u4e3b\u56fe-41-3-100x100.jpg 100w\" sizes=\"(max-width: 1384px) 100vw, 1384px\" \/><\/p>\n<table style=\"border-collapse: collapse; width: 100%;\">\n<tbody>\n<tr>\n<td style=\"width: 50%;\"><img decoding=\"async\" class=\"alignnone size-full wp-image-3695\" src=\"https:\/\/www.cosmepak.com\/wp-content\/uploads\/2025\/12\/\u4e3b\u56fe-91.jpg\" alt=\"\" width=\"1000\" height=\"1000\" srcset=\"https:\/\/www.cosmepak.com\/wp-content\/uploads\/2025\/12\/\u4e3b\u56fe-91.jpg 1000w, https:\/\/www.cosmepak.com\/wp-content\/uploads\/2025\/12\/\u4e3b\u56fe-91-300x300.jpg 300w, https:\/\/www.cosmepak.com\/wp-content\/uploads\/2025\/12\/\u4e3b\u56fe-91-150x150.jpg 150w, https:\/\/www.cosmepak.com\/wp-content\/uploads\/2025\/12\/\u4e3b\u56fe-91-768x768.jpg 768w, https:\/\/www.cosmepak.com\/wp-content\/uploads\/2025\/12\/\u4e3b\u56fe-91-12x12.jpg 12w, https:\/\/www.cosmepak.com\/wp-content\/uploads\/2025\/12\/\u4e3b\u56fe-91-600x600.jpg 600w, https:\/\/www.cosmepak.com\/wp-content\/uploads\/2025\/12\/\u4e3b\u56fe-91-100x100.jpg 100w\" sizes=\"(max-width: 1000px) 100vw, 1000px\" \/><\/td>\n<td style=\"width: 50%;\"><img loading=\"lazy\" decoding=\"async\" class=\"alignnone size-full wp-image-3694\" src=\"https:\/\/www.cosmepak.com\/wp-content\/uploads\/2025\/12\/\u4e3b\u56fe-71.jpg\" alt=\"\" width=\"1000\" height=\"1000\" srcset=\"https:\/\/www.cosmepak.com\/wp-content\/uploads\/2025\/12\/\u4e3b\u56fe-71.jpg 1000w, https:\/\/www.cosmepak.com\/wp-content\/uploads\/2025\/12\/\u4e3b\u56fe-71-300x300.jpg 300w, https:\/\/www.cosmepak.com\/wp-content\/uploads\/2025\/12\/\u4e3b\u56fe-71-150x150.jpg 150w, https:\/\/www.cosmepak.com\/wp-content\/uploads\/2025\/12\/\u4e3b\u56fe-71-768x768.jpg 768w, https:\/\/www.cosmepak.com\/wp-content\/uploads\/2025\/12\/\u4e3b\u56fe-71-12x12.jpg 12w, https:\/\/www.cosmepak.com\/wp-content\/uploads\/2025\/12\/\u4e3b\u56fe-71-600x600.jpg 600w, https:\/\/www.cosmepak.com\/wp-content\/uploads\/2025\/12\/\u4e3b\u56fe-71-100x100.jpg 100w\" sizes=\"(max-width: 1000px) 100vw, 1000px\" \/><\/td>\n<\/tr>\n<\/tbody>\n<\/table>\n<table style=\"border-collapse: collapse; width: 100%; height: 24px;\">\n<tbody>\n<tr style=\"height: 24px;\">\n<td style=\"width: 33.3333%; height: 24px;\"><img loading=\"lazy\" decoding=\"async\" class=\"alignnone size-full wp-image-3696\" src=\"https:\/\/www.cosmepak.com\/wp-content\/uploads\/2025\/12\/21-4.jpg\" alt=\"\" width=\"1000\" height=\"1000\" srcset=\"https:\/\/www.cosmepak.com\/wp-content\/uploads\/2025\/12\/21-4.jpg 1000w, https:\/\/www.cosmepak.com\/wp-content\/uploads\/2025\/12\/21-4-300x300.jpg 300w, https:\/\/www.cosmepak.com\/wp-content\/uploads\/2025\/12\/21-4-150x150.jpg 150w, https:\/\/www.cosmepak.com\/wp-content\/uploads\/2025\/12\/21-4-768x768.jpg 768w, https:\/\/www.cosmepak.com\/wp-content\/uploads\/2025\/12\/21-4-12x12.jpg 12w, https:\/\/www.cosmepak.com\/wp-content\/uploads\/2025\/12\/21-4-600x600.jpg 600w, https:\/\/www.cosmepak.com\/wp-content\/uploads\/2025\/12\/21-4-100x100.jpg 100w\" sizes=\"(max-width: 1000px) 100vw, 1000px\" \/><\/td>\n<td style=\"width: 33.3333%; height: 24px;\"><img loading=\"lazy\" decoding=\"async\" class=\"alignnone size-full wp-image-3697\" src=\"https:\/\/www.cosmepak.com\/wp-content\/uploads\/2025\/12\/31-4.jpg\" alt=\"\" width=\"1000\" height=\"1000\" srcset=\"https:\/\/www.cosmepak.com\/wp-content\/uploads\/2025\/12\/31-4.jpg 1000w, https:\/\/www.cosmepak.com\/wp-content\/uploads\/2025\/12\/31-4-300x300.jpg 300w, https:\/\/www.cosmepak.com\/wp-content\/uploads\/2025\/12\/31-4-150x150.jpg 150w, https:\/\/www.cosmepak.com\/wp-content\/uploads\/2025\/12\/31-4-768x768.jpg 768w, https:\/\/www.cosmepak.com\/wp-content\/uploads\/2025\/12\/31-4-12x12.jpg 12w, https:\/\/www.cosmepak.com\/wp-content\/uploads\/2025\/12\/31-4-600x600.jpg 600w, https:\/\/www.cosmepak.com\/wp-content\/uploads\/2025\/12\/31-4-100x100.jpg 100w\" sizes=\"(max-width: 1000px) 100vw, 1000px\" \/><\/td>\n<td style=\"width: 33.3333%; height: 24px;\"><img loading=\"lazy\" decoding=\"async\" class=\"alignnone size-full wp-image-3698\" src=\"https:\/\/www.cosmepak.com\/wp-content\/uploads\/2025\/12\/51-3.jpg\" alt=\"\" width=\"1000\" height=\"1000\" srcset=\"https:\/\/www.cosmepak.com\/wp-content\/uploads\/2025\/12\/51-3.jpg 1000w, https:\/\/www.cosmepak.com\/wp-content\/uploads\/2025\/12\/51-3-300x300.jpg 300w, https:\/\/www.cosmepak.com\/wp-content\/uploads\/2025\/12\/51-3-150x150.jpg 150w, https:\/\/www.cosmepak.com\/wp-content\/uploads\/2025\/12\/51-3-768x768.jpg 768w, https:\/\/www.cosmepak.com\/wp-content\/uploads\/2025\/12\/51-3-12x12.jpg 12w, https:\/\/www.cosmepak.com\/wp-content\/uploads\/2025\/12\/51-3-600x600.jpg 600w, https:\/\/www.cosmepak.com\/wp-content\/uploads\/2025\/12\/51-3-100x100.jpg 100w\" sizes=\"(max-width: 1000px) 100vw, 1000px\" \/><\/td>\n<\/tr>\n<\/tbody>\n<\/table>","protected":false},"excerpt":{"rendered":"<p>Material: ABS\/AS<\/p>\n<p>Capacidad: 7ml<\/p>\n<p>Color: Aceptar personalizado (cualquier color Pantone disponible)<\/p>\n<p>Acabado de superficie: impresi\u00f3n de pantalla, estampado en caliente, gradiente de pulverizaci\u00f3n, acabado mate, etc.<\/p>\n<p>MOQ: 10000pcs<\/p>\n<p>Muestra: muestras gratuitas disponibles<\/p>\n<p>&nbsp;<\/p>\n<p>&nbsp;<\/p>","protected":false},"featured_media":3700,"comment_status":"closed","ping_status":"closed","template":"","meta":{"_acf_changed":false},"product_brand":[],"product_cat":[44],"product_tag":[40],"class_list":{"0":"post-3692","1":"product","2":"type-product","3":"status-publish","4":"has-post-thumbnail","6":"product_cat-cream-jar","7":"product_tag-essential-oil-bottle","9":"first","10":"instock","11":"shipping-taxable","12":"product-type-simple"},"acf":[],"_links":{"self":[{"href":"https:\/\/www.cosmepak.com\/es\/wp-json\/wp\/v2\/product\/3692","targetHints":{"allow":["GET"]}}],"collection":[{"href":"https:\/\/www.cosmepak.com\/es\/wp-json\/wp\/v2\/product"}],"about":[{"href":"https:\/\/www.cosmepak.com\/es\/wp-json\/wp\/v2\/types\/product"}],"replies":[{"embeddable":true,"href":"https:\/\/www.cosmepak.com\/es\/wp-json\/wp\/v2\/comments?post=3692"}],"wp:featuredmedia":[{"embeddable":true,"href":"https:\/\/www.cosmepak.com\/es\/wp-json\/wp\/v2\/media\/3700"}],"wp:attachment":[{"href":"https:\/\/www.cosmepak.com\/es\/wp-json\/wp\/v2\/media?parent=3692"}],"wp:term":[{"taxonomy":"product_brand","embeddable":true,"href":"https:\/\/www.cosmepak.com\/es\/wp-json\/wp\/v2\/product_brand?post=3692"},{"taxonomy":"product_cat","embeddable":true,"href":"https:\/\/www.cosmepak.com\/es\/wp-json\/wp\/v2\/product_cat?post=3692"},{"taxonomy":"product_tag","embeddable":true,"href":"https:\/\/www.cosmepak.com\/es\/wp-json\/wp\/v2\/product_tag?post=3692"}],"curies":[{"name":"WP","href":"https:\/\/api.w.org\/{rel}","templated":true}]}}