{"id":3743,"date":"2025-12-24T16:26:09","date_gmt":"2025-12-24T08:26:09","guid":{"rendered":"https:\/\/www.cosmepak.com\/?post_type=product&#038;p=3743"},"modified":"2025-12-24T16:26:09","modified_gmt":"2025-12-24T08:26:09","slug":"50ml-100ml-120ml-and-200ml-plastic-cream-jar","status":"publish","type":"product","link":"https:\/\/www.cosmepak.com\/es\/product\/50ml-100ml-120ml-and-200ml-plastic-cream-jar\/","title":{"rendered":"50ml 100ml 120ml y 200ml frasco de crema de pl\u00e1stico"},"content":{"rendered":"<table style=\"border-collapse: collapse; width: 100%; height: 120px;\">\n<tbody>\n<tr style=\"height: 24px;\">\n<td style=\"width: 33.3333%; height: 120px;\" rowspan=\"5\"><img fetchpriority=\"high\" decoding=\"async\" class=\"alignnone size-full wp-image-3744\" src=\"https:\/\/www.cosmepak.com\/wp-content\/uploads\/2025\/12\/81-2.jpg\" alt=\"\" width=\"1000\" height=\"1000\" srcset=\"https:\/\/www.cosmepak.com\/wp-content\/uploads\/2025\/12\/81-2.jpg 1000w, https:\/\/www.cosmepak.com\/wp-content\/uploads\/2025\/12\/81-2-300x300.jpg 300w, https:\/\/www.cosmepak.com\/wp-content\/uploads\/2025\/12\/81-2-150x150.jpg 150w, https:\/\/www.cosmepak.com\/wp-content\/uploads\/2025\/12\/81-2-768x768.jpg 768w, https:\/\/www.cosmepak.com\/wp-content\/uploads\/2025\/12\/81-2-12x12.jpg 12w, https:\/\/www.cosmepak.com\/wp-content\/uploads\/2025\/12\/81-2-600x600.jpg 600w, https:\/\/www.cosmepak.com\/wp-content\/uploads\/2025\/12\/81-2-100x100.jpg 100w\" sizes=\"(max-width: 1000px) 100vw, 1000px\" \/><\/td>\n<td style=\"width: 33.122%; height: 24px; text-align: center;\">Marca<\/td>\n<td style=\"width: 33.5446%; height: 24px; text-align: center;\">Jaunce<\/td>\n<\/tr>\n<tr style=\"height: 24px;\">\n<td style=\"width: 33.122%; height: 24px; text-align: center;\">Modelo<\/td>\n<td style=\"width: 33.5446%; height: 24px; text-align: center;\">JH-JY50-200<\/td>\n<\/tr>\n<tr style=\"height: 24px;\">\n<td style=\"width: 33.122%; height: 24px; text-align: center;\">Capcidad<\/td>\n<td style=\"width: 33.5446%; height: 24px; text-align: center;\">50ml \/ 100ml \/ 120ml \/ 200ml<\/td>\n<\/tr>\n<tr style=\"height: 24px;\">\n<td style=\"width: 33.122%; height: 24px; text-align: center;\">Color<\/td>\n<td style=\"width: 33.5446%; height: 24px; text-align: center;\">personalizado<\/td>\n<\/tr>\n<tr style=\"height: 24px;\">\n<td style=\"width: 33.122%; height: 24px; text-align: center;\">Material<\/td>\n<td style=\"width: 33.5446%; height: 24px; text-align: center;\">MASCOTA<\/td>\n<\/tr>\n<\/tbody>\n<\/table>\n<table style=\"border-collapse: collapse; width: 100%; height: 96px;\">\n<tbody>\n<tr style=\"height: 24px;\">\n<td style=\"width: 12.0179%; text-align: center; height: 24px;\"><strong>Capacidad<\/strong><\/td>\n<td style=\"width: 13.4217%; text-align: center; height: 24px;\"><strong>Altura total<\/strong><\/td>\n<td style=\"width: 13.6377%; text-align: center; height: 24px;\"><strong>Altura del hombro<\/strong><\/td>\n<td style=\"width: 15.5817%; text-align: center; height: 24px;\"><strong>Tama\u00f1o del cuello<\/strong><\/td>\n<td style=\"width: 14.7177%; text-align: center; height: 24px;\"><strong>Di\u00e1metro inferior<\/strong><\/td>\n<td style=\"width: 14.2857%; text-align: center; height: 24px;\"><strong>Peso de la botella<\/strong><\/td>\n<\/tr>\n<tr style=\"height: 24px;\">\n<td style=\"width: 12.0179%; text-align: center; height: 24px;\">50 ml<\/td>\n<td style=\"width: 13.4217%; text-align: center; height: 24px;\">42 mm<\/td>\n<td style=\"width: 13.6377%; text-align: center; height: 24px;\">28 mm<\/td>\n<td style=\"width: 15.5817%; text-align: center; height: 24px;\">47 mm<\/td>\n<td style=\"width: 14.7177%; text-align: center; height: 24px;\">56 mm<\/td>\n<td style=\"width: 14.2857%; text-align: center; height: 24px;\">10 gramos<\/td>\n<\/tr>\n<tr style=\"height: 24px;\">\n<td style=\"width: 12.0179%; text-align: center; height: 24px;\">100 ml<\/td>\n<td style=\"width: 13.4217%; text-align: center; height: 24px;\">54 mm<\/td>\n<td style=\"width: 13.6377%; text-align: center; height: 24px;\">39 mm<\/td>\n<td style=\"width: 15.5817%; text-align: center; height: 24px;\">56 mm<\/td>\n<td style=\"width: 14.7177%; text-align: center; height: 24px;\">68 mm<\/td>\n<td style=\"width: 14.2857%; text-align: center; height: 24px;\">18 gramos<\/td>\n<\/tr>\n<tr style=\"height: 24px;\">\n<td style=\"width: 12.0179%; text-align: center; height: 24px;\">120 ml<\/td>\n<td style=\"width: 13.4217%; text-align: center; height: 24px;\">59 mm<\/td>\n<td style=\"width: 13.6377%; text-align: center; height: 24px;\">44 mm<\/td>\n<td style=\"width: 15.5817%; text-align: center; height: 24px;\">56 mm<\/td>\n<td style=\"width: 14.7177%; text-align: center; height: 24px;\">68 mm<\/td>\n<td style=\"width: 14.2857%; text-align: center; height: 24px;\">18 gramos<\/td>\n<\/tr>\n<tr>\n<td style=\"width: 12.0179%; text-align: center;\">150 ml<\/td>\n<td style=\"width: 13.4217%; text-align: center;\">52 mm<\/td>\n<td style=\"width: 13.6377%; text-align: center;\">37 mm<\/td>\n<td style=\"width: 15.5817%; text-align: center;\">68 mm<\/td>\n<td style=\"width: 14.7177%; text-align: center;\">82 mm<\/td>\n<td style=\"width: 14.2857%; text-align: center;\">25 gramos<\/td>\n<\/tr>\n<tr>\n<td style=\"width: 12.0179%; text-align: center;\">200 ml<\/td>\n<td style=\"width: 13.4217%; text-align: center;\">62 mm<\/td>\n<td style=\"width: 13.6377%; text-align: center;\">47 mm<\/td>\n<td style=\"width: 15.5817%; text-align: center;\">68 mm<\/td>\n<td style=\"width: 14.7177%; text-align: center;\">82 mm<\/td>\n<td style=\"width: 14.2857%; text-align: center;\">25 gramos<\/td>\n<\/tr>\n<\/tbody>\n<\/table>\n<p>Este frasco est\u00e1 hecho de pl\u00e1stico PET seguro para cosm\u00e9ticos (que cumple con las normas globales de embalaje) y es adecuado para el cuidado de la piel, el cuidado del cuerpo y los peque\u00f1os bienes de consumo, eliminando los riesgos de contaminaci\u00f3n del producto y cumpliendo con los requisitos regulatorios para el comercio minorista.<\/p>\n<p>El dise\u00f1o de hombro inclinado da a la botella l\u00edneas elegantes y agilizadas, mientras que su apertura de boca ancha facilita el llenado y dispensaci\u00f3n sin esfuerzo. Elaborada con coloraci\u00f3n moldeada por inyecci\u00f3n, esta botella ofrece dos opciones de acabado: brillante o mate, y est\u00e1 disponible en variantes s\u00f3lidas o transparentes para alinearse con su producto. caracter\u00edsticas \u00fanicas. Para un toque personalizado, puede optar por un aspecto cohesivo con una tapa y cuerpo de botella del mismo color, o hacer una declaraci\u00f3n audaz con un esquema de bloqueo de colores para mejorar la vibrancia visual.<\/p>\n<p>La apariencia sencilla y elegante proporciona una plataforma de visualizaci\u00f3n ideal para etiquetas personalizadas, impresi\u00f3n de logotipos de marca o combinaci\u00f3n de colores (adecuado para estilos de marca lujosos, minimalistas o de nicho).<\/p>\n<p>Tapa de tornillo con disco: Evita el derrame del producto durante el env\u00edo, reduciendo las devoluciones y los residuos.<\/p>\n<p>Capacidad diferente: tiene capacidad 50ml \/ 100ml \/ 120ml \/ 150ml y 200ml para que elija. Las diferentes especificaciones de capacidad pueden satisfacer las necesidades de varios productos. Aqu\u00ed, siempre hay una capacidad que se adapte a usted.<\/p>\n<table style=\"border-collapse: collapse; width: 100%;\">\n<tbody>\n<tr>\n<td style=\"width: 33.3333%;\"><img decoding=\"async\" class=\"alignnone size-full wp-image-3745\" src=\"https:\/\/www.cosmepak.com\/wp-content\/uploads\/2025\/12\/91.jpg\" alt=\"\" width=\"1000\" height=\"1000\" srcset=\"https:\/\/www.cosmepak.com\/wp-content\/uploads\/2025\/12\/91.jpg 1000w, https:\/\/www.cosmepak.com\/wp-content\/uploads\/2025\/12\/91-300x300.jpg 300w, https:\/\/www.cosmepak.com\/wp-content\/uploads\/2025\/12\/91-150x150.jpg 150w, https:\/\/www.cosmepak.com\/wp-content\/uploads\/2025\/12\/91-768x768.jpg 768w, https:\/\/www.cosmepak.com\/wp-content\/uploads\/2025\/12\/91-12x12.jpg 12w, https:\/\/www.cosmepak.com\/wp-content\/uploads\/2025\/12\/91-600x600.jpg 600w, https:\/\/www.cosmepak.com\/wp-content\/uploads\/2025\/12\/91-100x100.jpg 100w\" sizes=\"(max-width: 1000px) 100vw, 1000px\" \/><\/td>\n<td style=\"width: 33.3333%;\"><img decoding=\"async\" class=\"alignnone size-full wp-image-3746\" src=\"https:\/\/www.cosmepak.com\/wp-content\/uploads\/2025\/12\/101.jpg\" alt=\"\" width=\"1000\" height=\"1000\" srcset=\"https:\/\/www.cosmepak.com\/wp-content\/uploads\/2025\/12\/101.jpg 1000w, https:\/\/www.cosmepak.com\/wp-content\/uploads\/2025\/12\/101-300x300.jpg 300w, https:\/\/www.cosmepak.com\/wp-content\/uploads\/2025\/12\/101-150x150.jpg 150w, https:\/\/www.cosmepak.com\/wp-content\/uploads\/2025\/12\/101-768x768.jpg 768w, https:\/\/www.cosmepak.com\/wp-content\/uploads\/2025\/12\/101-12x12.jpg 12w, https:\/\/www.cosmepak.com\/wp-content\/uploads\/2025\/12\/101-600x600.jpg 600w, https:\/\/www.cosmepak.com\/wp-content\/uploads\/2025\/12\/101-100x100.jpg 100w\" sizes=\"(max-width: 1000px) 100vw, 1000px\" \/><\/td>\n<td style=\"width: 33.3333%;\"><img loading=\"lazy\" decoding=\"async\" class=\"alignnone size-full wp-image-3747\" src=\"https:\/\/www.cosmepak.com\/wp-content\/uploads\/2025\/12\/111-2.jpg\" alt=\"\" width=\"1000\" height=\"1000\" srcset=\"https:\/\/www.cosmepak.com\/wp-content\/uploads\/2025\/12\/111-2.jpg 1000w, https:\/\/www.cosmepak.com\/wp-content\/uploads\/2025\/12\/111-2-300x300.jpg 300w, https:\/\/www.cosmepak.com\/wp-content\/uploads\/2025\/12\/111-2-150x150.jpg 150w, https:\/\/www.cosmepak.com\/wp-content\/uploads\/2025\/12\/111-2-768x768.jpg 768w, https:\/\/www.cosmepak.com\/wp-content\/uploads\/2025\/12\/111-2-12x12.jpg 12w, https:\/\/www.cosmepak.com\/wp-content\/uploads\/2025\/12\/111-2-600x600.jpg 600w, https:\/\/www.cosmepak.com\/wp-content\/uploads\/2025\/12\/111-2-100x100.jpg 100w\" sizes=\"(max-width: 1000px) 100vw, 1000px\" \/><\/td>\n<\/tr>\n<\/tbody>\n<\/table>\n<table style=\"border-collapse: collapse; width: 100%;\">\n<tbody>\n<tr>\n<td style=\"width: 50%;\"><img loading=\"lazy\" decoding=\"async\" class=\"alignnone size-full wp-image-3748\" src=\"https:\/\/www.cosmepak.com\/wp-content\/uploads\/2025\/12\/121-1.jpg\" alt=\"\" width=\"1000\" height=\"1000\" srcset=\"https:\/\/www.cosmepak.com\/wp-content\/uploads\/2025\/12\/121-1.jpg 1000w, https:\/\/www.cosmepak.com\/wp-content\/uploads\/2025\/12\/121-1-300x300.jpg 300w, https:\/\/www.cosmepak.com\/wp-content\/uploads\/2025\/12\/121-1-150x150.jpg 150w, https:\/\/www.cosmepak.com\/wp-content\/uploads\/2025\/12\/121-1-768x768.jpg 768w, https:\/\/www.cosmepak.com\/wp-content\/uploads\/2025\/12\/121-1-12x12.jpg 12w, https:\/\/www.cosmepak.com\/wp-content\/uploads\/2025\/12\/121-1-600x600.jpg 600w, https:\/\/www.cosmepak.com\/wp-content\/uploads\/2025\/12\/121-1-100x100.jpg 100w\" sizes=\"(max-width: 1000px) 100vw, 1000px\" \/><\/td>\n<td style=\"width: 50%;\"><img loading=\"lazy\" decoding=\"async\" class=\"alignnone size-full wp-image-3749\" src=\"https:\/\/www.cosmepak.com\/wp-content\/uploads\/2025\/12\/131.jpg\" alt=\"\" width=\"1000\" height=\"1000\" srcset=\"https:\/\/www.cosmepak.com\/wp-content\/uploads\/2025\/12\/131.jpg 1000w, https:\/\/www.cosmepak.com\/wp-content\/uploads\/2025\/12\/131-300x300.jpg 300w, https:\/\/www.cosmepak.com\/wp-content\/uploads\/2025\/12\/131-150x150.jpg 150w, https:\/\/www.cosmepak.com\/wp-content\/uploads\/2025\/12\/131-768x768.jpg 768w, https:\/\/www.cosmepak.com\/wp-content\/uploads\/2025\/12\/131-12x12.jpg 12w, https:\/\/www.cosmepak.com\/wp-content\/uploads\/2025\/12\/131-600x600.jpg 600w, https:\/\/www.cosmepak.com\/wp-content\/uploads\/2025\/12\/131-100x100.jpg 100w\" sizes=\"(max-width: 1000px) 100vw, 1000px\" \/><\/td>\n<\/tr>\n<\/tbody>\n<\/table>\n<table style=\"border-collapse: collapse; width: 100%;\">\n<tbody>\n<tr>\n<td style=\"width: 50%;\"><img loading=\"lazy\" decoding=\"async\" class=\"alignnone size-full wp-image-3750\" src=\"https:\/\/www.cosmepak.com\/wp-content\/uploads\/2025\/12\/21-7.jpg\" alt=\"\" width=\"1000\" height=\"1000\" srcset=\"https:\/\/www.cosmepak.com\/wp-content\/uploads\/2025\/12\/21-7.jpg 1000w, https:\/\/www.cosmepak.com\/wp-content\/uploads\/2025\/12\/21-7-300x300.jpg 300w, https:\/\/www.cosmepak.com\/wp-content\/uploads\/2025\/12\/21-7-150x150.jpg 150w, https:\/\/www.cosmepak.com\/wp-content\/uploads\/2025\/12\/21-7-768x768.jpg 768w, https:\/\/www.cosmepak.com\/wp-content\/uploads\/2025\/12\/21-7-12x12.jpg 12w, https:\/\/www.cosmepak.com\/wp-content\/uploads\/2025\/12\/21-7-600x600.jpg 600w, https:\/\/www.cosmepak.com\/wp-content\/uploads\/2025\/12\/21-7-100x100.jpg 100w\" sizes=\"(max-width: 1000px) 100vw, 1000px\" \/><\/td>\n<td style=\"width: 50%;\"><img loading=\"lazy\" decoding=\"async\" class=\"alignnone size-full wp-image-3751\" src=\"https:\/\/www.cosmepak.com\/wp-content\/uploads\/2025\/12\/41-4.jpg\" alt=\"\" width=\"1000\" height=\"1000\" srcset=\"https:\/\/www.cosmepak.com\/wp-content\/uploads\/2025\/12\/41-4.jpg 1000w, https:\/\/www.cosmepak.com\/wp-content\/uploads\/2025\/12\/41-4-300x300.jpg 300w, https:\/\/www.cosmepak.com\/wp-content\/uploads\/2025\/12\/41-4-150x150.jpg 150w, https:\/\/www.cosmepak.com\/wp-content\/uploads\/2025\/12\/41-4-768x768.jpg 768w, https:\/\/www.cosmepak.com\/wp-content\/uploads\/2025\/12\/41-4-12x12.jpg 12w, https:\/\/www.cosmepak.com\/wp-content\/uploads\/2025\/12\/41-4-600x600.jpg 600w, https:\/\/www.cosmepak.com\/wp-content\/uploads\/2025\/12\/41-4-100x100.jpg 100w\" sizes=\"(max-width: 1000px) 100vw, 1000px\" \/><\/td>\n<\/tr>\n<\/tbody>\n<\/table>","protected":false},"excerpt":{"rendered":"<p>Material de la botella : AS<\/p>\n<p>Material de la tapa: ABS<\/p>\n<p>Capacidad: 30 ml<\/p>\n<p>Tap\u00f3n: Tap\u00f3n de rosca<\/p>\n<p>Color: Personalizado (cualquier color Pantone avaliable)<\/p>\n<p>Acabado de superficie: impresi\u00f3n de pantalla, glaseado, estampado en caliente, gradiente de pulverizaci\u00f3n, acabado mate, etc.<\/p>\n<p>MOQ: 5000pcs;<\/p>\n<p>&nbsp;<\/p>","protected":false},"featured_media":3752,"comment_status":"closed","ping_status":"closed","template":"","meta":{"_acf_changed":false},"product_brand":[],"product_cat":[52,18],"product_tag":[41],"class_list":{"0":"post-3743","1":"product","2":"type-product","3":"status-publish","4":"has-post-thumbnail","6":"product_cat-cream-jar-plastic-bottle","7":"product_cat-plastic-bottle","8":"product_tag-plastic-bottle","10":"first","11":"instock","12":"shipping-taxable","13":"product-type-simple"},"acf":[],"_links":{"self":[{"href":"https:\/\/www.cosmepak.com\/es\/wp-json\/wp\/v2\/product\/3743","targetHints":{"allow":["GET"]}}],"collection":[{"href":"https:\/\/www.cosmepak.com\/es\/wp-json\/wp\/v2\/product"}],"about":[{"href":"https:\/\/www.cosmepak.com\/es\/wp-json\/wp\/v2\/types\/product"}],"replies":[{"embeddable":true,"href":"https:\/\/www.cosmepak.com\/es\/wp-json\/wp\/v2\/comments?post=3743"}],"wp:featuredmedia":[{"embeddable":true,"href":"https:\/\/www.cosmepak.com\/es\/wp-json\/wp\/v2\/media\/3752"}],"wp:attachment":[{"href":"https:\/\/www.cosmepak.com\/es\/wp-json\/wp\/v2\/media?parent=3743"}],"wp:term":[{"taxonomy":"product_brand","embeddable":true,"href":"https:\/\/www.cosmepak.com\/es\/wp-json\/wp\/v2\/product_brand?post=3743"},{"taxonomy":"product_cat","embeddable":true,"href":"https:\/\/www.cosmepak.com\/es\/wp-json\/wp\/v2\/product_cat?post=3743"},{"taxonomy":"product_tag","embeddable":true,"href":"https:\/\/www.cosmepak.com\/es\/wp-json\/wp\/v2\/product_tag?post=3743"}],"curies":[{"name":"WP","href":"https:\/\/api.w.org\/{rel}","templated":true}]}}