{"id":3757,"date":"2025-12-25T16:45:01","date_gmt":"2025-12-25T08:45:01","guid":{"rendered":"https:\/\/www.cosmepak.com\/?post_type=product&#038;p=3757"},"modified":"2025-12-26T09:08:39","modified_gmt":"2025-12-26T01:08:39","slug":"luxurious-black-and-gold-classic-combination-with-lipstick-tube","status":"publish","type":"product","link":"https:\/\/www.cosmepak.com\/es\/product\/luxurious-black-and-gold-classic-combination-with-lipstick-tube\/","title":{"rendered":"Combinaci\u00f3n cl\u00e1sica de lujo negro y oro con tubo de l\u00e1piz labial"},"content":{"rendered":"<table style=\"border-collapse: collapse; width: 100%; height: 264px;\">\n<tbody>\n<tr style=\"height: 24px;\">\n<td style=\"width: 49.3342%; height: 24px; text-align: center;\">Marca<\/td>\n<td style=\"width: 50.6658%; height: 24px; text-align: center;\">\u00a0Jaunce<\/td>\n<\/tr>\n<tr style=\"height: 24px;\">\n<td style=\"width: 49.3342%; height: 24px; text-align: center;\">Capacidad<\/td>\n<td style=\"width: 50.6658%; height: 24px; text-align: center;\">3.5g<\/td>\n<\/tr>\n<tr style=\"height: 24px;\">\n<td style=\"width: 49.3342%; height: 24px; text-align: center;\">Forma<\/td>\n<td style=\"width: 50.6658%; height: 24px; text-align: center;\">Cuadrado<\/td>\n<\/tr>\n<tr style=\"height: 24px;\">\n<td style=\"width: 49.3342%; height: 24px; text-align: center;\">Tama\u00f1o<\/td>\n<td style=\"width: 50.6658%; height: 24px; text-align: center;\">73,2 * 23 mm<\/td>\n<\/tr>\n<tr style=\"height: 24px;\">\n<td style=\"width: 49.3342%; text-align: center; height: 24px;\">Di\u00e1metro interior<\/td>\n<td style=\"width: 50.6658%; text-align: center; height: 24px;\">12.1mm<\/td>\n<\/tr>\n<tr style=\"height: 24px;\">\n<td style=\"width: 49.3342%; height: 24px; text-align: center;\">Peso<\/td>\n<td style=\"width: 50.6658%; height: 24px; text-align: center;\">19g<\/td>\n<\/tr>\n<tr style=\"height: 24px;\">\n<td style=\"width: 49.3342%; height: 24px; text-align: center;\">Modelo<\/td>\n<td style=\"width: 50.6658%; height: 24px; text-align: center;\">JH-JZ-3278#<\/td>\n<\/tr>\n<tr style=\"height: 24px;\">\n<td style=\"width: 49.3342%; height: 24px; text-align: center;\">OEM \/ ODM<\/td>\n<td style=\"width: 50.6658%; height: 24px; text-align: center;\">Aceptar<\/td>\n<\/tr>\n<tr style=\"height: 24px;\">\n<td style=\"width: 49.3342%; height: 24px; text-align: center;\">Color<\/td>\n<td style=\"width: 50.6658%; height: 24px; text-align: center;\">Personalizado<\/td>\n<\/tr>\n<tr style=\"height: 24px;\">\n<td style=\"width: 49.3342%; height: 24px; text-align: center;\">Moq<\/td>\n<td style=\"width: 50.6658%; height: 24px; text-align: center;\">10000pcs<\/td>\n<\/tr>\n<\/tbody>\n<\/table>\n<p>Cuando &#8220; clasicismo&#8221; y &#8220; textura&#8221; chocan perfectamente, este tubo de l\u00e1piz labial negro y dorado est\u00e1 obligado a convertirse en la codiciada elecci\u00f3n entre los envases de maquillaje.<\/p>\n<p>La combinaci\u00f3n de negro y oro es una eterna f\u00f3rmula est\u00e9tica &#8211; el cuerpo del tubo negro mate es restringido y bajo, como terciopelo en la noche;<\/p>\n<p>El contraste entre los colores oscuros y brillantes crea un impacto visual que hace que todo el tubo de l\u00e1piz labial parezca &#8220; elegante cuando se mantiene en la mano&#8221; Se convierte en una presencia sorprendente ya sea en la mesa de maquillaje o en un bolso.<\/p>\n<p>El cuerpo del tubo est\u00e1 hecho de material ABS\/AS, que no solo ofrece una sensaci\u00f3n t\u00e1ctil comparable a la de materiales de alta gama, sino que tambi\u00e9n se siente suave al tacto y no deja huellas digitales.<\/p>\n<p>Si es&#8217; s el color de inyecci\u00f3n brillante \/ mate con un resplandor suave, o el color oro o plata galvanizado con un tono fresco met\u00e1lico, todos pueden combinarse con varios estilos de maquillaje, creando sin esfuerzo un &#8220; textura \u00fanica&#8221;.<\/p>\n<p>La sensaci\u00f3n suave y amortiguadora cuando se extruye la pasta no se obstruye ni suelta. Cada uso ofrece un &#8220; c\u00f3modo y conveniente&#8221; experiencia.<\/p>\n<p>Desde la coincidencia del color al material, desde el dise\u00f1o hasta la sensaci\u00f3n de uso, este tubo de l\u00e1piz labial incorpora &#8220; elegancia&#8221; en cada detalle &#8211; no es simplemente un recipiente para el maquillaje, sino tambi\u00e9n un &#8220; accesorio oculto&#8221; que puede mejorar el aspecto ritual del maquillaje.<\/p>\n<table style=\"border-collapse: collapse; width: 100%;\">\n<tbody>\n<tr>\n<td style=\"width: 33.3333%;\"><img fetchpriority=\"high\" decoding=\"async\" class=\"alignnone size-full wp-image-3765\" src=\"https:\/\/www.cosmepak.com\/wp-content\/uploads\/2025\/12\/8739643310_1144619481-1.jpg\" alt=\"\" width=\"1000\" height=\"1000\" srcset=\"https:\/\/www.cosmepak.com\/wp-content\/uploads\/2025\/12\/8739643310_1144619481-1.jpg 1000w, https:\/\/www.cosmepak.com\/wp-content\/uploads\/2025\/12\/8739643310_1144619481-1-300x300.jpg 300w, https:\/\/www.cosmepak.com\/wp-content\/uploads\/2025\/12\/8739643310_1144619481-1-150x150.jpg 150w, https:\/\/www.cosmepak.com\/wp-content\/uploads\/2025\/12\/8739643310_1144619481-1-768x768.jpg 768w, https:\/\/www.cosmepak.com\/wp-content\/uploads\/2025\/12\/8739643310_1144619481-1-12x12.jpg 12w, https:\/\/www.cosmepak.com\/wp-content\/uploads\/2025\/12\/8739643310_1144619481-1-600x600.jpg 600w, https:\/\/www.cosmepak.com\/wp-content\/uploads\/2025\/12\/8739643310_1144619481-1-100x100.jpg 100w\" sizes=\"(max-width: 1000px) 100vw, 1000px\" \/><\/td>\n<td style=\"width: 33.3333%;\"><img decoding=\"async\" class=\"alignnone size-full wp-image-3766\" src=\"https:\/\/www.cosmepak.com\/wp-content\/uploads\/2025\/12\/8755160711_1144619481-1.jpg\" alt=\"\" width=\"1000\" height=\"1000\" srcset=\"https:\/\/www.cosmepak.com\/wp-content\/uploads\/2025\/12\/8755160711_1144619481-1.jpg 1000w, https:\/\/www.cosmepak.com\/wp-content\/uploads\/2025\/12\/8755160711_1144619481-1-300x300.jpg 300w, https:\/\/www.cosmepak.com\/wp-content\/uploads\/2025\/12\/8755160711_1144619481-1-150x150.jpg 150w, https:\/\/www.cosmepak.com\/wp-content\/uploads\/2025\/12\/8755160711_1144619481-1-768x768.jpg 768w, https:\/\/www.cosmepak.com\/wp-content\/uploads\/2025\/12\/8755160711_1144619481-1-12x12.jpg 12w, https:\/\/www.cosmepak.com\/wp-content\/uploads\/2025\/12\/8755160711_1144619481-1-600x600.jpg 600w, https:\/\/www.cosmepak.com\/wp-content\/uploads\/2025\/12\/8755160711_1144619481-1-100x100.jpg 100w\" sizes=\"(max-width: 1000px) 100vw, 1000px\" \/><\/td>\n<td style=\"width: 33.3333%;\"><img decoding=\"async\" class=\"alignnone size-full wp-image-3767\" src=\"https:\/\/www.cosmepak.com\/wp-content\/uploads\/2025\/12\/9560222843_1144619481-1.jpg\" alt=\"\" width=\"1000\" height=\"1000\" srcset=\"https:\/\/www.cosmepak.com\/wp-content\/uploads\/2025\/12\/9560222843_1144619481-1.jpg 1000w, https:\/\/www.cosmepak.com\/wp-content\/uploads\/2025\/12\/9560222843_1144619481-1-300x300.jpg 300w, https:\/\/www.cosmepak.com\/wp-content\/uploads\/2025\/12\/9560222843_1144619481-1-150x150.jpg 150w, https:\/\/www.cosmepak.com\/wp-content\/uploads\/2025\/12\/9560222843_1144619481-1-768x768.jpg 768w, https:\/\/www.cosmepak.com\/wp-content\/uploads\/2025\/12\/9560222843_1144619481-1-12x12.jpg 12w, https:\/\/www.cosmepak.com\/wp-content\/uploads\/2025\/12\/9560222843_1144619481-1-600x600.jpg 600w, https:\/\/www.cosmepak.com\/wp-content\/uploads\/2025\/12\/9560222843_1144619481-1-100x100.jpg 100w\" sizes=\"(max-width: 1000px) 100vw, 1000px\" \/><\/td>\n<\/tr>\n<\/tbody>\n<\/table>\n<table style=\"border-collapse: collapse; width: 100%;\">\n<tbody>\n<tr>\n<td style=\"width: 50%;\"><img loading=\"lazy\" decoding=\"async\" class=\"alignnone size-full wp-image-3761\" src=\"https:\/\/www.cosmepak.com\/wp-content\/uploads\/2025\/12\/8755160711_1144619481.jpg\" alt=\"\" width=\"1000\" height=\"1000\" srcset=\"https:\/\/www.cosmepak.com\/wp-content\/uploads\/2025\/12\/8755160711_1144619481.jpg 1000w, https:\/\/www.cosmepak.com\/wp-content\/uploads\/2025\/12\/8755160711_1144619481-300x300.jpg 300w, https:\/\/www.cosmepak.com\/wp-content\/uploads\/2025\/12\/8755160711_1144619481-150x150.jpg 150w, https:\/\/www.cosmepak.com\/wp-content\/uploads\/2025\/12\/8755160711_1144619481-768x768.jpg 768w, https:\/\/www.cosmepak.com\/wp-content\/uploads\/2025\/12\/8755160711_1144619481-12x12.jpg 12w, https:\/\/www.cosmepak.com\/wp-content\/uploads\/2025\/12\/8755160711_1144619481-600x600.jpg 600w, https:\/\/www.cosmepak.com\/wp-content\/uploads\/2025\/12\/8755160711_1144619481-100x100.jpg 100w\" sizes=\"(max-width: 1000px) 100vw, 1000px\" \/><\/td>\n<td style=\"width: 50%;\"><img loading=\"lazy\" decoding=\"async\" class=\"alignnone size-full wp-image-3770\" src=\"https:\/\/www.cosmepak.com\/wp-content\/uploads\/2025\/12\/\u6839\u636e\u56fe\u7247\u5199\u53e3\u7ea2\u63cf\u8ff01.jpg\" alt=\"\" width=\"1000\" height=\"1000\" srcset=\"https:\/\/www.cosmepak.com\/wp-content\/uploads\/2025\/12\/\u6839\u636e\u56fe\u7247\u5199\u53e3\u7ea2\u63cf\u8ff01.jpg 1000w, https:\/\/www.cosmepak.com\/wp-content\/uploads\/2025\/12\/\u6839\u636e\u56fe\u7247\u5199\u53e3\u7ea2\u63cf\u8ff01-300x300.jpg 300w, https:\/\/www.cosmepak.com\/wp-content\/uploads\/2025\/12\/\u6839\u636e\u56fe\u7247\u5199\u53e3\u7ea2\u63cf\u8ff01-150x150.jpg 150w, https:\/\/www.cosmepak.com\/wp-content\/uploads\/2025\/12\/\u6839\u636e\u56fe\u7247\u5199\u53e3\u7ea2\u63cf\u8ff01-768x768.jpg 768w, https:\/\/www.cosmepak.com\/wp-content\/uploads\/2025\/12\/\u6839\u636e\u56fe\u7247\u5199\u53e3\u7ea2\u63cf\u8ff01-12x12.jpg 12w, https:\/\/www.cosmepak.com\/wp-content\/uploads\/2025\/12\/\u6839\u636e\u56fe\u7247\u5199\u53e3\u7ea2\u63cf\u8ff01-600x600.jpg 600w, https:\/\/www.cosmepak.com\/wp-content\/uploads\/2025\/12\/\u6839\u636e\u56fe\u7247\u5199\u53e3\u7ea2\u63cf\u8ff01-100x100.jpg 100w\" sizes=\"(max-width: 1000px) 100vw, 1000px\" \/><\/td>\n<\/tr>\n<\/tbody>\n<\/table>","protected":false},"excerpt":{"rendered":"<p>Material: ABS<\/p>\n<p>Capacity: 3.5g<\/p>\n<p>Tama\u00f1o: 67.5*22 mm<\/p>\n<p>Color: Aceptar personalizado (cualquier color Pantone disponible)<\/p>\n<p>Acabado de superficie: impresi\u00f3n de pantalla, estampado en caliente, acabado mate, etc.<\/p>\n<p>MOQ: 10000pcs<\/p>\n<p>Muestra: muestras gratuitas disponibles<\/p>\n<p>&nbsp;<\/p>\n<p>&nbsp;<\/p>","protected":false},"featured_media":3759,"comment_status":"closed","ping_status":"closed","template":"","meta":{"_acf_changed":false},"product_brand":[],"product_cat":[53,36],"product_tag":[39],"class_list":{"0":"post-3757","1":"product","2":"type-product","3":"status-publish","4":"has-post-thumbnail","6":"product_cat-lipstick-tube","7":"product_cat-makeup","8":"product_tag-makeup","10":"first","11":"instock","12":"shipping-taxable","13":"product-type-simple"},"acf":[],"_links":{"self":[{"href":"https:\/\/www.cosmepak.com\/es\/wp-json\/wp\/v2\/product\/3757","targetHints":{"allow":["GET"]}}],"collection":[{"href":"https:\/\/www.cosmepak.com\/es\/wp-json\/wp\/v2\/product"}],"about":[{"href":"https:\/\/www.cosmepak.com\/es\/wp-json\/wp\/v2\/types\/product"}],"replies":[{"embeddable":true,"href":"https:\/\/www.cosmepak.com\/es\/wp-json\/wp\/v2\/comments?post=3757"}],"wp:featuredmedia":[{"embeddable":true,"href":"https:\/\/www.cosmepak.com\/es\/wp-json\/wp\/v2\/media\/3759"}],"wp:attachment":[{"href":"https:\/\/www.cosmepak.com\/es\/wp-json\/wp\/v2\/media?parent=3757"}],"wp:term":[{"taxonomy":"product_brand","embeddable":true,"href":"https:\/\/www.cosmepak.com\/es\/wp-json\/wp\/v2\/product_brand?post=3757"},{"taxonomy":"product_cat","embeddable":true,"href":"https:\/\/www.cosmepak.com\/es\/wp-json\/wp\/v2\/product_cat?post=3757"},{"taxonomy":"product_tag","embeddable":true,"href":"https:\/\/www.cosmepak.com\/es\/wp-json\/wp\/v2\/product_tag?post=3757"}],"curies":[{"name":"WP","href":"https:\/\/api.w.org\/{rel}","templated":true}]}}