{"id":2237,"date":"2025-06-12T14:57:43","date_gmt":"2025-06-12T06:57:43","guid":{"rendered":"https:\/\/www.cosmepak.com\/?page_id=2237"},"modified":"2025-10-17T19:03:20","modified_gmt":"2025-10-17T11:03:20","slug":"faq","status":"publish","type":"page","link":"https:\/\/www.cosmepak.com\/fr\/faq\/","title":{"rendered":"FAQ (questions fr\u00e9quentes)"},"content":{"rendered":"<div data-elementor-type=\"wp-page\" data-elementor-id=\"2237\" class=\"elementor elementor-2237\" data-elementor-post-type=\"page\">\n\t\t\t\t\t\t<section class=\"elementor-section elementor-top-section elementor-element elementor-element-04f85d1 elementor-section-full_width elementor-section-height-default elementor-section-height-default\" data-id=\"04f85d1\" data-element_type=\"section\" data-e-type=\"section\">\n\t\t\t\t\t\t<div class=\"elementor-container elementor-column-gap-default\">\n\t\t\t\t\t<div class=\"elementor-column elementor-col-100 elementor-top-column elementor-element elementor-element-eb0492e\" data-id=\"eb0492e\" data-element_type=\"column\" data-e-type=\"column\">\n\t\t\t<div class=\"elementor-widget-wrap elementor-element-populated\">\n\t\t\t\t\t\t<section class=\"elementor-section elementor-inner-section elementor-element elementor-element-b20640b elementor-section-full_width elementor-section-height-default elementor-section-height-default\" data-id=\"b20640b\" data-element_type=\"section\" data-e-type=\"section\">\n\t\t\t\t\t\t<div class=\"elementor-container elementor-column-gap-default\">\n\t\t\t\t\t<div class=\"elementor-column elementor-col-100 elementor-inner-column elementor-element elementor-element-a49ffbf\" data-id=\"a49ffbf\" data-element_type=\"column\" data-e-type=\"column\">\n\t\t\t<div class=\"elementor-widget-wrap elementor-element-populated\">\n\t\t\t\t\t\t<div class=\"elementor-element elementor-element-d8ac7b9 elementor--h-position-center elementor--v-position-middle elementor-arrows-position-inside elementor-pagination-position-inside elementor-widget elementor-widget-slides\" data-id=\"d8ac7b9\" data-element_type=\"widget\" data-e-type=\"widget\" data-settings=\"{&quot;navigation&quot;:&quot;both&quot;,&quot;autoplay&quot;:&quot;yes&quot;,&quot;pause_on_hover&quot;:&quot;yes&quot;,&quot;pause_on_interaction&quot;:&quot;yes&quot;,&quot;autoplay_speed&quot;:5000,&quot;infinite&quot;:&quot;yes&quot;,&quot;transition&quot;:&quot;slide&quot;,&quot;transition_speed&quot;:500}\" data-widget_type=\"slides.default\">\n\t\t\t\t<div class=\"elementor-widget-container\">\n\t\t\t\t\t\t\t\t\t<div class=\"elementor-swiper\">\n\t\t\t\t\t<div class=\"elementor-slides-wrapper elementor-main-swiper swiper\" role=\"region\" aria-roledescription=\"carousel\" aria-label=\"Diapositives\" dir=\"ltr\" data-animation=\"fadeInUp\">\n\t\t\t\t<div class=\"swiper-wrapper elementor-slides\">\n\t\t\t\t\t\t\t\t\t\t<div class=\"elementor-repeater-item-4f9653a swiper-slide\" role=\"group\" aria-roledescription=\"slide\"><div class=\"swiper-slide-bg\" role=\"img\"><\/div><div class=\"swiper-slide-inner\" ><div class=\"swiper-slide-contents\"><\/div><\/div><\/div>\t\t\t\t<\/div>\n\t\t\t\t\t\t\t<\/div>\n\t\t\t\t<\/div>\n\t\t\t\t\t\t\t\t<\/div>\n\t\t\t\t<\/div>\n\t\t\t\t\t<\/div>\n\t\t<\/div>\n\t\t\t\t\t<\/div>\n\t\t<\/section>\n\t\t\t\t\t<\/div>\n\t\t<\/div>\n\t\t\t\t\t<\/div>\n\t\t<\/section>\n\t\t\t\t<section class=\"elementor-section elementor-top-section elementor-element elementor-element-b55cf18 elementor-section-boxed elementor-section-height-default elementor-section-height-default\" data-id=\"b55cf18\" data-element_type=\"section\" data-e-type=\"section\">\n\t\t\t\t\t\t<div class=\"elementor-container elementor-column-gap-default\">\n\t\t\t\t\t<div class=\"elementor-column elementor-col-100 elementor-top-column elementor-element elementor-element-572a309\" data-id=\"572a309\" data-element_type=\"column\" data-e-type=\"column\">\n\t\t\t<div class=\"elementor-widget-wrap elementor-element-populated\">\n\t\t\t\t\t\t<section class=\"elementor-section elementor-inner-section elementor-element elementor-element-393d47b elementor-section-full_width elementor-section-height-default elementor-section-height-default\" data-id=\"393d47b\" data-element_type=\"section\" data-e-type=\"section\">\n\t\t\t\t\t\t<div class=\"elementor-container elementor-column-gap-default\">\n\t\t\t\t\t<div class=\"elementor-column elementor-col-100 elementor-inner-column elementor-element elementor-element-2db7f48\" data-id=\"2db7f48\" data-element_type=\"column\" data-e-type=\"column\">\n\t\t\t<div class=\"elementor-widget-wrap elementor-element-populated\">\n\t\t\t\t\t\t<div class=\"elementor-element elementor-element-8edb5b3 elementor-icon-list--layout-inline elementor-list-item-link-full_width elementor-widget elementor-widget-icon-list\" data-id=\"8edb5b3\" data-element_type=\"widget\" data-e-type=\"widget\" data-widget_type=\"icon-list.default\">\n\t\t\t\t<div class=\"elementor-widget-container\">\n\t\t\t\t\t\t\t<ul class=\"elementor-icon-list-items elementor-inline-items\">\n\t\t\t\t\t\t\t<li class=\"elementor-icon-list-item elementor-inline-item\">\n\t\t\t\t\t\t\t\t\t\t\t<span class=\"elementor-icon-list-icon\">\n\t\t\t\t\t\t\t<svg aria-hidden=\"true\" class=\"e-font-icon-svg e-fas-home\" viewbox=\"0 0 576 512\" xmlns=\"http:\/\/www.w3.org\/2000\/svg\"><path d=\"M280.37 148.26L96 300.11V464a16 16 0 0 0 16 16l112.06-.29a16 16 0 0 0 15.92-16V368a16 16 0 0 1 16-16h64a16 16 0 0 1 16 16v95.64a16 16 0 0 0 16 16.05L464 480a16 16 0 0 0 16-16V300L295.67 148.26a12.19 12.19 0 0 0-15.3 0zM571.6 251.47L488 182.56V44.05a12 12 0 0 0-12-12h-56a12 12 0 0 0-12 12v72.61L318.47 43a48 48 0 0 0-61 0L4.34 251.47a12 12 0 0 0-1.6 16.9l25.5 31A12 12 0 0 0 45.15 301l235.22-193.74a12.19 12.19 0 0 1 15.3 0L530.9 301a12 12 0 0 0 16.9-1.6l25.5-31a12 12 0 0 0-1.7-16.93z\"><\/path><\/svg>\t\t\t\t\t\t<\/span>\n\t\t\t\t\t\t\t\t\t\t<span class=\"elementor-icon-list-text\">Vous \u00eates ici \uff1a<\/span>\n\t\t\t\t\t\t\t\t\t<\/li>\n\t\t\t\t\t\t\t\t<li class=\"elementor-icon-list-item elementor-inline-item\">\n\t\t\t\t\t\t\t\t\t\t\t<a href=\"\/fr\/\">\n\n\t\t\t\t\t\t\t\t\t\t\t<span class=\"elementor-icon-list-text\">Maison<\/span>\n\t\t\t\t\t\t\t\t\t\t\t<\/a>\n\t\t\t\t\t\t\t\t\t<\/li>\n\t\t\t\t\t\t\t\t<li class=\"elementor-icon-list-item elementor-inline-item\">\n\t\t\t\t\t\t\t\t\t\t\t<span class=\"elementor-icon-list-icon\">\n\t\t\t\t\t\t\t<svg aria-hidden=\"true\" class=\"e-font-icon-svg e-fas-angle-right\" viewbox=\"0 0 256 512\" xmlns=\"http:\/\/www.w3.org\/2000\/svg\"><path d=\"M224.3 273l-136 136c-9.4 9.4-24.6 9.4-33.9 0l-22.6-22.6c-9.4-9.4-9.4-24.6 0-33.9l96.4-96.4-96.4-96.4c-9.4-9.4-9.4-24.6 0-33.9L54.3 103c9.4-9.4 24.6-9.4 33.9 0l136 136c9.5 9.4 9.5 24.6.1 34z\"><\/path><\/svg>\t\t\t\t\t\t<\/span>\n\t\t\t\t\t\t\t\t\t\t<span class=\"elementor-icon-list-text\"><\/span>\n\t\t\t\t\t\t\t\t\t<\/li>\n\t\t\t\t\t\t<\/ul>\n\t\t\t\t\t\t<\/div>\n\t\t\t\t<\/div>\n\t\t\t\t\t<\/div>\n\t\t<\/div>\n\t\t\t\t\t<\/div>\n\t\t<\/section>\n\t\t\t\t\t<\/div>\n\t\t<\/div>\n\t\t\t\t\t<\/div>\n\t\t<\/section>\n\t\t\t\t<section class=\"elementor-section elementor-top-section elementor-element elementor-element-f05b07c elementor-section-boxed elementor-section-height-default elementor-section-height-default\" data-id=\"f05b07c\" data-element_type=\"section\" data-e-type=\"section\">\n\t\t\t\t\t\t\t<div class=\"elementor-background-overlay\"><\/div>\n\t\t\t\t\t\t\t<div class=\"elementor-container elementor-column-gap-default\">\n\t\t\t\t\t<div class=\"elementor-column elementor-col-100 elementor-top-column elementor-element elementor-element-41e397f\" data-id=\"41e397f\" data-element_type=\"column\" data-e-type=\"column\">\n\t\t\t<div class=\"elementor-widget-wrap elementor-element-populated\">\n\t\t\t\t\t\t<section class=\"elementor-section elementor-inner-section elementor-element elementor-element-7124558 elementor-section-full_width animated-fast elementor-section-height-default elementor-section-height-default elementor-invisible\" data-id=\"7124558\" data-element_type=\"section\" data-e-type=\"section\" data-settings=\"{&quot;animation&quot;:&quot;slideInUp&quot;}\">\n\t\t\t\t\t\t\t<div class=\"elementor-background-overlay\"><\/div>\n\t\t\t\t\t\t\t<div class=\"elementor-container elementor-column-gap-default\">\n\t\t\t\t\t<div class=\"elementor-column elementor-col-100 elementor-inner-column elementor-element elementor-element-7e93f29\" data-id=\"7e93f29\" data-element_type=\"column\" data-e-type=\"column\">\n\t\t\t<div class=\"elementor-widget-wrap elementor-element-populated\">\n\t\t\t\t\t\t<div class=\"elementor-element elementor-element-823fdd1 elementor-widget elementor-widget-heading\" data-id=\"823fdd1\" data-element_type=\"widget\" data-e-type=\"widget\" data-widget_type=\"heading.default\">\n\t\t\t\t<div class=\"elementor-widget-container\">\n\t\t\t\t\t<h2 class=\"elementor-heading-title elementor-size-default\">Question fr\u00e9quemment pos\u00e9e<\/h2>\t\t\t\t<\/div>\n\t\t\t\t<\/div>\n\t\t\t\t<div class=\"elementor-element elementor-element-5d5c034 elementor-widget elementor-widget-ucaddon_blox_line_diamond_seperator\" data-id=\"5d5c034\" data-element_type=\"widget\" data-e-type=\"widget\" data-widget_type=\"ucaddon_blox_line_diamond_seperator.default\">\n\t\t\t\t<div class=\"elementor-widget-container\">\n\t\t\t\t\t\n<!-- start Line Diamond Separator -->\n<style>\/* widget: Line Diamond Separator *\/\n\ndiv.sep_diamond {\ncontent: \"\";\nheight: 10px;\nleft: 50%;\nmargin: -5px auto auto -5px;\nposition: absolute;\ntransform: rotate(-45deg);\nwidth: 10px;\n}\ndiv.separator {\nborder-top:1px solid;\nclear: both;\ndisplay:inline-block;\nposition:relative;\n}\n\n<\/style>\n\n<div style=\"text-align:center;\">\n <div class=\"separator\" style=\"border-color:#333333;width:100px;\">\n  <div class=\"sep_diamond\" style=\"background-color:#333333;\"><\/div>\n <\/div>\n<\/div>\n<!-- end Line Diamond Separator -->\t\t\t\t<\/div>\n\t\t\t\t<\/div>\n\t\t\t\t<div class=\"elementor-element elementor-element-6393617 elementor-widget elementor-widget-ucaddon_content_accordion\" data-id=\"6393617\" data-element_type=\"widget\" data-e-type=\"widget\" data-widget_type=\"ucaddon_content_accordion.default\">\n\t\t\t\t<div class=\"elementor-widget-container\">\n\t\t\t\t\t\n<!-- start Content Accordion -->\n\t\t<link id='font-awesome-css' href='https:\/\/www.cosmepak.com\/wp-content\/plugins\/unlimited-elements-for-elementor-premium\/assets_libraries\/font-awesome6\/fontawesome-all.min.css' type='text\/css' rel='stylesheet' >\n\t\t<link id='font-awesome-4-shim-css' href='https:\/\/www.cosmepak.com\/wp-content\/plugins\/unlimited-elements-for-elementor-premium\/assets_libraries\/font-awesome6\/fontawesome-v4-shims.min.css' type='text\/css' rel='stylesheet' >\n\n<style>\/* widget: Content Accordion *\/\n\n\n\n#uc_content_accordion_elementor_6393617 *{\n  box-sizing: border-box;\n}\n\n#uc_content_accordion_elementor_6393617 .uc_ac_box{\n  overflow:hidden;\n}\n\n#uc_content_accordion_elementor_6393617 .ue_heading_title{\n  margin:0;\n  flex-grow:1;\n  display:flex;\n  flex-direction:row;\n}\n\n#uc_content_accordion_elementor_6393617 .uc_container .uc-heading{\n\tdisplay:flex;\n    align-items:center;\n\toverflow:hidden;\n\tcursor:pointer;  \n}\n\n#uc_content_accordion_elementor_6393617 .uc_container .uc_content{\n    display:none;\n}\n\n#uc_content_accordion_elementor_6393617 .uc_container .uc-heading span.ue_accordion_icon{\n\tdisplay:flex;\n    align-items:center;\n   \tjustify-content:center;\n    flex-grow:0;\n    flex-shrink:0;\n}\n\n#uc_content_accordion_elementor_6393617 .uc_ac_box.uc-item-active span.uc_dactive{\n\tdisplay:none;\n}\n\n#uc_content_accordion_elementor_6393617 .uc_ac_box:not(.uc-item-active) span.uc_active{\n\tdisplay:none;\n}\n\n#uc_content_accordion_elementor_6393617 span.ue_accordion_icon svg{\n  height:1em;\n  width:1em;\n}\n\n#uc_content_accordion_elementor_6393617 .uc_container .uc_btn {\n    text-align: center;\n    display: inline-block;\n    text-decoration: none;\n    transition: ease-in-out all 0.25s;\n}\n\n#uc_content_accordion_elementor_6393617 .ue-item-image img{\n  width:100%;\n  display:block;\n  object-fit:cover;\n}\n\n<\/style>\n\n<div class=\"uc_material_accordion\"  id=\"uc_content_accordion_elementor_6393617\"  data-name=\"\" data-scroll=\"off\" data-offset=\"0\" data-closeothers=\"true\" data-set-hash=\"false\" >\n  <div class=\"uc_container uc-items-wrapper\">\n    \n\n\t\t\n\n\n<div id=\"#ue-tab1\" class=\"uc_ac_box elementor-repeater-item-dfa32f8 uc-item-active\" style=\"background-color:;\">\n  <a href=\"javascript:void(0)\" class=\"uc-heading uc_trigger\" role=\"button\">\n    <span class=\"uc_dactive bbb ue_accordion_icon\"><i class='fas fa-plus'><\/i><\/span> \n    <span class=\"uc_active bbb ue_accordion_icon\"><i class='fas fa-minus'><\/i><\/span>\n    <div class=\"ue_heading_title\">1.Comment obtenir un \u00e9chantillon?<\/div>\n  <\/a>\n  \n  <div class=\"uc_content\" style='display:block'>\n        \n      \n         \n                        \n              <div class=\"ue-item-title\">Solution tout-en-un<\/div>\n      \n              <div class=\"ue-item-text\"><p>Si les produits sont en stock, nous fournirons un \u00e9chantillon 1 \u00e0 3 gratuitement, s'il est personnalis\u00e9, nous devons facturer un petit co\u00fbt d'\u00e9chantillon. Nous ne supportons pas les co\u00fbts de fret pour tous les \u00e9chantillons.<\/p><\/div>\n      \n              \n      <\/div> \n<\/div>\n\n\n\n\n\n<div id=\"#ue-tab2\" class=\"uc_ac_box elementor-repeater-item-65d1ba0\" style=\"background-color:;\">\n  <a href=\"javascript:void(0)\" class=\"uc-heading uc_trigger\" role=\"button\">\n    <span class=\"uc_dactive bbb ue_accordion_icon\"><i class='fas fa-plus'><\/i><\/span> \n    <span class=\"uc_active bbb ue_accordion_icon\"><i class='fas fa-minus'><\/i><\/span>\n    <div class=\"ue_heading_title\">2.cez-vous un service OEM ou ODM?<\/div>\n  <\/a>\n  \n  <div class=\"uc_content\" >\n        \n      \n         \n                        \n              <div class=\"ue-item-title\">Outils avanc\u00e9s<\/div>\n      \n              <div class=\"ue-item-text\"><p>De cause, nous avons notre propre usine hors ligne et nous faisons des affaires de forfaits cosm\u00e9tiques depuis de nombreuses ann\u00e9es. Nous pouvons accepter le service OEM et ODM. Nous couvrons un large \u00e9ventail d'emballages cosm\u00e9tiques, vous pouvez \u00e9galement choisir ce dont vous avez besoin sur notre site Web.<\/p><\/div>\n      \n              \n      <\/div> \n<\/div>\n\n\n\n\n\n<div id=\"#ue-tab3\" class=\"uc_ac_box elementor-repeater-item-6510cfb\" style=\"background-color:;\">\n  <a href=\"javascript:void(0)\" class=\"uc-heading uc_trigger\" role=\"button\">\n    <span class=\"uc_dactive bbb ue_accordion_icon\"><i class='fas fa-plus'><\/i><\/span> \n    <span class=\"uc_active bbb ue_accordion_icon\"><i class='fas fa-minus'><\/i><\/span>\n    <div class=\"ue_heading_title\">3. Quelle est votre quantit\u00e9 minimale?<\/div>\n  <\/a>\n  \n  <div class=\"uc_content\" >\n        \n      \n         \n                        \n              <div class=\"ue-item-title\">Mises \u00e0 jour sans arr\u00eat<\/div>\n      \n              <div class=\"ue-item-text\"><p>PROFICATION DES MARCHES 1000PCS SANS PERSONNALISATION SERVICE, 10 000 pcs par couleur Personnalis\u00e9s, si vous ne pouvez pas atteindre notre quantit\u00e9 minimale, veuillez nous contacter et nous faire part des d\u00e9tails et que nous pouvons n\u00e9gocier.<\/p><\/div>\n      \n              \n      <\/div> \n<\/div>\n\n\n\n\n\n<div id=\"#ue-tab4\" class=\"uc_ac_box elementor-repeater-item-e0b05bc\" style=\"background-color:;\">\n  <a href=\"javascript:void(0)\" class=\"uc-heading uc_trigger\" role=\"button\">\n    <span class=\"uc_dactive bbb ue_accordion_icon\"><i class='fas fa-plus'><\/i><\/span> \n    <span class=\"uc_active bbb ue_accordion_icon\"><i class='fas fa-minus'><\/i><\/span>\n    <div class=\"ue_heading_title\">4. Combien de temps pour livrer les produits?<\/div>\n  <\/a>\n  \n  <div class=\"uc_content\" >\n        \n      \n         \n                        \n              <div class=\"ue-item-title\">Support d\u00e9di\u00e9 24\/7<\/div>\n      \n              <div class=\"ue-item-text\"><p>La date de livraison est conforme \u00e0 votre quantit\u00e9. En habitude, les marchandises pr\u00eates dans les 3-7 jours de travail, les produits de commande frais seront dans les 20-30 jours apr\u00e8s avoir re\u00e7u un d\u00e9p\u00f4t avanc\u00e9.<\/p><\/div>\n      \n              \n      <\/div> \n<\/div>\n\n\n\n\n\n<div id=\"#ue-tab5\" class=\"uc_ac_box elementor-repeater-item-e34a51d\" style=\"background-color:;\">\n  <a href=\"javascript:void(0)\" class=\"uc-heading uc_trigger\" role=\"button\">\n    <span class=\"uc_dactive bbb ue_accordion_icon\"><i class='fas fa-plus'><\/i><\/span> \n    <span class=\"uc_active bbb ue_accordion_icon\"><i class='fas fa-minus'><\/i><\/span>\n    <div class=\"ue_heading_title\">5.Comment pouvons-nous garantir la qualit\u00e9?<\/div>\n  <\/a>\n  \n  <div class=\"uc_content\" >\n        \n      \n         \n                        \n              <div class=\"ue-item-title\"> Lorem Ipsum<\/div>\n      \n              <div class=\"ue-item-text\"><p>Toujours un \u00e9chantillon de pr\u00e9-production avant production de masse;<\/p><\/div>\n      \n              \n      <\/div> \n<\/div>\n\n\n\n\n\n<div id=\"#ue-tab6\" class=\"uc_ac_box elementor-repeater-item-dbbc94f\" style=\"background-color:;\">\n  <a href=\"javascript:void(0)\" class=\"uc-heading uc_trigger\" role=\"button\">\n    <span class=\"uc_dactive bbb ue_accordion_icon\"><i class='fas fa-plus'><\/i><\/span> \n    <span class=\"uc_active bbb ue_accordion_icon\"><i class='fas fa-minus'><\/i><\/span>\n    <div class=\"ue_heading_title\">6. Quels services pouvons-nous fournir?<\/div>\n  <\/a>\n  \n  <div class=\"uc_content\" >\n        \n      \n         \n                        \n              <div class=\"ue-item-title\"> Lorem Ipsum<\/div>\n      \n              <div class=\"ue-item-text\"><p>Conditions de livraison accept\u00e9es: FOB, CFR, CIF;<br \/>Devise de paiement accept\u00e9: USD, EUR, HKD, CNY;<br \/>Type de paiement accept\u00e9: T \/ T, L \/ C, D \/ P D \/ A;<br \/>Langue parl\u00e9e: anglais, chinois<\/p><\/div>\n      \n              \n      <\/div> \n<\/div>\n\n  <\/div>\n<\/div>\n\n\n<!-- end Content Accordion -->\t\t\t\t<\/div>\n\t\t\t\t<\/div>\n\t\t\t\t\t<\/div>\n\t\t<\/div>\n\t\t\t\t\t<\/div>\n\t\t<\/section>\n\t\t\t\t\t<\/div>\n\t\t<\/div>\n\t\t\t\t\t<\/div>\n\t\t<\/section>\n\t\t\t\t<\/div>","protected":false},"excerpt":{"rendered":"<p>You are here\uff1a Home Frequently asked question 1.How to get a sample? All-in-One Solution If the products are in stock, we will provide 1-3 sample for free, if it is customized,we need to charge a little sample cost.We don\u2019t bear freight costs for all samples. Please contact project manager for specific information. 2.Can you make [&hellip;]<\/p>\n","protected":false},"author":1,"featured_media":0,"parent":0,"menu_order":0,"comment_status":"closed","ping_status":"closed","template":"elementor_header_footer","meta":{"_acf_changed":false,"footnotes":""},"class_list":["post-2237","page","type-page","status-publish","hentry"],"acf":[],"_links":{"self":[{"href":"https:\/\/www.cosmepak.com\/fr\/wp-json\/wp\/v2\/pages\/2237","targetHints":{"allow":["GET"]}}],"collection":[{"href":"https:\/\/www.cosmepak.com\/fr\/wp-json\/wp\/v2\/pages"}],"about":[{"href":"https:\/\/www.cosmepak.com\/fr\/wp-json\/wp\/v2\/types\/page"}],"author":[{"embeddable":true,"href":"https:\/\/www.cosmepak.com\/fr\/wp-json\/wp\/v2\/users\/1"}],"replies":[{"embeddable":true,"href":"https:\/\/www.cosmepak.com\/fr\/wp-json\/wp\/v2\/comments?post=2237"}],"version-history":[{"count":19,"href":"https:\/\/www.cosmepak.com\/fr\/wp-json\/wp\/v2\/pages\/2237\/revisions"}],"predecessor-version":[{"id":3151,"href":"https:\/\/www.cosmepak.com\/fr\/wp-json\/wp\/v2\/pages\/2237\/revisions\/3151"}],"wp:attachment":[{"href":"https:\/\/www.cosmepak.com\/fr\/wp-json\/wp\/v2\/media?parent=2237"}],"curies":[{"name":"WP","href":"https:\/\/api.w.org\/{rel}","templated":true}]}}