{"id":127,"date":"2024-12-31T09:50:53","date_gmt":"2024-12-31T01:50:53","guid":{"rendered":"http:\/\/www.cosmepak.com\/?post_type=product&#038;p=127"},"modified":"2025-09-29T15:13:51","modified_gmt":"2025-09-29T07:13:51","slug":"bouteille-de-parfum-4","status":"publish","type":"product","link":"https:\/\/www.cosmepak.com\/fr\/product\/perfume-bottle-4\/","title":{"rendered":"Bouteille de verre-30ml Bouteille de parfum\/Jaunce"},"content":{"rendered":"<table style=\"border-collapse: collapse; width: 100%; height: 240px;\">\n<tbody>\n<tr style=\"height: 24px;\">\n<td style=\"width: 24.7995%; height: 24px;\">Marque<\/td>\n<td style=\"width: 75.2005%; height: 24px;\">\u00a0Jaunce<\/td>\n<\/tr>\n<tr style=\"height: 24px;\">\n<td style=\"width: 24.7995%; height: 24px;\">Capacit\u00e9<\/td>\n<td style=\"width: 75.2005%; height: 24px;\">30ml \/ 50ml \/ 100ml<\/td>\n<\/tr>\n<tr style=\"height: 24px;\">\n<td style=\"width: 24.7995%; height: 24px;\">Forme<\/td>\n<td style=\"width: 75.2005%; height: 24px;\">Rond<\/td>\n<\/tr>\n<tr style=\"height: 24px;\">\n<td style=\"width: 24.7995%; height: 24px;\">Taille<\/td>\n<td style=\"width: 75.2005%; height: 24px;\">41 * 83mm \/ 51,6 * 108mm \/ 51 * 95mm<\/td>\n<\/tr>\n<tr style=\"height: 24px;\">\n<td style=\"width: 24.7995%; height: 24px;\">Poids<\/td>\n<td style=\"width: 75.2005%; height: 24px;\">109.3g\/209.1g\/325g<\/td>\n<\/tr>\n<tr style=\"height: 24px;\">\n<td style=\"width: 24.7995%; height: 24px;\">Convenable<\/td>\n<td style=\"width: 75.2005%; height: 24px;\">Spray \/ casquette de brume<\/td>\n<\/tr>\n<tr style=\"height: 24px;\">\n<td style=\"width: 24.7995%; height: 24px;\">Mod\u00e8le<\/td>\n<td style=\"width: 75.2005%; height: 24px;\">JH-YBXB137<\/td>\n<\/tr>\n<tr style=\"height: 24px;\">\n<td style=\"width: 24.7995%; height: 24px;\">OEM \/ ODM<\/td>\n<td style=\"width: 75.2005%; height: 24px;\">Accepter<\/td>\n<\/tr>\n<tr style=\"height: 24px;\">\n<td style=\"width: 24.7995%; height: 24px;\">Couleur<\/td>\n<td style=\"width: 75.2005%; height: 24px;\">Personnalis\u00e9<\/td>\n<\/tr>\n<tr style=\"height: 24px;\">\n<td style=\"width: 24.7995%; height: 24px;\">MOQ<\/td>\n<td style=\"width: 75.2005%; height: 24px;\">G\u00e9n\u00e9ral 5000pcs;<\/td>\n<\/tr>\n<\/tbody>\n<\/table>\n<p>&nbsp;<\/p>\n<p><img fetchpriority=\"high\" decoding=\"async\" class=\"wp-image-1345 aligncenter\" src=\"https:\/\/www.cosmepak.com\/wp-content\/uploads\/2024\/12\/10-2.jpg\" alt=\"\" width=\"1367\" height=\"1367\" srcset=\"https:\/\/www.cosmepak.com\/wp-content\/uploads\/2024\/12\/10-2.jpg 1000w, https:\/\/www.cosmepak.com\/wp-content\/uploads\/2024\/12\/10-2-300x300.jpg 300w, https:\/\/www.cosmepak.com\/wp-content\/uploads\/2024\/12\/10-2-150x150.jpg 150w, https:\/\/www.cosmepak.com\/wp-content\/uploads\/2024\/12\/10-2-768x768.jpg 768w, https:\/\/www.cosmepak.com\/wp-content\/uploads\/2024\/12\/10-2-600x600.jpg 600w, https:\/\/www.cosmepak.com\/wp-content\/uploads\/2024\/12\/10-2-100x100.jpg 100w\" sizes=\"(max-width: 1367px) 100vw, 1367px\" \/><img decoding=\"async\" class=\"alignnone wp-image-1340\" src=\"https:\/\/www.cosmepak.com\/wp-content\/uploads\/2024\/12\/3-1-300x300.jpg\" alt=\"\" width=\"449\" height=\"449\" srcset=\"\" sizes=\"(max-width: 449px) 100vw, 449px\" data-srcset=\"\" \/> <img decoding=\"async\" class=\"alignnone wp-image-1341\" src=\"https:\/\/www.cosmepak.com\/wp-content\/uploads\/2024\/12\/6-2-300x300.jpg\" alt=\"\" width=\"448\" height=\"448\" srcset=\"\" sizes=\"(max-width: 448px) 100vw, 448px\" data-srcset=\"\" \/><img loading=\"lazy\" decoding=\"async\" class=\"alignnone wp-image-1342\" src=\"https:\/\/www.cosmepak.com\/wp-content\/uploads\/2024\/12\/7-2-300x300.jpg\" alt=\"\" width=\"444\" height=\"444\" srcset=\"\" sizes=\"(max-width: 444px) 100vw, 444px\" data-srcset=\"\" \/><\/p>\n<p><img loading=\"lazy\" decoding=\"async\" class=\"aligncenter wp-image-1338\" src=\"https:\/\/www.cosmepak.com\/wp-content\/uploads\/2024\/12\/5-1.jpg\" alt=\"\" width=\"1367\" height=\"1367\" srcset=\"https:\/\/www.cosmepak.com\/wp-content\/uploads\/2024\/12\/5-1.jpg 800w, https:\/\/www.cosmepak.com\/wp-content\/uploads\/2024\/12\/5-1-300x300.jpg 300w, https:\/\/www.cosmepak.com\/wp-content\/uploads\/2024\/12\/5-1-150x150.jpg 150w, https:\/\/www.cosmepak.com\/wp-content\/uploads\/2024\/12\/5-1-768x768.jpg 768w, https:\/\/www.cosmepak.com\/wp-content\/uploads\/2024\/12\/5-1-600x600.jpg 600w, https:\/\/www.cosmepak.com\/wp-content\/uploads\/2024\/12\/5-1-100x100.jpg 100w\" sizes=\"(max-width: 1367px) 100vw, 1367px\" \/><\/p>\n<p>Cette bouteille de parfum \u00e9l\u00e9gante comprend un corps cylindrique transparent avec des stries verticales pour un attrait tactile \u00e9l\u00e9gant.<\/p>\n<p><img loading=\"lazy\" decoding=\"async\" class=\"alignnone wp-image-1343 size-full\" src=\"https:\/\/www.cosmepak.com\/wp-content\/uploads\/2024\/12\/\u5fae\u4fe1\u56fe\u7247_20250213141726.jpg\" alt=\"\" width=\"1920\" height=\"919\" srcset=\"https:\/\/www.cosmepak.com\/wp-content\/uploads\/2024\/12\/\u5fae\u4fe1\u56fe\u7247_20250213141726.jpg 1920w, https:\/\/www.cosmepak.com\/wp-content\/uploads\/2024\/12\/\u5fae\u4fe1\u56fe\u7247_20250213141726-300x144.jpg 300w, https:\/\/www.cosmepak.com\/wp-content\/uploads\/2024\/12\/\u5fae\u4fe1\u56fe\u7247_20250213141726-1024x490.jpg 1024w, https:\/\/www.cosmepak.com\/wp-content\/uploads\/2024\/12\/\u5fae\u4fe1\u56fe\u7247_20250213141726-768x368.jpg 768w, https:\/\/www.cosmepak.com\/wp-content\/uploads\/2024\/12\/\u5fae\u4fe1\u56fe\u7247_20250213141726-1536x735.jpg 1536w, https:\/\/www.cosmepak.com\/wp-content\/uploads\/2024\/12\/\u5fae\u4fe1\u56fe\u7247_20250213141726-600x287.jpg 600w\" sizes=\"(max-width: 1920px) 100vw, 1920px\" \/><\/p>\n<h2 id=\"modern-elegance-the-transparent-cylindrical-perfume-bottle\" class=\"ai-center-markdown-h2\">L'\u00e9l\u00e9gance moderne : la bouteille de parfum cylindrique transparente<\/h2>\n<p class=\"ai-center-markdown-p\">Dans le monde des parfums de luxe, le design de la bouteille est aussi crucial que le parfum lui-m\u00eame. Une bouteille de parfum magnifiquement con\u00e7ue peut \u00e9voquer des \u00e9motions, cr\u00e9er des impressions durables et am\u00e9liorer l'exp\u00e9rience sensorielle globale. L'une de ces cr\u00e9ations exquises est l'\u00e9l\u00e9gante bouteille de parfum dot\u00e9e d'un corps cylindrique transparent avec des striatures verticales, associ\u00e9e \u00e0 un capuchon galvanis\u00e9 \u00e0 haute brillantesse.<\/p>\n<h3 id=\"transparent-cylindrical-body-with-vertical-striations\" class=\"ai-center-markdown-h3\">Corps cylindrique transparent avec rayures verticales<\/h3>\n<p class=\"ai-center-markdown-p\">Le corps cylindrique transparent de cette bouteille de parfum t\u00e9moigne du design moderne et de la sophistication. Le verre transparent permet aux riches teintes du parfum de briller, cr\u00e9ant une allure visuelle \u00e0 la fois captivante et \u00e9l\u00e9gante. Les stries verticales ajoutent un attrait tactile, vous invitant \u00e0 toucher et \u00e0 ressentir la texture d\u00e9licate. Ces lignes subtiles offrent une poign\u00e9e aussi fonctionnelle qu'\u00e9l\u00e9gante, assurant que la bouteille est facile \u00e0 manipuler tout en maintenant son apparence \u00e9l\u00e9gante.<\/p>\n<h3 id=\"minimalist-design\" class=\"ai-center-markdown-h3\">Design minimaliste<\/h3>\n<p class=\"ai-center-markdown-p\">Le minimalisme est au c\u0153ur de cette bouteille de parfum&#8217; conception s. Les lignes propres et la forme simple exudent une \u00e9l\u00e9gance discrete qui est parfaite pour l'individu contemporain. Cette approche minimaliste assure que l\u2019accent reste mis sur le parfum lui-m\u00eame, permettant au parfum de prendre le centre de la sc\u00e8ne. L'absence d'embellissements inutiles souligne la puret\u00e9 et la qualit\u00e9 du design, ce qui en fait une pi\u00e8ce intemporelle qui ne sortira jamais de mode.<\/p>\n<h3 id=\"high-gloss-electroplated-cap\" class=\"ai-center-markdown-h3\">Capuchon galvanis\u00e9 haute brillance<\/h3>\n<p class=\"ai-center-markdown-p\">Ajoutant une touche de luxe au design minimaliste, le capuchon \u00e9lectroplat\u00e9 haute brillante. Cette finition m\u00e9tallique am\u00e9liore non seulement la bouteille&#8217; son attrait esth\u00e9tique mais ajoute aussi un sens d'opulence et de raffinement. Le cap&#8217; sa surface brillante attrape la lumi\u00e8re magnifiquement, cr\u00e9ant un contraste frappant avec le corps transparent. Ce d\u00e9tail luxueux \u00e9l\u00e8ve le design global, faisant de la bouteille un ajout parfait \u00e0 toute vanit\u00e9 ou dressing table.<\/p>\n<h3 id=\"modern-sophistication\" class=\"ai-center-markdown-h3\">Sophistication moderne<\/h3>\n<p class=\"ai-center-markdown-p\">Ensemble, ces \u00e9l\u00e9ments cr\u00e9ent une bouteille de parfum qui exude la sophistication moderne. La combinaison du corps cylindrique transparent, des striatures verticales, du design minimaliste et du capuchon \u00e9lectroplat\u00e9 \u00e0 haute brillantesse se traduit par une pi\u00e8ce qui est \u00e0 la fois fonctionnelle et esth\u00e9tiquement agr\u00e9able. C'est un design qui parle \u00e0 l'individu discernent qui appr\u00e9cie les choses plus fines de la vie et valorise \u00e0 la fois la forme et la fonction.<\/p>\n<h3 id=\"conclusion\" class=\"ai-center-markdown-h3\">Conclusion<\/h3>\n<p class=\"ai-center-markdown-p\">En conclusion, cette bouteille de parfum \u00e9l\u00e9gante est un exemple parfait de la fa\u00e7on dont un design r\u00e9fl\u00e9chi peut am\u00e9liorer l'exp\u00e9rience globale d'un produit de luxe. Son corps cylindrique transparent avec des striatures verticales, son design minimaliste et son capuchon galvanis\u00e9 \u00e0 haute brillantesse se r\u00e9unissent pour cr\u00e9er une pi\u00e8ce \u00e0 la fois belle et pratique. Ce design moderne et sophistiqu\u00e9 fera certainement une impression durable et deviendra une partie ch\u00e8re de toute collection de parfums.<\/p>\n<p><img loading=\"lazy\" decoding=\"async\" class=\"alignnone size-full wp-image-1347\" src=\"https:\/\/www.cosmepak.com\/wp-content\/uploads\/2024\/12\/\u9996\u987519202_03.jpg\" alt=\"\" width=\"1920\" height=\"885\" srcset=\"https:\/\/www.cosmepak.com\/wp-content\/uploads\/2024\/12\/\u9996\u987519202_03.jpg 1920w, https:\/\/www.cosmepak.com\/wp-content\/uploads\/2024\/12\/\u9996\u987519202_03-300x138.jpg 300w, https:\/\/www.cosmepak.com\/wp-content\/uploads\/2024\/12\/\u9996\u987519202_03-1024x472.jpg 1024w, https:\/\/www.cosmepak.com\/wp-content\/uploads\/2024\/12\/\u9996\u987519202_03-768x354.jpg 768w, https:\/\/www.cosmepak.com\/wp-content\/uploads\/2024\/12\/\u9996\u987519202_03-1536x708.jpg 1536w, https:\/\/www.cosmepak.com\/wp-content\/uploads\/2024\/12\/\u9996\u987519202_03-600x277.jpg 600w\" sizes=\"(max-width: 1920px) 100vw, 1920px\" \/> <img loading=\"lazy\" decoding=\"async\" class=\"alignnone size-full wp-image-1348\" src=\"https:\/\/www.cosmepak.com\/wp-content\/uploads\/2024\/12\/\u9996\u987519202_04.jpg\" alt=\"\" width=\"1920\" height=\"694\" srcset=\"https:\/\/www.cosmepak.com\/wp-content\/uploads\/2024\/12\/\u9996\u987519202_04.jpg 1920w, https:\/\/www.cosmepak.com\/wp-content\/uploads\/2024\/12\/\u9996\u987519202_04-300x108.jpg 300w, https:\/\/www.cosmepak.com\/wp-content\/uploads\/2024\/12\/\u9996\u987519202_04-1024x370.jpg 1024w, https:\/\/www.cosmepak.com\/wp-content\/uploads\/2024\/12\/\u9996\u987519202_04-768x278.jpg 768w, https:\/\/www.cosmepak.com\/wp-content\/uploads\/2024\/12\/\u9996\u987519202_04-1536x555.jpg 1536w, https:\/\/www.cosmepak.com\/wp-content\/uploads\/2024\/12\/\u9996\u987519202_04-600x217.jpg 600w\" sizes=\"(max-width: 1920px) 100vw, 1920px\" \/><\/p>\n<p><img loading=\"lazy\" decoding=\"async\" class=\"alignnone size-full wp-image-1350\" src=\"https:\/\/www.cosmepak.com\/wp-content\/uploads\/2024\/12\/\u9996\u987519202_05-1.jpg\" alt=\"\" width=\"1920\" height=\"970\" srcset=\"https:\/\/www.cosmepak.com\/wp-content\/uploads\/2024\/12\/\u9996\u987519202_05-1.jpg 1920w, https:\/\/www.cosmepak.com\/wp-content\/uploads\/2024\/12\/\u9996\u987519202_05-1-300x152.jpg 300w, https:\/\/www.cosmepak.com\/wp-content\/uploads\/2024\/12\/\u9996\u987519202_05-1-1024x517.jpg 1024w, https:\/\/www.cosmepak.com\/wp-content\/uploads\/2024\/12\/\u9996\u987519202_05-1-768x388.jpg 768w, https:\/\/www.cosmepak.com\/wp-content\/uploads\/2024\/12\/\u9996\u987519202_05-1-1536x776.jpg 1536w, https:\/\/www.cosmepak.com\/wp-content\/uploads\/2024\/12\/\u9996\u987519202_05-1-600x303.jpg 600w\" sizes=\"(max-width: 1920px) 100vw, 1920px\" \/><\/p>\n<p><img loading=\"lazy\" decoding=\"async\" class=\"alignnone wp-image-1351\" src=\"https:\/\/www.cosmepak.com\/wp-content\/uploads\/2024\/12\/\u7269\u6d41\u8fd0\u8f93\u753b\u9762-2.jpg\" alt=\"\" width=\"1424\" height=\"1068\" srcset=\"https:\/\/www.cosmepak.com\/wp-content\/uploads\/2024\/12\/\u7269\u6d41\u8fd0\u8f93\u753b\u9762-2.jpg 800w, https:\/\/www.cosmepak.com\/wp-content\/uploads\/2024\/12\/\u7269\u6d41\u8fd0\u8f93\u753b\u9762-2-300x225.jpg 300w, https:\/\/www.cosmepak.com\/wp-content\/uploads\/2024\/12\/\u7269\u6d41\u8fd0\u8f93\u753b\u9762-2-768x576.jpg 768w, https:\/\/www.cosmepak.com\/wp-content\/uploads\/2024\/12\/\u7269\u6d41\u8fd0\u8f93\u753b\u9762-2-600x450.jpg 600w\" sizes=\"(max-width: 1424px) 100vw, 1424px\" \/><\/p>\n<table style=\"border-collapse: collapse; width: 100%; height: 144px;\">\n<tbody>\n<tr style=\"height: 24px;\">\n<td style=\"width: 33.3333%; text-align: center; height: 24px;\"><span style=\"font-size: 14pt;\"><strong>Exprimer<\/strong><\/span><\/td>\n<td style=\"width: 33.3333%; text-align: center; height: 24px;\"><span style=\"font-size: 14pt;\"><strong>Fret a\u00e9rien<\/strong><\/span><\/td>\n<td style=\"width: 33.3333%; text-align: center; height: 24px;\"><span style=\"font-size: 14pt;\"><strong>Transport maritime<\/strong><\/span><\/td>\n<\/tr>\n<tr style=\"height: 24px;\">\n<td style=\"width: 33.3333%; text-align: center; height: 24px;\">Europe 4 \u00e0 6 jours<\/td>\n<td style=\"width: 33.3333%; text-align: center; height: 24px;\">Europe 4 \u00e0 6 jours<\/td>\n<td style=\"width: 33.3333%; text-align: center; height: 24px;\">Europe 25-35 jours<\/td>\n<\/tr>\n<tr style=\"height: 24px;\">\n<td style=\"width: 33.3333%; text-align: center; height: 24px;\">Manth America 4-6 jours<\/td>\n<td style=\"width: 33.3333%; text-align: center; height: 24px;\">Manth America 4-6 jours<\/td>\n<td style=\"width: 33.3333%; text-align: center; height: 24px;\">Morth America 25-35day<\/td>\n<\/tr>\n<tr style=\"height: 24px;\">\n<td style=\"width: 33.3333%; text-align: center; height: 24px;\">Asie du Sud-Est 3-5 jours<\/td>\n<td style=\"width: 33.3333%; text-align: center; height: 24px;\">Asie du Sud-Est 3-5 jours<\/td>\n<td style=\"width: 33.3333%; text-align: center; height: 24px;\">Asie du Sud-Est 25-35 jours<\/td>\n<\/tr>\n<tr style=\"height: 24px;\">\n<td style=\"width: 33.3333%; text-align: center; height: 24px;\">Le Moyen-Orient 4 \u00e0 6 jours<\/td>\n<td style=\"width: 33.3333%; text-align: center; height: 24px;\">Le Moyen-Orient 4 \u00e0 6 jours<\/td>\n<td style=\"width: 33.3333%; text-align: center; height: 24px;\">Le Moyen-Orient 25-35 jours<\/td>\n<\/tr>\n<tr style=\"height: 24px;\">\n<td style=\"width: 33.3333%; text-align: center; height: 24px;\">Afrique du Sud 5-8 jours<\/td>\n<td style=\"width: 33.3333%; text-align: center; height: 24px;\">Afrique du Sud 5-8 jours<\/td>\n<td style=\"width: 33.3333%; text-align: center; height: 24px;\">Afrique du Sud 25-35 jours<\/td>\n<\/tr>\n<\/tbody>\n<\/table>\n<p><span style=\"font-size: 14pt;\"><strong>RFQ:\u00a0<\/strong><\/span><\/p>\n<h3 id=\"why-should-you-buy-from-us\" class=\"ai-center-markdown-h3\" data-spm-anchor-id=\"a2700.micro_cgs_home.0.i6.38613e5f9pxON6\">Pourquoi acheter chez nous?<\/h3>\n<ol class=\"ai-center-markdown-ol\" start=\"1\">\n<li class=\"ai-center-markdown-li\"><strong class=\"ai-center-markdown-strong\">Des designs sur mesure en 3 minutes<\/strong>: Nous fournissons des designs personnalis\u00e9s adapt\u00e9s \u00e0 vos besoins en seulement 3 minutes.<\/li>\n<li class=\"ai-center-markdown-li\"><strong class=\"ai-center-markdown-strong\">Service en ligne 24\/7<\/strong>Notre \u00e9quipe d\u00e9di\u00e9e est disponible 24 heures sur 24 pour vous aider.<\/li>\n<li class=\"ai-center-markdown-li\"><strong class=\"ai-center-markdown-strong\">Exploitation rapide de l'\u00e9chantillon<\/strong>: Nous offrons des \u00e9chantillons en stock dans les 7 jours et des \u00e9chantillons imprim\u00e9s sur mesure dans les 15 jours.<\/li>\n<li class=\"ai-center-markdown-li\"><strong class=\"ai-center-markdown-strong\">D\u00e9lai de livraison efficace<\/strong>: Notre d\u00e9lai de livraison est seulement de 35 jours, assurant la livraison en temps opportun.<\/li>\n<li class=\"ai-center-markdown-li\"><strong class=\"ai-center-markdown-strong\">Expertise industrielle<\/strong>Avec plus de 10 ans d'exp\u00e9rience dans l'emballage cosm\u00e9tique, nous apportons une expertise in\u00e9gal\u00e9e \u00e0 la table.<\/li>\n<li class=\"ai-center-markdown-li\"><strong class=\"ai-center-markdown-strong\">usine directe<\/strong>: Profitez des meilleurs prix et services directement de notre usine.<\/li>\n<li class=\"ai-center-markdown-li\"><strong class=\"ai-center-markdown-strong\">Solutions compl\u00e8tes<\/strong>: Nous offrons une solution unique pour tous vos besoins en emballage cosm\u00e9tique.<\/li>\n<\/ol>\n<h3 id=\"who-are-we\" class=\"ai-center-markdown-h3\">Qui sommes-nous ?<\/h3>\n<p class=\"ai-center-markdown-p\">Nous sommes une soci\u00e9t\u00e9 professionnelle d'emballage cosm\u00e9tique bas\u00e9e \u00e0 Zhejiang, Chine, fond\u00e9e en 2014. Notre port\u00e9e sur le march\u00e9 comprend :<\/p>\n<ul class=\"ai-center-markdown-ul\">\n<li class=\"ai-center-markdown-li\">March\u00e9 int\u00e9rieur (70,00%)<\/li>\n<li class=\"ai-center-markdown-li\">Oc\u00e9anie (8,00 %)<\/li>\n<li class=\"ai-center-markdown-li\">Moyen-Orient (7,00 %)<\/li>\n<li class=\"ai-center-markdown-li\">Asie de l &apos; Est (2,00 %)<\/li>\n<li class=\"ai-center-markdown-li\">Am\u00e9rique du Nord (2,00 %)<\/li>\n<li class=\"ai-center-markdown-li\">Europe occidentale (2,00 %)<\/li>\n<li class=\"ai-center-markdown-li\">Asie du Sud-Est (2,00 %)<\/li>\n<li class=\"ai-center-markdown-li\">Asie du Sud (1,00 %)<\/li>\n<li class=\"ai-center-markdown-li\">Am\u00e9rique du Sud (1,00 %)<\/li>\n<li class=\"ai-center-markdown-li\">Europe du Sud (1,00%)<\/li>\n<li class=\"ai-center-markdown-li\">Am\u00e9rique centrale (1,00 %)<\/li>\n<li class=\"ai-center-markdown-li\">Europe du Nord (1,00%)<\/li>\n<li class=\"ai-center-markdown-li\">Afrique (1,00 %)<\/li>\n<li class=\"ai-center-markdown-li\">Europe de l'Est (1,00%)<\/li>\n<\/ul>\n<h3 id=\"how-can-we-guarantee-quality\" class=\"ai-center-markdown-h3\">Comment pouvons-nous garantir la qualit\u00e9?<\/h3>\n<ul class=\"ai-center-markdown-ul\">\n<li class=\"ai-center-markdown-li\"><strong class=\"ai-center-markdown-strong\">\u00c9chantillons de pr\u00e9-production<\/strong>: Nous fournissons toujours un \u00e9chantillon de pr\u00e9-production avant la production en masse pour assurer la pr\u00e9cision.<\/li>\n<li class=\"ai-center-markdown-li\"><strong class=\"ai-center-markdown-strong\">Inspection finale<\/strong>: Nous effectuons une inspection finale approfondie avant l'exp\u00e9dition pour maintenir des normes de haute qualit\u00e9.<\/li>\n<\/ul>\n<h3 id=\"what-can-you-buy-from-us\" class=\"ai-center-markdown-h3\">Que pouvez-vous acheter de nous?<\/h3>\n<ul class=\"ai-center-markdown-ul\">\n<li class=\"ai-center-markdown-li\"><strong class=\"ai-center-markdown-strong\">Bouteilles en verre<\/strong><\/li>\n<li class=\"ai-center-markdown-li\"><strong class=\"ai-center-markdown-strong\">Bouteilles en plastique \/ bocaux \/ tubes<\/strong><\/li>\n<li class=\"ai-center-markdown-li\"><strong class=\"ai-center-markdown-strong\">Bouteilles en aluminium \/ bocaux \/ tubes<\/strong><\/li>\n<li class=\"ai-center-markdown-li\"><strong class=\"ai-center-markdown-strong\">Mat\u00e9riaux d'emballage cosm\u00e9tiques<\/strong><\/li>\n<\/ul>\n<h3 id=\"what-services-can-we-provide\" class=\"ai-center-markdown-h3\">Quels services pouvons-nous fournir?<\/h3>\n<ul class=\"ai-center-markdown-ul\">\n<li class=\"ai-center-markdown-li\"><strong class=\"ai-center-markdown-strong\">Conditions de livraison<\/strong>: FOB, CFR, CIF<\/li>\n<li class=\"ai-center-markdown-li\"><strong class=\"ai-center-markdown-strong\">Monnaies de paiement<\/strong>: USD, EUR, HKD, CNY<\/li>\n<li class=\"ai-center-markdown-li\"><strong class=\"ai-center-markdown-strong\">Types de paiement<\/strong>: T\/T, L\/C, D\/P, D\/A<\/li>\n<\/ul>\n<p class=\"ai-center-markdown-p\">Avec notre vaste exp\u00e9rience, nos solutions compl\u00e8tes et notre engagement envers la qualit\u00e9, nous sommes votre partenaire id\u00e9al pour l'emballage cosm\u00e9tique.<\/p>","protected":false},"excerpt":{"rendered":"<p>Mat\u00e9riau: verre<\/p>\n<p>Capacit\u00e9: 30 ml<\/p>\n<p>Taille: OD 41 mm;<\/p>\n<p>Couleur: accepter personnalis\u00e9 (toute couleur Pantone disponible)<\/p>\n<p>Application: Les bouteilles de parfum servent \u00e0 la fois des fins fonctionnelles et esth\u00e9tiques dans l'industrie des parfums.<\/p>\n<p>Finition de surface: impression d'\u00e9cran, estampage chaud, gradient de pulv\u00e9risation, finition mate, etc.<\/p>\n<p>MOQ: 5000pcs<\/p>\n<p>\u00c9chantillon: \u00e9chantillons gratuits disponibles<\/p>\n<p>&nbsp;<\/p>\n<p>&nbsp;<\/p>","protected":false},"featured_media":1334,"comment_status":"closed","ping_status":"closed","template":"","meta":{"_acf_changed":false},"product_brand":[],"product_cat":[17],"product_tag":[37],"class_list":{"0":"post-127","1":"product","2":"type-product","3":"status-publish","4":"has-post-thumbnail","6":"product_cat-perfume-bottle","7":"product_tag-perfume-bottle","9":"first","10":"outofstock","11":"shipping-taxable","12":"product-type-simple"},"acf":[],"_links":{"self":[{"href":"https:\/\/www.cosmepak.com\/fr\/wp-json\/wp\/v2\/product\/127","targetHints":{"allow":["GET"]}}],"collection":[{"href":"https:\/\/www.cosmepak.com\/fr\/wp-json\/wp\/v2\/product"}],"about":[{"href":"https:\/\/www.cosmepak.com\/fr\/wp-json\/wp\/v2\/types\/product"}],"replies":[{"embeddable":true,"href":"https:\/\/www.cosmepak.com\/fr\/wp-json\/wp\/v2\/comments?post=127"}],"wp:featuredmedia":[{"embeddable":true,"href":"https:\/\/www.cosmepak.com\/fr\/wp-json\/wp\/v2\/media\/1334"}],"wp:attachment":[{"href":"https:\/\/www.cosmepak.com\/fr\/wp-json\/wp\/v2\/media?parent=127"}],"wp:term":[{"taxonomy":"product_brand","embeddable":true,"href":"https:\/\/www.cosmepak.com\/fr\/wp-json\/wp\/v2\/product_brand?post=127"},{"taxonomy":"product_cat","embeddable":true,"href":"https:\/\/www.cosmepak.com\/fr\/wp-json\/wp\/v2\/product_cat?post=127"},{"taxonomy":"product_tag","embeddable":true,"href":"https:\/\/www.cosmepak.com\/fr\/wp-json\/wp\/v2\/product_tag?post=127"}],"curies":[{"name":"WP","href":"https:\/\/api.w.org\/{rel}","templated":true}]}}