{"id":1287,"date":"2025-03-18T13:50:06","date_gmt":"2025-03-18T05:50:06","guid":{"rendered":"https:\/\/www.cosmepak.com\/?post_type=product&#038;p=1287"},"modified":"2025-09-29T17:32:06","modified_gmt":"2025-09-29T09:32:06","slug":"250ml-450ml-pet-lotion-shampoo-bottle","status":"publish","type":"product","link":"https:\/\/www.cosmepak.com\/fr\/product\/250ml-450ml-pet-lotion-shampoo-bottle\/","title":{"rendered":"250ml 450ml PET Lotion Bouteille de shampooing"},"content":{"rendered":"<table style=\"border-collapse: collapse; width: 100.654%; height: 216px;\">\n<tbody>\n<tr style=\"height: 24px;\">\n<td style=\"width: 47.786%; height: 24px; text-align: center;\">Nom de produit<\/td>\n<td style=\"width: 68.6676%; height: 24px; text-align: center;\">Bouteille de shampooing lotion PETG 250ml<\/td>\n<\/tr>\n<tr style=\"height: 24px;\">\n<td style=\"width: 47.786%; height: 24px; text-align: center;\">Mat\u00e9riel<\/td>\n<td style=\"width: 68.6676%; height: 24px; text-align: center;\">PETG<\/td>\n<\/tr>\n<tr style=\"height: 24px;\">\n<td style=\"width: 47.786%; height: 24px; text-align: center;\">Couleur<\/td>\n<td style=\"width: 68.6676%; height: 24px; text-align: center;\">Personnalis\u00e9<\/td>\n<\/tr>\n<tr style=\"height: 24px;\">\n<td style=\"width: 47.786%; height: 24px; text-align: center;\">Traitement des \u0153uvres<\/td>\n<td style=\"width: 68.6676%; height: 24px; text-align: center;\">Serigraphie\/estampage \u00e0 chaud\/rev\u00eatement~<\/td>\n<\/tr>\n<tr style=\"height: 24px;\">\n<td style=\"width: 47.786%; height: 24px; text-align: center;\">Capacit\u00e9<\/td>\n<td style=\"width: 68.6676%; height: 24px; text-align: center;\">250ml \/ 450ml<\/td>\n<\/tr>\n<tr style=\"height: 24px;\">\n<td style=\"width: 47.786%; height: 24px; text-align: center;\">MOQ<\/td>\n<td style=\"width: 68.6676%; height: 24px; text-align: center;\">10000<\/td>\n<\/tr>\n<tr style=\"height: 24px;\">\n<td style=\"width: 47.786%; height: 24px; text-align: center;\">D\u00e9lai de mise en \u0153uvre<\/td>\n<td style=\"width: 68.6676%; height: 24px; text-align: center;\">30 jours apr\u00e8s r\u00e9ception du d\u00e9p\u00f4t.<\/td>\n<\/tr>\n<tr style=\"height: 24px;\">\n<td style=\"width: 47.786%; height: 24px; text-align: center;\">Paiement<\/td>\n<td style=\"width: 68.6676%; height: 24px; text-align: center;\">30% de d\u00e9p\u00f4t, 70% d'\u00e9quilibre pay\u00e9 avant le chargement.<\/td>\n<\/tr>\n<tr style=\"height: 24px;\">\n<td style=\"width: 47.786%; height: 24px; text-align: center;\">Emballage<\/td>\n<td style=\"width: 68.6676%; height: 24px; text-align: center;\">Bo\u00eete en papier kraft et palette en bois<\/td>\n<\/tr>\n<\/tbody>\n<\/table>\n<p><img fetchpriority=\"high\" decoding=\"async\" class=\"size-full wp-image-3046 aligncenter\" src=\"https:\/\/www.cosmepak.com\/wp-content\/uploads\/2025\/03\/\u8be6\u60c5-10.jpg\" alt=\"\" width=\"1000\" height=\"1000\" srcset=\"https:\/\/www.cosmepak.com\/wp-content\/uploads\/2025\/03\/\u8be6\u60c5-10.jpg 1000w, https:\/\/www.cosmepak.com\/wp-content\/uploads\/2025\/03\/\u8be6\u60c5-10-300x300.jpg 300w, https:\/\/www.cosmepak.com\/wp-content\/uploads\/2025\/03\/\u8be6\u60c5-10-150x150.jpg 150w, https:\/\/www.cosmepak.com\/wp-content\/uploads\/2025\/03\/\u8be6\u60c5-10-768x768.jpg 768w, https:\/\/www.cosmepak.com\/wp-content\/uploads\/2025\/03\/\u8be6\u60c5-10-12x12.jpg 12w, https:\/\/www.cosmepak.com\/wp-content\/uploads\/2025\/03\/\u8be6\u60c5-10-600x600.jpg 600w, https:\/\/www.cosmepak.com\/wp-content\/uploads\/2025\/03\/\u8be6\u60c5-10-100x100.jpg 100w\" sizes=\"(max-width: 1000px) 100vw, 1000px\" \/><\/p>\n<table style=\"border-collapse: collapse; width: 100%; height: 48px;\">\n<tbody>\n<tr style=\"height: 24px;\">\n<td style=\"width: 16.3673%; text-align: center; height: 24px;\"><strong>Capacit\u00e9<\/strong><\/td>\n<td style=\"width: 18.4214%; text-align: center;\"><strong>Hauteur totale<\/strong><\/td>\n<td style=\"width: 15.8959%; text-align: center; height: 24px;\"><strong>Dia<\/strong><\/td>\n<td style=\"width: 17.5414%; text-align: center; height: 24px;\"><strong>Hauteur de bouteille<\/strong><\/td>\n<td style=\"width: 17.8994%; text-align: center; height: 24px;\"><strong>Hauteur imprimable<\/strong><\/td>\n<td style=\"width: 13.8746%; text-align: center;\"><strong>Poids<\/strong><\/td>\n<\/tr>\n<tr style=\"height: 24px;\">\n<td style=\"width: 16.3673%; text-align: center; height: 24px;\">250 ml<\/td>\n<td style=\"width: 18.4214%; text-align: center;\">150 ml<\/td>\n<td style=\"width: 15.8959%; text-align: center; height: 24px;\">67 mm<\/td>\n<td style=\"width: 17.5414%; text-align: center; height: 24px;\">92 mm<\/td>\n<td style=\"width: 17.8994%; text-align: center; height: 24px;\">54 mm<\/td>\n<td style=\"width: 13.8746%; text-align: center;\">68.3g<\/td>\n<\/tr>\n<\/tbody>\n<\/table>\n<table style=\"border-collapse: collapse; width: 100%;\">\n<tbody>\n<tr>\n<td style=\"width: 20%; text-align: center;\"><strong>Article\u00a0<\/strong><\/td>\n<td style=\"width: 20%; text-align: center;\"><strong>Qt\u00e9 de package<\/strong><\/td>\n<td style=\"width: 20%; text-align: center;\"><strong>Taille de carton<\/strong><\/td>\n<td style=\"width: 20%; text-align: center;\"><strong>NW<\/strong><\/td>\n<td style=\"width: 20%; text-align: center;\"><strong>GW<\/strong><\/td>\n<\/tr>\n<tr>\n<td style=\"width: 20%; text-align: center;\">Pompe<\/td>\n<td style=\"width: 20%; text-align: center;\">400 pi\u00e8ces<\/td>\n<td style=\"width: 20%; text-align: center;\">57*47*36<\/td>\n<td style=\"width: 20%; text-align: center;\">14.5kg<\/td>\n<td style=\"width: 20%; text-align: center;\">12.8kg<\/td>\n<\/tr>\n<tr>\n<td style=\"width: 20%; text-align: center;\">Bouteille<\/td>\n<td style=\"width: 20%; text-align: center;\">180pcs<\/td>\n<td style=\"width: 20%; text-align: center;\">64*37*39<\/td>\n<td style=\"width: 20%; text-align: center;\">6.5kg<\/td>\n<td style=\"width: 20%; text-align: center;\">8.2kg<\/td>\n<\/tr>\n<\/tbody>\n<\/table>\n<p><img decoding=\"async\" class=\"size-full wp-image-3047 aligncenter\" src=\"https:\/\/www.cosmepak.com\/wp-content\/uploads\/2025\/03\/450ml-2.jpg\" alt=\"\" width=\"1000\" height=\"1000\" srcset=\"https:\/\/www.cosmepak.com\/wp-content\/uploads\/2025\/03\/450ml-2.jpg 1000w, https:\/\/www.cosmepak.com\/wp-content\/uploads\/2025\/03\/450ml-2-300x300.jpg 300w, https:\/\/www.cosmepak.com\/wp-content\/uploads\/2025\/03\/450ml-2-150x150.jpg 150w, https:\/\/www.cosmepak.com\/wp-content\/uploads\/2025\/03\/450ml-2-768x768.jpg 768w, https:\/\/www.cosmepak.com\/wp-content\/uploads\/2025\/03\/450ml-2-12x12.jpg 12w, https:\/\/www.cosmepak.com\/wp-content\/uploads\/2025\/03\/450ml-2-600x600.jpg 600w, https:\/\/www.cosmepak.com\/wp-content\/uploads\/2025\/03\/450ml-2-100x100.jpg 100w\" sizes=\"(max-width: 1000px) 100vw, 1000px\" \/><\/p>\n<table style=\"border-collapse: collapse; width: 100%; height: 120px;\">\n<tbody>\n<tr style=\"height: 24px;\">\n<td style=\"width: 15.6264%; text-align: center; height: 24px;\">Capacit\u00e9<\/td>\n<td style=\"width: 18.0726%; text-align: center; height: 24px;\">Hauteur totale<\/td>\n<td style=\"width: 15.9229%; text-align: center; height: 24px;\">Dia<\/td>\n<td style=\"width: 17.0348%; text-align: center; height: 24px;\">Hauteur de bouteille<\/td>\n<td style=\"width: 16.0786%; text-align: center; height: 24px;\">Hauteur imprimable<\/td>\n<td style=\"width: 17.2647%; text-align: center;\">Poids<\/td>\n<\/tr>\n<tr style=\"height: 24px;\">\n<td style=\"width: 15.6264%; text-align: center; height: 24px;\">450 ml<\/td>\n<td style=\"width: 18.0726%; text-align: center; height: 24px;\">168mm<\/td>\n<td style=\"width: 15.9229%; text-align: center; height: 24px;\">67 mm<\/td>\n<td style=\"width: 17.0348%; text-align: center; height: 24px;\">140mm<\/td>\n<td style=\"width: 16.0786%; text-align: center; height: 24px;\">105 mm<\/td>\n<td style=\"width: 17.2647%; text-align: center;\">88.8g<\/td>\n<\/tr>\n<\/tbody>\n<\/table>\n<table style=\"border-collapse: collapse; width: 100%;\">\n<tbody>\n<tr>\n<td style=\"width: 20%; text-align: center;\"><strong>Article\u00a0<\/strong><\/td>\n<td style=\"width: 20%; text-align: center;\"><strong>Qt\u00e9 de package<\/strong><\/td>\n<td style=\"width: 20%; text-align: center;\"><strong>Taille de carton<\/strong><\/td>\n<td style=\"width: 20%; text-align: center;\"><strong>NW<\/strong><\/td>\n<td style=\"width: 20%; text-align: center;\"><strong>GW<\/strong><\/td>\n<\/tr>\n<tr>\n<td style=\"width: 20%; text-align: center;\">450 ml<\/td>\n<td style=\"width: 20%; text-align: center;\">120 pi\u00e8ces<\/td>\n<td style=\"width: 20%; text-align: center;\">56*35*43<\/td>\n<td style=\"width: 20%; text-align: center;\">6.6KG<\/td>\n<td style=\"width: 20%; text-align: center;\">8.3KG<\/td>\n<\/tr>\n<\/tbody>\n<\/table>\n<p>Cette bouteille de mousse Mu Si a 250ml et 450ml deux capacit\u00e9 pour vous de choisir. Il dispose d'une conception carr\u00e9e, le corps de bouteille PETG et le col \u00e0 vis sont simples \u00e0 utiliser, permettant un fonctionnement simple sans inqui\u00e9tudes de fuite. Ecologique et r\u00e9utilisable, il est id\u00e9al pour le remplissage hygi\u00e9nique, tout en \u00e9tant r\u00e9sistant aux brisures et durable. \u00c9quip\u00e9 d'une pompe scientifique, il offre un pressage sans effort, produisant une mousse fine et riche \u00e0 chaque fois que vous l'utilisez.<\/p>\n<p>Il a beaucoup de couleurs pour vous de choisir, comme la couleur transparente claire; couleur blanche; couleur transparente rose; couleur transparente bleue; couleur transparente vert durk; couleur transparente marron; nous soutenons \u00e9galement la personnalisation avec votre couleur pantone.<\/p>\n<p>Nous soutenons \u00e9galement le service d'impression personnalis\u00e9e du logo; service d'\u00e9tiquetage, etc.<\/p>\n<p>Si vous \u00eates int\u00e9ress\u00e9 par ces bouteilles, n'h\u00e9sitez pas \u00e0 nous contacter.<\/p>\n<table style=\"border-collapse: collapse; width: 100%; height: 989px;\">\n<tbody>\n<tr style=\"height: 965px;\">\n<td style=\"width: 66.6666%; height: 965px;\" colspan=\"2\"><img decoding=\"async\" class=\"size-full wp-image-3048 aligncenter\" src=\"https:\/\/www.cosmepak.com\/wp-content\/uploads\/2025\/03\/450ml-5.jpg\" alt=\"\" width=\"1000\" height=\"1000\" srcset=\"https:\/\/www.cosmepak.com\/wp-content\/uploads\/2025\/03\/450ml-5.jpg 1000w, https:\/\/www.cosmepak.com\/wp-content\/uploads\/2025\/03\/450ml-5-300x300.jpg 300w, https:\/\/www.cosmepak.com\/wp-content\/uploads\/2025\/03\/450ml-5-150x150.jpg 150w, https:\/\/www.cosmepak.com\/wp-content\/uploads\/2025\/03\/450ml-5-768x768.jpg 768w, https:\/\/www.cosmepak.com\/wp-content\/uploads\/2025\/03\/450ml-5-12x12.jpg 12w, https:\/\/www.cosmepak.com\/wp-content\/uploads\/2025\/03\/450ml-5-600x600.jpg 600w, https:\/\/www.cosmepak.com\/wp-content\/uploads\/2025\/03\/450ml-5-100x100.jpg 100w\" sizes=\"(max-width: 1000px) 100vw, 1000px\" \/><\/td>\n<\/tr>\n<tr style=\"height: 24px;\">\n<td style=\"width: 33.3333%; height: 24px;\"><img loading=\"lazy\" decoding=\"async\" class=\"alignnone size-full wp-image-3049\" src=\"https:\/\/www.cosmepak.com\/wp-content\/uploads\/2025\/03\/\u8be6\u60c5-5.jpg\" alt=\"\" width=\"790\" height=\"831\" srcset=\"https:\/\/www.cosmepak.com\/wp-content\/uploads\/2025\/03\/\u8be6\u60c5-5.jpg 790w, https:\/\/www.cosmepak.com\/wp-content\/uploads\/2025\/03\/\u8be6\u60c5-5-285x300.jpg 285w, https:\/\/www.cosmepak.com\/wp-content\/uploads\/2025\/03\/\u8be6\u60c5-5-768x808.jpg 768w, https:\/\/www.cosmepak.com\/wp-content\/uploads\/2025\/03\/\u8be6\u60c5-5-11x12.jpg 11w, https:\/\/www.cosmepak.com\/wp-content\/uploads\/2025\/03\/\u8be6\u60c5-5-600x631.jpg 600w\" sizes=\"(max-width: 790px) 100vw, 790px\" \/><\/td>\n<td style=\"width: 33.3333%; height: 24px;\"><img loading=\"lazy\" decoding=\"async\" class=\"alignnone size-full wp-image-3050\" src=\"https:\/\/www.cosmepak.com\/wp-content\/uploads\/2025\/03\/450ml-4.jpg\" alt=\"\" width=\"790\" height=\"866\" srcset=\"https:\/\/www.cosmepak.com\/wp-content\/uploads\/2025\/03\/450ml-4.jpg 790w, https:\/\/www.cosmepak.com\/wp-content\/uploads\/2025\/03\/450ml-4-274x300.jpg 274w, https:\/\/www.cosmepak.com\/wp-content\/uploads\/2025\/03\/450ml-4-768x842.jpg 768w, https:\/\/www.cosmepak.com\/wp-content\/uploads\/2025\/03\/450ml-4-11x12.jpg 11w, https:\/\/www.cosmepak.com\/wp-content\/uploads\/2025\/03\/450ml-4-600x658.jpg 600w\" sizes=\"(max-width: 790px) 100vw, 790px\" \/><\/td>\n<\/tr>\n<\/tbody>\n<\/table>\n<p style=\"text-align: center;\">\u00c0 PROPOS DE NOUS<\/p>\n<p>Hangzhou Juance Industrial Co., Ltd a fond\u00e9 en Ann\u00e9e de 2014, notre groupe d'\u00e9quipe a travaill\u00e9 avec l'emballage cosm\u00e9tique industriel pour plus de 20years. nous sommes professionnels dans ce fichier, nous soutenons \u00e9galement la solution \u00e0 guichet unique dans l'emballage cosm\u00e9tique.<\/p>\n<p>Une division claire du travail est essentielle au bon fonctionnement de toute organisation. Il am\u00e9liore non seulement l'efficacit\u00e9 et la responsabilisation, mais il assure \u00e9galement que chaque \u00e9tape du processus est ex\u00e9cut\u00e9e selon les normes les plus \u00e9lev\u00e9es. En contr\u00f4lant strictement chaque phase, les organisations peuvent obtenir de meilleurs r\u00e9sultats et maintenir un avantage concurrentiel.<\/p>\n<p>S'il vous pla\u00eet Rejoignez-nous, gagnons gagnons ensemble.<\/p>\n<p><img loading=\"lazy\" decoding=\"async\" class=\"alignnone size-full wp-image-2556\" src=\"https:\/\/www.cosmepak.com\/wp-content\/uploads\/2025\/06\/packaging.webp\" alt=\"emballage\" width=\"1920\" height=\"885\" srcset=\"https:\/\/www.cosmepak.com\/wp-content\/uploads\/2025\/06\/packaging.webp 1920w, https:\/\/www.cosmepak.com\/wp-content\/uploads\/2025\/06\/packaging-300x138.webp 300w, https:\/\/www.cosmepak.com\/wp-content\/uploads\/2025\/06\/packaging-1024x472.webp 1024w, https:\/\/www.cosmepak.com\/wp-content\/uploads\/2025\/06\/packaging-768x354.webp 768w, https:\/\/www.cosmepak.com\/wp-content\/uploads\/2025\/06\/packaging-1536x708.webp 1536w, https:\/\/www.cosmepak.com\/wp-content\/uploads\/2025\/06\/packaging-18x8.webp 18w, https:\/\/www.cosmepak.com\/wp-content\/uploads\/2025\/06\/packaging-600x277.webp 600w\" sizes=\"(max-width: 1920px) 100vw, 1920px\" \/><\/p>\n<p>&nbsp;<\/p>","protected":false},"excerpt":{"rendered":"<p>Capacit\u00e9: 250ml et 450ml<\/p>\n<p>Mat\u00e9riel : PETG<\/p>\n<p>Couleur: Couleur d'injection personnalis\u00e9e<\/p>\n<p>Personnalisation du processus: s\u00e9rigraphie, estampage \u00e0 chaud, \u00e9tiquetage, gla\u00e7age, galvanoplastie, couleur, etc.<\/p>\n<p>MOQ: 3000pcs \/ 10000pcs sur mesure<\/p>","protected":false},"featured_media":3051,"comment_status":"closed","ping_status":"closed","template":"","meta":{"_acf_changed":false},"product_brand":[],"product_cat":[47,18],"product_tag":[],"class_list":{"0":"post-1287","1":"product","2":"type-product","3":"status-publish","4":"has-post-thumbnail","6":"product_cat-lotion-bottle","7":"product_cat-plastic-bottle","9":"first","10":"outofstock","11":"shipping-taxable","12":"product-type-simple"},"acf":[],"_links":{"self":[{"href":"https:\/\/www.cosmepak.com\/fr\/wp-json\/wp\/v2\/product\/1287","targetHints":{"allow":["GET"]}}],"collection":[{"href":"https:\/\/www.cosmepak.com\/fr\/wp-json\/wp\/v2\/product"}],"about":[{"href":"https:\/\/www.cosmepak.com\/fr\/wp-json\/wp\/v2\/types\/product"}],"replies":[{"embeddable":true,"href":"https:\/\/www.cosmepak.com\/fr\/wp-json\/wp\/v2\/comments?post=1287"}],"wp:featuredmedia":[{"embeddable":true,"href":"https:\/\/www.cosmepak.com\/fr\/wp-json\/wp\/v2\/media\/3051"}],"wp:attachment":[{"href":"https:\/\/www.cosmepak.com\/fr\/wp-json\/wp\/v2\/media?parent=1287"}],"wp:term":[{"taxonomy":"product_brand","embeddable":true,"href":"https:\/\/www.cosmepak.com\/fr\/wp-json\/wp\/v2\/product_brand?post=1287"},{"taxonomy":"product_cat","embeddable":true,"href":"https:\/\/www.cosmepak.com\/fr\/wp-json\/wp\/v2\/product_cat?post=1287"},{"taxonomy":"product_tag","embeddable":true,"href":"https:\/\/www.cosmepak.com\/fr\/wp-json\/wp\/v2\/product_tag?post=1287"}],"curies":[{"name":"WP","href":"https:\/\/api.w.org\/{rel}","templated":true}]}}