{"id":1352,"date":"2025-03-26T10:38:33","date_gmt":"2025-03-26T02:38:33","guid":{"rendered":"https:\/\/www.cosmepak.com\/?post_type=product&#038;p=1352"},"modified":"2025-10-21T13:10:50","modified_gmt":"2025-10-21T05:10:50","slug":"glass-bottle-30ml-50ml-100ml-perfume-bottle-jaunce","status":"publish","type":"product","link":"https:\/\/www.cosmepak.com\/fr\/product\/glass-bottle-30ml-50ml-100ml-perfume-bottle-jaunce\/","title":{"rendered":"Bouteille en verre-30ml 50ml 100ml Bouteille de parfum\/Jaunce"},"content":{"rendered":"<table style=\"border-collapse: collapse; width: 100%; height: 240px;\">\n<tbody>\n<tr style=\"height: 24px;\">\n<td style=\"width: 47.5571%; height: 24px; text-align: center;\">Marque<\/td>\n<td style=\"width: 52.4429%; height: 24px; text-align: center;\">\u00a0Jaunce<\/td>\n<\/tr>\n<tr style=\"height: 24px;\">\n<td style=\"width: 47.5571%; height: 24px; text-align: center;\">Capacit\u00e9<\/td>\n<td style=\"width: 52.4429%; height: 24px; text-align: center;\">30ml \/ 50ml \/ 100ml<\/td>\n<\/tr>\n<tr style=\"height: 24px;\">\n<td style=\"width: 47.5571%; height: 24px; text-align: center;\">Forme<\/td>\n<td style=\"width: 52.4429%; height: 24px; text-align: center;\">Rond<\/td>\n<\/tr>\n<tr style=\"height: 24px;\">\n<td style=\"width: 47.5571%; height: 24px; text-align: center;\">Cou<\/td>\n<td style=\"width: 52.4429%; height: 24px; text-align: center;\">15 mm<\/td>\n<\/tr>\n<tr style=\"height: 24px;\">\n<td style=\"width: 47.5571%; height: 24px; text-align: center;\">Convenable<\/td>\n<td style=\"width: 52.4429%; height: 24px; text-align: center;\">Spray \/ casquette de brume<\/td>\n<\/tr>\n<tr style=\"height: 24px;\">\n<td style=\"width: 47.5571%; height: 24px; text-align: center;\">OEM \/ ODM<\/td>\n<td style=\"width: 52.4429%; height: 24px; text-align: center;\">Accepter<\/td>\n<\/tr>\n<tr style=\"height: 24px;\">\n<td style=\"width: 47.5571%; height: 24px; text-align: center;\">Couleur<\/td>\n<td style=\"width: 52.4429%; height: 24px; text-align: center;\">Personnalis\u00e9<\/td>\n<\/tr>\n<tr style=\"height: 24px;\">\n<td style=\"width: 47.5571%; height: 24px; text-align: center;\">MOQ<\/td>\n<td style=\"width: 52.4429%; height: 24px; text-align: center;\">G\u00e9n\u00e9ral 5000pcs;<\/td>\n<\/tr>\n<\/tbody>\n<\/table>\n<table style=\"border-collapse: collapse; width: 100%; height: 96px;\">\n<tbody>\n<tr style=\"height: 24px;\">\n<td style=\"width: 25%; text-align: center; height: 24px;\"><strong>Mod\u00e8le<\/strong><\/td>\n<td style=\"width: 25%; text-align: center; height: 24px;\"><strong>Capacit\u00e9<\/strong><\/td>\n<td style=\"width: 25%; text-align: center; height: 24px;\"><strong>Diam\u00e8tre<\/strong><\/td>\n<td style=\"width: 25%; text-align: center; height: 24px;\"><strong>Hauteur<\/strong><\/td>\n<\/tr>\n<tr style=\"height: 24px;\">\n<td style=\"width: 25%; text-align: center; height: 24px;\">JH-XB077<\/td>\n<td style=\"width: 25%; text-align: center; height: 24px;\">30 ml<\/td>\n<td style=\"width: 25%; text-align: center; height: 24px;\">40 mm<\/td>\n<td style=\"width: 25%; text-align: center; height: 24px;\">82 mm<\/td>\n<\/tr>\n<tr style=\"height: 24px;\">\n<td style=\"width: 25%; text-align: center; height: 24px;\">JH-HGDO02<\/td>\n<td style=\"width: 25%; text-align: center; height: 24px;\">50 ml<\/td>\n<td style=\"width: 25%; text-align: center; height: 24px;\">44 mm<\/td>\n<td style=\"width: 25%; text-align: center; height: 24px;\">104 mm<\/td>\n<\/tr>\n<tr style=\"height: 24px;\">\n<td style=\"width: 25%; text-align: center; height: 24px;\">JH-GSH543<\/td>\n<td style=\"width: 25%; text-align: center; height: 24px;\">100 ml<\/td>\n<td style=\"width: 25%; text-align: center; height: 24px;\">54 mm<\/td>\n<td style=\"width: 25%; text-align: center; height: 24px;\">121mm<\/td>\n<\/tr>\n<\/tbody>\n<\/table>\n<p><img fetchpriority=\"high\" decoding=\"async\" class=\"size-full wp-image-3124 aligncenter\" src=\"https:\/\/www.cosmepak.com\/wp-content\/uploads\/2025\/03\/1-10.jpg\" alt=\"\" width=\"800\" height=\"800\" srcset=\"https:\/\/www.cosmepak.com\/wp-content\/uploads\/2025\/03\/1-10.jpg 800w, https:\/\/www.cosmepak.com\/wp-content\/uploads\/2025\/03\/1-10-300x300.jpg 300w, https:\/\/www.cosmepak.com\/wp-content\/uploads\/2025\/03\/1-10-150x150.jpg 150w, https:\/\/www.cosmepak.com\/wp-content\/uploads\/2025\/03\/1-10-768x768.jpg 768w, https:\/\/www.cosmepak.com\/wp-content\/uploads\/2025\/03\/1-10-12x12.jpg 12w, https:\/\/www.cosmepak.com\/wp-content\/uploads\/2025\/03\/1-10-600x600.jpg 600w, https:\/\/www.cosmepak.com\/wp-content\/uploads\/2025\/03\/1-10-100x100.jpg 100w\" sizes=\"(max-width: 800px) 100vw, 800px\" \/><\/p>\n<p>Jaunce m\u00e8ne \u00e0 la pousse<\/p>\n<p>cosm\u00e9trique packa<\/p>\n<p>par craft\u0628\u0648\u0635\u0629\u062c\u0631\u0627\u0645 nouveaux designs qui se connectent avec les gens m\u00e9trany. Leurs formes sp\u00e9ciales s'adaptent \u00e0 certains styles de marque tout en correspondant \u00e0 ce que les acheteurs aiment. Des motifs ronds, comme des pierres lisses ou du jade, se sentent chauds et c\u0623\u0648\u0642\u064a\u062a dans votre main. Ces formes repr\u00e9sentent la facilit\u00e9 et la libert\u00e9. Ils correspondent \u00e0 des odeurs douces et profondes.<\/p>\n<p>Mais les d\u00e9si\u062c\u0631\u0627mns boxy ou pointus montrent de nouvelles id\u00e9es et du courage. Ceux-ci conviennent aux personnes qui aiment les looks m\u00e9trodernes et les id\u00e9es fra\u00eeches. En donnant tant de choix, Jaunce s'assure que chaque acheteur trouve un design qui ressemble \u00e0 eux.<\/p>\n<p>Mat\u00e9riaux et F\u0628\u0648\u0635\u0629ishes qui stimulent l'appel fantaisie<\/p>\n<p>V\u00e9rifier la qualit\u00e9 de la bouteille<\/p>\n<p>Les picks m\u00e9traterials Jaunce jouent un r\u00f4le bi\u062c\u0631\u0627m poussa faire leurs bouteilles se sentent riches. Le verre de qualit\u00e9 sup\u00e9rieure est clair et fort. Cela permet de distinguer les d\u00e9tails. Des tops de pulv\u00e9risation d\u00e9licats ou des textures rugueuses ajoutent de la profondeur. Des morceaux de m\u00e9tal brillants, comme des bagues en or ou en argent, renforcent la classe de la bouteille.<\/p>\n<p>Jaunce utilise \u00e9galement des m\u00e9tamat\u00e9riaux \u062c\u0631\u0627\u0645\u0631\u064a\u0646 sans qualit\u00e9 ou beaut\u00e9. Cela attire les acheteurs qui se soucient de la plan\u00e8te. Il construit \u00e9galement son nom en tant que leader dans les nouvelles id\u00e9es.<\/p>\n<p>Conseils: F\u0628\u0648\u0635\u0629d Perfumetre par bouteille de forme pour correspondre \u00e0 votre format<\/p>\n<p>Pair\u0628\u0648\u0635\u0629\u062c\u0631\u0627\u0645 Votre personnalit\u00e9 avec les designs sp\u00e9ciaux de Jaunce<\/p>\n<p><img decoding=\"async\" class=\"alignnone wp-image-3125\" src=\"https:\/\/www.cosmepak.com\/wp-content\/uploads\/2025\/03\/1-1-2.jpg\" alt=\"\" width=\"1366\" height=\"1366\" srcset=\"https:\/\/www.cosmepak.com\/wp-content\/uploads\/2025\/03\/1-1-2.jpg 1000w, https:\/\/www.cosmepak.com\/wp-content\/uploads\/2025\/03\/1-1-2-300x300.jpg 300w, https:\/\/www.cosmepak.com\/wp-content\/uploads\/2025\/03\/1-1-2-150x150.jpg 150w, https:\/\/www.cosmepak.com\/wp-content\/uploads\/2025\/03\/1-1-2-768x768.jpg 768w, https:\/\/www.cosmepak.com\/wp-content\/uploads\/2025\/03\/1-1-2-12x12.jpg 12w, https:\/\/www.cosmepak.com\/wp-content\/uploads\/2025\/03\/1-1-2-600x600.jpg 600w, https:\/\/www.cosmepak.com\/wp-content\/uploads\/2025\/03\/1-1-2-100x100.jpg 100w\" sizes=\"(max-width: 1366px) 100vw, 1366px\" \/><\/p>\n<table style=\"border-collapse: collapse; width: 100%;\">\n<tbody>\n<tr>\n<td style=\"width: 33.3333%;\"><img decoding=\"async\" class=\"alignnone size-full wp-image-3126\" src=\"https:\/\/www.cosmepak.com\/wp-content\/uploads\/2025\/03\/1-4-3.jpg\" alt=\"\" width=\"1000\" height=\"1000\" srcset=\"https:\/\/www.cosmepak.com\/wp-content\/uploads\/2025\/03\/1-4-3.jpg 1000w, https:\/\/www.cosmepak.com\/wp-content\/uploads\/2025\/03\/1-4-3-300x300.jpg 300w, https:\/\/www.cosmepak.com\/wp-content\/uploads\/2025\/03\/1-4-3-150x150.jpg 150w, https:\/\/www.cosmepak.com\/wp-content\/uploads\/2025\/03\/1-4-3-768x768.jpg 768w, https:\/\/www.cosmepak.com\/wp-content\/uploads\/2025\/03\/1-4-3-12x12.jpg 12w, https:\/\/www.cosmepak.com\/wp-content\/uploads\/2025\/03\/1-4-3-600x600.jpg 600w, https:\/\/www.cosmepak.com\/wp-content\/uploads\/2025\/03\/1-4-3-100x100.jpg 100w\" sizes=\"(max-width: 1000px) 100vw, 1000px\" \/><\/td>\n<td style=\"width: 33.3333%;\"><img loading=\"lazy\" decoding=\"async\" class=\"alignnone size-full wp-image-3127\" src=\"https:\/\/www.cosmepak.com\/wp-content\/uploads\/2025\/03\/1-5-2.jpg\" alt=\"\" width=\"1000\" height=\"1000\" srcset=\"https:\/\/www.cosmepak.com\/wp-content\/uploads\/2025\/03\/1-5-2.jpg 1000w, https:\/\/www.cosmepak.com\/wp-content\/uploads\/2025\/03\/1-5-2-300x300.jpg 300w, https:\/\/www.cosmepak.com\/wp-content\/uploads\/2025\/03\/1-5-2-150x150.jpg 150w, https:\/\/www.cosmepak.com\/wp-content\/uploads\/2025\/03\/1-5-2-768x768.jpg 768w, https:\/\/www.cosmepak.com\/wp-content\/uploads\/2025\/03\/1-5-2-12x12.jpg 12w, https:\/\/www.cosmepak.com\/wp-content\/uploads\/2025\/03\/1-5-2-600x600.jpg 600w, https:\/\/www.cosmepak.com\/wp-content\/uploads\/2025\/03\/1-5-2-100x100.jpg 100w\" sizes=\"(max-width: 1000px) 100vw, 1000px\" \/><\/td>\n<td style=\"width: 33.3333%;\"><img loading=\"lazy\" decoding=\"async\" class=\"alignnone size-full wp-image-3128\" src=\"https:\/\/www.cosmepak.com\/wp-content\/uploads\/2025\/03\/1-7-2.jpg\" alt=\"\" width=\"1000\" height=\"1000\" srcset=\"https:\/\/www.cosmepak.com\/wp-content\/uploads\/2025\/03\/1-7-2.jpg 1000w, https:\/\/www.cosmepak.com\/wp-content\/uploads\/2025\/03\/1-7-2-300x300.jpg 300w, https:\/\/www.cosmepak.com\/wp-content\/uploads\/2025\/03\/1-7-2-150x150.jpg 150w, https:\/\/www.cosmepak.com\/wp-content\/uploads\/2025\/03\/1-7-2-768x768.jpg 768w, https:\/\/www.cosmepak.com\/wp-content\/uploads\/2025\/03\/1-7-2-12x12.jpg 12w, https:\/\/www.cosmepak.com\/wp-content\/uploads\/2025\/03\/1-7-2-600x600.jpg 600w, https:\/\/www.cosmepak.com\/wp-content\/uploads\/2025\/03\/1-7-2-100x100.jpg 100w\" sizes=\"(max-width: 1000px) 100vw, 1000px\" \/><\/td>\n<\/tr>\n<\/tbody>\n<\/table>\n<p>&nbsp;<\/p>","protected":false},"excerpt":{"rendered":"<p>Mat\u00e9riau: verre<\/p>\n<p>Capacit\u00e9: 30ml 50ml et 100ml<\/p>\n<p>Pompe: Spray de parfum brume<\/p>\n<p>Couleur: accepter personnalis\u00e9 (toute couleur Pantone disponible)<\/p>\n<p>Application: Les bouteilles de parfum servent \u00e0 la fois des fins fonctionnelles et esth\u00e9tiques dans l'industrie des parfums.<\/p>\n<p>Finition de surface: impression d'\u00e9cran, estampage chaud, gradient de pulv\u00e9risation, finition mate, etc.<\/p>\n<p>MOQ: 5000pcs<\/p>\n<p>\u00c9chantillon: \u00e9chantillons gratuits disponibles<\/p>\n<p>&nbsp;<\/p>\n<p>&nbsp;<\/p>","protected":false},"featured_media":3129,"comment_status":"closed","ping_status":"closed","template":"","meta":{"_acf_changed":false},"product_brand":[],"product_cat":[17],"product_tag":[37],"class_list":{"0":"post-1352","1":"product","2":"type-product","3":"status-publish","4":"has-post-thumbnail","6":"product_cat-perfume-bottle","7":"product_tag-perfume-bottle","9":"first","10":"outofstock","11":"shipping-taxable","12":"product-type-simple"},"acf":[],"_links":{"self":[{"href":"https:\/\/www.cosmepak.com\/fr\/wp-json\/wp\/v2\/product\/1352","targetHints":{"allow":["GET"]}}],"collection":[{"href":"https:\/\/www.cosmepak.com\/fr\/wp-json\/wp\/v2\/product"}],"about":[{"href":"https:\/\/www.cosmepak.com\/fr\/wp-json\/wp\/v2\/types\/product"}],"replies":[{"embeddable":true,"href":"https:\/\/www.cosmepak.com\/fr\/wp-json\/wp\/v2\/comments?post=1352"}],"wp:featuredmedia":[{"embeddable":true,"href":"https:\/\/www.cosmepak.com\/fr\/wp-json\/wp\/v2\/media\/3129"}],"wp:attachment":[{"href":"https:\/\/www.cosmepak.com\/fr\/wp-json\/wp\/v2\/media?parent=1352"}],"wp:term":[{"taxonomy":"product_brand","embeddable":true,"href":"https:\/\/www.cosmepak.com\/fr\/wp-json\/wp\/v2\/product_brand?post=1352"},{"taxonomy":"product_cat","embeddable":true,"href":"https:\/\/www.cosmepak.com\/fr\/wp-json\/wp\/v2\/product_cat?post=1352"},{"taxonomy":"product_tag","embeddable":true,"href":"https:\/\/www.cosmepak.com\/fr\/wp-json\/wp\/v2\/product_tag?post=1352"}],"curies":[{"name":"WP","href":"https:\/\/api.w.org\/{rel}","templated":true}]}}