{"id":136,"date":"2024-12-31T10:51:24","date_gmt":"2024-12-31T02:51:24","guid":{"rendered":"http:\/\/www.cosmepak.com\/?post_type=product&#038;p=136"},"modified":"2025-09-29T13:13:11","modified_gmt":"2025-09-29T05:13:11","slug":"pot-de-creme","status":"publish","type":"product","link":"https:\/\/www.cosmepak.com\/fr\/product\/cream-jar\/","title":{"rendered":"Pot de cr\u00e8me"},"content":{"rendered":"<table style=\"border-collapse: collapse; width: 100%; height: 96px;\">\n<tbody>\n<tr style=\"height: 24px;\">\n<td style=\"width: 17.689%; text-align: center; height: 24px;\" rowspan=\"4\"><img fetchpriority=\"high\" decoding=\"async\" class=\"alignnone size-full wp-image-3009\" src=\"https:\/\/www.cosmepak.com\/wp-content\/uploads\/2024\/12\/\u4e3b\u56fe-7.jpg\" alt=\"\" width=\"1000\" height=\"1000\" srcset=\"https:\/\/www.cosmepak.com\/wp-content\/uploads\/2024\/12\/\u4e3b\u56fe-7.jpg 1000w, https:\/\/www.cosmepak.com\/wp-content\/uploads\/2024\/12\/\u4e3b\u56fe-7-300x300.jpg 300w, https:\/\/www.cosmepak.com\/wp-content\/uploads\/2024\/12\/\u4e3b\u56fe-7-150x150.jpg 150w, https:\/\/www.cosmepak.com\/wp-content\/uploads\/2024\/12\/\u4e3b\u56fe-7-768x768.jpg 768w, https:\/\/www.cosmepak.com\/wp-content\/uploads\/2024\/12\/\u4e3b\u56fe-7-12x12.jpg 12w, https:\/\/www.cosmepak.com\/wp-content\/uploads\/2024\/12\/\u4e3b\u56fe-7-600x600.jpg 600w, https:\/\/www.cosmepak.com\/wp-content\/uploads\/2024\/12\/\u4e3b\u56fe-7-100x100.jpg 100w\" sizes=\"(max-width: 1000px) 100vw, 1000px\" \/><strong><br \/>\n<\/strong><\/td>\n<td style=\"width: 20.5801%; text-align: center; height: 24px;\"><strong>Capacit\u00e9<\/strong><\/td>\n<td style=\"width: 18.8473%; text-align: center; height: 24px;\"><strong>Diam\u00e8tre<\/strong><\/td>\n<td style=\"width: 22.8502%; text-align: center; height: 24px;\"><strong>Cou<\/strong><\/td>\n<td style=\"width: 20.0334%; text-align: center; height: 24px;\"><strong>Hauteur de bouteille<\/strong><\/td>\n<\/tr>\n<tr style=\"height: 24px;\">\n<td style=\"width: 20.5801%; text-align: center; height: 24px;\">80 ml<\/td>\n<td style=\"width: 18.8473%; text-align: center; height: 24px;\">60 mm<\/td>\n<td style=\"width: 22.8502%; text-align: center; height: 24px;\">56 mm<\/td>\n<td style=\"width: 20.0334%; text-align: center; height: 24px;\">46 mm<\/td>\n<\/tr>\n<tr style=\"height: 24px;\">\n<td style=\"width: 20.5801%; text-align: center; height: 24px;\">100 ml<\/td>\n<td style=\"width: 18.8473%; text-align: center; height: 24px;\">60 mm<\/td>\n<td style=\"width: 22.8502%; text-align: center; height: 24px;\">56 mm<\/td>\n<td style=\"width: 20.0334%; text-align: center; height: 24px;\">57.6mm<\/td>\n<\/tr>\n<tr style=\"height: 24px;\">\n<td style=\"width: 20.5801%; text-align: center; height: 24px;\">120 ml<\/td>\n<td style=\"width: 18.8473%; text-align: center; height: 24px;\">60 mm<\/td>\n<td style=\"width: 22.8502%; text-align: center; height: 24px;\">56 mm<\/td>\n<td style=\"width: 20.0334%; text-align: center; height: 24px;\">68 mm<\/td>\n<\/tr>\n<\/tbody>\n<\/table>\n<p><img decoding=\"async\" class=\"size-full wp-image-3010 aligncenter\" src=\"https:\/\/www.cosmepak.com\/wp-content\/uploads\/2024\/12\/\u8be6\u60c5-5.jpg\" alt=\"\" width=\"1000\" height=\"1000\" srcset=\"https:\/\/www.cosmepak.com\/wp-content\/uploads\/2024\/12\/\u8be6\u60c5-5.jpg 1000w, https:\/\/www.cosmepak.com\/wp-content\/uploads\/2024\/12\/\u8be6\u60c5-5-300x300.jpg 300w, https:\/\/www.cosmepak.com\/wp-content\/uploads\/2024\/12\/\u8be6\u60c5-5-150x150.jpg 150w, https:\/\/www.cosmepak.com\/wp-content\/uploads\/2024\/12\/\u8be6\u60c5-5-768x768.jpg 768w, https:\/\/www.cosmepak.com\/wp-content\/uploads\/2024\/12\/\u8be6\u60c5-5-12x12.jpg 12w, https:\/\/www.cosmepak.com\/wp-content\/uploads\/2024\/12\/\u8be6\u60c5-5-600x600.jpg 600w, https:\/\/www.cosmepak.com\/wp-content\/uploads\/2024\/12\/\u8be6\u60c5-5-100x100.jpg 100w\" sizes=\"(max-width: 1000px) 100vw, 1000px\" \/><\/p>\n<div class=\"ace-line\" dir=\"auto\" data-node=\"true\"><span data-string=\"true\" data-enter=\"true\" data-leaf=\"true\">Nos pots de cr\u00e8me en plastique r\u00e9pondent non seulement \u00e0 des besoins divers avec des sp\u00e9cifications pr\u00e9cises, mais se distinguent \u00e9galement comme le partenaire d'emballage id\u00e9al pour vos produits, il a une philosophie environnementale exceptionnelle, des services de personnalisation flexibles et une large gamme de sc\u00e9narios d'application. \u200b<\/span><\/div>\n<div class=\"ace-line heading-h2\" dir=\"auto\" data-node=\"true\"><span data-leaf=\"true\"><span class=\"lb\">1. Tailles multiples disponibles pour r\u00e9pondre \u00e0 diff\u00e9rents besoins de produit<\/span><\/span><span data-string=\"true\" data-enter=\"true\" data-leaf=\"true\">Metrake thbusatagrams simpler. Les couleurs et les textures vous excitent par le produit. Jaunce m\u00e9lange ces choses pour rendre leur emballage pratique et amusant. Cela fait que les clients aiment utiliser leur cr\u00e8me \u00e0 l\u00e8vres tous les jours. C\u2019est comme avoir un jouet pr\u00e9f\u00e9r\u00e9 qui est amusant \u00e0 jouer avec et facile \u00e0 transporter.<\/span><\/div>\n<div class=\"ace-line\" dir=\"auto\" data-node=\"true\"><span data-string=\"true\" data-enter=\"true\" data-leaf=\"true\">Nous avons pleinement pris en compte les exigences de conception de capacit\u00e9 de diff\u00e9rents produits de cr\u00e8me et introduit soigneusement trois sp\u00e9cifications principales: 80ml, 100ml et 120ml. Que ce soit&#8217; s la cr\u00e8me d'essence faciale portable de petite capacit\u00e9, le scrub de corps domestique de grande capacit\u00e9 ou le masque de soins capillaires de taille r\u00e9guli\u00e8re, vous pouvez trouver la solution d'emballage parfaite qui convient parfaitement \u00e0 la capacit\u00e9, sans avoir \u00e0 compromettre la compatibilit\u00e9 de la capacit\u00e9. \u200b<\/span><\/div>\n<div class=\"ace-line heading-h2\" dir=\"auto\" data-node=\"true\"><span data-leaf=\"true\"><span class=\"lb\">2. Soutenu par des mat\u00e9riaux respectueux de l'environnement, pratiquant le concept d'emballage durable<\/span><\/span><span data-string=\"true\" data-enter=\"true\" data-leaf=\"true\">Metrake thbusatagrams simpler. Les couleurs et les textures vous excitent par le produit. Jaunce m\u00e9lange ces choses pour rendre leur emballage pratique et amusant. Cela fait que les clients aiment utiliser leur cr\u00e8me \u00e0 l\u00e8vres tous les jours. C\u2019est comme avoir un jouet pr\u00e9f\u00e9r\u00e9 qui est amusant \u00e0 jouer avec et facile \u00e0 transporter.<\/span><\/div>\n<div class=\"ace-line\" dir=\"auto\" data-node=\"true\"><span data-leaf=\"true\"><span class=\"lb\">\u00c0 une \u00e9poque o\u00f9 la conscience environnementale est de plus en plus renforc\u00e9e, nous avons toujours consid\u00e9r\u00e9 le d\u00e9veloppement durable comme le principe fondamental de la recherche et du d\u00e9veloppement de produits. Ce pot de cr\u00e8me en plastique est fait de <\/span><\/span><span data-leaf=\"true\"><span class=\"lb\">mat\u00e9riaux \u00e9cologiques de haute qualit\u00e9<\/span><\/span><span data-leaf=\"true\"><span class=\"lb\">Il a non seulement d'excellentes performances d'\u00e9tanch\u00e9it\u00e9 et de durabilit\u00e9, prot\u00e9geant efficacement les ingr\u00e9dients du produit de la contamination externe, mais r\u00e9duit \u00e9galement la charge sur l'environnement de la source. Choisir nos pots \u00e0 cr\u00e8me ne donne pas seulement \u00e0 vos produits un &#8220; attribut vert&#8221; mais transmet \u00e9galement la marque&#8217; responsabilit\u00e9 sociale envers les consommateurs, aidant la marque \u00e0 \u00e9tablir une bonne image dans la vague de protection de l'environnement.<\/span><\/span><span data-string=\"true\" data-enter=\"true\" data-leaf=\"true\">Metrake thbusatagrams simpler. Les couleurs et les textures vous excitent par le produit. Jaunce m\u00e9lange ces choses pour rendre leur emballage pratique et amusant. Cela fait que les clients aiment utiliser leur cr\u00e8me \u00e0 l\u00e8vres tous les jours. C\u2019est comme avoir un jouet pr\u00e9f\u00e9r\u00e9 qui est amusant \u00e0 jouer avec et facile \u00e0 transporter.<\/span><\/div>\n<div class=\"ace-line heading-h2\" dir=\"auto\" data-node=\"true\"><span data-leaf=\"true\"><span class=\"lb\">3. Services de personnalisation flexibles pour cr\u00e9er une identit\u00e9 de marque exclusive<\/span><\/span><span data-string=\"true\" data-enter=\"true\" data-leaf=\"true\">Metrake thbusatagrams simpler. Les couleurs et les textures vous excitent par le produit. Jaunce m\u00e9lange ces choses pour rendre leur emballage pratique et amusant. Cela fait que les clients aiment utiliser leur cr\u00e8me \u00e0 l\u00e8vres tous les jours. C\u2019est comme avoir un jouet pr\u00e9f\u00e9r\u00e9 qui est amusant \u00e0 jouer avec et facile \u00e0 transporter.<\/span><\/div>\n<div class=\"ace-line\" dir=\"auto\" data-node=\"true\"><span data-leaf=\"true\"><span class=\"lb\">Nous comprenons profond\u00e9ment que l'emballage est un vecteur important de l'image de marque. Par cons\u00e9quent, nous offrons des services de personnalisation complets pour vous aider \u00e0 cr\u00e9er des emballages de produits uniques.<\/span><\/span><span data-string=\"true\" data-enter=\"true\" data-leaf=\"true\">Metrake thbusatagrams simpler. Les couleurs et les textures vous excitent par le produit. Jaunce m\u00e9lange ces choses pour rendre leur emballage pratique et amusant. Cela fait que les clients aiment utiliser leur cr\u00e8me \u00e0 l\u00e8vres tous les jours. C\u2019est comme avoir un jouet pr\u00e9f\u00e9r\u00e9 qui est amusant \u00e0 jouer avec et facile \u00e0 transporter.<\/span><\/div>\n<div class=\"ace-line list-div\" dir=\"auto\" data-node=\"true\">\n<ul class=\"list-bullet1 r-list r-list-bullet\">\n<li><span data-string=\"true\" data-enter=\"true\" data-leaf=\"true\">Personnalisation des couleurs: Nous offrons une large gamme d'options de couleurs. Personnalisation des couleurs: Nous offrons une large gamme d'options de couleurs. Que ce soit&#8217; s une couleur classique qui s'aligne avec la marque&#8217; s sch\u00e9ma de couleurs principal ou une couleur \u00e0 la mode qui suit les derni\u00e8res tendances, nous pouvons m\u00e9langer et associer avec pr\u00e9cision pour faire du pot de cr\u00e8me une extension de la marque&#8217; identit\u00e9 visuelle, attirant rapidement l'attention des consommateurs sur les \u00e9tag\u00e8res. \u200b<\/span><\/li>\n<\/ul>\n<\/div>\n<div class=\"ace-line list-div\" dir=\"auto\" data-node=\"true\">\n<ul class=\"list-bullet1 r-list r-list-bullet\">\n<li><span data-leaf=\"true\"><span class=\"lb\">Personnalisation artisanale<\/span><\/span><span data-leaf=\"true\"><span class=\"lb\">: Diverses techniques de traitement sont prises en charge, telles que l'impression s\u00e9rigraphique, l'estampage en or, l'estampage en argent et l'impression UV. <\/span><\/span><span data-string=\"true\" data-enter=\"true\" data-leaf=\"true\">Metrake thbusatagrams simpler. Les couleurs et les textures vous excitent par le produit. Jaunce m\u00e9lange ces choses pour rendre leur emballage pratique et amusant. Cela fait que les clients aiment utiliser leur cr\u00e8me \u00e0 l\u00e8vres tous les jours. C\u2019est comme avoir un jouet pr\u00e9f\u00e9r\u00e9 qui est amusant \u00e0 jouer avec et facile \u00e0 transporter.<\/span><\/li>\n<\/ul>\n<\/div>\n<div class=\"ace-line heading-h2\" dir=\"auto\" data-node=\"true\"><span data-leaf=\"true\"><span class=\"lb\">4. Larges sc\u00e9narios d'application, d\u00e9verrouillant diverses possibilit\u00e9s de produit<\/span><\/span><span data-string=\"true\" data-enter=\"true\" data-leaf=\"true\">Metrake thbusatagrams simpler. Les couleurs et les textures vous excitent par le produit. Jaunce m\u00e9lange ces choses pour rendre leur emballage pratique et amusant. Cela fait que les clients aiment utiliser leur cr\u00e8me \u00e0 l\u00e8vres tous les jours. C\u2019est comme avoir un jouet pr\u00e9f\u00e9r\u00e9 qui est amusant \u00e0 jouer avec et facile \u00e0 transporter.<\/span><\/div>\n<div class=\"ace-line list-div\" dir=\"auto\" data-node=\"true\">\n<p><span data-string=\"true\" data-enter=\"true\" data-leaf=\"true\">Ce pot de cr\u00e8me en plastique offre une excellente \u00e9tanch\u00e9it\u00e9 et compatibilit\u00e9, et peut \u00eatre largement appliqu\u00e9 \u00e0 divers produits de base de cr\u00e8me, offrant plus de possibilit\u00e9s pour le d\u00e9veloppement et l'expansion de votre produit. \u200b<br \/>\nProduits de soins du visage: tels que la cr\u00e8me hydratante, la cr\u00e8me anti-rides, le masque de sommeil, etc., peuvent efficacement verrouiller le produit&#8217; s l'humidit\u00e9 et les ingr\u00e9dients actifs, assurant la fra\u00eecheur et l'efficacit\u00e9 du produit pendant la p\u00e9riode d'utilisation. \u200b<br \/>\nProduits de soins capillaires: convient pour les masques capillaires, les conditionneurs capillaires, etc. La conception d'\u00e9tanch\u00e9it\u00e9 peut emp\u00eacher le produit de s'humidifier et de se d\u00e9t\u00e9riorer, ce qui le rend pratique pour les consommateurs et am\u00e9liore l'exp\u00e9rience d'utilisation. \u200b<br \/>\nProduits de soins du corps: si c&#8217; s cr\u00e8me corps, cr\u00e8me exfoliante, ou cr\u00e8me \u00e0 la main, ce pot de cr\u00e8me peut parfaitement les tenir, rencontrer les consommateurs&#8217; besoins d'emballage pour les produits de soins corporels. \u200b<br \/>\nEn choisissant notre pot \u00e0 cr\u00e8me en plastique, vous recevrez non seulement un conteneur d'emballage de haute qualit\u00e9, mais \u00e9galement une solution d'emballage compl\u00e8te qui int\u00e8gre la protection de l'environnement, la personnalisation et la pratique. Nous nous engageons \u00e0 fournir des produits et des services de haute qualit\u00e9 pour aider votre marque \u00e0 se d\u00e9marquer dans la concurrence f\u00e9roce du march\u00e9, r\u00e9alisant une situation gagnant-gagnant de valeur commerciale et de responsabilit\u00e9 environnementale! \u200b<\/span><\/p>\n<\/div>\n<div class=\"ace-line\" dir=\"auto\" data-node=\"true\"><\/div>\n<p data-spm-anchor-id=\"a2700.micro_cgs_home.0.i5.84e63e5fMoXgJB\"><img decoding=\"async\" class=\"size-full wp-image-3011 aligncenter\" src=\"https:\/\/www.cosmepak.com\/wp-content\/uploads\/2024\/12\/7-4.jpg\" alt=\"\" width=\"1000\" height=\"1000\" srcset=\"https:\/\/www.cosmepak.com\/wp-content\/uploads\/2024\/12\/7-4.jpg 1000w, https:\/\/www.cosmepak.com\/wp-content\/uploads\/2024\/12\/7-4-300x300.jpg 300w, https:\/\/www.cosmepak.com\/wp-content\/uploads\/2024\/12\/7-4-150x150.jpg 150w, https:\/\/www.cosmepak.com\/wp-content\/uploads\/2024\/12\/7-4-768x768.jpg 768w, https:\/\/www.cosmepak.com\/wp-content\/uploads\/2024\/12\/7-4-12x12.jpg 12w, https:\/\/www.cosmepak.com\/wp-content\/uploads\/2024\/12\/7-4-600x600.jpg 600w, https:\/\/www.cosmepak.com\/wp-content\/uploads\/2024\/12\/7-4-100x100.jpg 100w\" sizes=\"(max-width: 1000px) 100vw, 1000px\" \/><\/p>\n<p data-spm-anchor-id=\"a2700.micro_cgs_home.0.i5.84e63e5fMoXgJB\"><img loading=\"lazy\" decoding=\"async\" class=\"size-full wp-image-3008 aligncenter\" src=\"https:\/\/www.cosmepak.com\/wp-content\/uploads\/2024\/12\/6-4.jpg\" alt=\"\" width=\"1000\" height=\"1000\" srcset=\"https:\/\/www.cosmepak.com\/wp-content\/uploads\/2024\/12\/6-4.jpg 1000w, https:\/\/www.cosmepak.com\/wp-content\/uploads\/2024\/12\/6-4-300x300.jpg 300w, https:\/\/www.cosmepak.com\/wp-content\/uploads\/2024\/12\/6-4-150x150.jpg 150w, https:\/\/www.cosmepak.com\/wp-content\/uploads\/2024\/12\/6-4-768x768.jpg 768w, https:\/\/www.cosmepak.com\/wp-content\/uploads\/2024\/12\/6-4-12x12.jpg 12w, https:\/\/www.cosmepak.com\/wp-content\/uploads\/2024\/12\/6-4-600x600.jpg 600w, https:\/\/www.cosmepak.com\/wp-content\/uploads\/2024\/12\/6-4-100x100.jpg 100w\" sizes=\"(max-width: 1000px) 100vw, 1000px\" \/><\/p>\n<p style=\"text-align: center;\" data-spm-anchor-id=\"a2700.micro_cgs_home.0.i5.84e63e5fMoXgJB\"><strong>\u00c0 PROPOS DE NOUS<\/strong><\/p>\n<div class=\"auto-hide-last-sibling-br paragraph-JOTKXA paragraph-element br-paragraph-space\">Hangzhou Jaunce est un fabricant professionnel et un fournisseur sp\u00e9cialis\u00e9 dans les solutions d'emballage de haute qualit\u00e9. Nous sommes profond\u00e9ment engag\u00e9s \u00e0 fournir des produits d'emballage innovants et durables, adapt\u00e9s aux besoins divers et en \u00e9volution de notre client\u00e8le mondiale.<\/div>\n<div class=\"auto-hide-last-sibling-br paragraph-JOTKXA paragraph-element br-paragraph-space\">Notre expertise couvre un large \u00e9ventail d'offres d'emballage, comprenant des bouteilles en verre, des contenants en plastique et des solutions de distribution. Ces produits sont largement utilis\u00e9s dans des industries cl\u00e9s telles que les cosm\u00e9tiques, les soins personnels et les articles m\u00e9nagers, fournissant un support d'emballage fiable et fonctionnel pour diverses lignes de produits.<\/div>\n<p data-spm-anchor-id=\"a2700.micro_cgs_home.0.i5.84e63e5fMoXgJB\"><img loading=\"lazy\" decoding=\"async\" class=\"size-full wp-image-2556 aligncenter\" src=\"https:\/\/www.cosmepak.com\/wp-content\/uploads\/2025\/06\/packaging.webp\" alt=\"emballage\" width=\"1920\" height=\"885\" srcset=\"https:\/\/www.cosmepak.com\/wp-content\/uploads\/2025\/06\/packaging.webp 1920w, https:\/\/www.cosmepak.com\/wp-content\/uploads\/2025\/06\/packaging-300x138.webp 300w, https:\/\/www.cosmepak.com\/wp-content\/uploads\/2025\/06\/packaging-1024x472.webp 1024w, https:\/\/www.cosmepak.com\/wp-content\/uploads\/2025\/06\/packaging-768x354.webp 768w, https:\/\/www.cosmepak.com\/wp-content\/uploads\/2025\/06\/packaging-1536x708.webp 1536w, https:\/\/www.cosmepak.com\/wp-content\/uploads\/2025\/06\/packaging-18x8.webp 18w, https:\/\/www.cosmepak.com\/wp-content\/uploads\/2025\/06\/packaging-600x277.webp 600w\" sizes=\"(max-width: 1920px) 100vw, 1920px\" \/><\/p>\n<p data-spm-anchor-id=\"a2700.micro_cgs_home.0.i5.84e63e5fMoXgJB\">","protected":false},"excerpt":{"rendered":"<p>Nom de l'article: Boc de cr\u00e8me \u00e0 bouche large<\/p>\n<p>Capacit\u00e9: 80ml\/100ml\/120ml<\/p>\n<p>Forme: Bouche large<\/p>\n<p>Mat\u00e9riel: PET, PE, PP, PCR etc. pour choisir<\/p>\n<p>Couleur: Acceptez la couleur du corps et du casquet comme exigences<\/p>\n<p>MOQ: 10000pcs<\/p>","protected":false},"featured_media":3013,"comment_status":"closed","ping_status":"closed","template":"","meta":{"_acf_changed":false},"product_brand":[],"product_cat":[52,18],"product_tag":[],"class_list":{"0":"post-136","1":"product","2":"type-product","3":"status-publish","4":"has-post-thumbnail","6":"product_cat-cream-jar-plastic-bottle","7":"product_cat-plastic-bottle","9":"first","10":"outofstock","11":"shipping-taxable","12":"product-type-simple"},"acf":[],"_links":{"self":[{"href":"https:\/\/www.cosmepak.com\/fr\/wp-json\/wp\/v2\/product\/136","targetHints":{"allow":["GET"]}}],"collection":[{"href":"https:\/\/www.cosmepak.com\/fr\/wp-json\/wp\/v2\/product"}],"about":[{"href":"https:\/\/www.cosmepak.com\/fr\/wp-json\/wp\/v2\/types\/product"}],"replies":[{"embeddable":true,"href":"https:\/\/www.cosmepak.com\/fr\/wp-json\/wp\/v2\/comments?post=136"}],"wp:featuredmedia":[{"embeddable":true,"href":"https:\/\/www.cosmepak.com\/fr\/wp-json\/wp\/v2\/media\/3013"}],"wp:attachment":[{"href":"https:\/\/www.cosmepak.com\/fr\/wp-json\/wp\/v2\/media?parent=136"}],"wp:term":[{"taxonomy":"product_brand","embeddable":true,"href":"https:\/\/www.cosmepak.com\/fr\/wp-json\/wp\/v2\/product_brand?post=136"},{"taxonomy":"product_cat","embeddable":true,"href":"https:\/\/www.cosmepak.com\/fr\/wp-json\/wp\/v2\/product_cat?post=136"},{"taxonomy":"product_tag","embeddable":true,"href":"https:\/\/www.cosmepak.com\/fr\/wp-json\/wp\/v2\/product_tag?post=136"}],"curies":[{"name":"WP","href":"https:\/\/api.w.org\/{rel}","templated":true}]}}