{"id":1373,"date":"2025-03-26T13:34:56","date_gmt":"2025-03-26T05:34:56","guid":{"rendered":"https:\/\/www.cosmepak.com\/?post_type=product&#038;p=1373"},"modified":"2025-10-15T14:35:11","modified_gmt":"2025-10-15T06:35:11","slug":"5ml-10ml-and-15ml-pp-material-airless-serum-bottle-liquid-cream-package","status":"publish","type":"product","link":"https:\/\/www.cosmepak.com\/fr\/product\/5ml-10ml-and-15ml-pp-material-airless-serum-bottle-liquid-cream-package\/","title":{"rendered":"Emballage de cr\u00e8me liquide de bouteille de s\u00e9rum sans air de 10 ml et 15 ml de PP"},"content":{"rendered":"<table style=\"border-collapse: collapse; width: 100%; height: 240px;\">\n<tbody>\n<tr style=\"height: 24px;\">\n<td style=\"width: 47.7998%; height: 24px; text-align: center;\">Marque<\/td>\n<td style=\"width: 52.2002%; height: 24px; text-align: center;\">\u00a0Jaunce<\/td>\n<\/tr>\n<tr style=\"height: 24px;\">\n<td style=\"width: 47.7998%; height: 24px; text-align: center;\">Capacit\u00e9<\/td>\n<td style=\"width: 52.2002%; height: 24px; text-align: center;\">5 ml \/ 10 ml \/ 15 ml<\/td>\n<\/tr>\n<tr style=\"height: 24px;\">\n<td style=\"width: 47.7998%; height: 24px; text-align: center;\">Forme<\/td>\n<td style=\"width: 52.2002%; height: 24px; text-align: center;\">Cylindre<\/td>\n<\/tr>\n<tr style=\"height: 24px;\">\n<td style=\"width: 47.7998%; height: 24px; text-align: center;\">Mod\u00e8le<\/td>\n<td style=\"width: 52.2002%; height: 24px; text-align: center;\">Jh-lwa08<\/td>\n<\/tr>\n<tr style=\"height: 24px;\">\n<td style=\"width: 47.7998%; height: 24px; text-align: center;\">OEM \/ ODM<\/td>\n<td style=\"width: 52.2002%; height: 24px; text-align: center;\">Accepter<\/td>\n<\/tr>\n<tr style=\"height: 24px;\">\n<td style=\"width: 47.7998%; height: 24px; text-align: center;\">Couleur<\/td>\n<td style=\"width: 52.2002%; height: 24px; text-align: center;\">Personnalis\u00e9<\/td>\n<\/tr>\n<tr style=\"height: 24px;\">\n<td style=\"width: 47.7998%; height: 24px; text-align: center;\">MOQ<\/td>\n<td style=\"width: 52.2002%; height: 24px; text-align: center;\">10000pcs<\/td>\n<\/tr>\n<\/tbody>\n<\/table>\n<p><img fetchpriority=\"high\" decoding=\"async\" class=\"alignnone wp-image-3083\" src=\"https:\/\/www.cosmepak.com\/wp-content\/uploads\/2025\/03\/22063511779_624076099.jpg\" alt=\"\" width=\"1365\" height=\"1228\" srcset=\"https:\/\/www.cosmepak.com\/wp-content\/uploads\/2025\/03\/22063511779_624076099.jpg 790w, https:\/\/www.cosmepak.com\/wp-content\/uploads\/2025\/03\/22063511779_624076099-300x270.jpg 300w, https:\/\/www.cosmepak.com\/wp-content\/uploads\/2025\/03\/22063511779_624076099-768x691.jpg 768w, https:\/\/www.cosmepak.com\/wp-content\/uploads\/2025\/03\/22063511779_624076099-13x12.jpg 13w, https:\/\/www.cosmepak.com\/wp-content\/uploads\/2025\/03\/22063511779_624076099-600x540.jpg 600w\" sizes=\"(max-width: 1365px) 100vw, 1365px\" \/><\/p>\n<table style=\"border-collapse: collapse; width: 100%; height: 96px;\">\n<tbody>\n<tr style=\"height: 24px;\">\n<td style=\"width: 10.7766%; text-align: center; height: 24px;\"><strong>Capacit\u00e9<\/strong><\/td>\n<td style=\"width: 15.0524%; text-align: center; height: 24px;\"><strong>Cou<\/strong><\/td>\n<td style=\"width: 15.3578%; text-align: center; height: 24px;\"><strong>Hauteur totale<\/strong><\/td>\n<td style=\"width: 15.6196%; text-align: center; height: 24px;\"><strong>Hauteur de bouteille\u00a0<\/strong><\/td>\n<td style=\"width: 14.8342%; text-align: center; height: 24px;\"><strong>Hauteur imprimable<\/strong><\/td>\n<td style=\"width: 14.5725%; text-align: center; height: 24px;\"><strong>Diam\u00e8tre inf\u00e9rieur<\/strong><\/td>\n<td style=\"width: 13.7871%; text-align: center; height: 24px;\"><strong>Poids de bouteille<\/strong><\/td>\n<\/tr>\n<tr style=\"height: 24px;\">\n<td style=\"width: 10.7766%; text-align: center; height: 24px;\">5 ml<\/td>\n<td style=\"width: 15.0524%; text-align: center; height: 24px;\">30 mm<\/td>\n<td style=\"width: 15.3578%; text-align: center; height: 24px;\">65 mm<\/td>\n<td style=\"width: 15.6196%; text-align: center; height: 24px;\">38 mm<\/td>\n<td style=\"width: 14.8342%; text-align: center; height: 24px;\">27 mm<\/td>\n<td style=\"width: 14.5725%; text-align: center; height: 24px;\">24.6mm<\/td>\n<td style=\"width: 13.7871%; text-align: center; height: 24px;\">4.5g<\/td>\n<\/tr>\n<tr style=\"height: 24px;\">\n<td style=\"width: 10.7766%; text-align: center; height: 24px;\">10 ml<\/td>\n<td style=\"width: 15.0524%; text-align: center; height: 24px;\">30 mm<\/td>\n<td style=\"width: 15.3578%; text-align: center; height: 24px;\">77 mm<\/td>\n<td style=\"width: 15.6196%; text-align: center; height: 24px;\">50 mm<\/td>\n<td style=\"width: 14.8342%; text-align: center; height: 24px;\">38 mm<\/td>\n<td style=\"width: 14.5725%; text-align: center; height: 24px;\">24.6mm<\/td>\n<td style=\"width: 13.7871%; text-align: center; height: 24px;\">6g<\/td>\n<\/tr>\n<tr style=\"height: 24px;\">\n<td style=\"width: 10.7766%; text-align: center; height: 24px;\">15 ml<\/td>\n<td style=\"width: 15.0524%; text-align: center; height: 24px;\">30 mm<\/td>\n<td style=\"width: 15.3578%; text-align: center; height: 24px;\">92 mm<\/td>\n<td style=\"width: 15.6196%; text-align: center; height: 24px;\">65 mm<\/td>\n<td style=\"width: 14.8342%; text-align: center; height: 24px;\">52 mm<\/td>\n<td style=\"width: 14.5725%; text-align: center; height: 24px;\">24.6mm<\/td>\n<td style=\"width: 13.7871%; text-align: center; height: 24px;\">7g<\/td>\n<\/tr>\n<\/tbody>\n<\/table>\n<p>Notre bouteille de liquide \u00e0 vide PP est disponible en tailles de 5ml, 10ml et 15ml. Cette bouteille est compos\u00e9e d'un corps en PP, d'une pompe \u00e0 liquide en PP, d'une couverture compl\u00e8te semi-transparente en PP et d'un bouchon \u00e0 vide. Veuillez noter que l'ouverture de la bouteille de ce mod\u00e8le est d'un type d'enclenchement unique, n\u00e9cessitant que le liquide soit vers\u00e9 dans la bouteille d'abord, puis la t\u00eate de pompe doit \u00eatre enclench\u00e9e. Nous offrons la personnalisation pour la couleur, la s\u00e9rigraphie, l'estampage en or, l'\u00e9tiquetage et d'autres processus de production.<\/p>\n<p><strong>La conception de pr\u00e9servation sous vide assure la qualit\u00e9 du produit<\/strong><br \/>\nLa bougie \u00e0 vide int\u00e9gr\u00e9e combin\u00e9e avec la t\u00eate de pompe scell\u00e9e peut emp\u00eacher l'entr\u00e9e d'air dans la bouteille, r\u00e9duisant le risque d'oxydation et de d\u00e9t\u00e9rioration du liquide laitier, ainsi que l'inactivation des composants et prolongeant le produit&#8217; s dur\u00e9e de conservation (par rapport aux bouteilles PP ordinaires sans vide, la dur\u00e9e de conservation peut \u00eatre prolong\u00e9e de 1 \u00e0 3 mois), r\u00e9duisant ainsi les litiges apr\u00e8s-vente pour les clients B-end caus\u00e9s par la d\u00e9t\u00e9rioration du produit.<\/p>\n<p><strong>Conception snap-on unique, am\u00e9liorant la s\u00e9curit\u00e9 et la confiance<\/strong><br \/>\nLa bouche de la bouteille ne peut pas \u00eatre rouverte apr\u00e8s avoir \u00e9t\u00e9 ferm\u00e9e. Cela emp\u00eache non seulement la t\u00eate de pompe de tomber et de fuir pendant le transport, mais \u00e9limine \u00e9galement le risque de remplissage secondaire par les utilisateurs finaux ou des tiers. Il aide les marques \u00e0 \u00e9tablir un &#8220; garantie d'authenticit\u00e9&#8221; image, sp\u00e9cialement adapt\u00e9e aux cat\u00e9gories ayant des exigences de s\u00e9curit\u00e9 \u00e9lev\u00e9es telles que les produits pharmaceutiques et les soins de la peau pour les peaux sensibles.<\/p>\n<p><strong>Les avantages du mat\u00e9riau PP, le co\u00fbt d'\u00e9quilibre et la pratique<\/strong><br \/>\n1. haute r\u00e9sistance aux intemp\u00e9ries: le mat\u00e9riau PP est r\u00e9sistant aux temp\u00e9ratures \u00e9lev\u00e9es et basses (-20 \u2103 ~ 120 \u2103), adapt\u00e9 \u00e0 la plupart des environnements de stockage et de transport cosm\u00e9tiques, et n'est pas sujette \u00e0 la d\u00e9formation ou \u00e0 la fissuration;<br \/>\n2. texture translucide: la couverture compl\u00e8te avec une conception translucide permet aux consommateurs de voir visuellement la quantit\u00e9 restante, am\u00e9liorant l'exp\u00e9rience d'utilisation;<br \/>\n3. L\u00e9ger: Compar\u00e9 aux bouteilles en verre de la m\u00eame capacit\u00e9, le poids est r\u00e9duit de plus de 60%, r\u00e9duisant les co\u00fbts de logistique et de transport pour les clients de B-end.<\/p>\n<p>La plus petite capacit\u00e9, associ\u00e9e \u00e0 une personnalisation flexible, r\u00e9pond \u00e0 divers sc\u00e9narios. Plus pr\u00e9cis\u00e9ment, nous offrons des tailles de 5-15ml qui sont id\u00e9ales pour &#8220; promotion de taille d'essai&#8221; , &#8220; expansion de taille de voyage&#8221; et &#8220; combinaisons de kits d'\u00e9chantillons&#8221;  . Nous soutenons les achats personnalis\u00e9s en fonction de vos besoins sp\u00e9cifiques. En outre, nous pouvons personnaliser les couleurs et les techniques d'impression pour correspondre \u00e0 votre marque&#8217; identit\u00e9 visuelle, am\u00e9liorant la reconnaissance du produit.<\/p>\n<p><img decoding=\"async\" class=\"alignnone wp-image-3084\" src=\"https:\/\/www.cosmepak.com\/wp-content\/uploads\/2025\/03\/21974719829_624076099.jpg\" alt=\"\" width=\"1379\" height=\"1379\" srcset=\"https:\/\/www.cosmepak.com\/wp-content\/uploads\/2025\/03\/21974719829_624076099.jpg 1000w, https:\/\/www.cosmepak.com\/wp-content\/uploads\/2025\/03\/21974719829_624076099-300x300.jpg 300w, https:\/\/www.cosmepak.com\/wp-content\/uploads\/2025\/03\/21974719829_624076099-150x150.jpg 150w, https:\/\/www.cosmepak.com\/wp-content\/uploads\/2025\/03\/21974719829_624076099-768x768.jpg 768w, https:\/\/www.cosmepak.com\/wp-content\/uploads\/2025\/03\/21974719829_624076099-12x12.jpg 12w, https:\/\/www.cosmepak.com\/wp-content\/uploads\/2025\/03\/21974719829_624076099-600x600.jpg 600w, https:\/\/www.cosmepak.com\/wp-content\/uploads\/2025\/03\/21974719829_624076099-100x100.jpg 100w\" sizes=\"(max-width: 1379px) 100vw, 1379px\" \/><\/p>\n<table style=\"border-collapse: collapse; width: 100%;\">\n<tbody>\n<tr>\n<td style=\"width: 33.3333%;\"><img decoding=\"async\" class=\"alignnone size-full wp-image-3085\" src=\"https:\/\/www.cosmepak.com\/wp-content\/uploads\/2025\/03\/22063523589_624076099.jpg\" alt=\"\" width=\"1000\" height=\"1000\" srcset=\"https:\/\/www.cosmepak.com\/wp-content\/uploads\/2025\/03\/22063523589_624076099.jpg 1000w, https:\/\/www.cosmepak.com\/wp-content\/uploads\/2025\/03\/22063523589_624076099-300x300.jpg 300w, https:\/\/www.cosmepak.com\/wp-content\/uploads\/2025\/03\/22063523589_624076099-150x150.jpg 150w, https:\/\/www.cosmepak.com\/wp-content\/uploads\/2025\/03\/22063523589_624076099-768x768.jpg 768w, https:\/\/www.cosmepak.com\/wp-content\/uploads\/2025\/03\/22063523589_624076099-12x12.jpg 12w, https:\/\/www.cosmepak.com\/wp-content\/uploads\/2025\/03\/22063523589_624076099-600x600.jpg 600w, https:\/\/www.cosmepak.com\/wp-content\/uploads\/2025\/03\/22063523589_624076099-100x100.jpg 100w\" sizes=\"(max-width: 1000px) 100vw, 1000px\" \/><\/td>\n<td style=\"width: 33.3333%;\"><img loading=\"lazy\" decoding=\"async\" class=\"alignnone size-full wp-image-3086\" src=\"https:\/\/www.cosmepak.com\/wp-content\/uploads\/2025\/03\/21895812487_624076099.jpg\" alt=\"\" width=\"1000\" height=\"1000\" srcset=\"https:\/\/www.cosmepak.com\/wp-content\/uploads\/2025\/03\/21895812487_624076099.jpg 1000w, https:\/\/www.cosmepak.com\/wp-content\/uploads\/2025\/03\/21895812487_624076099-300x300.jpg 300w, https:\/\/www.cosmepak.com\/wp-content\/uploads\/2025\/03\/21895812487_624076099-150x150.jpg 150w, https:\/\/www.cosmepak.com\/wp-content\/uploads\/2025\/03\/21895812487_624076099-768x768.jpg 768w, https:\/\/www.cosmepak.com\/wp-content\/uploads\/2025\/03\/21895812487_624076099-12x12.jpg 12w, https:\/\/www.cosmepak.com\/wp-content\/uploads\/2025\/03\/21895812487_624076099-600x600.jpg 600w, https:\/\/www.cosmepak.com\/wp-content\/uploads\/2025\/03\/21895812487_624076099-100x100.jpg 100w\" sizes=\"(max-width: 1000px) 100vw, 1000px\" \/><\/td>\n<td style=\"width: 33.3333%;\"><img loading=\"lazy\" decoding=\"async\" class=\"alignnone size-full wp-image-3087\" src=\"https:\/\/www.cosmepak.com\/wp-content\/uploads\/2025\/03\/21974743119_624076099.jpg\" alt=\"\" width=\"1000\" height=\"1000\" srcset=\"https:\/\/www.cosmepak.com\/wp-content\/uploads\/2025\/03\/21974743119_624076099.jpg 1000w, https:\/\/www.cosmepak.com\/wp-content\/uploads\/2025\/03\/21974743119_624076099-300x300.jpg 300w, https:\/\/www.cosmepak.com\/wp-content\/uploads\/2025\/03\/21974743119_624076099-150x150.jpg 150w, https:\/\/www.cosmepak.com\/wp-content\/uploads\/2025\/03\/21974743119_624076099-768x768.jpg 768w, https:\/\/www.cosmepak.com\/wp-content\/uploads\/2025\/03\/21974743119_624076099-12x12.jpg 12w, https:\/\/www.cosmepak.com\/wp-content\/uploads\/2025\/03\/21974743119_624076099-600x600.jpg 600w, https:\/\/www.cosmepak.com\/wp-content\/uploads\/2025\/03\/21974743119_624076099-100x100.jpg 100w\" sizes=\"(max-width: 1000px) 100vw, 1000px\" \/><\/td>\n<\/tr>\n<\/tbody>\n<\/table>\n<p><img loading=\"lazy\" decoding=\"async\" class=\"alignnone wp-image-3088\" src=\"https:\/\/www.cosmepak.com\/wp-content\/uploads\/2025\/03\/21895782954_624076099.jpg\" alt=\"\" width=\"1405\" height=\"1405\" srcset=\"https:\/\/www.cosmepak.com\/wp-content\/uploads\/2025\/03\/21895782954_624076099.jpg 1000w, https:\/\/www.cosmepak.com\/wp-content\/uploads\/2025\/03\/21895782954_624076099-300x300.jpg 300w, https:\/\/www.cosmepak.com\/wp-content\/uploads\/2025\/03\/21895782954_624076099-150x150.jpg 150w, https:\/\/www.cosmepak.com\/wp-content\/uploads\/2025\/03\/21895782954_624076099-768x768.jpg 768w, https:\/\/www.cosmepak.com\/wp-content\/uploads\/2025\/03\/21895782954_624076099-12x12.jpg 12w, https:\/\/www.cosmepak.com\/wp-content\/uploads\/2025\/03\/21895782954_624076099-600x600.jpg 600w, https:\/\/www.cosmepak.com\/wp-content\/uploads\/2025\/03\/21895782954_624076099-100x100.jpg 100w\" sizes=\"(max-width: 1405px) 100vw, 1405px\" \/><\/p>\n<table style=\"border-collapse: collapse; width: 100%; height: 144px;\">\n<tbody>\n<tr style=\"height: 24px;\">\n<td style=\"width: 33.3333%; text-align: center; height: 24px;\"><span style=\"font-size: 14pt;\"><strong>Exprimer<\/strong><\/span><\/td>\n<td style=\"width: 33.3333%; text-align: center; height: 24px;\"><span style=\"font-size: 14pt;\"><strong>Fret a\u00e9rien<\/strong><\/span><\/td>\n<td style=\"width: 33.3333%; text-align: center; height: 24px;\"><span style=\"font-size: 14pt;\"><strong>Transport maritime<\/strong><\/span><\/td>\n<\/tr>\n<tr style=\"height: 24px;\">\n<td style=\"width: 33.3333%; text-align: center; height: 24px;\">Europe 4 \u00e0 6 jours<\/td>\n<td style=\"width: 33.3333%; text-align: center; height: 24px;\">Europe 4 \u00e0 6 jours<\/td>\n<td style=\"width: 33.3333%; text-align: center; height: 24px;\">Europe 25-35 jours<\/td>\n<\/tr>\n<tr style=\"height: 24px;\">\n<td style=\"width: 33.3333%; text-align: center; height: 24px;\">Manth America 4-6 jours<\/td>\n<td style=\"width: 33.3333%; text-align: center; height: 24px;\">Manth America 4-6 jours<\/td>\n<td style=\"width: 33.3333%; text-align: center; height: 24px;\">Morth America 25-35day<\/td>\n<\/tr>\n<tr style=\"height: 24px;\">\n<td style=\"width: 33.3333%; text-align: center; height: 24px;\">Asie du Sud-Est 3-5 jours<\/td>\n<td style=\"width: 33.3333%; text-align: center; height: 24px;\">Asie du Sud-Est 3-5 jours<\/td>\n<td style=\"width: 33.3333%; text-align: center; height: 24px;\">Asie du Sud-Est 25-35 jours<\/td>\n<\/tr>\n<tr style=\"height: 24px;\">\n<td style=\"width: 33.3333%; text-align: center; height: 24px;\">Le Moyen-Orient 4 \u00e0 6 jours<\/td>\n<td style=\"width: 33.3333%; text-align: center; height: 24px;\">Le Moyen-Orient 4 \u00e0 6 jours<\/td>\n<td style=\"width: 33.3333%; text-align: center; height: 24px;\">Le Moyen-Orient 25-35 jours<\/td>\n<\/tr>\n<tr style=\"height: 24px;\">\n<td style=\"width: 33.3333%; text-align: center; height: 24px;\">Afrique du Sud 5-8 jours<\/td>\n<td style=\"width: 33.3333%; text-align: center; height: 24px;\">Afrique du Sud 5-8 jours<\/td>\n<td style=\"width: 33.3333%; text-align: center; height: 24px;\">Afrique du Sud 25-35 jours<\/td>\n<\/tr>\n<\/tbody>\n<\/table>\n<p><span style=\"font-size: 14pt;\"><strong>RFQ:\u00a0<\/strong><\/span><\/p>\n<p><span data-spm-anchor-id=\"a2700.pc-decorate.0.i3.75883333L8yZVb\">1. Pourquoi devriez-vous acheter chez nous et non aupr\u00e8s d'autres fournisseurs?<br \/>\n\u2460 3 minutes con\u00e7ues pour vous.<br \/>\n\u2461 Service en ligne 24 heures sur 24.<br \/>\n\u2462 Samples de stock de 7 jours \/ 15 jours avec impression personnalis\u00e9e.<br \/>\n\u2463 35 jours de d\u00e9lai.<br \/>\n\u2464 Plus de 10 ans d'usine d'emballage cosm\u00e9tique professionnelle.<br \/>\n\u2465 Outouts d'usine, meilleur prix et meilleur service.<br \/>\n\u2466 Une solution de station pour l'emballage cosm\u00e9tique.<br \/>\n2. Qui sommes-nous?<br \/>\nNous sommes bas\u00e9s \u00e0 Zhejiang, en Chine, \u00e0 partir de 2014, \u00e0 vendre sur le march\u00e9 int\u00e9rieur (70,00%), Oc\u00e9anie (8,00%), au milieu-est (7,00%), Eastern<br \/>\nAsie (2,00%), Am\u00e9rique du Nord (2,00%), Europe occidentale (2,00%), Asie du Sud-Est (2,00%), Asie du Sud (1,00%), Am\u00e9rique du Sud (1,00%), Sud<br \/>\nEurope (1,00%), Am\u00e9rique centrale (1,00%), Europe du Nord (1,00%), Afrique (1,00%), Europe de l'Est (1,00%). <\/span><\/p>\n<div>3. Comment garantir la qualit\u00e9?<br \/>\nToujours un \u00e9chantillon de pr\u00e9-production avant production de masse;<br \/>\n4. Que pouvez-vous acheter chez nous?<br \/>\nBouteilles en verre, bouteilles en plastique \/ bocaux \/ tubercules, bouteilles en aluminium \/ bocaux \/ tubes etc. mat\u00e9riel d'emballage cosm\u00e9tique.<br \/>\n5. Qui sommes-nous?<br \/>\nWe are based in Zhejiang, China, start from 2014,sell to Domestic Market(70.00%),Oceania(8.00%),Mid East(7.00%), Eastern Asia(2.00%),North America(2.00%),Western Europe(2.00%),Southeast Asia(2.00%),South Asia(1.00%),South America(1.00%),Southern Europe(1.00%),Central America(1.00%),Northern<br \/>\n6. Quels services pouvons-nous fournir?<br \/>\nConditions de livraison accept\u00e9es: FOB, CFR, CIF;<\/div>\n<div>Devise de paiement accept\u00e9: USD, EUR, HKD, CNY;<\/div>\n<div>Type de paiement accept\u00e9: T \/ T, L \/ C, D \/ P D \/ A;<\/div>","protected":false},"excerpt":{"rendered":"<p>Mat\u00e9riau : PP<\/p>\n<p>Capacit\u00e9: 5ML \/ 10ML \/ 15ML<\/p>\n<p>Poids: 12.1g \/ 13.5g \/ 14.7g<\/p>\n<p>Couleur: accepter personnalis\u00e9 (toute couleur Pantone disponible)<\/p>\n<p>Finition de surface: impression d'\u00e9cran, estampage chaud, gradient de pulv\u00e9risation, finition mate, etc.<\/p>\n<p>MOQ: 10000pcs<\/p>\n<p>\u00c9chantillon: \u00e9chantillons gratuits disponibles<\/p>\n<p>&nbsp;<\/p>\n<p>&nbsp;<\/p>","protected":false},"featured_media":3089,"comment_status":"closed","ping_status":"closed","template":"","meta":{"_acf_changed":false},"product_brand":[],"product_cat":[35],"product_tag":[38],"class_list":{"0":"post-1373","1":"product","2":"type-product","3":"status-publish","4":"has-post-thumbnail","6":"product_cat-airless-bottle","7":"product_tag-airless-bottle","9":"first","10":"outofstock","11":"shipping-taxable","12":"product-type-simple"},"acf":[],"_links":{"self":[{"href":"https:\/\/www.cosmepak.com\/fr\/wp-json\/wp\/v2\/product\/1373","targetHints":{"allow":["GET"]}}],"collection":[{"href":"https:\/\/www.cosmepak.com\/fr\/wp-json\/wp\/v2\/product"}],"about":[{"href":"https:\/\/www.cosmepak.com\/fr\/wp-json\/wp\/v2\/types\/product"}],"replies":[{"embeddable":true,"href":"https:\/\/www.cosmepak.com\/fr\/wp-json\/wp\/v2\/comments?post=1373"}],"wp:featuredmedia":[{"embeddable":true,"href":"https:\/\/www.cosmepak.com\/fr\/wp-json\/wp\/v2\/media\/3089"}],"wp:attachment":[{"href":"https:\/\/www.cosmepak.com\/fr\/wp-json\/wp\/v2\/media?parent=1373"}],"wp:term":[{"taxonomy":"product_brand","embeddable":true,"href":"https:\/\/www.cosmepak.com\/fr\/wp-json\/wp\/v2\/product_brand?post=1373"},{"taxonomy":"product_cat","embeddable":true,"href":"https:\/\/www.cosmepak.com\/fr\/wp-json\/wp\/v2\/product_cat?post=1373"},{"taxonomy":"product_tag","embeddable":true,"href":"https:\/\/www.cosmepak.com\/fr\/wp-json\/wp\/v2\/product_tag?post=1373"}],"curies":[{"name":"WP","href":"https:\/\/api.w.org\/{rel}","templated":true}]}}