{"id":1380,"date":"2025-03-26T14:04:38","date_gmt":"2025-03-26T06:04:38","guid":{"rendered":"https:\/\/www.cosmepak.com\/?post_type=product&#038;p=1380"},"modified":"2026-04-22T15:42:25","modified_gmt":"2026-04-22T07:42:25","slug":"airless-bottle-30ml-50ml-100ml-and-120ml-airless-bottle-with-pump-jaunce","status":"publish","type":"product","link":"https:\/\/www.cosmepak.com\/fr\/product\/airless-bottle-30ml-50ml-100ml-and-120ml-airless-bottle-with-pump-jaunce\/","title":{"rendered":"Bouteille sans air-30ML 50ML 100ML et 120ML Bouteille sans air avec pompe\/Jaunce"},"content":{"rendered":"<table style=\"border-collapse: collapse; width: 100%; height: 216px;\">\n<tbody>\n<tr style=\"height: 24px;\">\n<td style=\"width: 50.5964%; height: 24px; text-align: center;\">Marque<\/td>\n<td style=\"width: 49.4036%; height: 24px; text-align: center;\">\u00a0Jaunce<\/td>\n<\/tr>\n<tr style=\"height: 24px;\">\n<td style=\"width: 50.5964%; height: 24px; text-align: center;\">Capacit\u00e9<\/td>\n<td style=\"width: 49.4036%; height: 24px; text-align: center;\">30ml \/ 50ml \/ 100ml \/ 120ml<\/td>\n<\/tr>\n<tr style=\"height: 24px;\">\n<td style=\"width: 50.5964%; height: 24px; text-align: center;\">Forme<\/td>\n<td style=\"width: 49.4036%; height: 24px; text-align: center;\">Cylindre<\/td>\n<\/tr>\n<tr style=\"height: 24px;\">\n<td style=\"width: 50.5964%; height: 24px; text-align: center;\">Poids<\/td>\n<td style=\"width: 49.4036%; height: 24px; text-align: center;\">44.3g\/49.3g\/58.6g\/63.4g<\/td>\n<\/tr>\n<tr style=\"height: 24px;\">\n<td style=\"width: 50.5964%; height: 24px; text-align: center;\">Convenable<\/td>\n<td style=\"width: 49.4036%; height: 24px; text-align: center;\">Pompe<\/td>\n<\/tr>\n<tr style=\"height: 24px;\">\n<td style=\"width: 50.5964%; height: 24px; text-align: center;\">Mod\u00e8le<\/td>\n<td style=\"width: 49.4036%; height: 24px; text-align: center;\">JH-LWA35<\/td>\n<\/tr>\n<tr style=\"height: 24px;\">\n<td style=\"width: 50.5964%; height: 24px; text-align: center;\">OEM \/ ODM<\/td>\n<td style=\"width: 49.4036%; height: 24px; text-align: center;\">Accepter<\/td>\n<\/tr>\n<tr style=\"height: 24px;\">\n<td style=\"width: 50.5964%; height: 24px; text-align: center;\">Couleur<\/td>\n<td style=\"width: 49.4036%; height: 24px; text-align: center;\">Personnalis\u00e9<\/td>\n<\/tr>\n<tr style=\"height: 24px;\">\n<td style=\"width: 50.5964%; height: 24px; text-align: center;\">MOQ<\/td>\n<td style=\"width: 49.4036%; height: 24px; text-align: center;\">10000pcs<\/td>\n<\/tr>\n<\/tbody>\n<\/table>\n<p><img fetchpriority=\"high\" decoding=\"async\" class=\"alignnone wp-image-3095\" src=\"https:\/\/www.cosmepak.com\/wp-content\/uploads\/2025\/03\/12894844628_624076099.jpg\" alt=\"\" width=\"1366\" height=\"1366\" srcset=\"https:\/\/www.cosmepak.com\/wp-content\/uploads\/2025\/03\/12894844628_624076099.jpg 1000w, https:\/\/www.cosmepak.com\/wp-content\/uploads\/2025\/03\/12894844628_624076099-300x300.jpg 300w, https:\/\/www.cosmepak.com\/wp-content\/uploads\/2025\/03\/12894844628_624076099-150x150.jpg 150w, https:\/\/www.cosmepak.com\/wp-content\/uploads\/2025\/03\/12894844628_624076099-768x768.jpg 768w, https:\/\/www.cosmepak.com\/wp-content\/uploads\/2025\/03\/12894844628_624076099-12x12.jpg 12w, https:\/\/www.cosmepak.com\/wp-content\/uploads\/2025\/03\/12894844628_624076099-600x600.jpg 600w, https:\/\/www.cosmepak.com\/wp-content\/uploads\/2025\/03\/12894844628_624076099-100x100.jpg 100w\" sizes=\"(max-width: 1366px) 100vw, 1366px\" \/><\/p>\n<table style=\"border-collapse: collapse; width: 100%; height: 264px;\">\n<tbody>\n<tr style=\"height: 24px;\">\n<td style=\"width: 16.6667%; text-align: center; height: 24px;\"><span style=\"font-size: 18pt;\">Capacit\u00e9<\/span><\/td>\n<td style=\"width: 16.6667%; text-align: center; height: 24px;\"><span style=\"font-size: 18pt;\">Hauteur totale<\/span><\/td>\n<td style=\"width: 16.6667%; text-align: center; height: 24px;\"><span style=\"font-size: 18pt;\">Hauteur de bouteille<\/span><\/td>\n<td style=\"width: 16.6667%; text-align: center; height: 24px;\"><span style=\"font-size: 18pt;\">Hauteur imprimable<\/span><\/td>\n<td style=\"width: 16.6667%; text-align: center; height: 24px;\"><span style=\"font-size: 18pt;\">Dia<\/span><\/td>\n<td style=\"width: 16.6667%; text-align: center; height: 24px;\"><span style=\"font-size: 18pt;\">Poids<\/span><\/td>\n<\/tr>\n<tr style=\"height: 24px;\">\n<td style=\"width: 16.6667%; text-align: center; height: 24px;\"><span style=\"font-size: 18pt;\">30 ml<\/span><\/td>\n<td style=\"width: 16.6667%; text-align: center; height: 24px;\"><span style=\"font-size: 18pt;\">80 mm<\/span><\/td>\n<td style=\"width: 16.6667%; text-align: center; height: 24px;\"><span style=\"font-size: 18pt;\">42 mm<\/span><\/td>\n<td style=\"width: 16.6667%; text-align: center; height: 24px;\"><span style=\"font-size: 18pt;\">38 mm<\/span><\/td>\n<td style=\"width: 16.6667%; text-align: center; height: 24px;\"><span style=\"font-size: 18pt;\">48 mm<\/span><\/td>\n<td style=\"width: 16.6667%; text-align: center; height: 24px;\"><span style=\"font-size: 18pt;\">44.3g<\/span><\/td>\n<\/tr>\n<tr style=\"height: 24px;\">\n<td style=\"width: 16.6667%; text-align: center; height: 24px;\"><span style=\"font-size: 18pt;\">50 ml<\/span><\/td>\n<td style=\"width: 16.6667%; text-align: center; height: 24px;\"><span style=\"font-size: 18pt;\">95 mm<\/span><\/td>\n<td style=\"width: 16.6667%; text-align: center; height: 24px;\"><span style=\"font-size: 18pt;\">58 mm<\/span><\/td>\n<td style=\"width: 16.6667%; text-align: center; height: 24px;\"><span style=\"font-size: 18pt;\">52 mm<\/span><\/td>\n<td style=\"width: 16.6667%; text-align: center; height: 24px;\"><span style=\"font-size: 18pt;\">48 mm<\/span><\/td>\n<td style=\"width: 16.6667%; text-align: center; height: 24px;\"><span style=\"font-size: 18pt;\">49.3g<\/span><\/td>\n<\/tr>\n<tr style=\"height: 24px;\">\n<td style=\"width: 16.6667%; text-align: center; height: 24px;\"><span style=\"font-size: 18pt;\">100 ml<\/span><\/td>\n<td style=\"width: 16.6667%; text-align: center; height: 24px;\"><span style=\"font-size: 18pt;\">128mm<\/span><\/td>\n<td style=\"width: 16.6667%; text-align: center; height: 24px;\"><span style=\"font-size: 18pt;\">90 mm<\/span><\/td>\n<td style=\"width: 16.6667%; text-align: center; height: 24px;\"><span style=\"font-size: 18pt;\">85 mm<\/span><\/td>\n<td style=\"width: 16.6667%; text-align: center; height: 24px;\"><span style=\"font-size: 18pt;\">48 mm<\/span><\/td>\n<td style=\"width: 16.6667%; text-align: center; height: 24px;\"><span style=\"font-size: 18pt;\">58.6g<\/span><\/td>\n<\/tr>\n<tr style=\"height: 24px;\">\n<td style=\"width: 16.6667%; text-align: center; height: 24px;\"><span style=\"font-size: 18pt;\">120 ml<\/span><\/td>\n<td style=\"width: 16.6667%; text-align: center; height: 24px;\"><span style=\"font-size: 18pt;\">142mm<\/span><\/td>\n<td style=\"width: 16.6667%; text-align: center; height: 24px;\"><span style=\"font-size: 18pt;\">105 mm<\/span><\/td>\n<td style=\"width: 16.6667%; text-align: center; height: 24px;\"><span style=\"font-size: 18pt;\">100 mm<\/span><\/td>\n<td style=\"width: 16.6667%; text-align: center; height: 24px;\"><span style=\"font-size: 18pt;\">48 mm<\/span><\/td>\n<td style=\"width: 16.6667%; text-align: center; height: 24px;\"><span style=\"font-size: 18pt;\">63.4g<\/span><\/td>\n<\/tr>\n<tr style=\"height: 24px;\">\n<td style=\"width: 33.3334%; text-align: center; height: 24px;\" colspan=\"2\"><span style=\"font-size: 18pt;\"><strong>Article\u00a0<\/strong><\/span><\/td>\n<td style=\"width: 33.3334%; text-align: center; height: 24px;\" colspan=\"2\"><span style=\"font-size: 18pt;\"><strong>Quantit\u00e9<\/strong><\/span><\/td>\n<td style=\"width: 33.3334%; text-align: center; height: 24px;\" colspan=\"2\"><span style=\"font-size: 18pt;\"><strong>Taille de l'emballage<\/strong><\/span><\/td>\n<\/tr>\n<tr style=\"height: 24px;\">\n<td style=\"width: 33.3334%; text-align: center; height: 24px;\" colspan=\"2\"><span style=\"font-size: 18pt;\">30 ml<\/span><\/td>\n<td style=\"width: 33.3334%; text-align: center; height: 24px;\" colspan=\"2\"><span style=\"font-size: 18pt;\">693 pi\u00e8ces<\/span><\/td>\n<td style=\"width: 33.3334%; text-align: center; height: 24px;\" colspan=\"2\"><span style=\"font-size: 18pt;\">48*38.5*41<\/span><\/td>\n<\/tr>\n<tr style=\"height: 24px;\">\n<td style=\"width: 33.3334%; text-align: center; height: 24px;\" colspan=\"2\"><span style=\"font-size: 18pt;\">50 ml<\/span><\/td>\n<td style=\"width: 33.3334%; text-align: center; height: 24px;\" colspan=\"2\"><span style=\"font-size: 18pt;\">518pcs<\/span><\/td>\n<td style=\"width: 33.3334%; text-align: center; height: 24px;\" colspan=\"2\"><span style=\"font-size: 18pt;\">48*38.5*41<\/span><\/td>\n<\/tr>\n<tr style=\"height: 24px;\">\n<td style=\"width: 33.3334%; text-align: center; height: 24px;\" colspan=\"2\"><span style=\"font-size: 18pt;\">100 ml<\/span><\/td>\n<td style=\"width: 33.3334%; text-align: center; height: 24px;\" colspan=\"2\"><span style=\"font-size: 18pt;\">308pcs<\/span><\/td>\n<td style=\"width: 33.3334%; text-align: center; height: 24px;\" colspan=\"2\"><span style=\"font-size: 18pt;\">48*37*41<\/span><\/td>\n<\/tr>\n<tr style=\"height: 24px;\">\n<td style=\"width: 33.3334%; text-align: center; height: 24px;\" colspan=\"2\"><span style=\"font-size: 18pt;\">120 ml<\/span><\/td>\n<td style=\"width: 33.3334%; text-align: center; height: 24px;\" colspan=\"2\"><span style=\"font-size: 18pt;\">260pcs<\/span><\/td>\n<td style=\"width: 33.3334%; text-align: center; height: 24px;\" colspan=\"2\"><span style=\"font-size: 18pt;\">48*37*41<\/span><\/td>\n<\/tr>\n<tr style=\"height: 24px;\">\n<td style=\"width: 33.3334%; text-align: center; height: 24px;\" colspan=\"2\">Pompe<\/td>\n<td style=\"width: 33.3334%; text-align: center; height: 24px;\" colspan=\"2\">539 pi\u00e8ces<\/td>\n<td style=\"width: 33.3334%; text-align: center; height: 24px;\" colspan=\"2\">48*37*41<\/td>\n<\/tr>\n<\/tbody>\n<\/table>\n<p><span style=\"font-size: 14pt;\">Our JH-LWA35 serise Airless Bottle made of PP material. it is comes with a large diameter design, which is convenient for filling.<\/span><\/p>\n<p><span style=\"font-size: 14pt;\">We have designed four capacity sizes for this\u00a0 bottle, namely 30ml, 50ml, 100ml and 120ml,and the liquid output is 0.4 MT\/L.<\/span><\/p>\n<p><span style=\"font-size: 14pt;\">This bottle is composed of the bottle body, the vacuum inner plug, the snap ring and the vacuum pump. The buckle and pump are integrated into one design, making installation convenient. The large head and long mouth design makes it convenient to press and extract the liquid. Once the locking clip is tightened, it will not be possible to open it for a second filling. This significantly ensures the safety of the internal contents and prevents them from being contaminated again. Of course, his drawback is that he cannot be reused in a second instance.<\/span><\/p>\n<p><span style=\"font-size: 14pt;\">The liquid or emulsion is squeezed under vacuum pressure. The vacuum seal rises from the bottom and the liquid is pumped out. This design can ensure the cleanliness of the materials to a greater extent, preventing contamination. At the same time, it can also effectively preserve the activity of the contents. The smooth and round bottle design is simple and practical in shape.<\/span><\/p>\n<p><span style=\"font-size: 14pt;\">Avant d'utiliser \u00e0 nouveau ce produit (lorsqu'il est enti\u00e8rement charg\u00e9), la bougie \u00e0 vide est situ\u00e9e en bas. Pendant l'utilisation, la bougie \u00e0 vide monte lentement. Apr\u00e8s utilisation, le bouchon d'aspirateur atteint la bouche de la bouteille et il n'y a pas de r\u00e9sidu sur la paroi de la bouteille.<\/span><\/p>\n<p><span style=\"font-size: 14pt;\">We can offer various customization options for the bottle body, such as color customization. We can conduct injection molding according to Pantone colors. We can also apply electroplating on the surface of the bottle to make its appearance more luxurious. Of course, it is essential to print logos, company information, and ingredient lists. Most of these customization options are for high-end product series. However, we can also provide label printing and labeling services for budget products. This way, we can fully meet the needs of different market positioning brands.<\/span><\/p>\n<p><span style=\"font-size: 14pt;\">In addition, the bottle body can be customized through various processes. For the vacuum pump, we also offer injection molding color customization services. The middle sleeve can be electroplated to meet different brand positioning requirements.<\/span><\/p>\n<p>&nbsp;<\/p>\n<p><img decoding=\"async\" class=\"alignnone wp-image-3096\" src=\"https:\/\/www.cosmepak.com\/wp-content\/uploads\/2025\/03\/12935261906_624076099.jpg\" alt=\"\" width=\"1359\" height=\"1359\" srcset=\"https:\/\/www.cosmepak.com\/wp-content\/uploads\/2025\/03\/12935261906_624076099.jpg 1000w, https:\/\/www.cosmepak.com\/wp-content\/uploads\/2025\/03\/12935261906_624076099-300x300.jpg 300w, https:\/\/www.cosmepak.com\/wp-content\/uploads\/2025\/03\/12935261906_624076099-150x150.jpg 150w, https:\/\/www.cosmepak.com\/wp-content\/uploads\/2025\/03\/12935261906_624076099-768x768.jpg 768w, https:\/\/www.cosmepak.com\/wp-content\/uploads\/2025\/03\/12935261906_624076099-12x12.jpg 12w, https:\/\/www.cosmepak.com\/wp-content\/uploads\/2025\/03\/12935261906_624076099-600x600.jpg 600w, https:\/\/www.cosmepak.com\/wp-content\/uploads\/2025\/03\/12935261906_624076099-100x100.jpg 100w\" sizes=\"(max-width: 1359px) 100vw, 1359px\" \/><\/p>\n<table style=\"border-collapse: collapse; width: 100%;\">\n<tbody>\n<tr>\n<td style=\"width: 33.3333%;\"><img decoding=\"async\" class=\"alignnone size-full wp-image-3098\" src=\"https:\/\/www.cosmepak.com\/wp-content\/uploads\/2025\/03\/12857091030_624076099.jpg\" alt=\"\" width=\"1000\" height=\"1000\" srcset=\"https:\/\/www.cosmepak.com\/wp-content\/uploads\/2025\/03\/12857091030_624076099.jpg 1000w, https:\/\/www.cosmepak.com\/wp-content\/uploads\/2025\/03\/12857091030_624076099-300x300.jpg 300w, https:\/\/www.cosmepak.com\/wp-content\/uploads\/2025\/03\/12857091030_624076099-150x150.jpg 150w, https:\/\/www.cosmepak.com\/wp-content\/uploads\/2025\/03\/12857091030_624076099-768x768.jpg 768w, https:\/\/www.cosmepak.com\/wp-content\/uploads\/2025\/03\/12857091030_624076099-12x12.jpg 12w, https:\/\/www.cosmepak.com\/wp-content\/uploads\/2025\/03\/12857091030_624076099-600x600.jpg 600w, https:\/\/www.cosmepak.com\/wp-content\/uploads\/2025\/03\/12857091030_624076099-100x100.jpg 100w\" sizes=\"(max-width: 1000px) 100vw, 1000px\" \/><\/td>\n<td style=\"width: 33.3333%;\"><img loading=\"lazy\" decoding=\"async\" class=\"alignnone size-full wp-image-3097\" src=\"https:\/\/www.cosmepak.com\/wp-content\/uploads\/2025\/03\/12935282281_624076099.jpg\" alt=\"\" width=\"1000\" height=\"1000\" srcset=\"https:\/\/www.cosmepak.com\/wp-content\/uploads\/2025\/03\/12935282281_624076099.jpg 1000w, https:\/\/www.cosmepak.com\/wp-content\/uploads\/2025\/03\/12935282281_624076099-300x300.jpg 300w, https:\/\/www.cosmepak.com\/wp-content\/uploads\/2025\/03\/12935282281_624076099-150x150.jpg 150w, https:\/\/www.cosmepak.com\/wp-content\/uploads\/2025\/03\/12935282281_624076099-768x768.jpg 768w, https:\/\/www.cosmepak.com\/wp-content\/uploads\/2025\/03\/12935282281_624076099-12x12.jpg 12w, https:\/\/www.cosmepak.com\/wp-content\/uploads\/2025\/03\/12935282281_624076099-600x600.jpg 600w, https:\/\/www.cosmepak.com\/wp-content\/uploads\/2025\/03\/12935282281_624076099-100x100.jpg 100w\" sizes=\"(max-width: 1000px) 100vw, 1000px\" \/><\/td>\n<td style=\"width: 33.3333%;\"><img loading=\"lazy\" decoding=\"async\" class=\"alignnone size-full wp-image-3099\" src=\"https:\/\/www.cosmepak.com\/wp-content\/uploads\/2025\/03\/12935291107_624076099-1.jpg\" alt=\"\" width=\"1000\" height=\"1000\" srcset=\"https:\/\/www.cosmepak.com\/wp-content\/uploads\/2025\/03\/12935291107_624076099-1.jpg 1000w, https:\/\/www.cosmepak.com\/wp-content\/uploads\/2025\/03\/12935291107_624076099-1-300x300.jpg 300w, https:\/\/www.cosmepak.com\/wp-content\/uploads\/2025\/03\/12935291107_624076099-1-150x150.jpg 150w, https:\/\/www.cosmepak.com\/wp-content\/uploads\/2025\/03\/12935291107_624076099-1-768x768.jpg 768w, https:\/\/www.cosmepak.com\/wp-content\/uploads\/2025\/03\/12935291107_624076099-1-12x12.jpg 12w, https:\/\/www.cosmepak.com\/wp-content\/uploads\/2025\/03\/12935291107_624076099-1-600x600.jpg 600w, https:\/\/www.cosmepak.com\/wp-content\/uploads\/2025\/03\/12935291107_624076099-1-100x100.jpg 100w\" sizes=\"(max-width: 1000px) 100vw, 1000px\" \/><\/td>\n<\/tr>\n<\/tbody>\n<\/table>\n<p><img loading=\"lazy\" decoding=\"async\" class=\"alignnone wp-image-3100\" src=\"https:\/\/www.cosmepak.com\/wp-content\/uploads\/2025\/03\/12857076527_624076099.jpg\" alt=\"\" width=\"1356\" height=\"1356\" srcset=\"https:\/\/www.cosmepak.com\/wp-content\/uploads\/2025\/03\/12857076527_624076099.jpg 1000w, https:\/\/www.cosmepak.com\/wp-content\/uploads\/2025\/03\/12857076527_624076099-300x300.jpg 300w, https:\/\/www.cosmepak.com\/wp-content\/uploads\/2025\/03\/12857076527_624076099-150x150.jpg 150w, https:\/\/www.cosmepak.com\/wp-content\/uploads\/2025\/03\/12857076527_624076099-768x768.jpg 768w, https:\/\/www.cosmepak.com\/wp-content\/uploads\/2025\/03\/12857076527_624076099-12x12.jpg 12w, https:\/\/www.cosmepak.com\/wp-content\/uploads\/2025\/03\/12857076527_624076099-600x600.jpg 600w, https:\/\/www.cosmepak.com\/wp-content\/uploads\/2025\/03\/12857076527_624076099-100x100.jpg 100w\" sizes=\"(max-width: 1356px) 100vw, 1356px\" \/><\/p>\n<p><img loading=\"lazy\" decoding=\"async\" class=\"alignnone size-full wp-image-1347\" src=\"https:\/\/www.cosmepak.com\/wp-content\/uploads\/2024\/12\/\u9996\u987519202_03.jpg\" alt=\"\" width=\"1920\" height=\"885\" srcset=\"https:\/\/www.cosmepak.com\/wp-content\/uploads\/2024\/12\/\u9996\u987519202_03.jpg 1920w, https:\/\/www.cosmepak.com\/wp-content\/uploads\/2024\/12\/\u9996\u987519202_03-300x138.jpg 300w, https:\/\/www.cosmepak.com\/wp-content\/uploads\/2024\/12\/\u9996\u987519202_03-1024x472.jpg 1024w, https:\/\/www.cosmepak.com\/wp-content\/uploads\/2024\/12\/\u9996\u987519202_03-768x354.jpg 768w, https:\/\/www.cosmepak.com\/wp-content\/uploads\/2024\/12\/\u9996\u987519202_03-1536x708.jpg 1536w, https:\/\/www.cosmepak.com\/wp-content\/uploads\/2024\/12\/\u9996\u987519202_03-600x277.jpg 600w\" sizes=\"(max-width: 1920px) 100vw, 1920px\" \/><\/p>\n<table style=\"border-collapse: collapse; width: 100%; height: 144px;\">\n<tbody>\n<tr style=\"height: 24px;\">\n<td style=\"width: 33.3333%; text-align: center; height: 24px;\"><span style=\"font-size: 14pt;\"><strong>Exprimer<\/strong><\/span><\/td>\n<td style=\"width: 33.3333%; text-align: center; height: 24px;\"><span style=\"font-size: 14pt;\"><strong>Fret a\u00e9rien<\/strong><\/span><\/td>\n<td style=\"width: 33.3333%; text-align: center; height: 24px;\"><span style=\"font-size: 14pt;\"><strong>Transport maritime<\/strong><\/span><\/td>\n<\/tr>\n<tr style=\"height: 24px;\">\n<td style=\"width: 33.3333%; text-align: center; height: 24px;\">Europe 4 \u00e0 6 jours<\/td>\n<td style=\"width: 33.3333%; text-align: center; height: 24px;\">Europe 4 \u00e0 6 jours<\/td>\n<td style=\"width: 33.3333%; text-align: center; height: 24px;\">Europe 25-35 jours<\/td>\n<\/tr>\n<tr style=\"height: 24px;\">\n<td style=\"width: 33.3333%; text-align: center; height: 24px;\">Manth America 4-6 jours<\/td>\n<td style=\"width: 33.3333%; text-align: center; height: 24px;\">Manth America 4-6 jours<\/td>\n<td style=\"width: 33.3333%; text-align: center; height: 24px;\">Morth America 25-35day<\/td>\n<\/tr>\n<tr style=\"height: 24px;\">\n<td style=\"width: 33.3333%; text-align: center; height: 24px;\">Asie du Sud-Est 3-5 jours<\/td>\n<td style=\"width: 33.3333%; text-align: center; height: 24px;\">Asie du Sud-Est 3-5 jours<\/td>\n<td style=\"width: 33.3333%; text-align: center; height: 24px;\">Asie du Sud-Est 25-35 jours<\/td>\n<\/tr>\n<tr style=\"height: 24px;\">\n<td style=\"width: 33.3333%; text-align: center; height: 24px;\">Le Moyen-Orient 4 \u00e0 6 jours<\/td>\n<td style=\"width: 33.3333%; text-align: center; height: 24px;\">Le Moyen-Orient 4 \u00e0 6 jours<\/td>\n<td style=\"width: 33.3333%; text-align: center; height: 24px;\">Le Moyen-Orient 25-35 jours<\/td>\n<\/tr>\n<tr style=\"height: 24px;\">\n<td style=\"width: 33.3333%; text-align: center; height: 24px;\">Afrique du Sud 5-8 jours<\/td>\n<td style=\"width: 33.3333%; text-align: center; height: 24px;\">Afrique du Sud 5-8 jours<\/td>\n<td style=\"width: 33.3333%; text-align: center; height: 24px;\">Afrique du Sud 25-35 jours<\/td>\n<\/tr>\n<\/tbody>\n<\/table>\n<p><span style=\"font-size: 14pt;\"><strong>RFQ:\u00a0<\/strong><\/span><\/p>\n<p><span data-spm-anchor-id=\"a2700.pc-decorate.0.i3.75883333L8yZVb\">1. Pourquoi devriez-vous acheter chez nous et non aupr\u00e8s d'autres fournisseurs?<br \/>\n\u2460 3 minutes con\u00e7ues pour vous.<br \/>\n\u2461 Service en ligne 24 heures sur 24.<br \/>\n\u2462 Samples de stock de 7 jours \/ 15 jours avec impression personnalis\u00e9e.<br \/>\n\u2463 35 jours de d\u00e9lai.<br \/>\n\u2464 Plus de 10 ans d'usine d'emballage cosm\u00e9tique professionnelle.<br \/>\n\u2465 Outouts d'usine, meilleur prix et meilleur service.<br \/>\n\u2466 Une solution de station pour l'emballage cosm\u00e9tique.<br \/>\n2. Qui sommes-nous?<br \/>\nNous sommes bas\u00e9s \u00e0 Zhejiang, en Chine, \u00e0 partir de 2014, \u00e0 vendre sur le march\u00e9 int\u00e9rieur (70,00%), Oc\u00e9anie (8,00%), au milieu-est (7,00%), Eastern<br \/>\nAsie (2,00%), Am\u00e9rique du Nord (2,00%), Europe occidentale (2,00%), Asie du Sud-Est (2,00%), Asie du Sud (1,00%), Am\u00e9rique du Sud (1,00%), Sud<br \/>\nEurope (1,00%), Am\u00e9rique centrale (1,00%), Europe du Nord (1,00%), Afrique (1,00%), Europe de l'Est (1,00%). <\/span><\/p>\n<div>3. Comment garantir la qualit\u00e9?<br \/>\nToujours un \u00e9chantillon de pr\u00e9-production avant production de masse;<br \/>\n4. Que pouvez-vous acheter chez nous?<br \/>\nBouteilles en verre, bouteilles en plastique \/ bocaux \/ tubercules, bouteilles en aluminium \/ bocaux \/ tubes etc. mat\u00e9riel d'emballage cosm\u00e9tique.<br \/>\n5. Qui sommes-nous?<br \/>\nWe are based in Zhejiang, China, start from 2014,sell to Domestic Market(70.00%),Oceania(8.00%),Mid East(7.00%), Eastern Asia(2.00%),North America(2.00%),Western Europe(2.00%),Southeast Asia(2.00%),South Asia(1.00%),South America(1.00%),Southern Europe(1.00%),Central America(1.00%),Northern<br \/>\n6. Quels services pouvons-nous fournir?<br \/>\nConditions de livraison accept\u00e9es: FOB, CFR, CIF;<\/div>\n<div>Devise de paiement accept\u00e9: USD, EUR, HKD, CNY;<\/div>\n<div>Type de paiement accept\u00e9: T \/ T, L \/ C, D \/ P D \/ A;<\/div>","protected":false},"excerpt":{"rendered":"<p>Mod\u00e8le: JH-LWA35<\/p>\n<p>Mat\u00e9riau : PP<\/p>\n<p>Capacit\u00e9: 30ml\/50ml\/100ml\/120ml<\/p>\n<p>Poids: 44.3g \/ 49.3g \/ 58.6g \/ 63.4g<\/p>\n<p>Couleur: accepter personnalis\u00e9 (toute couleur Pantone disponible)<\/p>\n<p>Finition de surface: impression d'\u00e9cran, estampage chaud, gradient de pulv\u00e9risation, finition mate, etc.<\/p>\n<p>MOQ: 10000pcs<\/p>\n<p>\u00c9chantillon: \u00e9chantillons gratuits disponibles<\/p>\n<p>&nbsp;<\/p>\n<p>&nbsp;<\/p>","protected":false},"featured_media":3100,"comment_status":"closed","ping_status":"closed","template":"","meta":{"_acf_changed":false},"product_brand":[],"product_cat":[35],"product_tag":[38],"class_list":{"0":"post-1380","1":"product","2":"type-product","3":"status-publish","4":"has-post-thumbnail","6":"product_cat-airless-bottle","7":"product_tag-airless-bottle","9":"first","10":"outofstock","11":"shipping-taxable","12":"product-type-simple"},"acf":[],"_links":{"self":[{"href":"https:\/\/www.cosmepak.com\/fr\/wp-json\/wp\/v2\/product\/1380","targetHints":{"allow":["GET"]}}],"collection":[{"href":"https:\/\/www.cosmepak.com\/fr\/wp-json\/wp\/v2\/product"}],"about":[{"href":"https:\/\/www.cosmepak.com\/fr\/wp-json\/wp\/v2\/types\/product"}],"replies":[{"embeddable":true,"href":"https:\/\/www.cosmepak.com\/fr\/wp-json\/wp\/v2\/comments?post=1380"}],"wp:featuredmedia":[{"embeddable":true,"href":"https:\/\/www.cosmepak.com\/fr\/wp-json\/wp\/v2\/media\/3100"}],"wp:attachment":[{"href":"https:\/\/www.cosmepak.com\/fr\/wp-json\/wp\/v2\/media?parent=1380"}],"wp:term":[{"taxonomy":"product_brand","embeddable":true,"href":"https:\/\/www.cosmepak.com\/fr\/wp-json\/wp\/v2\/product_brand?post=1380"},{"taxonomy":"product_cat","embeddable":true,"href":"https:\/\/www.cosmepak.com\/fr\/wp-json\/wp\/v2\/product_cat?post=1380"},{"taxonomy":"product_tag","embeddable":true,"href":"https:\/\/www.cosmepak.com\/fr\/wp-json\/wp\/v2\/product_tag?post=1380"}],"curies":[{"name":"WP","href":"https:\/\/api.w.org\/{rel}","templated":true}]}}