{"id":1402,"date":"2025-03-27T10:04:01","date_gmt":"2025-03-27T02:04:01","guid":{"rendered":"https:\/\/www.cosmepak.com\/?post_type=product&#038;p=1402"},"modified":"2026-04-29T14:47:06","modified_gmt":"2026-04-29T06:47:06","slug":"lip-gloss-tube-gold-gradient-peach-powder-lipstick-tube-jaunce","status":"publish","type":"product","link":"https:\/\/www.cosmepak.com\/fr\/product\/lip-gloss-tube-gold-gradient-peach-powder-lipstick-tube-jaunce\/","title":{"rendered":"Gloss \u00e0 l\u00e8vres tube-or gradient p\u00eache poudre rouge \u00e0 l\u00e8vres tube\/Jaunce"},"content":{"rendered":"<table style=\"border-collapse: collapse; width: 100%; height: 237px;\">\n<tbody>\n<tr style=\"height: 24px;\">\n<td style=\"width: 48.3725%; height: 24px; text-align: center;\">Marque<\/td>\n<td style=\"width: 51.6275%; height: 24px; text-align: center;\">\u00a0Jaunce<\/td>\n<\/tr>\n<tr style=\"height: 24px;\">\n<td style=\"width: 48.3725%; height: 24px; text-align: center;\">Capacit\u00e9<\/td>\n<td style=\"width: 51.6275%; height: 24px; text-align: center;\">3.5g<\/td>\n<\/tr>\n<tr style=\"height: 24px;\">\n<td style=\"width: 48.3725%; height: 24px; text-align: center;\">Forme<\/td>\n<td style=\"width: 51.6275%; height: 24px; text-align: center;\">Rond<\/td>\n<\/tr>\n<tr style=\"height: 24px;\">\n<td style=\"width: 48.3725%; height: 24px; text-align: center;\">Taille<\/td>\n<td style=\"width: 51.6275%; height: 24px; text-align: center;\">20.5*74.5mm<\/td>\n<\/tr>\n<tr style=\"height: 24px;\">\n<td style=\"width: 48.3725%; height: 24px; text-align: center;\">Poids<\/td>\n<td style=\"width: 51.6275%; height: 24px; text-align: center;\">20g<\/td>\n<\/tr>\n<tr style=\"height: 24px;\">\n<td style=\"width: 48.3725%; height: 24px; text-align: center;\">Convenable<\/td>\n<td style=\"width: 51.6275%; height: 24px; text-align: center;\">\u00a0Capuchon<\/td>\n<\/tr>\n<tr style=\"height: 24px;\">\n<td style=\"width: 48.3725%; height: 24px; text-align: center;\">Mod\u00e8le<\/td>\n<td style=\"width: 51.6275%; height: 24px; text-align: center;\">JH-JZ-3336<\/td>\n<\/tr>\n<tr style=\"height: 24px;\">\n<td style=\"width: 48.3725%; height: 24px; text-align: center;\">OEM \/ ODM<\/td>\n<td style=\"width: 51.6275%; height: 24px; text-align: center;\">Accepter<\/td>\n<\/tr>\n<tr style=\"height: 24px;\">\n<td style=\"width: 48.3725%; height: 24px; text-align: center;\">Couleur<\/td>\n<td style=\"width: 51.6275%; height: 24px; text-align: center;\">Personnalis\u00e9<\/td>\n<\/tr>\n<tr style=\"height: 24px;\">\n<td style=\"width: 48.3725%; height: 21px; text-align: center;\">MOQ<\/td>\n<td style=\"width: 51.6275%; height: 21px; text-align: center;\">10000pcs<\/td>\n<\/tr>\n<\/tbody>\n<\/table>\n<p><img fetchpriority=\"high\" decoding=\"async\" class=\"alignnone wp-image-1405\" src=\"https:\/\/www.cosmepak.com\/wp-content\/uploads\/2025\/03\/photobank-5.jpg\" alt=\"\" width=\"1413\" height=\"1413\" srcset=\"https:\/\/www.cosmepak.com\/wp-content\/uploads\/2025\/03\/photobank-5.jpg 800w, https:\/\/www.cosmepak.com\/wp-content\/uploads\/2025\/03\/photobank-5-300x300.jpg 300w, https:\/\/www.cosmepak.com\/wp-content\/uploads\/2025\/03\/photobank-5-150x150.jpg 150w, https:\/\/www.cosmepak.com\/wp-content\/uploads\/2025\/03\/photobank-5-768x768.jpg 768w, https:\/\/www.cosmepak.com\/wp-content\/uploads\/2025\/03\/photobank-5-600x600.jpg 600w, https:\/\/www.cosmepak.com\/wp-content\/uploads\/2025\/03\/photobank-5-100x100.jpg 100w\" sizes=\"(max-width: 1413px) 100vw, 1413px\" \/><\/p>\n<p>Comment choisir le Packa\u062c\u0631\u0627\u0645\u0628\u0648\u0635\u0629g parfait pour vos produits de beaut\u00e9 - Jaunce industriel<\/p>\n<p>Cette bouteille de parfum en verre est un choix pratique pour les amateurs de parfums. Ses principaux avantages se trouvent dans &#8220; portabilit\u00e9&#8221; et &#8220; pratique&#8221; En termes de capacit\u00e9, il t \u1eaf ters trois options: 30ml, 50ml et 80ml. La version 30ml convient aux bagages \u00e0 main quotidiens et aux voyages courts, tandis que les versions 50ml et 80ml r\u00e9pondent aux besoins de stockage \u00e0 domicile ou d'utilisation \u00e0 long terme. Que ce soit dans un sac \u00e0 main, un sac de maquillage ou une valise de voyage, il peut \u00eatre adapt\u00e9 de mani\u00e8re flexible \u00e0 vos besoins, vous permettant de recharger votre parfum \u00e0 tout moment et de maintenir un parfum charmant.<\/p>\n<p>For size, the JH-JZ3336 maintains even ratios in every part. Full length hits 74.5 mm, cap at 49.5 mm, base at 41.5 mm. Cap top spans 20.5 mm wide, tube body diameter at 16.5 mm. Such specs allow simple hold: the fit works for typical hands, no sliding or heaviness. It takes common lipstick cores, even taller types, with space to stop shaking or harm and to protect the fill steadily. This lipstick tube is made by ABS injection molding. The outer tube can be molded into any color, and the uniform color of the integrated appearance makes it simple and elegant. The inner tube is plated with gold and silver colors, instantly enhancing the luxurious appearance of the lipstick tube.<\/p>\n<p>La t\u00eate de pulv\u00e9risation est le composant principal et utilise une t\u00eate de pulv\u00e9risation en aluminium de type presse. La brume est fine et uniforme, sans colonnes d'eau, qui peuvent atomiser compl\u00e8tement le parfum, assurant une exp\u00e9rience confortable pendant l'utilisation et \u00e9vitant le gaspillage du parfum, \u00e9conomisant efficacement la quantit\u00e9 utilis\u00e9e. De plus, le san-pham est adapt\u00e9 \u00e0 un large \u00e9ventail de sc\u00e9narios, que ce soit pour le transport de voyage, les voyages d'affaires, ou l'utilisation quotidienne \u00e0 la maison et le stockage de la division des parfums, il peut parfaitement s'adapter et r\u00e9pondre \u00e0 divers besoins.<\/p>\n<p><img decoding=\"async\" class=\"alignnone wp-image-1406\" src=\"https:\/\/www.cosmepak.com\/wp-content\/uploads\/2025\/03\/photobank-1-2.jpg\" alt=\"\" width=\"1397\" height=\"1397\" srcset=\"https:\/\/www.cosmepak.com\/wp-content\/uploads\/2025\/03\/photobank-1-2.jpg 1024w, https:\/\/www.cosmepak.com\/wp-content\/uploads\/2025\/03\/photobank-1-2-300x300.jpg 300w, https:\/\/www.cosmepak.com\/wp-content\/uploads\/2025\/03\/photobank-1-2-150x150.jpg 150w, https:\/\/www.cosmepak.com\/wp-content\/uploads\/2025\/03\/photobank-1-2-768x768.jpg 768w, https:\/\/www.cosmepak.com\/wp-content\/uploads\/2025\/03\/photobank-1-2-600x600.jpg 600w, https:\/\/www.cosmepak.com\/wp-content\/uploads\/2025\/03\/photobank-1-2-100x100.jpg 100w\" sizes=\"(max-width: 1397px) 100vw, 1397px\" \/><img decoding=\"async\" class=\"alignnone wp-image-1407\" src=\"https:\/\/www.cosmepak.com\/wp-content\/uploads\/2025\/03\/photobank-6.jpg\" alt=\"\" width=\"1388\" height=\"1388\" srcset=\"https:\/\/www.cosmepak.com\/wp-content\/uploads\/2025\/03\/photobank-6.jpg 1024w, https:\/\/www.cosmepak.com\/wp-content\/uploads\/2025\/03\/photobank-6-300x300.jpg 300w, https:\/\/www.cosmepak.com\/wp-content\/uploads\/2025\/03\/photobank-6-150x150.jpg 150w, https:\/\/www.cosmepak.com\/wp-content\/uploads\/2025\/03\/photobank-6-768x768.jpg 768w, https:\/\/www.cosmepak.com\/wp-content\/uploads\/2025\/03\/photobank-6-600x600.jpg 600w, https:\/\/www.cosmepak.com\/wp-content\/uploads\/2025\/03\/photobank-6-100x100.jpg 100w\" sizes=\"(max-width: 1388px) 100vw, 1388px\" \/><img loading=\"lazy\" decoding=\"async\" class=\"alignnone wp-image-1409\" src=\"https:\/\/www.cosmepak.com\/wp-content\/uploads\/2025\/03\/photobank-2-1.jpg\" alt=\"\" width=\"1392\" height=\"1854\" srcset=\"https:\/\/www.cosmepak.com\/wp-content\/uploads\/2025\/03\/photobank-2-1.jpg 1200w, https:\/\/www.cosmepak.com\/wp-content\/uploads\/2025\/03\/photobank-2-1-225x300.jpg 225w, https:\/\/www.cosmepak.com\/wp-content\/uploads\/2025\/03\/photobank-2-1-769x1024.jpg 769w, https:\/\/www.cosmepak.com\/wp-content\/uploads\/2025\/03\/photobank-2-1-768x1023.jpg 768w, https:\/\/www.cosmepak.com\/wp-content\/uploads\/2025\/03\/photobank-2-1-1153x1536.jpg 1153w, https:\/\/www.cosmepak.com\/wp-content\/uploads\/2025\/03\/photobank-2-1-600x799.jpg 600w\" sizes=\"(max-width: 1392px) 100vw, 1392px\" \/><\/p>\n<p>&nbsp;<\/p>\n<p>&nbsp;<\/p>\n<p>&nbsp;<\/p>\n<div><\/div>","protected":false},"excerpt":{"rendered":"<p>Mat\u00e9riel : ABS\/AS<\/p>\n<p>Capacity: 3.5g<\/p>\n<p>Size: 74.5*20.5mm<\/p>\n<p>Couleur: accepter personnalis\u00e9 (toute couleur Pantone disponible)<\/p>\n<p>Finition de surface: impression d'\u00e9cran, estampage chaud, finition mate, etc.<\/p>\n<p>MOQ: 10000pcs<\/p>\n<p>\u00c9chantillon: \u00e9chantillons gratuits disponibles<\/p>\n<p>&nbsp;<\/p>\n<p>&nbsp;<\/p>","protected":false},"featured_media":1403,"comment_status":"closed","ping_status":"closed","template":"","meta":{"_acf_changed":false},"product_brand":[],"product_cat":[53,36],"product_tag":[39],"class_list":{"0":"post-1402","1":"product","2":"type-product","3":"status-publish","4":"has-post-thumbnail","6":"product_cat-lipstick-tube","7":"product_cat-makeup","8":"product_tag-makeup","10":"first","11":"outofstock","12":"shipping-taxable","13":"product-type-simple"},"acf":[],"_links":{"self":[{"href":"https:\/\/www.cosmepak.com\/fr\/wp-json\/wp\/v2\/product\/1402","targetHints":{"allow":["GET"]}}],"collection":[{"href":"https:\/\/www.cosmepak.com\/fr\/wp-json\/wp\/v2\/product"}],"about":[{"href":"https:\/\/www.cosmepak.com\/fr\/wp-json\/wp\/v2\/types\/product"}],"replies":[{"embeddable":true,"href":"https:\/\/www.cosmepak.com\/fr\/wp-json\/wp\/v2\/comments?post=1402"}],"wp:featuredmedia":[{"embeddable":true,"href":"https:\/\/www.cosmepak.com\/fr\/wp-json\/wp\/v2\/media\/1403"}],"wp:attachment":[{"href":"https:\/\/www.cosmepak.com\/fr\/wp-json\/wp\/v2\/media?parent=1402"}],"wp:term":[{"taxonomy":"product_brand","embeddable":true,"href":"https:\/\/www.cosmepak.com\/fr\/wp-json\/wp\/v2\/product_brand?post=1402"},{"taxonomy":"product_cat","embeddable":true,"href":"https:\/\/www.cosmepak.com\/fr\/wp-json\/wp\/v2\/product_cat?post=1402"},{"taxonomy":"product_tag","embeddable":true,"href":"https:\/\/www.cosmepak.com\/fr\/wp-json\/wp\/v2\/product_tag?post=1402"}],"curies":[{"name":"WP","href":"https:\/\/api.w.org\/{rel}","templated":true}]}}