{"id":142,"date":"2024-12-31T10:54:36","date_gmt":"2024-12-31T02:54:36","guid":{"rendered":"http:\/\/www.cosmepak.com\/?post_type=product&#038;p=142"},"modified":"2025-10-21T11:30:12","modified_gmt":"2025-10-21T03:30:12","slug":"tube-de-rouge-a-levres","status":"publish","type":"product","link":"https:\/\/www.cosmepak.com\/fr\/product\/lipstick-tube\/","title":{"rendered":"Tube \u00e0 rouge \u00e0 l\u00e8vres"},"content":{"rendered":"<table style=\"border-collapse: collapse; width: 100.799%; height: 216px;\">\n<tbody>\n<tr style=\"height: 24px;\">\n<td style=\"width: 30.4741%; text-align: center; height: 24px;\" rowspan=\"9\"><img fetchpriority=\"high\" decoding=\"async\" class=\"alignnone size-full wp-image-3017\" src=\"https:\/\/www.cosmepak.com\/wp-content\/uploads\/2024\/12\/10939227280_114461948.jpg\" alt=\"\" width=\"800\" height=\"800\" srcset=\"https:\/\/www.cosmepak.com\/wp-content\/uploads\/2024\/12\/10939227280_114461948.jpg 800w, https:\/\/www.cosmepak.com\/wp-content\/uploads\/2024\/12\/10939227280_114461948-300x300.jpg 300w, https:\/\/www.cosmepak.com\/wp-content\/uploads\/2024\/12\/10939227280_114461948-150x150.jpg 150w, https:\/\/www.cosmepak.com\/wp-content\/uploads\/2024\/12\/10939227280_114461948-768x768.jpg 768w, https:\/\/www.cosmepak.com\/wp-content\/uploads\/2024\/12\/10939227280_114461948-12x12.jpg 12w, https:\/\/www.cosmepak.com\/wp-content\/uploads\/2024\/12\/10939227280_114461948-600x600.jpg 600w, https:\/\/www.cosmepak.com\/wp-content\/uploads\/2024\/12\/10939227280_114461948-100x100.jpg 100w\" sizes=\"(max-width: 800px) 100vw, 800px\" \/><\/td>\n<td style=\"width: 31.9117%; height: 24px; text-align: center;\">Nom de produit<\/td>\n<td style=\"width: 49.6832%; height: 24px; text-align: center;\">Tube \u00e0 rouge \u00e0 l\u00e8vres 3,5 g<\/td>\n<\/tr>\n<tr style=\"height: 24px;\">\n<td style=\"width: 31.9117%; height: 24px; text-align: center;\">Mat\u00e9riel<\/td>\n<td style=\"width: 49.6832%; height: 24px; text-align: center;\">Plastique<\/td>\n<\/tr>\n<tr style=\"height: 24px;\">\n<td style=\"width: 31.9117%; height: 24px; text-align: center;\">Couleur<\/td>\n<td style=\"width: 49.6832%; height: 24px; text-align: center;\">Personnalis\u00e9<\/td>\n<\/tr>\n<tr style=\"height: 24px;\">\n<td style=\"width: 31.9117%; height: 24px; text-align: center;\">Traitement des \u0153uvres<\/td>\n<td style=\"width: 49.6832%; height: 24px; text-align: center;\">\u00c9lectroplaste<\/td>\n<\/tr>\n<tr style=\"height: 24px;\">\n<td style=\"width: 31.9117%; height: 24px; text-align: center;\">Capacit\u00e9<\/td>\n<td style=\"width: 49.6832%; height: 24px; text-align: center;\">3.5g<\/td>\n<\/tr>\n<tr style=\"height: 24px;\">\n<td style=\"width: 31.9117%; height: 24px; text-align: center;\">MOQ<\/td>\n<td style=\"width: 49.6832%; height: 24px; text-align: center;\">10000<\/td>\n<\/tr>\n<tr style=\"height: 24px;\">\n<td style=\"width: 31.9117%; height: 24px; text-align: center;\">D\u00e9lai de mise en \u0153uvre<\/td>\n<td style=\"width: 49.6832%; height: 24px; text-align: center;\">45 jours apr\u00e8s la r\u00e9ception de la d\u00e9p\u00f4t.<\/td>\n<\/tr>\n<tr style=\"height: 24px;\">\n<td style=\"width: 31.9117%; height: 24px; text-align: center;\">Paiement<\/td>\n<td style=\"width: 49.6832%; height: 24px; text-align: center;\">D\u00e9p\u00f4t de 50%, solde de 50% pay\u00e9 avant le chargement.<\/td>\n<\/tr>\n<tr style=\"height: 24px;\">\n<td style=\"width: 31.9117%; text-align: center; height: 24px;\">Emballage<\/td>\n<td style=\"width: 49.6832%; text-align: center; height: 24px;\">Bo\u00eete en papier Kraft et palette de bois.<\/td>\n<\/tr>\n<\/tbody>\n<\/table>\n<table style=\"border-collapse: collapse; width: 100%;\">\n<tbody>\n<tr>\n<td style=\"width: 25%; text-align: center;\"><strong>Capacit\u00e9<\/strong><\/td>\n<td style=\"width: 25%; text-align: center;\"><strong>Diam\u00e8tre de la coquille<\/strong><\/td>\n<td style=\"width: 25%; text-align: center;\"><strong>Diam\u00e8tre int\u00e9rieur du tube<\/strong><\/td>\n<td style=\"width: 25%; text-align: center;\"><strong>Hauteur totale<\/strong><\/td>\n<\/tr>\n<tr>\n<td style=\"width: 25%; text-align: center;\">3.5g<\/td>\n<td style=\"width: 25%; text-align: center;\">22 mm<\/td>\n<td style=\"width: 25%; text-align: center;\">16.5mm<\/td>\n<td style=\"width: 25%; text-align: center;\">56.3mm<\/td>\n<\/tr>\n<\/tbody>\n<\/table>\n<p><img decoding=\"async\" class=\"wp-image-2604 aligncenter\" src=\"https:\/\/www.cosmepak.com\/wp-content\/uploads\/2024\/12\/O1CN01Ywk68z1HU7mWPO0CS_3230470760-0-cib.jpg\" alt=\"\" width=\"1481\" height=\"1481\" srcset=\"https:\/\/www.cosmepak.com\/wp-content\/uploads\/2024\/12\/O1CN01Ywk68z1HU7mWPO0CS_3230470760-0-cib.jpg 800w, https:\/\/www.cosmepak.com\/wp-content\/uploads\/2024\/12\/O1CN01Ywk68z1HU7mWPO0CS_3230470760-0-cib-300x300.jpg 300w, https:\/\/www.cosmepak.com\/wp-content\/uploads\/2024\/12\/O1CN01Ywk68z1HU7mWPO0CS_3230470760-0-cib-150x150.jpg 150w, https:\/\/www.cosmepak.com\/wp-content\/uploads\/2024\/12\/O1CN01Ywk68z1HU7mWPO0CS_3230470760-0-cib-768x768.jpg 768w, https:\/\/www.cosmepak.com\/wp-content\/uploads\/2024\/12\/O1CN01Ywk68z1HU7mWPO0CS_3230470760-0-cib-12x12.jpg 12w, https:\/\/www.cosmepak.com\/wp-content\/uploads\/2024\/12\/O1CN01Ywk68z1HU7mWPO0CS_3230470760-0-cib-600x600.jpg 600w, https:\/\/www.cosmepak.com\/wp-content\/uploads\/2024\/12\/O1CN01Ywk68z1HU7mWPO0CS_3230470760-0-cib-100x100.jpg 100w\" sizes=\"(max-width: 1481px) 100vw, 1481px\" \/><\/p>\n<p>Les bouteilles avec des d\u00e9tails f\u0628\u0648\u0635\u0629e, des formes \u00e9tranges, ou des mat\u00e9riaux riches font que unboxin\u062c\u0631\u0627m ressemble \u00e0 l'art. Par exemple, les bouteilles rondes avec des courbes douces repr\u00e9sentent la facilit\u00e9 et la gr\u00e2ce. Des designs pointus montrent du courage et de nouvelles vibrations. Ces looks se connectent avec les acheteurs de mani\u00e8re personnelle. Ils sont plus susceptibles de se sentir bien \u00e0 propos de la marque.<\/p>\n<p>Bouteilles de parfum comme art \u00e0 la maison<\/p>\n<p>Les bouteilles de parfum ne sont pas uniquement destin\u00e9es \u00e0 l\u2019utilisation. Ils sont souvent consid\u00e9r\u00e9s comme de l'art que vous pouvez collecter. Ils montrent votre go\u00fbt et votre style. Mme Chanel a dit une fois, \u00ab Ces bouteilles tiennent mes souvenirs doux. Ils ont vu mes hi\u062c\u0631\u0627mahs et bas. Ils sont mes tr\u00e9sors. \u00bb Cette sensation montre comment les bouteilles vont au-del\u00e0 de leur travail pour devenir des signes de qui vous \u00eates.<\/p>\n<p>Putt\u0628\u0648\u0635\u0629\u062c\u0631\u0627\u0645 ces bouteilles \u00e0 ho\u0645\u062a\u0631e ajoute de la beaut\u00e9 \u00e0 votre espace. Utiliser une commode ou dans un bo\u00eetier en verre, leurs looks artsy soul\u00e8vent votre chambre. Les bouteilles en forme d\u2019\u00e9clates de soleil, d\u2019\u00e9toiles ou de formes bizarres suscitent de nouvelles id\u00e9es et de nouvelle classe. Des designs simples avec des lignes propres conviennent \u00e0 ceux qui aiment la gr\u00e2ce moderne. En choisissant des bouteilles qui correspondent \u00e0 votre style, vous transformez votre collection en une exposition d\u2019art.<\/p>\n<p>Jaunce\u2019s Way of Perfumetre Bouteille Desi\u062c\u0631\u0627mn et identit\u00e9 de marque<\/p>\n<p>sh\u0628\u0648\u0635\u0629es en packaga\u062c\u0631\u0627\u0645ing cosm\u00e9tique avec des dessins de bouteilles de parfum frais. Ils conviennent \u00e0 de nombreux go\u00fbts. Ils m\u00e9langent des formes classiques, comme des formes rondes et naturelles pour la chaleur ou des styles bo\u00eetiers pour le courage, avec des mat\u00e9riaux riches comme du verre de haute qualit\u00e9 et des morceaux m\u00e9talliques brillants. Leur accent sur les pratiques \u00e9cologiques et les designs personnalis\u00e9s s\u2019assure que chaque bouteille montre le c\u0153ur de la marque et le style de l\u2019acheteur. Ils offrent une gr\u00e2ce intemporelle pour les go\u00fbts classiques ou des formes audacieuses pour les audacieux.<\/p>\n<p><img decoding=\"async\" class=\"wp-image-2605 aligncenter\" src=\"https:\/\/www.cosmepak.com\/wp-content\/uploads\/2024\/12\/10998032398_114461948.jpg\" alt=\"\" width=\"1385\" height=\"1385\" srcset=\"https:\/\/www.cosmepak.com\/wp-content\/uploads\/2024\/12\/10998032398_114461948.jpg 1000w, https:\/\/www.cosmepak.com\/wp-content\/uploads\/2024\/12\/10998032398_114461948-300x300.jpg 300w, https:\/\/www.cosmepak.com\/wp-content\/uploads\/2024\/12\/10998032398_114461948-150x150.jpg 150w, https:\/\/www.cosmepak.com\/wp-content\/uploads\/2024\/12\/10998032398_114461948-768x768.jpg 768w, https:\/\/www.cosmepak.com\/wp-content\/uploads\/2024\/12\/10998032398_114461948-12x12.jpg 12w, https:\/\/www.cosmepak.com\/wp-content\/uploads\/2024\/12\/10998032398_114461948-600x600.jpg 600w, https:\/\/www.cosmepak.com\/wp-content\/uploads\/2024\/12\/10998032398_114461948-100x100.jpg 100w\" sizes=\"(max-width: 1385px) 100vw, 1385px\" \/><\/p>\n<p><img loading=\"lazy\" decoding=\"async\" class=\"wp-image-3018 alignleft\" src=\"https:\/\/www.cosmepak.com\/wp-content\/uploads\/2024\/12\/2-2.jpg\" alt=\"\" width=\"1370\" height=\"1370\" srcset=\"https:\/\/www.cosmepak.com\/wp-content\/uploads\/2024\/12\/2-2.jpg 1000w, https:\/\/www.cosmepak.com\/wp-content\/uploads\/2024\/12\/2-2-300x300.jpg 300w, https:\/\/www.cosmepak.com\/wp-content\/uploads\/2024\/12\/2-2-150x150.jpg 150w, https:\/\/www.cosmepak.com\/wp-content\/uploads\/2024\/12\/2-2-768x768.jpg 768w, https:\/\/www.cosmepak.com\/wp-content\/uploads\/2024\/12\/2-2-12x12.jpg 12w, https:\/\/www.cosmepak.com\/wp-content\/uploads\/2024\/12\/2-2-600x600.jpg 600w, https:\/\/www.cosmepak.com\/wp-content\/uploads\/2024\/12\/2-2-100x100.jpg 100w\" sizes=\"(max-width: 1370px) 100vw, 1370px\" \/><\/p>\n<p style=\"text-align: center;\"><strong>\u00c0 PROPOS DE NOUS<\/strong><\/p>\n<p>Si\u062c\u0631\u0627\u0645nature Touches \u0628\u0648\u0635\u0629 Concepts de bouteilles de Jaunce<\/p>\n<p><img loading=\"lazy\" decoding=\"async\" class=\"alignnone size-full wp-image-2556\" src=\"https:\/\/www.cosmepak.com\/wp-content\/uploads\/2025\/06\/packaging.webp\" alt=\"emballage\" width=\"1920\" height=\"885\" srcset=\"https:\/\/www.cosmepak.com\/wp-content\/uploads\/2025\/06\/packaging.webp 1920w, https:\/\/www.cosmepak.com\/wp-content\/uploads\/2025\/06\/packaging-300x138.webp 300w, https:\/\/www.cosmepak.com\/wp-content\/uploads\/2025\/06\/packaging-1024x472.webp 1024w, https:\/\/www.cosmepak.com\/wp-content\/uploads\/2025\/06\/packaging-768x354.webp 768w, https:\/\/www.cosmepak.com\/wp-content\/uploads\/2025\/06\/packaging-1536x708.webp 1536w, https:\/\/www.cosmepak.com\/wp-content\/uploads\/2025\/06\/packaging-18x8.webp 18w, https:\/\/www.cosmepak.com\/wp-content\/uploads\/2025\/06\/packaging-600x277.webp 600w\" sizes=\"(max-width: 1920px) 100vw, 1920px\" \/><\/p>","protected":false},"excerpt":{"rendered":"<p>Mod\u00e8le de l'article: JH-JZ3331<\/p>\n<p>Mat\u00e9riel: ABS\/AS<\/p>\n<p>Capacit\u00e9: 3.5g<\/p>\n<p>Diam\u00e8tre int\u00e9rieur du tube: 12.1mm<\/p>\n<p>Taille: 77,5 * 22 mm<\/p>\n<p>Joint: ressort bouton de pression<\/p>\n<p>Couleur: Accepter la coutume avec MOQ 10000pcs<\/p>\n<p>&nbsp;<\/p>","protected":false},"featured_media":2606,"comment_status":"closed","ping_status":"closed","template":"","meta":{"_acf_changed":false},"product_brand":[],"product_cat":[53,36],"product_tag":[],"class_list":{"0":"post-142","1":"product","2":"type-product","3":"status-publish","4":"has-post-thumbnail","6":"product_cat-lipstick-tube","7":"product_cat-makeup","9":"first","10":"outofstock","11":"shipping-taxable","12":"product-type-simple"},"acf":[],"_links":{"self":[{"href":"https:\/\/www.cosmepak.com\/fr\/wp-json\/wp\/v2\/product\/142","targetHints":{"allow":["GET"]}}],"collection":[{"href":"https:\/\/www.cosmepak.com\/fr\/wp-json\/wp\/v2\/product"}],"about":[{"href":"https:\/\/www.cosmepak.com\/fr\/wp-json\/wp\/v2\/types\/product"}],"replies":[{"embeddable":true,"href":"https:\/\/www.cosmepak.com\/fr\/wp-json\/wp\/v2\/comments?post=142"}],"wp:featuredmedia":[{"embeddable":true,"href":"https:\/\/www.cosmepak.com\/fr\/wp-json\/wp\/v2\/media\/2606"}],"wp:attachment":[{"href":"https:\/\/www.cosmepak.com\/fr\/wp-json\/wp\/v2\/media?parent=142"}],"wp:term":[{"taxonomy":"product_brand","embeddable":true,"href":"https:\/\/www.cosmepak.com\/fr\/wp-json\/wp\/v2\/product_brand?post=142"},{"taxonomy":"product_cat","embeddable":true,"href":"https:\/\/www.cosmepak.com\/fr\/wp-json\/wp\/v2\/product_cat?post=142"},{"taxonomy":"product_tag","embeddable":true,"href":"https:\/\/www.cosmepak.com\/fr\/wp-json\/wp\/v2\/product_tag?post=142"}],"curies":[{"name":"WP","href":"https:\/\/api.w.org\/{rel}","templated":true}]}}