{"id":1428,"date":"2025-03-27T14:06:07","date_gmt":"2025-03-27T06:06:07","guid":{"rendered":"https:\/\/www.cosmepak.com\/?post_type=product&#038;p=1428"},"modified":"2026-01-16T14:56:42","modified_gmt":"2026-01-16T06:56:42","slug":"bouteille-de-parfum-30ml-transparente-bouteille-de-parfum-jaune","status":"publish","type":"product","link":"https:\/\/www.cosmepak.com\/fr\/product\/perfume-bottle-30ml-transparent-perfume-bottle-jaunce\/","title":{"rendered":"Bouteille de parfum -30 ml de parfum transparent bouteille \/ jaunce"},"content":{"rendered":"<table style=\"border-collapse: collapse; width: 100%; height: 216px;\">\n<tbody>\n<tr style=\"height: 24px;\">\n<td style=\"width: 44.5017%; height: 24px; text-align: center;\">Capacit\u00e9<\/td>\n<td style=\"width: 55.4983%; height: 24px; text-align: center;\">\u00a030 ml<\/td>\n<\/tr>\n<tr style=\"height: 24px;\">\n<td style=\"width: 44.5017%; height: 24px; text-align: center;\">Mod\u00e8le<\/td>\n<td style=\"width: 55.4983%; height: 24px; text-align: center;\">JH-MS30<\/td>\n<\/tr>\n<tr style=\"height: 24px;\">\n<td style=\"width: 44.5017%; height: 24px; text-align: center;\">Mat\u00e9riau de bouteille<\/td>\n<td style=\"width: 55.4983%; height: 24px; text-align: center;\">Verre<\/td>\n<\/tr>\n<tr style=\"height: 24px;\">\n<td style=\"width: 44.5017%; height: 24px; text-align: center;\">Mat\u00e9riau de capuchon<\/td>\n<td style=\"width: 55.4983%; height: 24px; text-align: center;\">h\u00eatre\/noix\/plastique<\/td>\n<\/tr>\n<tr style=\"height: 24px;\">\n<td style=\"width: 44.5017%; height: 24px; text-align: center;\">Taille<\/td>\n<td style=\"width: 55.4983%; height: 24px; text-align: center;\">38 * 92 mm<\/td>\n<\/tr>\n<tr style=\"height: 24px;\">\n<td style=\"width: 44.5017%; height: 24px; text-align: center;\">Poids<\/td>\n<td style=\"width: 55.4983%; height: 24px; text-align: center;\">89.4g<\/td>\n<\/tr>\n<tr style=\"height: 24px;\">\n<td style=\"width: 44.5017%; height: 24px; text-align: center;\">Personnalisation<\/td>\n<td style=\"width: 55.4983%; height: 24px; text-align: center;\">Accepter<\/td>\n<\/tr>\n<tr style=\"height: 24px;\">\n<td style=\"width: 44.5017%; height: 24px; text-align: center;\">Couleur<\/td>\n<td style=\"width: 55.4983%; height: 24px; text-align: center;\">Personnalis\u00e9<\/td>\n<\/tr>\n<tr style=\"height: 24px;\">\n<td style=\"width: 44.5017%; height: 24px; text-align: center;\">OEM \/ ODM<\/td>\n<td style=\"width: 55.4983%; height: 24px; text-align: center;\">Accepter<\/td>\n<\/tr>\n<\/tbody>\n<\/table>\n<p>Le &#8220; Vente chaude sup\u00e9rieure&#8221; Les bouteilles de parfum en verre en forme ronde sont disponibles exclusivement en 30ml, 50ml et 100ml. Con\u00e7ues pour un public universellement inclusif, ces bouteilles de verre de luxe et haut de gamme exquises, fabriqu\u00e9es avec la technologie de pointe et des \u00e9quipements import\u00e9s, assurent une qualit\u00e9 de haut niveau pour r\u00e9pondre aux divers besoins de nos clients. Ces bouteilles se d\u00e9marquent avec un collier et une optique uniques. Ce design innovant et distinctif \u00e9quilibre harmonieusement esth\u00e9tique et fonctionnalit\u00e9, en conservant le luxe raffin\u00e9 de ces contenants en verre exquis. Ces bouteilles de qualit\u00e9 sup\u00e9rieure sont conviviales, produisent un bruit minimal et sont faciles \u00e0 utiliser. Utilis\u00e9es pour le stockage et la conservation d'une large gamme de substances liquides telles que les essences d'huile, les parfums, les colognes, les huiles de parfum, et plus encore, la polyvalence de ces bouteilles est hautement salu\u00e9e et recherch\u00e9e. En outre, ils peuvent \u00eatre mis en pratique dans diverses autres applications, ce qui en fait une option polyvalente pour les consommateurs. Le &#8216; Vente chaude sup\u00e9rieure&#8217; Les bouteilles de parfum en verre en forme ronde offrent un environnement s\u00fbr et \u00e9tanche qui prot\u00e8ge le parfum et la cologne de la pollution atmosph\u00e9rique ext\u00e9rieure, permettant la pr\u00e9servation de l'odeur d'origine pendant une p\u00e9riode prolong\u00e9e. Aujourd'hui&#8217; s monde \u00e0 rythme rapide, ces &#8216; Vente chaude sup\u00e9rieure&#8217; Les bouteilles de parfum en verre en forme ronde offrent non seulement un niveau in\u00e9gal\u00e9 de luxe et d'\u00e9l\u00e9gance, mais r\u00e9pondent \u00e9galement \u00e0 un \u00e9ventail d'applications pratiques, ce qui en fait un choix exceptionnel pour les clients exigeants qui appr\u00e9cient le meilleur que la vie a \u00e0 offrir.<br \/>\n<img fetchpriority=\"high\" decoding=\"async\" class=\"wp-image-1429 aligncenter\" src=\"https:\/\/www.cosmepak.com\/wp-content\/uploads\/2025\/03\/O1CN01esdBey25jRq6Z9Nfl_2778787562-0-cib.jpg\" alt=\"Bouteille de parfum de 30ml\" width=\"1373\" height=\"1373\" srcset=\"https:\/\/www.cosmepak.com\/wp-content\/uploads\/2025\/03\/O1CN01esdBey25jRq6Z9Nfl_2778787562-0-cib.jpg 1000w, https:\/\/www.cosmepak.com\/wp-content\/uploads\/2025\/03\/O1CN01esdBey25jRq6Z9Nfl_2778787562-0-cib-300x300.jpg 300w, https:\/\/www.cosmepak.com\/wp-content\/uploads\/2025\/03\/O1CN01esdBey25jRq6Z9Nfl_2778787562-0-cib-150x150.jpg 150w, https:\/\/www.cosmepak.com\/wp-content\/uploads\/2025\/03\/O1CN01esdBey25jRq6Z9Nfl_2778787562-0-cib-768x768.jpg 768w, https:\/\/www.cosmepak.com\/wp-content\/uploads\/2025\/03\/O1CN01esdBey25jRq6Z9Nfl_2778787562-0-cib-600x600.jpg 600w, https:\/\/www.cosmepak.com\/wp-content\/uploads\/2025\/03\/O1CN01esdBey25jRq6Z9Nfl_2778787562-0-cib-100x100.jpg 100w\" sizes=\"(max-width: 1373px) 100vw, 1373px\" \/><\/p>\n<p><img decoding=\"async\" class=\"alignnone wp-image-1432\" src=\"https:\/\/www.cosmepak.com\/wp-content\/uploads\/2025\/03\/O1CN01JfNHRQ2LIun2iD2BA_2210292069670-0-cib.jpg\" alt=\"Ouvrir la bouteille 1\" width=\"672\" height=\"672\" srcset=\"https:\/\/www.cosmepak.com\/wp-content\/uploads\/2025\/03\/O1CN01JfNHRQ2LIun2iD2BA_2210292069670-0-cib.jpg 800w, https:\/\/www.cosmepak.com\/wp-content\/uploads\/2025\/03\/O1CN01JfNHRQ2LIun2iD2BA_2210292069670-0-cib-300x300.jpg 300w, https:\/\/www.cosmepak.com\/wp-content\/uploads\/2025\/03\/O1CN01JfNHRQ2LIun2iD2BA_2210292069670-0-cib-150x150.jpg 150w, https:\/\/www.cosmepak.com\/wp-content\/uploads\/2025\/03\/O1CN01JfNHRQ2LIun2iD2BA_2210292069670-0-cib-768x768.jpg 768w, https:\/\/www.cosmepak.com\/wp-content\/uploads\/2025\/03\/O1CN01JfNHRQ2LIun2iD2BA_2210292069670-0-cib-600x600.jpg 600w, https:\/\/www.cosmepak.com\/wp-content\/uploads\/2025\/03\/O1CN01JfNHRQ2LIun2iD2BA_2210292069670-0-cib-100x100.jpg 100w\" sizes=\"(max-width: 672px) 100vw, 672px\" \/><img decoding=\"async\" class=\"alignnone wp-image-1434\" src=\"https:\/\/www.cosmepak.com\/wp-content\/uploads\/2025\/03\/O1CN016BGajl25jRq33cGtw_2778787562-0-cib.jpg\" alt=\"bouteille de parfum3\" width=\"672\" height=\"672\" srcset=\"https:\/\/www.cosmepak.com\/wp-content\/uploads\/2025\/03\/O1CN016BGajl25jRq33cGtw_2778787562-0-cib.jpg 1000w, https:\/\/www.cosmepak.com\/wp-content\/uploads\/2025\/03\/O1CN016BGajl25jRq33cGtw_2778787562-0-cib-300x300.jpg 300w, https:\/\/www.cosmepak.com\/wp-content\/uploads\/2025\/03\/O1CN016BGajl25jRq33cGtw_2778787562-0-cib-150x150.jpg 150w, https:\/\/www.cosmepak.com\/wp-content\/uploads\/2025\/03\/O1CN016BGajl25jRq33cGtw_2778787562-0-cib-768x768.jpg 768w, https:\/\/www.cosmepak.com\/wp-content\/uploads\/2025\/03\/O1CN016BGajl25jRq33cGtw_2778787562-0-cib-600x600.jpg 600w, https:\/\/www.cosmepak.com\/wp-content\/uploads\/2025\/03\/O1CN016BGajl25jRq33cGtw_2778787562-0-cib-100x100.jpg 100w\" sizes=\"(max-width: 672px) 100vw, 672px\" \/><\/p>\n<table style=\"border-collapse: collapse; width: 100%;\">\n<tbody>\n<tr>\n<td style=\"width: 40.1818%;\"><img loading=\"lazy\" decoding=\"async\" class=\"alignnone size-full wp-image-1346\" src=\"https:\/\/www.cosmepak.com\/wp-content\/uploads\/2024\/12\/company_\u526f\u672c.jpg\" alt=\"\" width=\"1060\" height=\"764\" srcset=\"https:\/\/www.cosmepak.com\/wp-content\/uploads\/2024\/12\/company_\u526f\u672c.jpg 1060w, https:\/\/www.cosmepak.com\/wp-content\/uploads\/2024\/12\/company_\u526f\u672c-300x216.jpg 300w, https:\/\/www.cosmepak.com\/wp-content\/uploads\/2024\/12\/company_\u526f\u672c-1024x738.jpg 1024w, https:\/\/www.cosmepak.com\/wp-content\/uploads\/2024\/12\/company_\u526f\u672c-768x554.jpg 768w, https:\/\/www.cosmepak.com\/wp-content\/uploads\/2024\/12\/company_\u526f\u672c-600x432.jpg 600w\" sizes=\"(max-width: 1060px) 100vw, 1060px\" \/><\/td>\n<td style=\"width: 59.8182%;\">Notre usine a fond\u00e9 en 2014, et notre usine s'est sp\u00e9cialis\u00e9e dans la fabrication d'emballages cosm\u00e9tiques plus de 10 ans;<\/p>\n<p>\u2611  Maintenant, nous avons 1 usine pour les bouteilles de verre, la capacit\u00e9 peut \u00eatre 400,000pcs \/ jour.<br \/>\n\u2611  1Factory pour les bouteilles en plastique, la capacit\u00e9 peut \u00eatre 50.000pcs \/ jour.<br \/>\n\u2611  1factory pour les bouteilles d'alumninum, la capacit\u00e9 peut \u00eatre 100.000pcs \/ jour.<br \/>\nNous avions pass\u00e9 la certification ISO9000\/14000, peut fournir SGS et MSDS aussi bien.<br \/>\nNous adh\u00e9rons au principe des affaires honn\u00eates \u00e0 chaque client.<br \/>\nBienvenue pour coop\u00e9rer!<\/td>\n<\/tr>\n<\/tbody>\n<\/table>\n<p><img loading=\"lazy\" decoding=\"async\" class=\"alignnone size-full wp-image-1347\" src=\"https:\/\/www.cosmepak.com\/wp-content\/uploads\/2024\/12\/\u9996\u987519202_03.jpg\" alt=\"salon de l&#039;usine\" width=\"1920\" height=\"885\" srcset=\"https:\/\/www.cosmepak.com\/wp-content\/uploads\/2024\/12\/\u9996\u987519202_03.jpg 1920w, https:\/\/www.cosmepak.com\/wp-content\/uploads\/2024\/12\/\u9996\u987519202_03-300x138.jpg 300w, https:\/\/www.cosmepak.com\/wp-content\/uploads\/2024\/12\/\u9996\u987519202_03-1024x472.jpg 1024w, https:\/\/www.cosmepak.com\/wp-content\/uploads\/2024\/12\/\u9996\u987519202_03-768x354.jpg 768w, https:\/\/www.cosmepak.com\/wp-content\/uploads\/2024\/12\/\u9996\u987519202_03-1536x708.jpg 1536w, https:\/\/www.cosmepak.com\/wp-content\/uploads\/2024\/12\/\u9996\u987519202_03-600x277.jpg 600w\" sizes=\"(max-width: 1920px) 100vw, 1920px\" \/><\/p>","protected":false},"excerpt":{"rendered":"<p>Mat\u00e9riau en bouteille: verre<\/p>\n<p>Capcity: 30 ml<\/p>\n<p>Taille: OD: 38 mm;<\/p>\n<p>Single Weight: 89.4g<\/p>\n<p>Couleur: Toute couleur Pantone disponible<\/p>\n<p>Finition de surface: impression d'\u00e9cran, estampage chaud, gradient de pulv\u00e9risation, finition mate, etc.<\/p>\n<p>MOQ: 5000pcs;<\/p>\n<p>&nbsp;<\/p>","protected":false},"featured_media":1431,"comment_status":"closed","ping_status":"closed","template":"","meta":{"_acf_changed":false},"product_brand":[],"product_cat":[17],"product_tag":[],"class_list":{"0":"post-1428","1":"product","2":"type-product","3":"status-publish","4":"has-post-thumbnail","6":"product_cat-perfume-bottle","8":"first","9":"outofstock","10":"shipping-taxable","11":"product-type-simple"},"acf":[],"_links":{"self":[{"href":"https:\/\/www.cosmepak.com\/fr\/wp-json\/wp\/v2\/product\/1428","targetHints":{"allow":["GET"]}}],"collection":[{"href":"https:\/\/www.cosmepak.com\/fr\/wp-json\/wp\/v2\/product"}],"about":[{"href":"https:\/\/www.cosmepak.com\/fr\/wp-json\/wp\/v2\/types\/product"}],"replies":[{"embeddable":true,"href":"https:\/\/www.cosmepak.com\/fr\/wp-json\/wp\/v2\/comments?post=1428"}],"wp:featuredmedia":[{"embeddable":true,"href":"https:\/\/www.cosmepak.com\/fr\/wp-json\/wp\/v2\/media\/1431"}],"wp:attachment":[{"href":"https:\/\/www.cosmepak.com\/fr\/wp-json\/wp\/v2\/media?parent=1428"}],"wp:term":[{"taxonomy":"product_brand","embeddable":true,"href":"https:\/\/www.cosmepak.com\/fr\/wp-json\/wp\/v2\/product_brand?post=1428"},{"taxonomy":"product_cat","embeddable":true,"href":"https:\/\/www.cosmepak.com\/fr\/wp-json\/wp\/v2\/product_cat?post=1428"},{"taxonomy":"product_tag","embeddable":true,"href":"https:\/\/www.cosmepak.com\/fr\/wp-json\/wp\/v2\/product_tag?post=1428"}],"curies":[{"name":"WP","href":"https:\/\/api.w.org\/{rel}","templated":true}]}}