{"id":1435,"date":"2025-03-27T13:56:11","date_gmt":"2025-03-27T05:56:11","guid":{"rendered":"https:\/\/www.cosmepak.com\/?post_type=product&#038;p=1435"},"modified":"2025-09-09T16:05:38","modified_gmt":"2025-09-09T08:05:38","slug":"tube-de-couleur-a-levres-3-2","status":"publish","type":"product","link":"https:\/\/www.cosmepak.com\/fr\/product\/lipglosstube-3-2\/","title":{"rendered":"TUBE LIP BLOSS TUBE DE TUBLE HIGHE METAL ROUND ROUND"},"content":{"rendered":"<table style=\"border-collapse: collapse; width: 100%; height: 240px;\">\n<tbody>\n<tr style=\"height: 24px;\">\n<td style=\"width: 24.7995%; height: 24px;\">Marque<\/td>\n<td style=\"width: 75.2005%; height: 24px;\">\u00a0Jaunce<\/td>\n<\/tr>\n<tr style=\"height: 24px;\">\n<td style=\"width: 24.7995%; height: 24px;\">Capacit\u00e9<\/td>\n<td style=\"width: 75.2005%; height: 24px;\">3.5g<\/td>\n<\/tr>\n<tr style=\"height: 24px;\">\n<td style=\"width: 24.7995%; height: 24px;\">Forme<\/td>\n<td style=\"width: 75.2005%; height: 24px;\">Rond<\/td>\n<\/tr>\n<tr style=\"height: 24px;\">\n<td style=\"width: 24.7995%; height: 24px;\">Taille<\/td>\n<td style=\"width: 75.2005%; height: 24px;\">18,5 * 85 mm<\/td>\n<\/tr>\n<tr style=\"height: 24px;\">\n<td style=\"width: 24.7995%; height: 24px;\">Convenable<\/td>\n<td style=\"width: 75.2005%; height: 24px;\">\u00a0Capuchon<\/td>\n<\/tr>\n<tr style=\"height: 24px;\">\n<td style=\"width: 24.7995%; height: 24px;\">Mod\u00e8le<\/td>\n<td style=\"width: 75.2005%; height: 24px;\">JH-JZ-3634<\/td>\n<\/tr>\n<tr style=\"height: 24px;\">\n<td style=\"width: 24.7995%; height: 24px;\">OEM \/ ODM<\/td>\n<td style=\"width: 75.2005%; height: 24px;\">Accepter<\/td>\n<\/tr>\n<tr style=\"height: 24px;\">\n<td style=\"width: 24.7995%; height: 24px;\">Couleur<\/td>\n<td style=\"width: 75.2005%; height: 24px;\">Personnalis\u00e9<\/td>\n<\/tr>\n<tr style=\"height: 24px;\">\n<td style=\"width: 24.7995%; height: 24px;\">MOQ<\/td>\n<td style=\"width: 75.2005%; height: 24px;\">10000pcs<\/td>\n<\/tr>\n<\/tbody>\n<\/table>\n<p>&nbsp;<\/p>\n<p><img fetchpriority=\"high\" decoding=\"async\" class=\"alignnone wp-image-1438\" src=\"https:\/\/www.cosmepak.com\/wp-content\/uploads\/2025\/03\/photobank-2-2.jpg\" alt=\"tube de rouge \u00e0 l\u00e8vres\" width=\"1394\" height=\"1394\" srcset=\"https:\/\/www.cosmepak.com\/wp-content\/uploads\/2025\/03\/photobank-2-2.jpg 1000w, https:\/\/www.cosmepak.com\/wp-content\/uploads\/2025\/03\/photobank-2-2-300x300.jpg 300w, https:\/\/www.cosmepak.com\/wp-content\/uploads\/2025\/03\/photobank-2-2-150x150.jpg 150w, https:\/\/www.cosmepak.com\/wp-content\/uploads\/2025\/03\/photobank-2-2-768x768.jpg 768w, https:\/\/www.cosmepak.com\/wp-content\/uploads\/2025\/03\/photobank-2-2-600x600.jpg 600w, https:\/\/www.cosmepak.com\/wp-content\/uploads\/2025\/03\/photobank-2-2-100x100.jpg 100w\" sizes=\"(max-width: 1394px) 100vw, 1394px\" \/><img decoding=\"async\" class=\"alignnone wp-image-1439\" src=\"https:\/\/www.cosmepak.com\/wp-content\/uploads\/2025\/03\/photobank-3-1.jpg\" alt=\"\" width=\"1396\" height=\"1396\" srcset=\"https:\/\/www.cosmepak.com\/wp-content\/uploads\/2025\/03\/photobank-3-1.jpg 1000w, https:\/\/www.cosmepak.com\/wp-content\/uploads\/2025\/03\/photobank-3-1-300x300.jpg 300w, https:\/\/www.cosmepak.com\/wp-content\/uploads\/2025\/03\/photobank-3-1-150x150.jpg 150w, https:\/\/www.cosmepak.com\/wp-content\/uploads\/2025\/03\/photobank-3-1-768x768.jpg 768w, https:\/\/www.cosmepak.com\/wp-content\/uploads\/2025\/03\/photobank-3-1-600x600.jpg 600w, https:\/\/www.cosmepak.com\/wp-content\/uploads\/2025\/03\/photobank-3-1-100x100.jpg 100w\" sizes=\"(max-width: 1396px) 100vw, 1396px\" \/><img decoding=\"async\" class=\"alignnone wp-image-1440\" src=\"https:\/\/www.cosmepak.com\/wp-content\/uploads\/2025\/03\/photobank-5-1.jpg\" alt=\"\" width=\"1391\" height=\"1391\" srcset=\"https:\/\/www.cosmepak.com\/wp-content\/uploads\/2025\/03\/photobank-5-1.jpg 1000w, https:\/\/www.cosmepak.com\/wp-content\/uploads\/2025\/03\/photobank-5-1-300x300.jpg 300w, https:\/\/www.cosmepak.com\/wp-content\/uploads\/2025\/03\/photobank-5-1-150x150.jpg 150w, https:\/\/www.cosmepak.com\/wp-content\/uploads\/2025\/03\/photobank-5-1-768x768.jpg 768w, https:\/\/www.cosmepak.com\/wp-content\/uploads\/2025\/03\/photobank-5-1-600x600.jpg 600w, https:\/\/www.cosmepak.com\/wp-content\/uploads\/2025\/03\/photobank-5-1-100x100.jpg 100w\" sizes=\"(max-width: 1391px) 100vw, 1391px\" \/><img loading=\"lazy\" decoding=\"async\" class=\"alignnone wp-image-1441\" src=\"https:\/\/www.cosmepak.com\/wp-content\/uploads\/2025\/03\/photobank-4-1.jpg\" alt=\"\" width=\"1386\" height=\"1386\" srcset=\"https:\/\/www.cosmepak.com\/wp-content\/uploads\/2025\/03\/photobank-4-1.jpg 1000w, https:\/\/www.cosmepak.com\/wp-content\/uploads\/2025\/03\/photobank-4-1-300x300.jpg 300w, https:\/\/www.cosmepak.com\/wp-content\/uploads\/2025\/03\/photobank-4-1-150x150.jpg 150w, https:\/\/www.cosmepak.com\/wp-content\/uploads\/2025\/03\/photobank-4-1-768x768.jpg 768w, https:\/\/www.cosmepak.com\/wp-content\/uploads\/2025\/03\/photobank-4-1-600x600.jpg 600w, https:\/\/www.cosmepak.com\/wp-content\/uploads\/2025\/03\/photobank-4-1-100x100.jpg 100w\" sizes=\"(max-width: 1386px) 100vw, 1386px\" \/><\/p>\n<p>&nbsp;<\/p>\n<p class=\"ai-center-markdown-p\"><strong class=\"ai-center-markdown-strong\" data-spm-anchor-id=\"a2700.micro_cgs_home.0.i19.6e743e5ftETPZu\">Titre: L'\u00e9l\u00e9gance et la pratique des tubes ronds de rouge \u00e0 l\u00e8vres en platine mat avec un emballage en plastique inclin\u00e9 de 11,1 mm<\/strong><\/p>\n<p class=\"ai-center-markdown-p\">Dans le monde concurrentiel des cosm\u00e9tiques, l\u2019emballage joue un r\u00f4le crucial pour attirer les clients et am\u00e9liorer l\u2019exp\u00e9rience utilisateur globale. L'une des options remarquables sur le march\u00e9 aujourd'hui est le tube de rouge \u00e0 l\u00e8vres rond en platine mat avec un emballage en plastique inclin\u00e9 de 11,1 mm. Cet article explore l'\u00e9l\u00e9gance, la pratique et les avantages de cette solution d'emballage innovante.<\/p>\n<h3 id=\"elegance-in-design\" class=\"ai-center-markdown-h3\">L'\u00e9l\u00e9gance dans le design<\/h3>\n<p class=\"ai-center-markdown-p\">La finition en platine mat de ces tubes de rouge \u00e0 l\u00e8vres d\u00e9gage un sens de luxe et de sophistication. La forme ronde et \u00e9l\u00e9gante s'adapte confortablement \u00e0 la main, ce qui en fait un ajout attrayant \u00e0 toute collection de maquillage. Le design inclin\u00e9 de l'ouverture ajoute une touche moderne, ce qui le rend non seulement \u00e9l\u00e9gant mais aussi fonctionnel pour une application pr\u00e9cise.<\/p>\n<h3 id=\"practicality-and-durability\" class=\"ai-center-markdown-h3\">Pratique et durabilit\u00e9<\/h3>\n<p class=\"ai-center-markdown-p\">Les emballages en plastique offrent plusieurs avantages, y compris la durabilit\u00e9 et les propri\u00e9t\u00e9s l\u00e9g\u00e8res. La taille de 11,1 mm est parfaite pour les balles de rouge \u00e0 l\u00e8vres standard, assurant un ajustement confortable et une application facile. La finition mate a non seulement un aspect \u00e9l\u00e9gant, mais offre \u00e9galement une adh\u00e9rence antid\u00e9rapante, r\u00e9duisant le risque de chutes accidentelles.<\/p>\n<h3 id=\"benefits-for-manufacturers-and-consumers\" class=\"ai-center-markdown-h3\">Avantages pour les fabricants et les consommateurs<\/h3>\n<p class=\"ai-center-markdown-p\">Pour les fabricants, ces tubes de rouge \u00e0 l\u00e8vres sont rentables et faciles \u00e0 produire en grandes quantit\u00e9s. Le mat\u00e9riau plastique permet un large \u00e9ventail d'options de personnalisation, des variations de couleur aux possibilit\u00e9s de marque. Pour les consommateurs, le tube de rouge \u00e0 l\u00e8vres rond en platine mat offre une sensation premium sans le prix lourd associ\u00e9 \u00e0 l'emballage m\u00e9tallique.<\/p>\n<h3 id=\"environmental-considerations\" class=\"ai-center-markdown-h3\">Consid\u00e9rations environnementales<\/h3>\n<p class=\"ai-center-markdown-p\">Alors que le plastique est souvent critiqu\u00e9 pour son impact environnemental, les progr\u00e8s dans les mat\u00e9riaux \u00e9cologiques et les technologies de recyclage ont permis de produire des emballages en plastique plus durables. Les fabricants peuvent opter pour des plastiques recyclables ou biod\u00e9gradables, r\u00e9duisant ainsi l\u2019empreinte environnementale de leurs produits.<\/p>\n<h3 id=\"conclusion\" class=\"ai-center-markdown-h3\">Conclusion<\/h3>\n<p class=\"ai-center-markdown-p\">Le tube de rouge \u00e0 l\u00e8vres rond en platine mat avec un emballage en plastique inclin\u00e9 de 11,1 mm est un m\u00e9lange parfait d'\u00e9l\u00e9gance et de pratique. Son aspect luxueux, combin\u00e9 \u00e0 sa conception fonctionnelle et son rapport co\u00fbt-efficacit\u00e9, en fait un choix id\u00e9al pour les fabricants et les consommateurs. Alors que l\u2019industrie des cosm\u00e9tiques continue d\u2019\u00e9voluer, des solutions d\u2019emballage innovantes comme celle-ci joueront sans aucun doute un r\u00f4le cl\u00e9 dans la formation de l\u2019avenir des produits de beaut\u00e9.<\/p>\n<p><img loading=\"lazy\" decoding=\"async\" class=\"alignnone size-full wp-image-1347\" src=\"https:\/\/www.cosmepak.com\/wp-content\/uploads\/2024\/12\/\u9996\u987519202_03.jpg\" alt=\"\" width=\"1920\" height=\"885\" srcset=\"https:\/\/www.cosmepak.com\/wp-content\/uploads\/2024\/12\/\u9996\u987519202_03.jpg 1920w, https:\/\/www.cosmepak.com\/wp-content\/uploads\/2024\/12\/\u9996\u987519202_03-300x138.jpg 300w, https:\/\/www.cosmepak.com\/wp-content\/uploads\/2024\/12\/\u9996\u987519202_03-1024x472.jpg 1024w, https:\/\/www.cosmepak.com\/wp-content\/uploads\/2024\/12\/\u9996\u987519202_03-768x354.jpg 768w, https:\/\/www.cosmepak.com\/wp-content\/uploads\/2024\/12\/\u9996\u987519202_03-1536x708.jpg 1536w, https:\/\/www.cosmepak.com\/wp-content\/uploads\/2024\/12\/\u9996\u987519202_03-600x277.jpg 600w\" sizes=\"(max-width: 1920px) 100vw, 1920px\" \/> <img loading=\"lazy\" decoding=\"async\" class=\"alignnone size-full wp-image-1348\" src=\"https:\/\/www.cosmepak.com\/wp-content\/uploads\/2024\/12\/\u9996\u987519202_04.jpg\" alt=\"\" width=\"1920\" height=\"694\" srcset=\"https:\/\/www.cosmepak.com\/wp-content\/uploads\/2024\/12\/\u9996\u987519202_04.jpg 1920w, https:\/\/www.cosmepak.com\/wp-content\/uploads\/2024\/12\/\u9996\u987519202_04-300x108.jpg 300w, https:\/\/www.cosmepak.com\/wp-content\/uploads\/2024\/12\/\u9996\u987519202_04-1024x370.jpg 1024w, https:\/\/www.cosmepak.com\/wp-content\/uploads\/2024\/12\/\u9996\u987519202_04-768x278.jpg 768w, https:\/\/www.cosmepak.com\/wp-content\/uploads\/2024\/12\/\u9996\u987519202_04-1536x555.jpg 1536w, https:\/\/www.cosmepak.com\/wp-content\/uploads\/2024\/12\/\u9996\u987519202_04-600x217.jpg 600w\" sizes=\"(max-width: 1920px) 100vw, 1920px\" \/><\/p>\n<p><img loading=\"lazy\" decoding=\"async\" class=\"alignnone size-full wp-image-1350\" src=\"https:\/\/www.cosmepak.com\/wp-content\/uploads\/2024\/12\/\u9996\u987519202_05-1.jpg\" alt=\"\" width=\"1920\" height=\"970\" srcset=\"https:\/\/www.cosmepak.com\/wp-content\/uploads\/2024\/12\/\u9996\u987519202_05-1.jpg 1920w, https:\/\/www.cosmepak.com\/wp-content\/uploads\/2024\/12\/\u9996\u987519202_05-1-300x152.jpg 300w, https:\/\/www.cosmepak.com\/wp-content\/uploads\/2024\/12\/\u9996\u987519202_05-1-1024x517.jpg 1024w, https:\/\/www.cosmepak.com\/wp-content\/uploads\/2024\/12\/\u9996\u987519202_05-1-768x388.jpg 768w, https:\/\/www.cosmepak.com\/wp-content\/uploads\/2024\/12\/\u9996\u987519202_05-1-1536x776.jpg 1536w, https:\/\/www.cosmepak.com\/wp-content\/uploads\/2024\/12\/\u9996\u987519202_05-1-600x303.jpg 600w\" sizes=\"(max-width: 1920px) 100vw, 1920px\" \/><\/p>\n<p><img loading=\"lazy\" decoding=\"async\" class=\"alignnone wp-image-1351\" src=\"https:\/\/www.cosmepak.com\/wp-content\/uploads\/2024\/12\/\u7269\u6d41\u8fd0\u8f93\u753b\u9762-2.jpg\" alt=\"\" width=\"1424\" height=\"1068\" srcset=\"https:\/\/www.cosmepak.com\/wp-content\/uploads\/2024\/12\/\u7269\u6d41\u8fd0\u8f93\u753b\u9762-2.jpg 800w, https:\/\/www.cosmepak.com\/wp-content\/uploads\/2024\/12\/\u7269\u6d41\u8fd0\u8f93\u753b\u9762-2-300x225.jpg 300w, https:\/\/www.cosmepak.com\/wp-content\/uploads\/2024\/12\/\u7269\u6d41\u8fd0\u8f93\u753b\u9762-2-768x576.jpg 768w, https:\/\/www.cosmepak.com\/wp-content\/uploads\/2024\/12\/\u7269\u6d41\u8fd0\u8f93\u753b\u9762-2-600x450.jpg 600w\" sizes=\"(max-width: 1424px) 100vw, 1424px\" \/><\/p>\n<table style=\"border-collapse: collapse; width: 100%; height: 144px;\">\n<tbody>\n<tr style=\"height: 24px;\">\n<td style=\"width: 33.3333%; text-align: center; height: 24px;\"><span style=\"font-size: 14pt;\"><strong>Exprimer<\/strong><\/span><\/td>\n<td style=\"width: 33.3333%; text-align: center; height: 24px;\"><span style=\"font-size: 14pt;\"><strong>Fret a\u00e9rien<\/strong><\/span><\/td>\n<td style=\"width: 33.3333%; text-align: center; height: 24px;\"><span style=\"font-size: 14pt;\"><strong>Transport maritime<\/strong><\/span><\/td>\n<\/tr>\n<tr style=\"height: 24px;\">\n<td style=\"width: 33.3333%; text-align: center; height: 24px;\">Europe 4 \u00e0 6 jours<\/td>\n<td style=\"width: 33.3333%; text-align: center; height: 24px;\">Europe 4 \u00e0 6 jours<\/td>\n<td style=\"width: 33.3333%; text-align: center; height: 24px;\">Europe 25-35 jours<\/td>\n<\/tr>\n<tr style=\"height: 24px;\">\n<td style=\"width: 33.3333%; text-align: center; height: 24px;\">Manth America 4-6 jours<\/td>\n<td style=\"width: 33.3333%; text-align: center; height: 24px;\">Manth America 4-6 jours<\/td>\n<td style=\"width: 33.3333%; text-align: center; height: 24px;\">Morth America 25-35day<\/td>\n<\/tr>\n<tr style=\"height: 24px;\">\n<td style=\"width: 33.3333%; text-align: center; height: 24px;\">Asie du Sud-Est 3-5 jours<\/td>\n<td style=\"width: 33.3333%; text-align: center; height: 24px;\">Asie du Sud-Est 3-5 jours<\/td>\n<td style=\"width: 33.3333%; text-align: center; height: 24px;\">Asie du Sud-Est 25-35 jours<\/td>\n<\/tr>\n<tr style=\"height: 24px;\">\n<td style=\"width: 33.3333%; text-align: center; height: 24px;\">Le Moyen-Orient 4 \u00e0 6 jours<\/td>\n<td style=\"width: 33.3333%; text-align: center; height: 24px;\">Le Moyen-Orient 4 \u00e0 6 jours<\/td>\n<td style=\"width: 33.3333%; text-align: center; height: 24px;\">Le Moyen-Orient 25-35 jours<\/td>\n<\/tr>\n<tr style=\"height: 24px;\">\n<td style=\"width: 33.3333%; text-align: center; height: 24px;\">Afrique du Sud 5-8 jours<\/td>\n<td style=\"width: 33.3333%; text-align: center; height: 24px;\">Afrique du Sud 5-8 jours<\/td>\n<td style=\"width: 33.3333%; text-align: center; height: 24px;\">Afrique du Sud 25-35 jours<\/td>\n<\/tr>\n<\/tbody>\n<\/table>\n<p><span style=\"font-size: 14pt;\"><strong>FAQ:\u00a0<\/strong><\/span><\/p>\n<h3 id=\"why-should-you-buy-from-us-instead-of-other-suppliers\" class=\"ai-center-markdown-h3\" data-spm-anchor-id=\"a2700.micro_cgs_home.0.i14.6e743e5ftETPZu\">Pourquoi acheter chez nous plut\u00f4t que chez d\u2019autres fournisseurs ?<\/h3>\n<p class=\"ai-center-markdown-p\"><strong class=\"ai-center-markdown-strong\">Des dessins personnalis\u00e9s en seulement 3 minutes :<\/strong>\u00a0Des services de conception rapides et efficaces adapt\u00e9s \u00e0 vos besoins.<\/p>\n<p class=\"ai-center-markdown-p\"><strong class=\"ai-center-markdown-strong\">Service en ligne 24\/7 :<\/strong>\u00a0Toujours disponible pour vous aider, quel que soit le moment.<\/p>\n<p class=\"ai-center-markdown-p\"><strong class=\"ai-center-markdown-strong\">Exploitation rapide de l'\u00e9chantillon:<\/strong>\u00a0Des \u00e9chantillons en stock disponibles en 7 jours, des \u00e9chantillons imprim\u00e9s sur mesure en 15 jours.<\/p>\n<p class=\"ai-center-markdown-p\"><strong class=\"ai-center-markdown-strong\">D\u00e9lai d'ex\u00e9cution fiable:<\/strong>\u00a0D\u00e9lai de livraison coh\u00e9rent de 35 jours pour vos commandes.<\/p>\n<p class=\"ai-center-markdown-p\"><strong class=\"ai-center-markdown-strong\">Expertise prouv\u00e9e :<\/strong>\u00a0Plus de 10 ans d'exp\u00e9rience dans l'industrie de l'emballage cosm\u00e9tique.<\/p>\n<p class=\"ai-center-markdown-p\"><strong class=\"ai-center-markdown-strong\">Direct d'usine:<\/strong>\u00a0Meilleurs prix et services directement de notre usine.<\/p>\n<p class=\"ai-center-markdown-p\"><strong class=\"ai-center-markdown-strong\">Solutions compl\u00e8tes :<\/strong>\u00a0Solution unique pour tous vos besoins en emballage cosm\u00e9tique.<\/p>\n<h3 id=\"who-are-we\" class=\"ai-center-markdown-h3\">Qui sommes-nous ?<\/h3>\n<p class=\"ai-center-markdown-p\">Nous sommes une soci\u00e9t\u00e9 d'emballage de cosm\u00e9tiques bas\u00e9e \u00e0 Zhejiang, en Chine, fond\u00e9e en 2014. Nos principaux march\u00e9s comprennent :<\/p>\n<div class=\"ai-center-markdown-table-scroll-container\">\n<table class=\"ai-center-markdown-table\">\n<thead class=\"ai-center-markdown-thead\">\n<tr class=\"ai-center-markdown-tr\">\n<th class=\"ai-center-markdown-th\" width=\"fit-content\">R\u00e9gion<\/th>\n<th class=\"ai-center-markdown-th\" width=\"fit-content\">Part de march\u00e9<\/th>\n<\/tr>\n<\/thead>\n<tbody class=\"ai-center-markdown-tbody\">\n<tr class=\"ai-center-markdown-tr\">\n<td class=\"ai-center-markdown-td\" width=\"fit-content\">March\u00e9 int\u00e9rieur<\/td>\n<td class=\"ai-center-markdown-td\" width=\"fit-content\">70%<\/td>\n<\/tr>\n<tr class=\"ai-center-markdown-tr\">\n<td class=\"ai-center-markdown-td\" width=\"fit-content\">Oc\u00e9anie<\/td>\n<td class=\"ai-center-markdown-td\" width=\"fit-content\">8%<\/td>\n<\/tr>\n<tr class=\"ai-center-markdown-tr\">\n<td class=\"ai-center-markdown-td\" width=\"fit-content\">Moyen-Orient<\/td>\n<td class=\"ai-center-markdown-td\" width=\"fit-content\">7%<\/td>\n<\/tr>\n<tr class=\"ai-center-markdown-tr\">\n<td class=\"ai-center-markdown-td\" width=\"fit-content\">Asie de l' Est<\/td>\n<td class=\"ai-center-markdown-td\" width=\"fit-content\">2%<\/td>\n<\/tr>\n<tr class=\"ai-center-markdown-tr\">\n<td class=\"ai-center-markdown-td\" width=\"fit-content\">Am\u00e9rique du Nord<\/td>\n<td class=\"ai-center-markdown-td\" width=\"fit-content\">2%<\/td>\n<\/tr>\n<tr class=\"ai-center-markdown-tr\">\n<td class=\"ai-center-markdown-td\" width=\"fit-content\">Europe occidentale<\/td>\n<td class=\"ai-center-markdown-td\" width=\"fit-content\">2%<\/td>\n<\/tr>\n<tr class=\"ai-center-markdown-tr\">\n<td class=\"ai-center-markdown-td\" width=\"fit-content\">Asie du Sud-Est<\/td>\n<td class=\"ai-center-markdown-td\" width=\"fit-content\">2%<\/td>\n<\/tr>\n<tr class=\"ai-center-markdown-tr\">\n<td class=\"ai-center-markdown-td\" width=\"fit-content\">Asie du Sud<\/td>\n<td class=\"ai-center-markdown-td\" width=\"fit-content\">1%<\/td>\n<\/tr>\n<tr class=\"ai-center-markdown-tr\">\n<td class=\"ai-center-markdown-td\" width=\"fit-content\">Am\u00e9rique du Sud<\/td>\n<td class=\"ai-center-markdown-td\" width=\"fit-content\">1%<\/td>\n<\/tr>\n<tr class=\"ai-center-markdown-tr\">\n<td class=\"ai-center-markdown-td\" width=\"fit-content\">Europe du Sud<\/td>\n<td class=\"ai-center-markdown-td\" width=\"fit-content\">1%<\/td>\n<\/tr>\n<tr class=\"ai-center-markdown-tr\">\n<td class=\"ai-center-markdown-td\" width=\"fit-content\">Am\u00e9rique centrale<\/td>\n<td class=\"ai-center-markdown-td\" width=\"fit-content\">1%<\/td>\n<\/tr>\n<tr class=\"ai-center-markdown-tr\">\n<td class=\"ai-center-markdown-td\" width=\"fit-content\">Europe du Nord<\/td>\n<td class=\"ai-center-markdown-td\" width=\"fit-content\">1%<\/td>\n<\/tr>\n<tr class=\"ai-center-markdown-tr\">\n<td class=\"ai-center-markdown-td\" width=\"fit-content\">Afrique<\/td>\n<td class=\"ai-center-markdown-td\" width=\"fit-content\">1%<\/td>\n<\/tr>\n<tr class=\"ai-center-markdown-tr\">\n<td class=\"ai-center-markdown-td\" width=\"fit-content\">Europe de l' Est<\/td>\n<td class=\"ai-center-markdown-td\" width=\"fit-content\">1%<\/td>\n<\/tr>\n<\/tbody>\n<\/table>\n<\/div>\n<h3 id=\"how-can-we-guarantee-quality\" class=\"ai-center-markdown-h3\">Comment pouvons-nous garantir la qualit\u00e9?<\/h3>\n<ul class=\"ai-center-markdown-ul\">\n<li class=\"ai-center-markdown-li\"><strong class=\"ai-center-markdown-strong\">\u00c9chantillons de pr\u00e9-production:<\/strong>\u00a0Toujours fourni avant la production en masse.<\/li>\n<li class=\"ai-center-markdown-li\"><strong class=\"ai-center-markdown-strong\">Inspection finale :<\/strong>\u00a0Inspection compl\u00e8te avant exp\u00e9dition.<\/li>\n<\/ul>\n<h3 id=\"what-can-you-buy-from-us\" class=\"ai-center-markdown-h3\">Que pouvez-vous acheter de nous?<\/h3>\n<ul class=\"ai-center-markdown-ul\">\n<li class=\"ai-center-markdown-li\">Bouteilles en verre<\/li>\n<li class=\"ai-center-markdown-li\">Bouteilles en plastique \/ bocaux \/ tubes<\/li>\n<li class=\"ai-center-markdown-li\">Bouteilles en aluminium \/ bocaux \/ tubes<\/li>\n<li class=\"ai-center-markdown-li\">Divers mat\u00e9riaux d'emballage cosm\u00e9tiques<\/li>\n<\/ul>\n<h3 id=\"what-services-can-we-provide\" class=\"ai-center-markdown-h3\">Quels services pouvons-nous fournir?<\/h3>\n<ul class=\"ai-center-markdown-ul\">\n<li class=\"ai-center-markdown-li\"><strong class=\"ai-center-markdown-strong\">Conditions de livraison :<\/strong>\u00a0FOB, CFR, CIF<\/li>\n<li class=\"ai-center-markdown-li\"><strong class=\"ai-center-markdown-strong\">Monnaies de paiement :<\/strong>\u00a0USD, EUR, HKD, CNY<\/li>\n<li class=\"ai-center-markdown-li\"><strong class=\"ai-center-markdown-strong\">Types de paiement :<\/strong>\u00a0T\/T, L\/C, D\/P, D\/A<\/li>\n<\/ul>","protected":false},"excerpt":{"rendered":"<p>Mat\u00e9riel: Abs<\/p>\n<p>Capacity: 3.5g<\/p>\n<p>Size: 85*18.5mm<\/p>\n<p>Couleur: accepter personnalis\u00e9 (toute couleur Pantone disponible)<\/p>\n<p>Finition de surface: impression d'\u00e9cran, estampage chaud, finition mate, etc.<\/p>\n<p>MOQ: 10000pcs<\/p>\n<p>\u00c9chantillon: \u00e9chantillons gratuits disponibles<\/p>\n<p>&nbsp;<\/p>\n<p>&nbsp;<\/p>","protected":false},"featured_media":1437,"comment_status":"closed","ping_status":"closed","template":"","meta":{"_acf_changed":false},"product_brand":[],"product_cat":[53,36],"product_tag":[39],"class_list":{"0":"post-1435","1":"product","2":"type-product","3":"status-publish","4":"has-post-thumbnail","6":"product_cat-lipstick-tube","7":"product_cat-makeup","8":"product_tag-makeup","10":"first","11":"outofstock","12":"shipping-taxable","13":"product-type-simple"},"acf":[],"_links":{"self":[{"href":"https:\/\/www.cosmepak.com\/fr\/wp-json\/wp\/v2\/product\/1435","targetHints":{"allow":["GET"]}}],"collection":[{"href":"https:\/\/www.cosmepak.com\/fr\/wp-json\/wp\/v2\/product"}],"about":[{"href":"https:\/\/www.cosmepak.com\/fr\/wp-json\/wp\/v2\/types\/product"}],"replies":[{"embeddable":true,"href":"https:\/\/www.cosmepak.com\/fr\/wp-json\/wp\/v2\/comments?post=1435"}],"wp:featuredmedia":[{"embeddable":true,"href":"https:\/\/www.cosmepak.com\/fr\/wp-json\/wp\/v2\/media\/1437"}],"wp:attachment":[{"href":"https:\/\/www.cosmepak.com\/fr\/wp-json\/wp\/v2\/media?parent=1435"}],"wp:term":[{"taxonomy":"product_brand","embeddable":true,"href":"https:\/\/www.cosmepak.com\/fr\/wp-json\/wp\/v2\/product_brand?post=1435"},{"taxonomy":"product_cat","embeddable":true,"href":"https:\/\/www.cosmepak.com\/fr\/wp-json\/wp\/v2\/product_cat?post=1435"},{"taxonomy":"product_tag","embeddable":true,"href":"https:\/\/www.cosmepak.com\/fr\/wp-json\/wp\/v2\/product_tag?post=1435"}],"curies":[{"name":"WP","href":"https:\/\/api.w.org\/{rel}","templated":true}]}}