{"id":1449,"date":"2025-03-27T14:57:05","date_gmt":"2025-03-27T06:57:05","guid":{"rendered":"https:\/\/www.cosmepak.com\/?post_type=product&#038;p=1449"},"modified":"2025-09-30T16:57:41","modified_gmt":"2025-09-30T08:57:41","slug":"bouteille-de-parfum-30ml-bouteille-de-parfum-coloree","status":"publish","type":"product","link":"https:\/\/www.cosmepak.com\/fr\/product\/perfume-bottle-30ml-colorful-perfume-bottle\/","title":{"rendered":"Bouteille de parfum -30 ml bouteille de parfum color\u00e9 \/ jaunce"},"content":{"rendered":"<table style=\"border-collapse: collapse; width: 100%; height: 216px;\">\n<tbody>\n<tr style=\"height: 24px;\">\n<td style=\"width: 44.5017%; height: 24px; text-align: center;\">Capacit\u00e9<\/td>\n<td style=\"width: 55.4983%; height: 24px; text-align: center;\">\u00a030 ml<\/td>\n<\/tr>\n<tr style=\"height: 24px;\">\n<td style=\"width: 44.5017%; height: 24px; text-align: center;\">Mod\u00e8le<\/td>\n<td style=\"width: 55.4983%; height: 24px; text-align: center;\">JH-JS30<\/td>\n<\/tr>\n<tr style=\"height: 24px;\">\n<td style=\"width: 44.5017%; height: 24px; text-align: center;\">Mat\u00e9riau de bouteille<\/td>\n<td style=\"width: 55.4983%; height: 24px; text-align: center;\">Verre<\/td>\n<\/tr>\n<tr style=\"height: 24px;\">\n<td style=\"width: 44.5017%; height: 24px; text-align: center;\">Mat\u00e9riau de capuchon<\/td>\n<td style=\"width: 55.4983%; height: 24px; text-align: center;\">Plastique<\/td>\n<\/tr>\n<tr style=\"height: 24px;\">\n<td style=\"width: 44.5017%; height: 24px; text-align: center;\">Taille<\/td>\n<td style=\"width: 55.4983%; height: 24px; text-align: center;\">37 * 97 mm<\/td>\n<\/tr>\n<tr style=\"height: 24px;\">\n<td style=\"width: 44.5017%; height: 24px; text-align: center;\">Poids<\/td>\n<td style=\"width: 55.4983%; height: 24px; text-align: center;\">90.9g<\/td>\n<\/tr>\n<tr style=\"height: 24px;\">\n<td style=\"width: 44.5017%; height: 24px; text-align: center;\">Personnalisation<\/td>\n<td style=\"width: 55.4983%; height: 24px; text-align: center;\">Accepter<\/td>\n<\/tr>\n<tr style=\"height: 24px;\">\n<td style=\"width: 44.5017%; height: 24px; text-align: center;\">Couleur<\/td>\n<td style=\"width: 55.4983%; height: 24px; text-align: center;\">Personnalis\u00e9<\/td>\n<\/tr>\n<tr style=\"height: 24px;\">\n<td style=\"width: 44.5017%; height: 24px; text-align: center;\">OEM \/ ODM<\/td>\n<td style=\"width: 55.4983%; height: 24px; text-align: center;\">Accepter<\/td>\n<\/tr>\n<\/tbody>\n<\/table>\n<p>Cette bouteille de distribution de parfum en verre de 30ml est un compagnon pratique pour les amateurs de parfums en d\u00e9placement. Son avantage principal r\u00e9side dans &#8220; portabilit\u00e9&#8221;  &#8211; avec une capacit\u00e9 de 30ml, il n'est ni trop grand ni trop petit, et won&#8217; t prend trop d'espace lorsqu'il est plac\u00e9 dans un sac \u00e0 main, un sac de maquillage ou un bagage pendant le voyage, vous permettant de recharger votre parfum \u00e0 tout moment et de maintenir un parfum charmant.<\/p>\n<p>En termes de design, il adopte le sch\u00e9ma de couleurs populaire macaroon, pr\u00e9sentant un style global rafra\u00eechissant, simple et \u00e9l\u00e9gant, offrant une exp\u00e9rience visuelle confortable et agr\u00e9able. Les options de couleurs sont tr\u00e8s diverses, couvrant le vert transparent, le rose transparent et le violet transparent avec leurs textures translucides, ainsi que trois couleurs riches et pleines de rose, violet et vert, r\u00e9pondant aux pr\u00e9f\u00e9rences esth\u00e9tiques de diff\u00e9rentes personnes. Qu&#8217; Plus, nous offrons \u00e9galement un service de personnalisation des couleurs, vous permettant de cr\u00e9er une bouteille de distributeur de parfum personnalis\u00e9e en fonction de vos besoins individuels.<\/p>\n<p>En plus du sch\u00e9ma de couleurs attrayant, le produit&#8217; Les d\u00e9tails de s pr\u00e9sentent \u00e9galement des designs ing\u00e9nieux. Il est \u00e9quip\u00e9 d'un couvercle ext\u00e9rieur de forme unique, avec deux couleurs classiques d'or et d'argent disponibles pour la s\u00e9lection. Lorsqu'il est associ\u00e9 \u00e0 la bouteille de parfum, il peut am\u00e9liorer l'\u00e9l\u00e9gance globale; la pi\u00e8ce de pulv\u00e9risation offre \u00e9galement deux options d'or et d'argent, non seulement ayant une belle apparence, mais \u00e9galement fournissant un pulv\u00e9risation fine et uniforme qui permet au parfum de mieux adh\u00e9rer \u00e0 la peau, offrant une exp\u00e9rience d'utilisation sup\u00e9rieure.<\/p>\n<p><img fetchpriority=\"high\" decoding=\"async\" class=\"alignnone wp-image-1454\" src=\"https:\/\/www.cosmepak.com\/wp-content\/uploads\/2025\/03\/O1CN01stNk7j25jS0i1osnY_2778787562-0-cib.jpg\" alt=\"Bouteille de parfum de 30ml\" width=\"1384\" height=\"1384\" srcset=\"https:\/\/www.cosmepak.com\/wp-content\/uploads\/2025\/03\/O1CN01stNk7j25jS0i1osnY_2778787562-0-cib.jpg 1000w, https:\/\/www.cosmepak.com\/wp-content\/uploads\/2025\/03\/O1CN01stNk7j25jS0i1osnY_2778787562-0-cib-300x300.jpg 300w, https:\/\/www.cosmepak.com\/wp-content\/uploads\/2025\/03\/O1CN01stNk7j25jS0i1osnY_2778787562-0-cib-150x150.jpg 150w, https:\/\/www.cosmepak.com\/wp-content\/uploads\/2025\/03\/O1CN01stNk7j25jS0i1osnY_2778787562-0-cib-768x768.jpg 768w, https:\/\/www.cosmepak.com\/wp-content\/uploads\/2025\/03\/O1CN01stNk7j25jS0i1osnY_2778787562-0-cib-600x600.jpg 600w, https:\/\/www.cosmepak.com\/wp-content\/uploads\/2025\/03\/O1CN01stNk7j25jS0i1osnY_2778787562-0-cib-100x100.jpg 100w\" sizes=\"(max-width: 1384px) 100vw, 1384px\" \/> <img decoding=\"async\" class=\"alignnone wp-image-1457\" src=\"https:\/\/www.cosmepak.com\/wp-content\/uploads\/2025\/03\/O1CN01nMqkxZ25jS0mWyniK_2778787562-0-cib.jpg\" alt=\"\" width=\"669\" height=\"669\" srcset=\"https:\/\/www.cosmepak.com\/wp-content\/uploads\/2025\/03\/O1CN01nMqkxZ25jS0mWyniK_2778787562-0-cib.jpg 1000w, https:\/\/www.cosmepak.com\/wp-content\/uploads\/2025\/03\/O1CN01nMqkxZ25jS0mWyniK_2778787562-0-cib-300x300.jpg 300w, https:\/\/www.cosmepak.com\/wp-content\/uploads\/2025\/03\/O1CN01nMqkxZ25jS0mWyniK_2778787562-0-cib-150x150.jpg 150w, https:\/\/www.cosmepak.com\/wp-content\/uploads\/2025\/03\/O1CN01nMqkxZ25jS0mWyniK_2778787562-0-cib-768x768.jpg 768w, https:\/\/www.cosmepak.com\/wp-content\/uploads\/2025\/03\/O1CN01nMqkxZ25jS0mWyniK_2778787562-0-cib-600x600.jpg 600w, https:\/\/www.cosmepak.com\/wp-content\/uploads\/2025\/03\/O1CN01nMqkxZ25jS0mWyniK_2778787562-0-cib-100x100.jpg 100w\" sizes=\"(max-width: 669px) 100vw, 669px\" \/> <img decoding=\"async\" class=\"alignnone wp-image-1458\" src=\"https:\/\/www.cosmepak.com\/wp-content\/uploads\/2025\/03\/O1CN01o1My8g25jS0i1B0WT_2778787562-0-cib.jpg\" alt=\"\" width=\"667\" height=\"667\" srcset=\"https:\/\/www.cosmepak.com\/wp-content\/uploads\/2025\/03\/O1CN01o1My8g25jS0i1B0WT_2778787562-0-cib.jpg 1000w, https:\/\/www.cosmepak.com\/wp-content\/uploads\/2025\/03\/O1CN01o1My8g25jS0i1B0WT_2778787562-0-cib-300x300.jpg 300w, https:\/\/www.cosmepak.com\/wp-content\/uploads\/2025\/03\/O1CN01o1My8g25jS0i1B0WT_2778787562-0-cib-150x150.jpg 150w, https:\/\/www.cosmepak.com\/wp-content\/uploads\/2025\/03\/O1CN01o1My8g25jS0i1B0WT_2778787562-0-cib-768x768.jpg 768w, https:\/\/www.cosmepak.com\/wp-content\/uploads\/2025\/03\/O1CN01o1My8g25jS0i1B0WT_2778787562-0-cib-600x600.jpg 600w, https:\/\/www.cosmepak.com\/wp-content\/uploads\/2025\/03\/O1CN01o1My8g25jS0i1B0WT_2778787562-0-cib-100x100.jpg 100w\" sizes=\"(max-width: 667px) 100vw, 667px\" \/><\/p>\n<p>&nbsp;<\/p>\n<table style=\"border-collapse: collapse; width: 100%;\">\n<tbody>\n<tr>\n<td style=\"width: 40.1818%;\"><img loading=\"lazy\" decoding=\"async\" class=\"alignnone size-full wp-image-1346\" src=\"https:\/\/www.cosmepak.com\/wp-content\/uploads\/2024\/12\/company_\u526f\u672c.jpg\" alt=\"\" width=\"1060\" height=\"764\" srcset=\"https:\/\/www.cosmepak.com\/wp-content\/uploads\/2024\/12\/company_\u526f\u672c.jpg 1060w, https:\/\/www.cosmepak.com\/wp-content\/uploads\/2024\/12\/company_\u526f\u672c-300x216.jpg 300w, https:\/\/www.cosmepak.com\/wp-content\/uploads\/2024\/12\/company_\u526f\u672c-1024x738.jpg 1024w, https:\/\/www.cosmepak.com\/wp-content\/uploads\/2024\/12\/company_\u526f\u672c-768x554.jpg 768w, https:\/\/www.cosmepak.com\/wp-content\/uploads\/2024\/12\/company_\u526f\u672c-600x432.jpg 600w\" sizes=\"(max-width: 1060px) 100vw, 1060px\" \/><\/td>\n<td style=\"width: 59.8182%;\">Notre usine s'est sp\u00e9cialis\u00e9e dans la fabrication d'emballages cosm\u00e9tiques de plus de 10 ans;<\/p>\n<p>Notre usine situ\u00e9e \u00e0 Hangzhou Fuyang une belle ville,<\/p>\n<p>\u2611  Maintenant, nous avons 1 usine pour les bouteilles de verre, la capacit\u00e9 peut \u00eatre 400,000pcs \/ jour.<br \/>\n\u2611  1Factory pour les bouteilles en plastique, la capacit\u00e9 peut \u00eatre 50.000pcs \/ jour.<br \/>\n\u2611  1factory pour les bouteilles d'alumninum, la capacit\u00e9 peut \u00eatre 100.000pcs \/ jour.<br \/>\nNous avions pass\u00e9 la certification ISO9000\/14000, peut fournir SGS et MSDS aussi bien.<br \/>\nNous adh\u00e9rons au principe des affaires honn\u00eates \u00e0 chaque client.<br \/>\nBienvenue pour coop\u00e9rer!<\/td>\n<\/tr>\n<\/tbody>\n<\/table>\n<p><img loading=\"lazy\" decoding=\"async\" class=\"alignnone size-full wp-image-1347\" src=\"https:\/\/www.cosmepak.com\/wp-content\/uploads\/2024\/12\/\u9996\u987519202_03.jpg\" alt=\"salon de l&#039;usine\" width=\"1920\" height=\"885\" srcset=\"https:\/\/www.cosmepak.com\/wp-content\/uploads\/2024\/12\/\u9996\u987519202_03.jpg 1920w, https:\/\/www.cosmepak.com\/wp-content\/uploads\/2024\/12\/\u9996\u987519202_03-300x138.jpg 300w, https:\/\/www.cosmepak.com\/wp-content\/uploads\/2024\/12\/\u9996\u987519202_03-1024x472.jpg 1024w, https:\/\/www.cosmepak.com\/wp-content\/uploads\/2024\/12\/\u9996\u987519202_03-768x354.jpg 768w, https:\/\/www.cosmepak.com\/wp-content\/uploads\/2024\/12\/\u9996\u987519202_03-1536x708.jpg 1536w, https:\/\/www.cosmepak.com\/wp-content\/uploads\/2024\/12\/\u9996\u987519202_03-600x277.jpg 600w\" sizes=\"(max-width: 1920px) 100vw, 1920px\" \/><\/p>","protected":false},"excerpt":{"rendered":"<p>Mat\u00e9riau en bouteille: verre<\/p>\n<p>Capcity: 30 ml<\/p>\n<p>Taille: OD: 37 mm;<\/p>\n<p>Package Size: 55.3*25.7*20.8cm<\/p>\n<p>Paquet Quantit\u00e9: 156pcs\/carton<\/p>\n<p>Package GW: 16kgs<\/p>\n<p>Single Weight: 90.9g<\/p>\n<p>Couleur: 6 couleurs<\/p>\n<p>Finition de surface: impression d'\u00e9cran, estampage chaud, gradient de pulv\u00e9risation, finition mate, etc.<\/p>\n<p>MOQ: 5000pcs;<\/p>\n<p>&nbsp;<\/p>","protected":false},"featured_media":1455,"comment_status":"closed","ping_status":"closed","template":"","meta":{"_acf_changed":false},"product_brand":[],"product_cat":[17],"product_tag":[],"class_list":{"0":"post-1449","1":"product","2":"type-product","3":"status-publish","4":"has-post-thumbnail","6":"product_cat-perfume-bottle","8":"first","9":"outofstock","10":"shipping-taxable","11":"product-type-simple"},"acf":[],"_links":{"self":[{"href":"https:\/\/www.cosmepak.com\/fr\/wp-json\/wp\/v2\/product\/1449","targetHints":{"allow":["GET"]}}],"collection":[{"href":"https:\/\/www.cosmepak.com\/fr\/wp-json\/wp\/v2\/product"}],"about":[{"href":"https:\/\/www.cosmepak.com\/fr\/wp-json\/wp\/v2\/types\/product"}],"replies":[{"embeddable":true,"href":"https:\/\/www.cosmepak.com\/fr\/wp-json\/wp\/v2\/comments?post=1449"}],"wp:featuredmedia":[{"embeddable":true,"href":"https:\/\/www.cosmepak.com\/fr\/wp-json\/wp\/v2\/media\/1455"}],"wp:attachment":[{"href":"https:\/\/www.cosmepak.com\/fr\/wp-json\/wp\/v2\/media?parent=1449"}],"wp:term":[{"taxonomy":"product_brand","embeddable":true,"href":"https:\/\/www.cosmepak.com\/fr\/wp-json\/wp\/v2\/product_brand?post=1449"},{"taxonomy":"product_cat","embeddable":true,"href":"https:\/\/www.cosmepak.com\/fr\/wp-json\/wp\/v2\/product_cat?post=1449"},{"taxonomy":"product_tag","embeddable":true,"href":"https:\/\/www.cosmepak.com\/fr\/wp-json\/wp\/v2\/product_tag?post=1449"}],"curies":[{"name":"WP","href":"https:\/\/api.w.org\/{rel}","templated":true}]}}