{"id":1460,"date":"2025-03-27T15:03:00","date_gmt":"2025-03-27T07:03:00","guid":{"rendered":"https:\/\/www.cosmepak.com\/?post_type=product&#038;p=1460"},"modified":"2026-02-06T14:51:21","modified_gmt":"2026-02-06T06:51:21","slug":"bouteille-de-parfum-30ml-coloree-bouteille-de-parfum-vide","status":"publish","type":"product","link":"https:\/\/www.cosmepak.com\/fr\/product\/perfume-bottle-30ml-colorful-empty-perfume-bottle\/","title":{"rendered":"Bouteille de parfum -30 ml bouteille de parfum vide color\u00e9 \/ jaunce"},"content":{"rendered":"<table style=\"border-collapse: collapse; width: 100%; height: 216px;\">\n<tbody>\n<tr style=\"height: 24px;\">\n<td style=\"width: 44.5017%; height: 24px; text-align: center;\">Capacit\u00e9<\/td>\n<td style=\"width: 55.4983%; height: 24px; text-align: center;\">\u00a030 ml<\/td>\n<\/tr>\n<tr style=\"height: 24px;\">\n<td style=\"width: 44.5017%; height: 24px; text-align: center;\">Mod\u00e8le<\/td>\n<td style=\"width: 55.4983%; height: 24px; text-align: center;\">JH-JS30<\/td>\n<\/tr>\n<tr style=\"height: 24px;\">\n<td style=\"width: 44.5017%; height: 24px; text-align: center;\">Mat\u00e9riau de bouteille<\/td>\n<td style=\"width: 55.4983%; height: 24px; text-align: center;\">Verre<\/td>\n<\/tr>\n<tr style=\"height: 24px;\">\n<td style=\"width: 44.5017%; height: 24px; text-align: center;\">Mat\u00e9riau de capuchon<\/td>\n<td style=\"width: 55.4983%; height: 24px; text-align: center;\">Plastique<\/td>\n<\/tr>\n<tr style=\"height: 24px;\">\n<td style=\"width: 44.5017%; height: 24px; text-align: center;\">Taille<\/td>\n<td style=\"width: 55.4983%; height: 24px; text-align: center;\">37 * 97 mm<\/td>\n<\/tr>\n<tr style=\"height: 24px;\">\n<td style=\"width: 44.5017%; height: 24px; text-align: center;\">Poids<\/td>\n<td style=\"width: 55.4983%; height: 24px; text-align: center;\">90.9g<\/td>\n<\/tr>\n<tr style=\"height: 24px;\">\n<td style=\"width: 44.5017%; height: 24px; text-align: center;\">Personnalisation<\/td>\n<td style=\"width: 55.4983%; height: 24px; text-align: center;\">Accepter<\/td>\n<\/tr>\n<tr style=\"height: 24px;\">\n<td style=\"width: 44.5017%; height: 24px; text-align: center;\">Couleur<\/td>\n<td style=\"width: 55.4983%; height: 24px; text-align: center;\">Personnalis\u00e9<\/td>\n<\/tr>\n<tr style=\"height: 24px;\">\n<td style=\"width: 44.5017%; height: 24px; text-align: center;\">OEM \/ ODM<\/td>\n<td style=\"width: 55.4983%; height: 24px; text-align: center;\">Accepter<\/td>\n<\/tr>\n<\/tbody>\n<\/table>\n<p>Il s'agit d'une petite bouteille de parfum de 30ml. La bouteille&#8217; sa capacit\u00e9 peut \u00eatre facilement plac\u00e9e dans votre sac pour les recharges de parfum en d\u00e9placement. Il est tr\u00e8s adapt\u00e9 pour une utilisation quotidienne. De plus, cette capacit\u00e9 convient au transport a\u00e9rien et est un must-have pour les voyages.<\/p>\n<p>Notre s\u00e9rie de bouteilles de parfum offre un large \u00e9ventail d'options, r\u00e9pondant \u00e0 diverses pr\u00e9f\u00e9rences de style.<\/p>\n<p>La bouteille en verre \u00e0 haute transparence est aussi claire que le cristal, vous permettant de voir clairement la ligne de parfum. Le capuchon en m\u00e9tal or\/argent ajoute un ton froid luxueux et une brillance. peut personnaliser n'importe quelle couleur transparente pantone.<\/p>\n<p>La finition mat et mat de violet clair, rose cerisier et vert menthe sur la bouteille cr\u00e9e un effet doux et apaisant, avec une atmosph\u00e8re r\u00eaveuse. Il convient \u00e0 diverses qualit\u00e9s de parfum. La texture brillante donne une impression vive et vive. Que la finition mate ou brillante, il doit en avoir une qui convient \u00e0 votre profil.<\/p>\n<p>Le produit est r\u00e9alis\u00e9 \u00e0 l'aide d'une technique de gravure en forme de nid d'abeille, avec ses motifs fins et r\u00e9guliers pr\u00e9sentant une gradation de lumi\u00e8re et d'ombre. La perle de haut sph\u00e9rique en haut a une surface lisse et arrondie. Le m\u00e9tal froid contraste fortement avec la texture chaude de la bouteille, servant non seulement de bouchon d'\u00e9tanch\u00e9it\u00e9 mais devenant \u00e9galement un point focal visuel exceptionnel. Le bouchon est disponible en couleurs or et argent pour la s\u00e9lection, et le spray correspondant de la m\u00eame couleur a une d\u00e9charge liquide fine. La conception d'ouverture filet\u00e9e facilite le remplissage, et le mat\u00e9riau en verre est respectueux de l'environnement et r\u00e9utilisable.<\/p>\n<p>Le fond en verre \u00e9pais am\u00e9liore la bouteille&#8217; s durabilit\u00e9, ce qui le rend moins enclin \u00e0 la cassure.<\/p>\n<p>Cette bouteille de parfum peut \u00eatre personnalis\u00e9e avec des couleurs Pantone selon les demandes du client. Deux options sont disponibles : couleur solide et couleur transparente. Que vous pr\u00e9f\u00e9riez la couleur solide ou la couleur translucide, c'est un bon choix. Vous pouvez \u00e9galement personnaliser les designs de logo, les \u00e9tiquettes de contenu texte, etc. sur la bouteille pour accro\u00eetre la notori\u00e9t\u00e9 de la marque.<\/p>\n<p><img fetchpriority=\"high\" decoding=\"async\" class=\"alignnone wp-image-1455\" src=\"https:\/\/www.cosmepak.com\/wp-content\/uploads\/2025\/03\/O1CN01VVeLQn25jS0nkfZC8_2778787562-0-cib.jpg\" alt=\"flacon de parfum color\u00e9\" width=\"1371\" height=\"1371\" srcset=\"https:\/\/www.cosmepak.com\/wp-content\/uploads\/2025\/03\/O1CN01VVeLQn25jS0nkfZC8_2778787562-0-cib.jpg 1000w, https:\/\/www.cosmepak.com\/wp-content\/uploads\/2025\/03\/O1CN01VVeLQn25jS0nkfZC8_2778787562-0-cib-300x300.jpg 300w, https:\/\/www.cosmepak.com\/wp-content\/uploads\/2025\/03\/O1CN01VVeLQn25jS0nkfZC8_2778787562-0-cib-150x150.jpg 150w, https:\/\/www.cosmepak.com\/wp-content\/uploads\/2025\/03\/O1CN01VVeLQn25jS0nkfZC8_2778787562-0-cib-768x768.jpg 768w, https:\/\/www.cosmepak.com\/wp-content\/uploads\/2025\/03\/O1CN01VVeLQn25jS0nkfZC8_2778787562-0-cib-600x600.jpg 600w, https:\/\/www.cosmepak.com\/wp-content\/uploads\/2025\/03\/O1CN01VVeLQn25jS0nkfZC8_2778787562-0-cib-100x100.jpg 100w\" sizes=\"(max-width: 1371px) 100vw, 1371px\" \/><\/p>\n<table style=\"border-collapse: collapse; width: 100%;\">\n<tbody>\n<tr>\n<td style=\"width: 50%;\"><img decoding=\"async\" class=\"alignnone size-full wp-image-3975\" src=\"https:\/\/www.cosmepak.com\/wp-content\/uploads\/2025\/03\/O1CN01pL4UQ425jS0rEUgbA_2778787562-0-cib.jpg\" alt=\"\" width=\"1000\" height=\"1000\" srcset=\"https:\/\/www.cosmepak.com\/wp-content\/uploads\/2025\/03\/O1CN01pL4UQ425jS0rEUgbA_2778787562-0-cib.jpg 1000w, https:\/\/www.cosmepak.com\/wp-content\/uploads\/2025\/03\/O1CN01pL4UQ425jS0rEUgbA_2778787562-0-cib-300x300.jpg 300w, https:\/\/www.cosmepak.com\/wp-content\/uploads\/2025\/03\/O1CN01pL4UQ425jS0rEUgbA_2778787562-0-cib-150x150.jpg 150w, https:\/\/www.cosmepak.com\/wp-content\/uploads\/2025\/03\/O1CN01pL4UQ425jS0rEUgbA_2778787562-0-cib-768x768.jpg 768w, https:\/\/www.cosmepak.com\/wp-content\/uploads\/2025\/03\/O1CN01pL4UQ425jS0rEUgbA_2778787562-0-cib-12x12.jpg 12w, https:\/\/www.cosmepak.com\/wp-content\/uploads\/2025\/03\/O1CN01pL4UQ425jS0rEUgbA_2778787562-0-cib-600x600.jpg 600w, https:\/\/www.cosmepak.com\/wp-content\/uploads\/2025\/03\/O1CN01pL4UQ425jS0rEUgbA_2778787562-0-cib-100x100.jpg 100w\" sizes=\"(max-width: 1000px) 100vw, 1000px\" \/><\/td>\n<td style=\"width: 50%;\"><img decoding=\"async\" class=\"alignnone size-full wp-image-3976\" src=\"https:\/\/www.cosmepak.com\/wp-content\/uploads\/2025\/03\/O1CN01stNk7j25jS0i1osnY_2778787562-0-cib-1.jpg\" alt=\"\" width=\"1000\" height=\"1000\" srcset=\"https:\/\/www.cosmepak.com\/wp-content\/uploads\/2025\/03\/O1CN01stNk7j25jS0i1osnY_2778787562-0-cib-1.jpg 1000w, https:\/\/www.cosmepak.com\/wp-content\/uploads\/2025\/03\/O1CN01stNk7j25jS0i1osnY_2778787562-0-cib-1-300x300.jpg 300w, https:\/\/www.cosmepak.com\/wp-content\/uploads\/2025\/03\/O1CN01stNk7j25jS0i1osnY_2778787562-0-cib-1-150x150.jpg 150w, https:\/\/www.cosmepak.com\/wp-content\/uploads\/2025\/03\/O1CN01stNk7j25jS0i1osnY_2778787562-0-cib-1-768x768.jpg 768w, https:\/\/www.cosmepak.com\/wp-content\/uploads\/2025\/03\/O1CN01stNk7j25jS0i1osnY_2778787562-0-cib-1-12x12.jpg 12w, https:\/\/www.cosmepak.com\/wp-content\/uploads\/2025\/03\/O1CN01stNk7j25jS0i1osnY_2778787562-0-cib-1-600x600.jpg 600w, https:\/\/www.cosmepak.com\/wp-content\/uploads\/2025\/03\/O1CN01stNk7j25jS0i1osnY_2778787562-0-cib-1-100x100.jpg 100w\" sizes=\"(max-width: 1000px) 100vw, 1000px\" \/><\/td>\n<\/tr>\n<\/tbody>\n<\/table>\n<p>&nbsp;<\/p>","protected":false},"excerpt":{"rendered":"<p>Mat\u00e9riau en bouteille: verre<\/p>\n<p>Capcity: 30 ml<\/p>\n<p>Taille: OD: 37 mm;<\/p>\n<p>Package Size: 55.3*25.7*20.8cm<\/p>\n<p>Paquet Quantit\u00e9: 156pcs\/carton<\/p>\n<p>Package GW: 16kgs<\/p>\n<p>Single Weight: 90.9g<\/p>\n<p>Couleur: 6 couleurs<\/p>\n<p>Finition de surface: impression d'\u00e9cran, estampage chaud, gradient de pulv\u00e9risation, finition mate, etc.<\/p>\n<p>MOQ: 5000pcs;<\/p>\n<p>&nbsp;<\/p>","protected":false},"featured_media":1457,"comment_status":"closed","ping_status":"closed","template":"","meta":{"_acf_changed":false},"product_brand":[],"product_cat":[17],"product_tag":[],"class_list":{"0":"post-1460","1":"product","2":"type-product","3":"status-publish","4":"has-post-thumbnail","6":"product_cat-perfume-bottle","8":"first","9":"outofstock","10":"shipping-taxable","11":"product-type-simple"},"acf":[],"_links":{"self":[{"href":"https:\/\/www.cosmepak.com\/fr\/wp-json\/wp\/v2\/product\/1460","targetHints":{"allow":["GET"]}}],"collection":[{"href":"https:\/\/www.cosmepak.com\/fr\/wp-json\/wp\/v2\/product"}],"about":[{"href":"https:\/\/www.cosmepak.com\/fr\/wp-json\/wp\/v2\/types\/product"}],"replies":[{"embeddable":true,"href":"https:\/\/www.cosmepak.com\/fr\/wp-json\/wp\/v2\/comments?post=1460"}],"wp:featuredmedia":[{"embeddable":true,"href":"https:\/\/www.cosmepak.com\/fr\/wp-json\/wp\/v2\/media\/1457"}],"wp:attachment":[{"href":"https:\/\/www.cosmepak.com\/fr\/wp-json\/wp\/v2\/media?parent=1460"}],"wp:term":[{"taxonomy":"product_brand","embeddable":true,"href":"https:\/\/www.cosmepak.com\/fr\/wp-json\/wp\/v2\/product_brand?post=1460"},{"taxonomy":"product_cat","embeddable":true,"href":"https:\/\/www.cosmepak.com\/fr\/wp-json\/wp\/v2\/product_cat?post=1460"},{"taxonomy":"product_tag","embeddable":true,"href":"https:\/\/www.cosmepak.com\/fr\/wp-json\/wp\/v2\/product_tag?post=1460"}],"curies":[{"name":"WP","href":"https:\/\/api.w.org\/{rel}","templated":true}]}}