{"id":1473,"date":"2025-03-27T15:50:03","date_gmt":"2025-03-27T07:50:03","guid":{"rendered":"https:\/\/www.cosmepak.com\/?post_type=product&#038;p=1473"},"modified":"2026-02-06T14:27:51","modified_gmt":"2026-02-06T06:27:51","slug":"flacon-de-parfum-50ml-carreflacon-de-parfum-jaunce","status":"publish","type":"product","link":"https:\/\/www.cosmepak.com\/fr\/product\/perfume-bottle-50ml-squareperfume-bottle-jaunce\/","title":{"rendered":"Bouteille de parfum - 50 ml de parfum carr\u00e9 bouteille \/ jaunce"},"content":{"rendered":"<table style=\"border-collapse: collapse; width: 100%; height: 216px;\">\n<tbody>\n<tr style=\"height: 24px;\">\n<td style=\"width: 44.5017%; height: 24px; text-align: center;\">Capacit\u00e9<\/td>\n<td style=\"width: 55.4983%; height: 24px; text-align: center;\">\u00a050 ml<\/td>\n<\/tr>\n<tr style=\"height: 24px;\">\n<td style=\"width: 44.5017%; height: 24px; text-align: center;\">Mod\u00e8le<\/td>\n<td style=\"width: 55.4983%; height: 24px; text-align: center;\">JH-50<\/td>\n<\/tr>\n<tr style=\"height: 24px;\">\n<td style=\"width: 44.5017%; height: 24px; text-align: center;\">Mat\u00e9riau de bouteille<\/td>\n<td style=\"width: 55.4983%; height: 24px; text-align: center;\">Verre<\/td>\n<\/tr>\n<tr style=\"height: 24px;\">\n<td style=\"width: 44.5017%; height: 24px; text-align: center;\">Mat\u00e9riau de capuchon<\/td>\n<td style=\"width: 55.4983%; height: 24px; text-align: center;\">Dor\u00e9<\/td>\n<\/tr>\n<tr style=\"height: 24px;\">\n<td style=\"width: 44.5017%; height: 24px; text-align: center;\">Taille<\/td>\n<td style=\"width: 55.4983%; height: 24px; text-align: center;\">65.2 * 29 * 90 mm<\/td>\n<\/tr>\n<tr style=\"height: 24px;\">\n<td style=\"width: 44.5017%; height: 24px; text-align: center;\">Poids<\/td>\n<td style=\"width: 55.4983%; height: 24px; text-align: center;\">143g<\/td>\n<\/tr>\n<tr style=\"height: 24px;\">\n<td style=\"width: 44.5017%; height: 24px; text-align: center;\">Personnalisation<\/td>\n<td style=\"width: 55.4983%; height: 24px; text-align: center;\">Accepter<\/td>\n<\/tr>\n<tr style=\"height: 24px;\">\n<td style=\"width: 44.5017%; height: 24px; text-align: center;\">Couleur<\/td>\n<td style=\"width: 55.4983%; height: 24px; text-align: center;\">Personnalis\u00e9<\/td>\n<\/tr>\n<tr style=\"height: 24px;\">\n<td style=\"width: 44.5017%; height: 24px; text-align: center;\">OEM \/ ODM<\/td>\n<td style=\"width: 55.4983%; height: 24px; text-align: center;\">Accepter<\/td>\n<\/tr>\n<\/tbody>\n<\/table>\n<p>La bouteille de gel carr\u00e9e de 50ml se distingue par son design chic et moderne. Le verre gla\u00e7u offre un look sophistiqu\u00e9 et luxueux, s'assurant qu'il attire l'attention de toute vanit\u00e9 ou \u00e9tag\u00e8re. Le fond en verre \u00e9pais ajoute non seulement \u00e0 son attrait esth\u00e9tique, mais fournit \u00e9galement de la stabilit\u00e9, emp\u00eachant le basculement accidentel.<\/p>\n<p>Cette bouteille carr\u00e9e \u00e0 fond plat a \u00e9t\u00e9 m\u00e9ticuleusement con\u00e7ue, avec une grande attention port\u00e9e \u00e0 chaque d\u00e9tail. Sa forme pr\u00e9sente des lignes lisses et une \u00e9paule plate. Il est fini avec un proc\u00e9d\u00e9 de peinture en aluminium galvanis\u00e9 et est \u00e9quip\u00e9 d'un capuchon en aluminium galvanis\u00e9 en forme de T de couleur correspondante. Cette texture m\u00e9tallique unifi\u00e9e ajoute une touche d'\u00e9l\u00e9gance haut de gamme, am\u00e9liorant l'image visuelle de votre marque et rendant vos produits uniques.<\/p>\n<p>La base en verre \u00e9paisse ajoute un poids suppl\u00e9mentaire, donnant \u00e0 la bouteille une texture robuste. La surface en verre gla\u00e7u est une victoire de conception \u00e0 double usage: elle amplifie l\u2019aspect raffin\u00e9 de la bouteille et offre une adh\u00e9rence antid\u00e9rapante, r\u00e9duisant le risque de glisser des mains lors de l\u2019utilisation ou de l\u2019application.<\/p>\n<p>Cette taille est parfaite et en fait un choix polyvalent id\u00e9al pour votre collection de parfums. Que ce soit&#8217; Parfum pur, cologne ou huile essentielle, il peut r\u00e9pondre \u00e0 vos besoins. Il convient \u00e0 la fois pour un usage personnel quotidien et pour le transport lors de voyages &#8211; l\u00e9ger, compact et facile \u00e0 installer dans un sac \u00e0 main, une valise ou un kit de voyage, sans prendre trop d'espace.<\/p>\n<p>Nos bouteilles en verre r\u00e9utilisables sont une alternative \u00e9cologique aux bouteilles en plastique jetables. Le verre peut \u00eatre enti\u00e8rement recycl\u00e9, est durable et convient \u00e0 une utilisation r\u00e9p\u00e9t\u00e9e, et peut r\u00e9duire au maximum l'impact sur l'environnement.<\/p>\n<p>cette bouteille de s\u00e9rie nous acceptons \u00e9galement la couleur personnalis\u00e9e, nous soutenons toute impression couleur pantone. et l'efficace ont brillant et mat pour choisir. Nous offrons \u00e9galement une vari\u00e9t\u00e9 d'accessoires pour vous choisir. spray brume nous avons injecter la couleur normale blanche \/ noire, et aussi ont la couleur or et argent pour l'emballage de parfum de s\u00e9rie haut de gamme.<\/p>\n<p><img fetchpriority=\"high\" decoding=\"async\" class=\"alignnone wp-image-1471\" src=\"https:\/\/www.cosmepak.com\/wp-content\/uploads\/2025\/03\/O1CN01S5lNzt25jRmV230Ns_2778787562-0-cib.jpg\" alt=\"\" width=\"1354\" height=\"1354\" srcset=\"https:\/\/www.cosmepak.com\/wp-content\/uploads\/2025\/03\/O1CN01S5lNzt25jRmV230Ns_2778787562-0-cib.jpg 800w, https:\/\/www.cosmepak.com\/wp-content\/uploads\/2025\/03\/O1CN01S5lNzt25jRmV230Ns_2778787562-0-cib-300x300.jpg 300w, https:\/\/www.cosmepak.com\/wp-content\/uploads\/2025\/03\/O1CN01S5lNzt25jRmV230Ns_2778787562-0-cib-150x150.jpg 150w, https:\/\/www.cosmepak.com\/wp-content\/uploads\/2025\/03\/O1CN01S5lNzt25jRmV230Ns_2778787562-0-cib-768x768.jpg 768w, https:\/\/www.cosmepak.com\/wp-content\/uploads\/2025\/03\/O1CN01S5lNzt25jRmV230Ns_2778787562-0-cib-600x600.jpg 600w, https:\/\/www.cosmepak.com\/wp-content\/uploads\/2025\/03\/O1CN01S5lNzt25jRmV230Ns_2778787562-0-cib-100x100.jpg 100w\" sizes=\"(max-width: 1354px) 100vw, 1354px\" \/><\/p>\n<table style=\"border-collapse: collapse; width: 100%;\">\n<tbody>\n<tr>\n<td style=\"width: 33.3333%;\"><img decoding=\"async\" class=\"alignnone size-full wp-image-3974\" src=\"https:\/\/www.cosmepak.com\/wp-content\/uploads\/2025\/03\/12-3.jpg\" alt=\"\" width=\"1000\" height=\"1000\" srcset=\"https:\/\/www.cosmepak.com\/wp-content\/uploads\/2025\/03\/12-3.jpg 1000w, https:\/\/www.cosmepak.com\/wp-content\/uploads\/2025\/03\/12-3-300x300.jpg 300w, https:\/\/www.cosmepak.com\/wp-content\/uploads\/2025\/03\/12-3-150x150.jpg 150w, https:\/\/www.cosmepak.com\/wp-content\/uploads\/2025\/03\/12-3-768x768.jpg 768w, https:\/\/www.cosmepak.com\/wp-content\/uploads\/2025\/03\/12-3-12x12.jpg 12w, https:\/\/www.cosmepak.com\/wp-content\/uploads\/2025\/03\/12-3-600x600.jpg 600w, https:\/\/www.cosmepak.com\/wp-content\/uploads\/2025\/03\/12-3-100x100.jpg 100w\" sizes=\"(max-width: 1000px) 100vw, 1000px\" \/><\/td>\n<td style=\"width: 33.3333%;\"><img decoding=\"async\" class=\"alignnone size-full wp-image-3972\" src=\"https:\/\/www.cosmepak.com\/wp-content\/uploads\/2025\/03\/15.jpg\" alt=\"\" width=\"1000\" height=\"1000\" srcset=\"https:\/\/www.cosmepak.com\/wp-content\/uploads\/2025\/03\/15.jpg 1000w, https:\/\/www.cosmepak.com\/wp-content\/uploads\/2025\/03\/15-300x300.jpg 300w, https:\/\/www.cosmepak.com\/wp-content\/uploads\/2025\/03\/15-150x150.jpg 150w, https:\/\/www.cosmepak.com\/wp-content\/uploads\/2025\/03\/15-768x768.jpg 768w, https:\/\/www.cosmepak.com\/wp-content\/uploads\/2025\/03\/15-12x12.jpg 12w, https:\/\/www.cosmepak.com\/wp-content\/uploads\/2025\/03\/15-600x600.jpg 600w, https:\/\/www.cosmepak.com\/wp-content\/uploads\/2025\/03\/15-100x100.jpg 100w\" sizes=\"(max-width: 1000px) 100vw, 1000px\" \/><\/td>\n<td style=\"width: 33.3333%;\"><img loading=\"lazy\" decoding=\"async\" class=\"alignnone size-full wp-image-3971\" src=\"https:\/\/www.cosmepak.com\/wp-content\/uploads\/2025\/03\/14.jpg\" alt=\"\" width=\"1000\" height=\"1000\" srcset=\"https:\/\/www.cosmepak.com\/wp-content\/uploads\/2025\/03\/14.jpg 1000w, https:\/\/www.cosmepak.com\/wp-content\/uploads\/2025\/03\/14-300x300.jpg 300w, https:\/\/www.cosmepak.com\/wp-content\/uploads\/2025\/03\/14-150x150.jpg 150w, https:\/\/www.cosmepak.com\/wp-content\/uploads\/2025\/03\/14-768x768.jpg 768w, https:\/\/www.cosmepak.com\/wp-content\/uploads\/2025\/03\/14-12x12.jpg 12w, https:\/\/www.cosmepak.com\/wp-content\/uploads\/2025\/03\/14-600x600.jpg 600w, https:\/\/www.cosmepak.com\/wp-content\/uploads\/2025\/03\/14-100x100.jpg 100w\" sizes=\"(max-width: 1000px) 100vw, 1000px\" \/><\/td>\n<\/tr>\n<\/tbody>\n<\/table>\n<p class=\"ai-center-markdown-p\">","protected":false},"excerpt":{"rendered":"<p>Mat\u00e9riau en bouteille: verre<\/p>\n<p>Capcity: 50ml<\/p>\n<p>Taille: longueur: 65,2 mm;<\/p>\n<p>Poids unique: 143g<\/p>\n<p>Couleur: personnalis\u00e9e<\/p>\n<p>Finition de surface: impression d'\u00e9cran, gla\u00e7age, estampage chaud, gradient de pulv\u00e9risation, finition mate, etc.<\/p>\n<p>MOQ: 5000pcs;<\/p>\n<p>&nbsp;<\/p>","protected":false},"featured_media":1470,"comment_status":"closed","ping_status":"closed","template":"","meta":{"_acf_changed":false},"product_brand":[],"product_cat":[17],"product_tag":[],"class_list":{"0":"post-1473","1":"product","2":"type-product","3":"status-publish","4":"has-post-thumbnail","6":"product_cat-perfume-bottle","8":"first","9":"outofstock","10":"shipping-taxable","11":"product-type-simple"},"acf":[],"_links":{"self":[{"href":"https:\/\/www.cosmepak.com\/fr\/wp-json\/wp\/v2\/product\/1473","targetHints":{"allow":["GET"]}}],"collection":[{"href":"https:\/\/www.cosmepak.com\/fr\/wp-json\/wp\/v2\/product"}],"about":[{"href":"https:\/\/www.cosmepak.com\/fr\/wp-json\/wp\/v2\/types\/product"}],"replies":[{"embeddable":true,"href":"https:\/\/www.cosmepak.com\/fr\/wp-json\/wp\/v2\/comments?post=1473"}],"wp:featuredmedia":[{"embeddable":true,"href":"https:\/\/www.cosmepak.com\/fr\/wp-json\/wp\/v2\/media\/1470"}],"wp:attachment":[{"href":"https:\/\/www.cosmepak.com\/fr\/wp-json\/wp\/v2\/media?parent=1473"}],"wp:term":[{"taxonomy":"product_brand","embeddable":true,"href":"https:\/\/www.cosmepak.com\/fr\/wp-json\/wp\/v2\/product_brand?post=1473"},{"taxonomy":"product_cat","embeddable":true,"href":"https:\/\/www.cosmepak.com\/fr\/wp-json\/wp\/v2\/product_cat?post=1473"},{"taxonomy":"product_tag","embeddable":true,"href":"https:\/\/www.cosmepak.com\/fr\/wp-json\/wp\/v2\/product_tag?post=1473"}],"curies":[{"name":"WP","href":"https:\/\/api.w.org\/{rel}","templated":true}]}}