{"id":1474,"date":"2025-03-27T15:55:01","date_gmt":"2025-03-27T07:55:01","guid":{"rendered":"https:\/\/www.cosmepak.com\/?post_type=product&#038;p=1474"},"modified":"2026-04-29T13:22:38","modified_gmt":"2026-04-29T05:22:38","slug":"lip-gloss-tube-square-lip-gloss-tube-jaunce","status":"publish","type":"product","link":"https:\/\/www.cosmepak.com\/fr\/product\/lip-gloss-tube-square-lip-gloss-tube-jaunce\/","title":{"rendered":"Gloss \u00e0 l\u00e8vres Tube-carr\u00e9 Gloss \u00e0 l\u00e8vres Tube\/Jaunce"},"content":{"rendered":"<table style=\"border-collapse: collapse; width: 100%; height: 240px;\">\n<tbody>\n<tr style=\"height: 24px;\">\n<td style=\"width: 52.1531%; height: 24px; text-align: center;\">Marque<\/td>\n<td style=\"width: 47.8469%; height: 24px; text-align: center;\">\u00a0Jaunce<\/td>\n<\/tr>\n<tr style=\"height: 24px;\">\n<td style=\"width: 52.1531%; height: 24px; text-align: center;\">Capacit\u00e9<\/td>\n<td style=\"width: 47.8469%; height: 24px; text-align: center;\">6 ml<\/td>\n<\/tr>\n<tr style=\"height: 24px;\">\n<td style=\"width: 52.1531%; height: 24px; text-align: center;\">Forme<\/td>\n<td style=\"width: 47.8469%; height: 24px; text-align: center;\">Carr\u00e9<\/td>\n<\/tr>\n<tr style=\"height: 24px;\">\n<td style=\"width: 52.1531%; height: 24px; text-align: center;\">Taille<\/td>\n<td style=\"width: 47.8469%; height: 24px; text-align: center;\">20.5*90.5mm<\/td>\n<\/tr>\n<tr style=\"height: 24px;\">\n<td style=\"width: 52.1531%; height: 24px; text-align: center;\">Poids<\/td>\n<td style=\"width: 47.8469%; height: 24px; text-align: center;\">22.8g<\/td>\n<\/tr>\n<tr style=\"height: 24px;\">\n<td style=\"width: 52.1531%; height: 24px; text-align: center;\">Convenable<\/td>\n<td style=\"width: 47.8469%; height: 24px; text-align: center;\">\u00a0Capuchon<\/td>\n<\/tr>\n<tr style=\"height: 24px;\">\n<td style=\"width: 52.1531%; height: 24px; text-align: center;\">Mod\u00e8le<\/td>\n<td style=\"width: 47.8469%; height: 24px; text-align: center;\">JH-JZ-6621 #<\/td>\n<\/tr>\n<tr style=\"height: 24px;\">\n<td style=\"width: 52.1531%; height: 24px; text-align: center;\">OEM \/ ODM<\/td>\n<td style=\"width: 47.8469%; height: 24px; text-align: center;\">Accepter<\/td>\n<\/tr>\n<tr style=\"height: 24px;\">\n<td style=\"width: 52.1531%; height: 24px; text-align: center;\">Couleur<\/td>\n<td style=\"width: 47.8469%; height: 24px; text-align: center;\">Personnalis\u00e9<\/td>\n<\/tr>\n<tr style=\"height: 24px;\">\n<td style=\"width: 52.1531%; height: 24px; text-align: center;\">MOQ<\/td>\n<td style=\"width: 47.8469%; height: 24px; text-align: center;\">10000pcs<\/td>\n<\/tr>\n<\/tbody>\n<\/table>\n<p>&nbsp;<\/p>\n<p><img fetchpriority=\"high\" decoding=\"async\" class=\"size-full wp-image-1478 aligncenter\" src=\"https:\/\/www.cosmepak.com\/wp-content\/uploads\/2025\/03\/\u5fae\u4fe1\u56fe\u7247_20250327155108.jpg\" alt=\"\" width=\"1000\" height=\"1000\" srcset=\"https:\/\/www.cosmepak.com\/wp-content\/uploads\/2025\/03\/\u5fae\u4fe1\u56fe\u7247_20250327155108.jpg 1000w, https:\/\/www.cosmepak.com\/wp-content\/uploads\/2025\/03\/\u5fae\u4fe1\u56fe\u7247_20250327155108-300x300.jpg 300w, https:\/\/www.cosmepak.com\/wp-content\/uploads\/2025\/03\/\u5fae\u4fe1\u56fe\u7247_20250327155108-150x150.jpg 150w, https:\/\/www.cosmepak.com\/wp-content\/uploads\/2025\/03\/\u5fae\u4fe1\u56fe\u7247_20250327155108-768x768.jpg 768w, https:\/\/www.cosmepak.com\/wp-content\/uploads\/2025\/03\/\u5fae\u4fe1\u56fe\u7247_20250327155108-600x600.jpg 600w, https:\/\/www.cosmepak.com\/wp-content\/uploads\/2025\/03\/\u5fae\u4fe1\u56fe\u7247_20250327155108-100x100.jpg 100w\" sizes=\"(max-width: 1000px) 100vw, 1000px\" \/><\/p>\n<div class=\"auto-hide-last-sibling-br paragraph-pP9ZLC paragraph-element br-paragraph-space\">This rectangular lip gloss tube is crafted with full-body injection molding and integrated color technology, available in transparent or opaque color finishes to meet diverse visual needs.The appearance can be divided into two types of processing options: glossy finish and matte finish.<\/div>\n<div><\/div>\n<div>Dimensions: Hauteur totale 90,5 mm, hauteur du corps du tube 37,5 mm, diam\u00e8tre 20,5 mm. Le dimensionnement ergonomique assure une adh\u00e9rence et une portabilit\u00e9 faciles, parfaits pour les retouches de beaut\u00e9 en d\u00e9placement. et peut \u00e9galement mettre dans un sac, facile \u00e0 utiliser.<\/div>\n<div><\/div>\n<div>Le cou \u00e0 vis est facile \u00e0 remplir, le tube fait de mat\u00e9riau ABS, l'ABS est une haute r\u00e9sistance, une bonne t\u00e9nacit\u00e9, une surface brillante, une excellente r\u00e9sistance chimique, \u00e9galement une utilisation recyclable. ce qui signifie respectueux de l'environnement et durable.<\/div>\n<div><\/div>\n<div>Sa silhouette \u00e9l\u00e9gante, simple et \u00e9l\u00e9gante poss\u00e8de une grande polyvalence, assortissant parfaitement un large \u00e9ventail de styles visuels de marque et de concepts de design de marque.<\/div>\n<div><\/div>\n<div>Fitted with a screw-on cap paired with a brush applicator (a staple for lip gloss application). The cap supports full customization: any Pantone color can be matched per your brand requirements, and electroplated finishes are also available to create a premium metallic texture\u2014elevating the product\u2019s tactile and visual quality, and exuding understated luxury. The cap we also can provide with inject color, spraying process.<\/div>\n<div><\/div>\n<div>Qu'est-ce que la nouvelle pompe sans air?<\/div>\n<div class=\"auto-hide-last-sibling-br paragraph-pP9ZLC paragraph-element br-paragraph-space\">Airless pumetrps sont un bi\u062c\u0631\u0627\u0645 w\u0628\u0648\u0633\u0629. Ils maintiennent l'air loin de votre produit. C'est id\u00e9al pour des choses comme des s\u00e9rums ou des cr\u00e8mes qui se g\u00e2chent rapidement. Cela les aide \u00e0 rester frais et propres. Des mat\u00e9riaux comme AS sont utilis\u00e9s pour les bouteilles de cosm\u00e9tiques sans air. Ils sont clairs et fonctionnent bien avec les cosm\u00e9tiques, comme une bo\u00eete transparente pour vos collations pr\u00e9f\u00e9r\u00e9es.<\/div>\n<div><\/div>\n<div>Quoi qu'il en soit, ce tube de lustre \u00e0 l\u00e8vres con\u00e7u pour une durabilit\u00e9 durable et une fonctionnalit\u00e9 pratique, ce tube de lustre \u00e0 l\u00e8vres est la solution d'emballage id\u00e9ale pour les marques de beaut\u00e9 cherchant \u00e0 combiner un design \u00e9l\u00e9gant minimaliste avec une personnalisation compl\u00e8te de la marque. Il \u00e9quilibre parfaitement l'usabilit\u00e9, l'esth\u00e9tique et la personnalisation de la marque, r\u00e9pondant aux diff\u00e9rents besoins d'emballage des marques de cosm\u00e9tiques dans les lignes de soins de la peau et de maquillage de couleur.<\/div>\n<div>\n<table style=\"border-collapse: collapse; width: 100%;\">\n<tbody>\n<tr>\n<td style=\"width: 33.3333%;\"><img decoding=\"async\" class=\"alignnone size-full wp-image-3161\" src=\"https:\/\/www.cosmepak.com\/wp-content\/uploads\/2025\/03\/O1CN01mPiP361HU7uig9g0m_3230470760-0-cib.jpg\" alt=\"\" width=\"1000\" height=\"1000\" srcset=\"https:\/\/www.cosmepak.com\/wp-content\/uploads\/2025\/03\/O1CN01mPiP361HU7uig9g0m_3230470760-0-cib.jpg 1000w, https:\/\/www.cosmepak.com\/wp-content\/uploads\/2025\/03\/O1CN01mPiP361HU7uig9g0m_3230470760-0-cib-300x300.jpg 300w, https:\/\/www.cosmepak.com\/wp-content\/uploads\/2025\/03\/O1CN01mPiP361HU7uig9g0m_3230470760-0-cib-150x150.jpg 150w, https:\/\/www.cosmepak.com\/wp-content\/uploads\/2025\/03\/O1CN01mPiP361HU7uig9g0m_3230470760-0-cib-768x768.jpg 768w, https:\/\/www.cosmepak.com\/wp-content\/uploads\/2025\/03\/O1CN01mPiP361HU7uig9g0m_3230470760-0-cib-12x12.jpg 12w, https:\/\/www.cosmepak.com\/wp-content\/uploads\/2025\/03\/O1CN01mPiP361HU7uig9g0m_3230470760-0-cib-600x600.jpg 600w, https:\/\/www.cosmepak.com\/wp-content\/uploads\/2025\/03\/O1CN01mPiP361HU7uig9g0m_3230470760-0-cib-100x100.jpg 100w\" sizes=\"(max-width: 1000px) 100vw, 1000px\" \/><\/td>\n<td style=\"width: 33.3333%;\"><img decoding=\"async\" class=\"alignnone size-full wp-image-3162\" src=\"https:\/\/www.cosmepak.com\/wp-content\/uploads\/2025\/03\/O1CN01QoOf501HU7urmSure_3230470760-0-cib.jpg\" alt=\"\" width=\"1000\" height=\"1000\" srcset=\"https:\/\/www.cosmepak.com\/wp-content\/uploads\/2025\/03\/O1CN01QoOf501HU7urmSure_3230470760-0-cib.jpg 1000w, https:\/\/www.cosmepak.com\/wp-content\/uploads\/2025\/03\/O1CN01QoOf501HU7urmSure_3230470760-0-cib-300x300.jpg 300w, https:\/\/www.cosmepak.com\/wp-content\/uploads\/2025\/03\/O1CN01QoOf501HU7urmSure_3230470760-0-cib-150x150.jpg 150w, https:\/\/www.cosmepak.com\/wp-content\/uploads\/2025\/03\/O1CN01QoOf501HU7urmSure_3230470760-0-cib-768x768.jpg 768w, https:\/\/www.cosmepak.com\/wp-content\/uploads\/2025\/03\/O1CN01QoOf501HU7urmSure_3230470760-0-cib-12x12.jpg 12w, https:\/\/www.cosmepak.com\/wp-content\/uploads\/2025\/03\/O1CN01QoOf501HU7urmSure_3230470760-0-cib-600x600.jpg 600w, https:\/\/www.cosmepak.com\/wp-content\/uploads\/2025\/03\/O1CN01QoOf501HU7urmSure_3230470760-0-cib-100x100.jpg 100w\" sizes=\"(max-width: 1000px) 100vw, 1000px\" \/><\/td>\n<td style=\"width: 33.3333%;\"><img loading=\"lazy\" decoding=\"async\" class=\"alignnone size-full wp-image-3163\" src=\"https:\/\/www.cosmepak.com\/wp-content\/uploads\/2025\/03\/O1CN01neDiaI1HU7uqn26i0_3230470760-0-cib-1.jpg\" alt=\"\" width=\"1000\" height=\"1000\" srcset=\"https:\/\/www.cosmepak.com\/wp-content\/uploads\/2025\/03\/O1CN01neDiaI1HU7uqn26i0_3230470760-0-cib-1.jpg 1000w, https:\/\/www.cosmepak.com\/wp-content\/uploads\/2025\/03\/O1CN01neDiaI1HU7uqn26i0_3230470760-0-cib-1-300x300.jpg 300w, https:\/\/www.cosmepak.com\/wp-content\/uploads\/2025\/03\/O1CN01neDiaI1HU7uqn26i0_3230470760-0-cib-1-150x150.jpg 150w, https:\/\/www.cosmepak.com\/wp-content\/uploads\/2025\/03\/O1CN01neDiaI1HU7uqn26i0_3230470760-0-cib-1-768x768.jpg 768w, https:\/\/www.cosmepak.com\/wp-content\/uploads\/2025\/03\/O1CN01neDiaI1HU7uqn26i0_3230470760-0-cib-1-12x12.jpg 12w, https:\/\/www.cosmepak.com\/wp-content\/uploads\/2025\/03\/O1CN01neDiaI1HU7uqn26i0_3230470760-0-cib-1-600x600.jpg 600w, https:\/\/www.cosmepak.com\/wp-content\/uploads\/2025\/03\/O1CN01neDiaI1HU7uqn26i0_3230470760-0-cib-1-100x100.jpg 100w\" sizes=\"(max-width: 1000px) 100vw, 1000px\" \/><\/td>\n<\/tr>\n<\/tbody>\n<\/table>\n<table style=\"border-collapse: collapse; width: 100%;\">\n<tbody>\n<tr>\n<td style=\"width: 50%;\"><img loading=\"lazy\" decoding=\"async\" class=\"alignnone size-full wp-image-3166\" src=\"https:\/\/www.cosmepak.com\/wp-content\/uploads\/2025\/03\/\u8be6\u60c5-7.jpg\" alt=\"\" width=\"1200\" height=\"1200\" srcset=\"https:\/\/www.cosmepak.com\/wp-content\/uploads\/2025\/03\/\u8be6\u60c5-7.jpg 1200w, https:\/\/www.cosmepak.com\/wp-content\/uploads\/2025\/03\/\u8be6\u60c5-7-300x300.jpg 300w, https:\/\/www.cosmepak.com\/wp-content\/uploads\/2025\/03\/\u8be6\u60c5-7-1024x1024.jpg 1024w, https:\/\/www.cosmepak.com\/wp-content\/uploads\/2025\/03\/\u8be6\u60c5-7-150x150.jpg 150w, https:\/\/www.cosmepak.com\/wp-content\/uploads\/2025\/03\/\u8be6\u60c5-7-768x768.jpg 768w, https:\/\/www.cosmepak.com\/wp-content\/uploads\/2025\/03\/\u8be6\u60c5-7-12x12.jpg 12w, https:\/\/www.cosmepak.com\/wp-content\/uploads\/2025\/03\/\u8be6\u60c5-7-600x600.jpg 600w, https:\/\/www.cosmepak.com\/wp-content\/uploads\/2025\/03\/\u8be6\u60c5-7-100x100.jpg 100w\" sizes=\"(max-width: 1200px) 100vw, 1200px\" \/><\/td>\n<td style=\"width: 50%;\"><img loading=\"lazy\" decoding=\"async\" class=\"alignnone size-full wp-image-3165\" src=\"https:\/\/www.cosmepak.com\/wp-content\/uploads\/2025\/03\/O1CN01MymVxm1HU80VL7GQX_3230470760-0-cib-1.jpg\" alt=\"\" width=\"1000\" height=\"1000\" srcset=\"https:\/\/www.cosmepak.com\/wp-content\/uploads\/2025\/03\/O1CN01MymVxm1HU80VL7GQX_3230470760-0-cib-1.jpg 1000w, https:\/\/www.cosmepak.com\/wp-content\/uploads\/2025\/03\/O1CN01MymVxm1HU80VL7GQX_3230470760-0-cib-1-300x300.jpg 300w, https:\/\/www.cosmepak.com\/wp-content\/uploads\/2025\/03\/O1CN01MymVxm1HU80VL7GQX_3230470760-0-cib-1-150x150.jpg 150w, https:\/\/www.cosmepak.com\/wp-content\/uploads\/2025\/03\/O1CN01MymVxm1HU80VL7GQX_3230470760-0-cib-1-768x768.jpg 768w, https:\/\/www.cosmepak.com\/wp-content\/uploads\/2025\/03\/O1CN01MymVxm1HU80VL7GQX_3230470760-0-cib-1-12x12.jpg 12w, https:\/\/www.cosmepak.com\/wp-content\/uploads\/2025\/03\/O1CN01MymVxm1HU80VL7GQX_3230470760-0-cib-1-600x600.jpg 600w, https:\/\/www.cosmepak.com\/wp-content\/uploads\/2025\/03\/O1CN01MymVxm1HU80VL7GQX_3230470760-0-cib-1-100x100.jpg 100w\" sizes=\"(max-width: 1000px) 100vw, 1000px\" \/><\/td>\n<\/tr>\n<\/tbody>\n<\/table>\n<table style=\"border-collapse: collapse; width: 100%;\">\n<tbody>\n<tr>\n<td style=\"width: 100%;\"><img loading=\"lazy\" decoding=\"async\" class=\"alignnone wp-image-3167\" src=\"https:\/\/www.cosmepak.com\/wp-content\/uploads\/2025\/03\/\u8be6\u60c5-13.jpg\" alt=\"\" width=\"1348\" height=\"1348\" srcset=\"https:\/\/www.cosmepak.com\/wp-content\/uploads\/2025\/03\/\u8be6\u60c5-13.jpg 1000w, https:\/\/www.cosmepak.com\/wp-content\/uploads\/2025\/03\/\u8be6\u60c5-13-300x300.jpg 300w, https:\/\/www.cosmepak.com\/wp-content\/uploads\/2025\/03\/\u8be6\u60c5-13-150x150.jpg 150w, https:\/\/www.cosmepak.com\/wp-content\/uploads\/2025\/03\/\u8be6\u60c5-13-768x768.jpg 768w, https:\/\/www.cosmepak.com\/wp-content\/uploads\/2025\/03\/\u8be6\u60c5-13-12x12.jpg 12w, https:\/\/www.cosmepak.com\/wp-content\/uploads\/2025\/03\/\u8be6\u60c5-13-600x600.jpg 600w, https:\/\/www.cosmepak.com\/wp-content\/uploads\/2025\/03\/\u8be6\u60c5-13-100x100.jpg 100w\" sizes=\"(max-width: 1348px) 100vw, 1348px\" \/><\/td>\n<\/tr>\n<\/tbody>\n<\/table>\n<\/div>","protected":false},"excerpt":{"rendered":"<p>Mat\u00e9riel : ABS\/AS<\/p>\n<p>Capacit\u00e9: 6 ml<\/p>\n<p>Size: 90.5*20.5mm<\/p>\n<p>Couleur: accepter personnalis\u00e9 (toute couleur Pantone disponible)<\/p>\n<p>Finition de surface: impression d'\u00e9cran, estampage chaud, finition mate, etc.<\/p>\n<p>MOQ: 10000pcs<\/p>\n<p>\u00c9chantillon: \u00e9chantillons gratuits disponibles<\/p>\n<p>&nbsp;<\/p>\n<p>&nbsp;<\/p>","protected":false},"featured_media":1477,"comment_status":"closed","ping_status":"closed","template":"","meta":{"_acf_changed":false},"product_brand":[],"product_cat":[54,36],"product_tag":[39],"class_list":{"0":"post-1474","1":"product","2":"type-product","3":"status-publish","4":"has-post-thumbnail","6":"product_cat-lip-gloss-tube","7":"product_cat-makeup","8":"product_tag-makeup","10":"first","11":"outofstock","12":"shipping-taxable","13":"product-type-simple"},"acf":[],"_links":{"self":[{"href":"https:\/\/www.cosmepak.com\/fr\/wp-json\/wp\/v2\/product\/1474","targetHints":{"allow":["GET"]}}],"collection":[{"href":"https:\/\/www.cosmepak.com\/fr\/wp-json\/wp\/v2\/product"}],"about":[{"href":"https:\/\/www.cosmepak.com\/fr\/wp-json\/wp\/v2\/types\/product"}],"replies":[{"embeddable":true,"href":"https:\/\/www.cosmepak.com\/fr\/wp-json\/wp\/v2\/comments?post=1474"}],"wp:featuredmedia":[{"embeddable":true,"href":"https:\/\/www.cosmepak.com\/fr\/wp-json\/wp\/v2\/media\/1477"}],"wp:attachment":[{"href":"https:\/\/www.cosmepak.com\/fr\/wp-json\/wp\/v2\/media?parent=1474"}],"wp:term":[{"taxonomy":"product_brand","embeddable":true,"href":"https:\/\/www.cosmepak.com\/fr\/wp-json\/wp\/v2\/product_brand?post=1474"},{"taxonomy":"product_cat","embeddable":true,"href":"https:\/\/www.cosmepak.com\/fr\/wp-json\/wp\/v2\/product_cat?post=1474"},{"taxonomy":"product_tag","embeddable":true,"href":"https:\/\/www.cosmepak.com\/fr\/wp-json\/wp\/v2\/product_tag?post=1474"}],"curies":[{"name":"WP","href":"https:\/\/api.w.org\/{rel}","templated":true}]}}