{"id":1476,"date":"2025-03-27T15:59:57","date_gmt":"2025-03-27T07:59:57","guid":{"rendered":"https:\/\/www.cosmepak.com\/?post_type=product&#038;p=1476"},"modified":"2026-01-30T16:19:39","modified_gmt":"2026-01-30T08:19:39","slug":"bouteille-de-parfum-15ml-petite-capsity-bouteille-de-parfum-jaune","status":"publish","type":"product","link":"https:\/\/www.cosmepak.com\/fr\/product\/perfume-bottle-15ml-small-capcity-perfume-bottle-jaunce\/","title":{"rendered":"Bouteille de parfum -15 ml de petite bouteille de parfum de small capcity \/ jaunce"},"content":{"rendered":"<table style=\"border-collapse: collapse; width: 100%; height: 216px;\">\n<tbody>\n<tr style=\"height: 24px;\">\n<td style=\"width: 44.5017%; height: 24px; text-align: center;\">Capacit\u00e9<\/td>\n<td style=\"width: 55.4983%; height: 24px; text-align: center;\">\u00a015 ml<\/td>\n<\/tr>\n<tr style=\"height: 24px;\">\n<td style=\"width: 44.5017%; height: 24px; text-align: center;\">Mod\u00e8le<\/td>\n<td style=\"width: 55.4983%; height: 24px; text-align: center;\">JH-15<\/td>\n<\/tr>\n<tr style=\"height: 24px;\">\n<td style=\"width: 44.5017%; height: 24px; text-align: center;\">Mat\u00e9riau de bouteille<\/td>\n<td style=\"width: 55.4983%; height: 24px; text-align: center;\">Verre<\/td>\n<\/tr>\n<tr style=\"height: 24px;\">\n<td style=\"width: 44.5017%; height: 24px; text-align: center;\">Capuchon<\/td>\n<td style=\"width: 55.4983%; height: 24px; text-align: center;\">Couleur or\/noir\/argent<\/td>\n<\/tr>\n<tr style=\"height: 24px;\">\n<td style=\"width: 44.5017%; height: 24px; text-align: center;\">Taille<\/td>\n<td style=\"width: 55.4983%; height: 24px; text-align: center;\">23 * 126 mm<\/td>\n<\/tr>\n<tr style=\"height: 24px;\">\n<td style=\"width: 44.5017%; height: 24px; text-align: center;\">Poids<\/td>\n<td style=\"width: 55.4983%; height: 24px; text-align: center;\">60g<\/td>\n<\/tr>\n<tr style=\"height: 24px;\">\n<td style=\"width: 44.5017%; height: 24px; text-align: center;\">Personnalisation<\/td>\n<td style=\"width: 55.4983%; height: 24px; text-align: center;\">Accepter<\/td>\n<\/tr>\n<tr style=\"height: 24px;\">\n<td style=\"width: 44.5017%; height: 24px; text-align: center;\">Couleur<\/td>\n<td style=\"width: 55.4983%; height: 24px; text-align: center;\">Personnalis\u00e9<\/td>\n<\/tr>\n<tr style=\"height: 24px;\">\n<td style=\"width: 44.5017%; height: 24px; text-align: center;\">OEM \/ ODM<\/td>\n<td style=\"width: 55.4983%; height: 24px; text-align: center;\">Accepter<\/td>\n<\/tr>\n<\/tbody>\n<\/table>\n<p>\u00c0 une \u00e9poque o\u00f9 le minimalisme rencontre le luxe intentionnel, ces flacons de parfum portables t\u00e9moignent d'un design r\u00e9fl\u00e9chi et d'un raffinement quotidien.<\/p>\n<p>Il s'agit d'une petite bouteille de parfum mince de 15ml, d'un diam\u00e8tre de 23mm et d'une hauteur de 126mm. Il peut \u00eatre plac\u00e9 dans n'importe quel sac et est pratique \u00e0 transporter. Cette bouteille est disponible en deux styles: cylindrique et rectangulaire. La conception du fond \u00e9paissi rend la bouteille plus textur\u00e9e. L'ouverture filet\u00e9e de la bouteille est pratique pour le remplissage et peut \u00eatre r\u00e9utilis\u00e9e.<\/p>\n<p>Le corps de bouteille en verre transparent vous permet de voir clairement l'\u00e9tat d'utilisation. Le spray filet\u00e9 a des options de couleur de moulage par injection et de rev\u00eatement \u00e9lectro-aluminium. En combinaison avec une couverture ext\u00e9rieure de la m\u00eame couleur, l'apparence globale est harmonieuse et coordonn\u00e9e.<\/p>\n<p>Les bouchons de bouteilles en bois naturels sont disponibles en couleur ch\u00eane claire chaude et couleur noix riche pour vous choisir. Chaque couleur a son propre motif de texture unique, ajoutant une touche de beaut\u00e9 naturelle. La petite bouteille recouverte de m\u00e9tal offre une exp\u00e9rience luxueuse minimaliste et moderne. Son corps en verre courb\u00e9 et lisse se sent extr\u00eamement l\u00e9ger dans la main, tandis que les bouchons en m\u00e9tal de haute qualit\u00e9 &#8211; noir mat, argent poli et or chaud &#8211; ajouter un poids satisfaisant, soulignant la haute qualit\u00e9 du produit.<\/p>\n<p class=\"ai-center-markdown-p\">Pourquoi choisir notre bouteille de parfum ?<\/p>\n<p>1.Leak-proof, \u00e9tanch\u00e9it\u00e9 pour le voyage sans d\u00e9sordre<\/p>\n<p>2.Reusable &amp; rechargeable pour r\u00e9duire les d\u00e9chets<\/p>\n<p>3.Double options de conception pour correspondre \u00e0 votre style personnel<\/p>\n<p>Taille 4.Compact 10ml - approuv\u00e9e pour les bagages \u00e0 main<\/p>\n<p>Nous soutenons \u00e9galement des solutions d'emballage cosm\u00e9tique \u00e0 guichet unique. pour les bouteilles que nous pouvons fournir avec coutume de couleur (nous pouvons produire selon toutes les couleurs pantone), s\u00e9rigraphie selon votre dessin art-desgin ou service d'\u00e9tiquetage. si aussi peut vous aider \u00e0 fournir la bo\u00eete de paquet etc. toutes les exigences s'il vous pla\u00eet nous envoyer un courriel, nous pouvons donner une r\u00e9f\u00e9rence pour vous.<\/p>\n<p>\u00c9levez votre routine de parfum avec notre collection de flacons de parfum portables, o\u00f9 le design minimaliste rencontre le luxe quotidien, parfait pour transporter votre parfum pr\u00e9f\u00e9r\u00e9 de la salle de r\u00e9union au brunch.<\/p>\n<p>&nbsp;<\/p>\n<p><img fetchpriority=\"high\" decoding=\"async\" class=\"alignnone wp-image-1483\" src=\"https:\/\/www.cosmepak.com\/wp-content\/uploads\/2025\/03\/O1CN01bOJLYM25jRr6vrORN_2778787562-0-cib.jpg\" alt=\"\" width=\"1378\" height=\"1378\" srcset=\"https:\/\/www.cosmepak.com\/wp-content\/uploads\/2025\/03\/O1CN01bOJLYM25jRr6vrORN_2778787562-0-cib.jpg 1000w, https:\/\/www.cosmepak.com\/wp-content\/uploads\/2025\/03\/O1CN01bOJLYM25jRr6vrORN_2778787562-0-cib-300x300.jpg 300w, https:\/\/www.cosmepak.com\/wp-content\/uploads\/2025\/03\/O1CN01bOJLYM25jRr6vrORN_2778787562-0-cib-150x150.jpg 150w, https:\/\/www.cosmepak.com\/wp-content\/uploads\/2025\/03\/O1CN01bOJLYM25jRr6vrORN_2778787562-0-cib-768x768.jpg 768w, https:\/\/www.cosmepak.com\/wp-content\/uploads\/2025\/03\/O1CN01bOJLYM25jRr6vrORN_2778787562-0-cib-600x600.jpg 600w, https:\/\/www.cosmepak.com\/wp-content\/uploads\/2025\/03\/O1CN01bOJLYM25jRr6vrORN_2778787562-0-cib-100x100.jpg 100w\" sizes=\"(max-width: 1378px) 100vw, 1378px\" \/><\/p>\n<table style=\"border-collapse: collapse; width: 100%;\">\n<tbody>\n<tr>\n<td style=\"width: 33.3333%;\"><img decoding=\"async\" class=\"alignnone size-full wp-image-3954\" src=\"https:\/\/www.cosmepak.com\/wp-content\/uploads\/2025\/03\/31-1.jpg\" alt=\"\" width=\"1000\" height=\"1000\" srcset=\"https:\/\/www.cosmepak.com\/wp-content\/uploads\/2025\/03\/31-1.jpg 1000w, https:\/\/www.cosmepak.com\/wp-content\/uploads\/2025\/03\/31-1-300x300.jpg 300w, https:\/\/www.cosmepak.com\/wp-content\/uploads\/2025\/03\/31-1-150x150.jpg 150w, https:\/\/www.cosmepak.com\/wp-content\/uploads\/2025\/03\/31-1-768x768.jpg 768w, https:\/\/www.cosmepak.com\/wp-content\/uploads\/2025\/03\/31-1-12x12.jpg 12w, https:\/\/www.cosmepak.com\/wp-content\/uploads\/2025\/03\/31-1-600x600.jpg 600w, https:\/\/www.cosmepak.com\/wp-content\/uploads\/2025\/03\/31-1-100x100.jpg 100w\" sizes=\"(max-width: 1000px) 100vw, 1000px\" \/><\/td>\n<td style=\"width: 33.3333%;\"><img decoding=\"async\" class=\"alignnone size-full wp-image-3953\" src=\"https:\/\/www.cosmepak.com\/wp-content\/uploads\/2025\/03\/21-1.jpg\" alt=\"\" width=\"1000\" height=\"1000\" srcset=\"https:\/\/www.cosmepak.com\/wp-content\/uploads\/2025\/03\/21-1.jpg 1000w, https:\/\/www.cosmepak.com\/wp-content\/uploads\/2025\/03\/21-1-300x300.jpg 300w, https:\/\/www.cosmepak.com\/wp-content\/uploads\/2025\/03\/21-1-150x150.jpg 150w, https:\/\/www.cosmepak.com\/wp-content\/uploads\/2025\/03\/21-1-768x768.jpg 768w, https:\/\/www.cosmepak.com\/wp-content\/uploads\/2025\/03\/21-1-12x12.jpg 12w, https:\/\/www.cosmepak.com\/wp-content\/uploads\/2025\/03\/21-1-600x600.jpg 600w, https:\/\/www.cosmepak.com\/wp-content\/uploads\/2025\/03\/21-1-100x100.jpg 100w\" sizes=\"(max-width: 1000px) 100vw, 1000px\" \/><\/td>\n<td style=\"width: 33.3333%;\"><img loading=\"lazy\" decoding=\"async\" class=\"alignnone size-full wp-image-3955\" src=\"https:\/\/www.cosmepak.com\/wp-content\/uploads\/2025\/03\/41-1.jpg\" alt=\"\" width=\"1000\" height=\"1000\" srcset=\"https:\/\/www.cosmepak.com\/wp-content\/uploads\/2025\/03\/41-1.jpg 1000w, https:\/\/www.cosmepak.com\/wp-content\/uploads\/2025\/03\/41-1-300x300.jpg 300w, https:\/\/www.cosmepak.com\/wp-content\/uploads\/2025\/03\/41-1-150x150.jpg 150w, https:\/\/www.cosmepak.com\/wp-content\/uploads\/2025\/03\/41-1-768x768.jpg 768w, https:\/\/www.cosmepak.com\/wp-content\/uploads\/2025\/03\/41-1-12x12.jpg 12w, https:\/\/www.cosmepak.com\/wp-content\/uploads\/2025\/03\/41-1-600x600.jpg 600w, https:\/\/www.cosmepak.com\/wp-content\/uploads\/2025\/03\/41-1-100x100.jpg 100w\" sizes=\"(max-width: 1000px) 100vw, 1000px\" \/><\/td>\n<\/tr>\n<\/tbody>\n<\/table>\n<p class=\"ai-center-markdown-p\">Pour plus d'informations ou pour acheter, veuillez visiter notre site Web ou contacter notre \u00e9quipe de service \u00e0 la client\u00e8le.<\/p>\n<p>&nbsp;<\/p>\n<p class=\"ai-center-markdown-p\">","protected":false},"excerpt":{"rendered":"<p>Mat\u00e9riau en bouteille: verre<\/p>\n<p>Capcity: 15 ml<\/p>\n<p>Taille: longueur: OD: 23,1 mm;<\/p>\n<p>Poids unique: 60g<\/p>\n<p>Couleur: personnalis\u00e9e<\/p>\n<p>Finition de surface: impression d'\u00e9cran, gla\u00e7age, estampage chaud, gradient de pulv\u00e9risation, finition mate, etc.<\/p>\n<p>MOQ: 5000pcs;<\/p>\n<p>&nbsp;<\/p>","protected":false},"featured_media":1482,"comment_status":"closed","ping_status":"closed","template":"","meta":{"_acf_changed":false},"product_brand":[],"product_cat":[17],"product_tag":[],"class_list":{"0":"post-1476","1":"product","2":"type-product","3":"status-publish","4":"has-post-thumbnail","6":"product_cat-perfume-bottle","8":"first","9":"outofstock","10":"shipping-taxable","11":"product-type-simple"},"acf":[],"_links":{"self":[{"href":"https:\/\/www.cosmepak.com\/fr\/wp-json\/wp\/v2\/product\/1476","targetHints":{"allow":["GET"]}}],"collection":[{"href":"https:\/\/www.cosmepak.com\/fr\/wp-json\/wp\/v2\/product"}],"about":[{"href":"https:\/\/www.cosmepak.com\/fr\/wp-json\/wp\/v2\/types\/product"}],"replies":[{"embeddable":true,"href":"https:\/\/www.cosmepak.com\/fr\/wp-json\/wp\/v2\/comments?post=1476"}],"wp:featuredmedia":[{"embeddable":true,"href":"https:\/\/www.cosmepak.com\/fr\/wp-json\/wp\/v2\/media\/1482"}],"wp:attachment":[{"href":"https:\/\/www.cosmepak.com\/fr\/wp-json\/wp\/v2\/media?parent=1476"}],"wp:term":[{"taxonomy":"product_brand","embeddable":true,"href":"https:\/\/www.cosmepak.com\/fr\/wp-json\/wp\/v2\/product_brand?post=1476"},{"taxonomy":"product_cat","embeddable":true,"href":"https:\/\/www.cosmepak.com\/fr\/wp-json\/wp\/v2\/product_cat?post=1476"},{"taxonomy":"product_tag","embeddable":true,"href":"https:\/\/www.cosmepak.com\/fr\/wp-json\/wp\/v2\/product_tag?post=1476"}],"curies":[{"name":"WP","href":"https:\/\/api.w.org\/{rel}","templated":true}]}}