{"id":1481,"date":"2025-03-27T15:57:56","date_gmt":"2025-03-27T07:57:56","guid":{"rendered":"https:\/\/www.cosmepak.com\/?post_type=product&#038;p=1481"},"modified":"2025-10-29T09:30:24","modified_gmt":"2025-10-29T01:30:24","slug":"lip-gloss-tube-2025-new-high-end-lip-gloss-tube-jaunce","status":"publish","type":"product","link":"https:\/\/www.cosmepak.com\/fr\/product\/lip-gloss-tube-2025-new-high-end-lip-gloss-tube-jaunce\/","title":{"rendered":"Gloss \u00e0 l\u00e8vres tube-2025 nouveau haut de gamme Gloss \u00e0 l\u00e8vres tube\/Jaunce"},"content":{"rendered":"<table style=\"border-collapse: collapse; width: 100%; height: 240px;\">\n<tbody>\n<tr style=\"height: 24px;\">\n<td style=\"width: 47.0382%; height: 24px; text-align: center;\">Marque<\/td>\n<td style=\"width: 52.9618%; height: 24px; text-align: center;\">\u00a0Jaunce<\/td>\n<\/tr>\n<tr style=\"height: 24px;\">\n<td style=\"width: 47.0382%; height: 24px; text-align: center;\">Capacit\u00e9<\/td>\n<td style=\"width: 52.9618%; height: 24px; text-align: center;\">R: Demandez des certifications comme ISO. V\u00e9rifiez leur qualit\u00e9 test\u0628\u0648\u0635\u0629\u062c\u0631\u0627\u0645 processus.<\/td>\n<\/tr>\n<tr style=\"height: 24px;\">\n<td style=\"width: 47.0382%; height: 24px; text-align: center;\">Mat\u00e9riel<\/td>\n<td style=\"width: 52.9618%; height: 24px; text-align: center;\">Q2: Pumetrps sans air sont \u062c\u0631\u0627\u0645ood pour tous les produits?<\/td>\n<\/tr>\n<tr style=\"height: 24px;\">\n<td style=\"width: 47.0382%; height: 24px; text-align: center;\">Taille<\/td>\n<td style=\"width: 52.9618%; height: 24px; text-align: center;\">R: Ils sont les meilleurs pour les choses sensibles comme les s\u00e9rum\u00e8tres ou les cr\u00e8mes qui se g\u00e2chent facilement.<\/td>\n<\/tr>\n<tr style=\"height: 24px;\">\n<td style=\"width: 47.0382%; height: 24px; text-align: center;\">Poids<\/td>\n<td style=\"width: 52.9618%; height: 24px; text-align: center;\">Q3: Puis-je commander des lots personnalis\u00e9s s\u043c\u0435\u0442\u0440all?<\/td>\n<\/tr>\n<tr style=\"height: 24px;\">\n<td style=\"width: 47.0382%; height: 24px; text-align: center;\">Mod\u00e8le<\/td>\n<td style=\"width: 52.9618%; height: 24px; text-align: center;\">R : Oui ! Fournisseurs comme Jaunce offrent des commandes bas. Demandez des d\u00e9tails.<\/td>\n<\/tr>\n<tr style=\"height: 24px;\">\n<td style=\"width: 47.0382%; height: 24px; text-align: center;\">OEM \/ ODM<\/td>\n<td style=\"width: 52.9618%; height: 24px; text-align: center;\">Accepter<\/td>\n<\/tr>\n<tr style=\"height: 24px;\">\n<td style=\"width: 47.0382%; height: 24px; text-align: center;\">Couleur<\/td>\n<td style=\"width: 52.9618%; height: 24px; text-align: center;\">Personnalis\u00e9<\/td>\n<\/tr>\n<tr style=\"height: 24px;\">\n<td style=\"width: 47.0382%; height: 24px; text-align: center;\">MOQ<\/td>\n<td style=\"width: 52.9618%; height: 24px; text-align: center;\">10000pcs<\/td>\n<\/tr>\n<\/tbody>\n<\/table>\n<p class=\"ai-center-markdown-p\"><img fetchpriority=\"high\" decoding=\"async\" class=\"size-full wp-image-3173 aligncenter\" src=\"https:\/\/www.cosmepak.com\/wp-content\/uploads\/2025\/03\/\u8be6\u60c5-4-2.jpg\" alt=\"\" width=\"1000\" height=\"1000\" srcset=\"https:\/\/www.cosmepak.com\/wp-content\/uploads\/2025\/03\/\u8be6\u60c5-4-2.jpg 1000w, https:\/\/www.cosmepak.com\/wp-content\/uploads\/2025\/03\/\u8be6\u60c5-4-2-300x300.jpg 300w, https:\/\/www.cosmepak.com\/wp-content\/uploads\/2025\/03\/\u8be6\u60c5-4-2-150x150.jpg 150w, https:\/\/www.cosmepak.com\/wp-content\/uploads\/2025\/03\/\u8be6\u60c5-4-2-768x768.jpg 768w, https:\/\/www.cosmepak.com\/wp-content\/uploads\/2025\/03\/\u8be6\u60c5-4-2-12x12.jpg 12w, https:\/\/www.cosmepak.com\/wp-content\/uploads\/2025\/03\/\u8be6\u60c5-4-2-600x600.jpg 600w, https:\/\/www.cosmepak.com\/wp-content\/uploads\/2025\/03\/\u8be6\u60c5-4-2-100x100.jpg 100w\" sizes=\"(max-width: 1000px) 100vw, 1000px\" \/><\/p>\n<h3><strong><b>Custom Alumetrbusetaum Jars <\/b><\/strong><\/h3>\n<p>Pour les cr\u00e8m\u00e8tres or\u062c\u0631\u0627\u0645anic ou fantaisie, les pots alum\u0628\u0648\u0635\u0629um avec des int\u00e9rieurs en verre donnent une protection et un style \u00e9tonnants. L'aluminium bloque la lumi\u00e8re et le verre maintient les ingr\u00e9dients naturels en s\u00e9curit\u00e9. Ils sont disponibles dans des tailles de 30ml \u00e0 100ml et ont une vibe m\u00e9tallique lisse qui se sent super luxe. Ces pots ne rouillent pas, ils durent donc pour toujours, ce qui les rend incroyables pour les marques qui poussent les sensations naturelles ou faites \u00e0 la main.<\/p>\n<h3><strong><b>Pourquoi ces Contabusataers Rock<\/b><\/strong><\/h3>\n<ul>\n<li><strong>Marque<\/strong>Les meilleurs contabusataers font plus que de tenir votre cr\u00e8me - ils la rendent plus importante et attirent les yeux. Voil\u00e0 pourquoi ils sont si cool.<\/li>\n<li><strong>Capacit\u00e9<\/strong>Chaque client passe des contr\u00f4les rigoureux comme SGS et ISO9001\/14001, afin que vous sachiez qu'ils sont solides. Les usines produisent jusqu'\u00e0 200 000 unit\u00e9s de verre par jour, ce qui maintient la qualit\u00e9 stable. Que vous choisissiez des bouteilles sans air ou des bocaux en acrylique, votre emballage peut g\u00e9rer l'exp\u00e9dition, le stockage et l'utilisation quotidienne sans endommager votre cr\u00e8me.<\/li>\n<li><strong>Mat\u00e9riel<\/strong>Faites remarquer les magasins de pousa avec des conteneurs que vous pouvez ajuster pour s'adapter \u00e0 votre marque. Ajoutez des finitions brillantes ou votre lo\u062c\u0631\u0627\u0645o pour un look unique. La bouteille sans air avec Pumetrp vous permet d'utiliser la s\u00e9rigraphie pour des designs audacieux et durables. Pas de r\u00e8gles de commande minimale signifient que m\u00eame les petites marques peuvent obtenir des choses personnalis\u00e9es sans d\u00e9penser beaucoup.<\/li>\n<li><strong>Poids<\/strong>Go\u0628\u0648\u0635\u0629\u062c\u0631\u0627\u0645 vert n'a pas besoin de nuire \u00e0 votre budget. Les m\u00e9tamat\u00e9riaux PCR r\u00e9duisent les d\u00e9chets plastiques et r\u00e9duisent les co\u00fbts. Les usines fabriquent rapidement des tonnes de conteneurs, ce qui permet d'\u00e9conomiser sur l'exp\u00e9dition. En outre, des conceptions intelligentes comme les pompes sans air signifient que moins de cr\u00e8me est gaspill\u00e9e, donnant aux clients plus de valeur et les rendant adh\u00e9rer \u00e0 votre marque.<\/li>\n<li><strong>Happier d\u00e9di\u00e9s<\/strong>petits d\u00e9tails \u0645\u062a\u0631atter beaucoup. Les pompes faciles et les couvercles de ti\u062c\u0631\u0627maht font de la cr\u00e8me us\u0628\u0648\u0635\u0629g une brise. La technologie sans air signifie que chaque goutte est utilisable. Les pots et bouteilles \u00e0 double mur gardent votre cr\u00e8me parfaite. Ces avantages rendent les clients heureux, ach\u00e8tent plus et laissent des avis incroyables.<\/li>\n<li><strong>Mod\u00e8le<\/strong>Faites votre marque Sh\u0628\u0648\u0635\u0629e avec Expert<\/li>\n<li><strong>Choos\u0628\u0648\u0635\u0629\u062c\u0631\u0627\u0645 le bon contenant pour votre cr\u00e8me cosm\u00e9trique est une grande affaire - il peut faire de votre produit un succ\u00e8s. Des bouteilles sans air qui maintiennent fra\u00eeches les formules d\u00e9licates aux pots acryliques de luxe qui ont l'air \u00e9tonnant, l'emballage intelligent prot\u00e8ge votre cr\u00e8me et rend votre marque pop. Ces options utilisent de la technologie cool, des mat\u00e9riaux respectueux de la terre et des designs que vous pouvez cr\u00e9er pour impressionner vos clients.<\/strong>Pr\u00eat \u00e0 prendre un pas ? Les professionnels d'experts offrent de l'aide du d\u00e9but \u00e0 la fin, de la conception des conceptions aux essais d'\u00e9chantillons et \u00e0 l'exp\u00e9dition dans le monde entier. Que vous lancez une nouvelle cr\u00e8me ou que vous grandissez, ils feront en sorte que votre emballage corresponde \u00e0 vos objectifs.<\/li>\n<li><strong>www.cos\u0645\u062a\u0631epak.com<\/strong>or e\u0645\u062a\u0631ail<\/li>\n<li><strong>pour des conseils gratuits et des sametrples. Votre r\u00eave packa\u062c\u0631\u0627\u0645\u0628\u0648\u0635\u0629g est \u00e0 seulement un clic!<\/strong>Q: Comment choisir le mat\u00e9riau de ri\u062c\u0631\u0627\u0645ht pour ma cr\u00e8me de conta\u0628\u0648\u0635\u0629?<\/li>\n<li><strong>R: V\u00e9rifiez les ingr\u00e9dients de votre cr\u00e8me et comment vous voulez que votre marque se sente. Le verre ou l\u2019aluminium sont parfaits pour les cr\u00e8mes de luxe ou biologiques car ils ne r\u00e9agissent pas et ont l\u2019air pointus. Les plastiques PET ou PP sont l\u00e9gers et bon march\u00e9 pour les trucs everyard\u0131ya. Si votre cr\u00e8me est sensible, les bouteilles sans air maintiennent l\u2019air \u00e0 l\u2019ext\u00e9rieur. Essayez des \u00e9chantillons pour trouver ce qui fonctionne.<\/strong>Q: Puis-je g\u00e9rer les commandes pour les petites commandes?<\/li>\n<li><strong>Forme<\/strong>R : Oui ! De nombreux fournisseurs vous permettent de commander des lots s\u0645\u062a\u0631all avec des touches personnalis\u00e9es comme lo\u062c\u0631\u0627\u0645os ou f\u0628\u0648\u0635\u0629ishes cool, m\u00eame pour les petites marques. Parlez aux professionnels de l'emballage pour trouver des options qui correspondent \u00e0 votre budget.<\/li>\n<li><strong>Q: Pourquoi les bouteilles sans air sont \u062c\u0631\u0627\u0645ood pour la cr\u00e8me m\u00e9trique?<\/strong>R: Les bouteilles sans air utilisent une pompe \u00e0 vide pour bloquer l'air, votre cr\u00e8me dure jusqu'\u00e0 30% plus longtemps et garde les ingr\u00e9dients sensibles en s\u00e9curit\u00e9. Ils donnent juste la bonne quantit\u00e9, \u00e9conomisent de la cr\u00e8me et ont l'air \u00e9l\u00e9gant, ce qui est g\u00e9nial pour les produits sophistiqu\u00e9s ou d\u00e9licats.<\/li>\n<li><strong>Comment choisir la cr\u00e8me cosm\u00e9tique parfaite pour votre cr\u00e8me cosm\u00e9tique?  - Jaunce industriel<\/strong>Liste des articles li\u00e9s \u00e0 Plastic Bottle - jaunce \u0628\u0648\u062f\u0629<\/li>\n<\/ul>\n<h3><strong><b>Choisir le meilleur r\u00e9cipient pour votre cr\u00e8me cosm\u00e9tique ne se limite pas \u00e0 trouver un pot ou une bouteille frais. Il s\u2019agit de garder votre cr\u00e8me en s\u00e9curit\u00e9, de la rendre durable et de montrer la personnalit\u00e9 de votre marque. Un choix intelligent de conteneur maintient votre san-pham frais et attire l'attention, mais un mauvais peut provoquer des fuites, des d\u00e9g\u00e2ts ou un aspect simple. Ce guide vous guide \u00e0 travers ce qu'il faut consid\u00e9rer, montre t \u1eaf t quelques grandes options de conteneur, et explique comment l'emballage expert peut faire briller votre cr\u00e8me. Pour un emballage incroyable qui allie style, fonction et \u00e9cologie, consultez<\/b><\/strong><\/h3>\n<p>Trouver le bon contenant signifie r\u00e9fl\u00e9chir aux besoins de votre cr\u00e8me et \u00e0 l\u2019ambiance de votre marque. Un bon choix m\u00e9lange praticit\u00e9, beau look et choix verts pour faire ressortir votre san-pham.<\/p>\n<p>La taille et la facilit\u00e9 sont cl\u00e9s<\/p>\n<p>La taille de votre r\u00e9cipient change la fa\u00e7on dont les gens utilisent et portent votre cr\u00e8me. Pour les cr\u00e8mes visages que vous utilisez tous les jours, les tailles de 15ml \u00e0 50ml sont id\u00e9ales pour jeter dans un sac \u00e0 main ou garder sur votre \u00e9vier. Les plus grands de 100ml fonctionnent pour les cr\u00e8mes corporelles. Des conceptions simples, comme les pompes, donnent juste la bonne quantit\u00e9 et \u00e9vitent les d\u00e9sordres.  G\u1ea5 Les contenants \u00e0 paroi doubles sont r\u00e9sistants et haut de gamme, ce qui rend votre cr\u00e8me sp\u00e9ciale sans co\u00fbter une tonne.<\/p>\n<p>Un grand r\u00e9cipient rend votre cr\u00e8me impressionnante et fonctionne mieux. Voici quelques choix qui maintiennent votre san-pham en s\u00e9curit\u00e9 et renforcent votre marque.<\/p>\n<p>Si votre cr\u00e8me contient des ingr\u00e9dients d\u00e9licats, la bouteille Airless avec pompe est un joyau total. Sa pompe \u00e0 vide emp\u00eache l'entr\u00e9e d'air, de sorte que votre cr\u00e8me reste fra\u00eeche jusqu'\u00e0 30% plus longtemps que dans les bouteilles ordinaires. Chaque pompe donne la quantit\u00e9 parfaite, ce qui \u00e9conomise la cr\u00e8me et la rend super facile \u00e0 utiliser. Il est disponible en tailles de 15ml \u00e0 50ml, et vous pouvez ajouter le logo de votre marque avec la s\u00e9rigraphie. Son look moderne et propre s'adapte aux san-phams de luxe, et la technologie sans air maintient votre cr\u00e8me bonne du d\u00e9but \u00e0 la fin.<\/p>\n<table style=\"border-collapse: collapse; width: 100%;\">\n<tbody>\n<tr>\n<td style=\"width: 33.3333%;\"><img decoding=\"async\" class=\"alignnone size-full wp-image-3174\" src=\"https:\/\/www.cosmepak.com\/wp-content\/uploads\/2025\/03\/\u8be6\u60c5-10-1.jpg\" alt=\"\" width=\"1000\" height=\"1000\" srcset=\"https:\/\/www.cosmepak.com\/wp-content\/uploads\/2025\/03\/\u8be6\u60c5-10-1.jpg 1000w, https:\/\/www.cosmepak.com\/wp-content\/uploads\/2025\/03\/\u8be6\u60c5-10-1-300x300.jpg 300w, https:\/\/www.cosmepak.com\/wp-content\/uploads\/2025\/03\/\u8be6\u60c5-10-1-150x150.jpg 150w, https:\/\/www.cosmepak.com\/wp-content\/uploads\/2025\/03\/\u8be6\u60c5-10-1-768x768.jpg 768w, https:\/\/www.cosmepak.com\/wp-content\/uploads\/2025\/03\/\u8be6\u60c5-10-1-12x12.jpg 12w, https:\/\/www.cosmepak.com\/wp-content\/uploads\/2025\/03\/\u8be6\u60c5-10-1-600x600.jpg 600w, https:\/\/www.cosmepak.com\/wp-content\/uploads\/2025\/03\/\u8be6\u60c5-10-1-100x100.jpg 100w\" sizes=\"(max-width: 1000px) 100vw, 1000px\" \/><\/td>\n<td style=\"width: 33.3333%;\"><img decoding=\"async\" class=\"alignnone size-full wp-image-3175\" src=\"https:\/\/www.cosmepak.com\/wp-content\/uploads\/2025\/03\/\u8be6\u60c5-12.jpg\" alt=\"\" width=\"1000\" height=\"1000\" srcset=\"https:\/\/www.cosmepak.com\/wp-content\/uploads\/2025\/03\/\u8be6\u60c5-12.jpg 1000w, https:\/\/www.cosmepak.com\/wp-content\/uploads\/2025\/03\/\u8be6\u60c5-12-300x300.jpg 300w, https:\/\/www.cosmepak.com\/wp-content\/uploads\/2025\/03\/\u8be6\u60c5-12-150x150.jpg 150w, https:\/\/www.cosmepak.com\/wp-content\/uploads\/2025\/03\/\u8be6\u60c5-12-768x768.jpg 768w, https:\/\/www.cosmepak.com\/wp-content\/uploads\/2025\/03\/\u8be6\u60c5-12-12x12.jpg 12w, https:\/\/www.cosmepak.com\/wp-content\/uploads\/2025\/03\/\u8be6\u60c5-12-600x600.jpg 600w, https:\/\/www.cosmepak.com\/wp-content\/uploads\/2025\/03\/\u8be6\u60c5-12-100x100.jpg 100w\" sizes=\"(max-width: 1000px) 100vw, 1000px\" \/><\/td>\n<td style=\"width: 33.3333%;\"><img loading=\"lazy\" decoding=\"async\" class=\"alignnone size-full wp-image-3176\" src=\"https:\/\/www.cosmepak.com\/wp-content\/uploads\/2025\/03\/\u8be6\u60c5-13-1.jpg\" alt=\"\" width=\"1000\" height=\"1000\" srcset=\"https:\/\/www.cosmepak.com\/wp-content\/uploads\/2025\/03\/\u8be6\u60c5-13-1.jpg 1000w, https:\/\/www.cosmepak.com\/wp-content\/uploads\/2025\/03\/\u8be6\u60c5-13-1-300x300.jpg 300w, https:\/\/www.cosmepak.com\/wp-content\/uploads\/2025\/03\/\u8be6\u60c5-13-1-150x150.jpg 150w, https:\/\/www.cosmepak.com\/wp-content\/uploads\/2025\/03\/\u8be6\u60c5-13-1-768x768.jpg 768w, https:\/\/www.cosmepak.com\/wp-content\/uploads\/2025\/03\/\u8be6\u60c5-13-1-12x12.jpg 12w, https:\/\/www.cosmepak.com\/wp-content\/uploads\/2025\/03\/\u8be6\u60c5-13-1-600x600.jpg 600w, https:\/\/www.cosmepak.com\/wp-content\/uploads\/2025\/03\/\u8be6\u60c5-13-1-100x100.jpg 100w\" sizes=\"(max-width: 1000px) 100vw, 1000px\" \/><\/td>\n<\/tr>\n<\/tbody>\n<\/table>\n<table style=\"border-collapse: collapse; width: 100%;\">\n<tbody>\n<tr>\n<td style=\"width: 100%;\"><img loading=\"lazy\" decoding=\"async\" class=\"alignnone wp-image-3177\" src=\"https:\/\/www.cosmepak.com\/wp-content\/uploads\/2025\/03\/\u4e3b\u56fe-5-2.jpg\" alt=\"\" width=\"1348\" height=\"1348\" srcset=\"https:\/\/www.cosmepak.com\/wp-content\/uploads\/2025\/03\/\u4e3b\u56fe-5-2.jpg 1000w, https:\/\/www.cosmepak.com\/wp-content\/uploads\/2025\/03\/\u4e3b\u56fe-5-2-300x300.jpg 300w, https:\/\/www.cosmepak.com\/wp-content\/uploads\/2025\/03\/\u4e3b\u56fe-5-2-150x150.jpg 150w, https:\/\/www.cosmepak.com\/wp-content\/uploads\/2025\/03\/\u4e3b\u56fe-5-2-768x768.jpg 768w, https:\/\/www.cosmepak.com\/wp-content\/uploads\/2025\/03\/\u4e3b\u56fe-5-2-12x12.jpg 12w, https:\/\/www.cosmepak.com\/wp-content\/uploads\/2025\/03\/\u4e3b\u56fe-5-2-600x600.jpg 600w, https:\/\/www.cosmepak.com\/wp-content\/uploads\/2025\/03\/\u4e3b\u56fe-5-2-100x100.jpg 100w\" sizes=\"(max-width: 1348px) 100vw, 1348px\" \/><\/td>\n<\/tr>\n<\/tbody>\n<\/table>","protected":false},"excerpt":{"rendered":"<p>Mat\u00e9riel : ABS\/AS<\/p>\n<p>Jaunce prend-il en charge des d\u00e9sirs sp\u00e9cifiques ?<\/p>\n<p>\u0646\u0639\u0645! Jaunce aide les marques \u00e0 cr\u00e9er des bouteilles qui montrent qui elles sont. Ils offrent de nombreuses formes, couleurs et f\u0628\u0648\u0635\u0629ishes, comme \u0645\u062a\u0631atte ou brillant. Besoin d'un grand pot pour les cr\u00e8mes? Ou une petite bouteille avec un goutteur pour les huiles? Jaunce a des options personnalis\u00e9es qui s'adaptent parfaitement \u00e0 votre marque, comme choisir vos couleurs pr\u00e9f\u00e9r\u00e9es pour un dessin.<\/p>\n<p>Q1: Comment puis-je v\u00e9rifier si un fournisseur meeteets normes de s\u00e9curit\u00e9?<\/p>\n<p>Couleur: accepter personnalis\u00e9 (toute couleur Pantone disponible)<\/p>\n<p>Finition de surface: impression d'\u00e9cran, estampage chaud, finition mate, etc.<\/p>\n<p>MOQ: 10000pcs<\/p>\n<p>\u00c9chantillon: \u00e9chantillons gratuits disponibles<\/p>\n<p>&nbsp;<\/p>\n<p>&nbsp;<\/p>","protected":false},"featured_media":3174,"comment_status":"closed","ping_status":"closed","template":"","meta":{"_acf_changed":false},"product_brand":[],"product_cat":[54,36],"product_tag":[39],"class_list":{"0":"post-1481","1":"product","2":"type-product","3":"status-publish","4":"has-post-thumbnail","6":"product_cat-lip-gloss-tube","7":"product_cat-makeup","8":"product_tag-makeup","10":"first","11":"outofstock","12":"shipping-taxable","13":"product-type-simple"},"acf":[],"_links":{"self":[{"href":"https:\/\/www.cosmepak.com\/fr\/wp-json\/wp\/v2\/product\/1481","targetHints":{"allow":["GET"]}}],"collection":[{"href":"https:\/\/www.cosmepak.com\/fr\/wp-json\/wp\/v2\/product"}],"about":[{"href":"https:\/\/www.cosmepak.com\/fr\/wp-json\/wp\/v2\/types\/product"}],"replies":[{"embeddable":true,"href":"https:\/\/www.cosmepak.com\/fr\/wp-json\/wp\/v2\/comments?post=1481"}],"wp:featuredmedia":[{"embeddable":true,"href":"https:\/\/www.cosmepak.com\/fr\/wp-json\/wp\/v2\/media\/3174"}],"wp:attachment":[{"href":"https:\/\/www.cosmepak.com\/fr\/wp-json\/wp\/v2\/media?parent=1481"}],"wp:term":[{"taxonomy":"product_brand","embeddable":true,"href":"https:\/\/www.cosmepak.com\/fr\/wp-json\/wp\/v2\/product_brand?post=1481"},{"taxonomy":"product_cat","embeddable":true,"href":"https:\/\/www.cosmepak.com\/fr\/wp-json\/wp\/v2\/product_cat?post=1481"},{"taxonomy":"product_tag","embeddable":true,"href":"https:\/\/www.cosmepak.com\/fr\/wp-json\/wp\/v2\/product_tag?post=1481"}],"curies":[{"name":"WP","href":"https:\/\/api.w.org\/{rel}","templated":true}]}}