{"id":1496,"date":"2025-03-27T16:19:39","date_gmt":"2025-03-27T08:19:39","guid":{"rendered":"https:\/\/www.cosmepak.com\/?post_type=product&#038;p=1496"},"modified":"2026-04-23T14:30:13","modified_gmt":"2026-04-23T06:30:13","slug":"bouteille-de-parfum-50ml-bouteille-de-parfum-en-forme-de-cylindre-jaune","status":"publish","type":"product","link":"https:\/\/www.cosmepak.com\/fr\/product\/perfume-bottle-50ml-cylinder-shape-perfume-bottle-jaunce\/","title":{"rendered":"Bouteille de parfum -50 ml Forme de cylindre Bouteille de parfum \/ Jaunce"},"content":{"rendered":"<p><img fetchpriority=\"high\" decoding=\"async\" class=\"alignnone wp-image-1490\" src=\"https:\/\/www.cosmepak.com\/wp-content\/uploads\/2025\/03\/O1CN01avbEkm29TesZczGiO_2213179168069-0-cib.jpg\" alt=\"bouteille de parfum7\" width=\"1363\" height=\"1363\" srcset=\"https:\/\/www.cosmepak.com\/wp-content\/uploads\/2025\/03\/O1CN01avbEkm29TesZczGiO_2213179168069-0-cib.jpg 1000w, https:\/\/www.cosmepak.com\/wp-content\/uploads\/2025\/03\/O1CN01avbEkm29TesZczGiO_2213179168069-0-cib-300x300.jpg 300w, https:\/\/www.cosmepak.com\/wp-content\/uploads\/2025\/03\/O1CN01avbEkm29TesZczGiO_2213179168069-0-cib-150x150.jpg 150w, https:\/\/www.cosmepak.com\/wp-content\/uploads\/2025\/03\/O1CN01avbEkm29TesZczGiO_2213179168069-0-cib-768x768.jpg 768w, https:\/\/www.cosmepak.com\/wp-content\/uploads\/2025\/03\/O1CN01avbEkm29TesZczGiO_2213179168069-0-cib-600x600.jpg 600w, https:\/\/www.cosmepak.com\/wp-content\/uploads\/2025\/03\/O1CN01avbEkm29TesZczGiO_2213179168069-0-cib-100x100.jpg 100w\" sizes=\"(max-width: 1363px) 100vw, 1363px\" \/><\/p>\n<p>Il s'agit d'une bouteille de parfum en verre de 50ml avec deux styles de design: cylindrique et rectangulaire. Il convient \u00e0 diverses occasions. Les deux bouteilles ont une base \u00e9paisse, en verre \u00e0 haute transparence et \u00e9quip\u00e9es d'une pompe \u00e0 pulv\u00e9risation d\u00e9licate, ce qui entra\u00eene un excellent effet d'atomisation liquide. Ces deux bouteilles de parfum allient parfaitement beaut\u00e9, praticit\u00e9 et durabilit\u00e9. Il am\u00e9liore non seulement l'attrait visuel du parfum, mais assure \u00e9galement la stabilit\u00e9 et la commodit\u00e9 pendant l'utilisation. Que ce soit pour un usage personnel ou en cadeau, cette bouteille est le choix id\u00e9al pour tout amateur de parfum.<\/p>\n<p>Les deux designs disposent d'un fond en verre \u00e9pais, qui fournit non seulement la stabilit\u00e9 et la durabilit\u00e9. formes rondes et carr\u00e9es des bouteilles pour r\u00e9pondre aux diff\u00e9rentes pr\u00e9f\u00e9rences esth\u00e9tiques. l'\u00e9paisseur de la base en verre garantit que la bouteille est moins susceptible de se renverser, r\u00e9duisant ainsi le risque de d\u00e9versement et de cassure.<\/p>\n<p>La conception du bouchon de bouteille, combin\u00e9e au spray d'aluminium galvanis\u00e9 de couleur or et argent, est \u00e0 la fois \u00e9l\u00e9gante et pratique, offrant une excellente s\u00e9curit\u00e9 et durabilit\u00e9. Le liquide pulv\u00e9ris\u00e9 par le pulv\u00e9risateur \u00e9lectro-aluminium a un effet de brouillard fin et lisse, et est distribu\u00e9 uniformement dans l'air, apportant un sentiment de plaisir \u00e0 l'utilisateur.<\/p>\n<p>Le couvercle ext\u00e9rieur galvanis\u00e9 de couleur or et argent est souvent le choix id\u00e9al pour les bouteilles de parfum haut de gamme, \u00e9tant luxueux mais harmonieux dans le design. Bien s\u00fbr, nous offrons \u00e9galement un couvercle ext\u00e9rieur enti\u00e8rement en plastique, qui est \u00e0 la fois esth\u00e9tiquement agr\u00e9able et fonctionnel. Peu importe qui vous pr\u00e9f\u00e9rez, il y a toujours un produit qui r\u00e9pond \u00e0 vos exigences de conception.<\/p>\n<p>En m\u00eame temps, nous offrons \u00e9galement diverses options de personnalisation. Nous fournissons un processus de rev\u00eatement par pulv\u00e9risation semi-transparent, un processus de rev\u00eatement par pulv\u00e9risation de couleur solide. Tant que vous fournissez des num\u00e9ros de couleur Pantone, nous pouvons mener \u00e0 bien la production d'\u00e9chantillons de pulv\u00e9risation en fonction de votre couleur. Bien s\u00fbr, nous offrons \u00e9galement des services tels que la s\u00e9rigraphie, l'estampage en or, l'estampage en argent, l'impression d'\u00e9tiquettes de positionnement, etc.<\/p>\n<p>&nbsp;<\/p>\n<p><img decoding=\"async\" class=\"alignnone wp-image-1491\" src=\"https:\/\/www.cosmepak.com\/wp-content\/uploads\/2025\/03\/O1CN01KMAJAZ29TesZcwFUm_2213179168069-0-cib.jpg\" alt=\"Bouteille de parfum de 30 ml5\" width=\"669\" height=\"669\" srcset=\"https:\/\/www.cosmepak.com\/wp-content\/uploads\/2025\/03\/O1CN01KMAJAZ29TesZcwFUm_2213179168069-0-cib.jpg 1000w, https:\/\/www.cosmepak.com\/wp-content\/uploads\/2025\/03\/O1CN01KMAJAZ29TesZcwFUm_2213179168069-0-cib-300x300.jpg 300w, https:\/\/www.cosmepak.com\/wp-content\/uploads\/2025\/03\/O1CN01KMAJAZ29TesZcwFUm_2213179168069-0-cib-150x150.jpg 150w, https:\/\/www.cosmepak.com\/wp-content\/uploads\/2025\/03\/O1CN01KMAJAZ29TesZcwFUm_2213179168069-0-cib-768x768.jpg 768w, https:\/\/www.cosmepak.com\/wp-content\/uploads\/2025\/03\/O1CN01KMAJAZ29TesZcwFUm_2213179168069-0-cib-600x600.jpg 600w, https:\/\/www.cosmepak.com\/wp-content\/uploads\/2025\/03\/O1CN01KMAJAZ29TesZcwFUm_2213179168069-0-cib-100x100.jpg 100w\" sizes=\"(max-width: 669px) 100vw, 669px\" \/> <img decoding=\"async\" class=\"alignnone wp-image-1492\" src=\"https:\/\/www.cosmepak.com\/wp-content\/uploads\/2025\/03\/O1CN01pBOAh429TesefHdJX_2213179168069-0-cib.jpg\" alt=\"\" width=\"674\" height=\"674\" srcset=\"https:\/\/www.cosmepak.com\/wp-content\/uploads\/2025\/03\/O1CN01pBOAh429TesefHdJX_2213179168069-0-cib.jpg 1000w, https:\/\/www.cosmepak.com\/wp-content\/uploads\/2025\/03\/O1CN01pBOAh429TesefHdJX_2213179168069-0-cib-300x300.jpg 300w, https:\/\/www.cosmepak.com\/wp-content\/uploads\/2025\/03\/O1CN01pBOAh429TesefHdJX_2213179168069-0-cib-150x150.jpg 150w, https:\/\/www.cosmepak.com\/wp-content\/uploads\/2025\/03\/O1CN01pBOAh429TesefHdJX_2213179168069-0-cib-768x768.jpg 768w, https:\/\/www.cosmepak.com\/wp-content\/uploads\/2025\/03\/O1CN01pBOAh429TesefHdJX_2213179168069-0-cib-600x600.jpg 600w, https:\/\/www.cosmepak.com\/wp-content\/uploads\/2025\/03\/O1CN01pBOAh429TesefHdJX_2213179168069-0-cib-100x100.jpg 100w\" sizes=\"(max-width: 674px) 100vw, 674px\" \/><\/p>\n<p>&nbsp;<\/p>","protected":false},"excerpt":{"rendered":"<p>Mat\u00e9riau en bouteille: verre<\/p>\n<p>Capcity: 50ml<\/p>\n<p>Couleur: personnalis\u00e9e<\/p>\n<p>Finition de surface: impression d'\u00e9cran, gla\u00e7age, estampage chaud, gradient de pulv\u00e9risation, finition mate, etc.<\/p>\n<p>MOQ: 5000pcs;<\/p>\n<p>&nbsp;<\/p>","protected":false},"featured_media":1492,"comment_status":"closed","ping_status":"closed","template":"","meta":{"_acf_changed":false},"product_brand":[],"product_cat":[17],"product_tag":[],"class_list":{"0":"post-1496","1":"product","2":"type-product","3":"status-publish","4":"has-post-thumbnail","6":"product_cat-perfume-bottle","8":"first","9":"outofstock","10":"shipping-taxable","11":"product-type-simple"},"acf":[],"_links":{"self":[{"href":"https:\/\/www.cosmepak.com\/fr\/wp-json\/wp\/v2\/product\/1496","targetHints":{"allow":["GET"]}}],"collection":[{"href":"https:\/\/www.cosmepak.com\/fr\/wp-json\/wp\/v2\/product"}],"about":[{"href":"https:\/\/www.cosmepak.com\/fr\/wp-json\/wp\/v2\/types\/product"}],"replies":[{"embeddable":true,"href":"https:\/\/www.cosmepak.com\/fr\/wp-json\/wp\/v2\/comments?post=1496"}],"wp:featuredmedia":[{"embeddable":true,"href":"https:\/\/www.cosmepak.com\/fr\/wp-json\/wp\/v2\/media\/1492"}],"wp:attachment":[{"href":"https:\/\/www.cosmepak.com\/fr\/wp-json\/wp\/v2\/media?parent=1496"}],"wp:term":[{"taxonomy":"product_brand","embeddable":true,"href":"https:\/\/www.cosmepak.com\/fr\/wp-json\/wp\/v2\/product_brand?post=1496"},{"taxonomy":"product_cat","embeddable":true,"href":"https:\/\/www.cosmepak.com\/fr\/wp-json\/wp\/v2\/product_cat?post=1496"},{"taxonomy":"product_tag","embeddable":true,"href":"https:\/\/www.cosmepak.com\/fr\/wp-json\/wp\/v2\/product_tag?post=1496"}],"curies":[{"name":"WP","href":"https:\/\/api.w.org\/{rel}","templated":true}]}}