{"id":1499,"date":"2025-03-27T16:29:13","date_gmt":"2025-03-27T08:29:13","guid":{"rendered":"https:\/\/www.cosmepak.com\/?post_type=product&#038;p=1499"},"modified":"2025-09-08T15:21:05","modified_gmt":"2025-09-08T07:21:05","slug":"tube-de-couleur-a-levres-9-2","status":"publish","type":"product","link":"https:\/\/www.cosmepak.com\/fr\/product\/lipglosstube-9-2\/","title":{"rendered":"Gloss \u00e0 l\u00e8vres tube-argent carr\u00e9 transparent Gloss \u00e0 l\u00e8vres tube\/Jaunce"},"content":{"rendered":"<table style=\"border-collapse: collapse; width: 100%; height: 240px;\">\n<tbody>\n<tr style=\"height: 24px;\">\n<td style=\"width: 24.7995%; height: 24px;\">Marque<\/td>\n<td style=\"width: 75.2005%; height: 24px;\">\u00a0Jaunce<\/td>\n<\/tr>\n<tr style=\"height: 24px;\">\n<td style=\"width: 24.7995%; height: 24px;\">Capacit\u00e9<\/td>\n<td style=\"width: 75.2005%; height: 24px;\">8 ml<\/td>\n<\/tr>\n<tr style=\"height: 24px;\">\n<td style=\"width: 24.7995%; height: 24px;\">Forme<\/td>\n<td style=\"width: 75.2005%; height: 24px;\">Carr\u00e9<\/td>\n<\/tr>\n<tr style=\"height: 24px;\">\n<td style=\"width: 24.7995%; height: 24px;\">Taille<\/td>\n<td style=\"width: 75.2005%; height: 24px;\">20 * 101 mm<\/td>\n<\/tr>\n<tr style=\"height: 24px;\">\n<td style=\"width: 24.7995%; height: 24px;\">Poids<\/td>\n<td style=\"width: 75.2005%; height: 24px;\">30.9g<\/td>\n<\/tr>\n<tr style=\"height: 24px;\">\n<td style=\"width: 24.7995%; height: 24px;\">Convenable<\/td>\n<td style=\"width: 75.2005%; height: 24px;\">\u00a0Capuchon<\/td>\n<\/tr>\n<tr style=\"height: 24px;\">\n<td style=\"width: 24.7995%; height: 24px;\">Mod\u00e8le<\/td>\n<td style=\"width: 75.2005%; height: 24px;\">JH-JZ-7393 #<\/td>\n<\/tr>\n<tr style=\"height: 24px;\">\n<td style=\"width: 24.7995%; height: 24px;\">OEM \/ ODM<\/td>\n<td style=\"width: 75.2005%; height: 24px;\">Accepter<\/td>\n<\/tr>\n<tr style=\"height: 24px;\">\n<td style=\"width: 24.7995%; height: 24px;\">Couleur<\/td>\n<td style=\"width: 75.2005%; height: 24px;\">Personnalis\u00e9<\/td>\n<\/tr>\n<tr style=\"height: 24px;\">\n<td style=\"width: 24.7995%; height: 24px;\">MOQ<\/td>\n<td style=\"width: 75.2005%; height: 24px;\">10000pcs<\/td>\n<\/tr>\n<\/tbody>\n<\/table>\n<p>&nbsp;<\/p>\n<p><img fetchpriority=\"high\" decoding=\"async\" class=\"alignnone size-full wp-image-1503\" src=\"https:\/\/www.cosmepak.com\/wp-content\/uploads\/2025\/03\/\u5fae\u4fe1\u56fe\u7247_20250327162524.jpg\" alt=\"\" width=\"1000\" height=\"1000\" srcset=\"https:\/\/www.cosmepak.com\/wp-content\/uploads\/2025\/03\/\u5fae\u4fe1\u56fe\u7247_20250327162524.jpg 1000w, https:\/\/www.cosmepak.com\/wp-content\/uploads\/2025\/03\/\u5fae\u4fe1\u56fe\u7247_20250327162524-300x300.jpg 300w, https:\/\/www.cosmepak.com\/wp-content\/uploads\/2025\/03\/\u5fae\u4fe1\u56fe\u7247_20250327162524-150x150.jpg 150w, https:\/\/www.cosmepak.com\/wp-content\/uploads\/2025\/03\/\u5fae\u4fe1\u56fe\u7247_20250327162524-768x768.jpg 768w, https:\/\/www.cosmepak.com\/wp-content\/uploads\/2025\/03\/\u5fae\u4fe1\u56fe\u7247_20250327162524-600x600.jpg 600w, https:\/\/www.cosmepak.com\/wp-content\/uploads\/2025\/03\/\u5fae\u4fe1\u56fe\u7247_20250327162524-100x100.jpg 100w\" sizes=\"(max-width: 1000px) 100vw, 1000px\" \/><img decoding=\"async\" class=\"alignnone size-full wp-image-1504\" src=\"https:\/\/www.cosmepak.com\/wp-content\/uploads\/2025\/03\/\u5fae\u4fe1\u56fe\u7247_20250327162526.jpg\" alt=\"\" width=\"1000\" height=\"1000\" srcset=\"https:\/\/www.cosmepak.com\/wp-content\/uploads\/2025\/03\/\u5fae\u4fe1\u56fe\u7247_20250327162526.jpg 1000w, https:\/\/www.cosmepak.com\/wp-content\/uploads\/2025\/03\/\u5fae\u4fe1\u56fe\u7247_20250327162526-300x300.jpg 300w, https:\/\/www.cosmepak.com\/wp-content\/uploads\/2025\/03\/\u5fae\u4fe1\u56fe\u7247_20250327162526-150x150.jpg 150w, https:\/\/www.cosmepak.com\/wp-content\/uploads\/2025\/03\/\u5fae\u4fe1\u56fe\u7247_20250327162526-768x768.jpg 768w, https:\/\/www.cosmepak.com\/wp-content\/uploads\/2025\/03\/\u5fae\u4fe1\u56fe\u7247_20250327162526-600x600.jpg 600w, https:\/\/www.cosmepak.com\/wp-content\/uploads\/2025\/03\/\u5fae\u4fe1\u56fe\u7247_20250327162526-100x100.jpg 100w\" sizes=\"(max-width: 1000px) 100vw, 1000px\" \/><img decoding=\"async\" class=\"alignnone size-full wp-image-1506\" src=\"https:\/\/www.cosmepak.com\/wp-content\/uploads\/2025\/03\/\u5fae\u4fe1\u56fe\u7247_20250327162529.jpg\" alt=\"\" width=\"1000\" height=\"1000\" srcset=\"https:\/\/www.cosmepak.com\/wp-content\/uploads\/2025\/03\/\u5fae\u4fe1\u56fe\u7247_20250327162529.jpg 1000w, https:\/\/www.cosmepak.com\/wp-content\/uploads\/2025\/03\/\u5fae\u4fe1\u56fe\u7247_20250327162529-300x300.jpg 300w, https:\/\/www.cosmepak.com\/wp-content\/uploads\/2025\/03\/\u5fae\u4fe1\u56fe\u7247_20250327162529-150x150.jpg 150w, https:\/\/www.cosmepak.com\/wp-content\/uploads\/2025\/03\/\u5fae\u4fe1\u56fe\u7247_20250327162529-768x768.jpg 768w, https:\/\/www.cosmepak.com\/wp-content\/uploads\/2025\/03\/\u5fae\u4fe1\u56fe\u7247_20250327162529-600x600.jpg 600w, https:\/\/www.cosmepak.com\/wp-content\/uploads\/2025\/03\/\u5fae\u4fe1\u56fe\u7247_20250327162529-100x100.jpg 100w\" sizes=\"(max-width: 1000px) 100vw, 1000px\" \/><\/p>\n<p>&nbsp;<\/p>\n<p>&nbsp;<\/p>\n<p>&nbsp;<\/p>\n<p>&nbsp;<\/p>\n<p><img loading=\"lazy\" decoding=\"async\" class=\"alignnone wp-image-1343 size-full\" src=\"https:\/\/www.cosmepak.com\/wp-content\/uploads\/2024\/12\/\u5fae\u4fe1\u56fe\u7247_20250213141726.jpg\" alt=\"\" width=\"1920\" height=\"919\" srcset=\"https:\/\/www.cosmepak.com\/wp-content\/uploads\/2024\/12\/\u5fae\u4fe1\u56fe\u7247_20250213141726.jpg 1920w, https:\/\/www.cosmepak.com\/wp-content\/uploads\/2024\/12\/\u5fae\u4fe1\u56fe\u7247_20250213141726-300x144.jpg 300w, https:\/\/www.cosmepak.com\/wp-content\/uploads\/2024\/12\/\u5fae\u4fe1\u56fe\u7247_20250213141726-1024x490.jpg 1024w, https:\/\/www.cosmepak.com\/wp-content\/uploads\/2024\/12\/\u5fae\u4fe1\u56fe\u7247_20250213141726-768x368.jpg 768w, https:\/\/www.cosmepak.com\/wp-content\/uploads\/2024\/12\/\u5fae\u4fe1\u56fe\u7247_20250213141726-1536x735.jpg 1536w, https:\/\/www.cosmepak.com\/wp-content\/uploads\/2024\/12\/\u5fae\u4fe1\u56fe\u7247_20250213141726-600x287.jpg 600w\" sizes=\"(max-width: 1920px) 100vw, 1920px\" \/><\/p>\n<h3 id=\"new-arrival-silver-square-transparent-concealer-tube-lip-gloss-tube-8ml-plastic-packaging\" class=\"ai-center-markdown-h3\" data-spm-anchor-id=\"a2700.29482153.0.i11.554071d2cgx89y\">Nouvelle arriv\u00e9e: Silver Square Transparent Concealer Tube Lip Gloss Tube 8ml Emballage en plastique<\/h3>\n<h4 id=\"introduction\" class=\"ai-center-markdown-h4\">Introduction<\/h4>\n<p class=\"ai-center-markdown-p\">Dans le monde en constante \u00e9volution des cosm\u00e9tiques, l\u2019emballage joue un r\u00f4le crucial pour attirer les clients et am\u00e9liorer l\u2019exp\u00e9rience globale du produit. Notre derni\u00e8re offre, le\u00a0<strong class=\"ai-center-markdown-strong\">Silver Square Transparent Concealer Tube Tube Gloss \u00e0 l\u00e8vres<\/strong>est con\u00e7u pour r\u00e9pondre aux besoins des consommateurs modernes qui appr\u00e9cient \u00e0 la fois l'esth\u00e9tique et la fonctionnalit\u00e9. Cet emballage en plastique de 8ml est parfait pour les marques qui cherchent \u00e0 faire une d\u00e9claration avec leurs produits cosm\u00e9tiques.<\/p>\n<h4 id=\"key-features\" class=\"ai-center-markdown-h4\">Caract\u00e9ristiques principales<\/h4>\n<p class=\"ai-center-markdown-p\"><strong class=\"ai-center-markdown-strong\">1. Conception \u00e9l\u00e9gante :<\/strong>\u00a0Le design carr\u00e9 en argent exude sophistication et \u00e9l\u00e9gance, ce qui en fait un choix id\u00e9al pour les produits cosm\u00e9tiques haut de gamme. Le look \u00e9l\u00e9gant et moderne de ce tube attirera sans aucun doute l'attention des clients exigeants.<\/p>\n<p class=\"ai-center-markdown-p\"><strong class=\"ai-center-markdown-strong\">2. Transparence :<\/strong>\u00a0Le corps transparent permet aux consommateurs de voir le produit \u00e0 l'int\u00e9rieur, leur donnant une id\u00e9e claire de l'ombre et de la coh\u00e9rence. Cette fonctionnalit\u00e9 est particuli\u00e8rement utile pour les produits de brillance \u00e0 l\u00e8vres et de correcteur, o\u00f9 la pr\u00e9cision des couleurs est essentielle.<\/p>\n<p class=\"ai-center-markdown-p\"><strong class=\"ai-center-markdown-strong\">3. Mat\u00e9riel durable:<\/strong>\u00a0Fabriqu\u00e9 en plastique de haute qualit\u00e9, ce tube est \u00e0 la fois l\u00e9ger et durable. Il assure que le produit reste s\u00fbr et intact pendant le transport et l'utilisation quotidienne.<\/p>\n<p class=\"ai-center-markdown-p\"><strong class=\"ai-center-markdown-strong\">4. Taille pratique:<\/strong>\u00a0Avec une capacit\u00e9 de 8 ml, ce tube est parfait pour une utilisation en d\u00e9placement. Sa taille compacte facilite le transport dans un sac \u00e0 main ou un sac de maquillage, permettant aux consommateurs de toucher leur maquillage \u00e0 tout moment et n'importe o\u00f9.<\/p>\n<p class=\"ai-center-markdown-p\"><strong class=\"ai-center-markdown-strong\">5. Utilisation polyvalente:<\/strong>\u00a0Cet emballage convient \u00e0 une vari\u00e9t\u00e9 de produits cosm\u00e9tiques, y compris le lustre \u00e0 l\u00e8vres, le correcteur et d'autres produits de maquillage liquide. Son design polyvalent en fait un ajout pr\u00e9cieux \u00e0 toute ligne cosm\u00e9tique.<\/p>\n<h4 id=\"benefits-for-brands\" class=\"ai-center-markdown-h4\">Avantages pour les marques<\/h4>\n<p class=\"ai-center-markdown-p\"><strong class=\"ai-center-markdown-strong\">1. Image de marque am\u00e9lior\u00e9e:<\/strong>\u00a0L'apparence luxueuse du tube carr\u00e9 en argent peut \u00e9lever la valeur per\u00e7ue de vos produits, aidant \u00e0 attirer une client\u00e8le plus haut de gamme.<\/p>\n<p class=\"ai-center-markdown-p\"><strong class=\"ai-center-markdown-strong\">2. Augmentation de la satisfaction du client:<\/strong>\u00a0Le design transparent et le mat\u00e9riau durable assurent aux clients une exp\u00e9rience positive avec votre produit du premier coup d'\u0153il \u00e0 la derni\u00e8re utilisation.<\/p>\n<p class=\"ai-center-markdown-p\"><strong class=\"ai-center-markdown-strong\">3. Avantage concurrentiel :<\/strong>\u00a0Dans un march\u00e9 bond\u00e9, un emballage unique et attrayant peut distinguer votre marque des concurrents. Ce tube&#8217; Le design moderne et les fonctionnalit\u00e9s pratiques peuvent vous donner l'avantage dont vous avez besoin pour r\u00e9ussir.<\/p>\n<h4 id=\"conclusion\" class=\"ai-center-markdown-h4\">Conclusion<\/h4>\n<p class=\"ai-center-markdown-p\">Le\u00a0<strong class=\"ai-center-markdown-strong\">Silver Square Transparent Concealer Tube Tube Gloss \u00e0 l\u00e8vres<\/strong>\u00a0c'est plus qu'un simple emballage; il&#8217; s une d\u00e9claration de qualit\u00e9 et de style. En choisissant cet emballage en plastique de 8 ml, les marques peuvent am\u00e9liorer leur offre de produits et attirer un public plus large. Investissez dans des emballages qui refl\u00e8tent l\u2019excellence de vos produits et regardez votre marque prosp\u00e9rer.<\/p>\n<p class=\"ai-center-markdown-p\">Pour plus d'informations ou pour passer une commande, veuillez nous contacter.<\/p>\n<p><img loading=\"lazy\" decoding=\"async\" class=\"alignnone size-full wp-image-1347\" src=\"https:\/\/www.cosmepak.com\/wp-content\/uploads\/2024\/12\/\u9996\u987519202_03.jpg\" alt=\"\" width=\"1920\" height=\"885\" srcset=\"https:\/\/www.cosmepak.com\/wp-content\/uploads\/2024\/12\/\u9996\u987519202_03.jpg 1920w, https:\/\/www.cosmepak.com\/wp-content\/uploads\/2024\/12\/\u9996\u987519202_03-300x138.jpg 300w, https:\/\/www.cosmepak.com\/wp-content\/uploads\/2024\/12\/\u9996\u987519202_03-1024x472.jpg 1024w, https:\/\/www.cosmepak.com\/wp-content\/uploads\/2024\/12\/\u9996\u987519202_03-768x354.jpg 768w, https:\/\/www.cosmepak.com\/wp-content\/uploads\/2024\/12\/\u9996\u987519202_03-1536x708.jpg 1536w, https:\/\/www.cosmepak.com\/wp-content\/uploads\/2024\/12\/\u9996\u987519202_03-600x277.jpg 600w\" sizes=\"(max-width: 1920px) 100vw, 1920px\" \/> <img loading=\"lazy\" decoding=\"async\" class=\"alignnone size-full wp-image-1348\" src=\"https:\/\/www.cosmepak.com\/wp-content\/uploads\/2024\/12\/\u9996\u987519202_04.jpg\" alt=\"\" width=\"1920\" height=\"694\" srcset=\"https:\/\/www.cosmepak.com\/wp-content\/uploads\/2024\/12\/\u9996\u987519202_04.jpg 1920w, https:\/\/www.cosmepak.com\/wp-content\/uploads\/2024\/12\/\u9996\u987519202_04-300x108.jpg 300w, https:\/\/www.cosmepak.com\/wp-content\/uploads\/2024\/12\/\u9996\u987519202_04-1024x370.jpg 1024w, https:\/\/www.cosmepak.com\/wp-content\/uploads\/2024\/12\/\u9996\u987519202_04-768x278.jpg 768w, https:\/\/www.cosmepak.com\/wp-content\/uploads\/2024\/12\/\u9996\u987519202_04-1536x555.jpg 1536w, https:\/\/www.cosmepak.com\/wp-content\/uploads\/2024\/12\/\u9996\u987519202_04-600x217.jpg 600w\" sizes=\"(max-width: 1920px) 100vw, 1920px\" \/><\/p>\n<p><img loading=\"lazy\" decoding=\"async\" class=\"alignnone size-full wp-image-1350\" src=\"https:\/\/www.cosmepak.com\/wp-content\/uploads\/2024\/12\/\u9996\u987519202_05-1.jpg\" alt=\"\" width=\"1920\" height=\"970\" srcset=\"https:\/\/www.cosmepak.com\/wp-content\/uploads\/2024\/12\/\u9996\u987519202_05-1.jpg 1920w, https:\/\/www.cosmepak.com\/wp-content\/uploads\/2024\/12\/\u9996\u987519202_05-1-300x152.jpg 300w, https:\/\/www.cosmepak.com\/wp-content\/uploads\/2024\/12\/\u9996\u987519202_05-1-1024x517.jpg 1024w, https:\/\/www.cosmepak.com\/wp-content\/uploads\/2024\/12\/\u9996\u987519202_05-1-768x388.jpg 768w, https:\/\/www.cosmepak.com\/wp-content\/uploads\/2024\/12\/\u9996\u987519202_05-1-1536x776.jpg 1536w, https:\/\/www.cosmepak.com\/wp-content\/uploads\/2024\/12\/\u9996\u987519202_05-1-600x303.jpg 600w\" sizes=\"(max-width: 1920px) 100vw, 1920px\" \/><\/p>\n<p><img loading=\"lazy\" decoding=\"async\" class=\"alignnone wp-image-1351\" src=\"https:\/\/www.cosmepak.com\/wp-content\/uploads\/2024\/12\/\u7269\u6d41\u8fd0\u8f93\u753b\u9762-2.jpg\" alt=\"\" width=\"1424\" height=\"1068\" srcset=\"https:\/\/www.cosmepak.com\/wp-content\/uploads\/2024\/12\/\u7269\u6d41\u8fd0\u8f93\u753b\u9762-2.jpg 800w, https:\/\/www.cosmepak.com\/wp-content\/uploads\/2024\/12\/\u7269\u6d41\u8fd0\u8f93\u753b\u9762-2-300x225.jpg 300w, https:\/\/www.cosmepak.com\/wp-content\/uploads\/2024\/12\/\u7269\u6d41\u8fd0\u8f93\u753b\u9762-2-768x576.jpg 768w, https:\/\/www.cosmepak.com\/wp-content\/uploads\/2024\/12\/\u7269\u6d41\u8fd0\u8f93\u753b\u9762-2-600x450.jpg 600w\" sizes=\"(max-width: 1424px) 100vw, 1424px\" \/><\/p>\n<table style=\"border-collapse: collapse; width: 100%; height: 144px;\">\n<tbody>\n<tr style=\"height: 24px;\">\n<td style=\"width: 33.3333%; text-align: center; height: 24px;\"><span style=\"font-size: 14pt;\"><strong>Exprimer<\/strong><\/span><\/td>\n<td style=\"width: 33.3333%; text-align: center; height: 24px;\"><span style=\"font-size: 14pt;\"><strong>Fret a\u00e9rien<\/strong><\/span><\/td>\n<td style=\"width: 33.3333%; text-align: center; height: 24px;\"><span style=\"font-size: 14pt;\"><strong>Transport maritime<\/strong><\/span><\/td>\n<\/tr>\n<tr style=\"height: 24px;\">\n<td style=\"width: 33.3333%; text-align: center; height: 24px;\">Europe 4 \u00e0 6 jours<\/td>\n<td style=\"width: 33.3333%; text-align: center; height: 24px;\">Europe 4 \u00e0 6 jours<\/td>\n<td style=\"width: 33.3333%; text-align: center; height: 24px;\">Europe 25-35 jours<\/td>\n<\/tr>\n<tr style=\"height: 24px;\">\n<td style=\"width: 33.3333%; text-align: center; height: 24px;\">Manth America 4-6 jours<\/td>\n<td style=\"width: 33.3333%; text-align: center; height: 24px;\">Manth America 4-6 jours<\/td>\n<td style=\"width: 33.3333%; text-align: center; height: 24px;\">Morth America 25-35day<\/td>\n<\/tr>\n<tr style=\"height: 24px;\">\n<td style=\"width: 33.3333%; text-align: center; height: 24px;\">Asie du Sud-Est 3-5 jours<\/td>\n<td style=\"width: 33.3333%; text-align: center; height: 24px;\">Asie du Sud-Est 3-5 jours<\/td>\n<td style=\"width: 33.3333%; text-align: center; height: 24px;\">Asie du Sud-Est 25-35 jours<\/td>\n<\/tr>\n<tr style=\"height: 24px;\">\n<td style=\"width: 33.3333%; text-align: center; height: 24px;\">Le Moyen-Orient 4 \u00e0 6 jours<\/td>\n<td style=\"width: 33.3333%; text-align: center; height: 24px;\">Le Moyen-Orient 4 \u00e0 6 jours<\/td>\n<td style=\"width: 33.3333%; text-align: center; height: 24px;\">Le Moyen-Orient 25-35 jours<\/td>\n<\/tr>\n<tr style=\"height: 24px;\">\n<td style=\"width: 33.3333%; text-align: center; height: 24px;\">Afrique du Sud 5-8 jours<\/td>\n<td style=\"width: 33.3333%; text-align: center; height: 24px;\">Afrique du Sud 5-8 jours<\/td>\n<td style=\"width: 33.3333%; text-align: center; height: 24px;\">Afrique du Sud 25-35 jours<\/td>\n<\/tr>\n<\/tbody>\n<\/table>\n<p><span style=\"font-size: 14pt;\"><strong>RFQ:\u00a0<\/strong><\/span><\/p>\n<h3 id=\"why-should-you-buy-from-us-instead-of-other-suppliers\" class=\"ai-center-markdown-h3\">Pourquoi acheter chez nous plut\u00f4t que chez d\u2019autres fournisseurs ?<\/h3>\n<ol class=\"ai-center-markdown-ol\" start=\"1\">\n<li class=\"ai-center-markdown-li\"><strong class=\"ai-center-markdown-strong\">Design personnalis\u00e9 en 3 minutes<\/strong>: Nous offrons des services de conception rapides adapt\u00e9s \u00e0 vos besoins.<\/li>\n<li class=\"ai-center-markdown-li\"><strong class=\"ai-center-markdown-strong\">Service en ligne 24\/7<\/strong>Notre \u00e9quipe est disponible 24h\/24 pour vous aider.<\/li>\n<li class=\"ai-center-markdown-li\"><strong class=\"ai-center-markdown-strong\">Livraison rapide d'\u00e9chantillon<\/strong>: Des \u00e9chantillons de stock disponibles en 7 jours, et des \u00e9chantillons imprim\u00e9s sur mesure en 15 jours.<\/li>\n<li class=\"ai-center-markdown-li\"><strong class=\"ai-center-markdown-strong\">D\u00e9lai de livraison rapide<\/strong>Production efficace avec un d\u00e9lai de livraison de seulement 35 jours.<\/li>\n<li class=\"ai-center-markdown-li\"><strong class=\"ai-center-markdown-strong\">Fabricant exp\u00e9riment\u00e9<\/strong>Plus de 10 ans d\u2019expertise dans l\u2019emballage cosm\u00e9tique.<\/li>\n<li class=\"ai-center-markdown-li\"><strong class=\"ai-center-markdown-strong\">Ventes directes d'usine<\/strong>: Fournir les meilleurs prix et services directement de notre usine.<\/li>\n<li class=\"ai-center-markdown-li\"><strong class=\"ai-center-markdown-strong\">Solution unique<\/strong>: Des solutions compl\u00e8tes pour tous vos besoins en emballage cosm\u00e9tique.<\/li>\n<\/ol>\n<h3 id=\"who-are-we\" class=\"ai-center-markdown-h3\">Qui sommes-nous ?<\/h3>\n<p class=\"ai-center-markdown-p\">Nous sommes une soci\u00e9t\u00e9 bas\u00e9e \u00e0 Zhejiang, Chine fond\u00e9e en 2014. Nos principaux march\u00e9s comprennent :<\/p>\n<ul class=\"ai-center-markdown-ul\">\n<li class=\"ai-center-markdown-li\">March\u00e9 int\u00e9rieur: 70,00%<\/li>\n<li class=\"ai-center-markdown-li\">Oc\u00e9anie : 8,00 %<\/li>\n<li class=\"ai-center-markdown-li\">Moyen-Orient: 7,00%<\/li>\n<li class=\"ai-center-markdown-li\">Asie de l'Est: 2,00%<\/li>\n<li class=\"ai-center-markdown-li\">Am\u00e9rique du Nord: 2,00%<\/li>\n<li class=\"ai-center-markdown-li\">Europe occidentale: 2,00%<\/li>\n<li class=\"ai-center-markdown-li\">Asie du Sud-Est: 2,00%<\/li>\n<li class=\"ai-center-markdown-li\">Asie du Sud: 1,00%<\/li>\n<li class=\"ai-center-markdown-li\">Am\u00e9rique du Sud: 1,00%<\/li>\n<li class=\"ai-center-markdown-li\">Europe du Sud : 1,00%<\/li>\n<li class=\"ai-center-markdown-li\">Am\u00e9rique centrale : 1,00%<\/li>\n<li class=\"ai-center-markdown-li\">Europe du Nord : 1,00%<\/li>\n<li class=\"ai-center-markdown-li\">Afrique : 1,00 %<\/li>\n<li class=\"ai-center-markdown-li\">Europe de l'Est: 1,00%<\/li>\n<\/ul>\n<h3 id=\"how-can-we-guarantee-quality\" class=\"ai-center-markdown-h3\">Comment pouvons-nous garantir la qualit\u00e9?<\/h3>\n<ul class=\"ai-center-markdown-ul\">\n<li class=\"ai-center-markdown-li\"><strong class=\"ai-center-markdown-strong\">\u00c9chantillons de pr\u00e9-production<\/strong>: Nous fournissons toujours un \u00e9chantillon avant la production en masse.<\/li>\n<li class=\"ai-center-markdown-li\"><strong class=\"ai-center-markdown-strong\">Inspection finale<\/strong>Chaque envoi est soumis \u00e0 une inspection finale approfondie.<\/li>\n<\/ul>\n<h3 id=\"what-can-you-buy-from-us\" class=\"ai-center-markdown-h3\">Que pouvez-vous acheter de nous?<\/h3>\n<ul class=\"ai-center-markdown-ul\">\n<li class=\"ai-center-markdown-li\">Bouteilles en verre<\/li>\n<li class=\"ai-center-markdown-li\">Bouteilles en plastique \/ bocaux \/ tubes<\/li>\n<li class=\"ai-center-markdown-li\">Bouteilles en aluminium \/ bocaux \/ tubes<\/li>\n<li class=\"ai-center-markdown-li\">Autres mat\u00e9riaux d'emballage cosm\u00e9tiques<\/li>\n<\/ul>\n<h3 id=\"what-services-can-we-provide\" class=\"ai-center-markdown-h3\">Quels services pouvons-nous fournir?<\/h3>\n<ul class=\"ai-center-markdown-ul\">\n<li class=\"ai-center-markdown-li\"><strong class=\"ai-center-markdown-strong\">Conditions de livraison accept\u00e9es<\/strong>: FOB, CFR, CIF<\/li>\n<li class=\"ai-center-markdown-li\"><strong class=\"ai-center-markdown-strong\">Monnaies de paiement accept\u00e9es<\/strong>: USD, EUR, HKD, CNY<\/li>\n<li class=\"ai-center-markdown-li\"><strong class=\"ai-center-markdown-strong\">Types de paiement accept\u00e9s<\/strong>: T\/T, L\/C, D\/P, D\/A<\/li>\n<\/ul>","protected":false},"excerpt":{"rendered":"<p>Mat\u00e9riel : ABS\/AS<\/p>\n<p>Capacit\u00e9: 8 ml<\/p>\n<p>Taille: 101 * 20 mm<\/p>\n<p>Couleur: accepter personnalis\u00e9 (toute couleur Pantone disponible)<\/p>\n<p>Finition de surface: impression d'\u00e9cran, estampage chaud, finition mate, etc.<\/p>\n<p>MOQ: 10000pcs<\/p>\n<p>\u00c9chantillon: \u00e9chantillons gratuits disponibles<\/p>\n<p>&nbsp;<\/p>\n<p>&nbsp;<\/p>","protected":false},"featured_media":1502,"comment_status":"closed","ping_status":"closed","template":"","meta":{"_acf_changed":false},"product_brand":[],"product_cat":[54,36],"product_tag":[39],"class_list":{"0":"post-1499","1":"product","2":"type-product","3":"status-publish","4":"has-post-thumbnail","6":"product_cat-lip-gloss-tube","7":"product_cat-makeup","8":"product_tag-makeup","10":"first","11":"outofstock","12":"shipping-taxable","13":"product-type-simple"},"acf":[],"_links":{"self":[{"href":"https:\/\/www.cosmepak.com\/fr\/wp-json\/wp\/v2\/product\/1499","targetHints":{"allow":["GET"]}}],"collection":[{"href":"https:\/\/www.cosmepak.com\/fr\/wp-json\/wp\/v2\/product"}],"about":[{"href":"https:\/\/www.cosmepak.com\/fr\/wp-json\/wp\/v2\/types\/product"}],"replies":[{"embeddable":true,"href":"https:\/\/www.cosmepak.com\/fr\/wp-json\/wp\/v2\/comments?post=1499"}],"wp:featuredmedia":[{"embeddable":true,"href":"https:\/\/www.cosmepak.com\/fr\/wp-json\/wp\/v2\/media\/1502"}],"wp:attachment":[{"href":"https:\/\/www.cosmepak.com\/fr\/wp-json\/wp\/v2\/media?parent=1499"}],"wp:term":[{"taxonomy":"product_brand","embeddable":true,"href":"https:\/\/www.cosmepak.com\/fr\/wp-json\/wp\/v2\/product_brand?post=1499"},{"taxonomy":"product_cat","embeddable":true,"href":"https:\/\/www.cosmepak.com\/fr\/wp-json\/wp\/v2\/product_cat?post=1499"},{"taxonomy":"product_tag","embeddable":true,"href":"https:\/\/www.cosmepak.com\/fr\/wp-json\/wp\/v2\/product_tag?post=1499"}],"curies":[{"name":"WP","href":"https:\/\/api.w.org\/{rel}","templated":true}]}}