{"id":151,"date":"2024-12-31T12:08:23","date_gmt":"2024-12-31T04:08:23","guid":{"rendered":"http:\/\/www.cosmepak.com\/?post_type=product&#038;p=151"},"modified":"2025-10-17T14:02:57","modified_gmt":"2025-10-17T06:02:57","slug":"100ml-transparent-perfume-bottle-15-neck-size","status":"publish","type":"product","link":"https:\/\/www.cosmepak.com\/fr\/product\/100ml-transparent-perfume-bottle-15-neck-size\/","title":{"rendered":"Bouteille de parfum transparente de 100ml 15 # taille du cou"},"content":{"rendered":"<table style=\"border-collapse: collapse; width: 93.8182%; height: 247px;\">\n<tbody>\n<tr style=\"height: 24px;\">\n<td style=\"width: 39.0625%; height: 247px;\" rowspan=\"10\"><img fetchpriority=\"high\" decoding=\"async\" class=\"alignnone size-full wp-image-3033\" src=\"https:\/\/www.cosmepak.com\/wp-content\/uploads\/2024\/12\/\u4e3b\u56fe-8.jpg\" alt=\"\" width=\"1500\" height=\"1500\" srcset=\"https:\/\/www.cosmepak.com\/wp-content\/uploads\/2024\/12\/\u4e3b\u56fe-8.jpg 1500w, https:\/\/www.cosmepak.com\/wp-content\/uploads\/2024\/12\/\u4e3b\u56fe-8-300x300.jpg 300w, https:\/\/www.cosmepak.com\/wp-content\/uploads\/2024\/12\/\u4e3b\u56fe-8-1024x1024.jpg 1024w, https:\/\/www.cosmepak.com\/wp-content\/uploads\/2024\/12\/\u4e3b\u56fe-8-150x150.jpg 150w, https:\/\/www.cosmepak.com\/wp-content\/uploads\/2024\/12\/\u4e3b\u56fe-8-768x768.jpg 768w, https:\/\/www.cosmepak.com\/wp-content\/uploads\/2024\/12\/\u4e3b\u56fe-8-12x12.jpg 12w, https:\/\/www.cosmepak.com\/wp-content\/uploads\/2024\/12\/\u4e3b\u56fe-8-600x600.jpg 600w, https:\/\/www.cosmepak.com\/wp-content\/uploads\/2024\/12\/\u4e3b\u56fe-8-100x100.jpg 100w\" sizes=\"(max-width: 1500px) 100vw, 1500px\" \/><\/td>\n<td style=\"width: 25.9108%; height: 24px;\">Nom de produit<\/td>\n<td style=\"width: 86.1633%; height: 24px;\">Bouteille de parfum 100ml<\/td>\n<\/tr>\n<tr style=\"height: 24px;\">\n<td style=\"width: 25.9108%; height: 24px;\">Mat\u00e9riel<\/td>\n<td style=\"width: 86.1633%; height: 24px;\">Verre<\/td>\n<\/tr>\n<tr style=\"height: 28px;\">\n<td style=\"width: 25.9108%; height: 28px;\">Taille<\/td>\n<td style=\"width: 86.1633%; height: 28px;\">58 * 123mm<\/td>\n<\/tr>\n<tr style=\"height: 27px;\">\n<td style=\"width: 25.9108%; height: 27px;\">Cou<\/td>\n<td style=\"width: 86.1633%; height: 27px;\">15 mm<\/td>\n<\/tr>\n<tr style=\"height: 24px;\">\n<td style=\"width: 25.9108%; height: 24px;\">Couleur<\/td>\n<td style=\"width: 86.1633%; height: 24px;\">Accepter personnalis\u00e9<\/td>\n<\/tr>\n<tr style=\"height: 24px;\">\n<td style=\"width: 25.9108%; height: 24px;\">Traitement des \u0153uvres<\/td>\n<td style=\"width: 86.1633%; height: 24px;\">Serigraphie\/\u00e9tiquetage\/estampage \u00e0 chaud~<\/td>\n<\/tr>\n<tr style=\"height: 24px;\">\n<td style=\"width: 25.9108%; height: 24px;\">Capacit\u00e9<\/td>\n<td style=\"width: 86.1633%; height: 24px;\">100 ml<\/td>\n<\/tr>\n<tr style=\"height: 24px;\">\n<td style=\"width: 25.9108%; height: 24px;\">MOQ<\/td>\n<td style=\"width: 86.1633%; height: 24px;\">10000pcs pour la coutume<\/td>\n<\/tr>\n<tr style=\"height: 24px;\">\n<td style=\"width: 25.9108%; height: 24px;\">D\u00e9lai de livraison<\/td>\n<td style=\"width: 86.1633%; height: 24px;\">35 \u00e0 45 jours apr\u00e8s la r\u00e9ception de la d\u00e9p\u00f4t.<\/td>\n<\/tr>\n<tr style=\"height: 24px;\">\n<td style=\"width: 25.9108%; height: 24px;\">Trimestre de paiement<\/td>\n<td style=\"width: 86.1633%; height: 24px;\">D\u00e9p\u00f4t de 50%, solde de 50% pay\u00e9 avant le chargement.<\/td>\n<\/tr>\n<\/tbody>\n<\/table>\n<p>Cette bouteille en verre de parfum allie design moderne et durabilit\u00e9 : la finesse artisanale assure une construction \u00e9paisse et non basculable, et sa finition claire et lumineuse donne une ambiance fra\u00eeche et fra\u00eeche. La forme unique brille encore plus avec un bouchon \u00e0 boules en r\u00e9sine color\u00e9e et un pulv\u00e9risateur de brume or-argent - pas de frills en exc\u00e8s, juste une pi\u00e8ce \u00e9l\u00e9gante qui est tout aussi pratique pour l'\u00e9vacuation et \u00e9l\u00e9gante qu'un accent de d\u00e9cor.<\/p>\n<p>Cette bouteille de parfum marie la durabilit\u00e9 \u00e0 la sophistication. Fabriqu\u00e9 \u00e0 partir de verre ambre recycl\u00e9, sa texture gel\u00e9e diffuse doucement la lumi\u00e8re, tandis que le casquet en bambou, tourn\u00e9 \u00e0 la main par des artisans, ajoute de la chaleur. Le design rechargeable r\u00e9duit les d\u00e9chets et l\u2019\u00e9tiquette minimaliste, imprim\u00e9e \u00e0 l\u2019encre de soja, compl\u00e8te l\u2019esth\u00e9tique \u00e9cologique. Parfait pour les parfums terreux ou bois\u00e9s, c\u2019est un choix \u00e9l\u00e9gant pour les consommateurs conscients qui refusent de faire des compromis sur la beaut\u00e9.<\/p>\n<p>Dans le domaine de l'emballage de produits de beaut\u00e9 et de soins personnels, un conteneur qui int\u00e8gre praticit\u00e9, respect de l'environnement et adaptabilit\u00e9 de la marque est un moteur crucial pour que les produits gagnent la faveur du march\u00e9. Notre bouteille de parfum avec des sp\u00e9cifications pr\u00e9cises mais se distingue \u00e9galement comme le partenaire id\u00e9al d'emballage pour vos produits, gr\u00e2ce \u00e0 sa philosophie environnementale exceptionnelle, \u00e0 ses services de personnalisation flexibles et \u00e0 un large \u00e9ventail de sc\u00e9narios d'application.<\/p>\n<p>Nous offrons cette bouteille de parfum en trois capacit\u00e9s diff\u00e9rentes: 30ml, 50ml et 100ml pour votre choix. et \u00e9galement disponible en couleur Ambre. Nous offrons \u00e9galement des couleurs personnalis\u00e9es, des logos et de l'impression comme vos exigences sp\u00e9ciales.<\/p>\n<p>&nbsp;<\/p>\n<table style=\"border-collapse: collapse; width: 100%;\">\n<tbody>\n<tr>\n<td style=\"width: 33.3333%;\" colspan=\"3\"><img decoding=\"async\" class=\"wp-image-3034 alignleft\" src=\"https:\/\/www.cosmepak.com\/wp-content\/uploads\/2024\/12\/8-3.jpg\" alt=\"\" width=\"1344\" height=\"1344\" srcset=\"https:\/\/www.cosmepak.com\/wp-content\/uploads\/2024\/12\/8-3.jpg 1000w, https:\/\/www.cosmepak.com\/wp-content\/uploads\/2024\/12\/8-3-300x300.jpg 300w, https:\/\/www.cosmepak.com\/wp-content\/uploads\/2024\/12\/8-3-150x150.jpg 150w, https:\/\/www.cosmepak.com\/wp-content\/uploads\/2024\/12\/8-3-768x768.jpg 768w, https:\/\/www.cosmepak.com\/wp-content\/uploads\/2024\/12\/8-3-12x12.jpg 12w, https:\/\/www.cosmepak.com\/wp-content\/uploads\/2024\/12\/8-3-600x600.jpg 600w, https:\/\/www.cosmepak.com\/wp-content\/uploads\/2024\/12\/8-3-100x100.jpg 100w\" sizes=\"(max-width: 1344px) 100vw, 1344px\" \/><\/td>\n<\/tr>\n<tr>\n<td style=\"width: 33.3333%;\"><img decoding=\"async\" class=\"alignnone size-full wp-image-3035\" src=\"https:\/\/www.cosmepak.com\/wp-content\/uploads\/2024\/12\/\u8be6\u60c5-10.jpg\" alt=\"\" width=\"1000\" height=\"1000\" srcset=\"https:\/\/www.cosmepak.com\/wp-content\/uploads\/2024\/12\/\u8be6\u60c5-10.jpg 1000w, https:\/\/www.cosmepak.com\/wp-content\/uploads\/2024\/12\/\u8be6\u60c5-10-300x300.jpg 300w, https:\/\/www.cosmepak.com\/wp-content\/uploads\/2024\/12\/\u8be6\u60c5-10-150x150.jpg 150w, https:\/\/www.cosmepak.com\/wp-content\/uploads\/2024\/12\/\u8be6\u60c5-10-768x768.jpg 768w, https:\/\/www.cosmepak.com\/wp-content\/uploads\/2024\/12\/\u8be6\u60c5-10-12x12.jpg 12w, https:\/\/www.cosmepak.com\/wp-content\/uploads\/2024\/12\/\u8be6\u60c5-10-600x600.jpg 600w, https:\/\/www.cosmepak.com\/wp-content\/uploads\/2024\/12\/\u8be6\u60c5-10-100x100.jpg 100w\" sizes=\"(max-width: 1000px) 100vw, 1000px\" \/><\/td>\n<td style=\"width: 33.3333%;\"><img loading=\"lazy\" decoding=\"async\" class=\"alignnone size-full wp-image-3036\" src=\"https:\/\/www.cosmepak.com\/wp-content\/uploads\/2024\/12\/\u8be6\u60c5-11.jpg\" alt=\"\" width=\"1000\" height=\"1000\" srcset=\"https:\/\/www.cosmepak.com\/wp-content\/uploads\/2024\/12\/\u8be6\u60c5-11.jpg 1000w, https:\/\/www.cosmepak.com\/wp-content\/uploads\/2024\/12\/\u8be6\u60c5-11-300x300.jpg 300w, https:\/\/www.cosmepak.com\/wp-content\/uploads\/2024\/12\/\u8be6\u60c5-11-150x150.jpg 150w, https:\/\/www.cosmepak.com\/wp-content\/uploads\/2024\/12\/\u8be6\u60c5-11-768x768.jpg 768w, https:\/\/www.cosmepak.com\/wp-content\/uploads\/2024\/12\/\u8be6\u60c5-11-12x12.jpg 12w, https:\/\/www.cosmepak.com\/wp-content\/uploads\/2024\/12\/\u8be6\u60c5-11-600x600.jpg 600w, https:\/\/www.cosmepak.com\/wp-content\/uploads\/2024\/12\/\u8be6\u60c5-11-100x100.jpg 100w\" sizes=\"(max-width: 1000px) 100vw, 1000px\" \/><\/td>\n<td style=\"width: 33.3333%;\"><img loading=\"lazy\" decoding=\"async\" class=\"alignnone size-full wp-image-3037\" src=\"https:\/\/www.cosmepak.com\/wp-content\/uploads\/2024\/12\/5-3.jpg\" alt=\"\" width=\"1000\" height=\"1000\" srcset=\"https:\/\/www.cosmepak.com\/wp-content\/uploads\/2024\/12\/5-3.jpg 1000w, https:\/\/www.cosmepak.com\/wp-content\/uploads\/2024\/12\/5-3-300x300.jpg 300w, https:\/\/www.cosmepak.com\/wp-content\/uploads\/2024\/12\/5-3-150x150.jpg 150w, https:\/\/www.cosmepak.com\/wp-content\/uploads\/2024\/12\/5-3-768x768.jpg 768w, https:\/\/www.cosmepak.com\/wp-content\/uploads\/2024\/12\/5-3-12x12.jpg 12w, https:\/\/www.cosmepak.com\/wp-content\/uploads\/2024\/12\/5-3-600x600.jpg 600w, https:\/\/www.cosmepak.com\/wp-content\/uploads\/2024\/12\/5-3-100x100.jpg 100w\" sizes=\"(max-width: 1000px) 100vw, 1000px\" \/><\/td>\n<\/tr>\n<\/tbody>\n<\/table>\n<p><img loading=\"lazy\" decoding=\"async\" class=\"alignnone wp-image-3038\" src=\"https:\/\/www.cosmepak.com\/wp-content\/uploads\/2024\/12\/\u8be6\u60c5-4.jpg\" alt=\"\" width=\"1394\" height=\"1394\" srcset=\"https:\/\/www.cosmepak.com\/wp-content\/uploads\/2024\/12\/\u8be6\u60c5-4.jpg 1000w, https:\/\/www.cosmepak.com\/wp-content\/uploads\/2024\/12\/\u8be6\u60c5-4-300x300.jpg 300w, https:\/\/www.cosmepak.com\/wp-content\/uploads\/2024\/12\/\u8be6\u60c5-4-150x150.jpg 150w, https:\/\/www.cosmepak.com\/wp-content\/uploads\/2024\/12\/\u8be6\u60c5-4-768x768.jpg 768w, https:\/\/www.cosmepak.com\/wp-content\/uploads\/2024\/12\/\u8be6\u60c5-4-12x12.jpg 12w, https:\/\/www.cosmepak.com\/wp-content\/uploads\/2024\/12\/\u8be6\u60c5-4-600x600.jpg 600w, https:\/\/www.cosmepak.com\/wp-content\/uploads\/2024\/12\/\u8be6\u60c5-4-100x100.jpg 100w\" sizes=\"(max-width: 1394px) 100vw, 1394px\" \/><\/p>\n<p style=\"text-align: center;\">\u00c0 PROPOS DE NOUS<\/p>\n<p>Notre usine s'est sp\u00e9cialis\u00e9e dans la fabrication d'emballages cosm\u00e9tiques plus de 10 ans. Nous avions pass\u00e9 la certification ISO9000\/14000, peut fournir SGS et MSDS aussi bien.<br \/>\nNous adh\u00e9rons au principe des affaires honn\u00eates \u00e0 chaque client.<\/p>\n<p>Nous sommes sp\u00e9cialis\u00e9s dans une large gamme de produits d'emballage, y compris les bouteilles en verre, les contenants en plastique et les solutions de distribution. Nos produits sont largement utilis\u00e9s dans les industries des cosm\u00e9tiques, des soins personnels et du m\u00e9nage.<\/p>\n<p>Hangzhou Jaunce est votre meilleur choix, nous ne sommes pas seulement le fournisseur, nous sommes \u00e9galement votre ami, s'il vous pla\u00eet laissez-nous gagner gagner ensemble.<\/p>\n<p><img loading=\"lazy\" decoding=\"async\" class=\"alignnone size-full wp-image-2391\" src=\"https:\/\/www.cosmepak.com\/wp-content\/uploads\/2025\/06\/factory-has-specialized-in-cosmetic-packaging-manufacturing.webp\" alt=\"\" width=\"1920\" height=\"885\" srcset=\"https:\/\/www.cosmepak.com\/wp-content\/uploads\/2025\/06\/factory-has-specialized-in-cosmetic-packaging-manufacturing.webp 1920w, https:\/\/www.cosmepak.com\/wp-content\/uploads\/2025\/06\/factory-has-specialized-in-cosmetic-packaging-manufacturing-300x138.webp 300w, https:\/\/www.cosmepak.com\/wp-content\/uploads\/2025\/06\/factory-has-specialized-in-cosmetic-packaging-manufacturing-1024x472.webp 1024w, https:\/\/www.cosmepak.com\/wp-content\/uploads\/2025\/06\/factory-has-specialized-in-cosmetic-packaging-manufacturing-768x354.webp 768w, https:\/\/www.cosmepak.com\/wp-content\/uploads\/2025\/06\/factory-has-specialized-in-cosmetic-packaging-manufacturing-1536x708.webp 1536w, https:\/\/www.cosmepak.com\/wp-content\/uploads\/2025\/06\/factory-has-specialized-in-cosmetic-packaging-manufacturing-18x8.webp 18w, https:\/\/www.cosmepak.com\/wp-content\/uploads\/2025\/06\/factory-has-specialized-in-cosmetic-packaging-manufacturing-600x277.webp 600w\" sizes=\"(max-width: 1920px) 100vw, 1920px\" \/><\/p>\n<p>&nbsp;<\/p>","protected":false},"excerpt":{"rendered":"<p>Capacit\u00e9: 100 ml<\/p>\n<p>Taille du cou: 15mm<\/p>\n<p>Mat\u00e9riau: verre<\/p>\n<p>Taille: 58 * 123mm<\/p>\n<p>Personnalisation: Acceptez la couleur\/logo\/accessoires etc. avec MOQ 10000pcs<\/p>\n<p>MOQ: 5000pcs en couleur transparente claire<\/p>","protected":false},"featured_media":3039,"comment_status":"closed","ping_status":"closed","template":"","meta":{"_acf_changed":false},"product_brand":[],"product_cat":[17],"product_tag":[],"class_list":{"0":"post-151","1":"product","2":"type-product","3":"status-publish","4":"has-post-thumbnail","6":"product_cat-perfume-bottle","8":"first","9":"outofstock","10":"shipping-taxable","11":"product-type-simple"},"acf":[],"_links":{"self":[{"href":"https:\/\/www.cosmepak.com\/fr\/wp-json\/wp\/v2\/product\/151","targetHints":{"allow":["GET"]}}],"collection":[{"href":"https:\/\/www.cosmepak.com\/fr\/wp-json\/wp\/v2\/product"}],"about":[{"href":"https:\/\/www.cosmepak.com\/fr\/wp-json\/wp\/v2\/types\/product"}],"replies":[{"embeddable":true,"href":"https:\/\/www.cosmepak.com\/fr\/wp-json\/wp\/v2\/comments?post=151"}],"wp:featuredmedia":[{"embeddable":true,"href":"https:\/\/www.cosmepak.com\/fr\/wp-json\/wp\/v2\/media\/3039"}],"wp:attachment":[{"href":"https:\/\/www.cosmepak.com\/fr\/wp-json\/wp\/v2\/media?parent=151"}],"wp:term":[{"taxonomy":"product_brand","embeddable":true,"href":"https:\/\/www.cosmepak.com\/fr\/wp-json\/wp\/v2\/product_brand?post=151"},{"taxonomy":"product_cat","embeddable":true,"href":"https:\/\/www.cosmepak.com\/fr\/wp-json\/wp\/v2\/product_cat?post=151"},{"taxonomy":"product_tag","embeddable":true,"href":"https:\/\/www.cosmepak.com\/fr\/wp-json\/wp\/v2\/product_tag?post=151"}],"curies":[{"name":"WP","href":"https:\/\/api.w.org\/{rel}","templated":true}]}}