{"id":152,"date":"2024-12-31T12:08:02","date_gmt":"2024-12-31T04:08:02","guid":{"rendered":"http:\/\/www.cosmepak.com\/?post_type=product&#038;p=152"},"modified":"2026-04-28T14:14:41","modified_gmt":"2026-04-28T06:14:41","slug":"glass-bottle-140ml-round-dissuser-bottle","status":"publish","type":"product","link":"https:\/\/www.cosmepak.com\/fr\/product\/glass-bottle-140ml-round-dissuser-bottle\/","title":{"rendered":"Bouteille de verre \/ bouteille ronde de dissuser de 140ml"},"content":{"rendered":"<table style=\"border-collapse: collapse; width: 100%;\">\n<tbody>\n<tr>\n<td style=\"width: 45.7802%; text-align: center;\">Nom d'article<\/td>\n<td style=\"width: 54.2198%; text-align: center;\">Bouteille de diffuseur<\/td>\n<\/tr>\n<tr>\n<td style=\"width: 45.7802%; text-align: center;\">Capacit\u00e9<\/td>\n<td style=\"width: 54.2198%; text-align: center;\">140 ml<\/td>\n<\/tr>\n<tr>\n<td style=\"width: 45.7802%; text-align: center;\">Taille<\/td>\n<td style=\"width: 54.2198%; text-align: center;\">70x 76 mm<\/td>\n<\/tr>\n<tr>\n<td style=\"width: 45.7802%; text-align: center;\">Mat\u00e9riel<\/td>\n<td style=\"width: 54.2198%; text-align: center;\">Verre<\/td>\n<\/tr>\n<tr>\n<td style=\"width: 45.7802%; text-align: center;\">Couleur<\/td>\n<td style=\"width: 54.2198%; text-align: center;\">personnalis\u00e9<\/td>\n<\/tr>\n<tr>\n<td style=\"width: 45.7802%; text-align: center;\">Traitement des \u0153uvres<\/td>\n<td style=\"width: 54.2198%; text-align: center;\">Impression \u00e0 Silkscreen, \u00e9tiquetage.<\/td>\n<\/tr>\n<tr>\n<td style=\"width: 45.7802%; text-align: center;\">MOQ<\/td>\n<td style=\"width: 54.2198%; text-align: center;\">5000pcs<\/td>\n<\/tr>\n<\/tbody>\n<\/table>\n<p><img fetchpriority=\"high\" decoding=\"async\" class=\"alignnone wp-image-1357\" src=\"https:\/\/www.cosmepak.com\/wp-content\/uploads\/2024\/12\/O1CN01H3wXf42GHTelEiJtv_2218387698990-0-cib.jpg\" alt=\"\" width=\"1375\" height=\"1405\" srcset=\"https:\/\/www.cosmepak.com\/wp-content\/uploads\/2024\/12\/O1CN01H3wXf42GHTelEiJtv_2218387698990-0-cib.jpg 790w, https:\/\/www.cosmepak.com\/wp-content\/uploads\/2024\/12\/O1CN01H3wXf42GHTelEiJtv_2218387698990-0-cib-294x300.jpg 294w, https:\/\/www.cosmepak.com\/wp-content\/uploads\/2024\/12\/O1CN01H3wXf42GHTelEiJtv_2218387698990-0-cib-768x785.jpg 768w, https:\/\/www.cosmepak.com\/wp-content\/uploads\/2024\/12\/O1CN01H3wXf42GHTelEiJtv_2218387698990-0-cib-600x613.jpg 600w\" sizes=\"(max-width: 1375px) 100vw, 1375px\" \/><\/p>\n<p>Pick\u0628\u0648\u0635\u0629\u062c\u0631\u0627\u0645 une forme de bouteille de parfum qui s'adapte \u00e0 votre style rend votre parfum extra sp\u00e9cial. Par exemple, les bouteilles rondes font appel \u00e0 ceux qui aiment la beaut\u00e9 classique. Ces designs montrent la douceur et le charme calme. Ils sont parfaits pour les gens qui aiment les looks old-school.<\/p>\n<p>Si vous \u00eates audacieux ou aimez be\u0628\u0648\u0635\u062c\u0631\u0627\u0645 diff\u00e9rent, aller pour des formes bizarres ou artistiques. Des designs cool et abstraits sont synonymes de parfum\u00e8tres \u00e0 esprit libre. Ces regards courageux montrent de nouvelles id\u00e9es et un style unique. Il est parfait pour ceux qui ont un c\u0153ur libre.<\/p>\n<p>Q1: Comment unbox\u0628\u0648\u0635\u0629\u062c\u0631\u0627\u0645 aide-t-il \u00e0 garder les acheteurs fid\u00e8les \u00e0 une marque?<\/p>\n<p>Un unbox\u0628\u0648\u0635\u0629\u062c\u0631\u0627\u0645 \u0645\u062a\u0631oment bien planifi\u00e9 cr\u00e9e un lien de c\u0153ur avec les acheteurs. Cela les rend plus susceptibles de rester avec la marque.<\/p>\n<p>Q2: Pourquoi les bouteilles de parfum sont-elles consid\u00e9r\u00e9es comme de l'art?<\/p>\n<p>Perfumer bouteilles de grain au-del\u00e0 de leur travail. Ils repr\u00e9sentent qui vous \u00eates et votre place dans le monde. Leur look artistique les rend dignes de collecte et de d\u00e9monstration.<\/p>\n<p>Q3 : Quels sont les dessigramns de Jaunce qui se distinguent ?<\/p>\n<p>Jaunce m\u00e9lange des formes audacieuses avec des mat\u00e9riaux riches et des touches sophistiqu\u00e9es. Ils cr\u00e9ent un pack unique qui convient \u00e0 de nombreux go\u00fbts.<\/p>\n<p>Pourquoi la bouteille de parfum Desi\u062c\u0631\u0627\u0645n joue un r\u00f4le crucial dans l'identit\u00e9 de la marque - Jaunce industrial<\/p>\n<p>Produits - Jaunce poucedustrial - Page 3<\/p>\n<p>Pourquoi les bouteilles cosm\u00e9tiques sont-elles importantes ?<\/p>\n<p>Comment les bouteilles cosm\u00e9tiques prot\u00e8gent-elles les produits ?<\/p>\n<p>&nbsp;<\/p>\n<p><img decoding=\"async\" class=\"alignnone wp-image-1356\" src=\"https:\/\/www.cosmepak.com\/wp-content\/uploads\/2024\/12\/1-2.jpg\" alt=\"\" width=\"1399\" height=\"1399\" srcset=\"https:\/\/www.cosmepak.com\/wp-content\/uploads\/2024\/12\/1-2.jpg 1000w, https:\/\/www.cosmepak.com\/wp-content\/uploads\/2024\/12\/1-2-300x300.jpg 300w, https:\/\/www.cosmepak.com\/wp-content\/uploads\/2024\/12\/1-2-150x150.jpg 150w, https:\/\/www.cosmepak.com\/wp-content\/uploads\/2024\/12\/1-2-768x768.jpg 768w, https:\/\/www.cosmepak.com\/wp-content\/uploads\/2024\/12\/1-2-600x600.jpg 600w, https:\/\/www.cosmepak.com\/wp-content\/uploads\/2024\/12\/1-2-100x100.jpg 100w\" sizes=\"(max-width: 1399px) 100vw, 1399px\" \/><\/p>\n<p>Comment personnaliser en fonction des codes de couleur Pantone fournis par le client<br \/>\n<strong>Communication client :<\/strong><br \/>\nConfirmez les exigences sp\u00e9cifiques de personnalisation du client, y compris les codes de couleur Pantone, la quantit\u00e9, le d\u00e9lai de livraison, etc.<br \/>\nConfirmez avec le client s'il y a d'autres exigences sp\u00e9ciales, telles que l'emballage, les \u00e9tiquettes, etc.<br \/>\n<strong>Confirmation de l'\u00e9chantillon de couleur:<\/strong><br \/>\nEn fonction du code couleur Pantone fourni par le client, pr\u00e9parez les \u00e9chantillons de couleur correspondants.<br \/>\nEnvoyez les \u00e9chantillons de couleur au client pour confirmation afin d'assurer l'exactitude de la couleur.<br \/>\n<strong>Pr\u00e9paration des mati\u00e8res premi\u00e8res:<\/strong><br \/>\nAcheter ou pr\u00e9parer des mati\u00e8res premi\u00e8res qui r\u00e9pondent aux exigences du code couleur Pantone.<br \/>\nAssurer la qualit\u00e9 et la coh\u00e9rence de couleur des mati\u00e8res premi\u00e8res.<br \/>\n<strong>Correspondance de couleur de production:<\/strong><br \/>\nPendant le processus de production, l'appariement des couleurs est effectu\u00e9 strictement selon les num\u00e9ros de couleur Pantone.<br \/>\nMettre en \u0153uvre la production d'essai \u00e0 petite \u00e9chelle pour s'assurer que la couleur correspond au client&#8217; S exigences.<br \/>\n<strong>Contr\u00f4le de qualit\u00e9 :<\/strong><br \/>\nAu cours du processus de production, plusieurs contr\u00f4les de couleur sont effectu\u00e9s pour s'assurer que la couleur de chaque lot de produits est coh\u00e9rente.<br \/>\nEffectuer des inspections finales du produit pour s'assurer que la qualit\u00e9 du produit r\u00e9pond aux normes.<br \/>\n<strong>Confirmation client :<\/strong><br \/>\nEnvoyez les \u00e9chantillons produits ou les produits finis aux clients pour confirmation.<br \/>\nFaire des ajustements finaux et des am\u00e9liorations en fonction des clients&#8217; r\u00e9troaction.<br \/>\n<strong>Production par lots :<\/strong><br \/>\nApr\u00e8s que le client confirme qu'il est correct, la production \u00e0 grande \u00e9chelle sera effectu\u00e9e.<br \/>\nAssurez-vous que la couleur et la qualit\u00e9 de chaque lot de produits sont coh\u00e9rentes.<br \/>\n<strong>Emballage et exp\u00e9dition:<\/strong><br \/>\nL'emballage est effectu\u00e9 selon le client&#8217; S exigences.<br \/>\nOrganisez la logistique et livrez les produits aux clients \u00e0 temps.<\/p>\n<table style=\"border-collapse: collapse; width: 100%;\">\n<tbody>\n<tr>\n<td style=\"width: 50%;\"><img decoding=\"async\" class=\"alignnone size-full wp-image-1346\" src=\"https:\/\/www.cosmepak.com\/wp-content\/uploads\/2024\/12\/company_\u526f\u672c.jpg\" alt=\"\" width=\"1060\" height=\"764\" srcset=\"https:\/\/www.cosmepak.com\/wp-content\/uploads\/2024\/12\/company_\u526f\u672c.jpg 1060w, https:\/\/www.cosmepak.com\/wp-content\/uploads\/2024\/12\/company_\u526f\u672c-300x216.jpg 300w, https:\/\/www.cosmepak.com\/wp-content\/uploads\/2024\/12\/company_\u526f\u672c-1024x738.jpg 1024w, https:\/\/www.cosmepak.com\/wp-content\/uploads\/2024\/12\/company_\u526f\u672c-768x554.jpg 768w, https:\/\/www.cosmepak.com\/wp-content\/uploads\/2024\/12\/company_\u526f\u672c-600x432.jpg 600w\" sizes=\"(max-width: 1060px) 100vw, 1060px\" \/><\/td>\n<td style=\"width: 50%;\">Notre usine s'est sp\u00e9cialis\u00e9e dans la fabrication d'emballages cosm\u00e9tiques de plus de 10 ans;<\/p>\n<p>\u2611  Maintenant, nous avons 1 usine pour les bouteilles de verre, la capacit\u00e9 peut \u00eatre 400,000pcs \/ jour.<br \/>\n\u2611  1Factory pour les bouteilles en plastique, la capacit\u00e9 peut \u00eatre 50.000pcs \/ jour.<br \/>\n\u2611  1factory pour les bouteilles d'alumninum, la capacit\u00e9 peut \u00eatre 100.000pcs \/ jour.<br \/>\nNous avions pass\u00e9 la certification ISO9000\/14000, peut fournir SGS et MSDS aussi bien.<br \/>\nNous adh\u00e9rons au principe des affaires honn\u00eates \u00e0 chaque client.<br \/>\nBienvenue pour coop\u00e9rer!<\/td>\n<\/tr>\n<\/tbody>\n<\/table>\n<p><img loading=\"lazy\" decoding=\"async\" class=\"alignnone size-full wp-image-1347\" src=\"https:\/\/www.cosmepak.com\/wp-content\/uploads\/2024\/12\/\u9996\u987519202_03.jpg\" alt=\"\" width=\"1920\" height=\"885\" srcset=\"https:\/\/www.cosmepak.com\/wp-content\/uploads\/2024\/12\/\u9996\u987519202_03.jpg 1920w, https:\/\/www.cosmepak.com\/wp-content\/uploads\/2024\/12\/\u9996\u987519202_03-300x138.jpg 300w, https:\/\/www.cosmepak.com\/wp-content\/uploads\/2024\/12\/\u9996\u987519202_03-1024x472.jpg 1024w, https:\/\/www.cosmepak.com\/wp-content\/uploads\/2024\/12\/\u9996\u987519202_03-768x354.jpg 768w, https:\/\/www.cosmepak.com\/wp-content\/uploads\/2024\/12\/\u9996\u987519202_03-1536x708.jpg 1536w, https:\/\/www.cosmepak.com\/wp-content\/uploads\/2024\/12\/\u9996\u987519202_03-600x277.jpg 600w\" sizes=\"(max-width: 1920px) 100vw, 1920px\" \/><\/p>\n<p>&nbsp;<\/p>\n<p>&nbsp;<\/p>\n<div><\/div>","protected":false},"excerpt":{"rendered":"<p>Mat\u00e9riau: verre<\/p>\n<p>Capacit\u00e9: 140 ml<\/p>\n<p>Couleur: Accepter (toute couleur Pantone disponible)<\/p>\n<p>Taille: OD: 70 mm;<\/p>\n<p>MOQ: 10000pcs pour personnaliser<\/p>\n<p>Application: Largement utilis\u00e9 dans la chambre \u00e0 coucher \/ salon \/ bureau \/ toilette etc.<\/p>","protected":false},"featured_media":1262,"comment_status":"closed","ping_status":"closed","template":"","meta":{"_acf_changed":false},"product_brand":[],"product_cat":[17],"product_tag":[],"class_list":{"0":"post-152","1":"product","2":"type-product","3":"status-publish","4":"has-post-thumbnail","6":"product_cat-perfume-bottle","8":"first","9":"outofstock","10":"shipping-taxable","11":"product-type-simple"},"acf":[],"_links":{"self":[{"href":"https:\/\/www.cosmepak.com\/fr\/wp-json\/wp\/v2\/product\/152","targetHints":{"allow":["GET"]}}],"collection":[{"href":"https:\/\/www.cosmepak.com\/fr\/wp-json\/wp\/v2\/product"}],"about":[{"href":"https:\/\/www.cosmepak.com\/fr\/wp-json\/wp\/v2\/types\/product"}],"replies":[{"embeddable":true,"href":"https:\/\/www.cosmepak.com\/fr\/wp-json\/wp\/v2\/comments?post=152"}],"wp:featuredmedia":[{"embeddable":true,"href":"https:\/\/www.cosmepak.com\/fr\/wp-json\/wp\/v2\/media\/1262"}],"wp:attachment":[{"href":"https:\/\/www.cosmepak.com\/fr\/wp-json\/wp\/v2\/media?parent=152"}],"wp:term":[{"taxonomy":"product_brand","embeddable":true,"href":"https:\/\/www.cosmepak.com\/fr\/wp-json\/wp\/v2\/product_brand?post=152"},{"taxonomy":"product_cat","embeddable":true,"href":"https:\/\/www.cosmepak.com\/fr\/wp-json\/wp\/v2\/product_cat?post=152"},{"taxonomy":"product_tag","embeddable":true,"href":"https:\/\/www.cosmepak.com\/fr\/wp-json\/wp\/v2\/product_tag?post=152"}],"curies":[{"name":"WP","href":"https:\/\/api.w.org\/{rel}","templated":true}]}}