{"id":1521,"date":"2025-03-28T09:44:00","date_gmt":"2025-03-28T01:44:00","guid":{"rendered":"https:\/\/www.cosmepak.com\/?post_type=product&#038;p=1521"},"modified":"2025-10-22T15:33:18","modified_gmt":"2025-10-22T07:33:18","slug":"essential-oil-bottle-10ml-15ml-20ml-30ml-50ml-essential-oil-glass-bottle-jaunce","status":"publish","type":"product","link":"https:\/\/www.cosmepak.com\/fr\/product\/essential-oil-bottle-10ml-15ml-20ml-30ml-50ml-essential-oil-glass-bottle-jaunce\/","title":{"rendered":"Jaunce \u0645\u062a\u0631akes bouteilles qui sont pratiques et \u062c\u0631\u0627\u0645ood pour la plan\u00e8te. Ils utilisent des mat\u00e9riaux recyclables pour des produits \u00e0 la fois sophistiqu\u00e9s et \u00e9conomiques. Leurs bouteilles en PET sont l\u00e9g\u00e8res et robustes, parfaites pour les shampooings. Leurs bouteilles en verre peuvent avoir des dessins frost\u00e9s ou imprim\u00e9s pour un look \u00e9l\u00e9gant, comme d\u00e9corer votre carnet pr\u00e9f\u00e9r\u00e9."},"content":{"rendered":"<table style=\"border-collapse: collapse; width: 100%; height: 242px;\">\n<tbody>\n<tr style=\"height: 24px;\">\n<td style=\"width: 52.3373%; height: 24px; text-align: center;\">Marque<\/td>\n<td style=\"width: 47.6627%; height: 24px; text-align: center;\">\u00a0Jaunce<\/td>\n<\/tr>\n<tr style=\"height: 24px;\">\n<td style=\"width: 52.3373%; height: 24px; text-align: center;\">Capacit\u00e9<\/td>\n<td style=\"width: 47.6627%; height: 24px; text-align: center;\">Compact, convivial packa\u062c\u0631\u0627\u0645\u0628\u0648\u0635\u0629g convient aux acheteurs en d\u00e9placement d'aujourd'hui. En tant que boomers des achats en ligne, les gens veulent de minuscules parfums, \u00e9chantillons, kits de test ou tailles de voyage. Ceux-ci permettent aux utilisateurs de porter des favoris sans prendre beaucoup d'espace.<\/td>\n<\/tr>\n<tr style=\"height: 24px;\">\n<td style=\"width: 52.3373%; height: 24px; text-align: center;\">Forme<\/td>\n<td style=\"width: 47.6627%; height: 24px; text-align: center;\">Rond<\/td>\n<\/tr>\n<tr style=\"height: 24px;\">\n<td style=\"width: 52.3373%; height: 24px; text-align: center;\">Mat\u00e9riel<\/td>\n<td style=\"width: 47.6627%; height: 24px; text-align: center;\">Les tailles de voyage ont souvent des desi\u062c\u0631\u0627mns s\u0645\u062a\u0631art. Ils m\u00e9langent carry\u0628\u0648\u0635\u0629g facile avec une bonne utilisation. Par exemple, de petites bouteilles d'\u00e9chantillons ou de petits ensembles d'ombres \u00e0 yeux correspondent aux go\u00fbts de beaut\u00e9 et aux besoins r\u00e9els. Ils stimulent la joie des utilisateurs. Ils permettent \u00e9galement aux marques d'attirer de nouveaux acheteurs avec des tailles d'essai.<\/td>\n<\/tr>\n<tr style=\"height: 24px;\">\n<td style=\"width: 52.3373%; height: 26px; text-align: center;\">Poids<\/td>\n<td style=\"width: 47.6627%; height: 26px; text-align: center;\">Us\u0628\u0648\u0635\u0629\u062c\u0631\u0627\u0645 Produits Jaunce pour Balanced Packaging<\/td>\n<\/tr>\n<tr style=\"height: 24px;\">\n<td style=\"width: 52.3373%; height: 24px; text-align: center;\">Convenable<\/td>\n<td style=\"width: 47.6627%; height: 24px; text-align: center;\">Compte-gouttes<\/td>\n<\/tr>\n<tr style=\"height: 24px;\">\n<td style=\"width: 52.3373%; height: 24px; text-align: center;\">Mod\u00e8le<\/td>\n<td style=\"width: 47.6627%; height: 24px; text-align: center;\">JH-LWM06<\/td>\n<\/tr>\n<tr style=\"height: 24px;\">\n<td style=\"width: 52.3373%; height: 24px; text-align: center;\">OEM \/ ODM<\/td>\n<td style=\"width: 47.6627%; height: 24px; text-align: center;\">Accepter<\/td>\n<\/tr>\n<tr style=\"height: 24px;\">\n<td style=\"width: 52.3373%; height: 24px; text-align: center;\">Couleur<\/td>\n<td style=\"width: 47.6627%; height: 24px; text-align: center;\">Personnalis\u00e9<\/td>\n<\/tr>\n<tr style=\"height: 24px;\">\n<td style=\"width: 52.3373%; height: 24px; text-align: center;\">MOQ<\/td>\n<td style=\"width: 47.6627%; height: 24px; text-align: center;\">G\u00e9n\u00e9ral 5000pcs;<\/td>\n<\/tr>\n<\/tbody>\n<\/table>\n<p>&nbsp;<\/p>\n<p><img fetchpriority=\"high\" decoding=\"async\" class=\"size-full wp-image-1524 aligncenter\" src=\"https:\/\/www.cosmepak.com\/wp-content\/uploads\/2025\/03\/photobank-3-2.jpg\" alt=\"\" width=\"1000\" height=\"1000\" srcset=\"https:\/\/www.cosmepak.com\/wp-content\/uploads\/2025\/03\/photobank-3-2.jpg 1000w, https:\/\/www.cosmepak.com\/wp-content\/uploads\/2025\/03\/photobank-3-2-300x300.jpg 300w, https:\/\/www.cosmepak.com\/wp-content\/uploads\/2025\/03\/photobank-3-2-150x150.jpg 150w, https:\/\/www.cosmepak.com\/wp-content\/uploads\/2025\/03\/photobank-3-2-768x768.jpg 768w, https:\/\/www.cosmepak.com\/wp-content\/uploads\/2025\/03\/photobank-3-2-600x600.jpg 600w, https:\/\/www.cosmepak.com\/wp-content\/uploads\/2025\/03\/photobank-3-2-100x100.jpg 100w\" sizes=\"(max-width: 1000px) 100vw, 1000px\" \/><\/p>\n<table style=\"border-collapse: collapse; width: 100%;\">\n<tbody>\n<tr>\n<td style=\"width: 16.6667%; text-align: center;\"><strong>Capacit\u00e9<\/strong><\/td>\n<td style=\"width: 16.6667%; text-align: center;\"><strong>Hauteur totale<\/strong><\/td>\n<td style=\"width: 16.6667%; text-align: center;\"><strong>Hauteur de bouteille<\/strong><\/td>\n<td style=\"width: 16.6667%; text-align: center;\"><strong>Hauteur imprimable<\/strong><\/td>\n<td style=\"width: 16.6667%; text-align: center;\"><strong>Dia<\/strong><\/td>\n<td style=\"width: 16.6667%; text-align: center;\"><strong>Poids<\/strong><\/td>\n<\/tr>\n<tr>\n<td style=\"width: 16.6667%; text-align: center;\">10 ml<\/td>\n<td style=\"width: 16.6667%; text-align: center;\">82 mm<\/td>\n<td style=\"width: 16.6667%; text-align: center;\">58 mm<\/td>\n<td style=\"width: 16.6667%; text-align: center;\">31 mm<\/td>\n<td style=\"width: 16.6667%; text-align: center;\">24.5mm<\/td>\n<td style=\"width: 16.6667%; text-align: center;\">31G<\/td>\n<\/tr>\n<tr>\n<td style=\"width: 16.6667%; text-align: center;\">15 ml<\/td>\n<td style=\"width: 16.6667%; text-align: center;\">88 mm<\/td>\n<td style=\"width: 16.6667%; text-align: center;\">65 mm<\/td>\n<td style=\"width: 16.6667%; text-align: center;\">36 mm<\/td>\n<td style=\"width: 16.6667%; text-align: center;\">28.5mm<\/td>\n<td style=\"width: 16.6667%; text-align: center;\">36g<\/td>\n<\/tr>\n<tr>\n<td style=\"width: 16.6667%; text-align: center;\">20 ml<\/td>\n<td style=\"width: 16.6667%; text-align: center;\">95 mm<\/td>\n<td style=\"width: 16.6667%; text-align: center;\">71 mm<\/td>\n<td style=\"width: 16.6667%; text-align: center;\">42 mm<\/td>\n<td style=\"width: 16.6667%; text-align: center;\">29 mm<\/td>\n<td style=\"width: 16.6667%; text-align: center;\">40g<\/td>\n<\/tr>\n<tr>\n<td style=\"width: 16.6667%; text-align: center;\">30 ml<\/td>\n<td style=\"width: 16.6667%; text-align: center;\">103 mm<\/td>\n<td style=\"width: 16.6667%; text-align: center;\">78 mm<\/td>\n<td style=\"width: 16.6667%; text-align: center;\">50 mm<\/td>\n<td style=\"width: 16.6667%; text-align: center;\">33 mm<\/td>\n<td style=\"width: 16.6667%; text-align: center;\">49g<\/td>\n<\/tr>\n<tr>\n<td style=\"width: 16.6667%; text-align: center;\">50 ml<\/td>\n<td style=\"width: 16.6667%; text-align: center;\">116 mm<\/td>\n<td style=\"width: 16.6667%; text-align: center;\">92 mm<\/td>\n<td style=\"width: 16.6667%; text-align: center;\">60 mm<\/td>\n<td style=\"width: 16.6667%; text-align: center;\">37 mm<\/td>\n<td style=\"width: 16.6667%; text-align: center;\">62g<\/td>\n<\/tr>\n<\/tbody>\n<\/table>\n<table style=\"border-collapse: collapse; width: 100%; height: 144px;\">\n<tbody>\n<tr style=\"height: 24px;\">\n<td style=\"width: 20%; text-align: center; height: 24px;\"><strong>Article\u00a0<\/strong><\/td>\n<td style=\"width: 20%; text-align: center; height: 24px;\"><strong>Qt\u00e9<\/strong><\/td>\n<td style=\"width: 20%; text-align: center; height: 24px;\"><strong>Taille de l'emballage<\/strong><\/td>\n<td style=\"width: 20%; text-align: center; height: 24px;\"><strong>NW<\/strong><\/td>\n<td style=\"width: 20%; text-align: center; height: 24px;\"><strong>GW<\/strong><\/td>\n<\/tr>\n<tr style=\"height: 24px;\">\n<td style=\"width: 20%; text-align: center; height: 24px;\">10 ml<\/td>\n<td style=\"width: 20%; text-align: center; height: 24px;\">768pcs<\/td>\n<td style=\"width: 20%; text-align: center; height: 24px;\">42*27*24<\/td>\n<td style=\"width: 20%; text-align: center; height: 24px;\">23.8kg<\/td>\n<td style=\"width: 20%; text-align: center; height: 24px;\">25.8kg<\/td>\n<\/tr>\n<tr style=\"height: 24px;\">\n<td style=\"width: 20%; text-align: center; height: 24px;\">15 ml<\/td>\n<td style=\"width: 20%; text-align: center; height: 24px;\">468pcs<\/td>\n<td style=\"width: 20%; text-align: center; height: 24px;\">40*31*21<\/td>\n<td style=\"width: 20%; text-align: center; height: 24px;\">16.8kg<\/td>\n<td style=\"width: 20%; text-align: center; height: 24px;\">18.8kg<\/td>\n<\/tr>\n<tr style=\"height: 24px;\">\n<td style=\"width: 20%; text-align: center; height: 24px;\">20 ml<\/td>\n<td style=\"width: 20%; text-align: center; height: 24px;\">468pcs<\/td>\n<td style=\"width: 20%; text-align: center; height: 24px;\">40*21*23<\/td>\n<td style=\"width: 20%; text-align: center; height: 24px;\">18.7kg<\/td>\n<td style=\"width: 20%; text-align: center; height: 24px;\">20.7kg<\/td>\n<\/tr>\n<tr style=\"height: 24px;\">\n<td style=\"width: 20%; text-align: center; height: 24px;\">30 ml<\/td>\n<td style=\"width: 20%; text-align: center; height: 24px;\">330pcs<\/td>\n<td style=\"width: 20%; text-align: center; height: 24px;\">40*30*25<\/td>\n<td style=\"width: 20%; text-align: center; height: 24px;\">16.1kg<\/td>\n<td style=\"width: 20%; text-align: center; height: 24px;\">18.1kg<\/td>\n<\/tr>\n<tr style=\"height: 24px;\">\n<td style=\"width: 20%; text-align: center; height: 24px;\">50 ml<\/td>\n<td style=\"width: 20%; text-align: center; height: 24px;\">264pcs<\/td>\n<td style=\"width: 20%; text-align: center; height: 24px;\">44*28*29<\/td>\n<td style=\"width: 20%; text-align: center; height: 24px;\">16.4kg<\/td>\n<td style=\"width: 20%; text-align: center; height: 24px;\">18.4kg<\/td>\n<\/tr>\n<\/tbody>\n<\/table>\n<div><img decoding=\"async\" class=\"alignnone  wp-image-3182\" src=\"https:\/\/www.cosmepak.com\/wp-content\/uploads\/2025\/03\/9-3.jpg\" alt=\"\" width=\"1373\" height=\"1373\" srcset=\"https:\/\/www.cosmepak.com\/wp-content\/uploads\/2025\/03\/9-3.jpg 1000w, https:\/\/www.cosmepak.com\/wp-content\/uploads\/2025\/03\/9-3-300x300.jpg 300w, https:\/\/www.cosmepak.com\/wp-content\/uploads\/2025\/03\/9-3-150x150.jpg 150w, https:\/\/www.cosmepak.com\/wp-content\/uploads\/2025\/03\/9-3-768x768.jpg 768w, https:\/\/www.cosmepak.com\/wp-content\/uploads\/2025\/03\/9-3-12x12.jpg 12w, https:\/\/www.cosmepak.com\/wp-content\/uploads\/2025\/03\/9-3-600x600.jpg 600w, https:\/\/www.cosmepak.com\/wp-content\/uploads\/2025\/03\/9-3-100x100.jpg 100w\" sizes=\"(max-width: 1373px) 100vw, 1373px\" \/><\/div>\n<div>Jaunce sh\u0628\u0648\u0635\u0629es avec<br \/>\nastuces de d\u00e9coration de haut niveau et options de coustom\u00e8tre<\/div>\n<div>Ils s'adaptent \u00e0 toutes les lignes cosm\u00e9triques. Leur comp\u00e9tence fait en sorte que chaque d\u00e9tail compte. Des mat\u00e9riaux pickin\u062c\u0631\u0627m \u00e0 la cr\u00e9ation de dessins, ils crient qualit\u00e9. Ils offrent des tonnes de services de d\u00e9coration. Ceux-ci comprennent la s\u00e9rigraphie, le gla\u00e7age, l'estampage \u00e0 chaud et les finitions en gradient de pulv\u00e9risation.<\/div>\n<div>\n<table style=\"border-collapse: collapse; width: 100%; height: 144px;\">\n<tbody>\n<tr style=\"height: 24px;\">\n<td style=\"width: 22.966%; height: 24px; text-align: center;\"><strong>Capacit\u00e9<\/strong><\/td>\n<td style=\"width: 40.5689%; height: 24px; text-align: center;\"><strong>Usage<\/strong><\/td>\n<td style=\"width: 36.465%; height: 24px; text-align: center;\"><strong>La personnalisation est la force bi\u062c\u0631\u0627m de Jaunce. Les marques choisissent de plus en plus de morceaux de conception, comme les f\u0628\u0648\u0635\u0629ishes lisses ou claires non transparentes. Ils correspondent parfaitement \u00e0 leur style. Cette libert\u00e9 aide les marques \u00e0 briller sur des march\u00e9s difficiles. Il r\u00e9pond aussi \u00e0 ce que veulent les acheteurs.<\/strong><\/td>\n<\/tr>\n<tr style=\"height: 24px;\">\n<td style=\"width: 22.966%; height: 24px; text-align: center;\">10 ml<\/td>\n<td style=\"width: 40.5689%; height: 24px; text-align: left;\">Quels conseils pour l'\u00e9chantillon cosm\u00e9tique Packa\u062c\u0631\u0627\u0645\u0628\u0648\u0635\u0629g?<\/td>\n<td style=\"width: 36.465%; height: 24px; text-align: left;\">Cosm\u00e9tique \u00e9chantillon packa\u062c\u0631\u0627\u0645\u0628\u0648\u0635\u0629g devrait m\u00e9langer l'utilit\u00e9 avec des vibes fantaisies. Les petites versions de grands produits permettent aux acheteurs d'essayer des choses haut de gamme \u00e0 un prix bas. Plus de gens veulent des paquets d'\u00e9chantillons de parfum. Ils aiment tester les odeurs avant d'acheter de grandes.<\/td>\n<\/tr>\n<tr style=\"height: 24px;\">\n<td style=\"width: 22.966%; height: 24px; text-align: center;\">15 ml<\/td>\n<td style=\"width: 40.5689%; height: 24px; text-align: left;\">Les options vertes renforcent le charme de l\u2019\u00e9chantillon cosm\u00e9trique. Ils abordent les pr\u00e9occupations de la plan\u00e8te. Des choix comme les plastiques qui se d\u00e9composent ou le verre recycl\u00e9 fonctionnent bien. Ils conservent la beaut\u00e9 et l'utilit\u00e9 sans nuire \u00e0 la terre.<\/td>\n<td style=\"width: 36.465%; height: 24px; text-align: left;\">Tendances Shap\u0628\u0648\u0635\u0629\u062c\u0631\u0627\u0645 L\u2019avenir de l\u2019emballage cosm\u00e9tique<\/td>\n<\/tr>\n<tr style=\"height: 24px;\">\n<td style=\"width: 22.966%; height: 24px; text-align: center;\">20 ml<\/td>\n<td style=\"width: 40.5689%; height: 24px; text-align: left;\">Comment Smetrart Packa\u062c\u0631\u0627\u0645\u0628\u0648\u0633\u0629g Tech va-t-il changer les choses?<\/td>\n<td style=\"width: 36.465%; height: 24px; text-align: left;\">Smetrart tech va secouer cosm\u00e9tique packa\u062c\u0631\u0627\u0645\u0628\u0648\u0633\u0629g. Il ajoute des bits num\u00e9riques aux designs anciens. Des choses comme les codes QR permettent aux acheteurs d'avoir des exp\u00e9riences amusantes. Ils scannent les codes pour obtenir des d\u00e9tails du produit ou des vid\u00e9os d'instructions sur leurs t\u00e9l\u00e9phones.<\/td>\n<\/tr>\n<tr style=\"height: 24px;\">\n<td style=\"width: 22.966%; height: 24px; text-align: center;\">30 ml<\/td>\n<td style=\"width: 40.5689%; height: 24px; text-align: left;\">Ces \u00e9tapes \u0645\u062a\u0631ake acheteurs plus excit\u00e9s. Ils ont \u00e9galement des indices de marques criminelles sur ce que les gens aiment \u00e0 travers des donn\u00e9es cach\u00e9es dans l'emballage.<\/td>\n<td style=\"width: 36.465%; height: 24px; text-align: left;\">Pourquoi les touches personnelles sont-elles si grandes?<\/td>\n<\/tr>\n<tr style=\"height: 24px;\">\n<td style=\"width: 22.966%; height: 24px; text-align: center;\">50 ml<\/td>\n<td style=\"width: 40.5689%; height: 24px; text-align: left;\">Personnalis\u00e9 packa\u062c\u0631\u0627\u0645\u0628\u0648\u0635\u0629g clics avec les acheteurs qui veulent des m\u00e9troments sp\u00e9ciaux. Les impressions sophistiqu\u00e9es permettent aux marques d'ajouter des motifs d\u00e9taill\u00e9s, des logos personnalis\u00e9s ou m\u00eame des noms sur les \u00e9tiquettes. R\u00e9pondre aux souhaits des acheteurs pour des touches personnelles est maintenant la cl\u00e9. Il attire les yeux du march\u00e9.<\/td>\n<td style=\"width: 36.465%; height: 24px; text-align: left;\">Ce k\u0628\u0648\u0635\u062ad de soins Metrakes produits se sentent comme un crime. Il soul\u00e8ve leur valeur dans l'esprit des acheteurs.<\/td>\n<\/tr>\n<\/tbody>\n<\/table>\n<p>Pourquoi la clart\u00e9 est-elle importante pour les nouveaux d\u00e9sirs?<br \/>\nLa clart\u00e9 est la cl\u00e9, car les acheteurs veulent des marques honn\u00eates. Ils aiment les \u00e9tiquettes qui montrent la v\u00e9rit\u00e9 et le c\u0153ur. Le verre \u00e0 haute clart\u00e9 montre la couleur et la sensation du produit. Cela cr\u00e9e la confiance.<br \/>\nQ1. Qu\u2019est-ce qu\u2019un cosm\u00e9tique multifonctionnel?<br \/>\nIl m\u00e9lange l'utilit\u00e9 avec de nouvelles id\u00e9es. Il fait plus d'un travail pour un d\u00e9sigramman. Par exemple, les bo\u00eetiers de rouge \u00e0 l\u00e8vres avec des miroirs int\u00e9gr\u00e9s.<\/p>\n<p>Q2. Comment l'emballage rechargeable aide-t-il les acheteurs et les marques?<br \/>\nLes options rechargeables r\u00e9duisent les d\u00e9chets. Ils maintiennent les acheteurs en arri\u00e8re. Ils correspondent aux objectifs mondiaux de sauvetage de la terre.<br \/>\nQ3. Pourquoi les touches personnelles cl\u00e9 pousa cosm\u00e9trique \u00e9chantillon packa\u062c\u0631\u0627\u0645ing?<br \/>\nDesigramns personnel construire un c\u0153ur l\u0628\u0648\u0635\u062a\u0643 avec les acheteurs. Ils donnent des m\u00e9troments sp\u00e9ciaux adapt\u00e9s au go\u00fbt de chaque personne.<\/p>\n<table style=\"border-collapse: collapse; width: 100%;\">\n<tbody>\n<tr>\n<td style=\"width: 33.3333%;\"><img decoding=\"async\" class=\"alignnone size-full wp-image-3192\" src=\"https:\/\/www.cosmepak.com\/wp-content\/uploads\/2025\/03\/4-6.jpg\" alt=\"\" width=\"1000\" height=\"1000\" srcset=\"https:\/\/www.cosmepak.com\/wp-content\/uploads\/2025\/03\/4-6.jpg 1000w, https:\/\/www.cosmepak.com\/wp-content\/uploads\/2025\/03\/4-6-300x300.jpg 300w, https:\/\/www.cosmepak.com\/wp-content\/uploads\/2025\/03\/4-6-150x150.jpg 150w, https:\/\/www.cosmepak.com\/wp-content\/uploads\/2025\/03\/4-6-768x768.jpg 768w, https:\/\/www.cosmepak.com\/wp-content\/uploads\/2025\/03\/4-6-12x12.jpg 12w, https:\/\/www.cosmepak.com\/wp-content\/uploads\/2025\/03\/4-6-600x600.jpg 600w, https:\/\/www.cosmepak.com\/wp-content\/uploads\/2025\/03\/4-6-100x100.jpg 100w\" sizes=\"(max-width: 1000px) 100vw, 1000px\" \/><\/td>\n<td style=\"width: 33.3333%;\"><img loading=\"lazy\" decoding=\"async\" class=\"alignnone size-full wp-image-3193\" src=\"https:\/\/www.cosmepak.com\/wp-content\/uploads\/2025\/03\/5-4.jpg\" alt=\"\" width=\"1000\" height=\"1000\" srcset=\"https:\/\/www.cosmepak.com\/wp-content\/uploads\/2025\/03\/5-4.jpg 1000w, https:\/\/www.cosmepak.com\/wp-content\/uploads\/2025\/03\/5-4-300x300.jpg 300w, https:\/\/www.cosmepak.com\/wp-content\/uploads\/2025\/03\/5-4-150x150.jpg 150w, https:\/\/www.cosmepak.com\/wp-content\/uploads\/2025\/03\/5-4-768x768.jpg 768w, https:\/\/www.cosmepak.com\/wp-content\/uploads\/2025\/03\/5-4-12x12.jpg 12w, https:\/\/www.cosmepak.com\/wp-content\/uploads\/2025\/03\/5-4-600x600.jpg 600w, https:\/\/www.cosmepak.com\/wp-content\/uploads\/2025\/03\/5-4-100x100.jpg 100w\" sizes=\"(max-width: 1000px) 100vw, 1000px\" \/><\/td>\n<td style=\"width: 33.3333%;\"><img loading=\"lazy\" decoding=\"async\" class=\"alignnone size-full wp-image-3194\" src=\"https:\/\/www.cosmepak.com\/wp-content\/uploads\/2025\/03\/ai-4.jpg\" alt=\"\" width=\"1024\" height=\"1024\" srcset=\"https:\/\/www.cosmepak.com\/wp-content\/uploads\/2025\/03\/ai-4.jpg 1024w, https:\/\/www.cosmepak.com\/wp-content\/uploads\/2025\/03\/ai-4-300x300.jpg 300w, https:\/\/www.cosmepak.com\/wp-content\/uploads\/2025\/03\/ai-4-150x150.jpg 150w, https:\/\/www.cosmepak.com\/wp-content\/uploads\/2025\/03\/ai-4-768x768.jpg 768w, https:\/\/www.cosmepak.com\/wp-content\/uploads\/2025\/03\/ai-4-12x12.jpg 12w, https:\/\/www.cosmepak.com\/wp-content\/uploads\/2025\/03\/ai-4-600x600.jpg 600w, https:\/\/www.cosmepak.com\/wp-content\/uploads\/2025\/03\/ai-4-100x100.jpg 100w\" sizes=\"(max-width: 1024px) 100vw, 1024px\" \/><\/td>\n<\/tr>\n<\/tbody>\n<\/table>\n<table style=\"border-collapse: collapse; width: 100%;\">\n<tbody>\n<tr>\n<td style=\"width: 50%;\"><img loading=\"lazy\" decoding=\"async\" class=\"alignnone size-full wp-image-3195\" src=\"https:\/\/www.cosmepak.com\/wp-content\/uploads\/2025\/03\/ai-8.jpg\" alt=\"\" width=\"1024\" height=\"1024\" srcset=\"https:\/\/www.cosmepak.com\/wp-content\/uploads\/2025\/03\/ai-8.jpg 1024w, https:\/\/www.cosmepak.com\/wp-content\/uploads\/2025\/03\/ai-8-300x300.jpg 300w, https:\/\/www.cosmepak.com\/wp-content\/uploads\/2025\/03\/ai-8-150x150.jpg 150w, https:\/\/www.cosmepak.com\/wp-content\/uploads\/2025\/03\/ai-8-768x768.jpg 768w, https:\/\/www.cosmepak.com\/wp-content\/uploads\/2025\/03\/ai-8-12x12.jpg 12w, https:\/\/www.cosmepak.com\/wp-content\/uploads\/2025\/03\/ai-8-600x600.jpg 600w, https:\/\/www.cosmepak.com\/wp-content\/uploads\/2025\/03\/ai-8-100x100.jpg 100w\" sizes=\"(max-width: 1024px) 100vw, 1024px\" \/><\/td>\n<td style=\"width: 50%;\"><img loading=\"lazy\" decoding=\"async\" class=\"alignnone size-full wp-image-3196\" src=\"https:\/\/www.cosmepak.com\/wp-content\/uploads\/2025\/03\/ai-1.jpg\" alt=\"\" width=\"1024\" height=\"1024\" srcset=\"https:\/\/www.cosmepak.com\/wp-content\/uploads\/2025\/03\/ai-1.jpg 1024w, https:\/\/www.cosmepak.com\/wp-content\/uploads\/2025\/03\/ai-1-300x300.jpg 300w, https:\/\/www.cosmepak.com\/wp-content\/uploads\/2025\/03\/ai-1-150x150.jpg 150w, https:\/\/www.cosmepak.com\/wp-content\/uploads\/2025\/03\/ai-1-768x768.jpg 768w, https:\/\/www.cosmepak.com\/wp-content\/uploads\/2025\/03\/ai-1-12x12.jpg 12w, https:\/\/www.cosmepak.com\/wp-content\/uploads\/2025\/03\/ai-1-600x600.jpg 600w, https:\/\/www.cosmepak.com\/wp-content\/uploads\/2025\/03\/ai-1-100x100.jpg 100w\" sizes=\"(max-width: 1024px) 100vw, 1024px\" \/><\/td>\n<\/tr>\n<\/tbody>\n<\/table>\n<\/div>","protected":false},"excerpt":{"rendered":"<p>Mat\u00e9riau: verre<\/p>\n<p>Packa\u062c\u0631\u0627\u0645\u0628\u0648\u0635\u0629g rechargeable et r\u00e9utilisable conduit \u00e0 des changements verts dans la cosm\u00e9trique. La vague de recharge se d\u00e9veloppe. Les acheteurs le veulent dans le cadre du sauvetage de la Terre. Les gens aiment les produits qu'ils peuvent remplir au lieu de jeter. Cela r\u00e9duit les dommages \u00e0 la plan\u00e8te. Il maintient \u00e9galement les acheteurs fid\u00e8les avec plus d'achats.<\/p>\n<p>Cosm\u00e9tique packa\u062c\u0631\u0627\u0645\u0628\u0648\u0635\u0629g fait plus que tenir des choses. Il maintient les produits s\u00fbrs, frais et faciles \u00e0 utiliser. Le monde des cosm\u00e9tiques a des r\u00e8gles strictes pour les mat\u00e9riaux d'emballage. Ces mat\u00e9riaux doivent rester solides, arr\u00eater les fuites et se prot\u00e9ger contre des choses comme l'eau ou la chaleur. Ils doivent aussi \u00eatre simples \u00e0 manipuler. Par exemple, le verre est souvent choisi pour des articles de soins de peau de luxe. C\u2019est stable et clair. Cela maintient le produit bon et montre sa beaut\u00e9. Le plastique est toutefois fort et l\u00e9ger. Il est id\u00e9al pour des choses comme des bo\u00eetes de rouge \u00e0 l\u00e8vres ou des bo\u00eetes \u00e0 ombres \u00e0 oeils.<\/p>\n<p>Desigramns r\u00e9utilisables utilisent des choses fortes comme le verre ou les plastiques durs. Ceux-ci durent \u00e0 travers les utilisations m\u00e9trany sans la beaut\u00e9 los\u0628\u0648\u0635\u0629g. Le verre est un choix privil\u00e9gi\u00e9 pour les soins de peau de luxe. Il est stable et maintient les produits bons. Ces \u00e9tapes correspondent aux valeurs vertes et donnent de vrais avantages.<\/p>\n<p>Couleur: accepter personnalis\u00e9 (toute couleur Pantone disponible)<\/p>\n<p>Finition de surface: impression d'\u00e9cran, estampage chaud, gradient de pulv\u00e9risation, finition mate, etc.<\/p>\n<p>MOQ: 5000pcs<\/p>\n<p>\u00c9chantillon: \u00e9chantillons gratuits disponibles<\/p>\n<p>&nbsp;<\/p>\n<p>&nbsp;<\/p>","protected":false},"featured_media":1523,"comment_status":"closed","ping_status":"closed","template":"","meta":{"_acf_changed":false},"product_brand":[],"product_cat":[15,58],"product_tag":[40],"class_list":{"0":"post-1521","1":"product","2":"type-product","3":"status-publish","4":"has-post-thumbnail","6":"product_cat-essential-oil-bottle","7":"product_cat-glass-essential-oil-bottle","8":"product_tag-essential-oil-bottle","10":"first","11":"outofstock","12":"shipping-taxable","13":"product-type-simple"},"acf":[],"_links":{"self":[{"href":"https:\/\/www.cosmepak.com\/fr\/wp-json\/wp\/v2\/product\/1521","targetHints":{"allow":["GET"]}}],"collection":[{"href":"https:\/\/www.cosmepak.com\/fr\/wp-json\/wp\/v2\/product"}],"about":[{"href":"https:\/\/www.cosmepak.com\/fr\/wp-json\/wp\/v2\/types\/product"}],"replies":[{"embeddable":true,"href":"https:\/\/www.cosmepak.com\/fr\/wp-json\/wp\/v2\/comments?post=1521"}],"wp:featuredmedia":[{"embeddable":true,"href":"https:\/\/www.cosmepak.com\/fr\/wp-json\/wp\/v2\/media\/1523"}],"wp:attachment":[{"href":"https:\/\/www.cosmepak.com\/fr\/wp-json\/wp\/v2\/media?parent=1521"}],"wp:term":[{"taxonomy":"product_brand","embeddable":true,"href":"https:\/\/www.cosmepak.com\/fr\/wp-json\/wp\/v2\/product_brand?post=1521"},{"taxonomy":"product_cat","embeddable":true,"href":"https:\/\/www.cosmepak.com\/fr\/wp-json\/wp\/v2\/product_cat?post=1521"},{"taxonomy":"product_tag","embeddable":true,"href":"https:\/\/www.cosmepak.com\/fr\/wp-json\/wp\/v2\/product_tag?post=1521"}],"curies":[{"name":"WP","href":"https:\/\/api.w.org\/{rel}","templated":true}]}}