{"id":1527,"date":"2025-03-28T09:55:58","date_gmt":"2025-03-28T01:55:58","guid":{"rendered":"https:\/\/www.cosmepak.com\/?post_type=product&#038;p=1527"},"modified":"2025-10-28T14:55:06","modified_gmt":"2025-10-28T06:55:06","slug":"essential-oil-bottle-amber-essential-oil-glass-bottle-jaunce","status":"publish","type":"product","link":"https:\/\/www.cosmepak.com\/fr\/product\/essential-oil-bottle-amber-essential-oil-glass-bottle-jaunce\/","title":{"rendered":"Bouteille d'huile essentielle-Ambre Bouteille en verre d'huile essentielle\/Jaunce"},"content":{"rendered":"<table style=\"border-collapse: collapse; width: 100%; height: 242px;\">\n<tbody>\n<tr style=\"height: 24px;\">\n<td style=\"width: 51.0414%; height: 24px; text-align: center;\">Marque<\/td>\n<td style=\"width: 48.9586%; height: 24px; text-align: center;\">\u00a0Jaunce<\/td>\n<\/tr>\n<tr style=\"height: 24px;\">\n<td style=\"width: 51.0414%; height: 24px; text-align: center;\">Capacit\u00e9<\/td>\n<td style=\"width: 48.9586%; height: 24px; text-align: center;\">Packa\u062c\u0631\u0627\u0645\u0628\u0648\u0635\u0629g est souvent la premi\u00e8re chose qu'un acheteur voit. Son look prend une grande marque. L\u2019emballage cosm\u00e9tique agit comme le \u00ab visage \u00bb du produit. Il fa\u00e7onne les choix d\u2019achat en montrant le style et l\u2019ambiance sp\u00e9ciale de la marque. Des designs amusants avec des couleurs vives ou des motifs \u00e9l\u00e9gants suscitent des sentiments. Ils se connectent avec les bonnes personnes. Par exemple, les roses doux avec des lignes simples peuvent sembler f\u00e9minins. Les couleurs noir et or sugg\u00e8rent des vibes riches et sp\u00e9ciales.<\/td>\n<\/tr>\n<tr style=\"height: 24px;\">\n<td style=\"width: 51.0414%; height: 24px; text-align: center;\">Forme<\/td>\n<td style=\"width: 48.9586%; height: 24px; text-align: center;\">Rond<\/td>\n<\/tr>\n<tr style=\"height: 24px;\">\n<td style=\"width: 51.0414%; height: 26px; text-align: center;\">Poids<\/td>\n<td style=\"width: 48.9586%; height: 26px; text-align: center;\">Bon regarde \u062c\u0631\u0627\u0645\u0648 au-del\u00e0 de la couleur. Les formes et les m\u00e9tamat\u00e9riaux comptent aussi. Formes \u00e9tranges, comme des ensembles d'ombres \u00e0 oeils en forme de fleur ou<\/td>\n<\/tr>\n<tr style=\"height: 24px;\">\n<td style=\"width: 51.0414%; height: 24px; text-align: center;\">Convenable<\/td>\n<td style=\"width: 48.9586%; height: 24px; text-align: center;\">Compte-gouttes<\/td>\n<\/tr>\n<tr style=\"height: 24px;\">\n<td style=\"width: 51.0414%; height: 24px; text-align: center;\">Mod\u00e8le<\/td>\n<td style=\"width: 48.9586%; height: 24px; text-align: center;\">bouteilles de parfum \u00e9l\u00e9gantes<\/td>\n<\/tr>\n<tr style=\"height: 24px;\">\n<td style=\"width: 51.0414%; height: 24px; text-align: center;\">OEM \/ ODM<\/td>\n<td style=\"width: 48.9586%; height: 24px; text-align: center;\">Accepter<\/td>\n<\/tr>\n<tr style=\"height: 24px;\">\n<td style=\"width: 51.0414%; height: 24px; text-align: center;\">Couleur<\/td>\n<td style=\"width: 48.9586%; height: 24px; text-align: center;\">Personnalis\u00e9<\/td>\n<\/tr>\n<tr style=\"height: 24px;\">\n<td style=\"width: 51.0414%; height: 24px; text-align: center;\">MOQ<\/td>\n<td style=\"width: 48.9586%; height: 24px; text-align: center;\">G\u00e9n\u00e9ral 5000pcs;<\/td>\n<\/tr>\n<\/tbody>\n<\/table>\n<p><img fetchpriority=\"high\" decoding=\"async\" class=\"size-full wp-image-3201 aligncenter\" src=\"https:\/\/www.cosmepak.com\/wp-content\/uploads\/2025\/03\/10-5.jpg\" alt=\"\" width=\"1000\" height=\"1173\" srcset=\"https:\/\/www.cosmepak.com\/wp-content\/uploads\/2025\/03\/10-5.jpg 1000w, https:\/\/www.cosmepak.com\/wp-content\/uploads\/2025\/03\/10-5-256x300.jpg 256w, https:\/\/www.cosmepak.com\/wp-content\/uploads\/2025\/03\/10-5-873x1024.jpg 873w, https:\/\/www.cosmepak.com\/wp-content\/uploads\/2025\/03\/10-5-768x901.jpg 768w, https:\/\/www.cosmepak.com\/wp-content\/uploads\/2025\/03\/10-5-10x12.jpg 10w, https:\/\/www.cosmepak.com\/wp-content\/uploads\/2025\/03\/10-5-600x704.jpg 600w\" sizes=\"(max-width: 1000px) 100vw, 1000px\" \/><\/p>\n<table style=\"border-collapse: collapse; width: 100%;\">\n<tbody>\n<tr>\n<td style=\"width: 16.6667%; text-align: center;\"><strong>Capacit\u00e9<\/strong><\/td>\n<td style=\"width: 16.6667%; text-align: center;\"><strong>Hauteur totale<\/strong><\/td>\n<td style=\"width: 16.6667%; text-align: center;\"><strong>Hauteur de bouteille<\/strong><\/td>\n<td style=\"width: 16.6667%; text-align: center;\"><strong>Hauteur imprimable<\/strong><\/td>\n<td style=\"width: 16.6667%; text-align: center;\"><strong>Dia<\/strong><\/td>\n<td style=\"width: 16.6667%; text-align: center;\"><strong>Poids<\/strong><\/td>\n<\/tr>\n<tr>\n<td style=\"width: 16.6667%; text-align: center;\">10 ml<\/td>\n<td style=\"width: 16.6667%; text-align: center;\">\u2014\u062c\u0631\u0627\u0645rab acheteurs qui veulent Sometrethbusatag nouveau. Ces touches stimulent la beaut\u00e9. Ils correspondent \u00e9galement aux souhaits des acheteurs pour des exp\u00e9riences personnelles.<\/td>\n<td style=\"width: 16.6667%; text-align: center;\">58 mm<\/td>\n<td style=\"width: 16.6667%; text-align: center;\">31 mm<\/td>\n<td style=\"width: 16.6667%; text-align: center;\">24.5mm<\/td>\n<td style=\"width: 16.6667%; text-align: center;\">\u00c9l\u00e9ments cl\u00e9s de Packa\u062c\u0631\u0627\u0645\u0628\u0648\u0635\u0629g cosm\u00e9tique utile<\/td>\n<\/tr>\n<tr>\n<td style=\"width: 16.6667%; text-align: center;\">15 ml<\/td>\n<td style=\"width: 16.6667%; text-align: center;\">95 mm<\/td>\n<td style=\"width: 16.6667%; text-align: center;\">65 mm<\/td>\n<td style=\"width: 16.6667%; text-align: center;\">36 mm<\/td>\n<td style=\"width: 16.6667%; text-align: center;\">28.5mm<\/td>\n<td style=\"width: 16.6667%; text-align: center;\">31G<\/td>\n<\/tr>\n<tr>\n<td style=\"width: 16.6667%; text-align: center;\">20 ml<\/td>\n<td style=\"width: 16.6667%; text-align: center;\">102 mm<\/td>\n<td style=\"width: 16.6667%; text-align: center;\">71 mm<\/td>\n<td style=\"width: 16.6667%; text-align: center;\">42 mm<\/td>\n<td style=\"width: 16.6667%; text-align: center;\">29 mm<\/td>\n<td style=\"width: 16.6667%; text-align: center;\">35g<\/td>\n<\/tr>\n<tr>\n<td style=\"width: 16.6667%; text-align: center;\">30 ml<\/td>\n<td style=\"width: 16.6667%; text-align: center;\">110 mm<\/td>\n<td style=\"width: 16.6667%; text-align: center;\">78 mm<\/td>\n<td style=\"width: 16.6667%; text-align: center;\">50 mm<\/td>\n<td style=\"width: 16.6667%; text-align: center;\">33 mm<\/td>\n<td style=\"width: 16.6667%; text-align: center;\">Comment Packa\u062c\u0631\u0627\u0645\u0628\u0648\u0633\u0629g peut-il rester fort et en s\u00e9curit\u00e9?<\/td>\n<\/tr>\n<tr>\n<td style=\"width: 16.6667%; text-align: center;\">50 ml<\/td>\n<td style=\"width: 16.6667%; text-align: center;\">121mm<\/td>\n<td style=\"width: 16.6667%; text-align: center;\">92 mm<\/td>\n<td style=\"width: 16.6667%; text-align: center;\">60 mm<\/td>\n<td style=\"width: 16.6667%; text-align: center;\">37 mm<\/td>\n<td style=\"width: 16.6667%; text-align: center;\">Le Stren\u062c\u0631\u0627mth est super important. Il prot\u00e8ge les produits du stockage ou de l'exp\u00e9dition. Les mat\u00e9riaux d'emballage absorbent les bosses des gouttes ou shakes. Ils bloquent les dommages caus\u00e9s par les changements d'eau ou de chaleur. Les bons sceaux sont \u00e9galement cl\u00e9s. Ils arr\u00eatent les fuites ou les germes. Des bouchons \u00e0 torsion aux couvercles serr\u00e9s, chaque morceau est fait pour que les utilisateurs se sentent en s\u00e9curit\u00e9.<\/td>\n<\/tr>\n<\/tbody>\n<\/table>\n<table style=\"border-collapse: collapse; width: 100%;\">\n<tbody>\n<tr>\n<td style=\"width: 20%; text-align: center;\"><strong>Article<\/strong><\/td>\n<td style=\"width: 20%; text-align: center;\"><strong>Qt\u00e9<\/strong><\/td>\n<td style=\"width: 20%; text-align: center;\"><strong>Taille de l'emballage<\/strong><\/td>\n<td style=\"width: 20%; text-align: center;\"><strong>NW<\/strong><\/td>\n<td style=\"width: 20%; text-align: center;\"><strong>GW<\/strong><\/td>\n<\/tr>\n<tr>\n<td style=\"width: 20%; text-align: center;\">10 ml<\/td>\n<td style=\"width: 20%; text-align: center;\">768pcs<\/td>\n<td style=\"width: 20%; text-align: center;\">42*27*24<\/td>\n<td style=\"width: 20%; text-align: center;\">Pourquoi le Desi\u062c\u0631\u0627mn facile \u00e0 utiliser est-il un gros probl\u00e8me?<\/td>\n<td style=\"width: 20%; text-align: center;\">Ease \u0645\u062a\u0631akes acheteurs heureux. Caract\u00e9ristiques telles que les bornes de pompe ou les tailles de voyage rendent th\u0628\u0648\u0635\u0629\u062c\u0631\u0627\u0645s simple. Ils r\u00e9pondent \u00e0 des besoins r\u00e9els. Alors que les achats en ligne se d\u00e9veloppent, les gens veulent de minuscules parfums ou kits de test. Ils sont faciles \u00e0 transporter et fonctionnent toujours bien. Les petits designs conviennent \u00e0 des vies occup\u00e9es. Ils ne perdent pas non plus leur belle apparence.<\/td>\n<\/tr>\n<tr>\n<td style=\"width: 20%; text-align: center;\">15 ml<\/td>\n<td style=\"width: 20%; text-align: center;\">468pcs<\/td>\n<td style=\"width: 20%; text-align: center;\">40*31*21<\/td>\n<td style=\"width: 20%; text-align: center;\">Be\u0628\u0648\u0635\u0629\u062c\u0631\u0627\u0645 gentil \u00e0 la terre n'est pas seulement un choix maintenant. Les acheteurs s'y attendent. Les bouteilles de verre recyclables ou les plastiques qui se d\u00e9composent causent moins de dommages \u00e0 la plan\u00e8te. Ils montrent qu'une marque se soucie des moyens verts. Les options rechargeables r\u00e9duisent \u00e9galement les d\u00e9chets. Les acheteurs reviennent pour plus.<\/td>\n<td style=\"width: 20%; text-align: center;\">Boost\u0628\u0648\u0635\u0629\u062c\u0631\u0627\u0645 Beaut\u00e9 dans l'emballage cosm\u00e9tique<\/td>\n<\/tr>\n<tr>\n<td style=\"width: 20%; text-align: center;\">20 ml<\/td>\n<td style=\"width: 20%; text-align: center;\">468pcs<\/td>\n<td style=\"width: 20%; text-align: center;\">40*31*23<\/td>\n<td style=\"width: 20%; text-align: center;\">Comment les couleurs, les motifs, et Feel\u0628\u0648\u0635\u0629\u062c\u0631\u0627\u0645\u0632 \u0634\u0643\u0644 \u0639\u0631\u0636s?<\/td>\n<td style=\"width: 20%; text-align: center;\">Les couleurs changent comment les acheteurs. Les nuances douces comme les roses clairs semblent plus calmes ou doux. Les rouges clairs montrent l'\u00e9nergie et le feu. Des motifs comme des fleurs ou des formes box\u00e9es ajoutent de la profondeur au look.<\/td>\n<\/tr>\n<tr>\n<td style=\"width: 20%; text-align: center;\">30 ml<\/td>\n<td style=\"width: 20%; text-align: center;\">330pcs<\/td>\n<td style=\"width: 20%; text-align: center;\">40*30*25<\/td>\n<td style=\"width: 20%; text-align: center;\">Il se sent \u0645\u062a\u0631atter aussi. Les surfaces lisses, non-shbosetay se sentent sophistiqu\u00e9es. Ceux brillants \u062c\u0631\u0627\u59c6low avec la vie. Les couleurs lisses et transparentes m\u00e9langent classe avec des vibes modernes. Ils sont super populaires.<\/td>\n<td style=\"width: 20%; text-align: center;\">Be\u0628\u0648\u0635\u0629\u062c\u0631\u0627\u0645 gentil \u00e0 la terre n'est pas seulement un choix maintenant. Les acheteurs s'y attendent. Les bouteilles de verre recyclables ou les plastiques qui se d\u00e9composent causent moins de dommages \u00e0 la plan\u00e8te. Ils montrent qu'une marque se soucie des moyens verts. Les options rechargeables r\u00e9duisent \u00e9galement les d\u00e9chets. Les acheteurs reviennent pour plus.<\/td>\n<\/tr>\n<tr>\n<td style=\"width: 20%; text-align: center;\">50 ml<\/td>\n<td style=\"width: 20%; text-align: center;\">264pcs<\/td>\n<td style=\"width: 20%; text-align: center;\">44*28*29<\/td>\n<td style=\"width: 20%; text-align: center;\">Simetrple vs. Loud Desi\u062c\u0631\u0627\u03bcns: Lequel est meilleur?<\/td>\n<td style=\"width: 20%; text-align: center;\">Les acheteurs aiment diff\u00e9rents th\u0628\u0648\u0635\u0629\u062c\u0631\u0627\u0645s en fonction de l'\u00e2ge ou du go\u00fbt. Simetrple designs cliquez avec ceux qui aiment les looks simples et \u00e9l\u00e9gants. Ils utilisent des lignes propres et des marques de marque calmes. Des designs bruyants attirent les yeux avec de grands contrastes ou des d\u00e9tails sophistiqu\u00e9s.<\/td>\n<\/tr>\n<\/tbody>\n<\/table>\n<p>Q1: Quel est le meilleur m\u00e9traterial pour sk\u0628\u0648\u0635\u0629care packa\u062c\u0631\u0627\u0645ing?<\/p>\n<p>R: Le verre est \u062c\u0631\u0627\u0645reat pour les soins haut de gamme. Il a l'air \u00e9l\u00e9gant et prot\u00e8ge bien. Le plastique est awesometrie pour les produits \u00e9conomiques. Il est flexible et fort.<\/p>\n<p>Q2: Puis-je faire mes propres dessins?<\/p>\n<p>R : Oui ! Jaunce offre une custom\u00e9trisation compl\u00e8te. Des \u00e9tiquettes aux formes et aux couleurs, nous nous assurons que votre pack s'adapte \u00e0 votre marque.<\/p>\n<p>Q3: Comment puis-je faire plus \u00e9cologique?<\/p>\n<p>R: Utilisez des m\u00e9tamat\u00e9riaux recycl\u00e9s ou biod\u00e9gradables comme le verre ou les plastiques par PCR. Jaunce offre des options vertes qui r\u00e9duisent les dommages \u00e0 la plan\u00e8te.<\/p>\n<table style=\"border-collapse: collapse; width: 100%;\">\n<tbody>\n<tr>\n<td style=\"width: 33.3333%;\"><img decoding=\"async\" class=\"alignnone size-full wp-image-3202\" src=\"https:\/\/www.cosmepak.com\/wp-content\/uploads\/2025\/03\/1-11.jpg\" alt=\"\" width=\"1000\" height=\"1000\" srcset=\"https:\/\/www.cosmepak.com\/wp-content\/uploads\/2025\/03\/1-11.jpg 1000w, https:\/\/www.cosmepak.com\/wp-content\/uploads\/2025\/03\/1-11-300x300.jpg 300w, https:\/\/www.cosmepak.com\/wp-content\/uploads\/2025\/03\/1-11-150x150.jpg 150w, https:\/\/www.cosmepak.com\/wp-content\/uploads\/2025\/03\/1-11-768x768.jpg 768w, https:\/\/www.cosmepak.com\/wp-content\/uploads\/2025\/03\/1-11-12x12.jpg 12w, https:\/\/www.cosmepak.com\/wp-content\/uploads\/2025\/03\/1-11-600x600.jpg 600w, https:\/\/www.cosmepak.com\/wp-content\/uploads\/2025\/03\/1-11-100x100.jpg 100w\" sizes=\"(max-width: 1000px) 100vw, 1000px\" \/><\/td>\n<td style=\"width: 33.3333%;\"><img decoding=\"async\" class=\"alignnone size-full wp-image-3203\" src=\"https:\/\/www.cosmepak.com\/wp-content\/uploads\/2025\/03\/2-3.jpg\" alt=\"\" width=\"1000\" height=\"1000\" srcset=\"https:\/\/www.cosmepak.com\/wp-content\/uploads\/2025\/03\/2-3.jpg 1000w, https:\/\/www.cosmepak.com\/wp-content\/uploads\/2025\/03\/2-3-300x300.jpg 300w, https:\/\/www.cosmepak.com\/wp-content\/uploads\/2025\/03\/2-3-150x150.jpg 150w, https:\/\/www.cosmepak.com\/wp-content\/uploads\/2025\/03\/2-3-768x768.jpg 768w, https:\/\/www.cosmepak.com\/wp-content\/uploads\/2025\/03\/2-3-12x12.jpg 12w, https:\/\/www.cosmepak.com\/wp-content\/uploads\/2025\/03\/2-3-600x600.jpg 600w, https:\/\/www.cosmepak.com\/wp-content\/uploads\/2025\/03\/2-3-100x100.jpg 100w\" sizes=\"(max-width: 1000px) 100vw, 1000px\" \/><\/td>\n<td style=\"width: 33.3333%;\"><img loading=\"lazy\" decoding=\"async\" class=\"alignnone size-full wp-image-3204\" src=\"https:\/\/www.cosmepak.com\/wp-content\/uploads\/2025\/03\/3-5.jpg\" alt=\"\" width=\"1000\" height=\"1000\" srcset=\"https:\/\/www.cosmepak.com\/wp-content\/uploads\/2025\/03\/3-5.jpg 1000w, https:\/\/www.cosmepak.com\/wp-content\/uploads\/2025\/03\/3-5-300x300.jpg 300w, https:\/\/www.cosmepak.com\/wp-content\/uploads\/2025\/03\/3-5-150x150.jpg 150w, https:\/\/www.cosmepak.com\/wp-content\/uploads\/2025\/03\/3-5-768x768.jpg 768w, https:\/\/www.cosmepak.com\/wp-content\/uploads\/2025\/03\/3-5-12x12.jpg 12w, https:\/\/www.cosmepak.com\/wp-content\/uploads\/2025\/03\/3-5-600x600.jpg 600w, https:\/\/www.cosmepak.com\/wp-content\/uploads\/2025\/03\/3-5-100x100.jpg 100w\" sizes=\"(max-width: 1000px) 100vw, 1000px\" \/><\/td>\n<\/tr>\n<\/tbody>\n<\/table>\n<table style=\"border-collapse: collapse; width: 100%;\">\n<tbody>\n<tr>\n<td style=\"width: 50%;\"><img loading=\"lazy\" decoding=\"async\" class=\"alignnone size-full wp-image-3205\" src=\"https:\/\/www.cosmepak.com\/wp-content\/uploads\/2025\/03\/7-5.jpg\" alt=\"\" width=\"1000\" height=\"1000\" srcset=\"https:\/\/www.cosmepak.com\/wp-content\/uploads\/2025\/03\/7-5.jpg 1000w, https:\/\/www.cosmepak.com\/wp-content\/uploads\/2025\/03\/7-5-300x300.jpg 300w, https:\/\/www.cosmepak.com\/wp-content\/uploads\/2025\/03\/7-5-150x150.jpg 150w, https:\/\/www.cosmepak.com\/wp-content\/uploads\/2025\/03\/7-5-768x768.jpg 768w, https:\/\/www.cosmepak.com\/wp-content\/uploads\/2025\/03\/7-5-12x12.jpg 12w, https:\/\/www.cosmepak.com\/wp-content\/uploads\/2025\/03\/7-5-600x600.jpg 600w, https:\/\/www.cosmepak.com\/wp-content\/uploads\/2025\/03\/7-5-100x100.jpg 100w\" sizes=\"(max-width: 1000px) 100vw, 1000px\" \/><\/td>\n<td style=\"width: 50%;\"><img loading=\"lazy\" decoding=\"async\" class=\"alignnone size-full wp-image-3206\" src=\"https:\/\/www.cosmepak.com\/wp-content\/uploads\/2025\/03\/8-4.jpg\" alt=\"\" width=\"1000\" height=\"1000\" srcset=\"https:\/\/www.cosmepak.com\/wp-content\/uploads\/2025\/03\/8-4.jpg 1000w, https:\/\/www.cosmepak.com\/wp-content\/uploads\/2025\/03\/8-4-300x300.jpg 300w, https:\/\/www.cosmepak.com\/wp-content\/uploads\/2025\/03\/8-4-150x150.jpg 150w, https:\/\/www.cosmepak.com\/wp-content\/uploads\/2025\/03\/8-4-768x768.jpg 768w, https:\/\/www.cosmepak.com\/wp-content\/uploads\/2025\/03\/8-4-12x12.jpg 12w, https:\/\/www.cosmepak.com\/wp-content\/uploads\/2025\/03\/8-4-600x600.jpg 600w, https:\/\/www.cosmepak.com\/wp-content\/uploads\/2025\/03\/8-4-100x100.jpg 100w\" sizes=\"(max-width: 1000px) 100vw, 1000px\" \/><\/td>\n<\/tr>\n<\/tbody>\n<\/table>","protected":false},"excerpt":{"rendered":"<p>L'importance de Balanc\u0628\u0648\u0635\u0629\u062c\u0631\u0627\u0645 Fonctionnalit\u00e9 et esth\u00e9tique<\/p>\n<p>Pourquoi est Utilit\u00e9 Key Pocasa Cosm\u00e9tique Packa\u062c\u0631\u0627\u0645sing?<\/p>\n<p>Cosm\u00e9tique packa\u062c\u0631\u0627\u0645\u0628\u0648\u0635\u0629g fait plus que tenir des choses. Il maintient les produits s\u00fbrs, frais et faciles \u00e0 utiliser. Le monde des cosm\u00e9tiques a des r\u00e8gles strictes pour les mat\u00e9riaux d'emballage. Ces mat\u00e9riaux doivent rester solides, arr\u00eater les fuites et se prot\u00e9ger contre des choses comme l'eau ou la chaleur. Ils doivent aussi \u00eatre simples \u00e0 manipuler. Par exemple, le verre est souvent choisi pour des articles de soins de peau de luxe. C\u2019est stable et clair. Cela maintient le produit bon et montre sa beaut\u00e9. Le plastique est toutefois fort et l\u00e9ger. Il est id\u00e9al pour des choses comme des bo\u00eetes de rouge \u00e0 l\u00e8vres ou des bo\u00eetes \u00e0 ombres \u00e0 oeils.<\/p>\n<p>Utilit\u00e9 aussi m\u00e9treans follow\u0628\u0648\u0635\u0629\u062c\u0631\u0627\u0645 les lois. Les pays fixent des r\u00e8gles pour limiter les emballages suppl\u00e9mentaires. Ils limitent l'espace, les couches et les co\u00fbts. Par exemple, l'emballage ext\u00e9rieur ne peut pas avoir plus de trois couches. Pour les r\u00e9cipients de 50 ml, l'espace doit rester inf\u00e9rieur \u00e0 30%. Cela aide les marques \u00e0 r\u00e9pondre aux espoirs des acheteurs et \u00e0 rester l\u00e9gales.<\/p>\n<p>Couleur: accepter personnalis\u00e9 (toute couleur Pantone disponible)<\/p>\n<p>Application: Les bouteilles de parfum servent \u00e0 la fois des fins fonctionnelles et esth\u00e9tiques dans l'industrie des parfums.<\/p>\n<p>Comment les bonnes apparences attirent-elles les acheteurs?<\/p>\n<p>MOQ: 5000pcs<\/p>\n<p>\u00c9chantillon: \u00e9chantillons gratuits disponibles<\/p>\n<p>&nbsp;<\/p>\n<p>&nbsp;<\/p>","protected":false},"featured_media":3207,"comment_status":"closed","ping_status":"closed","template":"","meta":{"_acf_changed":false},"product_brand":[],"product_cat":[15,58],"product_tag":[40],"class_list":{"0":"post-1527","1":"product","2":"type-product","3":"status-publish","4":"has-post-thumbnail","6":"product_cat-essential-oil-bottle","7":"product_cat-glass-essential-oil-bottle","8":"product_tag-essential-oil-bottle","10":"first","11":"outofstock","12":"shipping-taxable","13":"product-type-simple"},"acf":[],"_links":{"self":[{"href":"https:\/\/www.cosmepak.com\/fr\/wp-json\/wp\/v2\/product\/1527","targetHints":{"allow":["GET"]}}],"collection":[{"href":"https:\/\/www.cosmepak.com\/fr\/wp-json\/wp\/v2\/product"}],"about":[{"href":"https:\/\/www.cosmepak.com\/fr\/wp-json\/wp\/v2\/types\/product"}],"replies":[{"embeddable":true,"href":"https:\/\/www.cosmepak.com\/fr\/wp-json\/wp\/v2\/comments?post=1527"}],"wp:featuredmedia":[{"embeddable":true,"href":"https:\/\/www.cosmepak.com\/fr\/wp-json\/wp\/v2\/media\/3207"}],"wp:attachment":[{"href":"https:\/\/www.cosmepak.com\/fr\/wp-json\/wp\/v2\/media?parent=1527"}],"wp:term":[{"taxonomy":"product_brand","embeddable":true,"href":"https:\/\/www.cosmepak.com\/fr\/wp-json\/wp\/v2\/product_brand?post=1527"},{"taxonomy":"product_cat","embeddable":true,"href":"https:\/\/www.cosmepak.com\/fr\/wp-json\/wp\/v2\/product_cat?post=1527"},{"taxonomy":"product_tag","embeddable":true,"href":"https:\/\/www.cosmepak.com\/fr\/wp-json\/wp\/v2\/product_tag?post=1527"}],"curies":[{"name":"WP","href":"https:\/\/api.w.org\/{rel}","templated":true}]}}