{"id":1541,"date":"2025-03-28T11:15:14","date_gmt":"2025-03-28T03:15:14","guid":{"rendered":"https:\/\/www.cosmepak.com\/?post_type=product&#038;p=1541"},"modified":"2025-09-04T13:36:39","modified_gmt":"2025-09-04T05:36:39","slug":"oem-odm-bouteille-en-plastique-avec-bouchon-a-vis-jaune","status":"publish","type":"product","link":"https:\/\/www.cosmepak.com\/fr\/product\/oem-odm-plastic-bottle-with-screw-cap-jaunce\/","title":{"rendered":"Bouteille en plastique OEM\/ODM avec bouchon \u00e0 vis\/Jaunce"},"content":{"rendered":"<table style=\"border-collapse: collapse; width: 100%; height: 168px;\">\n<tbody>\n<tr style=\"height: 24px;\">\n<td style=\"width: 33.3333%; height: 168px;\" rowspan=\"7\"><img fetchpriority=\"high\" decoding=\"async\" class=\"alignnone size-full wp-image-1540\" src=\"https:\/\/www.cosmepak.com\/wp-content\/uploads\/2025\/03\/3-1.jpg\" alt=\"Bouteille en plastique de 30ml\" width=\"1000\" height=\"1000\" srcset=\"https:\/\/www.cosmepak.com\/wp-content\/uploads\/2025\/03\/3-1.jpg 1000w, https:\/\/www.cosmepak.com\/wp-content\/uploads\/2025\/03\/3-1-300x300.jpg 300w, https:\/\/www.cosmepak.com\/wp-content\/uploads\/2025\/03\/3-1-150x150.jpg 150w, https:\/\/www.cosmepak.com\/wp-content\/uploads\/2025\/03\/3-1-768x768.jpg 768w, https:\/\/www.cosmepak.com\/wp-content\/uploads\/2025\/03\/3-1-600x600.jpg 600w, https:\/\/www.cosmepak.com\/wp-content\/uploads\/2025\/03\/3-1-100x100.jpg 100w\" sizes=\"(max-width: 1000px) 100vw, 1000px\" \/><\/td>\n<td style=\"width: 13.6311%; height: 24px;\">Marque<\/td>\n<td style=\"width: 53.0355%; height: 24px;\">Jaunce<\/td>\n<\/tr>\n<tr style=\"height: 24px;\">\n<td style=\"width: 13.6311%; height: 24px;\">Mod\u00e8le<\/td>\n<td style=\"width: 53.0355%; height: 24px;\">JH-LWSM01<\/td>\n<\/tr>\n<tr style=\"height: 24px;\">\n<td style=\"width: 13.6311%; height: 24px;\">Capcience<\/td>\n<td style=\"width: 53.0355%; height: 24px;\">30 ml<\/td>\n<\/tr>\n<tr style=\"height: 24px;\">\n<td style=\"width: 13.6311%; height: 24px;\">Poids<\/td>\n<td style=\"width: 53.0355%; height: 24px;\">9g<\/td>\n<\/tr>\n<tr style=\"height: 24px;\">\n<td style=\"width: 13.6311%; height: 24px;\">Couleur<\/td>\n<td style=\"width: 53.0355%; height: 24px;\">personnalis\u00e9<\/td>\n<\/tr>\n<tr style=\"height: 24px;\">\n<td style=\"width: 13.6311%; height: 24px;\">Mat\u00e9riel<\/td>\n<td style=\"width: 53.0355%; height: 24px;\">PET \/ PP<\/td>\n<\/tr>\n<tr style=\"height: 24px;\">\n<td style=\"width: 13.6311%; height: 24px;\">Taille<\/td>\n<td style=\"width: 53.0355%; height: 24px;\">27 * 79 mm<\/td>\n<\/tr>\n<\/tbody>\n<\/table>\n<p>Bouteille d'\u00e9paule ronde de 30 ml avec capuchon \u00e0 vis, capacit\u00e9 SAMLL facile \u00e0 transporter, accepter la couleur personnalis\u00e9e.<\/p>\n<p><img decoding=\"async\" class=\"alignnone wp-image-1537\" src=\"https:\/\/www.cosmepak.com\/wp-content\/uploads\/2025\/03\/11-1.jpg\" alt=\"bouteille en plastique\" width=\"1388\" height=\"1388\" srcset=\"https:\/\/www.cosmepak.com\/wp-content\/uploads\/2025\/03\/11-1.jpg 1000w, https:\/\/www.cosmepak.com\/wp-content\/uploads\/2025\/03\/11-1-300x300.jpg 300w, https:\/\/www.cosmepak.com\/wp-content\/uploads\/2025\/03\/11-1-150x150.jpg 150w, https:\/\/www.cosmepak.com\/wp-content\/uploads\/2025\/03\/11-1-768x768.jpg 768w, https:\/\/www.cosmepak.com\/wp-content\/uploads\/2025\/03\/11-1-600x600.jpg 600w, https:\/\/www.cosmepak.com\/wp-content\/uploads\/2025\/03\/11-1-100x100.jpg 100w\" sizes=\"(max-width: 1388px) 100vw, 1388px\" \/><img decoding=\"async\" class=\"alignnone wp-image-1538\" src=\"https:\/\/www.cosmepak.com\/wp-content\/uploads\/2025\/03\/10-1.jpg\" alt=\"Bouteille en plastique de 30ml\" width=\"680\" height=\"680\" srcset=\"https:\/\/www.cosmepak.com\/wp-content\/uploads\/2025\/03\/10-1.jpg 1000w, https:\/\/www.cosmepak.com\/wp-content\/uploads\/2025\/03\/10-1-300x300.jpg 300w, https:\/\/www.cosmepak.com\/wp-content\/uploads\/2025\/03\/10-1-150x150.jpg 150w, https:\/\/www.cosmepak.com\/wp-content\/uploads\/2025\/03\/10-1-768x768.jpg 768w, https:\/\/www.cosmepak.com\/wp-content\/uploads\/2025\/03\/10-1-600x600.jpg 600w, https:\/\/www.cosmepak.com\/wp-content\/uploads\/2025\/03\/10-1-100x100.jpg 100w\" sizes=\"(max-width: 680px) 100vw, 680px\" \/> <img loading=\"lazy\" decoding=\"async\" class=\"alignnone wp-image-1539\" src=\"https:\/\/www.cosmepak.com\/wp-content\/uploads\/2025\/03\/9-1.jpg\" alt=\"\" width=\"679\" height=\"679\" srcset=\"https:\/\/www.cosmepak.com\/wp-content\/uploads\/2025\/03\/9-1.jpg 1000w, https:\/\/www.cosmepak.com\/wp-content\/uploads\/2025\/03\/9-1-300x300.jpg 300w, https:\/\/www.cosmepak.com\/wp-content\/uploads\/2025\/03\/9-1-150x150.jpg 150w, https:\/\/www.cosmepak.com\/wp-content\/uploads\/2025\/03\/9-1-768x768.jpg 768w, https:\/\/www.cosmepak.com\/wp-content\/uploads\/2025\/03\/9-1-600x600.jpg 600w, https:\/\/www.cosmepak.com\/wp-content\/uploads\/2025\/03\/9-1-100x100.jpg 100w\" sizes=\"(max-width: 679px) 100vw, 679px\" \/><\/p>\n<p><img loading=\"lazy\" decoding=\"async\" class=\"alignnone wp-image-1542\" src=\"https:\/\/www.cosmepak.com\/wp-content\/uploads\/2025\/03\/6-1.jpg\" alt=\"bouteille en plastique\" width=\"1388\" height=\"1388\" srcset=\"https:\/\/www.cosmepak.com\/wp-content\/uploads\/2025\/03\/6-1.jpg 1000w, https:\/\/www.cosmepak.com\/wp-content\/uploads\/2025\/03\/6-1-300x300.jpg 300w, https:\/\/www.cosmepak.com\/wp-content\/uploads\/2025\/03\/6-1-150x150.jpg 150w, https:\/\/www.cosmepak.com\/wp-content\/uploads\/2025\/03\/6-1-768x768.jpg 768w, https:\/\/www.cosmepak.com\/wp-content\/uploads\/2025\/03\/6-1-600x600.jpg 600w, https:\/\/www.cosmepak.com\/wp-content\/uploads\/2025\/03\/6-1-100x100.jpg 100w\" sizes=\"(max-width: 1388px) 100vw, 1388px\" \/><\/p>\n<h2 id=\"30ml-round-shoulder-bottle-with-screw-cap\" class=\"ai-center-markdown-h2\" data-spm-anchor-id=\"0.8443394.0.i7.613d3e5fM1b7Mc\">Bouteille \u00e0 \u00e9paule ronde de 30ml avec bouchon \u00e0 vis<\/h2>\n<h3 id=\"introduction\" class=\"ai-center-markdown-h3\">Introduction<\/h3>\n<p class=\"ai-center-markdown-p\">En ce qui concerne les solutions d'emballage, la bouteille \u00e0 \u00e9paule ronde de 30ml avec bouchon \u00e0 vis se distingue comme un choix id\u00e9al. Cette bouteille de petite capacit\u00e9 est non seulement facile \u00e0 transporter, mais offre \u00e9galement une gamme d'options personnalisables pour r\u00e9pondre \u00e0 divers besoins.<\/p>\n<h3 id=\"compact-and-portable\" class=\"ai-center-markdown-h3\">Compact et portable<\/h3>\n<p class=\"ai-center-markdown-p\">La capacit\u00e9 de 30 ml rend cette bouteille parfaite pour une utilisation en d\u00e9placement. Si vous&#8217; Voyager, aller \u00e0 la salle de sport, ou simplement avoir besoin d'un conteneur compact pour vos besoins quotidiens, cette bouteille convient \u00e0 la facture. Sa petite taille garantit qu'elle peut facilement glisser dans les poches, les sacs \u00e0 main, ou les kits de voyage sans prendre beaucoup d'espace.<\/p>\n<h3 id=\"secure-and-convenient\" class=\"ai-center-markdown-h3\">S\u00e9curis\u00e9 et pratique<\/h3>\n<p class=\"ai-center-markdown-p\">La conception du bouchon \u00e0 vis assure une fermeture s\u00e9curis\u00e9e, emp\u00eachant les fuites et les d\u00e9versements. Cette caract\u00e9ristique est particuli\u00e8rement importante pour les liquides tels que les lotions, les s\u00e9rums ou les huiles essentielles. Le bouchon \u00e0 vis assure que le contenu reste en toute s\u00e9curit\u00e9 \u00e0 l'int\u00e9rieur, vous donnant la paix d'esprit que vous&#8217; \u00e0 la maison ou en d\u00e9placement.<\/p>\n<h3 id=\"customizable-colors\" class=\"ai-center-markdown-h3\">Couleurs personnalisables<\/h3>\n<p class=\"ai-center-markdown-p\">L'une des caract\u00e9ristiques remarquables de cette bouteille est ses options de couleur personnalisables. Les entreprises et les particuliers peuvent choisir parmi une vari\u00e9t\u00e9 de couleurs pour correspondre \u00e0 leur marque ou \u00e0 leurs pr\u00e9f\u00e9rences personnelles. Cette personnalisation am\u00e9liore non seulement l\u2019attrait esth\u00e9tique de la bouteille, mais aide \u00e9galement \u00e0 la reconnaissance et \u00e0 la diff\u00e9renciation de la marque.<\/p>\n<h3 id=\"versatile-uses\" class=\"ai-center-markdown-h3\">Utilisations polyvalentes<\/h3>\n<p class=\"ai-center-markdown-p\">La bouteille \u00e0 \u00e9paule ronde de 30ml est polyvalente et peut \u00eatre utilis\u00e9e pour une vari\u00e9t\u00e9 de produits. Des produits cosm\u00e9tiques et de soins personnels aux produits pharmaceutiques et alimentaires, cette bouteille convient \u00e0 un large \u00e9ventail d'applications. Sa polyvalence en fait un ajout pr\u00e9cieux \u00e0 toute ligne de produits.<\/p>\n<h3 id=\"conclusion\" class=\"ai-center-markdown-h3\">Conclusion<\/h3>\n<p class=\"ai-center-markdown-p\">En r\u00e9sum\u00e9, la bouteille \u00e0 \u00e9paule ronde de 30 ml avec bouchon \u00e0 vis est une solution d'emballage pratique, s\u00fbre et personnalisable. Sa taille compacte le rend tr\u00e8s portable, tandis que le bouchon \u00e0 vis assure que le contenu est scell\u00e9 en toute s\u00e9curit\u00e9. L'option de personnaliser la couleur ajoute une couche suppl\u00e9mentaire de personnalisation, ce qui fait de cette bouteille un excellent choix pour diverses utilisations. Que ce soit pour un usage personnel ou pour des besoins professionnels, cette bouteille offre \u00e0 la fois fonctionnalit\u00e9 et style.<\/p>\n<p><img loading=\"lazy\" decoding=\"async\" class=\"alignnone size-full wp-image-1347\" src=\"https:\/\/www.cosmepak.com\/wp-content\/uploads\/2024\/12\/\u9996\u987519202_03.jpg\" alt=\"salon de l&#039;usine\" width=\"1920\" height=\"885\" srcset=\"https:\/\/www.cosmepak.com\/wp-content\/uploads\/2024\/12\/\u9996\u987519202_03.jpg 1920w, https:\/\/www.cosmepak.com\/wp-content\/uploads\/2024\/12\/\u9996\u987519202_03-300x138.jpg 300w, https:\/\/www.cosmepak.com\/wp-content\/uploads\/2024\/12\/\u9996\u987519202_03-1024x472.jpg 1024w, https:\/\/www.cosmepak.com\/wp-content\/uploads\/2024\/12\/\u9996\u987519202_03-768x354.jpg 768w, https:\/\/www.cosmepak.com\/wp-content\/uploads\/2024\/12\/\u9996\u987519202_03-1536x708.jpg 1536w, https:\/\/www.cosmepak.com\/wp-content\/uploads\/2024\/12\/\u9996\u987519202_03-600x277.jpg 600w\" sizes=\"(max-width: 1920px) 100vw, 1920px\" \/><\/p>\n<p><img loading=\"lazy\" decoding=\"async\" class=\"alignnone size-full wp-image-1348\" src=\"https:\/\/www.cosmepak.com\/wp-content\/uploads\/2024\/12\/\u9996\u987519202_04.jpg\" alt=\"\" width=\"1920\" height=\"694\" srcset=\"https:\/\/www.cosmepak.com\/wp-content\/uploads\/2024\/12\/\u9996\u987519202_04.jpg 1920w, https:\/\/www.cosmepak.com\/wp-content\/uploads\/2024\/12\/\u9996\u987519202_04-300x108.jpg 300w, https:\/\/www.cosmepak.com\/wp-content\/uploads\/2024\/12\/\u9996\u987519202_04-1024x370.jpg 1024w, https:\/\/www.cosmepak.com\/wp-content\/uploads\/2024\/12\/\u9996\u987519202_04-768x278.jpg 768w, https:\/\/www.cosmepak.com\/wp-content\/uploads\/2024\/12\/\u9996\u987519202_04-1536x555.jpg 1536w, https:\/\/www.cosmepak.com\/wp-content\/uploads\/2024\/12\/\u9996\u987519202_04-600x217.jpg 600w\" sizes=\"(max-width: 1920px) 100vw, 1920px\" \/><img loading=\"lazy\" decoding=\"async\" class=\"alignnone size-full wp-image-1350\" src=\"https:\/\/www.cosmepak.com\/wp-content\/uploads\/2024\/12\/\u9996\u987519202_05-1.jpg\" alt=\"\" width=\"1920\" height=\"970\" srcset=\"https:\/\/www.cosmepak.com\/wp-content\/uploads\/2024\/12\/\u9996\u987519202_05-1.jpg 1920w, https:\/\/www.cosmepak.com\/wp-content\/uploads\/2024\/12\/\u9996\u987519202_05-1-300x152.jpg 300w, https:\/\/www.cosmepak.com\/wp-content\/uploads\/2024\/12\/\u9996\u987519202_05-1-1024x517.jpg 1024w, https:\/\/www.cosmepak.com\/wp-content\/uploads\/2024\/12\/\u9996\u987519202_05-1-768x388.jpg 768w, https:\/\/www.cosmepak.com\/wp-content\/uploads\/2024\/12\/\u9996\u987519202_05-1-1536x776.jpg 1536w, https:\/\/www.cosmepak.com\/wp-content\/uploads\/2024\/12\/\u9996\u987519202_05-1-600x303.jpg 600w\" sizes=\"(max-width: 1920px) 100vw, 1920px\" \/><img loading=\"lazy\" decoding=\"async\" class=\"alignnone wp-image-1351\" src=\"https:\/\/www.cosmepak.com\/wp-content\/uploads\/2024\/12\/\u7269\u6d41\u8fd0\u8f93\u753b\u9762-2.jpg\" alt=\"\" width=\"1385\" height=\"1039\" srcset=\"https:\/\/www.cosmepak.com\/wp-content\/uploads\/2024\/12\/\u7269\u6d41\u8fd0\u8f93\u753b\u9762-2.jpg 800w, https:\/\/www.cosmepak.com\/wp-content\/uploads\/2024\/12\/\u7269\u6d41\u8fd0\u8f93\u753b\u9762-2-300x225.jpg 300w, https:\/\/www.cosmepak.com\/wp-content\/uploads\/2024\/12\/\u7269\u6d41\u8fd0\u8f93\u753b\u9762-2-768x576.jpg 768w, https:\/\/www.cosmepak.com\/wp-content\/uploads\/2024\/12\/\u7269\u6d41\u8fd0\u8f93\u753b\u9762-2-600x450.jpg 600w\" sizes=\"(max-width: 1385px) 100vw, 1385px\" \/><\/p>\n<table style=\"border-collapse: collapse; width: 100%;\">\n<tbody>\n<tr>\n<td style=\"width: 33.3333%; text-align: center;\"><strong>Exprimer<\/strong><\/td>\n<td style=\"width: 33.3333%; text-align: center;\"><strong>Fret a\u00e9rien<\/strong><\/td>\n<td style=\"width: 33.3333%; text-align: center;\"><strong>Transport maritime<\/strong><\/td>\n<\/tr>\n<tr>\n<td style=\"width: 33.3333%; text-align: center;\">Europ 4-6 jours<\/p>\n<p>Am\u00e9rique du Nord 4-6 jours<\/p>\n<p>Asie du Sud-Est 3-5 jours<\/p>\n<p>Le Moyen-Orient 4 \u00e0 6 jours<\/p>\n<p>Afrique du Sud 5-8 jours<\/td>\n<td style=\"width: 33.3333%; text-align: center;\">Europ 4-6 jours<\/p>\n<p>Am\u00e9rique du Nord 4-6 jours<\/p>\n<p>Asie du Sud-Est 3-5 jours<\/p>\n<p>Le Moyen-Orient 4 \u00e0 6 jours<\/p>\n<p>Afrique du Sud 5-8 jours<\/td>\n<td style=\"width: 33.3333%; text-align: center;\">Europ 25 \u00e0 35 jours<\/p>\n<p>Am\u00e9rique du Nord 25-35 jours<\/p>\n<p>Asie du Sud-Est 25-35 jours<\/p>\n<p>Le Moyen-Orient 25-35 jours<\/p>\n<p>Afrique du Sud 25-35 jours<\/td>\n<\/tr>\n<\/tbody>\n<\/table>\n<h3 id=\"faq\" class=\"ai-center-markdown-h3\" data-spm-anchor-id=\"0.8443394.0.i8.613d3e5fM1b7Mc\">FAQ:<\/h3>\n<h4 id=\"1-why-should-you-buy-from-us-instead-of-other-suppliers\" class=\"ai-center-markdown-h4\">1. Pourquoi devriez-vous acheter chez nous au lieu d'autres fournisseurs?<\/h4>\n<ul class=\"ai-center-markdown-ul\">\n<li class=\"ai-center-markdown-li\"><strong class=\"ai-center-markdown-strong\">Des designs personnalis\u00e9s en 3 minutes<\/strong>: Obtenez vos designs sur mesure rapidement.<\/li>\n<li class=\"ai-center-markdown-li\"><strong class=\"ai-center-markdown-strong\">Service en ligne 24\/7<\/strong>: Nous sommes toujours disponibles pour vous aider.<\/li>\n<li class=\"ai-center-markdown-li\"><strong class=\"ai-center-markdown-strong\">Rapide \u00e9chantillonnage<\/strong>: \u00e9chantillons de stock pr\u00eats en 7 jours ; \u00e9chantillons imprim\u00e9s sur mesure en 15 jours.<\/li>\n<li class=\"ai-center-markdown-li\"><strong class=\"ai-center-markdown-strong\">D\u00e9lai de livraison efficace<\/strong>Commandes achev\u00e9es dans les 35 jours.<\/li>\n<li class=\"ai-center-markdown-li\"><strong class=\"ai-center-markdown-strong\">D\u00e9cennie d'expertise<\/strong>: Plus de 10 ans d'exp\u00e9rience dans l'emballage cosm\u00e9tique.<\/li>\n<li class=\"ai-center-markdown-li\"><strong class=\"ai-center-markdown-strong\">Prix directs d'usine<\/strong>: Meilleurs prix et services directement de l'usine.<\/li>\n<li class=\"ai-center-markdown-li\"><strong class=\"ai-center-markdown-strong\">Solution unique<\/strong>: Services complets pour tous vos besoins en emballage cosm\u00e9tique.<\/li>\n<\/ul>\n<h4 id=\"2-who-are-we\" class=\"ai-center-markdown-h4\">2. Qui sommes-nous ?<\/h4>\n<p class=\"ai-center-markdown-p\">Nous sommes bas\u00e9s \u00e0 Zhejiang, en Chine, et op\u00e9rons depuis 2014. Nos principaux march\u00e9s comprennent :<\/p>\n<ul class=\"ai-center-markdown-ul\">\n<li class=\"ai-center-markdown-li\">March\u00e9 int\u00e9rieur (70,00%)<\/li>\n<li class=\"ai-center-markdown-li\">Oc\u00e9anie (8,00 %)<\/li>\n<li class=\"ai-center-markdown-li\">Moyen-Orient (7,00%)<\/li>\n<li class=\"ai-center-markdown-li\">Asie de l &apos; Est (2,00 %)<\/li>\n<li class=\"ai-center-markdown-li\">Am\u00e9rique du Nord (2,00 %)<\/li>\n<li class=\"ai-center-markdown-li\">Europe occidentale (2,00 %)<\/li>\n<li class=\"ai-center-markdown-li\">Asie du Sud-Est (2,00 %)<\/li>\n<li class=\"ai-center-markdown-li\">Asie du Sud (1,00 %)<\/li>\n<li class=\"ai-center-markdown-li\">Am\u00e9rique du Sud (1,00 %)<\/li>\n<li class=\"ai-center-markdown-li\">Europe du Sud (1,00%)<\/li>\n<li class=\"ai-center-markdown-li\">Am\u00e9rique centrale (1,00 %)<\/li>\n<li class=\"ai-center-markdown-li\">Europe du Nord (1,00%)<\/li>\n<li class=\"ai-center-markdown-li\">Afrique (1,00 %)<\/li>\n<li class=\"ai-center-markdown-li\">Europe de l'Est (1,00%)<\/li>\n<\/ul>\n<h4 id=\"3-how-can-we-guarantee-quality\" class=\"ai-center-markdown-h4\">3. Comment pouvons-nous garantir la qualit\u00e9?<\/h4>\n<ul class=\"ai-center-markdown-ul\">\n<li class=\"ai-center-markdown-li\"><strong class=\"ai-center-markdown-strong\">\u00c9chantillons de pr\u00e9-production<\/strong>: Toujours fourni avant la production en masse.<\/li>\n<li class=\"ai-center-markdown-li\"><strong class=\"ai-center-markdown-strong\">Inspection finale<\/strong>: Inspection approfondie effectu\u00e9e avant exp\u00e9dition.<\/li>\n<\/ul>\n<h4 id=\"4-what-can-you-buy-from-us\" class=\"ai-center-markdown-h4\">4. Que pouvez-vous acheter de nous?<\/h4>\n<p class=\"ai-center-markdown-p\">Nous offrons une vari\u00e9t\u00e9 de mat\u00e9riaux d'emballage cosm\u00e9tiques, y compris:<\/p>\n<ul class=\"ai-center-markdown-ul\">\n<li class=\"ai-center-markdown-li\">Bouteilles en verre<\/li>\n<li class=\"ai-center-markdown-li\">Bouteilles en plastique \/ bocaux \/ tubes<\/li>\n<li class=\"ai-center-markdown-li\">Bouteilles en aluminium \/ bocaux \/ tubes<\/li>\n<\/ul>\n<h4 id=\"5-what-services-can-we-provide\" class=\"ai-center-markdown-h4\">5. Quels services pouvons-nous fournir?<\/h4>\n<ul class=\"ai-center-markdown-ul\">\n<li class=\"ai-center-markdown-li\"><strong class=\"ai-center-markdown-strong\">Conditions de livraison accept\u00e9es<\/strong>: FOB, CFR, CIF<\/li>\n<li class=\"ai-center-markdown-li\"><strong class=\"ai-center-markdown-strong\">Monnaies de paiement accept\u00e9es<\/strong>: USD, EUR, HKD, CNY<\/li>\n<li class=\"ai-center-markdown-li\"><strong class=\"ai-center-markdown-strong\">Types de paiement accept\u00e9s<\/strong>: T\/T, L\/C, D\/P, D\/A<\/li>\n<li class=\"ai-center-markdown-li\"><strong class=\"ai-center-markdown-strong\">Langues parl\u00e9es<\/strong>Anglais, chinois<\/li>\n<\/ul>","protected":false},"excerpt":{"rendered":"<p>Mat\u00e9riau en bouteille: animal de compagnie<\/p>\n<p>Mat\u00e9riau de capuchon: PP<\/p>\n<p>Capacit\u00e9: 30 ml<\/p>\n<p>Bouchon: Bouchon de pointe \u00e0 vis \/ dentelle antid\u00e9rapante<\/p>\n<p>Couleur: personnalis\u00e9e (n'importe quelle couleur Pantone Avaliable)<\/p>\n<p>Finition de surface: impression d'\u00e9cran, gla\u00e7age, estampage chaud, gradient de pulv\u00e9risation, finition mate, etc.<\/p>\n<p>MOQ: 5000pcs;<\/p>\n<p>&nbsp;<\/p>","protected":false},"featured_media":1543,"comment_status":"closed","ping_status":"closed","template":"","meta":{"_acf_changed":false},"product_brand":[],"product_cat":[18,51],"product_tag":[41],"class_list":{"0":"post-1541","1":"product","2":"type-product","3":"status-publish","4":"has-post-thumbnail","6":"product_cat-plastic-bottle","7":"product_cat-remover-bottle","8":"product_tag-plastic-bottle","10":"first","11":"outofstock","12":"shipping-taxable","13":"product-type-simple"},"acf":[],"_links":{"self":[{"href":"https:\/\/www.cosmepak.com\/fr\/wp-json\/wp\/v2\/product\/1541","targetHints":{"allow":["GET"]}}],"collection":[{"href":"https:\/\/www.cosmepak.com\/fr\/wp-json\/wp\/v2\/product"}],"about":[{"href":"https:\/\/www.cosmepak.com\/fr\/wp-json\/wp\/v2\/types\/product"}],"replies":[{"embeddable":true,"href":"https:\/\/www.cosmepak.com\/fr\/wp-json\/wp\/v2\/comments?post=1541"}],"wp:featuredmedia":[{"embeddable":true,"href":"https:\/\/www.cosmepak.com\/fr\/wp-json\/wp\/v2\/media\/1543"}],"wp:attachment":[{"href":"https:\/\/www.cosmepak.com\/fr\/wp-json\/wp\/v2\/media?parent=1541"}],"wp:term":[{"taxonomy":"product_brand","embeddable":true,"href":"https:\/\/www.cosmepak.com\/fr\/wp-json\/wp\/v2\/product_brand?post=1541"},{"taxonomy":"product_cat","embeddable":true,"href":"https:\/\/www.cosmepak.com\/fr\/wp-json\/wp\/v2\/product_cat?post=1541"},{"taxonomy":"product_tag","embeddable":true,"href":"https:\/\/www.cosmepak.com\/fr\/wp-json\/wp\/v2\/product_tag?post=1541"}],"curies":[{"name":"WP","href":"https:\/\/api.w.org\/{rel}","templated":true}]}}