{"id":1544,"date":"2025-03-28T11:51:02","date_gmt":"2025-03-28T03:51:02","guid":{"rendered":"https:\/\/www.cosmepak.com\/?post_type=product&#038;p=1544"},"modified":"2025-09-04T13:22:00","modified_gmt":"2025-09-04T05:22:00","slug":"bouteille-de-pompe-en-plastique-jaune","status":"publish","type":"product","link":"https:\/\/www.cosmepak.com\/fr\/product\/plastic-pump-bottle-jaunce\/","title":{"rendered":"Bouteille de pompe en plastique \/ jaunce"},"content":{"rendered":"<table style=\"border-collapse: collapse; width: 100%; height: 168px;\">\n<tbody>\n<tr style=\"height: 24px;\">\n<td style=\"width: 33.3333%; height: 168px;\" rowspan=\"7\"><img fetchpriority=\"high\" decoding=\"async\" class=\"alignnone size-full wp-image-1545\" src=\"https:\/\/www.cosmepak.com\/wp-content\/uploads\/2025\/03\/10895955599_624076099.jpg\" alt=\"bouteille en plastique\" width=\"1000\" height=\"1000\" srcset=\"https:\/\/www.cosmepak.com\/wp-content\/uploads\/2025\/03\/10895955599_624076099.jpg 1000w, https:\/\/www.cosmepak.com\/wp-content\/uploads\/2025\/03\/10895955599_624076099-300x300.jpg 300w, https:\/\/www.cosmepak.com\/wp-content\/uploads\/2025\/03\/10895955599_624076099-150x150.jpg 150w, https:\/\/www.cosmepak.com\/wp-content\/uploads\/2025\/03\/10895955599_624076099-768x768.jpg 768w, https:\/\/www.cosmepak.com\/wp-content\/uploads\/2025\/03\/10895955599_624076099-600x600.jpg 600w, https:\/\/www.cosmepak.com\/wp-content\/uploads\/2025\/03\/10895955599_624076099-100x100.jpg 100w\" sizes=\"(max-width: 1000px) 100vw, 1000px\" \/><\/td>\n<td style=\"width: 29.2675%; height: 24px; text-align: center;\">Marque<\/td>\n<td style=\"width: 37.3991%; height: 24px; text-align: center;\">Jaunce<\/td>\n<\/tr>\n<tr style=\"height: 24px;\">\n<td style=\"width: 29.2675%; height: 24px; text-align: center;\">Mod\u00e8le<\/td>\n<td style=\"width: 37.3991%; height: 24px; text-align: center;\">Jh-lwsm11<\/td>\n<\/tr>\n<tr style=\"height: 24px;\">\n<td style=\"width: 29.2675%; height: 24px; text-align: center;\">Capcience<\/td>\n<td style=\"width: 37.3991%; height: 24px; text-align: center;\">50\/100\/150\/200ml<\/td>\n<\/tr>\n<tr style=\"height: 24px;\">\n<td style=\"width: 29.2675%; height: 24px; text-align: center;\">Poids<\/td>\n<td style=\"width: 37.3991%; height: 24px; text-align: center;\">14.8\/21.1\/26.1\/30.7g<\/td>\n<\/tr>\n<tr style=\"height: 24px;\">\n<td style=\"width: 29.2675%; height: 24px; text-align: center;\">Couleur<\/td>\n<td style=\"width: 37.3991%; height: 24px; text-align: center;\">personnalis\u00e9<\/td>\n<\/tr>\n<tr style=\"height: 24px;\">\n<td style=\"width: 29.2675%; height: 24px; text-align: center;\">Mat\u00e9riel<\/td>\n<td style=\"width: 37.3991%; height: 24px; text-align: center;\">PET \/ PP<\/td>\n<\/tr>\n<tr style=\"height: 24px;\">\n<td style=\"width: 29.2675%; height: 24px; text-align: center;\">Taille<\/td>\n<td style=\"width: 37.3991%; height: 24px; text-align: center;\">27 * 79 mm<\/td>\n<\/tr>\n<\/tbody>\n<\/table>\n<p>Bouteille d'\u00e9paule rond avec pompe \u00e0 pulv\u00e9risation, capacit\u00e9 SAMLL facile \u00e0 transporter, accepter la couleur personnalis\u00e9e.<\/p>\n<p>Param\u00e8tres du produit<\/p>\n<table style=\"border-collapse: collapse; width: 100.361%;\">\n<tbody>\n<tr>\n<td style=\"width: 11.4318%; text-align: center;\">Capacit\u00e9<\/td>\n<td style=\"width: 12.5319%; text-align: center;\">Hauteur totale<\/td>\n<td style=\"width: 14.3395%; text-align: center;\">Hauteur de bouteille<\/td>\n<td style=\"width: 12.856%; text-align: center;\">Hauteur imprimable<\/td>\n<td style=\"width: 11.1575%; text-align: center;\">Dia<\/td>\n<td style=\"width: 14.1854%; text-align: center;\">Poids de bouteille<\/td>\n<td style=\"width: 12.2086%; text-align: center;\">Qt\u00e9 de package<\/td>\n<td style=\"width: 18.4223%; text-align: center;\">Poids de l'emballage<\/td>\n<\/tr>\n<tr>\n<td style=\"width: 11.4318%; text-align: center;\">50 ml<\/td>\n<td style=\"width: 12.5319%; text-align: center;\">96 mm<\/td>\n<td style=\"width: 14.3395%; text-align: center;\">73 mm<\/td>\n<td style=\"width: 12.856%; text-align: center;\">45 mm<\/td>\n<td style=\"width: 11.1575%; text-align: center;\">42 mm<\/td>\n<td style=\"width: 14.1854%; text-align: center;\">14.8g<\/td>\n<td style=\"width: 12.2086%; text-align: center;\">1000pcs<\/td>\n<td style=\"width: 18.4223%; text-align: center;\">11 kg<\/td>\n<\/tr>\n<tr>\n<td style=\"width: 11.4318%; text-align: center;\">100 ml<\/td>\n<td style=\"width: 12.5319%; text-align: center;\">115 mm<\/td>\n<td style=\"width: 14.3395%; text-align: center;\">90 mm<\/td>\n<td style=\"width: 12.856%; text-align: center;\">58 mm<\/td>\n<td style=\"width: 11.1575%; text-align: center;\">46.5mm<\/td>\n<td style=\"width: 14.1854%; text-align: center;\">21.1g<\/td>\n<td style=\"width: 12.2086%; text-align: center;\">770pcs<\/td>\n<td style=\"width: 18.4223%; text-align: center;\">14.2kgs<\/td>\n<\/tr>\n<tr>\n<td style=\"width: 11.4318%; text-align: center;\">150 ml<\/td>\n<td style=\"width: 12.5319%; text-align: center;\">129 mm<\/td>\n<td style=\"width: 14.3395%; text-align: center;\">106 mm<\/td>\n<td style=\"width: 12.856%; text-align: center;\">70 mm<\/td>\n<td style=\"width: 11.1575%; text-align: center;\">52.5mm<\/td>\n<td style=\"width: 14.1854%; text-align: center;\">26.1g<\/td>\n<td style=\"width: 12.2086%; text-align: center;\">477pcs<\/td>\n<td style=\"width: 18.4223%; text-align: center;\">11.3kgs<\/td>\n<\/tr>\n<tr>\n<td style=\"width: 11.4318%; text-align: center;\">200 ml<\/td>\n<td style=\"width: 12.5319%; text-align: center;\">153 mm<\/td>\n<td style=\"width: 14.3395%; text-align: center;\">130 mm<\/td>\n<td style=\"width: 12.856%; text-align: center;\">95 mm<\/td>\n<td style=\"width: 11.1575%; text-align: center;\">53 mm<\/td>\n<td style=\"width: 14.1854%; text-align: center;\">30.7g<\/td>\n<td style=\"width: 12.2086%; text-align: center;\">410pcs<\/td>\n<td style=\"width: 18.4223%; text-align: center;\">10.6kgs<\/td>\n<\/tr>\n<\/tbody>\n<\/table>\n<p><img decoding=\"async\" class=\"alignnone wp-image-1546\" src=\"https:\/\/www.cosmepak.com\/wp-content\/uploads\/2025\/03\/10895967086_624076099.jpg\" alt=\"bouteille en plastique\" width=\"1392\" height=\"1392\" srcset=\"https:\/\/www.cosmepak.com\/wp-content\/uploads\/2025\/03\/10895967086_624076099.jpg 1000w, https:\/\/www.cosmepak.com\/wp-content\/uploads\/2025\/03\/10895967086_624076099-300x300.jpg 300w, https:\/\/www.cosmepak.com\/wp-content\/uploads\/2025\/03\/10895967086_624076099-150x150.jpg 150w, https:\/\/www.cosmepak.com\/wp-content\/uploads\/2025\/03\/10895967086_624076099-768x768.jpg 768w, https:\/\/www.cosmepak.com\/wp-content\/uploads\/2025\/03\/10895967086_624076099-600x600.jpg 600w, https:\/\/www.cosmepak.com\/wp-content\/uploads\/2025\/03\/10895967086_624076099-100x100.jpg 100w\" sizes=\"(max-width: 1392px) 100vw, 1392px\" \/> <img decoding=\"async\" class=\"alignnone wp-image-1547\" src=\"https:\/\/www.cosmepak.com\/wp-content\/uploads\/2025\/03\/10895973280_624076099.jpg\" alt=\"\" width=\"1379\" height=\"1842\" srcset=\"https:\/\/www.cosmepak.com\/wp-content\/uploads\/2025\/03\/10895973280_624076099.jpg 1000w, https:\/\/www.cosmepak.com\/wp-content\/uploads\/2025\/03\/10895973280_624076099-225x300.jpg 225w, https:\/\/www.cosmepak.com\/wp-content\/uploads\/2025\/03\/10895973280_624076099-766x1024.jpg 766w, https:\/\/www.cosmepak.com\/wp-content\/uploads\/2025\/03\/10895973280_624076099-768x1026.jpg 768w, https:\/\/www.cosmepak.com\/wp-content\/uploads\/2025\/03\/10895973280_624076099-600x802.jpg 600w\" sizes=\"(max-width: 1379px) 100vw, 1379px\" \/><\/p>\n<h3 id=\"versatile-50ml-200ml-dark-green-pet-plastic-spray-bottles\" class=\"ai-center-markdown-h3\" data-spm-anchor-id=\"0.8443394.0.i2.613d3e5fM1b7Mc\">Bouteilles polyvalentes de pulv\u00e9risation en plastique de PET vert fonc\u00e9 50ML-200ML<\/h3>\n<h4 id=\"introduction\" class=\"ai-center-markdown-h4\">Introduction<\/h4>\n<p class=\"ai-center-markdown-p\">Dans le domaine des solutions d\u2019emballage, les bouteilles de pulv\u00e9risation en plastique PET sont devenues indispensables en raison de leur polyvalence, de leur durabilit\u00e9 et de leur attrait esth\u00e9tique. Parmi eux, les bouteilles de spray \u00e0 \u00e9paule inclin\u00e9es vert fonc\u00e9 50ML-200ML se distinguent par leur design et leur fonctionnalit\u00e9 uniques. Cet article explore les caract\u00e9ristiques, les avantages et les applications de ces bouteilles de pulv\u00e9risation, soulignant pourquoi elles sont un choix pr\u00e9f\u00e9r\u00e9 dans diverses industries.<\/p>\n<h4 id=\"features\" class=\"ai-center-markdown-h4\">Caract\u00e9ristiques<\/h4>\n<ol class=\"ai-center-markdown-ol\" start=\"1\">\n<li class=\"ai-center-markdown-li\"><strong class=\"ai-center-markdown-strong\">Mat\u00e9riel<\/strong>Fabriqu\u00e9es en PET (Poly\u00e9thyl\u00e8ne t\u00e9r\u00e9phtalate) de haute qualit\u00e9, ces bouteilles sont connues pour leur r\u00e9sistance, leur l\u00e9g\u00e8ret\u00e9 et leur recyclabilit\u00e9.<\/li>\n<li class=\"ai-center-markdown-li\"><strong class=\"ai-center-markdown-strong\">Gamme de capacit\u00e9<\/strong>Disponible en capacit\u00e9s allant de 50ml \u00e0 200ml, r\u00e9pondant \u00e0 divers besoins.<\/li>\n<li class=\"ai-center-markdown-li\"><strong class=\"ai-center-markdown-strong\">Conception<\/strong>Le design de l'\u00e9paule inclin\u00e9e ajoute non seulement un attrait esth\u00e9tique mais am\u00e9liore \u00e9galement l'adh\u00e9rence et la convivialit\u00e9.<\/li>\n<li class=\"ai-center-markdown-li\"><strong class=\"ai-center-markdown-strong\">Couleur<\/strong>La teinte vert fonc\u00e9 offre un look sophistiqu\u00e9 tout en prot\u00e9geant le contenu de la lumi\u00e8re UV, qui peut d\u00e9grader certains produits.<\/li>\n<li class=\"ai-center-markdown-li\"><strong class=\"ai-center-markdown-strong\">M\u00e9canisme de pulv\u00e9risation<\/strong>\u00c9quip\u00e9 d'une buse de pulv\u00e9risation fiable qui assure une brume fine, ce qui le rend adapt\u00e9 \u00e0 diverses applications.<\/li>\n<\/ol>\n<h4 id=\"benefits\" class=\"ai-center-markdown-h4\">Avantages<\/h4>\n<ol class=\"ai-center-markdown-ol\" start=\"1\">\n<li class=\"ai-center-markdown-li\"><strong class=\"ai-center-markdown-strong\">Dur\u00e9e<\/strong>Le plastique PET est r\u00e9sistant aux chocs, ce qui garantit que les bouteilles ne se cassent pas facilement ou ne se fissure pas.<\/li>\n<li class=\"ai-center-markdown-li\"><strong class=\"ai-center-markdown-strong\">Ecologique<\/strong>Recyclables, ces bouteilles contribuent \u00e0 la durabilit\u00e9 environnementale.<\/li>\n<li class=\"ai-center-markdown-li\"><strong class=\"ai-center-markdown-strong\">Versatilit\u00e9<\/strong>Convient \u00e0 une large gamme de produits, des cosm\u00e9tiques et des articles de soins personnels aux nettoyants m\u00e9nagers et aux solutions industrielles.<\/li>\n<li class=\"ai-center-markdown-li\"><strong class=\"ai-center-markdown-strong\">Protection<\/strong>La couleur vert fonc\u00e9 offre une protection contre les rayons UV, pr\u00e9servant l'int\u00e9grit\u00e9 des produits sensibles \u00e0 la lumi\u00e8re.<\/li>\n<li class=\"ai-center-markdown-li\"><strong class=\"ai-center-markdown-strong\">Portabilit\u00e9<\/strong>Les tailles compactes (50ML-200ML) rendent ces bouteilles id\u00e9ales pour les voyages et l'utilisation en d\u00e9placement.<\/li>\n<\/ol>\n<h4 id=\"applications\" class=\"ai-center-markdown-h4\">Applications<\/h4>\n<ol class=\"ai-center-markdown-ol\" start=\"1\">\n<li class=\"ai-center-markdown-li\"><strong class=\"ai-center-markdown-strong\">Cosm\u00e9tiques et soins personnels<\/strong>Id\u00e9al pour les parfums, brouillards faciaux, sprays capillaires et autres produits de beaut\u00e9.<\/li>\n<li class=\"ai-center-markdown-li\"><strong class=\"ai-center-markdown-strong\">Nettoyeurs m\u00e9nagers<\/strong>Parfait pour le stockage et la distribution de solutions de nettoyage de mani\u00e8re contr\u00f4l\u00e9e.<\/li>\n<li class=\"ai-center-markdown-li\"><strong class=\"ai-center-markdown-strong\">soins de sant\u00e9<\/strong>Convient pour les d\u00e9sinfectants, les solutions antiseptiques et d'autres sprays m\u00e9dicaux.<\/li>\n<li class=\"ai-center-markdown-li\"><strong class=\"ai-center-markdown-strong\">Utilisation industrielle<\/strong>Peut \u00eatre utilis\u00e9 pour divers produits chimiques industriels et solutions qui n\u00e9cessitent une application pr\u00e9cise.<\/li>\n<\/ol>\n<h4 id=\"conclusion\" class=\"ai-center-markdown-h4\">Conclusion<\/h4>\n<p class=\"ai-center-markdown-p\">Les bouteilles de pulv\u00e9risation en plastique PET \u00e0 \u00e9paule inclin\u00e9e vert fonc\u00e9 50ML-200ML offrent un m\u00e9lange de fonctionnalit\u00e9, de durabilit\u00e9 et d'attrait esth\u00e9tique. Leur polyvalence les rend adapt\u00e9s \u00e0 diverses industries, garantissant que les produits sont stock\u00e9s en toute s\u00e9curit\u00e9 et distribu\u00e9s efficacement. En choisissant ces bouteilles de pulv\u00e9risation, les entreprises am\u00e9liorent non seulement la pr\u00e9sentation de leurs produits, mais contribuent \u00e9galement \u00e0 des solutions d\u2019emballage durables.<\/p>\n<p>&nbsp;<\/p>\n<p><img loading=\"lazy\" decoding=\"async\" class=\"alignnone size-full wp-image-1347\" src=\"https:\/\/www.cosmepak.com\/wp-content\/uploads\/2024\/12\/\u9996\u987519202_03.jpg\" alt=\"salon de l&#039;usine\" width=\"1920\" height=\"885\" srcset=\"https:\/\/www.cosmepak.com\/wp-content\/uploads\/2024\/12\/\u9996\u987519202_03.jpg 1920w, https:\/\/www.cosmepak.com\/wp-content\/uploads\/2024\/12\/\u9996\u987519202_03-300x138.jpg 300w, https:\/\/www.cosmepak.com\/wp-content\/uploads\/2024\/12\/\u9996\u987519202_03-1024x472.jpg 1024w, https:\/\/www.cosmepak.com\/wp-content\/uploads\/2024\/12\/\u9996\u987519202_03-768x354.jpg 768w, https:\/\/www.cosmepak.com\/wp-content\/uploads\/2024\/12\/\u9996\u987519202_03-1536x708.jpg 1536w, https:\/\/www.cosmepak.com\/wp-content\/uploads\/2024\/12\/\u9996\u987519202_03-600x277.jpg 600w\" sizes=\"(max-width: 1920px) 100vw, 1920px\" \/><\/p>\n<p><img loading=\"lazy\" decoding=\"async\" class=\"alignnone size-full wp-image-1348\" src=\"https:\/\/www.cosmepak.com\/wp-content\/uploads\/2024\/12\/\u9996\u987519202_04.jpg\" alt=\"\" width=\"1920\" height=\"694\" srcset=\"https:\/\/www.cosmepak.com\/wp-content\/uploads\/2024\/12\/\u9996\u987519202_04.jpg 1920w, https:\/\/www.cosmepak.com\/wp-content\/uploads\/2024\/12\/\u9996\u987519202_04-300x108.jpg 300w, https:\/\/www.cosmepak.com\/wp-content\/uploads\/2024\/12\/\u9996\u987519202_04-1024x370.jpg 1024w, https:\/\/www.cosmepak.com\/wp-content\/uploads\/2024\/12\/\u9996\u987519202_04-768x278.jpg 768w, https:\/\/www.cosmepak.com\/wp-content\/uploads\/2024\/12\/\u9996\u987519202_04-1536x555.jpg 1536w, https:\/\/www.cosmepak.com\/wp-content\/uploads\/2024\/12\/\u9996\u987519202_04-600x217.jpg 600w\" sizes=\"(max-width: 1920px) 100vw, 1920px\" \/><img loading=\"lazy\" decoding=\"async\" class=\"alignnone size-full wp-image-1350\" src=\"https:\/\/www.cosmepak.com\/wp-content\/uploads\/2024\/12\/\u9996\u987519202_05-1.jpg\" alt=\"\" width=\"1920\" height=\"970\" srcset=\"https:\/\/www.cosmepak.com\/wp-content\/uploads\/2024\/12\/\u9996\u987519202_05-1.jpg 1920w, https:\/\/www.cosmepak.com\/wp-content\/uploads\/2024\/12\/\u9996\u987519202_05-1-300x152.jpg 300w, https:\/\/www.cosmepak.com\/wp-content\/uploads\/2024\/12\/\u9996\u987519202_05-1-1024x517.jpg 1024w, https:\/\/www.cosmepak.com\/wp-content\/uploads\/2024\/12\/\u9996\u987519202_05-1-768x388.jpg 768w, https:\/\/www.cosmepak.com\/wp-content\/uploads\/2024\/12\/\u9996\u987519202_05-1-1536x776.jpg 1536w, https:\/\/www.cosmepak.com\/wp-content\/uploads\/2024\/12\/\u9996\u987519202_05-1-600x303.jpg 600w\" sizes=\"(max-width: 1920px) 100vw, 1920px\" \/><img loading=\"lazy\" decoding=\"async\" class=\"alignnone wp-image-1351\" src=\"https:\/\/www.cosmepak.com\/wp-content\/uploads\/2024\/12\/\u7269\u6d41\u8fd0\u8f93\u753b\u9762-2.jpg\" alt=\"\" width=\"1385\" height=\"1039\" srcset=\"https:\/\/www.cosmepak.com\/wp-content\/uploads\/2024\/12\/\u7269\u6d41\u8fd0\u8f93\u753b\u9762-2.jpg 800w, https:\/\/www.cosmepak.com\/wp-content\/uploads\/2024\/12\/\u7269\u6d41\u8fd0\u8f93\u753b\u9762-2-300x225.jpg 300w, https:\/\/www.cosmepak.com\/wp-content\/uploads\/2024\/12\/\u7269\u6d41\u8fd0\u8f93\u753b\u9762-2-768x576.jpg 768w, https:\/\/www.cosmepak.com\/wp-content\/uploads\/2024\/12\/\u7269\u6d41\u8fd0\u8f93\u753b\u9762-2-600x450.jpg 600w\" sizes=\"(max-width: 1385px) 100vw, 1385px\" \/><\/p>\n<table style=\"border-collapse: collapse; width: 100%;\">\n<tbody>\n<tr>\n<td style=\"width: 33.3333%; text-align: center;\"><strong>Exprimer<\/strong><\/td>\n<td style=\"width: 33.3333%; text-align: center;\"><strong>Fret a\u00e9rien<\/strong><\/td>\n<td style=\"width: 33.3333%; text-align: center;\"><strong>Transport maritime<\/strong><\/td>\n<\/tr>\n<tr>\n<td style=\"width: 33.3333%; text-align: center;\">Europ 4-6 jours<\/p>\n<p>Am\u00e9rique du Nord 4-6 jours<\/p>\n<p>Asie du Sud-Est 3-5 jours<\/p>\n<p>Le Moyen-Orient 4 \u00e0 6 jours<\/p>\n<p>Afrique du Sud 5-8 jours<\/td>\n<td style=\"width: 33.3333%; text-align: center;\">Europ 4-6 jours<\/p>\n<p>Am\u00e9rique du Nord 4-6 jours<\/p>\n<p>Asie du Sud-Est 3-5 jours<\/p>\n<p>Le Moyen-Orient 4 \u00e0 6 jours<\/p>\n<p>Afrique du Sud 5-8 jours<\/td>\n<td style=\"width: 33.3333%; text-align: center;\">Europ 25 \u00e0 35 jours<\/p>\n<p>Am\u00e9rique du Nord 25-35 jours<\/p>\n<p>Asie du Sud-Est 25-35 jours<\/p>\n<p>Le Moyen-Orient 25-35 jours<\/p>\n<p>Afrique du Sud 25-35 jours<\/td>\n<\/tr>\n<\/tbody>\n<\/table>\n<h3 id=\"faq\" class=\"ai-center-markdown-h3\" data-spm-anchor-id=\"0.8443394.0.i4.613d3e5fM1b7Mc\">FAQ (questions fr\u00e9quentes)<\/h3>\n<p class=\"ai-center-markdown-p\"><strong class=\"ai-center-markdown-strong\">1. Pourquoi devriez-vous acheter chez nous au lieu d'autres fournisseurs?<\/strong><\/p>\n<ul class=\"ai-center-markdown-ul\">\n<li class=\"ai-center-markdown-li\">Des designs personnalis\u00e9s en seulement 3 minutes.<\/li>\n<li class=\"ai-center-markdown-li\">Service en ligne 24\/7.<\/li>\n<li class=\"ai-center-markdown-li\">Des \u00e9chantillons de stock disponibles en 7 jours; \u00e9chantillons imprim\u00e9s sur mesure en 15 jours.<\/li>\n<li class=\"ai-center-markdown-li\">D\u00e9lai de livraison de 35 jours.<\/li>\n<li class=\"ai-center-markdown-li\">Plus de 10 ans d\u2019expertise dans l\u2019emballage cosm\u00e9tique.<\/li>\n<li class=\"ai-center-markdown-li\">Ventes directes d'usine assurant le meilleur prix et service.<\/li>\n<li class=\"ai-center-markdown-li\">Solutions compl\u00e8tes pour l'emballage cosm\u00e9tique.<\/li>\n<\/ul>\n<p class=\"ai-center-markdown-p\"><strong class=\"ai-center-markdown-strong\">2. Qui sommes-nous ?<\/strong>\u00a0Nous sommes une soci\u00e9t\u00e9 bas\u00e9e au Zhejiang fond\u00e9e en 2014. Notre distribution sur le march\u00e9 comprend :<\/p>\n<ul class=\"ai-center-markdown-ul\">\n<li class=\"ai-center-markdown-li\">March\u00e9 int\u00e9rieur : 70%<\/li>\n<li class=\"ai-center-markdown-li\">Oc\u00e9anie : 8 %<\/li>\n<li class=\"ai-center-markdown-li\">Moyen-Orient : 7 %<\/li>\n<li class=\"ai-center-markdown-li\">Asie de l'Est : 2 %<\/li>\n<li class=\"ai-center-markdown-li\">Am\u00e9rique du Nord : 2 %<\/li>\n<li class=\"ai-center-markdown-li\">Europe occidentale : 2 %<\/li>\n<li class=\"ai-center-markdown-li\">Asie du Sud-Est : 2 %<\/li>\n<li class=\"ai-center-markdown-li\">Asie du Sud : 1 %<\/li>\n<li class=\"ai-center-markdown-li\">Am\u00e9rique du Sud : 1 %<\/li>\n<li class=\"ai-center-markdown-li\">Europe du Sud : 1%<\/li>\n<li class=\"ai-center-markdown-li\">Am\u00e9rique centrale : 1 %<\/li>\n<li class=\"ai-center-markdown-li\">Europe du Nord : 1%<\/li>\n<li class=\"ai-center-markdown-li\">Afrique : 1 %<\/li>\n<li class=\"ai-center-markdown-li\">Europe de l'Est: 1%<\/li>\n<\/ul>\n<p class=\"ai-center-markdown-p\"><strong class=\"ai-center-markdown-strong\">3. Comment pouvons-nous garantir la qualit\u00e9?<\/strong><\/p>\n<ul class=\"ai-center-markdown-ul\">\n<li class=\"ai-center-markdown-li\">Les \u00e9chantillons de pr\u00e9-production sont toujours fournis avant la production en masse.<\/li>\n<li class=\"ai-center-markdown-li\">L'inspection finale est toujours effectu\u00e9e avant l'exp\u00e9dition.<\/li>\n<\/ul>\n<p class=\"ai-center-markdown-p\"><strong class=\"ai-center-markdown-strong\">4. Que pouvez-vous acheter de nous?<\/strong>\u00a0Nous offrons une vari\u00e9t\u00e9 de mat\u00e9riaux d'emballage cosm\u00e9tiques, y compris:<\/p>\n<ul class=\"ai-center-markdown-ul\">\n<li class=\"ai-center-markdown-li\">Bouteilles en verre<\/li>\n<li class=\"ai-center-markdown-li\">Bouteilles, bocaux, tubes en plastique<\/li>\n<li class=\"ai-center-markdown-li\">Bouteilles, bocaux, tubes en aluminium<\/li>\n<\/ul>\n<p class=\"ai-center-markdown-p\"><strong class=\"ai-center-markdown-strong\">5. Quels services pouvons-nous fournir?<\/strong><\/p>\n<ul class=\"ai-center-markdown-ul\">\n<li class=\"ai-center-markdown-li\">Conditions de livraison accept\u00e9es: FOB, CFR, CIF<\/li>\n<li class=\"ai-center-markdown-li\">Devise de paiement accept\u00e9e: USD, EUR, HKD, CNY<\/li>\n<li class=\"ai-center-markdown-li\">Types de paiement accept\u00e9s: T \/ T, L \/ C, D \/ P, D \/ A<\/li>\n<li class=\"ai-center-markdown-li\" data-spm-anchor-id=\"0.8443394.0.i5.613d3e5fM1b7Mc\">Langues parl\u00e9es: Anglais, Chinois<\/li>\n<\/ul>","protected":false},"excerpt":{"rendered":"<p>Mat\u00e9riau en bouteille: animal de compagnie<\/p>\n<p>Mat\u00e9riau de capuchon: PP<\/p>\n<p>Capacit\u00e9 : 50ml\/100ml\/150ml\/200ml<\/p>\n<p>Bouchage: pompe \u00e0 vis<\/p>\n<p>Couleur: personnalis\u00e9e (n'importe quelle couleur Pantone Avaliable)<\/p>\n<p>Finition de surface: impression d'\u00e9cran, gla\u00e7age, estampage chaud, gradient de pulv\u00e9risation, finition mate, etc.<\/p>\n<p>MOQ: 5000pcs;<\/p>\n<p>&nbsp;<\/p>","protected":false},"featured_media":1548,"comment_status":"closed","ping_status":"closed","template":"","meta":{"_acf_changed":false},"product_brand":[],"product_cat":[18,48],"product_tag":[41],"class_list":{"0":"post-1544","1":"product","2":"type-product","3":"status-publish","4":"has-post-thumbnail","6":"product_cat-plastic-bottle","7":"product_cat-spray-bottle","8":"product_tag-plastic-bottle","10":"first","11":"outofstock","12":"shipping-taxable","13":"product-type-simple"},"acf":[],"_links":{"self":[{"href":"https:\/\/www.cosmepak.com\/fr\/wp-json\/wp\/v2\/product\/1544","targetHints":{"allow":["GET"]}}],"collection":[{"href":"https:\/\/www.cosmepak.com\/fr\/wp-json\/wp\/v2\/product"}],"about":[{"href":"https:\/\/www.cosmepak.com\/fr\/wp-json\/wp\/v2\/types\/product"}],"replies":[{"embeddable":true,"href":"https:\/\/www.cosmepak.com\/fr\/wp-json\/wp\/v2\/comments?post=1544"}],"wp:featuredmedia":[{"embeddable":true,"href":"https:\/\/www.cosmepak.com\/fr\/wp-json\/wp\/v2\/media\/1548"}],"wp:attachment":[{"href":"https:\/\/www.cosmepak.com\/fr\/wp-json\/wp\/v2\/media?parent=1544"}],"wp:term":[{"taxonomy":"product_brand","embeddable":true,"href":"https:\/\/www.cosmepak.com\/fr\/wp-json\/wp\/v2\/product_brand?post=1544"},{"taxonomy":"product_cat","embeddable":true,"href":"https:\/\/www.cosmepak.com\/fr\/wp-json\/wp\/v2\/product_cat?post=1544"},{"taxonomy":"product_tag","embeddable":true,"href":"https:\/\/www.cosmepak.com\/fr\/wp-json\/wp\/v2\/product_tag?post=1544"}],"curies":[{"name":"WP","href":"https:\/\/api.w.org\/{rel}","templated":true}]}}