{"id":1576,"date":"2025-03-28T13:56:17","date_gmt":"2025-03-28T05:56:17","guid":{"rendered":"https:\/\/www.cosmepak.com\/?post_type=product&#038;p=1576"},"modified":"2025-08-21T16:20:53","modified_gmt":"2025-08-21T08:20:53","slug":"pp-capuchon-plastique-bouteille-de-cosmetique-jaune","status":"publish","type":"product","link":"https:\/\/www.cosmepak.com\/fr\/product\/pp-flip-cap-plastic-cosmetic-bottle-jaunce\/","title":{"rendered":"Bouteille cosm\u00e9tique en plastique PP Flip Cap \/ Jaunce"},"content":{"rendered":"<table style=\"border-collapse: collapse; width: 100%; height: 168px;\">\n<tbody>\n<tr style=\"height: 24px;\">\n<td style=\"width: 33.3333%; height: 168px;\" rowspan=\"7\"><img fetchpriority=\"high\" decoding=\"async\" class=\"alignnone size-full wp-image-1578\" src=\"https:\/\/www.cosmepak.com\/wp-content\/uploads\/2025\/03\/1-4.jpg\" alt=\"bouteille en plastique\" width=\"1000\" height=\"1000\" srcset=\"https:\/\/www.cosmepak.com\/wp-content\/uploads\/2025\/03\/1-4.jpg 1000w, https:\/\/www.cosmepak.com\/wp-content\/uploads\/2025\/03\/1-4-300x300.jpg 300w, https:\/\/www.cosmepak.com\/wp-content\/uploads\/2025\/03\/1-4-150x150.jpg 150w, https:\/\/www.cosmepak.com\/wp-content\/uploads\/2025\/03\/1-4-768x768.jpg 768w, https:\/\/www.cosmepak.com\/wp-content\/uploads\/2025\/03\/1-4-600x600.jpg 600w, https:\/\/www.cosmepak.com\/wp-content\/uploads\/2025\/03\/1-4-100x100.jpg 100w\" sizes=\"(max-width: 1000px) 100vw, 1000px\" \/><\/td>\n<td style=\"width: 33.122%; height: 24px; text-align: center;\">Marque<\/td>\n<td style=\"width: 33.5446%; height: 24px; text-align: center;\">Jaunce<\/td>\n<\/tr>\n<tr style=\"height: 24px;\">\n<td style=\"width: 33.122%; height: 24px; text-align: center;\">Mod\u00e8le<\/td>\n<td style=\"width: 33.5446%; height: 24px; text-align: center;\">Jh-lwmj11<\/td>\n<\/tr>\n<tr style=\"height: 24px;\">\n<td style=\"width: 33.122%; height: 24px; text-align: center;\">Capcience<\/td>\n<td style=\"width: 33.5446%; height: 24px; text-align: center;\">12\/18\/30\/50\/100\/200\/400ml<\/td>\n<\/tr>\n<tr style=\"height: 24px;\">\n<td style=\"width: 33.122%; height: 24px; text-align: center;\">Poids<\/td>\n<td style=\"width: 33.5446%; height: 24px; text-align: center;\">5.3\/6\/11.9\/13.3\/17\/31.6\/40.7g<\/td>\n<\/tr>\n<tr style=\"height: 24px;\">\n<td style=\"width: 33.122%; height: 24px; text-align: center;\">Couleur<\/td>\n<td style=\"width: 33.5446%; height: 24px; text-align: center;\">personnalis\u00e9<\/td>\n<\/tr>\n<tr style=\"height: 24px;\">\n<td style=\"width: 33.122%; height: 24px; text-align: center;\">Mat\u00e9riel<\/td>\n<td style=\"width: 33.5446%; height: 24px; text-align: center;\">Bouteille de compagnie et capuchon PP<\/td>\n<\/tr>\n<tr style=\"height: 24px;\">\n<td style=\"width: 33.122%; height: 24px; text-align: center;\">Sortie liquide<\/td>\n<td style=\"width: 33.5446%; height: 24px; text-align: center;\">0.4ml\/T<\/td>\n<\/tr>\n<\/tbody>\n<\/table>\n<p>Bouteille d'\u00e9paule rond avec capuchon, acceptez la couleur personnalis\u00e9e.<\/p>\n<table style=\"border-collapse: collapse; width: 100%;\">\n<tbody>\n<tr>\n<td style=\"width: 16.6667%; text-align: center;\">Capacit\u00e9<\/td>\n<td style=\"width: 16.6667%; text-align: center;\">Hauteur totale<\/td>\n<td style=\"width: 16.6667%; text-align: center;\">Hauteur de bouteille<\/td>\n<td style=\"width: 16.6667%; text-align: center;\">Hauteur imprimable<\/td>\n<td style=\"width: 16.6667%; text-align: center;\">Dia<\/td>\n<td style=\"width: 16.6667%; text-align: center;\">Poids<\/td>\n<\/tr>\n<tr>\n<td style=\"width: 16.6667%; text-align: center;\">12 ml<\/td>\n<td style=\"width: 16.6667%; text-align: center;\">61 mm<\/td>\n<td style=\"width: 16.6667%; text-align: center;\">57.5mm<\/td>\n<td style=\"width: 16.6667%; text-align: center;\">41.5mm<\/td>\n<td style=\"width: 16.6667%; text-align: center;\">21 mm<\/td>\n<td style=\"width: 16.6667%; text-align: center;\">5.3g<\/td>\n<\/tr>\n<tr>\n<td style=\"width: 16.6667%; text-align: center;\">18 ml<\/td>\n<td style=\"width: 16.6667%; text-align: center;\">81.6mm<\/td>\n<td style=\"width: 16.6667%; text-align: center;\">78 mm<\/td>\n<td style=\"width: 16.6667%; text-align: center;\">60.5mm<\/td>\n<td style=\"width: 16.6667%; text-align: center;\">21 mm<\/td>\n<td style=\"width: 16.6667%; text-align: center;\">6g<\/td>\n<\/tr>\n<tr>\n<td style=\"width: 16.6667%; text-align: center;\">30 ml<\/td>\n<td style=\"width: 16.6667%; text-align: center;\">71.65mm<\/td>\n<td style=\"width: 16.6667%; text-align: center;\">67 mm<\/td>\n<td style=\"width: 16.6667%; text-align: center;\">46 mm<\/td>\n<td style=\"width: 16.6667%; text-align: center;\">30.5mm<\/td>\n<td style=\"width: 16.6667%; text-align: center;\">11.9g<\/td>\n<\/tr>\n<tr>\n<td style=\"width: 16.6667%; text-align: center;\">50 ml<\/td>\n<td style=\"width: 16.6667%; text-align: center;\">104.5mm<\/td>\n<td style=\"width: 16.6667%; text-align: center;\">100 mm<\/td>\n<td style=\"width: 16.6667%; text-align: center;\">78 mm<\/td>\n<td style=\"width: 16.6667%; text-align: center;\">30.5mm<\/td>\n<td style=\"width: 16.6667%; text-align: center;\">13.3g<\/td>\n<\/tr>\n<tr>\n<td style=\"width: 16.6667%; text-align: center;\">100 ml<\/td>\n<td style=\"width: 16.6667%; text-align: center;\">124.5mm<\/td>\n<td style=\"width: 16.6667%; text-align: center;\">120.5mm<\/td>\n<td style=\"width: 16.6667%; text-align: center;\">93 mm<\/td>\n<td style=\"width: 16.6667%; text-align: center;\">38.8mm<\/td>\n<td style=\"width: 16.6667%; text-align: center;\">17g<\/td>\n<\/tr>\n<tr>\n<td style=\"width: 16.6667%; text-align: center;\">200 ml<\/td>\n<td style=\"width: 16.6667%; text-align: center;\">151.5mm<\/td>\n<td style=\"width: 16.6667%; text-align: center;\">146.8mm<\/td>\n<td style=\"width: 16.6667%; text-align: center;\">115 mm<\/td>\n<td style=\"width: 16.6667%; text-align: center;\">54 mm<\/td>\n<td style=\"width: 16.6667%; text-align: center;\">31.6g<\/td>\n<\/tr>\n<tr>\n<td style=\"width: 16.6667%; text-align: center;\">400 ml<\/td>\n<td style=\"width: 16.6667%; text-align: center;\">178 mm<\/td>\n<td style=\"width: 16.6667%; text-align: center;\">174 mm<\/td>\n<td style=\"width: 16.6667%; text-align: center;\">137 mm<\/td>\n<td style=\"width: 16.6667%; text-align: center;\">61 mm<\/td>\n<td style=\"width: 16.6667%; text-align: center;\">40.7g<\/td>\n<\/tr>\n<\/tbody>\n<\/table>\n<p><img decoding=\"async\" class=\"alignnone wp-image-1584\" src=\"https:\/\/www.cosmepak.com\/wp-content\/uploads\/2025\/03\/8.jpg\" alt=\"bouteille en plastique flip\" width=\"1419\" height=\"1886\" srcset=\"https:\/\/www.cosmepak.com\/wp-content\/uploads\/2025\/03\/8.jpg 790w, https:\/\/www.cosmepak.com\/wp-content\/uploads\/2025\/03\/8-226x300.jpg 226w, https:\/\/www.cosmepak.com\/wp-content\/uploads\/2025\/03\/8-770x1024.jpg 770w, https:\/\/www.cosmepak.com\/wp-content\/uploads\/2025\/03\/8-768x1021.jpg 768w, https:\/\/www.cosmepak.com\/wp-content\/uploads\/2025\/03\/8-600x797.jpg 600w\" sizes=\"(max-width: 1419px) 100vw, 1419px\" \/><\/p>\n<p><img decoding=\"async\" class=\"alignnone wp-image-1585\" src=\"https:\/\/www.cosmepak.com\/wp-content\/uploads\/2025\/03\/13-1.jpg\" alt=\"bouteille en plastique\" width=\"1379\" height=\"1899\" srcset=\"https:\/\/www.cosmepak.com\/wp-content\/uploads\/2025\/03\/13-1.jpg 790w, https:\/\/www.cosmepak.com\/wp-content\/uploads\/2025\/03\/13-1-218x300.jpg 218w, https:\/\/www.cosmepak.com\/wp-content\/uploads\/2025\/03\/13-1-744x1024.jpg 744w, https:\/\/www.cosmepak.com\/wp-content\/uploads\/2025\/03\/13-1-768x1058.jpg 768w, https:\/\/www.cosmepak.com\/wp-content\/uploads\/2025\/03\/13-1-600x826.jpg 600w\" sizes=\"(max-width: 1379px) 100vw, 1379px\" \/><\/p>\n<p class=\"ai-center-markdown-p\"><strong class=\"ai-center-markdown-strong\">Portable Flip Cap Squeeze Bouteilles Set<\/strong><\/p>\n<p class=\"ai-center-markdown-p\">Pr\u00e9sentation de notre polyvalent\u00a0<strong class=\"ai-center-markdown-strong\">Portable Flip Cap Squeeze Bouteilles Set<\/strong>parfait pour tous vos voyages et vos besoins quotidiens. Cet ensemble comprend plusieurs bouteilles vides con\u00e7ues pour un stockage pratique et efficace de vos liquides et lotions pr\u00e9f\u00e9r\u00e9s.<\/p>\n<p class=\"ai-center-markdown-p\"><strong class=\"ai-center-markdown-strong\">Caract\u00e9ristiques principales :<\/strong><\/p>\n<ul class=\"ai-center-markdown-ul\">\n<li class=\"ai-center-markdown-li\"><strong class=\"ai-center-markdown-strong\">Vari\u00e9t\u00e9 d'utilisations:<\/strong>\u00a0Id\u00e9al pour stocker le shampooing, le toner, le lave-corps et la lotion. Ces bouteilles sont parfaites pour les voyages et l'utilisation quotidienne.<\/li>\n<li class=\"ai-center-markdown-li\"><strong class=\"ai-center-markdown-strong\">Conception de capuchon Flip:<\/strong>\u00a0Le capuchon basculant facile \u00e0 utiliser assure un \u00e9tanch\u00e9it\u00e9 s\u00e9curis\u00e9, emp\u00eachant les fuites et les d\u00e9versements. Le capuchon basculant permet une distribution rapide et contr\u00f4l\u00e9e du contenu.<\/li>\n<li class=\"ai-center-markdown-li\"><strong class=\"ai-center-markdown-strong\">Fonction de compression:<\/strong>\u00a0Le mat\u00e9riau souple et pressable des bouteilles permet de dispenser facilement la bonne quantit\u00e9 de produit \u00e0 chaque fois.<\/li>\n<li class=\"ai-center-markdown-li\"><strong class=\"ai-center-markdown-strong\">Portable et l\u00e9ger:<\/strong>\u00a0Ces bouteilles sont compactes et l\u00e9g\u00e8res, ce qui en fait le compagnon de voyage parfait. Mettez-les facilement dans votre bagage, sac \u00e0 main ou sac de sport.<\/li>\n<li class=\"ai-center-markdown-li\"><strong class=\"ai-center-markdown-strong\">Mat\u00e9riel durable:<\/strong>\u00a0Fabriqu\u00e9 en plastique de haute qualit\u00e9 et durable qui est \u00e0 la fois exempt de BPA et respectueux de l'environnement. Les bouteilles sont con\u00e7ues pour r\u00e9sister \u00e0 une utilisation r\u00e9p\u00e9t\u00e9e sans compromettre les performances.<\/li>\n<li class=\"ai-center-markdown-li\"><strong class=\"ai-center-markdown-strong\">Rechargeable et r\u00e9utilisable :<\/strong>\u00a0Choix respectueux de l\u2019environnement, ces bouteilles peuvent \u00eatre remplies et r\u00e9utilis\u00e9es plusieurs fois, r\u00e9duisant ainsi les d\u00e9chets et \u00e9conomisant de l\u2019argent.<\/li>\n<\/ul>\n<p class=\"ai-center-markdown-p\"><strong class=\"ai-center-markdown-strong\">Sp\u00e9cifications :<\/strong><\/p>\n<ul class=\"ai-center-markdown-ul\">\n<li class=\"ai-center-markdown-li\"><strong class=\"ai-center-markdown-strong\">Capacit\u00e9 :<\/strong>\u00a0Chaque bouteille contient jusqu'\u00e0 100 ml de liquide.<\/li>\n<li class=\"ai-center-markdown-li\"><strong class=\"ai-center-markdown-strong\">Mat\u00e9riel :<\/strong>\u00a0Plastique sans BPA<\/li>\n<li class=\"ai-center-markdown-li\"><strong class=\"ai-center-markdown-strong\">Dimensions :<\/strong>\u00a0Taille compacte pour une portabilit\u00e9 facile<\/li>\n<\/ul>\n<p class=\"ai-center-markdown-p\"><strong class=\"ai-center-markdown-strong\">Le forfait comprend:<\/strong><\/p>\n<ul class=\"ai-center-markdown-ul\">\n<li class=\"ai-center-markdown-li\">4 x Bouteilles de compression \u00e0 capuchon flip<\/li>\n<li class=\"ai-center-markdown-li\">1 x \u00e9tui portable<\/li>\n<\/ul>\n<table style=\"border-collapse: collapse; width: 100%;\">\n<tbody>\n<tr>\n<td style=\"width: 40.1818%;\"><\/td>\n<td style=\"width: 59.8182%;\"><\/td>\n<\/tr>\n<\/tbody>\n<\/table>\n<p><img loading=\"lazy\" decoding=\"async\" class=\"alignnone size-full wp-image-1347\" src=\"https:\/\/www.cosmepak.com\/wp-content\/uploads\/2024\/12\/\u9996\u987519202_03.jpg\" alt=\"salon de l&#039;usine\" width=\"1920\" height=\"885\" srcset=\"https:\/\/www.cosmepak.com\/wp-content\/uploads\/2024\/12\/\u9996\u987519202_03.jpg 1920w, https:\/\/www.cosmepak.com\/wp-content\/uploads\/2024\/12\/\u9996\u987519202_03-300x138.jpg 300w, https:\/\/www.cosmepak.com\/wp-content\/uploads\/2024\/12\/\u9996\u987519202_03-1024x472.jpg 1024w, https:\/\/www.cosmepak.com\/wp-content\/uploads\/2024\/12\/\u9996\u987519202_03-768x354.jpg 768w, https:\/\/www.cosmepak.com\/wp-content\/uploads\/2024\/12\/\u9996\u987519202_03-1536x708.jpg 1536w, https:\/\/www.cosmepak.com\/wp-content\/uploads\/2024\/12\/\u9996\u987519202_03-600x277.jpg 600w\" sizes=\"(max-width: 1920px) 100vw, 1920px\" \/><\/p>\n<p><img loading=\"lazy\" decoding=\"async\" class=\"alignnone size-full wp-image-1348\" src=\"https:\/\/www.cosmepak.com\/wp-content\/uploads\/2024\/12\/\u9996\u987519202_04.jpg\" alt=\"\" width=\"1920\" height=\"694\" srcset=\"https:\/\/www.cosmepak.com\/wp-content\/uploads\/2024\/12\/\u9996\u987519202_04.jpg 1920w, https:\/\/www.cosmepak.com\/wp-content\/uploads\/2024\/12\/\u9996\u987519202_04-300x108.jpg 300w, https:\/\/www.cosmepak.com\/wp-content\/uploads\/2024\/12\/\u9996\u987519202_04-1024x370.jpg 1024w, https:\/\/www.cosmepak.com\/wp-content\/uploads\/2024\/12\/\u9996\u987519202_04-768x278.jpg 768w, https:\/\/www.cosmepak.com\/wp-content\/uploads\/2024\/12\/\u9996\u987519202_04-1536x555.jpg 1536w, https:\/\/www.cosmepak.com\/wp-content\/uploads\/2024\/12\/\u9996\u987519202_04-600x217.jpg 600w\" sizes=\"(max-width: 1920px) 100vw, 1920px\" \/><img loading=\"lazy\" decoding=\"async\" class=\"alignnone size-full wp-image-1350\" src=\"https:\/\/www.cosmepak.com\/wp-content\/uploads\/2024\/12\/\u9996\u987519202_05-1.jpg\" alt=\"\" width=\"1920\" height=\"970\" srcset=\"https:\/\/www.cosmepak.com\/wp-content\/uploads\/2024\/12\/\u9996\u987519202_05-1.jpg 1920w, https:\/\/www.cosmepak.com\/wp-content\/uploads\/2024\/12\/\u9996\u987519202_05-1-300x152.jpg 300w, https:\/\/www.cosmepak.com\/wp-content\/uploads\/2024\/12\/\u9996\u987519202_05-1-1024x517.jpg 1024w, https:\/\/www.cosmepak.com\/wp-content\/uploads\/2024\/12\/\u9996\u987519202_05-1-768x388.jpg 768w, https:\/\/www.cosmepak.com\/wp-content\/uploads\/2024\/12\/\u9996\u987519202_05-1-1536x776.jpg 1536w, https:\/\/www.cosmepak.com\/wp-content\/uploads\/2024\/12\/\u9996\u987519202_05-1-600x303.jpg 600w\" sizes=\"(max-width: 1920px) 100vw, 1920px\" \/><img loading=\"lazy\" decoding=\"async\" class=\"alignnone wp-image-1351\" src=\"https:\/\/www.cosmepak.com\/wp-content\/uploads\/2024\/12\/\u7269\u6d41\u8fd0\u8f93\u753b\u9762-2.jpg\" alt=\"\" width=\"1385\" height=\"1039\" srcset=\"https:\/\/www.cosmepak.com\/wp-content\/uploads\/2024\/12\/\u7269\u6d41\u8fd0\u8f93\u753b\u9762-2.jpg 800w, https:\/\/www.cosmepak.com\/wp-content\/uploads\/2024\/12\/\u7269\u6d41\u8fd0\u8f93\u753b\u9762-2-300x225.jpg 300w, https:\/\/www.cosmepak.com\/wp-content\/uploads\/2024\/12\/\u7269\u6d41\u8fd0\u8f93\u753b\u9762-2-768x576.jpg 768w, https:\/\/www.cosmepak.com\/wp-content\/uploads\/2024\/12\/\u7269\u6d41\u8fd0\u8f93\u753b\u9762-2-600x450.jpg 600w\" sizes=\"(max-width: 1385px) 100vw, 1385px\" \/><\/p>\n<table style=\"border-collapse: collapse; width: 100%;\">\n<tbody>\n<tr>\n<td style=\"width: 33.3333%; text-align: center;\"><strong>Exprimer<\/strong><\/td>\n<td style=\"width: 33.3333%; text-align: center;\"><strong>Fret a\u00e9rien<\/strong><\/td>\n<td style=\"width: 33.3333%; text-align: center;\"><strong>Transport maritime<\/strong><\/td>\n<\/tr>\n<tr>\n<td style=\"width: 33.3333%; text-align: center;\">Europ 4-6 jours<\/p>\n<p>Am\u00e9rique du Nord 4-6 jours<\/p>\n<p>Asie du Sud-Est 3-5 jours<\/p>\n<p>Le Moyen-Orient 4 \u00e0 6 jours<\/p>\n<p>Afrique du Sud 5-8 jours<\/td>\n<td style=\"width: 33.3333%; text-align: center;\">Europ 4-6 jours<\/p>\n<p>Am\u00e9rique du Nord 4-6 jours<\/p>\n<p>Asie du Sud-Est 3-5 jours<\/p>\n<p>Le Moyen-Orient 4 \u00e0 6 jours<\/p>\n<p>Afrique du Sud 5-8 jours<\/td>\n<td style=\"width: 33.3333%; text-align: center;\">Europ 25 \u00e0 35 jours<\/p>\n<p>Am\u00e9rique du Nord 25-35 jours<\/p>\n<p>Asie du Sud-Est 25-35 jours<\/p>\n<p>Le Moyen-Orient 25-35 jours<\/p>\n<p>Afrique du Sud 25-35 jours<\/td>\n<\/tr>\n<\/tbody>\n<\/table>\n<h3 id=\"faq\" class=\"ai-center-markdown-h3\">FAQ:<\/h3>\n<p class=\"ai-center-markdown-p\"><strong class=\"ai-center-markdown-strong\">1. Pourquoi devriez-vous acheter chez nous au lieu d'autres fournisseurs?<\/strong><\/p>\n<ul class=\"ai-center-markdown-ul\">\n<li class=\"ai-center-markdown-li\">Des designs personnalis\u00e9s en seulement 3 minutes.<\/li>\n<li class=\"ai-center-markdown-li\">Service \u00e0 la client\u00e8le en ligne 24\/7.<\/li>\n<li class=\"ai-center-markdown-li\">Des \u00e9chantillons de stock disponibles dans les 7 jours; \u00e9chantillons imprim\u00e9s sur mesure dans les 15 jours.<\/li>\n<li class=\"ai-center-markdown-li\">D\u00e9lai de livraison de 35 jours pour les commandes.<\/li>\n<li class=\"ai-center-markdown-li\">Plus de 10 ans d'exp\u00e9rience dans l'emballage cosm\u00e9tique.<\/li>\n<li class=\"ai-center-markdown-li\">Tarifs directs d'usine et service de haut niveau.<\/li>\n<li class=\"ai-center-markdown-li\">Des solutions compl\u00e8tes pour tous vos besoins en emballage cosm\u00e9tique.<\/li>\n<\/ul>\n<p class=\"ai-center-markdown-p\"><strong class=\"ai-center-markdown-strong\">2. Qui sommes-nous ?<\/strong>\u00a0Nous sommes une soci\u00e9t\u00e9 bas\u00e9e \u00e0 Zhejiang, Chine, fond\u00e9e en 2014. Nos principaux march\u00e9s comprennent :<\/p>\n<ul class=\"ai-center-markdown-ul\">\n<li class=\"ai-center-markdown-li\">March\u00e9 int\u00e9rieur (70 %)<\/li>\n<li class=\"ai-center-markdown-li\">Oc\u00e9anie (8 %)<\/li>\n<li class=\"ai-center-markdown-li\">Moyen-Orient (7 %)<\/li>\n<li class=\"ai-center-markdown-li\">Asie de l &apos; Est (2 %)<\/li>\n<li class=\"ai-center-markdown-li\">Am\u00e9rique du Nord (2 %)<\/li>\n<li class=\"ai-center-markdown-li\">Europe occidentale (2 %)<\/li>\n<li class=\"ai-center-markdown-li\">Asie du Sud-Est (2 %)<\/li>\n<li class=\"ai-center-markdown-li\">Asie du Sud (1 %)<\/li>\n<li class=\"ai-center-markdown-li\">Am\u00e9rique du Sud (1 %)<\/li>\n<li class=\"ai-center-markdown-li\">Europe du Sud (1 %)<\/li>\n<li class=\"ai-center-markdown-li\">Am\u00e9rique centrale (1 %)<\/li>\n<li class=\"ai-center-markdown-li\">Europe du Nord (1 %)<\/li>\n<li class=\"ai-center-markdown-li\">Afrique (1 %)<\/li>\n<li class=\"ai-center-markdown-li\">Europe de l'Est (1 %)<\/li>\n<\/ul>\n<p class=\"ai-center-markdown-p\"><strong class=\"ai-center-markdown-strong\">3. Comment pouvons-nous garantir la qualit\u00e9?<\/strong><\/p>\n<ul class=\"ai-center-markdown-ul\">\n<li class=\"ai-center-markdown-li\">Fournir toujours un \u00e9chantillon de pr\u00e9-production avant la production en masse.<\/li>\n<li class=\"ai-center-markdown-li\">Effectuer des inspections finales avant l'exp\u00e9dition.<\/li>\n<\/ul>\n<p class=\"ai-center-markdown-p\"><strong class=\"ai-center-markdown-strong\">4. Que pouvez-vous acheter de nous?<\/strong><\/p>\n<ul class=\"ai-center-markdown-ul\">\n<li class=\"ai-center-markdown-li\">Bouteilles en verre<\/li>\n<li class=\"ai-center-markdown-li\">Bouteilles\/bocaux\/tubes en plastique<\/li>\n<li class=\"ai-center-markdown-li\">Bouteilles\/bocaux\/tubes en aluminium<\/li>\n<li class=\"ai-center-markdown-li\">Divers mat\u00e9riaux d'emballage cosm\u00e9tiques<\/li>\n<\/ul>\n<p class=\"ai-center-markdown-p\"><strong class=\"ai-center-markdown-strong\">5. Quels services pouvons-nous fournir?<\/strong><\/p>\n<ul class=\"ai-center-markdown-ul\">\n<li class=\"ai-center-markdown-li\">Conditions de livraison accept\u00e9es: FOB, CFR, CIF<\/li>\n<li class=\"ai-center-markdown-li\">Devises de paiement accept\u00e9es: USD, EUR, HKD, CNY<\/li>\n<li class=\"ai-center-markdown-li\">Types de paiement accept\u00e9s: T \/ T, L \/ C, D \/ P, D \/ A<\/li>\n<li class=\"ai-center-markdown-li\">Langues parl\u00e9es: Anglais, Chinois<\/li>\n<\/ul>\n<p>&nbsp;<\/p>","protected":false},"excerpt":{"rendered":"<p>Mat\u00e9riau en bouteille: animal de compagnie<\/p>\n<p>Mat\u00e9riau de capuchon: PP<\/p>\n<p>Capacit\u00e9 : 12\/18\/30\/50\/100\/200\/400ml<\/p>\n<p>Cap: flip capuchon<\/p>\n<p>Couleur: personnalis\u00e9e (n'importe quelle couleur Pantone Avaliable)<\/p>\n<p>Finition de surface: impression d'\u00e9cran, gla\u00e7age, estampage chaud, gradient de pulv\u00e9risation, finition mate, etc.<\/p>\n<p>MOQ: 5000pcs;<\/p>\n<p>&nbsp;<\/p>","protected":false},"featured_media":1586,"comment_status":"closed","ping_status":"closed","template":"","meta":{"_acf_changed":false},"product_brand":[],"product_cat":[18,51],"product_tag":[41],"class_list":{"0":"post-1576","1":"product","2":"type-product","3":"status-publish","4":"has-post-thumbnail","6":"product_cat-plastic-bottle","7":"product_cat-remover-bottle","8":"product_tag-plastic-bottle","10":"first","11":"outofstock","12":"shipping-taxable","13":"product-type-simple"},"acf":[],"_links":{"self":[{"href":"https:\/\/www.cosmepak.com\/fr\/wp-json\/wp\/v2\/product\/1576","targetHints":{"allow":["GET"]}}],"collection":[{"href":"https:\/\/www.cosmepak.com\/fr\/wp-json\/wp\/v2\/product"}],"about":[{"href":"https:\/\/www.cosmepak.com\/fr\/wp-json\/wp\/v2\/types\/product"}],"replies":[{"embeddable":true,"href":"https:\/\/www.cosmepak.com\/fr\/wp-json\/wp\/v2\/comments?post=1576"}],"wp:featuredmedia":[{"embeddable":true,"href":"https:\/\/www.cosmepak.com\/fr\/wp-json\/wp\/v2\/media\/1586"}],"wp:attachment":[{"href":"https:\/\/www.cosmepak.com\/fr\/wp-json\/wp\/v2\/media?parent=1576"}],"wp:term":[{"taxonomy":"product_brand","embeddable":true,"href":"https:\/\/www.cosmepak.com\/fr\/wp-json\/wp\/v2\/product_brand?post=1576"},{"taxonomy":"product_cat","embeddable":true,"href":"https:\/\/www.cosmepak.com\/fr\/wp-json\/wp\/v2\/product_cat?post=1576"},{"taxonomy":"product_tag","embeddable":true,"href":"https:\/\/www.cosmepak.com\/fr\/wp-json\/wp\/v2\/product_tag?post=1576"}],"curies":[{"name":"WP","href":"https:\/\/api.w.org\/{rel}","templated":true}]}}