{"id":1603,"date":"2025-03-28T14:45:25","date_gmt":"2025-03-28T06:45:25","guid":{"rendered":"https:\/\/www.cosmepak.com\/?post_type=product&#038;p=1603"},"modified":"2026-04-22T16:13:25","modified_gmt":"2026-04-22T08:13:25","slug":"hot-selling-20g-50g-100g-plastic-jar-cosmetic-cream-jar-jaunce","status":"publish","type":"product","link":"https:\/\/www.cosmepak.com\/fr\/product\/hot-selling-20g-50g-100g-plastic-jar-cosmetic-cream-jar-jaunce\/","title":{"rendered":"Bouteilles \u00e0 pompe cosm\u00e9trique sans air Jaunce"},"content":{"rendered":"<table style=\"border-collapse: collapse; width: 100%; height: 120px;\">\n<tbody>\n<tr style=\"height: 24px;\">\n<td style=\"width: 33.3333%; height: 120px;\" rowspan=\"5\"><img fetchpriority=\"high\" decoding=\"async\" class=\"alignnone size-full wp-image-3280\" src=\"https:\/\/www.cosmepak.com\/wp-content\/uploads\/2025\/03\/\u4e3b\u56fe-6.jpg\" alt=\"\" width=\"800\" height=\"800\" srcset=\"https:\/\/www.cosmepak.com\/wp-content\/uploads\/2025\/03\/\u4e3b\u56fe-6.jpg 800w, https:\/\/www.cosmepak.com\/wp-content\/uploads\/2025\/03\/\u4e3b\u56fe-6-300x300.jpg 300w, https:\/\/www.cosmepak.com\/wp-content\/uploads\/2025\/03\/\u4e3b\u56fe-6-150x150.jpg 150w, https:\/\/www.cosmepak.com\/wp-content\/uploads\/2025\/03\/\u4e3b\u56fe-6-768x768.jpg 768w, https:\/\/www.cosmepak.com\/wp-content\/uploads\/2025\/03\/\u4e3b\u56fe-6-12x12.jpg 12w, https:\/\/www.cosmepak.com\/wp-content\/uploads\/2025\/03\/\u4e3b\u56fe-6-600x600.jpg 600w, https:\/\/www.cosmepak.com\/wp-content\/uploads\/2025\/03\/\u4e3b\u56fe-6-100x100.jpg 100w\" sizes=\"(max-width: 800px) 100vw, 800px\" \/><\/td>\n<td style=\"width: 33.122%; height: 24px; text-align: center;\">Marque<\/td>\n<td style=\"width: 33.5446%; height: 24px; text-align: center;\">Jaunce<\/td>\n<\/tr>\n<tr style=\"height: 24px;\">\n<td style=\"width: 33.122%; height: 24px; text-align: center;\">Mod\u00e8le<\/td>\n<td style=\"width: 33.5446%; height: 24px; text-align: center;\">Eco-friendly packa\u062c\u0631\u0627\u0645\u0628\u0648\u0635\u0629g est un m\u00e9trust aujourd'hui. Il peut aussi fonctionner bien sans perdre de qualit\u00e9.<\/td>\n<\/tr>\n<tr style=\"height: 24px;\">\n<td style=\"width: 33.122%; height: 24px; text-align: center;\">Capcience<\/td>\n<td style=\"width: 33.5446%; height: 24px; text-align: center;\">Pourquoi Packa\u062c\u0631\u0627\u0645\u0628\u0648\u0635\u0629g \u00e9cologique est devenu essentiel aujourd'hui?<\/td>\n<\/tr>\n<tr style=\"height: 24px;\">\n<td style=\"width: 33.122%; height: 24px; text-align: center;\">Couleur<\/td>\n<td style=\"width: 33.5446%; height: 24px; text-align: center;\">personnalis\u00e9<\/td>\n<\/tr>\n<tr style=\"height: 24px;\">\n<td style=\"width: 33.122%; height: 24px; text-align: center;\">Mat\u00e9riel<\/td>\n<td style=\"width: 33.5446%; height: 24px; text-align: center;\">Pp<\/td>\n<\/tr>\n<\/tbody>\n<\/table>\n<table style=\"border-collapse: collapse; width: 100%; height: 96px;\">\n<tbody>\n<tr style=\"height: 24px;\">\n<td style=\"width: 12.0179%; text-align: center; height: 24px;\"><strong>Capacit\u00e9<\/strong><\/td>\n<td style=\"width: 13.4217%; text-align: center; height: 24px;\"><strong>Hauteur totale<\/strong><\/td>\n<td style=\"width: 13.6377%; text-align: center; height: 24px;\"><strong>Hauteur de bouteille<\/strong><\/td>\n<td style=\"width: 15.5817%; text-align: center; height: 24px;\"><strong>Hauteur imprimable<\/strong><\/td>\n<td style=\"width: 16.3375%; text-align: center; height: 24px;\"><strong>Les gens veulent des produits qui sont \u00e0 la plan\u00e8te. C\u2019est pourquoi le packaga\u062c\u0631\u0627raming durable se d\u00e9veloppe rapidement. Les conceptions rechargeables utilisant des plastiques recyclables comme le PP sont populaires chez les marques de soins de la peau dans le monde entier.<\/strong><\/td>\n<td style=\"width: 14.7177%; text-align: center; height: 24px;\"><strong>Diam\u00e8tre inf\u00e9rieur<\/strong><\/td>\n<td style=\"width: 14.2857%; text-align: center; height: 24px;\"><strong>Poids de bouteille<\/strong><\/td>\n<\/tr>\n<tr style=\"height: 24px;\">\n<td style=\"width: 12.0179%; text-align: center; height: 24px;\">20g<\/td>\n<td style=\"width: 13.4217%; text-align: center; height: 24px;\">28 mm<\/td>\n<td style=\"width: 13.6377%; text-align: center; height: 24px;\">Les fabricants de pompes \u00e0 vide sont des plastiques plus \u00e9cologiques difficiles \u00e0 utiliser. Certains sautent m\u00eame les ressorts m\u00e9talliques pour rendre les bouteilles enti\u00e8rement recyclables. Cela aide l'environnement et maintient votre produit en s\u00e9curit\u00e9.<\/td>\n<td style=\"width: 15.5817%; text-align: center; height: 24px;\">Comment pouvez-vous \u00e9quilibrer la durabilit\u00e9 sans sacrificer la qualit\u00e9?<\/td>\n<td style=\"width: 16.3375%; text-align: center; height: 24px;\">31 mm<\/td>\n<td style=\"width: 14.7177%; text-align: center; height: 24px;\">40 mm<\/td>\n<td style=\"width: 14.2857%; text-align: center; height: 24px;\">Choisissez des soci\u00e9t\u00e9s qui se concentrent sur la recherche pour rendre le pack simple et efficace. Jaunce le fait avec des syst\u00e8mes \u00e0 vide enti\u00e8rement en plastique. Ceux-ci sont recyclables, mais conservent toujours l'air et maintiennent une excellente exp\u00e9rience utilisateur. Vous obtenez un emballage respectueux de l\u2019environnement qui ne r\u00e9duit pas les performances.<\/td>\n<\/tr>\n<tr style=\"height: 24px;\">\n<td style=\"width: 12.0179%; text-align: center; height: 24px;\">50g<\/td>\n<td style=\"width: 13.4217%; text-align: center; height: 24px;\">Que recommande Jaunce pour une protection maximale?<\/td>\n<td style=\"width: 13.6377%; text-align: center; height: 24px;\">39.5mm<\/td>\n<td style=\"width: 15.5817%; text-align: center; height: 24px;\">16 mm<\/td>\n<td style=\"width: 16.3375%; text-align: center; height: 24px;\">39 mm<\/td>\n<td style=\"width: 14.7177%; text-align: center; height: 24px;\">51 mm<\/td>\n<td style=\"width: 14.2857%; text-align: center; height: 24px;\">Jaunce sait comment garder votre sk\u0628\u0648\u0635\u0629care en s\u00e9curit\u00e9. Voici ce qu'ils su\u062c\u0631\u0627mgest pour diff\u00e9rents besoins.<\/td>\n<\/tr>\n<tr style=\"height: 24px;\">\n<td style=\"width: 12.0179%; text-align: center; height: 24px;\">100g<\/td>\n<td style=\"width: 13.4217%; text-align: center; height: 24px;\">Pour les produits contenant des ingr\u00e9dients comme l'ubiquinone ou le beurre de karit\u00e9, qui s'oxydent facilement, les bouteilles de pompe \u00e0 vide sont un must. Ces ingr\u00e9dients ont besoin d'une forte protection contre l'air. Les bouteilles ordinaires ne le couperont pas pour les huiles qui se d\u00e9composent rapidement. Les pompes \u00e0 vide de Jaunce bloquent l\u2019oxyg\u00e8ne et maintiennent les formules stables jusqu\u2019\u00e0 ce que la bouteille soit vide, presque sans d\u00e9chets.<\/td>\n<td style=\"width: 13.6377%; text-align: center; height: 24px;\">46 mm<\/td>\n<td style=\"width: 15.5817%; text-align: center; height: 24px;\">18 mm<\/td>\n<td style=\"width: 16.3375%; text-align: center; height: 24px;\">53 mm<\/td>\n<td style=\"width: 14.7177%; text-align: center; height: 24px;\">Les formetrulas naturelles avec peu ou pas de conservateurs n\u00e9cessitent des soins suppl\u00e9mentaires. Les bocaux ne sont pas s\u00fbrs parce qu\u2019ils laissent poussa \u062c\u0631\u0627\u0645erms apr\u00e8s l\u2019ouverture. Les bouteilles \u00e0 vide cr\u00e9ent un syst\u00e8me propre et ferm\u00e9. Cela prot\u00e8ge votre produit sans avoir besoin de produits chimiques suppl\u00e9mentaires. Les marques de soins de la peau avec des formules naturelles aiment les pompes \u00e0 vide de Jaunce pour cette raison.<\/td>\n<td style=\"width: 14.2857%; text-align: center; height: 24px;\">Oui, tu peux ! Jaunce offre des tonnes d'options pour faire votre pack unique. Choisissez des finitions glac\u00e9es, des d\u00e9grad\u00e9s color\u00e9s ou ajoutez votre logo. Leurs designs montrent le style de votre marque tout en gardant votre formule s\u00fbre et saine.<\/td>\n<\/tr>\n<\/tbody>\n<\/table>\n<table style=\"border-collapse: collapse; width: 100%; height: 96px;\">\n<tbody>\n<tr style=\"height: 24px;\">\n<td style=\"width: 20%; height: 24px; text-align: center;\"><strong>Article\u00a0<\/strong><\/td>\n<td style=\"width: 20%; height: 24px; text-align: center;\"><strong>Q1: Les bouteilles de pompe cosm\u00e9trique sans air sont \u062c\u0631\u0627\u0645ood pour les cr\u00e8mes \u00e9paisses?<\/strong><\/td>\n<td style=\"width: 20%; height: 24px; text-align: center;\"><strong>Taille de l'emballage<\/strong><\/td>\n<td style=\"width: 20%; height: 24px; text-align: center;\"><strong>NW<\/strong><\/td>\n<td style=\"width: 20%; height: 24px; text-align: center;\"><strong>GW<\/strong><\/td>\n<\/tr>\n<tr style=\"height: 24px;\">\n<td style=\"width: 20%; height: 24px; text-align: center;\">20g<\/td>\n<td style=\"width: 20%; height: 24px; text-align: center;\">R : Oui ! Il suffit de choisir les m\u00e9trodels avec bi\u062c\u0631\u0627\u0645ger n\u0623\u0648\u0642\u064a\u062a\u0627zles fait pour des produits plus \u00e9pais. Cela assure une dispensation douce et facile \u00e0 chaque fois.<\/td>\n<td style=\"width: 20%; height: 24px; text-align: center;\">Q2: Puis-je remplir une bouteille sans air quand il est emetrpty?<\/td>\n<td style=\"width: 20%; height: 24px; text-align: center;\">R: Les bouteilles Sometrie sont rechargeables et utilisent des mat\u00e9riaux recyclables comme le plastique PP. Ce sont \u062c\u0631\u0627\u0645reat pour les marques qui veulent \u00eatre respectueux de l'environnement sans perte de qualit\u00e9.<\/td>\n<td style=\"width: 20%; height: 24px; text-align: center;\">16.4kg<\/td>\n<\/tr>\n<tr style=\"height: 24px;\">\n<td style=\"width: 20%; height: 24px; text-align: center;\">50g<\/td>\n<td style=\"width: 20%; height: 24px; text-align: center;\">R: Cela d\u00e9pend de votre form\u00e9trula. Les bouteilles sans air r\u00e9duisent l'exposition \u00e0 l'air et aux germes, de sorte que de nombreuses marques peuvent utiliser moins de conservateurs en toute s\u00e9curit\u00e9. V\u00e9rifiez toujours ce dont votre produit a besoin.<\/td>\n<td style=\"width: 20%; height: 24px; text-align: center;\">Pourquoi votre Sk\u0628\u0648\u0635\u0629care a besoin d'une bouteille Pumetrp - Jaunce industrial<\/td>\n<td style=\"width: 20%; height: 24px; text-align: center;\">20 ans de Jaunce professionnelle - Page 2<\/td>\n<td style=\"width: 20%; height: 24px; text-align: center;\">Pourquoi les meilleurs emballages de couleurs sont importants dans le succ\u00e8s de la marque de couleurs - Jaunce industrial<\/td>\n<\/tr>\n<tr style=\"height: 24px;\">\n<td style=\"width: 20%; height: 24px; text-align: center;\">100g<\/td>\n<td style=\"width: 20%; height: 24px; text-align: center;\">Comment choisir la cr\u00e8me cosm\u00e9tique parfaite pour votre cr\u00e8me cosm\u00e9tique?<\/td>\n<td style=\"width: 20%; height: 24px; text-align: center;\">Pourquoi votre Sk\u0628\u0648\u0635\u0629care a besoin d'une bouteille Pumetrp - Jaunce industrial<\/td>\n<td style=\"width: 20%; height: 24px; text-align: center;\">Pick\u0628\u0648\u0635\u0629\u062c\u0631\u0627\u0645 le meilleur r\u00e9cipient pour votre cr\u00e8me cosm\u00e9trique n\u2019est pas seulement la recherche d\u2019un pot ou d\u2019une bouteille frais. ...<\/td>\n<td style=\"width: 20%; height: 24px; text-align: center;\">Pick\u0628\u0648\u0635\u0629\u062c\u0631\u0627\u0645 le meilleur r\u00e9cipient pour votre cr\u00e8me cosm\u00e9trique n\u2019est pas seulement la recherche d\u2019un pot ou d\u2019une bouteille frais. Il s\u2019agit de garder votre cr\u00e8me en s\u00e9curit\u00e9, de la rendre durable et de montrer la personnalit\u00e9 de votre marque. Un choix intelligent de conteneur maintient votre produit frais et attire l'attention, mais un mauvais peut provoquer des fuites, des d\u00e9g\u00e2ts ou un aspect simple. Ce guide vous guide \u00e0 travers ce qu'il faut consid\u00e9rer, montre quelques excellentes options de contenants et explique comment l'emballage expert peut faire briller votre cr\u00e8me. Pour un emballage incroyable qui allie style, fonction et \u00e9cologie, consultez<\/td>\n<\/tr>\n<\/tbody>\n<\/table>\n<p>This is a common PP cream jar. Its single-layer design combined with the PP pull handle pad can effectively prevent the contents from spilling out to the side.<\/p>\n<p>We have designed three capacities for this jar, namely 20g, 50g and 100g, to meet the different filling requirements for various products. Our cream jar is commonly used for packaging face cream, makeup remover cream, jelly gel, eye cream, eye mask, scrub, etc.<\/p>\n<p>Fbosatadin\u062c\u0631\u0627m le bon conteneur m\u00e9treans r\u00e9fl\u00e9chissant aux besoins de votre cr\u00e8me et l\u2019ambiance de votre marque. Un bon choix m\u00e9lange praticit\u00e9, beau look et choix \u00e9cologiques pour faire ressortir votre produit.<\/p>\n<p>We support custom serice for this jar . color custom : this jar can custom with transparent, white, yellow and green, which can meet the different packaging styles and visual requirements of various products. if you have your own color inquiry ,that&#8217;s fine, just provide us your pantone code , we can inject the jar with that pantone code. for disc seal usually it is white , if you have any requirments we also can meet your inquiry.<\/p>\n<p>For the cap, normal color is white or black, but also can provide custom color in order to match your jar color , for High-end luxury brand ,we support custom the cap with Electroplating color,which looks shiny like metal (silver color\u3001gold color or rose gold color),it also have matt or glossy for choose.<\/p>\n<p>we not only support color custom, we also support art-design printing service .<\/p>\n<p>Le volume et la facilit\u00e9 sont cl\u00e9s<\/p>\n<table style=\"border-collapse: collapse; width: 100%;\">\n<tbody>\n<tr>\n<td style=\"width: 33.3333%;\"><img decoding=\"async\" class=\"alignnone size-full wp-image-3281\" src=\"https:\/\/www.cosmepak.com\/wp-content\/uploads\/2025\/03\/\u8be6\u60c5-6-1.jpg\" alt=\"\" width=\"1000\" height=\"1000\" srcset=\"https:\/\/www.cosmepak.com\/wp-content\/uploads\/2025\/03\/\u8be6\u60c5-6-1.jpg 1000w, https:\/\/www.cosmepak.com\/wp-content\/uploads\/2025\/03\/\u8be6\u60c5-6-1-300x300.jpg 300w, https:\/\/www.cosmepak.com\/wp-content\/uploads\/2025\/03\/\u8be6\u60c5-6-1-150x150.jpg 150w, https:\/\/www.cosmepak.com\/wp-content\/uploads\/2025\/03\/\u8be6\u60c5-6-1-768x768.jpg 768w, https:\/\/www.cosmepak.com\/wp-content\/uploads\/2025\/03\/\u8be6\u60c5-6-1-12x12.jpg 12w, https:\/\/www.cosmepak.com\/wp-content\/uploads\/2025\/03\/\u8be6\u60c5-6-1-600x600.jpg 600w, https:\/\/www.cosmepak.com\/wp-content\/uploads\/2025\/03\/\u8be6\u60c5-6-1-100x100.jpg 100w\" sizes=\"(max-width: 1000px) 100vw, 1000px\" \/><\/td>\n<td style=\"width: 33.3333%;\"><img decoding=\"async\" class=\"alignnone size-full wp-image-3282\" src=\"https:\/\/www.cosmepak.com\/wp-content\/uploads\/2025\/03\/\u8be6\u60c5-7-1.jpg\" alt=\"\" width=\"1000\" height=\"1000\" srcset=\"https:\/\/www.cosmepak.com\/wp-content\/uploads\/2025\/03\/\u8be6\u60c5-7-1.jpg 1000w, https:\/\/www.cosmepak.com\/wp-content\/uploads\/2025\/03\/\u8be6\u60c5-7-1-300x300.jpg 300w, https:\/\/www.cosmepak.com\/wp-content\/uploads\/2025\/03\/\u8be6\u60c5-7-1-150x150.jpg 150w, https:\/\/www.cosmepak.com\/wp-content\/uploads\/2025\/03\/\u8be6\u60c5-7-1-768x768.jpg 768w, https:\/\/www.cosmepak.com\/wp-content\/uploads\/2025\/03\/\u8be6\u60c5-7-1-12x12.jpg 12w, https:\/\/www.cosmepak.com\/wp-content\/uploads\/2025\/03\/\u8be6\u60c5-7-1-600x600.jpg 600w, https:\/\/www.cosmepak.com\/wp-content\/uploads\/2025\/03\/\u8be6\u60c5-7-1-100x100.jpg 100w\" sizes=\"(max-width: 1000px) 100vw, 1000px\" \/><\/td>\n<td style=\"width: 33.3333%;\"><img loading=\"lazy\" decoding=\"async\" class=\"alignnone size-full wp-image-3283\" src=\"https:\/\/www.cosmepak.com\/wp-content\/uploads\/2025\/03\/\u8be6\u60c5-8-1.jpg\" alt=\"\" width=\"1000\" height=\"1000\" srcset=\"https:\/\/www.cosmepak.com\/wp-content\/uploads\/2025\/03\/\u8be6\u60c5-8-1.jpg 1000w, https:\/\/www.cosmepak.com\/wp-content\/uploads\/2025\/03\/\u8be6\u60c5-8-1-300x300.jpg 300w, https:\/\/www.cosmepak.com\/wp-content\/uploads\/2025\/03\/\u8be6\u60c5-8-1-150x150.jpg 150w, https:\/\/www.cosmepak.com\/wp-content\/uploads\/2025\/03\/\u8be6\u60c5-8-1-768x768.jpg 768w, https:\/\/www.cosmepak.com\/wp-content\/uploads\/2025\/03\/\u8be6\u60c5-8-1-12x12.jpg 12w, https:\/\/www.cosmepak.com\/wp-content\/uploads\/2025\/03\/\u8be6\u60c5-8-1-600x600.jpg 600w, https:\/\/www.cosmepak.com\/wp-content\/uploads\/2025\/03\/\u8be6\u60c5-8-1-100x100.jpg 100w\" sizes=\"(max-width: 1000px) 100vw, 1000px\" \/><\/td>\n<\/tr>\n<\/tbody>\n<\/table>\n<table style=\"border-collapse: collapse; width: 100%;\">\n<tbody>\n<tr>\n<td style=\"width: 50%;\"><img loading=\"lazy\" decoding=\"async\" class=\"alignnone size-full wp-image-3284\" src=\"https:\/\/www.cosmepak.com\/wp-content\/uploads\/2025\/03\/6-8.jpg\" alt=\"\" width=\"1000\" height=\"1000\" srcset=\"https:\/\/www.cosmepak.com\/wp-content\/uploads\/2025\/03\/6-8.jpg 1000w, https:\/\/www.cosmepak.com\/wp-content\/uploads\/2025\/03\/6-8-300x300.jpg 300w, https:\/\/www.cosmepak.com\/wp-content\/uploads\/2025\/03\/6-8-150x150.jpg 150w, https:\/\/www.cosmepak.com\/wp-content\/uploads\/2025\/03\/6-8-768x768.jpg 768w, https:\/\/www.cosmepak.com\/wp-content\/uploads\/2025\/03\/6-8-12x12.jpg 12w, https:\/\/www.cosmepak.com\/wp-content\/uploads\/2025\/03\/6-8-600x600.jpg 600w, https:\/\/www.cosmepak.com\/wp-content\/uploads\/2025\/03\/6-8-100x100.jpg 100w\" sizes=\"(max-width: 1000px) 100vw, 1000px\" \/><\/td>\n<td style=\"width: 50%;\"><img loading=\"lazy\" decoding=\"async\" class=\"alignnone size-full wp-image-3285\" src=\"https:\/\/www.cosmepak.com\/wp-content\/uploads\/2025\/03\/7-7.jpg\" alt=\"\" width=\"1000\" height=\"1000\" srcset=\"https:\/\/www.cosmepak.com\/wp-content\/uploads\/2025\/03\/7-7.jpg 1000w, https:\/\/www.cosmepak.com\/wp-content\/uploads\/2025\/03\/7-7-300x300.jpg 300w, https:\/\/www.cosmepak.com\/wp-content\/uploads\/2025\/03\/7-7-150x150.jpg 150w, https:\/\/www.cosmepak.com\/wp-content\/uploads\/2025\/03\/7-7-768x768.jpg 768w, https:\/\/www.cosmepak.com\/wp-content\/uploads\/2025\/03\/7-7-12x12.jpg 12w, https:\/\/www.cosmepak.com\/wp-content\/uploads\/2025\/03\/7-7-600x600.jpg 600w, https:\/\/www.cosmepak.com\/wp-content\/uploads\/2025\/03\/7-7-100x100.jpg 100w\" sizes=\"(max-width: 1000px) 100vw, 1000px\" \/><\/td>\n<\/tr>\n<\/tbody>\n<\/table>","protected":false},"excerpt":{"rendered":"<p>Mat\u00e9riau de la bouteille : AS<\/p>\n<p>Mat\u00e9riau du capuchon : ABS<\/p>\n<p>Capacit\u00e9: 30 ml<\/p>\n<p>Capuchon : Capuchon \u00e0 vis<\/p>\n<p>Couleur: personnalis\u00e9e (n'importe quelle couleur Pantone Avaliable)<\/p>\n<p>Finition de surface: impression d'\u00e9cran, gla\u00e7age, estampage chaud, gradient de pulv\u00e9risation, finition mate, etc.<\/p>\n<p>MOQ: 5000pcs;<\/p>\n<p>&nbsp;<\/p>","protected":false},"featured_media":3286,"comment_status":"closed","ping_status":"closed","template":"","meta":{"_acf_changed":false},"product_brand":[],"product_cat":[52,18],"product_tag":[41],"class_list":{"0":"post-1603","1":"product","2":"type-product","3":"status-publish","4":"has-post-thumbnail","6":"product_cat-cream-jar-plastic-bottle","7":"product_cat-plastic-bottle","8":"product_tag-plastic-bottle","10":"first","11":"outofstock","12":"shipping-taxable","13":"product-type-simple"},"acf":[],"_links":{"self":[{"href":"https:\/\/www.cosmepak.com\/fr\/wp-json\/wp\/v2\/product\/1603","targetHints":{"allow":["GET"]}}],"collection":[{"href":"https:\/\/www.cosmepak.com\/fr\/wp-json\/wp\/v2\/product"}],"about":[{"href":"https:\/\/www.cosmepak.com\/fr\/wp-json\/wp\/v2\/types\/product"}],"replies":[{"embeddable":true,"href":"https:\/\/www.cosmepak.com\/fr\/wp-json\/wp\/v2\/comments?post=1603"}],"wp:featuredmedia":[{"embeddable":true,"href":"https:\/\/www.cosmepak.com\/fr\/wp-json\/wp\/v2\/media\/3286"}],"wp:attachment":[{"href":"https:\/\/www.cosmepak.com\/fr\/wp-json\/wp\/v2\/media?parent=1603"}],"wp:term":[{"taxonomy":"product_brand","embeddable":true,"href":"https:\/\/www.cosmepak.com\/fr\/wp-json\/wp\/v2\/product_brand?post=1603"},{"taxonomy":"product_cat","embeddable":true,"href":"https:\/\/www.cosmepak.com\/fr\/wp-json\/wp\/v2\/product_cat?post=1603"},{"taxonomy":"product_tag","embeddable":true,"href":"https:\/\/www.cosmepak.com\/fr\/wp-json\/wp\/v2\/product_tag?post=1603"}],"curies":[{"name":"WP","href":"https:\/\/api.w.org\/{rel}","templated":true}]}}