{"id":1604,"date":"2025-03-28T14:52:55","date_gmt":"2025-03-28T06:52:55","guid":{"rendered":"https:\/\/www.cosmepak.com\/?post_type=product&#038;p=1604"},"modified":"2025-10-29T16:18:59","modified_gmt":"2025-10-29T08:18:59","slug":"luxe-30ml-verre-base-bouteille-jaune","status":"publish","type":"product","link":"https:\/\/www.cosmepak.com\/fr\/product\/luxury-30ml-glass-foundation-bottle-jaunce\/","title":{"rendered":"Bouteille de fondation en verre de luxe 30ml \/ Jaunce"},"content":{"rendered":"<table style=\"border-collapse: collapse; width: 100%; height: 168px;\">\n<tbody>\n<tr style=\"height: 24px;\">\n<td style=\"width: 33.3333%; height: 168px;\" rowspan=\"6\"><img fetchpriority=\"high\" decoding=\"async\" class=\"alignnone size-full wp-image-1605\" src=\"https:\/\/www.cosmepak.com\/wp-content\/uploads\/2025\/03\/1-5.jpg\" alt=\"flacon de fond de teint\" width=\"1000\" height=\"1000\" srcset=\"https:\/\/www.cosmepak.com\/wp-content\/uploads\/2025\/03\/1-5.jpg 1000w, https:\/\/www.cosmepak.com\/wp-content\/uploads\/2025\/03\/1-5-300x300.jpg 300w, https:\/\/www.cosmepak.com\/wp-content\/uploads\/2025\/03\/1-5-150x150.jpg 150w, https:\/\/www.cosmepak.com\/wp-content\/uploads\/2025\/03\/1-5-768x768.jpg 768w, https:\/\/www.cosmepak.com\/wp-content\/uploads\/2025\/03\/1-5-600x600.jpg 600w, https:\/\/www.cosmepak.com\/wp-content\/uploads\/2025\/03\/1-5-100x100.jpg 100w\" sizes=\"(max-width: 1000px) 100vw, 1000px\" \/><\/td>\n<td style=\"width: 33.122%; height: 24px; text-align: center;\">Marque<\/td>\n<td style=\"width: 33.5446%; height: 24px; text-align: center;\">Jaunce<\/td>\n<\/tr>\n<tr style=\"height: 24px;\">\n<td style=\"width: 33.122%; height: 24px; text-align: center;\">Mod\u00e8le<\/td>\n<td style=\"width: 33.5446%; height: 24px; text-align: center;\">JH-Phf207<\/td>\n<\/tr>\n<tr style=\"height: 24px;\">\n<td style=\"width: 33.122%; height: 24px; text-align: center;\">Capcience<\/td>\n<td style=\"width: 33.5446%; height: 24px; text-align: center;\">30 ml<\/td>\n<\/tr>\n<tr style=\"height: 24px;\">\n<td style=\"width: 33.122%; height: 24px; text-align: center;\">Cou<\/td>\n<td style=\"width: 33.5446%; height: 24px; text-align: center;\">20 mm<\/td>\n<\/tr>\n<tr style=\"height: 24px;\">\n<td style=\"width: 33.122%; height: 24px; text-align: center;\">Poids<\/td>\n<td style=\"width: 33.5446%; height: 24px; text-align: center;\">106.5g<\/td>\n<\/tr>\n<tr style=\"height: 24px;\">\n<td style=\"width: 33.122%; height: 24px; text-align: center;\">Mat\u00e9riel<\/td>\n<td style=\"width: 33.5446%; height: 24px; text-align: center;\">Verre<\/td>\n<\/tr>\n<\/tbody>\n<\/table>\n<p>Bouteille de teint en verre de 30 ml de luxe avec pompe de lotion, personnalisation acceptable.<\/p>\n<table style=\"border-collapse: collapse; width: 100%;\">\n<tbody>\n<tr>\n<td style=\"width: 20%; text-align: center;\"><strong>Capacit\u00e9<\/strong><\/td>\n<td style=\"width: 20%; text-align: center;\"><strong>Hauteur d'\u00e9paule<\/strong><\/td>\n<td style=\"width: 20%; text-align: center;\"><strong>Hauteur totale<\/strong><\/td>\n<td style=\"width: 20%; text-align: center;\"><strong>Cou<\/strong><\/td>\n<td style=\"width: 20%; text-align: center;\"><strong>Dia<\/strong><\/td>\n<\/tr>\n<tr>\n<td style=\"width: 20%; text-align: center;\">30 ml<\/td>\n<td style=\"width: 20%; text-align: center;\">56 mm<\/td>\n<td style=\"width: 20%; text-align: center;\">84 mm<\/td>\n<td style=\"width: 20%; text-align: center;\">20 mm<\/td>\n<td style=\"width: 20%; text-align: center;\">62 mm<\/td>\n<\/tr>\n<\/tbody>\n<\/table>\n<p>sont a\u0645\u062a\u0631az\u0628\u0648\u0635\u0629\u062c\u0631\u0627\u0645 pour maintenir les formules stables. Ils fonctionnent pour toutes sortes de produits, des s\u00e9rums l\u00e9gers aux cr\u00e8mes \u00e9paisses qui s\u2019oxydent facilement. Les pompes \u00e0 vide, souvent en mat\u00e9riau AS, maintiennent l'air compl\u00e8tement \u00e0 l'ext\u00e9rieur. Avec des designs personnalisables pour diff\u00e9rentes \u00e9paisseurs et styles de marque, Jaunce offre \u00e0 la fois fonction et beaut\u00e9 tout en prot\u00e9geant la qualit\u00e9 de votre formule.<\/p>\n<p>Pick\u0628\u0648\u0635\u0629\u062c\u0631\u0627\u0645 la bonne bouteille d\u00e9pend de votre produit. Voici comment choisir sagement.<\/p>\n<p>Quels facteurs devriez-vous consid\u00e9rer avant la liste d'emballage?<\/p>\n<p>Tout d'abord, l'\u00e9paisseur. Les cr\u00e9mam\u00e8tres lourds ont besoin de pompes plus larges ou de pompes strongramer. Les s\u00e9rums minces font mieux avec ceux \u00e9troits. Ensuite, v\u00e9rifiez si votre formule contient des ingr\u00e9dients fragiles. Si elle a des actifs qui se d\u00e9composent facilement, choisissez une bouteille sans air.<\/p>\n<p>En outre, parlez de la fr\u00e9quence \u00e0 laquelle les gens utiliseront votre produit. Si elle est utilis\u00e9e beaucoup, choisissez des pumetrps faciles \u00e0 utiliser et des quantit\u00e9s constantes sans g\u00e2chis.<\/p>\n<p>Les pots de cr\u00e8me sont g\u00e9n\u00e9ralement \u00e9pais avec un faible d\u00e9bit. Mais pour les ingr\u00e9dients de valeur hi\u062c\u0631\u0627mah comme la vitamine C ou le r\u00e9tinol? Les jars ne sont pas assez s\u00fbrs. Ils laissent entrer trop d'air et de lumi\u00e8re. Les pompes sans air sont la voie \u00e0 suivre.<\/p>\n<p><img decoding=\"async\" class=\"alignnone wp-image-1606\" src=\"https:\/\/www.cosmepak.com\/wp-content\/uploads\/2025\/03\/6-4.jpg\" alt=\"flacon de fond de teint\" width=\"1367\" height=\"1881\" srcset=\"https:\/\/www.cosmepak.com\/wp-content\/uploads\/2025\/03\/6-4.jpg 1000w, https:\/\/www.cosmepak.com\/wp-content\/uploads\/2025\/03\/6-4-218x300.jpg 218w, https:\/\/www.cosmepak.com\/wp-content\/uploads\/2025\/03\/6-4-744x1024.jpg 744w, https:\/\/www.cosmepak.com\/wp-content\/uploads\/2025\/03\/6-4-768x1057.jpg 768w, https:\/\/www.cosmepak.com\/wp-content\/uploads\/2025\/03\/6-4-600x826.jpg 600w\" sizes=\"(max-width: 1367px) 100vw, 1367px\" \/><\/p>\n<table style=\"border-collapse: collapse; width: 100%;\">\n<tbody>\n<tr>\n<td style=\"width: 33.3333%;\"><img decoding=\"async\" class=\"alignnone size-full wp-image-3302\" src=\"https:\/\/www.cosmepak.com\/wp-content\/uploads\/2025\/03\/1-16.jpg\" alt=\"\" width=\"1000\" height=\"1000\" srcset=\"https:\/\/www.cosmepak.com\/wp-content\/uploads\/2025\/03\/1-16.jpg 1000w, https:\/\/www.cosmepak.com\/wp-content\/uploads\/2025\/03\/1-16-300x300.jpg 300w, https:\/\/www.cosmepak.com\/wp-content\/uploads\/2025\/03\/1-16-150x150.jpg 150w, https:\/\/www.cosmepak.com\/wp-content\/uploads\/2025\/03\/1-16-768x768.jpg 768w, https:\/\/www.cosmepak.com\/wp-content\/uploads\/2025\/03\/1-16-12x12.jpg 12w, https:\/\/www.cosmepak.com\/wp-content\/uploads\/2025\/03\/1-16-600x600.jpg 600w, https:\/\/www.cosmepak.com\/wp-content\/uploads\/2025\/03\/1-16-100x100.jpg 100w\" sizes=\"(max-width: 1000px) 100vw, 1000px\" \/><\/td>\n<td style=\"width: 33.3333%;\"><img loading=\"lazy\" decoding=\"async\" class=\"alignnone size-full wp-image-3303\" src=\"https:\/\/www.cosmepak.com\/wp-content\/uploads\/2025\/03\/2-7.jpg\" alt=\"\" width=\"1000\" height=\"1000\" srcset=\"https:\/\/www.cosmepak.com\/wp-content\/uploads\/2025\/03\/2-7.jpg 1000w, https:\/\/www.cosmepak.com\/wp-content\/uploads\/2025\/03\/2-7-300x300.jpg 300w, https:\/\/www.cosmepak.com\/wp-content\/uploads\/2025\/03\/2-7-150x150.jpg 150w, https:\/\/www.cosmepak.com\/wp-content\/uploads\/2025\/03\/2-7-768x768.jpg 768w, https:\/\/www.cosmepak.com\/wp-content\/uploads\/2025\/03\/2-7-12x12.jpg 12w, https:\/\/www.cosmepak.com\/wp-content\/uploads\/2025\/03\/2-7-600x600.jpg 600w, https:\/\/www.cosmepak.com\/wp-content\/uploads\/2025\/03\/2-7-100x100.jpg 100w\" sizes=\"(max-width: 1000px) 100vw, 1000px\" \/><\/td>\n<td style=\"width: 33.3333%;\"><img loading=\"lazy\" decoding=\"async\" class=\"alignnone size-full wp-image-3304\" src=\"https:\/\/www.cosmepak.com\/wp-content\/uploads\/2025\/03\/3-10.jpg\" alt=\"\" width=\"1000\" height=\"1000\" srcset=\"https:\/\/www.cosmepak.com\/wp-content\/uploads\/2025\/03\/3-10.jpg 1000w, https:\/\/www.cosmepak.com\/wp-content\/uploads\/2025\/03\/3-10-300x300.jpg 300w, https:\/\/www.cosmepak.com\/wp-content\/uploads\/2025\/03\/3-10-150x150.jpg 150w, https:\/\/www.cosmepak.com\/wp-content\/uploads\/2025\/03\/3-10-768x768.jpg 768w, https:\/\/www.cosmepak.com\/wp-content\/uploads\/2025\/03\/3-10-12x12.jpg 12w, https:\/\/www.cosmepak.com\/wp-content\/uploads\/2025\/03\/3-10-600x600.jpg 600w, https:\/\/www.cosmepak.com\/wp-content\/uploads\/2025\/03\/3-10-100x100.jpg 100w\" sizes=\"(max-width: 1000px) 100vw, 1000px\" \/><\/td>\n<\/tr>\n<\/tbody>\n<\/table>\n<p><img loading=\"lazy\" decoding=\"async\" class=\"alignnone  wp-image-3305\" src=\"https:\/\/www.cosmepak.com\/wp-content\/uploads\/2025\/03\/ai-2-1.jpg\" alt=\"\" width=\"1372\" height=\"1372\" srcset=\"https:\/\/www.cosmepak.com\/wp-content\/uploads\/2025\/03\/ai-2-1.jpg 1024w, https:\/\/www.cosmepak.com\/wp-content\/uploads\/2025\/03\/ai-2-1-300x300.jpg 300w, https:\/\/www.cosmepak.com\/wp-content\/uploads\/2025\/03\/ai-2-1-150x150.jpg 150w, https:\/\/www.cosmepak.com\/wp-content\/uploads\/2025\/03\/ai-2-1-768x768.jpg 768w, https:\/\/www.cosmepak.com\/wp-content\/uploads\/2025\/03\/ai-2-1-12x12.jpg 12w, https:\/\/www.cosmepak.com\/wp-content\/uploads\/2025\/03\/ai-2-1-600x600.jpg 600w, https:\/\/www.cosmepak.com\/wp-content\/uploads\/2025\/03\/ai-2-1-100x100.jpg 100w\" sizes=\"(max-width: 1372px) 100vw, 1372px\" \/><\/p>","protected":false},"excerpt":{"rendered":"<p>Mat\u00e9riau en bouteille: verre<\/p>\n<p>Mat\u00e9riau de capuchon: PP<\/p>\n<p>Capacit\u00e9: 30 ml<\/p>\n<p>Pompe: pompe de lotion<\/p>\n<p>Couleur: personnalis\u00e9e (n'importe quelle couleur Pantone Avaliable)<\/p>\n<p>Finition de surface: impression d'\u00e9cran, gla\u00e7age, estampage chaud, gradient de pulv\u00e9risation, finition mate, etc.<\/p>\n<p>MOQ: 5000pcs;<\/p>\n<p>&nbsp;<\/p>","protected":false},"featured_media":1607,"comment_status":"closed","ping_status":"closed","template":"","meta":{"_acf_changed":false},"product_brand":[],"product_cat":[34],"product_tag":[],"class_list":{"0":"post-1604","1":"product","2":"type-product","3":"status-publish","4":"has-post-thumbnail","6":"product_cat-foundation-bottle","8":"first","9":"outofstock","10":"shipping-taxable","11":"product-type-simple"},"acf":[],"_links":{"self":[{"href":"https:\/\/www.cosmepak.com\/fr\/wp-json\/wp\/v2\/product\/1604","targetHints":{"allow":["GET"]}}],"collection":[{"href":"https:\/\/www.cosmepak.com\/fr\/wp-json\/wp\/v2\/product"}],"about":[{"href":"https:\/\/www.cosmepak.com\/fr\/wp-json\/wp\/v2\/types\/product"}],"replies":[{"embeddable":true,"href":"https:\/\/www.cosmepak.com\/fr\/wp-json\/wp\/v2\/comments?post=1604"}],"wp:featuredmedia":[{"embeddable":true,"href":"https:\/\/www.cosmepak.com\/fr\/wp-json\/wp\/v2\/media\/1607"}],"wp:attachment":[{"href":"https:\/\/www.cosmepak.com\/fr\/wp-json\/wp\/v2\/media?parent=1604"}],"wp:term":[{"taxonomy":"product_brand","embeddable":true,"href":"https:\/\/www.cosmepak.com\/fr\/wp-json\/wp\/v2\/product_brand?post=1604"},{"taxonomy":"product_cat","embeddable":true,"href":"https:\/\/www.cosmepak.com\/fr\/wp-json\/wp\/v2\/product_cat?post=1604"},{"taxonomy":"product_tag","embeddable":true,"href":"https:\/\/www.cosmepak.com\/fr\/wp-json\/wp\/v2\/product_tag?post=1604"}],"curies":[{"name":"WP","href":"https:\/\/api.w.org\/{rel}","templated":true}]}}