{"id":1608,"date":"2025-03-28T15:05:56","date_gmt":"2025-03-28T07:05:56","guid":{"rendered":"https:\/\/www.cosmepak.com\/?post_type=product&#038;p=1608"},"modified":"2026-03-05T14:25:17","modified_gmt":"2026-03-05T06:25:17","slug":"luxe-30ml-bouteille-de-base-en-verre-avec-pompe-jaune","status":"publish","type":"product","link":"https:\/\/www.cosmepak.com\/fr\/product\/luxury-30ml-glass-foundation-bottle-with-pump-jaunce\/","title":{"rendered":"Bouteille de fondation en verre de luxe de 30ml avec pompe\/Jaunce"},"content":{"rendered":"<table style=\"border-collapse: collapse; width: 100%; height: 144px;\">\n<tbody>\n<tr style=\"height: 24px;\">\n<td style=\"width: 33.3333%; height: 144px;\" rowspan=\"6\"><img fetchpriority=\"high\" decoding=\"async\" class=\"alignnone size-full wp-image-1609\" src=\"https:\/\/www.cosmepak.com\/wp-content\/uploads\/2025\/03\/O1CN01xzBv612L5B4ZoLsyi_974269640-0-cib.jpg\" alt=\"flacon de fond de teint\" width=\"1000\" height=\"1000\" srcset=\"https:\/\/www.cosmepak.com\/wp-content\/uploads\/2025\/03\/O1CN01xzBv612L5B4ZoLsyi_974269640-0-cib.jpg 1000w, https:\/\/www.cosmepak.com\/wp-content\/uploads\/2025\/03\/O1CN01xzBv612L5B4ZoLsyi_974269640-0-cib-300x300.jpg 300w, https:\/\/www.cosmepak.com\/wp-content\/uploads\/2025\/03\/O1CN01xzBv612L5B4ZoLsyi_974269640-0-cib-150x150.jpg 150w, https:\/\/www.cosmepak.com\/wp-content\/uploads\/2025\/03\/O1CN01xzBv612L5B4ZoLsyi_974269640-0-cib-768x768.jpg 768w, https:\/\/www.cosmepak.com\/wp-content\/uploads\/2025\/03\/O1CN01xzBv612L5B4ZoLsyi_974269640-0-cib-600x600.jpg 600w, https:\/\/www.cosmepak.com\/wp-content\/uploads\/2025\/03\/O1CN01xzBv612L5B4ZoLsyi_974269640-0-cib-100x100.jpg 100w\" sizes=\"(max-width: 1000px) 100vw, 1000px\" \/><\/td>\n<td style=\"width: 33.122%; height: 24px; text-align: center;\">Marque<\/td>\n<td style=\"width: 33.5446%; height: 24px; text-align: center;\">Jaunce<\/td>\n<\/tr>\n<tr style=\"height: 24px;\">\n<td style=\"width: 33.122%; height: 24px; text-align: center;\">Mod\u00e8le<\/td>\n<td style=\"width: 33.5446%; height: 24px; text-align: center;\">JH-Phf205<\/td>\n<\/tr>\n<tr style=\"height: 24px;\">\n<td style=\"width: 33.122%; height: 24px; text-align: center;\">Capcience<\/td>\n<td style=\"width: 33.5446%; height: 24px; text-align: center;\">30 ml<\/td>\n<\/tr>\n<tr style=\"height: 24px;\">\n<td style=\"width: 33.122%; height: 24px; text-align: center;\">Cou<\/td>\n<td style=\"width: 33.5446%; height: 24px; text-align: center;\">19.3mm<\/td>\n<\/tr>\n<tr style=\"height: 24px;\">\n<td style=\"width: 33.122%; height: 24px; text-align: center;\">Pompe<\/td>\n<td style=\"width: 33.5446%; height: 24px; text-align: center;\">Pompe<\/td>\n<\/tr>\n<tr style=\"height: 24px;\">\n<td style=\"width: 33.122%; height: 24px; text-align: center;\">Mat\u00e9riel<\/td>\n<td style=\"width: 33.5446%; height: 24px; text-align: center;\">Verre<\/td>\n<\/tr>\n<\/tbody>\n<\/table>\n<table style=\"border-collapse: collapse; width: 100%;\">\n<tbody>\n<tr>\n<td style=\"width: 20%; text-align: center;\"><strong>Capacit\u00e9<\/strong><\/td>\n<td style=\"width: 20%; text-align: center;\"><strong>Hauteur d'\u00e9paule<\/strong><\/td>\n<td style=\"width: 20%; text-align: center;\"><strong>Hauteur totale<\/strong><\/td>\n<td style=\"width: 20%; text-align: center;\"><strong>Longueur<\/strong><\/td>\n<td style=\"width: 20%; text-align: center;\"><strong>Largeur<\/strong><\/td>\n<\/tr>\n<tr>\n<td style=\"width: 20%; text-align: center;\">30 ml<\/td>\n<td style=\"width: 20%; text-align: center;\">78.8mm<\/td>\n<td style=\"width: 20%; text-align: center;\">114.2mm<\/td>\n<td style=\"width: 20%; text-align: center;\">40 mm<\/td>\n<td style=\"width: 20%; text-align: center;\">32.3mm<\/td>\n<\/tr>\n<\/tbody>\n<\/table>\n<p>Mat\u00e9riaux et vert Th\u0628\u0648\u0635\u0629kin\u062c\u0631\u0627\u0645<\/p>\n<p>Le m\u00e9tamat\u00e9riau que vous choisissez forme \u00e0 la fois le style et la sant\u00e9 de la plan\u00e8te. Les pots en verre semblent \u00e9l\u00e9gants mais wei\u062c\u0631\u0627\u0645h plus. Les bouteilles en plastique PET sont l\u00e9g\u00e8res et bon march\u00e9 pour les marques sur un budget. Les gens se soucient de l'environnement, essayez des mat\u00e9riaux recyclables ou PCR (post-consommateur recycl\u00e9) pour rester respectueux de l'environnement. Ceux-ci coupent les d\u00e9chets tout en restant robustes, que les clients amoureux de l'environnement creusent.<\/p>\n<p>La bouteille est fabriqu\u00e9e avec une coupe carr\u00e9e arrondie unique, avec des lignes lisses et soign\u00e9es. Il allie modernit\u00e9 et sophistication, offrant non seulement une prise en main ergonomique confortable, mais se distinguant \u00e9galement dans les affichages d'\u00e9tag\u00e8res.<\/p>\n<p>Le couvercle ext\u00e9rieur mat blanc contraste fortement avec le corps transparent de la bouteille, soulignant la puret\u00e9 et le professionnalisme du produit tout en prot\u00e9geant efficacement la bouteille des rayures.<\/p>\n<p>Nous offrons une vari\u00e9t\u00e9 de corps de bouteilles de couleur haute transparence dans des couleurs telles que l'or ambre, le rose rose et le marron th\u00e9 clair. Ils peuvent \u00eatre librement combin\u00e9s selon la marque&#8217; style s pour r\u00e9pondre aux diff\u00e9rentes exigences de positionnement visuel.<\/p>\n<p>Cool Conta\u0628\u0648\u0635\u0627\u0631\u0627\u062a pour votre Cr\u00e9meter<\/p>\n<p>Un \u062c\u0631\u0627\u0645reat conta\u0628\u0648\u0635\u0629er \u0645\u062a\u0631akes votre cr\u00e8me regarder g\u00e9nial et mieux fonctionner. Voici quelques choix qui maintiennent votre produit en s\u00e9curit\u00e9 et renforcent votre marque.<\/p>\n<p>Bouteille sans air avec Pumetrp<\/p>\n<p>Nous soutenons la personnalisation compl\u00e8te OEM \/ ODM. Vous pouvez imprimer le logo de marque, le nom du produit, le code de couleur et d'autres informations sur le corps de la bouteille. Diverses techniques telles que l'estampage en feuille, la s\u00e9rigraphie et l'impression UV peuvent \u00eatre adopt\u00e9es pour cr\u00e9er une identification visuelle exclusive.<\/p>\n<p>Cette bouteille en verre convient pour les produits de beaut\u00e9 liquides tels que la fondation, le correcteur, l'essence et l'amor\u00e7age. Il convient particuli\u00e8rement aux marques de maquillage qui recherchent une texture haut de gamme et une exp\u00e9rience professionnelle.<\/p>\n<p>&nbsp;<\/p>\n<p><img decoding=\"async\" class=\"alignnone wp-image-1610\" src=\"https:\/\/www.cosmepak.com\/wp-content\/uploads\/2025\/03\/O1CN01UCVWNP2L5B4ijMGN9_974269640-0-cib.jpg\" alt=\"flacon de fond de teint\" width=\"1374\" height=\"1915\" srcset=\"https:\/\/www.cosmepak.com\/wp-content\/uploads\/2025\/03\/O1CN01UCVWNP2L5B4ijMGN9_974269640-0-cib.jpg 800w, https:\/\/www.cosmepak.com\/wp-content\/uploads\/2025\/03\/O1CN01UCVWNP2L5B4ijMGN9_974269640-0-cib-215x300.jpg 215w, https:\/\/www.cosmepak.com\/wp-content\/uploads\/2025\/03\/O1CN01UCVWNP2L5B4ijMGN9_974269640-0-cib-735x1024.jpg 735w, https:\/\/www.cosmepak.com\/wp-content\/uploads\/2025\/03\/O1CN01UCVWNP2L5B4ijMGN9_974269640-0-cib-768x1070.jpg 768w, https:\/\/www.cosmepak.com\/wp-content\/uploads\/2025\/03\/O1CN01UCVWNP2L5B4ijMGN9_974269640-0-cib-600x836.jpg 600w\" sizes=\"(max-width: 1374px) 100vw, 1374px\" \/><\/p>\n<div>\n<table style=\"border-collapse: collapse; width: 100%;\">\n<tbody>\n<tr>\n<td style=\"width: 33.3333%;\"><img decoding=\"async\" class=\"alignnone size-full wp-image-3309\" src=\"https:\/\/www.cosmepak.com\/wp-content\/uploads\/2025\/03\/7-8.jpg\" alt=\"\" width=\"1000\" height=\"1000\" srcset=\"https:\/\/www.cosmepak.com\/wp-content\/uploads\/2025\/03\/7-8.jpg 1000w, https:\/\/www.cosmepak.com\/wp-content\/uploads\/2025\/03\/7-8-300x300.jpg 300w, https:\/\/www.cosmepak.com\/wp-content\/uploads\/2025\/03\/7-8-150x150.jpg 150w, https:\/\/www.cosmepak.com\/wp-content\/uploads\/2025\/03\/7-8-768x768.jpg 768w, https:\/\/www.cosmepak.com\/wp-content\/uploads\/2025\/03\/7-8-12x12.jpg 12w, https:\/\/www.cosmepak.com\/wp-content\/uploads\/2025\/03\/7-8-600x600.jpg 600w, https:\/\/www.cosmepak.com\/wp-content\/uploads\/2025\/03\/7-8-100x100.jpg 100w\" sizes=\"(max-width: 1000px) 100vw, 1000px\" \/><\/td>\n<td style=\"width: 33.3333%;\"><img loading=\"lazy\" decoding=\"async\" class=\"alignnone size-full wp-image-3310\" src=\"https:\/\/www.cosmepak.com\/wp-content\/uploads\/2025\/03\/6-9.jpg\" alt=\"\" width=\"1000\" height=\"1000\" srcset=\"https:\/\/www.cosmepak.com\/wp-content\/uploads\/2025\/03\/6-9.jpg 1000w, https:\/\/www.cosmepak.com\/wp-content\/uploads\/2025\/03\/6-9-300x300.jpg 300w, https:\/\/www.cosmepak.com\/wp-content\/uploads\/2025\/03\/6-9-150x150.jpg 150w, https:\/\/www.cosmepak.com\/wp-content\/uploads\/2025\/03\/6-9-768x768.jpg 768w, https:\/\/www.cosmepak.com\/wp-content\/uploads\/2025\/03\/6-9-12x12.jpg 12w, https:\/\/www.cosmepak.com\/wp-content\/uploads\/2025\/03\/6-9-600x600.jpg 600w, https:\/\/www.cosmepak.com\/wp-content\/uploads\/2025\/03\/6-9-100x100.jpg 100w\" sizes=\"(max-width: 1000px) 100vw, 1000px\" \/><\/td>\n<td style=\"width: 33.3333%;\"><img loading=\"lazy\" decoding=\"async\" class=\"alignnone size-full wp-image-3311\" src=\"https:\/\/www.cosmepak.com\/wp-content\/uploads\/2025\/03\/3-11.jpg\" alt=\"\" width=\"1000\" height=\"1000\" srcset=\"https:\/\/www.cosmepak.com\/wp-content\/uploads\/2025\/03\/3-11.jpg 1000w, https:\/\/www.cosmepak.com\/wp-content\/uploads\/2025\/03\/3-11-300x300.jpg 300w, https:\/\/www.cosmepak.com\/wp-content\/uploads\/2025\/03\/3-11-150x150.jpg 150w, https:\/\/www.cosmepak.com\/wp-content\/uploads\/2025\/03\/3-11-768x768.jpg 768w, https:\/\/www.cosmepak.com\/wp-content\/uploads\/2025\/03\/3-11-12x12.jpg 12w, https:\/\/www.cosmepak.com\/wp-content\/uploads\/2025\/03\/3-11-600x600.jpg 600w, https:\/\/www.cosmepak.com\/wp-content\/uploads\/2025\/03\/3-11-100x100.jpg 100w\" sizes=\"(max-width: 1000px) 100vw, 1000px\" \/><\/td>\n<\/tr>\n<\/tbody>\n<\/table>\n<\/div>\n<p>&nbsp;<\/p>","protected":false},"excerpt":{"rendered":"<p>Mat\u00e9riau en bouteille: verre<\/p>\n<p>Mat\u00e9riau de capuchon: PP<\/p>\n<p>Capacit\u00e9: 30 ml<\/p>\n<p>Pompe: pompe de lotion<\/p>\n<p>Couleur: personnalis\u00e9e (n'importe quelle couleur Pantone Avaliable)<\/p>\n<p>Finition de surface: impression d'\u00e9cran, gla\u00e7age, estampage chaud, gradient de pulv\u00e9risation, finition mate, etc.<\/p>\n<p>MOQ: 5000pcs;<\/p>\n<p>&nbsp;<\/p>","protected":false},"featured_media":1611,"comment_status":"closed","ping_status":"closed","template":"","meta":{"_acf_changed":false},"product_brand":[],"product_cat":[34],"product_tag":[],"class_list":{"0":"post-1608","1":"product","2":"type-product","3":"status-publish","4":"has-post-thumbnail","6":"product_cat-foundation-bottle","8":"first","9":"outofstock","10":"shipping-taxable","11":"product-type-simple"},"acf":[],"_links":{"self":[{"href":"https:\/\/www.cosmepak.com\/fr\/wp-json\/wp\/v2\/product\/1608","targetHints":{"allow":["GET"]}}],"collection":[{"href":"https:\/\/www.cosmepak.com\/fr\/wp-json\/wp\/v2\/product"}],"about":[{"href":"https:\/\/www.cosmepak.com\/fr\/wp-json\/wp\/v2\/types\/product"}],"replies":[{"embeddable":true,"href":"https:\/\/www.cosmepak.com\/fr\/wp-json\/wp\/v2\/comments?post=1608"}],"wp:featuredmedia":[{"embeddable":true,"href":"https:\/\/www.cosmepak.com\/fr\/wp-json\/wp\/v2\/media\/1611"}],"wp:attachment":[{"href":"https:\/\/www.cosmepak.com\/fr\/wp-json\/wp\/v2\/media?parent=1608"}],"wp:term":[{"taxonomy":"product_brand","embeddable":true,"href":"https:\/\/www.cosmepak.com\/fr\/wp-json\/wp\/v2\/product_brand?post=1608"},{"taxonomy":"product_cat","embeddable":true,"href":"https:\/\/www.cosmepak.com\/fr\/wp-json\/wp\/v2\/product_cat?post=1608"},{"taxonomy":"product_tag","embeddable":true,"href":"https:\/\/www.cosmepak.com\/fr\/wp-json\/wp\/v2\/product_tag?post=1608"}],"curies":[{"name":"WP","href":"https:\/\/api.w.org\/{rel}","templated":true}]}}