{"id":1623,"date":"2025-03-28T17:02:01","date_gmt":"2025-03-28T09:02:01","guid":{"rendered":"https:\/\/www.cosmepak.com\/?post_type=product&#038;p=1623"},"modified":"2025-10-17T16:00:37","modified_gmt":"2025-10-17T08:00:37","slug":"bouteille-de-verre-de-fondation-carree-jaune","status":"publish","type":"product","link":"https:\/\/www.cosmepak.com\/fr\/product\/square-foundation-glass-bottle-jaunce\/","title":{"rendered":"Bouteille en verre carr\u00e9e de fond de teint \/ jaunce"},"content":{"rendered":"<table style=\"border-collapse: collapse; width: 100%; height: 144px;\">\n<tbody>\n<tr style=\"height: 24px;\">\n<td style=\"width: 33.3333%; height: 144px;\" rowspan=\"6\"><img fetchpriority=\"high\" decoding=\"async\" class=\"alignnone size-full wp-image-1624\" src=\"https:\/\/www.cosmepak.com\/wp-content\/uploads\/2025\/03\/O1CN01uRg7vT2L5AwCjXroW_974269640-0-cib.jpg\" alt=\"flacon de fond de teint\" width=\"1000\" height=\"1000\" srcset=\"https:\/\/www.cosmepak.com\/wp-content\/uploads\/2025\/03\/O1CN01uRg7vT2L5AwCjXroW_974269640-0-cib.jpg 1000w, https:\/\/www.cosmepak.com\/wp-content\/uploads\/2025\/03\/O1CN01uRg7vT2L5AwCjXroW_974269640-0-cib-300x300.jpg 300w, https:\/\/www.cosmepak.com\/wp-content\/uploads\/2025\/03\/O1CN01uRg7vT2L5AwCjXroW_974269640-0-cib-150x150.jpg 150w, https:\/\/www.cosmepak.com\/wp-content\/uploads\/2025\/03\/O1CN01uRg7vT2L5AwCjXroW_974269640-0-cib-768x768.jpg 768w, https:\/\/www.cosmepak.com\/wp-content\/uploads\/2025\/03\/O1CN01uRg7vT2L5AwCjXroW_974269640-0-cib-600x600.jpg 600w, https:\/\/www.cosmepak.com\/wp-content\/uploads\/2025\/03\/O1CN01uRg7vT2L5AwCjXroW_974269640-0-cib-100x100.jpg 100w\" sizes=\"(max-width: 1000px) 100vw, 1000px\" \/><\/td>\n<td style=\"width: 33.122%; height: 24px; text-align: center;\">Marque<\/td>\n<td style=\"width: 33.5446%; height: 24px; text-align: center;\">Jaunce<\/td>\n<\/tr>\n<tr style=\"height: 24px;\">\n<td style=\"width: 33.122%; height: 24px; text-align: center;\">Mod\u00e8le<\/td>\n<td style=\"width: 33.5446%; height: 24px; text-align: center;\">JH-PHF103\/098\/066\/104<\/td>\n<\/tr>\n<tr style=\"height: 24px;\">\n<td style=\"width: 33.122%; height: 24px; text-align: center;\">Capcience<\/td>\n<td style=\"width: 33.5446%; height: 24px; text-align: center;\">15\/25\/35\/40 ml<\/td>\n<\/tr>\n<tr style=\"height: 24px;\">\n<td style=\"width: 33.122%; height: 24px; text-align: center;\">Cou<\/td>\n<td style=\"width: 33.5446%; height: 24px; text-align: center;\">18 mm<\/td>\n<\/tr>\n<tr style=\"height: 24px;\">\n<td style=\"width: 33.122%; height: 24px; text-align: center;\">Pompe<\/td>\n<td style=\"width: 33.5446%; height: 24px; text-align: center;\">Pompe<\/td>\n<\/tr>\n<tr style=\"height: 24px;\">\n<td style=\"width: 33.122%; height: 24px; text-align: center;\">Mat\u00e9riel<\/td>\n<td style=\"width: 33.5446%; height: 24px; text-align: center;\">Verre<\/td>\n<\/tr>\n<\/tbody>\n<\/table>\n<table style=\"border-collapse: collapse; width: 100%;\">\n<tbody>\n<tr style=\"height: 24px;\">\n<td style=\"width: 20%; text-align: center; height: 24px;\"><strong>Capacit\u00e9<\/strong><\/td>\n<td style=\"width: 20%; text-align: center; height: 24px;\"><strong>Hauteur d'\u00e9paule<\/strong><\/td>\n<td style=\"width: 20%; text-align: center; height: 24px;\"><strong>Hauteur totale<\/strong><\/td>\n<td style=\"width: 20%; text-align: center; height: 24px;\"><strong>Dia<\/strong><\/td>\n<\/tr>\n<tr>\n<td style=\"width: 20%; text-align: center;\">15 ml<\/td>\n<td style=\"width: 20%; text-align: center;\">43 mm<\/td>\n<td style=\"width: 20%; text-align: center;\">85 mm<\/td>\n<td style=\"width: 20%; text-align: center;\">32 mm<\/td>\n<\/tr>\n<tr style=\"height: 24px;\">\n<td style=\"width: 20%; text-align: center; height: 24px;\">25 ml<\/td>\n<td style=\"width: 20%; text-align: center; height: 24px;\">50 mm<\/td>\n<td style=\"width: 20%; text-align: center; height: 24px;\">92 mm<\/td>\n<td style=\"width: 20%; text-align: center; height: 24px;\">32 mm<\/td>\n<\/tr>\n<tr>\n<td style=\"width: 20%; text-align: center;\">35 ml<\/td>\n<td style=\"width: 20%; text-align: center;\">64 mm<\/td>\n<td style=\"width: 20%; text-align: center;\">105 mm<\/td>\n<td style=\"width: 20%; text-align: center;\">32 mm<\/td>\n<\/tr>\n<tr>\n<td style=\"width: 20%; text-align: center;\">40 ml<\/td>\n<td style=\"width: 20%; text-align: center;\">78 mm<\/td>\n<td style=\"width: 20%; text-align: center;\">120 mm<\/td>\n<td style=\"width: 20%; text-align: center;\">32 mm<\/td>\n<\/tr>\n<\/tbody>\n<\/table>\n<p>Cette bouteille de liquide de fondation rectangulaire est transparente. Il peut \u00eatre utilis\u00e9 pour remplir le liquide de fondation, la lotion de soins de la peau et la cr\u00e8me solaire, etc. Il existe diverses sp\u00e9cifications disponibles, y compris 15ml, 25ml, 35ml et 40ml. Le diam\u00e8tre de la bouche de la bouteille est de 18mm et il a une conception \u00e0 vis, assurant un ajustement parfait. Base de bouteille en verre \u00e9paissi, robuste et fiable; En combinaison avec la pompe CD, la sortie de liquide est uniforme. En m\u00eame temps, il peut accepter des proc\u00e9d\u00e9s tels que la s\u00e9rigraphie, l'estampage en or, l'estampage en argent, la pulv\u00e9risation, le sablage, la galvanoplastie et le collage d'\u00e9tiquettes.<\/p>\n<p><strong>Avantages du mat\u00e9riau verre<\/strong><\/p>\n<p>Texture am\u00e9lior\u00e9e: verre transparent met en \u00e9vidence le produit&#8217; s texture, am\u00e9liorant le positionnement visuel haut de gamme des cosm\u00e9tiques et le distinguant de la sensation bon march\u00e9 des bouteilles en plastique.<br \/>\nDurabilit\u00e9: R\u00e9sistance aux chocs sup\u00e9rieure par rapport au verre ordinaire, maintenant la forme apr\u00e8s une utilisation r\u00e9p\u00e9t\u00e9e, r\u00e9duisant ainsi les taux de retour des utilisateurs finaux.<br \/>\nConformit\u00e9 respectueuse de l'environnement: le mat\u00e9riau recyclable est conforme \u00e0 l'UE ECOCERT, la Chine GB \/ T 38727 et d'autres normes environnementales, aidant les marques \u00e0 construire une image durable.<br \/>\nPersonnalisation tr\u00e8s rentable<\/p>\n<p>Prend en charge le traitement personnalis\u00e9 tel que la s\u00e9rigraphie, l'estampage \u00e0 chaud et l'\u00e9tiquetage sur la bouteille.<br \/>\nQuantit\u00e9 de commande minimale flexible (\u00e0 partir de 5000 pi\u00e8ces).<br \/>\nPar rapport aux emballages en verre haut de gamme similaires, les co\u00fbts d'achat sont r\u00e9duits de 12 \u00e0 15 %.<\/p>\n<p><img decoding=\"async\" class=\"wp-image-1620 aligncenter\" src=\"https:\/\/www.cosmepak.com\/wp-content\/uploads\/2025\/03\/O1CN01jK8lCN2L5AwIjoEFv_974269640-0-cib.jpg\" alt=\"Bouteille en verre de la fondation\" width=\"1373\" height=\"1893\" srcset=\"https:\/\/www.cosmepak.com\/wp-content\/uploads\/2025\/03\/O1CN01jK8lCN2L5AwIjoEFv_974269640-0-cib.jpg 1000w, https:\/\/www.cosmepak.com\/wp-content\/uploads\/2025\/03\/O1CN01jK8lCN2L5AwIjoEFv_974269640-0-cib-218x300.jpg 218w, https:\/\/www.cosmepak.com\/wp-content\/uploads\/2025\/03\/O1CN01jK8lCN2L5AwIjoEFv_974269640-0-cib-743x1024.jpg 743w, https:\/\/www.cosmepak.com\/wp-content\/uploads\/2025\/03\/O1CN01jK8lCN2L5AwIjoEFv_974269640-0-cib-768x1059.jpg 768w, https:\/\/www.cosmepak.com\/wp-content\/uploads\/2025\/03\/O1CN01jK8lCN2L5AwIjoEFv_974269640-0-cib-600x827.jpg 600w\" sizes=\"(max-width: 1373px) 100vw, 1373px\" \/><\/p>\n<p>Nous sommes une entreprise sp\u00e9cialis\u00e9e dans les mat\u00e9riaux d'emballage pour les cosm\u00e9tiques. Depuis notre cr\u00e9ation en 2014, nous fournissons des mat\u00e9riaux d'emballage \u00e0 des soci\u00e9t\u00e9s de remplissage nationales et \u00e9trang\u00e8res. Nous ne sommes pas seulement une entreprise de mat\u00e9riaux d'emballage cosm\u00e9tiques; Nous aidons \u00e9galement nos clients \u00e0 d\u00e9velopper de nouveaux designs d'emballage. Nous soutenons \u00e9galement un service de paquet cosm\u00e9tique en un seul arr\u00eat.<\/p>\n<p><img decoding=\"async\" class=\"alignnone size-full wp-image-1347\" src=\"https:\/\/www.cosmepak.com\/wp-content\/uploads\/2024\/12\/\u9996\u987519202_03.jpg\" alt=\"salon de l&#039;usine\" width=\"1920\" height=\"885\" srcset=\"https:\/\/www.cosmepak.com\/wp-content\/uploads\/2024\/12\/\u9996\u987519202_03.jpg 1920w, https:\/\/www.cosmepak.com\/wp-content\/uploads\/2024\/12\/\u9996\u987519202_03-300x138.jpg 300w, https:\/\/www.cosmepak.com\/wp-content\/uploads\/2024\/12\/\u9996\u987519202_03-1024x472.jpg 1024w, https:\/\/www.cosmepak.com\/wp-content\/uploads\/2024\/12\/\u9996\u987519202_03-768x354.jpg 768w, https:\/\/www.cosmepak.com\/wp-content\/uploads\/2024\/12\/\u9996\u987519202_03-1536x708.jpg 1536w, https:\/\/www.cosmepak.com\/wp-content\/uploads\/2024\/12\/\u9996\u987519202_03-600x277.jpg 600w\" sizes=\"(max-width: 1920px) 100vw, 1920px\" \/><\/p>\n<p>&nbsp;<\/p>","protected":false},"excerpt":{"rendered":"<p>Mat\u00e9riau en bouteille: verre<\/p>\n<p>Mat\u00e9riau de capuchon: PP<\/p>\n<p>Capacit\u00e9 : 15\/25\/35\/40ml<\/p>\n<p>Pompe: pompe CD<\/p>\n<p>Couleur: personnalis\u00e9e (n'importe quelle couleur Pantone Avaliable)<\/p>\n<p>Finition de surface: impression d'\u00e9cran, gla\u00e7age, estampage chaud, gradient de pulv\u00e9risation, finition mate, etc.<\/p>\n<p>MOQ: 5000pcs;<\/p>\n<p>&nbsp;<\/p>","protected":false},"featured_media":1624,"comment_status":"closed","ping_status":"closed","template":"","meta":{"_acf_changed":false},"product_brand":[],"product_cat":[34],"product_tag":[],"class_list":{"0":"post-1623","1":"product","2":"type-product","3":"status-publish","4":"has-post-thumbnail","6":"product_cat-foundation-bottle","8":"first","9":"outofstock","10":"shipping-taxable","11":"product-type-simple"},"acf":[],"_links":{"self":[{"href":"https:\/\/www.cosmepak.com\/fr\/wp-json\/wp\/v2\/product\/1623","targetHints":{"allow":["GET"]}}],"collection":[{"href":"https:\/\/www.cosmepak.com\/fr\/wp-json\/wp\/v2\/product"}],"about":[{"href":"https:\/\/www.cosmepak.com\/fr\/wp-json\/wp\/v2\/types\/product"}],"replies":[{"embeddable":true,"href":"https:\/\/www.cosmepak.com\/fr\/wp-json\/wp\/v2\/comments?post=1623"}],"wp:featuredmedia":[{"embeddable":true,"href":"https:\/\/www.cosmepak.com\/fr\/wp-json\/wp\/v2\/media\/1624"}],"wp:attachment":[{"href":"https:\/\/www.cosmepak.com\/fr\/wp-json\/wp\/v2\/media?parent=1623"}],"wp:term":[{"taxonomy":"product_brand","embeddable":true,"href":"https:\/\/www.cosmepak.com\/fr\/wp-json\/wp\/v2\/product_brand?post=1623"},{"taxonomy":"product_cat","embeddable":true,"href":"https:\/\/www.cosmepak.com\/fr\/wp-json\/wp\/v2\/product_cat?post=1623"},{"taxonomy":"product_tag","embeddable":true,"href":"https:\/\/www.cosmepak.com\/fr\/wp-json\/wp\/v2\/product_tag?post=1623"}],"curies":[{"name":"WP","href":"https:\/\/api.w.org\/{rel}","templated":true}]}}