{"id":1631,"date":"2025-03-31T13:18:09","date_gmt":"2025-03-31T05:18:09","guid":{"rendered":"https:\/\/www.cosmepak.com\/?post_type=product&#038;p=1631"},"modified":"2025-09-11T10:21:08","modified_gmt":"2025-09-11T02:21:08","slug":"50ml-pompe-a-pression-liquide-base-bouteille-jaune","status":"publish","type":"product","link":"https:\/\/www.cosmepak.com\/fr\/product\/50ml-pressure-pump-liquid-foundation-bottle-jaunce\/","title":{"rendered":"Bouteille\/Jaunce de fondation liquide de pompe \u00e0 pression de 50ml"},"content":{"rendered":"<table style=\"border-collapse: collapse; width: 100%; height: 144px;\">\n<tbody>\n<tr style=\"height: 24px;\">\n<td style=\"width: 33.3333%; height: 144px;\" rowspan=\"6\"><img fetchpriority=\"high\" decoding=\"async\" class=\"alignnone size-full wp-image-1632\" src=\"https:\/\/www.cosmepak.com\/wp-content\/uploads\/2025\/03\/1-6.jpg\" alt=\"flacon de fond de teint\" width=\"1000\" height=\"1000\" srcset=\"https:\/\/www.cosmepak.com\/wp-content\/uploads\/2025\/03\/1-6.jpg 1000w, https:\/\/www.cosmepak.com\/wp-content\/uploads\/2025\/03\/1-6-300x300.jpg 300w, https:\/\/www.cosmepak.com\/wp-content\/uploads\/2025\/03\/1-6-150x150.jpg 150w, https:\/\/www.cosmepak.com\/wp-content\/uploads\/2025\/03\/1-6-768x768.jpg 768w, https:\/\/www.cosmepak.com\/wp-content\/uploads\/2025\/03\/1-6-600x600.jpg 600w, https:\/\/www.cosmepak.com\/wp-content\/uploads\/2025\/03\/1-6-100x100.jpg 100w\" sizes=\"(max-width: 1000px) 100vw, 1000px\" \/><\/td>\n<td style=\"width: 33.122%; height: 24px; text-align: center;\">Marque<\/td>\n<td style=\"width: 33.5446%; height: 24px; text-align: center;\">Jaunce<\/td>\n<\/tr>\n<tr style=\"height: 24px;\">\n<td style=\"width: 33.122%; height: 24px; text-align: center;\">Mod\u00e8le<\/td>\n<td style=\"width: 33.5446%; height: 24px; text-align: center;\">JH-Phs180<\/td>\n<\/tr>\n<tr style=\"height: 24px;\">\n<td style=\"width: 33.122%; height: 24px; text-align: center;\">Capcience<\/td>\n<td style=\"width: 33.5446%; height: 24px; text-align: center;\">50 ml<\/td>\n<\/tr>\n<tr style=\"height: 24px;\">\n<td style=\"width: 33.122%; height: 24px; text-align: center;\">Cou<\/td>\n<td style=\"width: 33.5446%; height: 24px; text-align: center;\">18 mm<\/td>\n<\/tr>\n<tr style=\"height: 24px;\">\n<td style=\"width: 33.122%; height: 24px; text-align: center;\">Pompe<\/td>\n<td style=\"width: 33.5446%; height: 24px; text-align: center;\">Pompe<\/td>\n<\/tr>\n<tr style=\"height: 24px;\">\n<td style=\"width: 33.122%; height: 24px; text-align: center;\">Mat\u00e9riel<\/td>\n<td style=\"width: 33.5446%; height: 24px; text-align: center;\">Verre<\/td>\n<\/tr>\n<\/tbody>\n<\/table>\n<p>30ml forme carr\u00e9e OEM\/ODM bouteille color\u00e9e de fondation en verre, personnalisation acceptable.<\/p>\n<table style=\"border-collapse: collapse; width: 100%;\">\n<tbody>\n<tr style=\"height: 24px;\">\n<td style=\"width: 15.3036%; text-align: center; height: 24px;\"><strong>Capacit\u00e9<\/strong><\/td>\n<td style=\"width: 18.0526%; text-align: center; height: 24px;\"><strong>Hauteur d'\u00e9paule<\/strong><\/td>\n<td style=\"width: 16.5637%; text-align: center; height: 24px;\"><strong>Hauteur totale<\/strong><\/td>\n<td style=\"width: 17.4455%; text-align: center; height: 24px;\"><strong>Longueur du bas<\/strong><\/td>\n<td style=\"width: 12.6346%; text-align: center;\"><strong>Largeur<\/strong><\/td>\n<\/tr>\n<tr>\n<td style=\"width: 15.3036%; text-align: center;\">50 ml<\/td>\n<td style=\"width: 18.0526%; text-align: center;\">81 mm<\/td>\n<td style=\"width: 16.5637%; text-align: center;\">130 mm<\/td>\n<td style=\"width: 17.4455%; text-align: center;\">49.5mm<\/td>\n<td style=\"width: 12.6346%; text-align: center;\">29 mm<\/td>\n<\/tr>\n<\/tbody>\n<\/table>\n<p>Les bouteilles rectangulaires d'angle rond en verre de 50 ml conviennent \u00e0 l'utilisation dans l'emballage de lotions, de s\u00e9rums, de fondations et d'autres produits similaires.<\/p>\n<p>Notre entreprise dispose d'une \u00e9quipe professionnelle capable d'offrir des services de conception sp\u00e9cialis\u00e9s, d'assurer des produits de haute qualit\u00e9 et de fournir un support robuste avant et apr\u00e8s-vente.<\/p>\n<p><img decoding=\"async\" class=\"alignnone wp-image-1633\" src=\"https:\/\/www.cosmepak.com\/wp-content\/uploads\/2025\/03\/O1CN01ezRup92L5AyHJ0g17_974269640-0-cib.jpg\" alt=\"flacon de fond de teint\" width=\"1380\" height=\"1968\" srcset=\"https:\/\/www.cosmepak.com\/wp-content\/uploads\/2025\/03\/O1CN01ezRup92L5AyHJ0g17_974269640-0-cib.jpg 1000w, https:\/\/www.cosmepak.com\/wp-content\/uploads\/2025\/03\/O1CN01ezRup92L5AyHJ0g17_974269640-0-cib-210x300.jpg 210w, https:\/\/www.cosmepak.com\/wp-content\/uploads\/2025\/03\/O1CN01ezRup92L5AyHJ0g17_974269640-0-cib-718x1024.jpg 718w, https:\/\/www.cosmepak.com\/wp-content\/uploads\/2025\/03\/O1CN01ezRup92L5AyHJ0g17_974269640-0-cib-768x1095.jpg 768w, https:\/\/www.cosmepak.com\/wp-content\/uploads\/2025\/03\/O1CN01ezRup92L5AyHJ0g17_974269640-0-cib-600x856.jpg 600w\" sizes=\"(max-width: 1380px) 100vw, 1380px\" \/><\/p>\n<p>Col de bouteille filet\u00e9 clair<br \/>\nLe col de bouteille dispose d'un filetage clair et pr\u00e9cis, assurant une \u00e9tanch\u00e9it\u00e9 \u00e9tanche et s\u00e9curis\u00e9e. Cela \u00e9vite toute fuite et maintient l'int\u00e9grit\u00e9 du contenu.<\/p>\n<p>Fond de bouteille en verre \u00e9paissi<br \/>\nLe fond de la bouteille en verre est \u00e9paissi pour plus de stabilit\u00e9 et de durabilit\u00e9. Cette conception fournit une base solide et fiable, rendant la bouteille moins susceptible de se retourner.<\/p>\n<p>T\u00eate de pompe \u00e0 lotion puissante<br \/>\nLa t\u00eate de pompe \u00e0 lotion est con\u00e7ue pour une distribution facile et efficace. Avec chaque presse, la pompe fournit un flux fort et constant du produit, ce qui le rend pratique pour une utilisation quotidienne.<\/p>\n<p>Services de personnalisation<br \/>\nCe produit offre une vari\u00e9t\u00e9 de services de personnalisation pour r\u00e9pondre \u00e0 vos besoins de marque:<\/p>\n<p>s\u00e9rigraphie<br \/>\nStamplage \u00e0 chaud (or\/argent)<br \/>\nRev\u00eatement<br \/>\nGla\u00e7age<br \/>\n\u00c9lectroplaste<br \/>\n\u00e9tiquetage<br \/>\nAm\u00e9liorez l'esth\u00e9tique et la fonctionnalit\u00e9 de votre produit avec nos options de personnalisation premium.<\/p>\n<p><img decoding=\"async\" class=\"alignnone wp-image-1634\" src=\"https:\/\/www.cosmepak.com\/wp-content\/uploads\/2025\/03\/O1CN01w6nao02L5AyJI0pDU_974269640-0-cib.jpg\" alt=\"flacon de fond de teint\" width=\"1381\" height=\"1381\" srcset=\"https:\/\/www.cosmepak.com\/wp-content\/uploads\/2025\/03\/O1CN01w6nao02L5AyJI0pDU_974269640-0-cib.jpg 1000w, https:\/\/www.cosmepak.com\/wp-content\/uploads\/2025\/03\/O1CN01w6nao02L5AyJI0pDU_974269640-0-cib-300x300.jpg 300w, https:\/\/www.cosmepak.com\/wp-content\/uploads\/2025\/03\/O1CN01w6nao02L5AyJI0pDU_974269640-0-cib-150x150.jpg 150w, https:\/\/www.cosmepak.com\/wp-content\/uploads\/2025\/03\/O1CN01w6nao02L5AyJI0pDU_974269640-0-cib-768x768.jpg 768w, https:\/\/www.cosmepak.com\/wp-content\/uploads\/2025\/03\/O1CN01w6nao02L5AyJI0pDU_974269640-0-cib-600x600.jpg 600w, https:\/\/www.cosmepak.com\/wp-content\/uploads\/2025\/03\/O1CN01w6nao02L5AyJI0pDU_974269640-0-cib-100x100.jpg 100w\" sizes=\"(max-width: 1381px) 100vw, 1381px\" \/><\/p>\n<p><img loading=\"lazy\" decoding=\"async\" class=\"alignnone size-full wp-image-1347\" src=\"https:\/\/www.cosmepak.com\/wp-content\/uploads\/2024\/12\/\u9996\u987519202_03.jpg\" alt=\"salon de l&#039;usine\" width=\"1920\" height=\"885\" srcset=\"https:\/\/www.cosmepak.com\/wp-content\/uploads\/2024\/12\/\u9996\u987519202_03.jpg 1920w, https:\/\/www.cosmepak.com\/wp-content\/uploads\/2024\/12\/\u9996\u987519202_03-300x138.jpg 300w, https:\/\/www.cosmepak.com\/wp-content\/uploads\/2024\/12\/\u9996\u987519202_03-1024x472.jpg 1024w, https:\/\/www.cosmepak.com\/wp-content\/uploads\/2024\/12\/\u9996\u987519202_03-768x354.jpg 768w, https:\/\/www.cosmepak.com\/wp-content\/uploads\/2024\/12\/\u9996\u987519202_03-1536x708.jpg 1536w, https:\/\/www.cosmepak.com\/wp-content\/uploads\/2024\/12\/\u9996\u987519202_03-600x277.jpg 600w\" sizes=\"(max-width: 1920px) 100vw, 1920px\" \/><\/p>\n<p>Une division claire du travail est essentielle au bon fonctionnement de toute organisation. Il am\u00e9liore non seulement l'efficacit\u00e9 et la responsabilisation, mais il assure \u00e9galement que chaque \u00e9tape du processus est ex\u00e9cut\u00e9e selon les normes les plus \u00e9lev\u00e9es. En contr\u00f4lant strictement chaque phase, les organisations peuvent obtenir de meilleurs r\u00e9sultats et maintenir un avantage concurrentiel.<\/p>\n<p><img loading=\"lazy\" decoding=\"async\" class=\"alignnone size-full wp-image-1348\" src=\"https:\/\/www.cosmepak.com\/wp-content\/uploads\/2024\/12\/\u9996\u987519202_04.jpg\" alt=\"\" width=\"1920\" height=\"694\" srcset=\"https:\/\/www.cosmepak.com\/wp-content\/uploads\/2024\/12\/\u9996\u987519202_04.jpg 1920w, https:\/\/www.cosmepak.com\/wp-content\/uploads\/2024\/12\/\u9996\u987519202_04-300x108.jpg 300w, https:\/\/www.cosmepak.com\/wp-content\/uploads\/2024\/12\/\u9996\u987519202_04-1024x370.jpg 1024w, https:\/\/www.cosmepak.com\/wp-content\/uploads\/2024\/12\/\u9996\u987519202_04-768x278.jpg 768w, https:\/\/www.cosmepak.com\/wp-content\/uploads\/2024\/12\/\u9996\u987519202_04-1536x555.jpg 1536w, https:\/\/www.cosmepak.com\/wp-content\/uploads\/2024\/12\/\u9996\u987519202_04-600x217.jpg 600w\" sizes=\"(max-width: 1920px) 100vw, 1920px\" \/><img loading=\"lazy\" decoding=\"async\" class=\"alignnone size-full wp-image-1350\" src=\"https:\/\/www.cosmepak.com\/wp-content\/uploads\/2024\/12\/\u9996\u987519202_05-1.jpg\" alt=\"\" width=\"1920\" height=\"970\" srcset=\"https:\/\/www.cosmepak.com\/wp-content\/uploads\/2024\/12\/\u9996\u987519202_05-1.jpg 1920w, https:\/\/www.cosmepak.com\/wp-content\/uploads\/2024\/12\/\u9996\u987519202_05-1-300x152.jpg 300w, https:\/\/www.cosmepak.com\/wp-content\/uploads\/2024\/12\/\u9996\u987519202_05-1-1024x517.jpg 1024w, https:\/\/www.cosmepak.com\/wp-content\/uploads\/2024\/12\/\u9996\u987519202_05-1-768x388.jpg 768w, https:\/\/www.cosmepak.com\/wp-content\/uploads\/2024\/12\/\u9996\u987519202_05-1-1536x776.jpg 1536w, https:\/\/www.cosmepak.com\/wp-content\/uploads\/2024\/12\/\u9996\u987519202_05-1-600x303.jpg 600w\" sizes=\"(max-width: 1920px) 100vw, 1920px\" \/><\/p>\n<p>Notre entreprise participe \u00e0 des expositions internationales de beaut\u00e9 chaque ann\u00e9e pour rester \u00e0 jour avec les derni\u00e8res tendances de l'industrie. En d\u00e9veloppant continuellement de nouveaux produits, nous nous effor\u00e7ons de fournir de meilleurs produits \u00e0 nos clients.<\/p>\n<p><img loading=\"lazy\" decoding=\"async\" class=\"alignnone wp-image-1351\" src=\"https:\/\/www.cosmepak.com\/wp-content\/uploads\/2024\/12\/\u7269\u6d41\u8fd0\u8f93\u753b\u9762-2.jpg\" alt=\"\" width=\"1385\" height=\"1039\" srcset=\"https:\/\/www.cosmepak.com\/wp-content\/uploads\/2024\/12\/\u7269\u6d41\u8fd0\u8f93\u753b\u9762-2.jpg 800w, https:\/\/www.cosmepak.com\/wp-content\/uploads\/2024\/12\/\u7269\u6d41\u8fd0\u8f93\u753b\u9762-2-300x225.jpg 300w, https:\/\/www.cosmepak.com\/wp-content\/uploads\/2024\/12\/\u7269\u6d41\u8fd0\u8f93\u753b\u9762-2-768x576.jpg 768w, https:\/\/www.cosmepak.com\/wp-content\/uploads\/2024\/12\/\u7269\u6d41\u8fd0\u8f93\u753b\u9762-2-600x450.jpg 600w\" sizes=\"(max-width: 1385px) 100vw, 1385px\" \/><\/p>\n<table style=\"border-collapse: collapse; width: 100%;\">\n<tbody>\n<tr>\n<td style=\"width: 33.3333%; text-align: center;\"><strong>Exprimer<\/strong><\/td>\n<td style=\"width: 33.3333%; text-align: center;\"><strong>Fret a\u00e9rien<\/strong><\/td>\n<td style=\"width: 33.3333%; text-align: center;\"><strong>Transport maritime<\/strong><\/td>\n<\/tr>\n<tr>\n<td style=\"width: 33.3333%; text-align: center;\">Europ 4-6 jours<\/p>\n<p>Am\u00e9rique du Nord 4-6 jours<\/p>\n<p>Asie du Sud-Est 3-5 jours<\/p>\n<p>Le Moyen-Orient 4 \u00e0 6 jours<\/p>\n<p>Afrique du Sud 5-8 jours<\/td>\n<td style=\"width: 33.3333%; text-align: center;\">Europ 4-6 jours<\/p>\n<p>Am\u00e9rique du Nord 4-6 jours<\/p>\n<p>Asie du Sud-Est 3-5 jours<\/p>\n<p>Le Moyen-Orient 4 \u00e0 6 jours<\/p>\n<p>Afrique du Sud 5-8 jours<\/td>\n<td style=\"width: 33.3333%; text-align: center;\">Europ 25 \u00e0 35 jours<\/p>\n<p>Am\u00e9rique du Nord 25-35 jours<\/p>\n<p>Asie du Sud-Est 25-35 jours<\/p>\n<p>Le Moyen-Orient 25-35 jours<\/p>\n<p>Afrique du Sud 25-35 jours<\/td>\n<\/tr>\n<\/tbody>\n<\/table>\n<p><span style=\"font-size: 14pt;\"><strong>FAQ:<\/strong><\/span><\/p>\n<p>1. Pourquoi devriez-vous acheter chez nous et non aupr\u00e8s d'autres fournisseurs?<br \/>\n\u2460 3 minutes con\u00e7ues pour vous.<br \/>\n\u2461 Service en ligne 24 heures sur 24.<br \/>\n\u2462 Samples de stock de 7 jours \/ 15 jours avec impression personnalis\u00e9e.<br \/>\n\u2463 35 jours de d\u00e9lai.<br \/>\n\u2464 Plus de 10 ans d'usine d'emballage cosm\u00e9tique professionnelle.<br \/>\n\u2465 Outouts d'usine, meilleur prix et meilleur service.<br \/>\n\u2466 Une solution de station pour l'emballage cosm\u00e9tique.<br \/>\n2. comment pouvons-nous garantir la qualit\u00e9?<br \/>\nToujours un \u00e9chantillon de pr\u00e9-production avant production de masse;<br \/>\n3. que pouvez-vous acheter de nous?<br \/>\nBouteilles en verre, bouteilles en plastique \/ bocaux \/ tubercules, bouteilles en aluminium \/ bocaux \/ tubes etc. mat\u00e9riel d'emballage cosm\u00e9tique.<br \/>\n4. qui sommes-nous ?<br \/>\nWe are based in Zhejiang, China, start from 2014,sell to Domestic Market(70.00%),Oceania(8.00%),Mid East(7.00%), Eastern Asia(2.00%),North America(2.00%),Western Europe(2.00%),Southeast Asia(2.00%),South Asia(1.00%),South America(1.00%),Southern Europe(1.00%),Central America(1.00%),Northern<br \/>\n5. quels services pouvons-nous fournir?<br \/>\nConditions de livraison accept\u00e9es: FOB, CFR, CIF;<\/p>\n<div>Devise de paiement accept\u00e9: USD, EUR, HKD, CNY;<\/div>\n<div>Type de paiement accept\u00e9: T \/ T, L \/ C, D \/ P D \/ A;<br \/>\nLangue parl\u00e9e: anglais, chinois<\/div>\n<p>&nbsp;<\/p>","protected":false},"excerpt":{"rendered":"<p>Mat\u00e9riau en bouteille: verre<\/p>\n<p>Mat\u00e9riau de capuchon: PP<\/p>\n<p>Capacit\u00e9: 50 ml<\/p>\n<p>Pompe: pompe de lotion<\/p>\n<p>Couleur: personnalis\u00e9e (n'importe quelle couleur Pantone Avaliable)<\/p>\n<p>Finition de surface: impression d'\u00e9cran, gla\u00e7age, estampage chaud, gradient de pulv\u00e9risation, finition mate, etc.<\/p>\n<p>MOQ: 5000pcs;<\/p>\n<p>&nbsp;<\/p>","protected":false},"featured_media":1632,"comment_status":"closed","ping_status":"closed","template":"","meta":{"_acf_changed":false},"product_brand":[],"product_cat":[45],"product_tag":[],"class_list":{"0":"post-1631","1":"product","2":"type-product","3":"status-publish","4":"has-post-thumbnail","6":"product_cat-serum-pump-bottle","8":"first","9":"outofstock","10":"shipping-taxable","11":"product-type-simple"},"acf":[],"_links":{"self":[{"href":"https:\/\/www.cosmepak.com\/fr\/wp-json\/wp\/v2\/product\/1631","targetHints":{"allow":["GET"]}}],"collection":[{"href":"https:\/\/www.cosmepak.com\/fr\/wp-json\/wp\/v2\/product"}],"about":[{"href":"https:\/\/www.cosmepak.com\/fr\/wp-json\/wp\/v2\/types\/product"}],"replies":[{"embeddable":true,"href":"https:\/\/www.cosmepak.com\/fr\/wp-json\/wp\/v2\/comments?post=1631"}],"wp:featuredmedia":[{"embeddable":true,"href":"https:\/\/www.cosmepak.com\/fr\/wp-json\/wp\/v2\/media\/1632"}],"wp:attachment":[{"href":"https:\/\/www.cosmepak.com\/fr\/wp-json\/wp\/v2\/media?parent=1631"}],"wp:term":[{"taxonomy":"product_brand","embeddable":true,"href":"https:\/\/www.cosmepak.com\/fr\/wp-json\/wp\/v2\/product_brand?post=1631"},{"taxonomy":"product_cat","embeddable":true,"href":"https:\/\/www.cosmepak.com\/fr\/wp-json\/wp\/v2\/product_cat?post=1631"},{"taxonomy":"product_tag","embeddable":true,"href":"https:\/\/www.cosmepak.com\/fr\/wp-json\/wp\/v2\/product_tag?post=1631"}],"curies":[{"name":"WP","href":"https:\/\/api.w.org\/{rel}","templated":true}]}}