{"id":1638,"date":"2025-03-31T14:09:41","date_gmt":"2025-03-31T06:09:41","guid":{"rendered":"https:\/\/www.cosmepak.com\/?post_type=product&#038;p=1638"},"modified":"2026-04-23T14:26:34","modified_gmt":"2026-04-23T06:26:34","slug":"bouteille-de-base-liquide-de-30ml-avec-bouchon-jaune","status":"publish","type":"product","link":"https:\/\/www.cosmepak.com\/fr\/product\/30ml-liquid-foundation-bottle-with-ball-cap-jaunce\/","title":{"rendered":"Bouteille de fondation liquide de 30ml avec bouchon \u00e0 bille \/ Jaunce"},"content":{"rendered":"<table style=\"border-collapse: collapse; width: 100%; height: 144px;\">\n<tbody>\n<tr style=\"height: 24px;\">\n<td style=\"width: 33.3333%; height: 144px;\" rowspan=\"5\"><img fetchpriority=\"high\" decoding=\"async\" class=\"alignnone size-full wp-image-3900\" src=\"https:\/\/www.cosmepak.com\/wp-content\/uploads\/2025\/03\/O1CN01zlg5xb2511jdryMLr_2541887465-0-cib.jpg\" alt=\"\" width=\"1000\" height=\"1000\" srcset=\"https:\/\/www.cosmepak.com\/wp-content\/uploads\/2025\/03\/O1CN01zlg5xb2511jdryMLr_2541887465-0-cib.jpg 1000w, https:\/\/www.cosmepak.com\/wp-content\/uploads\/2025\/03\/O1CN01zlg5xb2511jdryMLr_2541887465-0-cib-300x300.jpg 300w, https:\/\/www.cosmepak.com\/wp-content\/uploads\/2025\/03\/O1CN01zlg5xb2511jdryMLr_2541887465-0-cib-150x150.jpg 150w, https:\/\/www.cosmepak.com\/wp-content\/uploads\/2025\/03\/O1CN01zlg5xb2511jdryMLr_2541887465-0-cib-768x768.jpg 768w, https:\/\/www.cosmepak.com\/wp-content\/uploads\/2025\/03\/O1CN01zlg5xb2511jdryMLr_2541887465-0-cib-12x12.jpg 12w, https:\/\/www.cosmepak.com\/wp-content\/uploads\/2025\/03\/O1CN01zlg5xb2511jdryMLr_2541887465-0-cib-600x600.jpg 600w, https:\/\/www.cosmepak.com\/wp-content\/uploads\/2025\/03\/O1CN01zlg5xb2511jdryMLr_2541887465-0-cib-100x100.jpg 100w\" sizes=\"(max-width: 1000px) 100vw, 1000px\" \/><\/td>\n<td style=\"width: 33.122%; height: 24px; text-align: center;\">Marque<\/td>\n<td style=\"width: 33.5446%; height: 24px; text-align: center;\">Jaunce<\/td>\n<\/tr>\n<tr style=\"height: 24px;\">\n<td style=\"width: 33.122%; height: 24px; text-align: center;\">Mod\u00e8le<\/td>\n<td style=\"width: 33.5446%; height: 24px; text-align: center;\">JH-XBT229<\/td>\n<\/tr>\n<tr style=\"height: 24px;\">\n<td style=\"width: 33.122%; height: 24px; text-align: center;\">Capcience<\/td>\n<td style=\"width: 33.5446%; height: 24px; text-align: center;\">30 ml<\/td>\n<\/tr>\n<tr style=\"height: 24px;\">\n<td style=\"width: 33.122%; height: 24px; text-align: center;\">Pompe<\/td>\n<td style=\"width: 33.5446%; height: 24px; text-align: center;\">Pompe<\/td>\n<\/tr>\n<tr style=\"height: 24px;\">\n<td style=\"width: 33.122%; height: 24px; text-align: center;\">Mat\u00e9riel<\/td>\n<td style=\"width: 33.5446%; height: 24px; text-align: center;\">Verre<\/td>\n<\/tr>\n<\/tbody>\n<\/table>\n<table style=\"border-collapse: collapse; width: 100%;\">\n<tbody>\n<tr style=\"height: 24px;\">\n<td style=\"width: 15.8763%; text-align: center; height: 24px;\"><strong>Capacit\u00e9<\/strong><\/td>\n<td style=\"width: 17.1363%; text-align: center; height: 24px;\"><strong>Hauteur totale<\/strong><\/td>\n<td style=\"width: 14.4673%; text-align: center; height: 24px;\"><strong>Dia<\/strong><\/td>\n<\/tr>\n<tr style=\"height: 24px;\">\n<td style=\"width: 15.8763%; text-align: center; height: 24px;\">30 ml<\/td>\n<td style=\"width: 17.1363%; text-align: center; height: 24px;\">99.6mm<\/td>\n<td style=\"width: 14.4673%; text-align: center; height: 24px;\">49 mm<\/td>\n<\/tr>\n<\/tbody>\n<\/table>\n<p>This is a flat-shaped glass bottle with a classic round shoulder design. The flat square base makes the bottle more stable and less likely to tip over. The round shoulder design also makes the lines less harsh.<\/p>\n<p>The solid blue spray finish combined with the same blue spherical outer cover gives a more harmonious overall effect.The surface of the bottle has been finely treated, giving it a silky smooth and delicate texture, providing a comfortable grip experience.<\/p>\n<p>This bottle not only comes in the blue color option, but we can also spray it according to Pantone color codes. Besides the glossy and matte finishes, we can also offer color-translucent, semi-translucent, etc. for the bottle&#8217;s appearance.<br \/>\nThe bottle body can not only be customized in color, but also feature special logo text designs for printing, which fully aligns with the brand design concept. Of course, we also offer services such as labeling and gold stamping for the bottle bodies.<\/p>\n<p>La bouche de la bouteille est sp\u00e9cialement con\u00e7ue avec une structure filet\u00e9e, ce qui rend le processus de remplissage plus lisse et plus efficace, emp\u00eachant efficacement la fuite de liquide pendant le remplissage. En m\u00eame temps, une conception d'\u00e9tanch\u00e9it\u00e9 rotative est adopt\u00e9e, et apr\u00e8s serrage, les performances d'\u00e9tanch\u00e9it\u00e9 sont excellentes, capables de verrouiller fermement le liquide \u00e0 l'int\u00e9rieur de la bouteille, emp\u00eachant efficacement les probl\u00e8mes de fuite et assurant la s\u00e9curit\u00e9 du stockage et du transport. La conception correspondante de la t\u00eate de pompe de pressage permet un contr\u00f4le pr\u00e9cis du volume. La sortie de liquide par presse est stable, \u00e9vitant le gaspillage de liquide et rendant le processus d'utilisation plus pratique et sans soucis, r\u00e9alisant vraiment l'int\u00e9gration parfaite de praticit\u00e9 et d'esth\u00e9tique.<\/p>\n<p>Overall, this is a delicate and compact foundation liquid bottle. Whether for business trips or for touch-ups at the office, it is of the right size and suitable for carrying around. If you are interested, please leave your contact information or send us an email for further inquiry.<\/p>\n<table style=\"border-collapse: collapse; width: 100%;\">\n<tbody>\n<tr>\n<td style=\"width: 50%;\"><img decoding=\"async\" class=\"alignnone size-full wp-image-3901\" src=\"https:\/\/www.cosmepak.com\/wp-content\/uploads\/2025\/03\/11-7.jpg\" alt=\"\" width=\"1000\" height=\"1000\" srcset=\"https:\/\/www.cosmepak.com\/wp-content\/uploads\/2025\/03\/11-7.jpg 1000w, https:\/\/www.cosmepak.com\/wp-content\/uploads\/2025\/03\/11-7-300x300.jpg 300w, https:\/\/www.cosmepak.com\/wp-content\/uploads\/2025\/03\/11-7-150x150.jpg 150w, https:\/\/www.cosmepak.com\/wp-content\/uploads\/2025\/03\/11-7-768x768.jpg 768w, https:\/\/www.cosmepak.com\/wp-content\/uploads\/2025\/03\/11-7-12x12.jpg 12w, https:\/\/www.cosmepak.com\/wp-content\/uploads\/2025\/03\/11-7-600x600.jpg 600w, https:\/\/www.cosmepak.com\/wp-content\/uploads\/2025\/03\/11-7-100x100.jpg 100w\" sizes=\"(max-width: 1000px) 100vw, 1000px\" \/><\/td>\n<td style=\"width: 50%;\"><img decoding=\"async\" class=\"alignnone size-full wp-image-3902\" src=\"https:\/\/www.cosmepak.com\/wp-content\/uploads\/2025\/03\/31.jpg\" alt=\"\" width=\"1000\" height=\"1000\" srcset=\"https:\/\/www.cosmepak.com\/wp-content\/uploads\/2025\/03\/31.jpg 1000w, https:\/\/www.cosmepak.com\/wp-content\/uploads\/2025\/03\/31-300x300.jpg 300w, https:\/\/www.cosmepak.com\/wp-content\/uploads\/2025\/03\/31-150x150.jpg 150w, https:\/\/www.cosmepak.com\/wp-content\/uploads\/2025\/03\/31-768x768.jpg 768w, https:\/\/www.cosmepak.com\/wp-content\/uploads\/2025\/03\/31-12x12.jpg 12w, https:\/\/www.cosmepak.com\/wp-content\/uploads\/2025\/03\/31-600x600.jpg 600w, https:\/\/www.cosmepak.com\/wp-content\/uploads\/2025\/03\/31-100x100.jpg 100w\" sizes=\"(max-width: 1000px) 100vw, 1000px\" \/><\/td>\n<\/tr>\n<\/tbody>\n<\/table>","protected":false},"excerpt":{"rendered":"<p>Mat\u00e9riau en bouteille: verre<\/p>\n<p>Forme: rond<\/p>\n<p>Casquette: capuchon de balle<\/p>\n<p>Capacit\u00e9: 30 ml<\/p>\n<p>Pompe: pompe de lotion<\/p>\n<p>Couleur: personnalis\u00e9e (n'importe quelle couleur Pantone Avaliable)<\/p>\n<p>Finition de surface: impression d'\u00e9cran, gla\u00e7age, estampage chaud, gradient de pulv\u00e9risation, finition mate, etc.<\/p>\n<p>MOQ: 5000pcs;<\/p>\n<p>&nbsp;<\/p>","protected":false},"featured_media":3904,"comment_status":"open","ping_status":"closed","template":"","meta":{"_acf_changed":false},"product_brand":[],"product_cat":[34],"product_tag":[],"class_list":{"0":"post-1638","1":"product","2":"type-product","3":"status-publish","4":"has-post-thumbnail","6":"product_cat-foundation-bottle","8":"first","9":"outofstock","10":"shipping-taxable","11":"product-type-simple"},"acf":[],"_links":{"self":[{"href":"https:\/\/www.cosmepak.com\/fr\/wp-json\/wp\/v2\/product\/1638","targetHints":{"allow":["GET"]}}],"collection":[{"href":"https:\/\/www.cosmepak.com\/fr\/wp-json\/wp\/v2\/product"}],"about":[{"href":"https:\/\/www.cosmepak.com\/fr\/wp-json\/wp\/v2\/types\/product"}],"replies":[{"embeddable":true,"href":"https:\/\/www.cosmepak.com\/fr\/wp-json\/wp\/v2\/comments?post=1638"}],"wp:featuredmedia":[{"embeddable":true,"href":"https:\/\/www.cosmepak.com\/fr\/wp-json\/wp\/v2\/media\/3904"}],"wp:attachment":[{"href":"https:\/\/www.cosmepak.com\/fr\/wp-json\/wp\/v2\/media?parent=1638"}],"wp:term":[{"taxonomy":"product_brand","embeddable":true,"href":"https:\/\/www.cosmepak.com\/fr\/wp-json\/wp\/v2\/product_brand?post=1638"},{"taxonomy":"product_cat","embeddable":true,"href":"https:\/\/www.cosmepak.com\/fr\/wp-json\/wp\/v2\/product_cat?post=1638"},{"taxonomy":"product_tag","embeddable":true,"href":"https:\/\/www.cosmepak.com\/fr\/wp-json\/wp\/v2\/product_tag?post=1638"}],"curies":[{"name":"WP","href":"https:\/\/api.w.org\/{rel}","templated":true}]}}