{"id":1643,"date":"2025-03-31T14:12:43","date_gmt":"2025-03-31T06:12:43","guid":{"rendered":"https:\/\/www.cosmepak.com\/?post_type=product&#038;p=1643"},"modified":"2026-01-05T15:36:59","modified_gmt":"2026-01-05T07:36:59","slug":"bouteille-de-fondation-transparente-de-30ml-avec-bouchon-jaune","status":"publish","type":"product","link":"https:\/\/www.cosmepak.com\/fr\/product\/30ml-transaparent-foundation-bottle-with-ball-cap-jaunce\/","title":{"rendered":"Bouteille de fondation Transaparent 30ml avec bouchon \u00e0 bille\/Jaunce"},"content":{"rendered":"<table style=\"border-collapse: collapse; width: 100%; height: 144px;\">\n<tbody>\n<tr style=\"height: 24px;\">\n<td style=\"width: 33.3333%; height: 144px;\" rowspan=\"6\"><img fetchpriority=\"high\" decoding=\"async\" class=\"alignnone size-full wp-image-1642\" src=\"https:\/\/www.cosmepak.com\/wp-content\/uploads\/2025\/03\/O1CN01I5gvtj2L5AxiKYvVQ_974269640-0-cib-1.jpg\" alt=\"flacon de fond de teint\" width=\"1000\" height=\"1000\" srcset=\"https:\/\/www.cosmepak.com\/wp-content\/uploads\/2025\/03\/O1CN01I5gvtj2L5AxiKYvVQ_974269640-0-cib-1.jpg 1000w, https:\/\/www.cosmepak.com\/wp-content\/uploads\/2025\/03\/O1CN01I5gvtj2L5AxiKYvVQ_974269640-0-cib-1-300x300.jpg 300w, https:\/\/www.cosmepak.com\/wp-content\/uploads\/2025\/03\/O1CN01I5gvtj2L5AxiKYvVQ_974269640-0-cib-1-150x150.jpg 150w, https:\/\/www.cosmepak.com\/wp-content\/uploads\/2025\/03\/O1CN01I5gvtj2L5AxiKYvVQ_974269640-0-cib-1-768x768.jpg 768w, https:\/\/www.cosmepak.com\/wp-content\/uploads\/2025\/03\/O1CN01I5gvtj2L5AxiKYvVQ_974269640-0-cib-1-600x600.jpg 600w, https:\/\/www.cosmepak.com\/wp-content\/uploads\/2025\/03\/O1CN01I5gvtj2L5AxiKYvVQ_974269640-0-cib-1-100x100.jpg 100w\" sizes=\"(max-width: 1000px) 100vw, 1000px\" \/><\/td>\n<td style=\"width: 33.122%; height: 24px; text-align: center;\">Marque<\/td>\n<td style=\"width: 33.5446%; height: 24px; text-align: center;\">Jaunce<\/td>\n<\/tr>\n<tr style=\"height: 24px;\">\n<td style=\"width: 33.122%; height: 24px; text-align: center;\">Mod\u00e8le<\/td>\n<td style=\"width: 33.5446%; height: 24px; text-align: center;\">JH-Phf191<\/td>\n<\/tr>\n<tr style=\"height: 24px;\">\n<td style=\"width: 33.122%; height: 24px; text-align: center;\">Capcience<\/td>\n<td style=\"width: 33.5446%; height: 24px; text-align: center;\">30 ml<\/td>\n<\/tr>\n<tr style=\"height: 24px;\">\n<td style=\"width: 33.122%; height: 24px; text-align: center;\">Cou<\/td>\n<td style=\"width: 33.5446%; height: 24px; text-align: center;\">18 mm<\/td>\n<\/tr>\n<tr style=\"height: 24px;\">\n<td style=\"width: 33.122%; height: 24px; text-align: center;\">Pompe<\/td>\n<td style=\"width: 33.5446%; height: 24px; text-align: center;\">Pompe<\/td>\n<\/tr>\n<tr style=\"height: 24px;\">\n<td style=\"width: 33.122%; height: 24px; text-align: center;\">Mat\u00e9riel<\/td>\n<td style=\"width: 33.5446%; height: 24px; text-align: center;\">Verre<\/td>\n<\/tr>\n<\/tbody>\n<\/table>\n<p>Bouteille d'emballage de fond de teint en verre de forme de 30 ml de luxe, personnalisation acceptable.<\/p>\n<table style=\"border-collapse: collapse; width: 100%;\">\n<tbody>\n<tr style=\"height: 24px;\">\n<td style=\"width: 15.8763%; text-align: center; height: 24px;\"><strong>Capacit\u00e9<\/strong><\/td>\n<td style=\"width: 17.5945%; text-align: center; height: 24px;\"><strong>Hauteur d'\u00e9paule<\/strong><\/td>\n<td style=\"width: 17.1363%; text-align: center; height: 24px;\"><strong>Hauteur totale<\/strong><\/td>\n<td style=\"width: 14.4673%; text-align: center; height: 24px;\"><strong>Dia<\/strong><\/td>\n<td style=\"width: 14.9256%; text-align: center;\"><strong>\u00a0Diam\u00e8tre du capuchon<\/strong><\/td>\n<\/tr>\n<tr style=\"height: 24px;\">\n<td style=\"width: 15.8763%; text-align: center; height: 24px;\">30 ml<\/td>\n<td style=\"width: 17.5945%; text-align: center; height: 24px;\">60 mm<\/td>\n<td style=\"width: 17.1363%; text-align: center; height: 24px;\">100.5mm<\/td>\n<td style=\"width: 14.4673%; text-align: center; height: 24px;\">39 mm<\/td>\n<td style=\"width: 14.9256%; text-align: center;\">40.5mm<\/td>\n<\/tr>\n<\/tbody>\n<\/table>\n<p class=\"ai-center-markdown-p\">Cette bouteille ronde de base en verre de 30ml est un design d'emballage hautement repr\u00e9sentatif, montrant \u00e9l\u00e9gance et sophistication. Ce sch\u00e9ma d'emballage est non seulement visuellement attrayant, mais offre \u00e9galement une excellente protection pour le produit. De plus, il offre diverses options de personnalisation pour r\u00e9pondre aux exigences uniques des marques de luxe.<\/p>\n<p>La bouteille contient 30 ml de base, ce qui la rend parfaite pour les cosm\u00e9tiques haut de gamme. Son verre de forme ronde offre un aspect intemporel et \u00e9l\u00e9gant, adapt\u00e9 aux produits de luxe. Il peut \u00eatre adapt\u00e9 de diverses mani\u00e8res pour s'aligner sur les exigences sp\u00e9cifiques de la marque.<\/p>\n<h3 id=\"benefits-of-customization\" class=\"ai-center-markdown-h3\">Avantages de la personnalisation<\/h3>\n<ul class=\"ai-center-markdown-ul\">\n<li class=\"ai-center-markdown-li\"><strong class=\"ai-center-markdown-strong\">Reconnaissance de marque<\/strong>L\u2019emballage personnalis\u00e9 aide \u00e0 cr\u00e9er une identit\u00e9 de marque distinctive, rendant le produit instantan\u00e9ment reconnaissable.<\/li>\n<li class=\"ai-center-markdown-li\"><strong class=\"ai-center-markdown-strong\">Appel client<\/strong>L\u2019emballage luxueux et unique attire les clients exigeants et am\u00e9liore leur exp\u00e9rience globale.<\/li>\n<li class=\"ai-center-markdown-li\"><strong class=\"ai-center-markdown-strong\">Avantages fonctionnels<\/strong>La personnalisation peut am\u00e9liorer la fonctionnalit\u00e9 de l'emballage, le rendant plus convivial et efficace.<\/li>\n<\/ul>\n<p><img decoding=\"async\" class=\"alignnone wp-image-1640\" src=\"https:\/\/www.cosmepak.com\/wp-content\/uploads\/2025\/03\/O1CN015GBhtX2L5AxoWj2Vm_974269640-0-cib.jpg\" alt=\"flacon de fond de teint\" width=\"1412\" height=\"2141\" srcset=\"https:\/\/www.cosmepak.com\/wp-content\/uploads\/2025\/03\/O1CN015GBhtX2L5AxoWj2Vm_974269640-0-cib.jpg 750w, https:\/\/www.cosmepak.com\/wp-content\/uploads\/2025\/03\/O1CN015GBhtX2L5AxoWj2Vm_974269640-0-cib-198x300.jpg 198w, https:\/\/www.cosmepak.com\/wp-content\/uploads\/2025\/03\/O1CN015GBhtX2L5AxoWj2Vm_974269640-0-cib-675x1024.jpg 675w, https:\/\/www.cosmepak.com\/wp-content\/uploads\/2025\/03\/O1CN015GBhtX2L5AxoWj2Vm_974269640-0-cib-600x910.jpg 600w\" sizes=\"(max-width: 1412px) 100vw, 1412px\" \/> <img decoding=\"async\" class=\"alignnone wp-image-1641\" src=\"https:\/\/www.cosmepak.com\/wp-content\/uploads\/2025\/03\/O1CN01YKyctH2L5AxaAK1po_974269640-0-cib.jpg\" alt=\"\" width=\"1382\" height=\"1382\" srcset=\"https:\/\/www.cosmepak.com\/wp-content\/uploads\/2025\/03\/O1CN01YKyctH2L5AxaAK1po_974269640-0-cib.jpg 1000w, https:\/\/www.cosmepak.com\/wp-content\/uploads\/2025\/03\/O1CN01YKyctH2L5AxaAK1po_974269640-0-cib-300x300.jpg 300w, https:\/\/www.cosmepak.com\/wp-content\/uploads\/2025\/03\/O1CN01YKyctH2L5AxaAK1po_974269640-0-cib-150x150.jpg 150w, https:\/\/www.cosmepak.com\/wp-content\/uploads\/2025\/03\/O1CN01YKyctH2L5AxaAK1po_974269640-0-cib-768x768.jpg 768w, https:\/\/www.cosmepak.com\/wp-content\/uploads\/2025\/03\/O1CN01YKyctH2L5AxaAK1po_974269640-0-cib-600x600.jpg 600w, https:\/\/www.cosmepak.com\/wp-content\/uploads\/2025\/03\/O1CN01YKyctH2L5AxaAK1po_974269640-0-cib-100x100.jpg 100w\" sizes=\"(max-width: 1382px) 100vw, 1382px\" \/><\/p>\n<p>&nbsp;<\/p>\n<p>&nbsp;<\/p>","protected":false},"excerpt":{"rendered":"<p>Mat\u00e9riau en bouteille: verre<\/p>\n<p>Forme: rond<\/p>\n<p>Casquette: capuchon de balle<\/p>\n<p>Capacit\u00e9: 30 ml<\/p>\n<p>Pompe: pompe de lotion<\/p>\n<p>Couleur: personnalis\u00e9e (n'importe quelle couleur Pantone Avaliable)<\/p>\n<p>Finition de surface: impression d'\u00e9cran, gla\u00e7age, estampage chaud, gradient de pulv\u00e9risation, finition mate, etc.<\/p>\n<p>MOQ: 5000pcs;<\/p>\n<p>&nbsp;<\/p>","protected":false},"featured_media":1644,"comment_status":"closed","ping_status":"closed","template":"","meta":{"_acf_changed":false},"product_brand":[],"product_cat":[34],"product_tag":[],"class_list":{"0":"post-1643","1":"product","2":"type-product","3":"status-publish","4":"has-post-thumbnail","6":"product_cat-foundation-bottle","8":"first","9":"outofstock","10":"shipping-taxable","11":"product-type-simple"},"acf":[],"_links":{"self":[{"href":"https:\/\/www.cosmepak.com\/fr\/wp-json\/wp\/v2\/product\/1643","targetHints":{"allow":["GET"]}}],"collection":[{"href":"https:\/\/www.cosmepak.com\/fr\/wp-json\/wp\/v2\/product"}],"about":[{"href":"https:\/\/www.cosmepak.com\/fr\/wp-json\/wp\/v2\/types\/product"}],"replies":[{"embeddable":true,"href":"https:\/\/www.cosmepak.com\/fr\/wp-json\/wp\/v2\/comments?post=1643"}],"wp:featuredmedia":[{"embeddable":true,"href":"https:\/\/www.cosmepak.com\/fr\/wp-json\/wp\/v2\/media\/1644"}],"wp:attachment":[{"href":"https:\/\/www.cosmepak.com\/fr\/wp-json\/wp\/v2\/media?parent=1643"}],"wp:term":[{"taxonomy":"product_brand","embeddable":true,"href":"https:\/\/www.cosmepak.com\/fr\/wp-json\/wp\/v2\/product_brand?post=1643"},{"taxonomy":"product_cat","embeddable":true,"href":"https:\/\/www.cosmepak.com\/fr\/wp-json\/wp\/v2\/product_cat?post=1643"},{"taxonomy":"product_tag","embeddable":true,"href":"https:\/\/www.cosmepak.com\/fr\/wp-json\/wp\/v2\/product_tag?post=1643"}],"curies":[{"name":"WP","href":"https:\/\/api.w.org\/{rel}","templated":true}]}}