{"id":1645,"date":"2025-03-31T14:28:54","date_gmt":"2025-03-31T06:28:54","guid":{"rendered":"https:\/\/www.cosmepak.com\/?post_type=product&#038;p=1645"},"modified":"2026-01-05T15:25:29","modified_gmt":"2026-01-05T07:25:29","slug":"45ml-epaule-ronde-bouteille-de-base-en-verre-jaune","status":"publish","type":"product","link":"https:\/\/www.cosmepak.com\/fr\/product\/45ml-round-shoulder-glass-foundation-bottle-jaunce\/","title":{"rendered":"Bouteille de fondation en verre \u00e9paule ronde de 45ml \/ Jaunce"},"content":{"rendered":"<table style=\"border-collapse: collapse; width: 100%; height: 144px;\">\n<tbody>\n<tr style=\"height: 24px;\">\n<td style=\"width: 33.3333%; height: 144px;\" rowspan=\"6\"><img fetchpriority=\"high\" decoding=\"async\" class=\"alignnone size-full wp-image-1646\" src=\"https:\/\/www.cosmepak.com\/wp-content\/uploads\/2025\/03\/O1CN015C0pvv2L5ArLy7AeP_974269640-0-cib.jpg\" alt=\"flacon de fond de teint\" width=\"1000\" height=\"1000\" srcset=\"https:\/\/www.cosmepak.com\/wp-content\/uploads\/2025\/03\/O1CN015C0pvv2L5ArLy7AeP_974269640-0-cib.jpg 1000w, https:\/\/www.cosmepak.com\/wp-content\/uploads\/2025\/03\/O1CN015C0pvv2L5ArLy7AeP_974269640-0-cib-300x300.jpg 300w, https:\/\/www.cosmepak.com\/wp-content\/uploads\/2025\/03\/O1CN015C0pvv2L5ArLy7AeP_974269640-0-cib-150x150.jpg 150w, https:\/\/www.cosmepak.com\/wp-content\/uploads\/2025\/03\/O1CN015C0pvv2L5ArLy7AeP_974269640-0-cib-768x768.jpg 768w, https:\/\/www.cosmepak.com\/wp-content\/uploads\/2025\/03\/O1CN015C0pvv2L5ArLy7AeP_974269640-0-cib-600x600.jpg 600w, https:\/\/www.cosmepak.com\/wp-content\/uploads\/2025\/03\/O1CN015C0pvv2L5ArLy7AeP_974269640-0-cib-100x100.jpg 100w\" sizes=\"(max-width: 1000px) 100vw, 1000px\" \/><\/td>\n<td style=\"width: 33.122%; height: 24px; text-align: center;\">Marque<\/td>\n<td style=\"width: 33.5446%; height: 24px; text-align: center;\">Jaunce<\/td>\n<\/tr>\n<tr style=\"height: 24px;\">\n<td style=\"width: 33.122%; height: 24px; text-align: center;\">Mod\u00e8le<\/td>\n<td style=\"width: 33.5446%; height: 24px; text-align: center;\">Jh-phpc3684<\/td>\n<\/tr>\n<tr style=\"height: 24px;\">\n<td style=\"width: 33.122%; height: 24px; text-align: center;\">Capcience<\/td>\n<td style=\"width: 33.5446%; height: 24px; text-align: center;\">45 ml<\/td>\n<\/tr>\n<tr style=\"height: 24px;\">\n<td style=\"width: 33.122%; height: 24px; text-align: center;\">Forme<\/td>\n<td style=\"width: 33.5446%; height: 24px; text-align: center;\">\u00c9paule rond<\/td>\n<\/tr>\n<tr style=\"height: 24px;\">\n<td style=\"width: 33.122%; height: 24px; text-align: center;\">Pompe<\/td>\n<td style=\"width: 33.5446%; height: 24px; text-align: center;\">Pompe<\/td>\n<\/tr>\n<tr style=\"height: 24px;\">\n<td style=\"width: 33.122%; height: 24px; text-align: center;\">Mat\u00e9riel<\/td>\n<td style=\"width: 33.5446%; height: 24px; text-align: center;\">Verre<\/td>\n<\/tr>\n<\/tbody>\n<\/table>\n<p>Bouteille d'emballage de fond de teint en verre de forme d'\u00e9paule ronde de 45 ml, personnalisation acceptable.<\/p>\n<table style=\"border-collapse: collapse; width: 100%;\">\n<tbody>\n<tr style=\"height: 24px;\">\n<td style=\"width: 15.8763%; text-align: center; height: 24px;\"><strong>Capacit\u00e9<\/strong><\/td>\n<td style=\"width: 17.5945%; text-align: center; height: 24px;\"><strong>Hauteur d'\u00e9paule<\/strong><\/td>\n<td style=\"width: 17.1363%; text-align: center; height: 24px;\"><strong>Hauteur totale<\/strong><\/td>\n<td style=\"width: 14.4673%; text-align: center; height: 24px;\"><strong>Dia<\/strong><\/td>\n<\/tr>\n<tr style=\"height: 24px;\">\n<td style=\"width: 15.8763%; text-align: center; height: 24px;\">45 ml<\/td>\n<td style=\"width: 17.5945%; text-align: center; height: 24px;\">71 mm<\/td>\n<td style=\"width: 17.1363%; text-align: center; height: 24px;\">118 mm<\/td>\n<td style=\"width: 14.4673%; text-align: center; height: 24px;\">41 mm<\/td>\n<\/tr>\n<\/tbody>\n<\/table>\n<p>&nbsp;<\/p>\n<p><img decoding=\"async\" class=\"alignnone wp-image-1647\" src=\"https:\/\/www.cosmepak.com\/wp-content\/uploads\/2025\/03\/O1CN01Dwvg1c2L5AunY01uh_974269640-0-cib.jpg\" alt=\"flacon de fond de teint\" width=\"1377\" height=\"1877\" srcset=\"https:\/\/www.cosmepak.com\/wp-content\/uploads\/2025\/03\/O1CN01Dwvg1c2L5AunY01uh_974269640-0-cib.jpg 999w, https:\/\/www.cosmepak.com\/wp-content\/uploads\/2025\/03\/O1CN01Dwvg1c2L5AunY01uh_974269640-0-cib-220x300.jpg 220w, https:\/\/www.cosmepak.com\/wp-content\/uploads\/2025\/03\/O1CN01Dwvg1c2L5AunY01uh_974269640-0-cib-751x1024.jpg 751w, https:\/\/www.cosmepak.com\/wp-content\/uploads\/2025\/03\/O1CN01Dwvg1c2L5AunY01uh_974269640-0-cib-768x1047.jpg 768w, https:\/\/www.cosmepak.com\/wp-content\/uploads\/2025\/03\/O1CN01Dwvg1c2L5AunY01uh_974269640-0-cib-600x818.jpg 600w\" sizes=\"(max-width: 1377px) 100vw, 1377px\" \/><\/p>\n<p class=\"ai-center-markdown-p\">Bouteille de fondation en verre en forme d'\u00e9paule ronde. Cette solution d'emballage offre non seulement une apparence \u00e9l\u00e9gante et \u00e9l\u00e9gante, mais assure \u00e9galement la s\u00e9curit\u00e9 et la pr\u00e9servation du produit. De plus, des options de personnalisation sont disponibles pour r\u00e9pondre aux besoins sp\u00e9cifiques de diff\u00e9rentes marques.<\/p>\n<p>Capacit\u00e9 45ml forme d'\u00e9paule ronde, ce qui le rend id\u00e9al pour la fondation products.it est fait de verre de haute qualit\u00e9, la bouteille assure la durabilit\u00e9 et une sensation de qualit\u00e9 sup\u00e9rieure et il peut \u00eatre personnalis\u00e9 de diverses mani\u00e8res pour r\u00e9pondre aux exigences uniques de diff\u00e9rentes marques.<\/p>\n<p>Le fond \u00e9pais et transparent de la bouteille ajoute non seulement \u00e0 la texture, mais le rend \u00e9galement robuste et durable. La bouche filet\u00e9e de la bouteille facilite le remplissage. Combin\u00e9 avec la pompe liquide noire, il est pratique \u00e0 utiliser. Il est \u00e9galement \u00e9quip\u00e9 d'un couvercle ext\u00e9rieur de la m\u00eame couleur (disponible en finition brillante ou mate).<\/p>\n<p>Nous prenons en charge diff\u00e9rentes finitions telles que mat, brillant ou gel\u00e9 peut \u00eatre appliqu\u00e9 \u00e0 la bouteille, et peut faire rev\u00eatement de couleur afin que vous puissiez choisir parmi une gamme de couleurs pour correspondre \u00e0 leur identit\u00e9 de marque.<\/p>\n<p>Cette bouteille peut \u00eatre jumel\u00e9e avec diff\u00e9rents designs de bouchons de bouteilles et dispositifs de pompe pour votre choix.<\/p>\n<p>L'emballage personnalis\u00e9 aide \u00e0 cr\u00e9er une identit\u00e9 de marque distincte, rendant le produit facilement reconnaissable. Un emballage unique et attrayant peut attirer l'attention des clients potentiels et am\u00e9liorer leur exp\u00e9rience d'achat.<\/p>\n<p>&nbsp;<\/p>","protected":false},"excerpt":{"rendered":"<p>Mat\u00e9riau en bouteille: verre<\/p>\n<p>Forme: type d'\u00e9paule rond<\/p>\n<p>Capacit\u00e9: 45 ml<\/p>\n<p>Pompe: pompe de lotion<\/p>\n<p>Couleur: personnalis\u00e9e (n'importe quelle couleur Pantone Avaliable)<\/p>\n<p>Finition de surface: impression d'\u00e9cran, gla\u00e7age, estampage chaud, gradient de pulv\u00e9risation, finition mate, etc.<\/p>\n<p>MOQ: 5000pcs;<\/p>\n<p>&nbsp;<\/p>","protected":false},"featured_media":1648,"comment_status":"closed","ping_status":"closed","template":"","meta":{"_acf_changed":false},"product_brand":[],"product_cat":[34],"product_tag":[],"class_list":{"0":"post-1645","1":"product","2":"type-product","3":"status-publish","4":"has-post-thumbnail","6":"product_cat-foundation-bottle","8":"first","9":"outofstock","10":"shipping-taxable","11":"product-type-simple"},"acf":[],"_links":{"self":[{"href":"https:\/\/www.cosmepak.com\/fr\/wp-json\/wp\/v2\/product\/1645","targetHints":{"allow":["GET"]}}],"collection":[{"href":"https:\/\/www.cosmepak.com\/fr\/wp-json\/wp\/v2\/product"}],"about":[{"href":"https:\/\/www.cosmepak.com\/fr\/wp-json\/wp\/v2\/types\/product"}],"replies":[{"embeddable":true,"href":"https:\/\/www.cosmepak.com\/fr\/wp-json\/wp\/v2\/comments?post=1645"}],"wp:featuredmedia":[{"embeddable":true,"href":"https:\/\/www.cosmepak.com\/fr\/wp-json\/wp\/v2\/media\/1648"}],"wp:attachment":[{"href":"https:\/\/www.cosmepak.com\/fr\/wp-json\/wp\/v2\/media?parent=1645"}],"wp:term":[{"taxonomy":"product_brand","embeddable":true,"href":"https:\/\/www.cosmepak.com\/fr\/wp-json\/wp\/v2\/product_brand?post=1645"},{"taxonomy":"product_cat","embeddable":true,"href":"https:\/\/www.cosmepak.com\/fr\/wp-json\/wp\/v2\/product_cat?post=1645"},{"taxonomy":"product_tag","embeddable":true,"href":"https:\/\/www.cosmepak.com\/fr\/wp-json\/wp\/v2\/product_tag?post=1645"}],"curies":[{"name":"WP","href":"https:\/\/api.w.org\/{rel}","templated":true}]}}