{"id":1649,"date":"2025-03-31T14:49:12","date_gmt":"2025-03-31T06:49:12","guid":{"rendered":"https:\/\/www.cosmepak.com\/?post_type=product&#038;p=1649"},"modified":"2025-11-07T16:54:29","modified_gmt":"2025-11-07T08:54:29","slug":"30ml-pe-tube-demballage-cosmetique-jaune","status":"publish","type":"product","link":"https:\/\/www.cosmepak.com\/fr\/product\/30ml-pe-cosmetic-packaging-tube-jaunce\/","title":{"rendered":"Tube\/Jaunce d'emballage cosm\u00e9tique de PE de 60ml"},"content":{"rendered":"<table style=\"border-collapse: collapse; width: 100%; height: 144px;\">\n<tbody>\n<tr style=\"height: 24px;\">\n<td style=\"width: 33.3333%; height: 144px;\" rowspan=\"6\"><img fetchpriority=\"high\" decoding=\"async\" class=\"alignnone size-full wp-image-2876\" src=\"https:\/\/www.cosmepak.com\/wp-content\/uploads\/2025\/03\/\u4e3b\u56fe-5.jpg\" alt=\"\" width=\"800\" height=\"800\" srcset=\"https:\/\/www.cosmepak.com\/wp-content\/uploads\/2025\/03\/\u4e3b\u56fe-5.jpg 800w, https:\/\/www.cosmepak.com\/wp-content\/uploads\/2025\/03\/\u4e3b\u56fe-5-300x300.jpg 300w, https:\/\/www.cosmepak.com\/wp-content\/uploads\/2025\/03\/\u4e3b\u56fe-5-150x150.jpg 150w, https:\/\/www.cosmepak.com\/wp-content\/uploads\/2025\/03\/\u4e3b\u56fe-5-768x768.jpg 768w, https:\/\/www.cosmepak.com\/wp-content\/uploads\/2025\/03\/\u4e3b\u56fe-5-12x12.jpg 12w, https:\/\/www.cosmepak.com\/wp-content\/uploads\/2025\/03\/\u4e3b\u56fe-5-600x600.jpg 600w, https:\/\/www.cosmepak.com\/wp-content\/uploads\/2025\/03\/\u4e3b\u56fe-5-100x100.jpg 100w\" sizes=\"(max-width: 800px) 100vw, 800px\" \/><\/td>\n<td style=\"width: 33.122%; height: 24px; text-align: center;\">Marque<\/td>\n<td style=\"width: 33.5446%; height: 24px; text-align: center;\">Jaunce<\/td>\n<\/tr>\n<tr style=\"height: 24px;\">\n<td style=\"width: 33.122%; height: 24px; text-align: center;\">Mod\u00e8le<\/td>\n<td style=\"width: 33.5446%; height: 24px; text-align: center;\">JH-LW9622<\/td>\n<\/tr>\n<tr style=\"height: 24px;\">\n<td style=\"width: 33.122%; height: 24px; text-align: center;\">Capcience<\/td>\n<td style=\"width: 33.5446%; height: 24px; text-align: center;\">60 ml<\/td>\n<\/tr>\n<tr style=\"height: 24px;\">\n<td style=\"width: 33.122%; height: 24px; text-align: center;\">Couleur<\/td>\n<td style=\"width: 33.5446%; height: 24px; text-align: center;\">Jaune, bleu, rose<\/td>\n<\/tr>\n<tr style=\"height: 24px;\">\n<td style=\"width: 33.122%; height: 24px; text-align: center;\">Capuchon<\/td>\n<td style=\"width: 33.5446%; height: 24px; text-align: center;\">PP Flip Cap<\/td>\n<\/tr>\n<tr style=\"height: 24px;\">\n<td style=\"width: 33.122%; height: 24px; text-align: center;\">Mat\u00e9riau de tube<\/td>\n<td style=\"width: 33.5446%; height: 24px; text-align: center;\">Pe<\/td>\n<\/tr>\n<\/tbody>\n<\/table>\n<table style=\"border-collapse: collapse; width: 100%;\">\n<tbody>\n<tr style=\"height: 24px;\">\n<td style=\"width: 10.349%; text-align: center; height: 24px;\"><strong>Capacit\u00e9<\/strong><\/td>\n<td style=\"width: 10.7582%; text-align: center; height: 24px;\"><strong>Hauteur totale<\/strong><\/td>\n<td style=\"width: 12.509%; text-align: center; height: 24px;\"><strong>Hauteur de bouteille<\/strong><\/td>\n<td style=\"width: 11.4908%; text-align: center; height: 24px;\"><strong>Hauteur imprimable<\/strong><\/td>\n<td style=\"width: 10.7503%; text-align: center;\"><strong>Diam\u00e8tre de la pompe<\/strong><\/td>\n<td style=\"width: 9.21676%; text-align: center;\"><strong>Poids<\/strong><\/td>\n<\/tr>\n<tr style=\"height: 24px;\">\n<td style=\"width: 10.349%; text-align: center; height: 24px;\">60 ml<\/td>\n<td style=\"width: 10.7582%; text-align: center; height: 24px;\">110 mm<\/td>\n<td style=\"width: 12.509%; text-align: center; height: 24px;\">102 mm<\/td>\n<td style=\"width: 11.4908%; text-align: center; height: 24px;\">72 mm<\/td>\n<td style=\"width: 10.7503%; text-align: center;\">49 mm<\/td>\n<td style=\"width: 9.21676%; text-align: center;\">16g<\/td>\n<\/tr>\n<\/tbody>\n<\/table>\n<p>Les combinaisons de couleurs diverses et la division claire des fonctions rendent cet ensemble \u00e0 la fois pratique et d\u00e9coratif. La bouteille jaune peut \u00eatre utilis\u00e9e pour des contenants s\u00e9par\u00e9s de nettoyant du visage, la bouteille rose pour le lavage du corps et la bouteille bleue pour le conditionneur de cheveux. La m\u00e9thode de distinction simple \u00e9limine la confusion lors de l'utilisation. Que ce soit plac\u00e9 dans un sac de toilette de voyage ou plac\u00e9 sur le comptoir de la salle de bain d'un h\u00f4tel, les couleurs macaroon vives peuvent apporter une humeur agr\u00e9able pendant l'utilisation et devenir un petit paysage rafra\u00eechissant pendant le voyage.<\/p>\n<p>Cette bouteille de distribution portable de 60 ml est sp\u00e9cialement con\u00e7ue pour les sc\u00e9narios de voyage \u00e0 court terme. Il est compact en taille et ne prend pas beaucoup d'espace pour bagages. Il peut \u00eatre facilement inclus dans des sacs de maquillage, des valises et d'autres types d'\u00e9quipement de voyage, ce qui rend votre stockage de voyage plus raffin\u00e9 et organis\u00e9.<br \/>\nEn termes de design d'apparence, le produit offre trois couleurs vives: jaune, rose et bleu. Non seulement il a l'air frais et vivant, mais il rend \u00e9galement plus facile de distinguer diff\u00e9rentes utilisations &#8211; il peut \u00eatre utilis\u00e9 pour stocker s\u00e9par\u00e9ment le nettoyant du visage, la lotion corporelle, le conditionneur de cheveux, etc., les produits de soins personnels, \u00e9vitant la confusion lors de l'utilisation et rendant le stockage plus ordonn\u00e9.<br \/>\nLes caract\u00e9ristiques essentielles de la conception sont abondantes, r\u00e9pondant \u00e0 de multiples besoins du point de vue de l'exp\u00e9rience d'utilisation: la conception anti-fuite du flip-top assure un haut degr\u00e9 d'ajustement entre le couvercle et la bouche de la bouteille, rendant l'ouverture facile et pratique. M\u00eame lorsqu'il est invers\u00e9 ou plac\u00e9 dans une valise et pouss\u00e9, il peut efficacement emp\u00eacher les fuites de liquide, gardant les bagages secs. La conception de la bouteille \u00e0 grand al\u00e9sage r\u00e9duit consid\u00e9rablement la difficult\u00e9 de remplissage, rendant moins susceptible de se d\u00e9verser lors du versement de produits de soins personnels, ce qui est pratique et efficace. Il est \u00e9galement associ\u00e9 \u00e0 un mat\u00e9riau de tuyau flexible, ce qui permet de presser et de contr\u00f4ler facilement la sortie de liquide, \u00e9vitant les gaspillages et assurant une utilisation douce et confortable \u00e0 chaque fois.<\/p>\n<p>&nbsp;<\/p>\n<p>&nbsp;<\/p>\n<p><img decoding=\"async\" class=\"size-full wp-image-2877 aligncenter\" src=\"https:\/\/www.cosmepak.com\/wp-content\/uploads\/2025\/03\/\u8be6\u60c5-4.jpg\" alt=\"\" width=\"1000\" height=\"1000\" srcset=\"https:\/\/www.cosmepak.com\/wp-content\/uploads\/2025\/03\/\u8be6\u60c5-4.jpg 1000w, https:\/\/www.cosmepak.com\/wp-content\/uploads\/2025\/03\/\u8be6\u60c5-4-300x300.jpg 300w, https:\/\/www.cosmepak.com\/wp-content\/uploads\/2025\/03\/\u8be6\u60c5-4-150x150.jpg 150w, https:\/\/www.cosmepak.com\/wp-content\/uploads\/2025\/03\/\u8be6\u60c5-4-768x768.jpg 768w, https:\/\/www.cosmepak.com\/wp-content\/uploads\/2025\/03\/\u8be6\u60c5-4-12x12.jpg 12w, https:\/\/www.cosmepak.com\/wp-content\/uploads\/2025\/03\/\u8be6\u60c5-4-600x600.jpg 600w, https:\/\/www.cosmepak.com\/wp-content\/uploads\/2025\/03\/\u8be6\u60c5-4-100x100.jpg 100w\" sizes=\"(max-width: 1000px) 100vw, 1000px\" \/><\/p>\n<p><img decoding=\"async\" class=\"size-full wp-image-2878 aligncenter\" src=\"https:\/\/www.cosmepak.com\/wp-content\/uploads\/2025\/03\/11-3.jpg\" alt=\"\" width=\"1000\" height=\"1295\" srcset=\"https:\/\/www.cosmepak.com\/wp-content\/uploads\/2025\/03\/11-3.jpg 1000w, https:\/\/www.cosmepak.com\/wp-content\/uploads\/2025\/03\/11-3-232x300.jpg 232w, https:\/\/www.cosmepak.com\/wp-content\/uploads\/2025\/03\/11-3-791x1024.jpg 791w, https:\/\/www.cosmepak.com\/wp-content\/uploads\/2025\/03\/11-3-768x995.jpg 768w, https:\/\/www.cosmepak.com\/wp-content\/uploads\/2025\/03\/11-3-9x12.jpg 9w, https:\/\/www.cosmepak.com\/wp-content\/uploads\/2025\/03\/11-3-600x777.jpg 600w\" sizes=\"(max-width: 1000px) 100vw, 1000px\" \/><\/p>\n<table style=\"border-collapse: collapse; width: 100%;\">\n<tbody>\n<tr>\n<td style=\"width: 33.3333%;\"><img loading=\"lazy\" decoding=\"async\" class=\"alignnone size-full wp-image-2879\" src=\"https:\/\/www.cosmepak.com\/wp-content\/uploads\/2025\/03\/1-2-1.jpg\" alt=\"\" width=\"1000\" height=\"1000\" srcset=\"https:\/\/www.cosmepak.com\/wp-content\/uploads\/2025\/03\/1-2-1.jpg 1000w, https:\/\/www.cosmepak.com\/wp-content\/uploads\/2025\/03\/1-2-1-300x300.jpg 300w, https:\/\/www.cosmepak.com\/wp-content\/uploads\/2025\/03\/1-2-1-150x150.jpg 150w, https:\/\/www.cosmepak.com\/wp-content\/uploads\/2025\/03\/1-2-1-768x768.jpg 768w, https:\/\/www.cosmepak.com\/wp-content\/uploads\/2025\/03\/1-2-1-12x12.jpg 12w, https:\/\/www.cosmepak.com\/wp-content\/uploads\/2025\/03\/1-2-1-600x600.jpg 600w, https:\/\/www.cosmepak.com\/wp-content\/uploads\/2025\/03\/1-2-1-100x100.jpg 100w\" sizes=\"(max-width: 1000px) 100vw, 1000px\" \/><\/td>\n<td style=\"width: 33.3333%;\"><img loading=\"lazy\" decoding=\"async\" class=\"alignnone size-full wp-image-2880\" src=\"https:\/\/www.cosmepak.com\/wp-content\/uploads\/2025\/03\/1-5-1.jpg\" alt=\"\" width=\"1000\" height=\"1000\" srcset=\"https:\/\/www.cosmepak.com\/wp-content\/uploads\/2025\/03\/1-5-1.jpg 1000w, https:\/\/www.cosmepak.com\/wp-content\/uploads\/2025\/03\/1-5-1-300x300.jpg 300w, https:\/\/www.cosmepak.com\/wp-content\/uploads\/2025\/03\/1-5-1-150x150.jpg 150w, https:\/\/www.cosmepak.com\/wp-content\/uploads\/2025\/03\/1-5-1-768x768.jpg 768w, https:\/\/www.cosmepak.com\/wp-content\/uploads\/2025\/03\/1-5-1-12x12.jpg 12w, https:\/\/www.cosmepak.com\/wp-content\/uploads\/2025\/03\/1-5-1-600x600.jpg 600w, https:\/\/www.cosmepak.com\/wp-content\/uploads\/2025\/03\/1-5-1-100x100.jpg 100w\" sizes=\"(max-width: 1000px) 100vw, 1000px\" \/><\/td>\n<td style=\"width: 33.3333%;\"><img loading=\"lazy\" decoding=\"async\" class=\"alignnone size-full wp-image-2881\" src=\"https:\/\/www.cosmepak.com\/wp-content\/uploads\/2025\/03\/1-4-1.jpg\" alt=\"\" width=\"1000\" height=\"1000\" srcset=\"https:\/\/www.cosmepak.com\/wp-content\/uploads\/2025\/03\/1-4-1.jpg 1000w, https:\/\/www.cosmepak.com\/wp-content\/uploads\/2025\/03\/1-4-1-300x300.jpg 300w, https:\/\/www.cosmepak.com\/wp-content\/uploads\/2025\/03\/1-4-1-150x150.jpg 150w, https:\/\/www.cosmepak.com\/wp-content\/uploads\/2025\/03\/1-4-1-768x768.jpg 768w, https:\/\/www.cosmepak.com\/wp-content\/uploads\/2025\/03\/1-4-1-12x12.jpg 12w, https:\/\/www.cosmepak.com\/wp-content\/uploads\/2025\/03\/1-4-1-600x600.jpg 600w, https:\/\/www.cosmepak.com\/wp-content\/uploads\/2025\/03\/1-4-1-100x100.jpg 100w\" sizes=\"(max-width: 1000px) 100vw, 1000px\" \/><\/td>\n<\/tr>\n<\/tbody>\n<\/table>\n<p>&nbsp;<\/p>\n<p>&nbsp;<\/p>\n<p>&nbsp;<\/p>\n<p>&nbsp;<\/p>","protected":false},"excerpt":{"rendered":"<p>Mat\u00e9riau de tube: PE<\/p>\n<p>Mat\u00e9riau de capuchon: PP<\/p>\n<p>Capacit\u00e9: 30 ml<\/p>\n<p>Type de capuchon: flip capuchon<\/p>\n<p>Couleur: personnalis\u00e9e (n'importe quelle couleur Pantone Avaliable)<\/p>\n<p>Finition de surface: impression d'\u00e9cran, gla\u00e7age, estampage chaud, gradient de pulv\u00e9risation, finition mate, etc.<\/p>\n<p>MOQ: 5000pcs;<\/p>\n<p>&nbsp;<\/p>","protected":false},"featured_media":2882,"comment_status":"closed","ping_status":"closed","template":"","meta":{"_acf_changed":false},"product_brand":[],"product_cat":[20],"product_tag":[],"class_list":{"0":"post-1649","1":"product","2":"type-product","3":"status-publish","4":"has-post-thumbnail","6":"product_cat-plastic-tube","8":"first","9":"outofstock","10":"shipping-taxable","11":"product-type-simple"},"acf":[],"_links":{"self":[{"href":"https:\/\/www.cosmepak.com\/fr\/wp-json\/wp\/v2\/product\/1649","targetHints":{"allow":["GET"]}}],"collection":[{"href":"https:\/\/www.cosmepak.com\/fr\/wp-json\/wp\/v2\/product"}],"about":[{"href":"https:\/\/www.cosmepak.com\/fr\/wp-json\/wp\/v2\/types\/product"}],"replies":[{"embeddable":true,"href":"https:\/\/www.cosmepak.com\/fr\/wp-json\/wp\/v2\/comments?post=1649"}],"wp:featuredmedia":[{"embeddable":true,"href":"https:\/\/www.cosmepak.com\/fr\/wp-json\/wp\/v2\/media\/2882"}],"wp:attachment":[{"href":"https:\/\/www.cosmepak.com\/fr\/wp-json\/wp\/v2\/media?parent=1649"}],"wp:term":[{"taxonomy":"product_brand","embeddable":true,"href":"https:\/\/www.cosmepak.com\/fr\/wp-json\/wp\/v2\/product_brand?post=1649"},{"taxonomy":"product_cat","embeddable":true,"href":"https:\/\/www.cosmepak.com\/fr\/wp-json\/wp\/v2\/product_cat?post=1649"},{"taxonomy":"product_tag","embeddable":true,"href":"https:\/\/www.cosmepak.com\/fr\/wp-json\/wp\/v2\/product_tag?post=1649"}],"curies":[{"name":"WP","href":"https:\/\/api.w.org\/{rel}","templated":true}]}}