{"id":1662,"date":"2025-04-01T10:19:41","date_gmt":"2025-04-01T02:19:41","guid":{"rendered":"https:\/\/www.cosmepak.com\/?post_type=product&#038;p=1662"},"modified":"2026-01-05T14:53:35","modified_gmt":"2026-01-05T06:53:35","slug":"100ml-creme-propre-visage-tube-jaune","status":"publish","type":"product","link":"https:\/\/www.cosmepak.com\/fr\/product\/100ml-face-clean-cream-tube-jaunce\/","title":{"rendered":"100ml Cr\u00e8me nettoyante visage Tube\/Jaunce"},"content":{"rendered":"<table style=\"border-collapse: collapse; width: 100%; height: 144px;\">\n<tbody>\n<tr style=\"height: 24px;\">\n<td style=\"width: 33.3333%; height: 144px;\" rowspan=\"6\"><img fetchpriority=\"high\" decoding=\"async\" class=\"alignnone size-full wp-image-1661\" src=\"https:\/\/www.cosmepak.com\/wp-content\/uploads\/2025\/04\/1.jpg\" alt=\"bouteille en plastique\" width=\"1000\" height=\"1000\" srcset=\"https:\/\/www.cosmepak.com\/wp-content\/uploads\/2025\/04\/1.jpg 1000w, https:\/\/www.cosmepak.com\/wp-content\/uploads\/2025\/04\/1-300x300.jpg 300w, https:\/\/www.cosmepak.com\/wp-content\/uploads\/2025\/04\/1-150x150.jpg 150w, https:\/\/www.cosmepak.com\/wp-content\/uploads\/2025\/04\/1-768x768.jpg 768w, https:\/\/www.cosmepak.com\/wp-content\/uploads\/2025\/04\/1-600x600.jpg 600w, https:\/\/www.cosmepak.com\/wp-content\/uploads\/2025\/04\/1-100x100.jpg 100w\" sizes=\"(max-width: 1000px) 100vw, 1000px\" \/><\/td>\n<td style=\"width: 33.122%; height: 24px; text-align: center;\">Marque<\/td>\n<td style=\"width: 33.5446%; height: 24px; text-align: center;\">Jaunce<\/td>\n<\/tr>\n<tr style=\"height: 24px;\">\n<td style=\"width: 33.122%; height: 24px; text-align: center;\">Mod\u00e8le<\/td>\n<td style=\"width: 33.5446%; height: 24px; text-align: center;\">Jh-lwmj20<\/td>\n<\/tr>\n<tr style=\"height: 24px;\">\n<td style=\"width: 33.122%; height: 24px; text-align: center;\">Capcience<\/td>\n<td style=\"width: 33.5446%; height: 24px; text-align: center;\">30ml \/ 60ml \/ 100ml<\/td>\n<\/tr>\n<tr style=\"height: 24px;\">\n<td style=\"width: 33.122%; height: 24px; text-align: center;\">Couleur<\/td>\n<td style=\"width: 33.5446%; height: 24px; text-align: center;\">Blanc<\/td>\n<\/tr>\n<tr style=\"height: 24px;\">\n<td style=\"width: 33.122%; height: 24px; text-align: center;\">Capuchon<\/td>\n<td style=\"width: 33.5446%; height: 24px; text-align: center;\">PP Flip Cap<\/td>\n<\/tr>\n<tr style=\"height: 24px;\">\n<td style=\"width: 33.122%; height: 24px; text-align: center;\">Mat\u00e9riau de tube<\/td>\n<td style=\"width: 33.5446%; height: 24px; text-align: center;\">Pe<\/td>\n<\/tr>\n<\/tbody>\n<\/table>\n<p>Ce tube mou cosm\u00e9tique PE est con\u00e7u pour une utilisation pratique de voyage. La conception du capuchon flip assure une distribution facile et \u00e9vite les fuites. Id\u00e9al pour stocker et distribuer le lavage du visage, la lotion, le shampooing et d'autres produits liquides ou semi-liquides. La taille compacte le rend parfait pour les voyages, la salle de sport ou l'utilisation quotidienne.<\/p>\n<table style=\"border-collapse: collapse; width: 100%;\">\n<tbody>\n<tr style=\"height: 24px;\">\n<td style=\"width: 10.349%; text-align: center; height: 24px;\"><strong>Capacit\u00e9<\/strong><\/td>\n<td style=\"width: 10.7582%; text-align: center; height: 24px;\"><strong>Hauteur totale<\/strong><\/td>\n<td style=\"width: 12.509%; text-align: center; height: 24px;\"><strong>Hauteur de bouteille<\/strong><\/td>\n<td style=\"width: 11.4908%; text-align: center; height: 24px;\"><strong>Hauteur imprimable<\/strong><\/td>\n<td style=\"width: 10.7503%; text-align: center;\"><strong>Diam\u00e8tre de la pompe<\/strong><\/td>\n<td style=\"width: 9.21676%; text-align: center;\"><strong>Poids<\/strong><\/td>\n<\/tr>\n<tr style=\"height: 24px;\">\n<td style=\"width: 10.349%; text-align: center; height: 24px;\">30 ml<\/td>\n<td style=\"width: 10.7582%; text-align: center; height: 24px;\">81 mm<\/td>\n<td style=\"width: 12.509%; text-align: center; height: 24px;\">71 mm<\/td>\n<td style=\"width: 11.4908%; text-align: center; height: 24px;\">52 mm<\/td>\n<td style=\"width: 10.7503%; text-align: center;\">32.5mm<\/td>\n<td style=\"width: 9.21676%; text-align: center;\">12g<\/td>\n<\/tr>\n<tr>\n<td style=\"width: 10.349%; text-align: center;\">60 ml<\/td>\n<td style=\"width: 10.7582%; text-align: center;\">114 mm<\/td>\n<td style=\"width: 12.509%; text-align: center;\">104 mm<\/td>\n<td style=\"width: 11.4908%; text-align: center;\">82 mm<\/td>\n<td style=\"width: 10.7503%; text-align: center;\">32.5mm<\/td>\n<td style=\"width: 9.21676%; text-align: center;\">15g<\/td>\n<\/tr>\n<tr>\n<td style=\"width: 10.349%; text-align: center;\">100 ml<\/td>\n<td style=\"width: 10.7582%; text-align: center;\">138 mm<\/td>\n<td style=\"width: 12.509%; text-align: center;\">126 mm<\/td>\n<td style=\"width: 11.4908%; text-align: center;\">97 mm<\/td>\n<td style=\"width: 10.7503%; text-align: center;\">37 mm<\/td>\n<td style=\"width: 9.21676%; text-align: center;\">22g<\/td>\n<\/tr>\n<\/tbody>\n<\/table>\n<p><img decoding=\"async\" class=\"alignnone wp-image-1655\" src=\"https:\/\/www.cosmepak.com\/wp-content\/uploads\/2025\/03\/10-4.jpg\" alt=\"\" width=\"1376\" height=\"1376\" srcset=\"https:\/\/www.cosmepak.com\/wp-content\/uploads\/2025\/03\/10-4.jpg 1000w, https:\/\/www.cosmepak.com\/wp-content\/uploads\/2025\/03\/10-4-300x300.jpg 300w, https:\/\/www.cosmepak.com\/wp-content\/uploads\/2025\/03\/10-4-150x150.jpg 150w, https:\/\/www.cosmepak.com\/wp-content\/uploads\/2025\/03\/10-4-768x768.jpg 768w, https:\/\/www.cosmepak.com\/wp-content\/uploads\/2025\/03\/10-4-600x600.jpg 600w, https:\/\/www.cosmepak.com\/wp-content\/uploads\/2025\/03\/10-4-100x100.jpg 100w\" sizes=\"(max-width: 1376px) 100vw, 1376px\" \/><\/p>\n<p>La conception \u00e9tanche garantit qu'il n'y a pas de d\u00e9versements dans votre sac<br \/>\nr\u00e9utilisable et facile \u00e0 nettoyer<br \/>\nTaille conforme \u00e0 la TSA pour bagages \u00e0 main<br \/>\nUtilisation polyvalente pour divers produits de soins personnels<\/p>\n<p><img decoding=\"async\" class=\"alignnone wp-image-1651\" src=\"https:\/\/www.cosmepak.com\/wp-content\/uploads\/2025\/03\/7-2.jpg\" alt=\"tube en plastique\" width=\"1387\" height=\"1387\" srcset=\"https:\/\/www.cosmepak.com\/wp-content\/uploads\/2025\/03\/7-2.jpg 1000w, https:\/\/www.cosmepak.com\/wp-content\/uploads\/2025\/03\/7-2-300x300.jpg 300w, https:\/\/www.cosmepak.com\/wp-content\/uploads\/2025\/03\/7-2-150x150.jpg 150w, https:\/\/www.cosmepak.com\/wp-content\/uploads\/2025\/03\/7-2-768x768.jpg 768w, https:\/\/www.cosmepak.com\/wp-content\/uploads\/2025\/03\/7-2-600x600.jpg 600w, https:\/\/www.cosmepak.com\/wp-content\/uploads\/2025\/03\/7-2-100x100.jpg 100w\" sizes=\"(max-width: 1387px) 100vw, 1387px\" \/>\u00a0<img loading=\"lazy\" decoding=\"async\" class=\"alignnone wp-image-1653\" src=\"https:\/\/www.cosmepak.com\/wp-content\/uploads\/2025\/03\/10-3.jpg\" alt=\"\" width=\"669\" height=\"669\" srcset=\"https:\/\/www.cosmepak.com\/wp-content\/uploads\/2025\/03\/10-3.jpg 1000w, https:\/\/www.cosmepak.com\/wp-content\/uploads\/2025\/03\/10-3-300x300.jpg 300w, https:\/\/www.cosmepak.com\/wp-content\/uploads\/2025\/03\/10-3-150x150.jpg 150w, https:\/\/www.cosmepak.com\/wp-content\/uploads\/2025\/03\/10-3-768x768.jpg 768w, https:\/\/www.cosmepak.com\/wp-content\/uploads\/2025\/03\/10-3-600x600.jpg 600w, https:\/\/www.cosmepak.com\/wp-content\/uploads\/2025\/03\/10-3-100x100.jpg 100w\" sizes=\"(max-width: 669px) 100vw, 669px\" \/>\u00a0<img loading=\"lazy\" decoding=\"async\" class=\"alignnone wp-image-1654\" src=\"https:\/\/www.cosmepak.com\/wp-content\/uploads\/2025\/03\/13195695861_624076099.jpg\" alt=\"\" width=\"668\" height=\"668\" srcset=\"https:\/\/www.cosmepak.com\/wp-content\/uploads\/2025\/03\/13195695861_624076099.jpg 1000w, https:\/\/www.cosmepak.com\/wp-content\/uploads\/2025\/03\/13195695861_624076099-300x300.jpg 300w, https:\/\/www.cosmepak.com\/wp-content\/uploads\/2025\/03\/13195695861_624076099-150x150.jpg 150w, https:\/\/www.cosmepak.com\/wp-content\/uploads\/2025\/03\/13195695861_624076099-768x768.jpg 768w, https:\/\/www.cosmepak.com\/wp-content\/uploads\/2025\/03\/13195695861_624076099-600x600.jpg 600w, https:\/\/www.cosmepak.com\/wp-content\/uploads\/2025\/03\/13195695861_624076099-100x100.jpg 100w\" sizes=\"(max-width: 668px) 100vw, 668px\" \/><\/p>\n<ul class=\"ai-center-markdown-ul\">\n<li class=\"ai-center-markdown-li\"><strong class=\"ai-center-markdown-strong\">Mat\u00e9riel :<\/strong>\u00a0PE de haute qualit\u00e9 (Poly\u00e9thyl\u00e8ne)<\/li>\n<li class=\"ai-center-markdown-li\"><strong class=\"ai-center-markdown-strong\">Conception :<\/strong>\u00a0Capuchon basculable pour une distribution facile et contr\u00f4l\u00e9e<\/li>\n<li class=\"ai-center-markdown-li\"><strong class=\"ai-center-markdown-strong\">Utilisation :<\/strong>\u00a0Convient pour le lavage du visage, la lotion, le shampooing et d'autres produits liquides ou semi-liquides<\/li>\n<li class=\"ai-center-markdown-li\"><strong class=\"ai-center-markdown-strong\">Portabilit\u00e9 :<\/strong>\u00a0Compact et l\u00e9ger, parfait pour les voyages et les d\u00e9placements<\/li>\n<li class=\"ai-center-markdown-li\" data-spm-anchor-id=\"a2747.product_manager.0.i33.726371d2Z87E7X\"><strong class=\"ai-center-markdown-strong\">Capacit\u00e9 :<\/strong>\u00a0Disponible en diff\u00e9rentes tailles pour r\u00e9pondre \u00e0 diff\u00e9rents besoins<\/li>\n<\/ul>\n<p>&nbsp;<\/p>\n<p>&nbsp;<\/p>","protected":false},"excerpt":{"rendered":"<p>Mat\u00e9riau du tube: mat\u00e9riau PE<\/p>\n<p>Mat\u00e9riau de capuchon: mat\u00e9riau PP<\/p>\n<p>Capacit\u00e9: 100 ml<\/p>\n<p>Type de capuchon: flip capuchon<\/p>\n<p>Couleur: personnalis\u00e9e (n'importe quelle couleur Pantone Avaliable)<\/p>\n<p>Finition de surface: impression d'\u00e9cran, gla\u00e7age, estampage chaud, gradient de pulv\u00e9risation, finition mate, etc.<\/p>\n<p>MOQ: 5000pcs;<\/p>\n<p>&nbsp;<\/p>","protected":false},"featured_media":1663,"comment_status":"closed","ping_status":"closed","template":"","meta":{"_acf_changed":false},"product_brand":[],"product_cat":[20],"product_tag":[],"class_list":{"0":"post-1662","1":"product","2":"type-product","3":"status-publish","4":"has-post-thumbnail","6":"product_cat-plastic-tube","8":"first","9":"outofstock","10":"shipping-taxable","11":"product-type-simple"},"acf":[],"_links":{"self":[{"href":"https:\/\/www.cosmepak.com\/fr\/wp-json\/wp\/v2\/product\/1662","targetHints":{"allow":["GET"]}}],"collection":[{"href":"https:\/\/www.cosmepak.com\/fr\/wp-json\/wp\/v2\/product"}],"about":[{"href":"https:\/\/www.cosmepak.com\/fr\/wp-json\/wp\/v2\/types\/product"}],"replies":[{"embeddable":true,"href":"https:\/\/www.cosmepak.com\/fr\/wp-json\/wp\/v2\/comments?post=1662"}],"wp:featuredmedia":[{"embeddable":true,"href":"https:\/\/www.cosmepak.com\/fr\/wp-json\/wp\/v2\/media\/1663"}],"wp:attachment":[{"href":"https:\/\/www.cosmepak.com\/fr\/wp-json\/wp\/v2\/media?parent=1662"}],"wp:term":[{"taxonomy":"product_brand","embeddable":true,"href":"https:\/\/www.cosmepak.com\/fr\/wp-json\/wp\/v2\/product_brand?post=1662"},{"taxonomy":"product_cat","embeddable":true,"href":"https:\/\/www.cosmepak.com\/fr\/wp-json\/wp\/v2\/product_cat?post=1662"},{"taxonomy":"product_tag","embeddable":true,"href":"https:\/\/www.cosmepak.com\/fr\/wp-json\/wp\/v2\/product_tag?post=1662"}],"curies":[{"name":"WP","href":"https:\/\/api.w.org\/{rel}","templated":true}]}}