{"id":1664,"date":"2025-04-01T10:27:31","date_gmt":"2025-04-01T02:27:31","guid":{"rendered":"https:\/\/www.cosmepak.com\/?post_type=product&#038;p=1664"},"modified":"2025-11-07T17:04:04","modified_gmt":"2025-11-07T09:04:04","slug":"tube-en-plastique-jaune-de-15g-pp","status":"publish","type":"product","link":"https:\/\/www.cosmepak.com\/fr\/product\/15g-pp-plastic-tube-jaunce\/","title":{"rendered":"Tube en plastique de 15g PP \/ Jaunce"},"content":{"rendered":"<table style=\"border-collapse: collapse; width: 100%; height: 144px;\">\n<tbody>\n<tr style=\"height: 24px;\">\n<td style=\"width: 33.3333%; height: 144px;\" rowspan=\"6\"><img fetchpriority=\"high\" decoding=\"async\" class=\"alignnone size-full wp-image-1665\" src=\"https:\/\/www.cosmepak.com\/wp-content\/uploads\/2025\/04\/7.jpg\" alt=\"Tube de PP\" width=\"1000\" height=\"1000\" srcset=\"https:\/\/www.cosmepak.com\/wp-content\/uploads\/2025\/04\/7.jpg 1000w, https:\/\/www.cosmepak.com\/wp-content\/uploads\/2025\/04\/7-300x300.jpg 300w, https:\/\/www.cosmepak.com\/wp-content\/uploads\/2025\/04\/7-150x150.jpg 150w, https:\/\/www.cosmepak.com\/wp-content\/uploads\/2025\/04\/7-768x768.jpg 768w, https:\/\/www.cosmepak.com\/wp-content\/uploads\/2025\/04\/7-600x600.jpg 600w, https:\/\/www.cosmepak.com\/wp-content\/uploads\/2025\/04\/7-100x100.jpg 100w\" sizes=\"(max-width: 1000px) 100vw, 1000px\" \/><\/td>\n<td style=\"width: 33.122%; height: 24px; text-align: center;\">Marque<\/td>\n<td style=\"width: 33.5446%; height: 24px; text-align: center;\">Jaunce<\/td>\n<\/tr>\n<tr style=\"height: 24px;\">\n<td style=\"width: 33.122%; height: 24px; text-align: center;\">Mod\u00e8le<\/td>\n<td style=\"width: 33.5446%; height: 24px; text-align: center;\">Jh-lwrg02<\/td>\n<\/tr>\n<tr style=\"height: 24px;\">\n<td style=\"width: 33.122%; height: 24px; text-align: center;\">Capcience<\/td>\n<td style=\"width: 33.5446%; height: 24px; text-align: center;\">15g<\/td>\n<\/tr>\n<tr style=\"height: 24px;\">\n<td style=\"width: 33.122%; height: 24px; text-align: center;\">Couleur<\/td>\n<td style=\"width: 33.5446%; height: 24px; text-align: center;\">Transparent<\/td>\n<\/tr>\n<tr style=\"height: 24px;\">\n<td style=\"width: 33.122%; height: 24px; text-align: center;\">Capuchon<\/td>\n<td style=\"width: 33.5446%; height: 24px; text-align: center;\">PP Flip Cap<\/td>\n<\/tr>\n<tr style=\"height: 24px;\">\n<td style=\"width: 33.122%; height: 24px; text-align: center;\">Mat\u00e9riau de tube<\/td>\n<td style=\"width: 33.5446%; height: 24px; text-align: center;\">Pp<\/td>\n<\/tr>\n<\/tbody>\n<\/table>\n<table style=\"border-collapse: collapse; width: 100%;\">\n<tbody>\n<tr style=\"height: 24px;\">\n<td style=\"width: 10.349%; text-align: center; height: 24px;\"><strong>Capacit\u00e9<\/strong><\/td>\n<td style=\"width: 10.7582%; text-align: center; height: 24px;\"><strong>Hauteur totale<\/strong><\/td>\n<td style=\"width: 12.509%; text-align: center; height: 24px;\"><strong>Hauteur de bouteille<\/strong><\/td>\n<td style=\"width: 11.4908%; text-align: center; height: 24px;\"><strong>Hauteur imprimable<\/strong><\/td>\n<td style=\"width: 10.7503%; text-align: center;\"><strong>Diam\u00e8tre inf\u00e9rieur<\/strong><\/td>\n<td style=\"width: 9.21676%; text-align: center;\"><strong>Poids<\/strong><\/td>\n<\/tr>\n<tr style=\"height: 24px;\">\n<td style=\"width: 10.349%; text-align: center; height: 24px;\">15g<\/td>\n<td style=\"width: 10.7582%; text-align: center; height: 24px;\">85 mm<\/td>\n<td style=\"width: 12.509%; text-align: center; height: 24px;\">79 mm<\/td>\n<td style=\"width: 11.4908%; text-align: center; height: 24px;\">58.8mm<\/td>\n<td style=\"width: 10.7503%; text-align: center;\">23.9mm<\/td>\n<td style=\"width: 9.21676%; text-align: center;\">4.8g<\/td>\n<\/tr>\n<\/tbody>\n<\/table>\n<p>La bouteille de distribution portable de 15 ml se distingue par son design ultra-mince. t p\u00e8se seulement 4,8 g, et avec une hauteur totale de 85 mm et un diam\u00e8tre de tube de 23,9 mm. Qu'il soit transport\u00e9 dans une poche, plac\u00e9 dans un sac de maquillage ou utilis\u00e9 pour la distribution d'\u00e9chantillons, il est facile et d\u00e9montre pleinement sa commodit\u00e9.9mm, il a une taille d\u00e9licate. La conception transparente de la bouteille facilite la v\u00e9rification visuelle de la quantit\u00e9 restante \u00e0 l'int\u00e9rieur. Les sc\u00e9narios d'utilisation sont divers.<\/p>\n<p>En termes de personnalisation et de pr\u00e9sentation de l'apparence, le produit a un potentiel abondant de personnalisation: Les tubes peuvent \u00eatre personnalis\u00e9s avec la couleur d'injection et peuvent \u00eatre assortis de couleurs exclusives selon le style de marque ou les exigences d'utilisation; Le corps du tube prend en charge la technologie de s\u00e9rigraphie, avec une plage d'impression allant jusqu'\u00e0 58,8 mm. Que ce soit le logo de la marque, les informations sur les produits ou les motifs cr\u00e9atifs, ils peuvent tous \u00eatre clairement pr\u00e9sent\u00e9s, aidant \u00e0 fa\u00e7onner l'image de la marque ou r\u00e9pondant aux besoins de d\u00e9coration personnalis\u00e9e.<\/p>\n<p>Il adopte une conception classique de couverture \u00e0 bascule, qui s'ouvre en douceur et se ferme bien. Non seulement il \u00e9vite efficacement la poussi\u00e8re et les fuites, mais il optimise \u00e9galement l'exp\u00e9rience de remplissage. Lors du versement de contenus tels que des produits de soins de la peau et des produits de soins des cheveux, l'op\u00e9ration est facile et il n'y a pas de d\u00e9versement. Le tuyau flexible a une flexibilit\u00e9 mod\u00e9r\u00e9e, ce qui facilite la compression et assure une sortie de liquide uniforme. Il est pratique de contr\u00f4ler le dosage et d'\u00e9viter les gaspillages. Il convient \u00e0 divers besoins d'emballage liquide.<\/p>\n<p>Nous sommes sp\u00e9cialis\u00e9s dans l'offre de services de personnalisation de la lumi\u00e8re, y compris des modifications de couleur et de logo, ainsi que des conceptions sur mesure bas\u00e9es sur des \u00e9chantillons de clients. Notre \u00e9quipe est d\u00e9di\u00e9e \u00e0 aider les clients dans le d\u00e9veloppement de nouvelles solutions d'emballage, fournissant un service complet, guichet unique<\/p>\n<p><img decoding=\"async\" class=\"alignnone wp-image-1666\" src=\"https:\/\/www.cosmepak.com\/wp-content\/uploads\/2025\/04\/8.jpg\" alt=\"tube de pp\" width=\"1376\" height=\"1376\" srcset=\"https:\/\/www.cosmepak.com\/wp-content\/uploads\/2025\/04\/8.jpg 1000w, https:\/\/www.cosmepak.com\/wp-content\/uploads\/2025\/04\/8-300x300.jpg 300w, https:\/\/www.cosmepak.com\/wp-content\/uploads\/2025\/04\/8-150x150.jpg 150w, https:\/\/www.cosmepak.com\/wp-content\/uploads\/2025\/04\/8-768x768.jpg 768w, https:\/\/www.cosmepak.com\/wp-content\/uploads\/2025\/04\/8-600x600.jpg 600w, https:\/\/www.cosmepak.com\/wp-content\/uploads\/2025\/04\/8-100x100.jpg 100w\" sizes=\"(max-width: 1376px) 100vw, 1376px\" \/><img decoding=\"async\" class=\"alignnone wp-image-1667\" src=\"https:\/\/www.cosmepak.com\/wp-content\/uploads\/2025\/04\/9.jpg\" alt=\"tube de pp\" width=\"1380\" height=\"1380\" srcset=\"https:\/\/www.cosmepak.com\/wp-content\/uploads\/2025\/04\/9.jpg 790w, https:\/\/www.cosmepak.com\/wp-content\/uploads\/2025\/04\/9-300x300.jpg 300w, https:\/\/www.cosmepak.com\/wp-content\/uploads\/2025\/04\/9-150x150.jpg 150w, https:\/\/www.cosmepak.com\/wp-content\/uploads\/2025\/04\/9-768x768.jpg 768w, https:\/\/www.cosmepak.com\/wp-content\/uploads\/2025\/04\/9-600x600.jpg 600w, https:\/\/www.cosmepak.com\/wp-content\/uploads\/2025\/04\/9-100x100.jpg 100w\" sizes=\"(max-width: 1380px) 100vw, 1380px\" \/><\/p>\n<p>&nbsp;<\/p>\n<p>&nbsp;<\/p>","protected":false},"excerpt":{"rendered":"<p>Mat\u00e9riau du tube: mat\u00e9riau PP<\/p>\n<p>Mat\u00e9riau de capuchon: mat\u00e9riau PP<\/p>\n<p>Capacit\u00e9: 15g<\/p>\n<p>Type de capuchon: flip capuchon<\/p>\n<p>Couleur: personnalis\u00e9e (n'importe quelle couleur Pantone Avaliable)<\/p>\n<p>Finition de surface: impression d'\u00e9cran, gla\u00e7age, estampage chaud, gradient de pulv\u00e9risation, finition mate, etc.<\/p>\n<p>MOQ: 5000pcs;<\/p>\n<p>&nbsp;<\/p>","protected":false},"featured_media":1668,"comment_status":"closed","ping_status":"closed","template":"","meta":{"_acf_changed":false},"product_brand":[],"product_cat":[20],"product_tag":[],"class_list":{"0":"post-1664","1":"product","2":"type-product","3":"status-publish","4":"has-post-thumbnail","6":"product_cat-plastic-tube","8":"first","9":"outofstock","10":"shipping-taxable","11":"product-type-simple"},"acf":[],"_links":{"self":[{"href":"https:\/\/www.cosmepak.com\/fr\/wp-json\/wp\/v2\/product\/1664","targetHints":{"allow":["GET"]}}],"collection":[{"href":"https:\/\/www.cosmepak.com\/fr\/wp-json\/wp\/v2\/product"}],"about":[{"href":"https:\/\/www.cosmepak.com\/fr\/wp-json\/wp\/v2\/types\/product"}],"replies":[{"embeddable":true,"href":"https:\/\/www.cosmepak.com\/fr\/wp-json\/wp\/v2\/comments?post=1664"}],"wp:featuredmedia":[{"embeddable":true,"href":"https:\/\/www.cosmepak.com\/fr\/wp-json\/wp\/v2\/media\/1668"}],"wp:attachment":[{"href":"https:\/\/www.cosmepak.com\/fr\/wp-json\/wp\/v2\/media?parent=1664"}],"wp:term":[{"taxonomy":"product_brand","embeddable":true,"href":"https:\/\/www.cosmepak.com\/fr\/wp-json\/wp\/v2\/product_brand?post=1664"},{"taxonomy":"product_cat","embeddable":true,"href":"https:\/\/www.cosmepak.com\/fr\/wp-json\/wp\/v2\/product_cat?post=1664"},{"taxonomy":"product_tag","embeddable":true,"href":"https:\/\/www.cosmepak.com\/fr\/wp-json\/wp\/v2\/product_tag?post=1664"}],"curies":[{"name":"WP","href":"https:\/\/api.w.org\/{rel}","templated":true}]}}