{"id":1675,"date":"2025-04-01T10:52:22","date_gmt":"2025-04-01T02:52:22","guid":{"rendered":"https:\/\/www.cosmepak.com\/?post_type=product&#038;p=1675"},"modified":"2025-11-10T14:26:46","modified_gmt":"2025-11-10T06:26:46","slug":"30ml-and-50ml-flip-cap-pe-material-bottle-empty-costmetic-package-bottle","status":"publish","type":"product","link":"https:\/\/www.cosmepak.com\/fr\/product\/30ml-and-50ml-flip-cap-pe-material-bottle-empty-costmetic-package-bottle\/","title":{"rendered":"30ml et 50ml bouchon basculable PE bouteille de mat\u00e9riau vide bouteille d'emballage costmetic"},"content":{"rendered":"<table style=\"border-collapse: collapse; width: 100%; height: 144px;\">\n<tbody>\n<tr style=\"height: 24px;\">\n<td style=\"width: 33.3333%; height: 144px;\" rowspan=\"6\"><img fetchpriority=\"high\" decoding=\"async\" class=\"alignnone size-full wp-image-3374\" src=\"https:\/\/www.cosmepak.com\/wp-content\/uploads\/2025\/04\/\u8be6\u60c5-2.jpg\" alt=\"\" width=\"1000\" height=\"1000\" srcset=\"https:\/\/www.cosmepak.com\/wp-content\/uploads\/2025\/04\/\u8be6\u60c5-2.jpg 1000w, https:\/\/www.cosmepak.com\/wp-content\/uploads\/2025\/04\/\u8be6\u60c5-2-300x300.jpg 300w, https:\/\/www.cosmepak.com\/wp-content\/uploads\/2025\/04\/\u8be6\u60c5-2-150x150.jpg 150w, https:\/\/www.cosmepak.com\/wp-content\/uploads\/2025\/04\/\u8be6\u60c5-2-768x768.jpg 768w, https:\/\/www.cosmepak.com\/wp-content\/uploads\/2025\/04\/\u8be6\u60c5-2-12x12.jpg 12w, https:\/\/www.cosmepak.com\/wp-content\/uploads\/2025\/04\/\u8be6\u60c5-2-600x600.jpg 600w, https:\/\/www.cosmepak.com\/wp-content\/uploads\/2025\/04\/\u8be6\u60c5-2-100x100.jpg 100w\" sizes=\"(max-width: 1000px) 100vw, 1000px\" \/><\/td>\n<td style=\"width: 33.122%; height: 24px; text-align: center;\">Marque<\/td>\n<td style=\"width: 33.5446%; height: 24px; text-align: center;\">Jaunce<\/td>\n<\/tr>\n<tr style=\"height: 24px;\">\n<td style=\"width: 33.122%; height: 24px; text-align: center;\">Mod\u00e8le<\/td>\n<td style=\"width: 33.5446%; height: 24px; text-align: center;\">JH-LWMJ16<\/td>\n<\/tr>\n<tr style=\"height: 24px;\">\n<td style=\"width: 33.122%; height: 24px; text-align: center;\">Capcience<\/td>\n<td style=\"width: 33.5446%; height: 24px; text-align: center;\">30g<\/td>\n<\/tr>\n<tr style=\"height: 24px;\">\n<td style=\"width: 33.122%; height: 24px; text-align: center;\">Couleur<\/td>\n<td style=\"width: 33.5446%; height: 24px; text-align: center;\">Transparent<\/td>\n<\/tr>\n<tr style=\"height: 24px;\">\n<td style=\"width: 33.122%; height: 24px; text-align: center;\">Capuchon<\/td>\n<td style=\"width: 33.5446%; height: 24px; text-align: center;\">PP Flip Cap<\/td>\n<\/tr>\n<tr style=\"height: 24px;\">\n<td style=\"width: 33.122%; height: 24px; text-align: center;\">Mat\u00e9riau de bouteille<\/td>\n<td style=\"width: 33.5446%; height: 24px; text-align: center;\">Pe<\/td>\n<\/tr>\n<\/tbody>\n<\/table>\n<table style=\"border-collapse: collapse; width: 100%;\">\n<tbody>\n<tr style=\"height: 24px;\">\n<td style=\"width: 10.349%; text-align: center; height: 24px;\"><strong>Capacit\u00e9<\/strong><\/td>\n<td style=\"width: 10.7582%; text-align: center; height: 24px;\"><strong>Hauteur totale<\/strong><\/td>\n<td style=\"width: 12.509%; text-align: center; height: 24px;\"><strong>Hauteur d'\u00e9paule<\/strong><\/td>\n<td style=\"width: 11.4908%; text-align: center; height: 24px;\"><strong>Cou<\/strong><\/td>\n<td style=\"width: 10.7503%; text-align: center;\"><strong>Diam\u00e8tre inf\u00e9rieur<\/strong><\/td>\n<td style=\"width: 9.21676%; text-align: center;\"><strong>Hauteur du capot<\/strong><\/td>\n<\/tr>\n<tr style=\"height: 24px;\">\n<td style=\"width: 10.349%; text-align: center; height: 24px;\">30 ml<\/td>\n<td style=\"width: 10.7582%; text-align: center; height: 24px;\">72 mm<\/td>\n<td style=\"width: 12.509%; text-align: center; height: 24px;\">52 mm<\/td>\n<td style=\"width: 11.4908%; text-align: center; height: 24px;\">20 mm<\/td>\n<td style=\"width: 10.7503%; text-align: center;\">30 mm<\/td>\n<td style=\"width: 9.21676%; text-align: center;\">20 mm<\/td>\n<\/tr>\n<tr>\n<td style=\"width: 10.349%; text-align: center;\">50 ml<\/td>\n<td style=\"width: 10.7582%; text-align: center;\">104 mm<\/td>\n<td style=\"width: 12.509%; text-align: center;\">84 mm<\/td>\n<td style=\"width: 11.4908%; text-align: center;\">20 mm<\/td>\n<td style=\"width: 10.7503%; text-align: center;\">30 mm<\/td>\n<td style=\"width: 9.21676%; text-align: center;\">20 mm<\/td>\n<\/tr>\n<\/tbody>\n<\/table>\n<p>Le JH-LWMJ16 couleur flexible tube flip-top bouteille offre diverses sp\u00e9cifications 30ml et 50ml r\u00e9pondre \u00e0 diff\u00e9rentes exigences de capacit\u00e9. Le produit comporte une conception combin\u00e9e d'un corps en PE et d'un flip-top en PP, \u00e9quip\u00e9 d'un grand diam\u00e8tre de 2 cm, ce qui am\u00e9liore consid\u00e9rablement la commodit\u00e9 de remplissage et permet un remplissage facile du contenu.<\/p>\n<p>La conception du couvercle \u00e0 bascule PP combine commodit\u00e9 et performances d'\u00e9tanch\u00e9it\u00e9: La structure \u00e0 bascule rend l'op\u00e9ration de d\u00e9charge de liquide plus pratique, permettant un contr\u00f4le facile du dosage sans besoin d'outils suppl\u00e9mentaires; l'excellente performance d'\u00e9tanch\u00e9it\u00e9 peut efficacement isoler l'air et l'humidit\u00e9, assurant la qualit\u00e9 du contenu. En m\u00eame temps, le produit est l\u00e9ger et durable, r\u00e9pondant aux normes pour les voyages a\u00e9riens, ce qui le rend plus pratique \u00e0 transporter.<\/p>\n<p>En tant que bouteille de bouchon de tuyau color\u00e9, il est disponible dans une large gamme de couleurs. Actuellement, il existe diff\u00e9rentes couleurs de base telles que le blanc et le vert disponibles pour la s\u00e9lection. Le corps de la bouteille est fait de mat\u00e9riau PE de haute qualit\u00e9 et est \u00e9quip\u00e9 de conceptions de couleurs riches, offrant quatre options de couleurs: blanc, vert, or et marron. Cette conception \u00e9quilibre \u00e0 la fois esth\u00e9tique et pratique. La transparence du tube est appropri\u00e9e, permettant une observation claire de la capacit\u00e9 restante \u00e0 l'int\u00e9rieur. Le mat\u00e9riau est s\u00fbr et hygi\u00e9nique, assurant un processus propre et sans pollution pendant le remplissage.<\/p>\n<p>Il est largement utilis\u00e9 pour l'emballage de divers produits de beaut\u00e9 liquides tels que la lotion, le shampooing, le conditionneur et le lave-corps. Il convient \u00e0 divers sc\u00e9narios, y compris l'utilisation \u00e0 la maison, les voyages et les voyages d'affaires.<\/p>\n<p><img decoding=\"async\" class=\"size-full wp-image-3375 aligncenter\" src=\"https:\/\/www.cosmepak.com\/wp-content\/uploads\/2025\/04\/\u8be6\u60c5-4-1.jpg\" alt=\"\" width=\"1000\" height=\"696\" srcset=\"https:\/\/www.cosmepak.com\/wp-content\/uploads\/2025\/04\/\u8be6\u60c5-4-1.jpg 1000w, https:\/\/www.cosmepak.com\/wp-content\/uploads\/2025\/04\/\u8be6\u60c5-4-1-300x209.jpg 300w, https:\/\/www.cosmepak.com\/wp-content\/uploads\/2025\/04\/\u8be6\u60c5-4-1-768x535.jpg 768w, https:\/\/www.cosmepak.com\/wp-content\/uploads\/2025\/04\/\u8be6\u60c5-4-1-18x12.jpg 18w, https:\/\/www.cosmepak.com\/wp-content\/uploads\/2025\/04\/\u8be6\u60c5-4-1-600x418.jpg 600w\" sizes=\"(max-width: 1000px) 100vw, 1000px\" \/><\/p>\n<table style=\"border-collapse: collapse; width: 100%;\">\n<tbody>\n<tr>\n<td style=\"width: 33.3333%;\"><img decoding=\"async\" class=\"alignnone size-full wp-image-3377\" src=\"https:\/\/www.cosmepak.com\/wp-content\/uploads\/2025\/04\/\u8be6\u60c5-6-1.jpg\" alt=\"\" width=\"1000\" height=\"1000\" srcset=\"https:\/\/www.cosmepak.com\/wp-content\/uploads\/2025\/04\/\u8be6\u60c5-6-1.jpg 1000w, https:\/\/www.cosmepak.com\/wp-content\/uploads\/2025\/04\/\u8be6\u60c5-6-1-300x300.jpg 300w, https:\/\/www.cosmepak.com\/wp-content\/uploads\/2025\/04\/\u8be6\u60c5-6-1-150x150.jpg 150w, https:\/\/www.cosmepak.com\/wp-content\/uploads\/2025\/04\/\u8be6\u60c5-6-1-768x768.jpg 768w, https:\/\/www.cosmepak.com\/wp-content\/uploads\/2025\/04\/\u8be6\u60c5-6-1-12x12.jpg 12w, https:\/\/www.cosmepak.com\/wp-content\/uploads\/2025\/04\/\u8be6\u60c5-6-1-600x600.jpg 600w, https:\/\/www.cosmepak.com\/wp-content\/uploads\/2025\/04\/\u8be6\u60c5-6-1-100x100.jpg 100w\" sizes=\"(max-width: 1000px) 100vw, 1000px\" \/><\/td>\n<td style=\"width: 33.3333%;\"><img loading=\"lazy\" decoding=\"async\" class=\"alignnone size-full wp-image-3376\" src=\"https:\/\/www.cosmepak.com\/wp-content\/uploads\/2025\/04\/1-9.jpg\" alt=\"\" width=\"1000\" height=\"1000\" srcset=\"https:\/\/www.cosmepak.com\/wp-content\/uploads\/2025\/04\/1-9.jpg 1000w, https:\/\/www.cosmepak.com\/wp-content\/uploads\/2025\/04\/1-9-300x300.jpg 300w, https:\/\/www.cosmepak.com\/wp-content\/uploads\/2025\/04\/1-9-150x150.jpg 150w, https:\/\/www.cosmepak.com\/wp-content\/uploads\/2025\/04\/1-9-768x768.jpg 768w, https:\/\/www.cosmepak.com\/wp-content\/uploads\/2025\/04\/1-9-12x12.jpg 12w, https:\/\/www.cosmepak.com\/wp-content\/uploads\/2025\/04\/1-9-600x600.jpg 600w, https:\/\/www.cosmepak.com\/wp-content\/uploads\/2025\/04\/1-9-100x100.jpg 100w\" sizes=\"(max-width: 1000px) 100vw, 1000px\" \/><\/td>\n<td style=\"width: 33.3333%;\"><img loading=\"lazy\" decoding=\"async\" class=\"alignnone size-full wp-image-3378\" src=\"https:\/\/www.cosmepak.com\/wp-content\/uploads\/2025\/04\/\u8be6\u60c5-7-1.jpg\" alt=\"\" width=\"1000\" height=\"1000\" srcset=\"https:\/\/www.cosmepak.com\/wp-content\/uploads\/2025\/04\/\u8be6\u60c5-7-1.jpg 1000w, https:\/\/www.cosmepak.com\/wp-content\/uploads\/2025\/04\/\u8be6\u60c5-7-1-300x300.jpg 300w, https:\/\/www.cosmepak.com\/wp-content\/uploads\/2025\/04\/\u8be6\u60c5-7-1-150x150.jpg 150w, https:\/\/www.cosmepak.com\/wp-content\/uploads\/2025\/04\/\u8be6\u60c5-7-1-768x768.jpg 768w, https:\/\/www.cosmepak.com\/wp-content\/uploads\/2025\/04\/\u8be6\u60c5-7-1-12x12.jpg 12w, https:\/\/www.cosmepak.com\/wp-content\/uploads\/2025\/04\/\u8be6\u60c5-7-1-600x600.jpg 600w, https:\/\/www.cosmepak.com\/wp-content\/uploads\/2025\/04\/\u8be6\u60c5-7-1-100x100.jpg 100w\" sizes=\"(max-width: 1000px) 100vw, 1000px\" \/><\/td>\n<\/tr>\n<\/tbody>\n<\/table>\n<table style=\"border-collapse: collapse; width: 100%;\">\n<tbody>\n<tr>\n<td style=\"width: 50%;\"><img loading=\"lazy\" decoding=\"async\" class=\"alignnone size-full wp-image-3379\" src=\"https:\/\/www.cosmepak.com\/wp-content\/uploads\/2025\/04\/\u4e3b\u56fe-4.jpg\" alt=\"\" width=\"1000\" height=\"1000\" srcset=\"https:\/\/www.cosmepak.com\/wp-content\/uploads\/2025\/04\/\u4e3b\u56fe-4.jpg 1000w, https:\/\/www.cosmepak.com\/wp-content\/uploads\/2025\/04\/\u4e3b\u56fe-4-300x300.jpg 300w, https:\/\/www.cosmepak.com\/wp-content\/uploads\/2025\/04\/\u4e3b\u56fe-4-150x150.jpg 150w, https:\/\/www.cosmepak.com\/wp-content\/uploads\/2025\/04\/\u4e3b\u56fe-4-768x768.jpg 768w, https:\/\/www.cosmepak.com\/wp-content\/uploads\/2025\/04\/\u4e3b\u56fe-4-12x12.jpg 12w, https:\/\/www.cosmepak.com\/wp-content\/uploads\/2025\/04\/\u4e3b\u56fe-4-600x600.jpg 600w, https:\/\/www.cosmepak.com\/wp-content\/uploads\/2025\/04\/\u4e3b\u56fe-4-100x100.jpg 100w\" sizes=\"(max-width: 1000px) 100vw, 1000px\" \/><\/td>\n<td style=\"width: 50%;\"><img loading=\"lazy\" decoding=\"async\" class=\"alignnone size-full wp-image-3380\" src=\"https:\/\/www.cosmepak.com\/wp-content\/uploads\/2025\/04\/\u4e3b\u56fe-2.jpg\" alt=\"\" width=\"1000\" height=\"1000\" srcset=\"https:\/\/www.cosmepak.com\/wp-content\/uploads\/2025\/04\/\u4e3b\u56fe-2.jpg 1000w, https:\/\/www.cosmepak.com\/wp-content\/uploads\/2025\/04\/\u4e3b\u56fe-2-300x300.jpg 300w, https:\/\/www.cosmepak.com\/wp-content\/uploads\/2025\/04\/\u4e3b\u56fe-2-150x150.jpg 150w, https:\/\/www.cosmepak.com\/wp-content\/uploads\/2025\/04\/\u4e3b\u56fe-2-768x768.jpg 768w, https:\/\/www.cosmepak.com\/wp-content\/uploads\/2025\/04\/\u4e3b\u56fe-2-12x12.jpg 12w, https:\/\/www.cosmepak.com\/wp-content\/uploads\/2025\/04\/\u4e3b\u56fe-2-600x600.jpg 600w, https:\/\/www.cosmepak.com\/wp-content\/uploads\/2025\/04\/\u4e3b\u56fe-2-100x100.jpg 100w\" sizes=\"(max-width: 1000px) 100vw, 1000px\" \/><\/td>\n<\/tr>\n<\/tbody>\n<\/table>\n<p>&nbsp;<\/p>\n<p>&nbsp;<\/p>","protected":false},"excerpt":{"rendered":"<p>Mat\u00e9riau du tube: mat\u00e9riau PP<\/p>\n<p>Mat\u00e9riau de capuchon: mat\u00e9riau PP<\/p>\n<p>Capacit\u00e9: 50g<\/p>\n<p>Type de capuchon: flip capuchon<\/p>\n<p>Couleur: personnalis\u00e9e (n'importe quelle couleur Pantone Avaliable)<\/p>\n<p>Finition de surface: impression d'\u00e9cran, gla\u00e7age, estampage chaud, gradient de pulv\u00e9risation, finition mate, etc.<\/p>\n<p>MOQ: 5000pcs;<\/p>\n<p>&nbsp;<\/p>","protected":false},"featured_media":3381,"comment_status":"open","ping_status":"closed","template":"","meta":{"_acf_changed":false},"product_brand":[],"product_cat":[18],"product_tag":[],"class_list":{"0":"post-1675","1":"product","2":"type-product","3":"status-publish","4":"has-post-thumbnail","6":"product_cat-plastic-bottle","8":"first","9":"outofstock","10":"shipping-taxable","11":"product-type-simple"},"acf":[],"_links":{"self":[{"href":"https:\/\/www.cosmepak.com\/fr\/wp-json\/wp\/v2\/product\/1675","targetHints":{"allow":["GET"]}}],"collection":[{"href":"https:\/\/www.cosmepak.com\/fr\/wp-json\/wp\/v2\/product"}],"about":[{"href":"https:\/\/www.cosmepak.com\/fr\/wp-json\/wp\/v2\/types\/product"}],"replies":[{"embeddable":true,"href":"https:\/\/www.cosmepak.com\/fr\/wp-json\/wp\/v2\/comments?post=1675"}],"wp:featuredmedia":[{"embeddable":true,"href":"https:\/\/www.cosmepak.com\/fr\/wp-json\/wp\/v2\/media\/3381"}],"wp:attachment":[{"href":"https:\/\/www.cosmepak.com\/fr\/wp-json\/wp\/v2\/media?parent=1675"}],"wp:term":[{"taxonomy":"product_brand","embeddable":true,"href":"https:\/\/www.cosmepak.com\/fr\/wp-json\/wp\/v2\/product_brand?post=1675"},{"taxonomy":"product_cat","embeddable":true,"href":"https:\/\/www.cosmepak.com\/fr\/wp-json\/wp\/v2\/product_cat?post=1675"},{"taxonomy":"product_tag","embeddable":true,"href":"https:\/\/www.cosmepak.com\/fr\/wp-json\/wp\/v2\/product_tag?post=1675"}],"curies":[{"name":"WP","href":"https:\/\/api.w.org\/{rel}","templated":true}]}}