{"id":1678,"date":"2025-04-01T13:47:57","date_gmt":"2025-04-01T05:47:57","guid":{"rendered":"https:\/\/www.cosmepak.com\/?post_type=product&#038;p=1678"},"modified":"2025-11-11T16:04:21","modified_gmt":"2025-11-11T08:04:21","slug":"100ml-tube-demballage-cosmetique-jaune","status":"publish","type":"product","link":"https:\/\/www.cosmepak.com\/fr\/product\/100ml-cosmetic-packaging-tube-jaunce\/","title":{"rendered":"Tube d'emballage cosm\u00e9tique 100ml \/ Jaunce"},"content":{"rendered":"<table style=\"border-collapse: collapse; width: 100%; height: 144px;\">\n<tbody>\n<tr style=\"height: 24px;\">\n<td style=\"width: 33.3333%; height: 144px;\" rowspan=\"6\"><img fetchpriority=\"high\" decoding=\"async\" class=\"alignnone size-full wp-image-2906\" src=\"https:\/\/www.cosmepak.com\/wp-content\/uploads\/2025\/04\/\u4e3b\u56fe-6.jpg\" alt=\"\" width=\"800\" height=\"800\" srcset=\"https:\/\/www.cosmepak.com\/wp-content\/uploads\/2025\/04\/\u4e3b\u56fe-6.jpg 800w, https:\/\/www.cosmepak.com\/wp-content\/uploads\/2025\/04\/\u4e3b\u56fe-6-300x300.jpg 300w, https:\/\/www.cosmepak.com\/wp-content\/uploads\/2025\/04\/\u4e3b\u56fe-6-150x150.jpg 150w, https:\/\/www.cosmepak.com\/wp-content\/uploads\/2025\/04\/\u4e3b\u56fe-6-768x768.jpg 768w, https:\/\/www.cosmepak.com\/wp-content\/uploads\/2025\/04\/\u4e3b\u56fe-6-12x12.jpg 12w, https:\/\/www.cosmepak.com\/wp-content\/uploads\/2025\/04\/\u4e3b\u56fe-6-600x600.jpg 600w, https:\/\/www.cosmepak.com\/wp-content\/uploads\/2025\/04\/\u4e3b\u56fe-6-100x100.jpg 100w\" sizes=\"(max-width: 800px) 100vw, 800px\" \/><\/td>\n<td style=\"width: 33.122%; height: 24px; text-align: center;\">Marque<\/td>\n<td style=\"width: 33.5446%; height: 24px; text-align: center;\">Jaunce<\/td>\n<\/tr>\n<tr style=\"height: 24px;\">\n<td style=\"width: 33.122%; height: 24px; text-align: center;\">Mod\u00e8le<\/td>\n<td style=\"width: 33.5446%; height: 24px; text-align: center;\">JH-LW9605<\/td>\n<\/tr>\n<tr style=\"height: 24px;\">\n<td style=\"width: 33.122%; height: 24px; text-align: center;\">Capcience<\/td>\n<td style=\"width: 33.5446%; height: 24px; text-align: center;\">60 ml \/ 80 ml \/ 100 ml \/ 120 ml \/ 150 ml<\/td>\n<\/tr>\n<tr style=\"height: 24px;\">\n<td style=\"width: 33.122%; height: 24px; text-align: center;\">Couleur<\/td>\n<td style=\"width: 33.5446%; height: 24px; text-align: center;\">OEM \/ ODM<\/td>\n<\/tr>\n<tr style=\"height: 24px;\">\n<td style=\"width: 33.122%; height: 24px; text-align: center;\">Capuchon<\/td>\n<td style=\"width: 33.5446%; height: 24px; text-align: center;\">Bouchon \u00e0 vis<\/td>\n<\/tr>\n<tr style=\"height: 24px;\">\n<td style=\"width: 33.122%; height: 24px; text-align: center;\">Mat\u00e9riau de tube<\/td>\n<td style=\"width: 33.5446%; height: 24px; text-align: center;\">Pp<\/td>\n<\/tr>\n<\/tbody>\n<\/table>\n<table style=\"border-collapse: collapse; width: 100%;\">\n<tbody>\n<tr>\n<td style=\"width: 16.6667%; text-align: center;\"><strong>Capacit\u00e9<\/strong><\/td>\n<td style=\"width: 16.6667%; text-align: center;\"><strong>Hauteur totale<\/strong><\/td>\n<td style=\"width: 16.6667%; text-align: center;\"><strong>Hauteur de bouteille<\/strong><\/td>\n<td style=\"width: 16.6667%; text-align: center;\"><strong>Hauteur imprimable<\/strong><\/td>\n<td style=\"width: 16.6667%; text-align: center;\"><strong>Cou<\/strong><\/td>\n<td style=\"width: 16.6667%; text-align: center;\"><strong>Diam\u00e8tre inf\u00e9rieur<\/strong><\/td>\n<\/tr>\n<tr>\n<td style=\"width: 16.6667%; text-align: center;\">60 ml<\/td>\n<td style=\"width: 16.6667%; text-align: center;\">107 mm<\/td>\n<td style=\"width: 16.6667%; text-align: center;\">84 mm<\/td>\n<td style=\"width: 16.6667%; text-align: center;\">35 mm<\/td>\n<td style=\"width: 16.6667%; text-align: center;\">24 mm<\/td>\n<td style=\"width: 16.6667%; text-align: center;\">40.5mm<\/td>\n<\/tr>\n<tr>\n<td style=\"width: 16.6667%; text-align: center;\">80 ml<\/td>\n<td style=\"width: 16.6667%; text-align: center;\">125 mm<\/td>\n<td style=\"width: 16.6667%; text-align: center;\">102 mm<\/td>\n<td style=\"width: 16.6667%; text-align: center;\">50 mm<\/td>\n<td style=\"width: 16.6667%; text-align: center;\">24 mm<\/td>\n<td style=\"width: 16.6667%; text-align: center;\">40.5mm<\/td>\n<\/tr>\n<tr>\n<td style=\"width: 16.6667%; text-align: center;\">100 ml<\/td>\n<td style=\"width: 16.6667%; text-align: center;\">145mm<\/td>\n<td style=\"width: 16.6667%; text-align: center;\">121mm<\/td>\n<td style=\"width: 16.6667%; text-align: center;\">70 mm<\/td>\n<td style=\"width: 16.6667%; text-align: center;\">24 mm<\/td>\n<td style=\"width: 16.6667%; text-align: center;\">40.5mm<\/td>\n<\/tr>\n<tr>\n<td style=\"width: 16.6667%; text-align: center;\">120 ml<\/td>\n<td style=\"width: 16.6667%; text-align: center;\">140mm<\/td>\n<td style=\"width: 16.6667%; text-align: center;\">119.5mm<\/td>\n<td style=\"width: 16.6667%; text-align: center;\">70 mm<\/td>\n<td style=\"width: 16.6667%; text-align: center;\">24 mm<\/td>\n<td style=\"width: 16.6667%; text-align: center;\">44 mm<\/td>\n<\/tr>\n<tr>\n<td style=\"width: 16.6667%; text-align: center;\">150 ml<\/td>\n<td style=\"width: 16.6667%; text-align: center;\">165mm<\/td>\n<td style=\"width: 16.6667%; text-align: center;\">142mm<\/td>\n<td style=\"width: 16.6667%; text-align: center;\">90 mm<\/td>\n<td style=\"width: 16.6667%; text-align: center;\">24 mm<\/td>\n<td style=\"width: 16.6667%; text-align: center;\">44 mm<\/td>\n<\/tr>\n<\/tbody>\n<\/table>\n<p>Le produit pr\u00e9sente une conception unique de capuchon pointue, avec une sortie d'eau mince et lisse qui permet un contr\u00f4le pr\u00e9cis de la quantit\u00e9 de liquide. Que ce soit&#8217; En extraisant l'essence des produits de soins de la peau, en appliquant la cr\u00e8me aux mains, ou en utilisant un d\u00e9tergent concentr\u00e9 pour le nettoyage m\u00e9nager, ou m\u00eame en appliquant des peintures et des colles dans des cr\u00e9ations artistiques, il peut \u00eatre facilement contr\u00f4l\u00e9 en fonction des exigences, \u00e9vitant les gaspillages dus \u00e0 une sortie excessive. En m\u00eame temps, il peut \u00eatre appliqu\u00e9 avec pr\u00e9cision \u00e0 la zone cible, am\u00e9liorant la commodit\u00e9 d'utilisation.<\/p>\n<p>Le manchon int\u00e9rieur et le bouchon de bouteille sont tous deux en mat\u00e9riau PP de qualit\u00e9 alimentaire, qui est conforme aux normes nationales d'inspection de qualit\u00e9. Ils n'ont aucune odeur et aucune substance chimique nocive n'est lib\u00e9r\u00e9e. En contact avec divers liquides et contenus semblables \u00e0 des p\u00e2tes, aucune r\u00e9action chimique ne se produit, assurant efficacement la puret\u00e9 et la s\u00e9curit\u00e9 du contenu. Ils conviennent aux sc\u00e9narios ayant des exigences \u00e9lev\u00e9es en mati\u00e8re de s\u00e9curit\u00e9 des mat\u00e9riaux, tels que les produits de soins de la peau, les additifs alimentaires et les enfants. S produits.<\/p>\n<p>La bouche de la bouteille est con\u00e7ue avec des fils standard, rendant l'ouverture et la fermeture lisses et pratiques. Pendant le processus de remplissage, les fils s'engagent \u00e9troitement et ne sont pas sujets \u00e0 des fuites. Que ce soit le remplissage par lots dans une usine ou la distribution manuelle individuelle, il peut \u00eatre compl\u00e9t\u00e9 efficacement, adapt\u00e9 \u00e0 diff\u00e9rents sc\u00e9narios de remplissage. Dans le m\u00eame temps, la structure filet\u00e9e combin\u00e9e \u00e0 des accessoires sp\u00e9ciaux peut encore am\u00e9liorer les performances d'\u00e9tanch\u00e9it\u00e9, emp\u00eachant le contenu d'oxyder et de se d\u00e9t\u00e9riorer en raison du contact avec l'air, ou de fuites en raison du versement.<\/p>\n<p>Le corps de la bouteille est fabriqu\u00e9 en mat\u00e9riau \u00e9lastique de haute qualit\u00e9, qui poss\u00e8de une excellente rigidit\u00e9 et flexibilit\u00e9. Apr\u00e8s des milliers de tests de compression r\u00e9p\u00e9t\u00e9s, le corps de la bouteille peut encore rebondir rapidement \u00e0 sa forme originale sans d\u00e9formation ni fissuration. Qu'il soit utilis\u00e9 fr\u00e9quemment dans la vie quotidienne ou soumis \u00e0 la compression et \u00e0 la collision lors du transport \u00e0 longue distance, il peut maintenir sa forme intacte et \u00e9tendre le produit&#8217; S vie de service.<\/p>\n<p><img decoding=\"async\" class=\"size-full wp-image-2909 aligncenter\" src=\"https:\/\/www.cosmepak.com\/wp-content\/uploads\/2025\/04\/\u8be6\u60c5-4.jpg\" alt=\"\" width=\"1000\" height=\"1000\" srcset=\"https:\/\/www.cosmepak.com\/wp-content\/uploads\/2025\/04\/\u8be6\u60c5-4.jpg 1000w, https:\/\/www.cosmepak.com\/wp-content\/uploads\/2025\/04\/\u8be6\u60c5-4-300x300.jpg 300w, https:\/\/www.cosmepak.com\/wp-content\/uploads\/2025\/04\/\u8be6\u60c5-4-150x150.jpg 150w, https:\/\/www.cosmepak.com\/wp-content\/uploads\/2025\/04\/\u8be6\u60c5-4-768x768.jpg 768w, https:\/\/www.cosmepak.com\/wp-content\/uploads\/2025\/04\/\u8be6\u60c5-4-12x12.jpg 12w, https:\/\/www.cosmepak.com\/wp-content\/uploads\/2025\/04\/\u8be6\u60c5-4-600x600.jpg 600w, https:\/\/www.cosmepak.com\/wp-content\/uploads\/2025\/04\/\u8be6\u60c5-4-100x100.jpg 100w\" sizes=\"(max-width: 1000px) 100vw, 1000px\" \/><\/p>\n<p><img decoding=\"async\" class=\"alignnone wp-image-2914\" src=\"https:\/\/www.cosmepak.com\/wp-content\/uploads\/2025\/04\/\u8be6\u60c5-13.jpg\" alt=\"\" width=\"1354\" height=\"1354\" srcset=\"https:\/\/www.cosmepak.com\/wp-content\/uploads\/2025\/04\/\u8be6\u60c5-13.jpg 1000w, https:\/\/www.cosmepak.com\/wp-content\/uploads\/2025\/04\/\u8be6\u60c5-13-300x300.jpg 300w, https:\/\/www.cosmepak.com\/wp-content\/uploads\/2025\/04\/\u8be6\u60c5-13-150x150.jpg 150w, https:\/\/www.cosmepak.com\/wp-content\/uploads\/2025\/04\/\u8be6\u60c5-13-768x768.jpg 768w, https:\/\/www.cosmepak.com\/wp-content\/uploads\/2025\/04\/\u8be6\u60c5-13-12x12.jpg 12w, https:\/\/www.cosmepak.com\/wp-content\/uploads\/2025\/04\/\u8be6\u60c5-13-600x600.jpg 600w, https:\/\/www.cosmepak.com\/wp-content\/uploads\/2025\/04\/\u8be6\u60c5-13-100x100.jpg 100w\" sizes=\"(max-width: 1354px) 100vw, 1354px\" \/><\/p>\n<p><img loading=\"lazy\" decoding=\"async\" class=\"alignnone wp-image-2917\" src=\"https:\/\/www.cosmepak.com\/wp-content\/uploads\/2025\/04\/7-1.jpg\" alt=\"\" width=\"1379\" height=\"1379\" srcset=\"https:\/\/www.cosmepak.com\/wp-content\/uploads\/2025\/04\/7-1.jpg 1000w, https:\/\/www.cosmepak.com\/wp-content\/uploads\/2025\/04\/7-1-300x300.jpg 300w, https:\/\/www.cosmepak.com\/wp-content\/uploads\/2025\/04\/7-1-150x150.jpg 150w, https:\/\/www.cosmepak.com\/wp-content\/uploads\/2025\/04\/7-1-768x768.jpg 768w, https:\/\/www.cosmepak.com\/wp-content\/uploads\/2025\/04\/7-1-12x12.jpg 12w, https:\/\/www.cosmepak.com\/wp-content\/uploads\/2025\/04\/7-1-600x600.jpg 600w, https:\/\/www.cosmepak.com\/wp-content\/uploads\/2025\/04\/7-1-100x100.jpg 100w\" sizes=\"(max-width: 1379px) 100vw, 1379px\" \/><\/p>\n<table style=\"border-collapse: collapse; width: 100%;\">\n<tbody>\n<tr>\n<td style=\"width: 25%;\"><img loading=\"lazy\" decoding=\"async\" class=\"alignnone size-full wp-image-2910\" src=\"https:\/\/www.cosmepak.com\/wp-content\/uploads\/2025\/04\/\u8be6\u60c5-8.jpg\" alt=\"\" width=\"1000\" height=\"1000\" srcset=\"https:\/\/www.cosmepak.com\/wp-content\/uploads\/2025\/04\/\u8be6\u60c5-8.jpg 1000w, https:\/\/www.cosmepak.com\/wp-content\/uploads\/2025\/04\/\u8be6\u60c5-8-300x300.jpg 300w, https:\/\/www.cosmepak.com\/wp-content\/uploads\/2025\/04\/\u8be6\u60c5-8-150x150.jpg 150w, https:\/\/www.cosmepak.com\/wp-content\/uploads\/2025\/04\/\u8be6\u60c5-8-768x768.jpg 768w, https:\/\/www.cosmepak.com\/wp-content\/uploads\/2025\/04\/\u8be6\u60c5-8-12x12.jpg 12w, https:\/\/www.cosmepak.com\/wp-content\/uploads\/2025\/04\/\u8be6\u60c5-8-600x600.jpg 600w, https:\/\/www.cosmepak.com\/wp-content\/uploads\/2025\/04\/\u8be6\u60c5-8-100x100.jpg 100w\" sizes=\"(max-width: 1000px) 100vw, 1000px\" \/><\/td>\n<td style=\"width: 25%;\"><img loading=\"lazy\" decoding=\"async\" class=\"alignnone size-full wp-image-2911\" src=\"https:\/\/www.cosmepak.com\/wp-content\/uploads\/2025\/04\/\u8be6\u60c5-9.jpg\" alt=\"\" width=\"1000\" height=\"1000\" srcset=\"https:\/\/www.cosmepak.com\/wp-content\/uploads\/2025\/04\/\u8be6\u60c5-9.jpg 1000w, https:\/\/www.cosmepak.com\/wp-content\/uploads\/2025\/04\/\u8be6\u60c5-9-300x300.jpg 300w, https:\/\/www.cosmepak.com\/wp-content\/uploads\/2025\/04\/\u8be6\u60c5-9-150x150.jpg 150w, https:\/\/www.cosmepak.com\/wp-content\/uploads\/2025\/04\/\u8be6\u60c5-9-768x768.jpg 768w, https:\/\/www.cosmepak.com\/wp-content\/uploads\/2025\/04\/\u8be6\u60c5-9-12x12.jpg 12w, https:\/\/www.cosmepak.com\/wp-content\/uploads\/2025\/04\/\u8be6\u60c5-9-600x600.jpg 600w, https:\/\/www.cosmepak.com\/wp-content\/uploads\/2025\/04\/\u8be6\u60c5-9-100x100.jpg 100w\" sizes=\"(max-width: 1000px) 100vw, 1000px\" \/><\/td>\n<td style=\"width: 25%;\"><img loading=\"lazy\" decoding=\"async\" class=\"alignnone size-full wp-image-2912\" src=\"https:\/\/www.cosmepak.com\/wp-content\/uploads\/2025\/04\/\u8be6\u60c5-6.jpg\" alt=\"\" width=\"1000\" height=\"1000\" srcset=\"https:\/\/www.cosmepak.com\/wp-content\/uploads\/2025\/04\/\u8be6\u60c5-6.jpg 1000w, https:\/\/www.cosmepak.com\/wp-content\/uploads\/2025\/04\/\u8be6\u60c5-6-300x300.jpg 300w, https:\/\/www.cosmepak.com\/wp-content\/uploads\/2025\/04\/\u8be6\u60c5-6-150x150.jpg 150w, https:\/\/www.cosmepak.com\/wp-content\/uploads\/2025\/04\/\u8be6\u60c5-6-768x768.jpg 768w, https:\/\/www.cosmepak.com\/wp-content\/uploads\/2025\/04\/\u8be6\u60c5-6-12x12.jpg 12w, https:\/\/www.cosmepak.com\/wp-content\/uploads\/2025\/04\/\u8be6\u60c5-6-600x600.jpg 600w, https:\/\/www.cosmepak.com\/wp-content\/uploads\/2025\/04\/\u8be6\u60c5-6-100x100.jpg 100w\" sizes=\"(max-width: 1000px) 100vw, 1000px\" \/><\/td>\n<td style=\"width: 25%;\"><img loading=\"lazy\" decoding=\"async\" class=\"alignnone size-full wp-image-2913\" src=\"https:\/\/www.cosmepak.com\/wp-content\/uploads\/2025\/04\/\u8be6\u60c5-7.jpg\" alt=\"\" width=\"1000\" height=\"1000\" srcset=\"https:\/\/www.cosmepak.com\/wp-content\/uploads\/2025\/04\/\u8be6\u60c5-7.jpg 1000w, https:\/\/www.cosmepak.com\/wp-content\/uploads\/2025\/04\/\u8be6\u60c5-7-300x300.jpg 300w, https:\/\/www.cosmepak.com\/wp-content\/uploads\/2025\/04\/\u8be6\u60c5-7-150x150.jpg 150w, https:\/\/www.cosmepak.com\/wp-content\/uploads\/2025\/04\/\u8be6\u60c5-7-768x768.jpg 768w, https:\/\/www.cosmepak.com\/wp-content\/uploads\/2025\/04\/\u8be6\u60c5-7-12x12.jpg 12w, https:\/\/www.cosmepak.com\/wp-content\/uploads\/2025\/04\/\u8be6\u60c5-7-600x600.jpg 600w, https:\/\/www.cosmepak.com\/wp-content\/uploads\/2025\/04\/\u8be6\u60c5-7-100x100.jpg 100w\" sizes=\"(max-width: 1000px) 100vw, 1000px\" \/><\/td>\n<\/tr>\n<\/tbody>\n<\/table>\n<table style=\"border-collapse: collapse; width: 100%;\">\n<tbody>\n<tr>\n<td style=\"width: 50%;\"><img loading=\"lazy\" decoding=\"async\" class=\"alignnone size-full wp-image-2915\" src=\"https:\/\/www.cosmepak.com\/wp-content\/uploads\/2025\/04\/5-2.jpg\" alt=\"\" width=\"1000\" height=\"1000\" srcset=\"https:\/\/www.cosmepak.com\/wp-content\/uploads\/2025\/04\/5-2.jpg 1000w, https:\/\/www.cosmepak.com\/wp-content\/uploads\/2025\/04\/5-2-300x300.jpg 300w, https:\/\/www.cosmepak.com\/wp-content\/uploads\/2025\/04\/5-2-150x150.jpg 150w, https:\/\/www.cosmepak.com\/wp-content\/uploads\/2025\/04\/5-2-768x768.jpg 768w, https:\/\/www.cosmepak.com\/wp-content\/uploads\/2025\/04\/5-2-12x12.jpg 12w, https:\/\/www.cosmepak.com\/wp-content\/uploads\/2025\/04\/5-2-600x600.jpg 600w, https:\/\/www.cosmepak.com\/wp-content\/uploads\/2025\/04\/5-2-100x100.jpg 100w\" sizes=\"(max-width: 1000px) 100vw, 1000px\" \/><\/td>\n<td style=\"width: 50%;\"><img loading=\"lazy\" decoding=\"async\" class=\"alignnone size-full wp-image-2916\" src=\"https:\/\/www.cosmepak.com\/wp-content\/uploads\/2025\/04\/6-2.jpg\" alt=\"\" width=\"1000\" height=\"1000\" srcset=\"https:\/\/www.cosmepak.com\/wp-content\/uploads\/2025\/04\/6-2.jpg 1000w, https:\/\/www.cosmepak.com\/wp-content\/uploads\/2025\/04\/6-2-300x300.jpg 300w, https:\/\/www.cosmepak.com\/wp-content\/uploads\/2025\/04\/6-2-150x150.jpg 150w, https:\/\/www.cosmepak.com\/wp-content\/uploads\/2025\/04\/6-2-768x768.jpg 768w, https:\/\/www.cosmepak.com\/wp-content\/uploads\/2025\/04\/6-2-12x12.jpg 12w, https:\/\/www.cosmepak.com\/wp-content\/uploads\/2025\/04\/6-2-600x600.jpg 600w, https:\/\/www.cosmepak.com\/wp-content\/uploads\/2025\/04\/6-2-100x100.jpg 100w\" sizes=\"(max-width: 1000px) 100vw, 1000px\" \/><\/td>\n<\/tr>\n<\/tbody>\n<\/table>\n<p>&nbsp;<\/p>","protected":false},"excerpt":{"rendered":"<p>Mat\u00e9riau du tube: mat\u00e9riau PP<\/p>\n<p>Mat\u00e9riau de capuchon: mat\u00e9riau PP<\/p>\n<p>Capacit\u00e9 : 100ml \/ 120ml<\/p>\n<p>Type de capuchon: flip capuchon<\/p>\n<p>Couleur: personnalis\u00e9e (n'importe quelle couleur Pantone Avaliable)<\/p>\n<p>Finition de surface: impression d'\u00e9cran, gla\u00e7age, estampage chaud, gradient de pulv\u00e9risation, finition mate, etc.<\/p>\n<p>MOQ: 5000pcs;<\/p>\n<p>&nbsp;<\/p>","protected":false},"featured_media":2908,"comment_status":"closed","ping_status":"closed","template":"","meta":{"_acf_changed":false},"product_brand":[],"product_cat":[20],"product_tag":[],"class_list":{"0":"post-1678","1":"product","2":"type-product","3":"status-publish","4":"has-post-thumbnail","6":"product_cat-plastic-tube","8":"first","9":"outofstock","10":"shipping-taxable","11":"product-type-simple"},"acf":[],"_links":{"self":[{"href":"https:\/\/www.cosmepak.com\/fr\/wp-json\/wp\/v2\/product\/1678","targetHints":{"allow":["GET"]}}],"collection":[{"href":"https:\/\/www.cosmepak.com\/fr\/wp-json\/wp\/v2\/product"}],"about":[{"href":"https:\/\/www.cosmepak.com\/fr\/wp-json\/wp\/v2\/types\/product"}],"replies":[{"embeddable":true,"href":"https:\/\/www.cosmepak.com\/fr\/wp-json\/wp\/v2\/comments?post=1678"}],"wp:featuredmedia":[{"embeddable":true,"href":"https:\/\/www.cosmepak.com\/fr\/wp-json\/wp\/v2\/media\/2908"}],"wp:attachment":[{"href":"https:\/\/www.cosmepak.com\/fr\/wp-json\/wp\/v2\/media?parent=1678"}],"wp:term":[{"taxonomy":"product_brand","embeddable":true,"href":"https:\/\/www.cosmepak.com\/fr\/wp-json\/wp\/v2\/product_brand?post=1678"},{"taxonomy":"product_cat","embeddable":true,"href":"https:\/\/www.cosmepak.com\/fr\/wp-json\/wp\/v2\/product_cat?post=1678"},{"taxonomy":"product_tag","embeddable":true,"href":"https:\/\/www.cosmepak.com\/fr\/wp-json\/wp\/v2\/product_tag?post=1678"}],"curies":[{"name":"WP","href":"https:\/\/api.w.org\/{rel}","templated":true}]}}