{"id":1699,"date":"2025-04-01T15:42:43","date_gmt":"2025-04-01T07:42:43","guid":{"rendered":"https:\/\/www.cosmepak.com\/?post_type=product&#038;p=1699"},"modified":"2025-11-18T14:58:07","modified_gmt":"2025-11-18T06:58:07","slug":"10ml-cosmetic-glass-bottle-jaunce","status":"publish","type":"product","link":"https:\/\/www.cosmepak.com\/fr\/product\/10ml-cosmetic-glass-bottle-jaunce\/","title":{"rendered":"Bouteille de verre cosm\u00e9tique 10ml \/ Jaunce"},"content":{"rendered":"<table style=\"border-collapse: collapse; width: 100%; height: 242px;\">\n<tbody>\n<tr style=\"height: 24px;\">\n<td style=\"width: 27.3565%; text-align: center;\" rowspan=\"8\"><img fetchpriority=\"high\" decoding=\"async\" class=\"alignnone size-full wp-image-3458\" src=\"https:\/\/www.cosmepak.com\/wp-content\/uploads\/2025\/04\/\u4e3b\u56fe-6-2.jpg\" alt=\"\" width=\"800\" height=\"800\" srcset=\"https:\/\/www.cosmepak.com\/wp-content\/uploads\/2025\/04\/\u4e3b\u56fe-6-2.jpg 800w, https:\/\/www.cosmepak.com\/wp-content\/uploads\/2025\/04\/\u4e3b\u56fe-6-2-300x300.jpg 300w, https:\/\/www.cosmepak.com\/wp-content\/uploads\/2025\/04\/\u4e3b\u56fe-6-2-150x150.jpg 150w, https:\/\/www.cosmepak.com\/wp-content\/uploads\/2025\/04\/\u4e3b\u56fe-6-2-768x768.jpg 768w, https:\/\/www.cosmepak.com\/wp-content\/uploads\/2025\/04\/\u4e3b\u56fe-6-2-12x12.jpg 12w, https:\/\/www.cosmepak.com\/wp-content\/uploads\/2025\/04\/\u4e3b\u56fe-6-2-600x600.jpg 600w, https:\/\/www.cosmepak.com\/wp-content\/uploads\/2025\/04\/\u4e3b\u56fe-6-2-100x100.jpg 100w\" sizes=\"(max-width: 800px) 100vw, 800px\" \/><\/td>\n<td style=\"width: 34.16%; height: 24px; text-align: center;\">Marque<\/td>\n<td style=\"width: 38.4834%; height: 24px; text-align: center;\">\u00a0Jaunce<\/td>\n<\/tr>\n<tr style=\"height: 24px;\">\n<td style=\"width: 34.16%; height: 24px; text-align: center;\">Capacit\u00e9<\/td>\n<td style=\"width: 38.4834%; height: 24px; text-align: center;\">10 ml<\/td>\n<\/tr>\n<tr style=\"height: 24px;\">\n<td style=\"width: 34.16%; height: 24px; text-align: center;\">Forme<\/td>\n<td style=\"width: 38.4834%; height: 24px; text-align: center;\">Conique<\/td>\n<\/tr>\n<tr style=\"height: 24px;\">\n<td style=\"width: 34.16%; height: 24px; text-align: center;\">Mat\u00e9riel<\/td>\n<td style=\"width: 38.4834%; height: 24px; text-align: center;\">Verre<\/td>\n<\/tr>\n<tr style=\"height: 24px;\">\n<td style=\"width: 34.16%; height: 24px; text-align: center;\">Convenable<\/td>\n<td style=\"width: 38.4834%; height: 24px; text-align: center;\">Rouleau\/pulv\u00e9risation<\/td>\n<\/tr>\n<tr style=\"height: 24px;\">\n<td style=\"width: 34.16%; height: 24px; text-align: center;\">Mod\u00e8le<\/td>\n<td style=\"width: 38.4834%; height: 24px; text-align: center;\">JH-YM10<\/td>\n<\/tr>\n<tr style=\"height: 24px;\">\n<td style=\"width: 34.16%; height: 24px; text-align: center;\">OEM \/ ODM<\/td>\n<td style=\"width: 38.4834%; height: 24px; text-align: center;\">Accepter<\/td>\n<\/tr>\n<tr style=\"height: 24px;\">\n<td style=\"width: 34.16%; height: 24px; text-align: center;\">MOQ<\/td>\n<td style=\"width: 38.4834%; height: 24px; text-align: center;\">G\u00e9n\u00e9ral 5000pcs;<\/td>\n<\/tr>\n<\/tbody>\n<\/table>\n<table style=\"border-collapse: collapse; width: 100%;\">\n<tbody>\n<tr>\n<td style=\"width: 16.6667%; text-align: center;\">Article<\/td>\n<td style=\"width: 16.6667%; text-align: center;\">Capacit\u00e9<\/td>\n<td style=\"width: 16.6667%; text-align: center;\">Hauteur totale<\/td>\n<td style=\"width: 16.6667%; text-align: center;\">Hauteur imprimable<\/td>\n<td style=\"width: 16.6667%; text-align: center;\">Dia<\/td>\n<td style=\"width: 16.6667%; text-align: center;\">Poids<\/td>\n<\/tr>\n<tr>\n<td style=\"width: 16.6667%; text-align: center;\">Bouteille de pulv\u00e9risation<\/td>\n<td style=\"width: 16.6667%; text-align: center;\">10 ml<\/td>\n<td style=\"width: 16.6667%; text-align: center;\">75 mm<\/td>\n<td style=\"width: 16.6667%; text-align: center;\">30 mm<\/td>\n<td style=\"width: 16.6667%; text-align: center;\">30 mm<\/td>\n<td style=\"width: 16.6667%; text-align: center;\">32g<\/td>\n<\/tr>\n<tr>\n<td style=\"width: 16.6667%; text-align: center;\">Bouteille \u00e0 rouleaux<\/td>\n<td style=\"width: 16.6667%; text-align: center;\">10 ml<\/td>\n<td style=\"width: 16.6667%; text-align: center;\">69 mm<\/td>\n<td style=\"width: 16.6667%; text-align: center;\">30 mm<\/td>\n<td style=\"width: 16.6667%; text-align: center;\">30 mm<\/td>\n<td style=\"width: 16.6667%; text-align: center;\">32.8g<\/td>\n<\/tr>\n<\/tbody>\n<\/table>\n<p>La bouteille avec sp\u00e9cification de capacit\u00e9 d'or de 10ml. Compact et de taille exquise, il peut \u00eatre facilement plac\u00e9 dans un sac \u00e0 main, un sac de maquillage ou m\u00eame une poche, sans occuper d'espace suppl\u00e9mentaire. Cela vous permet de profiter du parfum exclusif \u00e0 tout moment et n'importe o\u00f9. Par rapport aux bouteilles de parfum de grande capacit\u00e9, la bouteille de distribution de 10 ml est plus pratique pour contr\u00f4ler la quantit\u00e9 d'utilisation et \u00e9vite les inconv\u00e9nients des contr\u00f4les de s\u00e9curit\u00e9 caus\u00e9s par le transport de grandes bouteilles de parfum.<\/p>\n<p>La taille compacte peut facilement r\u00e9pondre aux exigences de s\u00e9paration et de transport de parfum pour les trajets quotidiens, les courts voyages ou les voyages d'affaires.<\/p>\n<p>Il est fabriqu\u00e9 en verre de haute qualit\u00e9, qui a non seulement une texture transparente et d\u00e9licate, mais a \u00e9galement l'avantage d'\u00eatre respectueux de l'environnement et recyclable. Cela correspond au concept actuel de consommation verte. La bouche de bouteille est con\u00e7ue avec des fils pr\u00e9cis, et lorsqu'elle est associ\u00e9e aux accessoires d\u00e9di\u00e9s, elle pr\u00e9sente une performance d'\u00e9tanch\u00e9it\u00e9 extr\u00eamement forte, emp\u00eachant efficacement l'\u00e9vaporation et les fuites du parfum et assurant la r\u00e9tention durable du parfum. Le fond de la bouteille a \u00e9t\u00e9 \u00e9paissi, avec une excellente r\u00e9sistance aux chocs, et est peu susceptible d'\u00eatre endommag\u00e9 lors de l'utilisation quotidienne, prolongant ainsi le produit&#8217; S vie de service.<\/p>\n<p>Le produit a optimis\u00e9 la conception de distribution de liquide en fonction des diff\u00e9rents besoins d'utilisation. La bouteille avec spray, avec son effet d'atomisation fine, permet au parfum de couvrir une zone plus uniforme, am\u00e9liorant l'exp\u00e9rience d'utilisation; le mod\u00e8le \u00e0 bille permet un contr\u00f4le pr\u00e9cis de la distribution de liquide, \u00e9vitant le probl\u00e8me de parfum trop intense ou de d\u00e9chets caus\u00e9s par une distribution excessive de liquide. Les deux m\u00e9thodes de distribution ont leurs propres avantages, et vous pouvez choisir avec souplesse selon vos pr\u00e9f\u00e9rences personnelles.<\/p>\n<table style=\"border-collapse: collapse; width: 100%;\">\n<tbody>\n<tr>\n<td style=\"width: 33.3333%;\"><img decoding=\"async\" class=\"alignnone size-full wp-image-3450\" src=\"https:\/\/www.cosmepak.com\/wp-content\/uploads\/2025\/04\/\u4e3b\u56fe-7.jpg\" alt=\"\" width=\"1000\" height=\"1000\" srcset=\"https:\/\/www.cosmepak.com\/wp-content\/uploads\/2025\/04\/\u4e3b\u56fe-7.jpg 1000w, https:\/\/www.cosmepak.com\/wp-content\/uploads\/2025\/04\/\u4e3b\u56fe-7-300x300.jpg 300w, https:\/\/www.cosmepak.com\/wp-content\/uploads\/2025\/04\/\u4e3b\u56fe-7-150x150.jpg 150w, https:\/\/www.cosmepak.com\/wp-content\/uploads\/2025\/04\/\u4e3b\u56fe-7-768x768.jpg 768w, https:\/\/www.cosmepak.com\/wp-content\/uploads\/2025\/04\/\u4e3b\u56fe-7-12x12.jpg 12w, https:\/\/www.cosmepak.com\/wp-content\/uploads\/2025\/04\/\u4e3b\u56fe-7-600x600.jpg 600w, https:\/\/www.cosmepak.com\/wp-content\/uploads\/2025\/04\/\u4e3b\u56fe-7-100x100.jpg 100w\" sizes=\"(max-width: 1000px) 100vw, 1000px\" \/><\/td>\n<td style=\"width: 33.3333%;\"><img decoding=\"async\" class=\"alignnone size-full wp-image-3451\" src=\"https:\/\/www.cosmepak.com\/wp-content\/uploads\/2025\/04\/\u4e3b\u56fe-8.jpg\" alt=\"\" width=\"1000\" height=\"1000\" srcset=\"https:\/\/www.cosmepak.com\/wp-content\/uploads\/2025\/04\/\u4e3b\u56fe-8.jpg 1000w, https:\/\/www.cosmepak.com\/wp-content\/uploads\/2025\/04\/\u4e3b\u56fe-8-300x300.jpg 300w, https:\/\/www.cosmepak.com\/wp-content\/uploads\/2025\/04\/\u4e3b\u56fe-8-150x150.jpg 150w, https:\/\/www.cosmepak.com\/wp-content\/uploads\/2025\/04\/\u4e3b\u56fe-8-768x768.jpg 768w, https:\/\/www.cosmepak.com\/wp-content\/uploads\/2025\/04\/\u4e3b\u56fe-8-12x12.jpg 12w, https:\/\/www.cosmepak.com\/wp-content\/uploads\/2025\/04\/\u4e3b\u56fe-8-600x600.jpg 600w, https:\/\/www.cosmepak.com\/wp-content\/uploads\/2025\/04\/\u4e3b\u56fe-8-100x100.jpg 100w\" sizes=\"(max-width: 1000px) 100vw, 1000px\" \/><\/td>\n<td style=\"width: 33.3333%;\"><img loading=\"lazy\" decoding=\"async\" class=\"alignnone size-full wp-image-3452\" src=\"https:\/\/www.cosmepak.com\/wp-content\/uploads\/2025\/04\/\u4e3b\u56fe-9.jpg\" alt=\"\" width=\"1000\" height=\"1000\" srcset=\"https:\/\/www.cosmepak.com\/wp-content\/uploads\/2025\/04\/\u4e3b\u56fe-9.jpg 1000w, https:\/\/www.cosmepak.com\/wp-content\/uploads\/2025\/04\/\u4e3b\u56fe-9-300x300.jpg 300w, https:\/\/www.cosmepak.com\/wp-content\/uploads\/2025\/04\/\u4e3b\u56fe-9-150x150.jpg 150w, https:\/\/www.cosmepak.com\/wp-content\/uploads\/2025\/04\/\u4e3b\u56fe-9-768x768.jpg 768w, https:\/\/www.cosmepak.com\/wp-content\/uploads\/2025\/04\/\u4e3b\u56fe-9-12x12.jpg 12w, https:\/\/www.cosmepak.com\/wp-content\/uploads\/2025\/04\/\u4e3b\u56fe-9-600x600.jpg 600w, https:\/\/www.cosmepak.com\/wp-content\/uploads\/2025\/04\/\u4e3b\u56fe-9-100x100.jpg 100w\" sizes=\"(max-width: 1000px) 100vw, 1000px\" \/><\/td>\n<\/tr>\n<tr>\n<td style=\"width: 33.3333%;\"><img loading=\"lazy\" decoding=\"async\" class=\"alignnone size-full wp-image-3453\" src=\"https:\/\/www.cosmepak.com\/wp-content\/uploads\/2025\/04\/\u4e3b\u56fe-10.jpg\" alt=\"\" width=\"1000\" height=\"1000\" srcset=\"https:\/\/www.cosmepak.com\/wp-content\/uploads\/2025\/04\/\u4e3b\u56fe-10.jpg 1000w, https:\/\/www.cosmepak.com\/wp-content\/uploads\/2025\/04\/\u4e3b\u56fe-10-300x300.jpg 300w, https:\/\/www.cosmepak.com\/wp-content\/uploads\/2025\/04\/\u4e3b\u56fe-10-150x150.jpg 150w, https:\/\/www.cosmepak.com\/wp-content\/uploads\/2025\/04\/\u4e3b\u56fe-10-768x768.jpg 768w, https:\/\/www.cosmepak.com\/wp-content\/uploads\/2025\/04\/\u4e3b\u56fe-10-12x12.jpg 12w, https:\/\/www.cosmepak.com\/wp-content\/uploads\/2025\/04\/\u4e3b\u56fe-10-600x600.jpg 600w, https:\/\/www.cosmepak.com\/wp-content\/uploads\/2025\/04\/\u4e3b\u56fe-10-100x100.jpg 100w\" sizes=\"(max-width: 1000px) 100vw, 1000px\" \/><\/td>\n<td style=\"width: 33.3333%;\"><img loading=\"lazy\" decoding=\"async\" class=\"alignnone size-full wp-image-3454\" src=\"https:\/\/www.cosmepak.com\/wp-content\/uploads\/2025\/04\/\u4e3b\u56fe-11.jpg\" alt=\"\" width=\"1000\" height=\"1000\" srcset=\"https:\/\/www.cosmepak.com\/wp-content\/uploads\/2025\/04\/\u4e3b\u56fe-11.jpg 1000w, https:\/\/www.cosmepak.com\/wp-content\/uploads\/2025\/04\/\u4e3b\u56fe-11-300x300.jpg 300w, https:\/\/www.cosmepak.com\/wp-content\/uploads\/2025\/04\/\u4e3b\u56fe-11-150x150.jpg 150w, https:\/\/www.cosmepak.com\/wp-content\/uploads\/2025\/04\/\u4e3b\u56fe-11-768x768.jpg 768w, https:\/\/www.cosmepak.com\/wp-content\/uploads\/2025\/04\/\u4e3b\u56fe-11-12x12.jpg 12w, https:\/\/www.cosmepak.com\/wp-content\/uploads\/2025\/04\/\u4e3b\u56fe-11-600x600.jpg 600w, https:\/\/www.cosmepak.com\/wp-content\/uploads\/2025\/04\/\u4e3b\u56fe-11-100x100.jpg 100w\" sizes=\"(max-width: 1000px) 100vw, 1000px\" \/><\/td>\n<td style=\"width: 33.3333%;\"><img loading=\"lazy\" decoding=\"async\" class=\"alignnone size-full wp-image-3455\" src=\"https:\/\/www.cosmepak.com\/wp-content\/uploads\/2025\/04\/\u4e3b\u56fe-12.jpg\" alt=\"\" width=\"1000\" height=\"1000\" srcset=\"https:\/\/www.cosmepak.com\/wp-content\/uploads\/2025\/04\/\u4e3b\u56fe-12.jpg 1000w, https:\/\/www.cosmepak.com\/wp-content\/uploads\/2025\/04\/\u4e3b\u56fe-12-300x300.jpg 300w, https:\/\/www.cosmepak.com\/wp-content\/uploads\/2025\/04\/\u4e3b\u56fe-12-150x150.jpg 150w, https:\/\/www.cosmepak.com\/wp-content\/uploads\/2025\/04\/\u4e3b\u56fe-12-768x768.jpg 768w, https:\/\/www.cosmepak.com\/wp-content\/uploads\/2025\/04\/\u4e3b\u56fe-12-12x12.jpg 12w, https:\/\/www.cosmepak.com\/wp-content\/uploads\/2025\/04\/\u4e3b\u56fe-12-600x600.jpg 600w, https:\/\/www.cosmepak.com\/wp-content\/uploads\/2025\/04\/\u4e3b\u56fe-12-100x100.jpg 100w\" sizes=\"(max-width: 1000px) 100vw, 1000px\" \/><\/td>\n<\/tr>\n<\/tbody>\n<\/table>\n<table style=\"border-collapse: collapse; width: 100%;\">\n<tbody>\n<tr>\n<td style=\"width: 50%;\"><img loading=\"lazy\" decoding=\"async\" class=\"alignnone size-full wp-image-3456\" src=\"https:\/\/www.cosmepak.com\/wp-content\/uploads\/2025\/04\/1-13.jpg\" alt=\"\" width=\"1000\" height=\"1000\" srcset=\"https:\/\/www.cosmepak.com\/wp-content\/uploads\/2025\/04\/1-13.jpg 1000w, https:\/\/www.cosmepak.com\/wp-content\/uploads\/2025\/04\/1-13-300x300.jpg 300w, https:\/\/www.cosmepak.com\/wp-content\/uploads\/2025\/04\/1-13-150x150.jpg 150w, https:\/\/www.cosmepak.com\/wp-content\/uploads\/2025\/04\/1-13-768x768.jpg 768w, https:\/\/www.cosmepak.com\/wp-content\/uploads\/2025\/04\/1-13-12x12.jpg 12w, https:\/\/www.cosmepak.com\/wp-content\/uploads\/2025\/04\/1-13-600x600.jpg 600w, https:\/\/www.cosmepak.com\/wp-content\/uploads\/2025\/04\/1-13-100x100.jpg 100w\" sizes=\"(max-width: 1000px) 100vw, 1000px\" \/><\/td>\n<td style=\"width: 50%;\"><img loading=\"lazy\" decoding=\"async\" class=\"alignnone size-full wp-image-3457\" src=\"https:\/\/www.cosmepak.com\/wp-content\/uploads\/2025\/04\/3-8.jpg\" alt=\"\" width=\"1000\" height=\"1000\" srcset=\"https:\/\/www.cosmepak.com\/wp-content\/uploads\/2025\/04\/3-8.jpg 1000w, https:\/\/www.cosmepak.com\/wp-content\/uploads\/2025\/04\/3-8-300x300.jpg 300w, https:\/\/www.cosmepak.com\/wp-content\/uploads\/2025\/04\/3-8-150x150.jpg 150w, https:\/\/www.cosmepak.com\/wp-content\/uploads\/2025\/04\/3-8-768x768.jpg 768w, https:\/\/www.cosmepak.com\/wp-content\/uploads\/2025\/04\/3-8-12x12.jpg 12w, https:\/\/www.cosmepak.com\/wp-content\/uploads\/2025\/04\/3-8-600x600.jpg 600w, https:\/\/www.cosmepak.com\/wp-content\/uploads\/2025\/04\/3-8-100x100.jpg 100w\" sizes=\"(max-width: 1000px) 100vw, 1000px\" \/><\/td>\n<\/tr>\n<\/tbody>\n<\/table>","protected":false},"excerpt":{"rendered":"<p>Mat\u00e9riel: Verre transparent premium avec subtil vertical<\/p>\n<p>Capacit\u00e9: 5ml\/10ml<\/p>\n<p>Taille: 5 ml: OD 14 mm;<\/p>\n<p>10 ml: OD 19 mm;<\/p>\n<p>Couleur: Bleu\/marron; Accepter personnalis\u00e9 (toute couleur Pantone disponible)<\/p>\n<p>Finition de surface: impression d'\u00e9cran, estampage chaud, gradient de pulv\u00e9risation, finition mate, etc.<\/p>\n<p>MOQ: 5000pcs;<\/p>\n<p>\u00c9chantillon: \u00e9chantillons gratuits disponibles<\/p>\n<p>&nbsp;<\/p>\n<p>&nbsp;<\/p>","protected":false},"featured_media":3459,"comment_status":"closed","ping_status":"closed","template":"","meta":{"_acf_changed":false},"product_brand":[],"product_cat":[15,58],"product_tag":[40],"class_list":{"0":"post-1699","1":"product","2":"type-product","3":"status-publish","4":"has-post-thumbnail","6":"product_cat-essential-oil-bottle","7":"product_cat-glass-essential-oil-bottle","8":"product_tag-essential-oil-bottle","10":"first","11":"outofstock","12":"shipping-taxable","13":"product-type-simple"},"acf":[],"_links":{"self":[{"href":"https:\/\/www.cosmepak.com\/fr\/wp-json\/wp\/v2\/product\/1699","targetHints":{"allow":["GET"]}}],"collection":[{"href":"https:\/\/www.cosmepak.com\/fr\/wp-json\/wp\/v2\/product"}],"about":[{"href":"https:\/\/www.cosmepak.com\/fr\/wp-json\/wp\/v2\/types\/product"}],"replies":[{"embeddable":true,"href":"https:\/\/www.cosmepak.com\/fr\/wp-json\/wp\/v2\/comments?post=1699"}],"wp:featuredmedia":[{"embeddable":true,"href":"https:\/\/www.cosmepak.com\/fr\/wp-json\/wp\/v2\/media\/3459"}],"wp:attachment":[{"href":"https:\/\/www.cosmepak.com\/fr\/wp-json\/wp\/v2\/media?parent=1699"}],"wp:term":[{"taxonomy":"product_brand","embeddable":true,"href":"https:\/\/www.cosmepak.com\/fr\/wp-json\/wp\/v2\/product_brand?post=1699"},{"taxonomy":"product_cat","embeddable":true,"href":"https:\/\/www.cosmepak.com\/fr\/wp-json\/wp\/v2\/product_cat?post=1699"},{"taxonomy":"product_tag","embeddable":true,"href":"https:\/\/www.cosmepak.com\/fr\/wp-json\/wp\/v2\/product_tag?post=1699"}],"curies":[{"name":"WP","href":"https:\/\/api.w.org\/{rel}","templated":true}]}}