{"id":1731,"date":"2025-04-02T16:53:50","date_gmt":"2025-04-02T08:53:50","guid":{"rendered":"https:\/\/www.cosmepak.com\/?post_type=product&#038;p=1731"},"modified":"2026-01-05T14:34:37","modified_gmt":"2026-01-05T06:34:37","slug":"flacon-compte-gouttes-30ml-a-fond-volcanique-jaunce","status":"publish","type":"product","link":"https:\/\/www.cosmepak.com\/fr\/product\/30ml-volcanic-bottom-dropper-bottle-jaunce\/","title":{"rendered":"Bouteille de gouttes de fond volcanique de 30ml \/ Jaunce"},"content":{"rendered":"<table style=\"border-collapse: collapse; width: 100%; height: 216px;\">\n<tbody>\n<tr style=\"height: 24px;\">\n<td style=\"width: 40.6929%; height: 216px;\" rowspan=\"9\"><img fetchpriority=\"high\" decoding=\"async\" class=\"alignnone size-full wp-image-3533\" src=\"https:\/\/www.cosmepak.com\/wp-content\/uploads\/2025\/04\/O1CN012p6qjx1TbFa49YKNW_2506382400-0-cib.jpg\" alt=\"\" width=\"800\" height=\"800\" srcset=\"https:\/\/www.cosmepak.com\/wp-content\/uploads\/2025\/04\/O1CN012p6qjx1TbFa49YKNW_2506382400-0-cib.jpg 800w, https:\/\/www.cosmepak.com\/wp-content\/uploads\/2025\/04\/O1CN012p6qjx1TbFa49YKNW_2506382400-0-cib-300x300.jpg 300w, https:\/\/www.cosmepak.com\/wp-content\/uploads\/2025\/04\/O1CN012p6qjx1TbFa49YKNW_2506382400-0-cib-150x150.jpg 150w, https:\/\/www.cosmepak.com\/wp-content\/uploads\/2025\/04\/O1CN012p6qjx1TbFa49YKNW_2506382400-0-cib-768x768.jpg 768w, https:\/\/www.cosmepak.com\/wp-content\/uploads\/2025\/04\/O1CN012p6qjx1TbFa49YKNW_2506382400-0-cib-12x12.jpg 12w, https:\/\/www.cosmepak.com\/wp-content\/uploads\/2025\/04\/O1CN012p6qjx1TbFa49YKNW_2506382400-0-cib-600x600.jpg 600w, https:\/\/www.cosmepak.com\/wp-content\/uploads\/2025\/04\/O1CN012p6qjx1TbFa49YKNW_2506382400-0-cib-100x100.jpg 100w\" sizes=\"(max-width: 800px) 100vw, 800px\" \/><\/td>\n<td style=\"width: 23.5109%; height: 24px; text-align: center;\">Marque<\/td>\n<td style=\"width: 35.7961%; height: 24px; text-align: center;\">\u00a0Jaunce<\/td>\n<\/tr>\n<tr style=\"height: 24px;\">\n<td style=\"width: 23.5109%; height: 24px; text-align: center;\">Capacit\u00e9<\/td>\n<td style=\"width: 35.7961%; height: 24px; text-align: center;\">30 ml<\/td>\n<\/tr>\n<tr style=\"height: 24px;\">\n<td style=\"width: 23.5109%; height: 24px; text-align: center;\">Forme<\/td>\n<td style=\"width: 35.7961%; height: 24px; text-align: center;\">Rond<\/td>\n<\/tr>\n<tr style=\"height: 24px;\">\n<td style=\"width: 23.5109%; height: 24px; text-align: center;\">Mat\u00e9riel<\/td>\n<td style=\"width: 35.7961%; height: 24px; text-align: center;\">Verre<\/td>\n<\/tr>\n<tr style=\"height: 24px;\">\n<td style=\"width: 23.5109%; height: 24px; text-align: center;\">Convenable<\/td>\n<td style=\"width: 35.7961%; height: 24px; text-align: center;\">Compte-gouttes<\/td>\n<\/tr>\n<tr style=\"height: 24px;\">\n<td style=\"width: 23.5109%; height: 24px; text-align: center;\">Mod\u00e8le<\/td>\n<td style=\"width: 35.7961%; height: 24px; text-align: center;\">JH-my30<\/td>\n<\/tr>\n<tr style=\"height: 24px;\">\n<td style=\"width: 23.5109%; height: 24px; text-align: center;\">OEM \/ ODM<\/td>\n<td style=\"width: 35.7961%; height: 24px; text-align: center;\">Accepter<\/td>\n<\/tr>\n<tr style=\"height: 24px;\">\n<td style=\"width: 23.5109%; height: 24px; text-align: center;\">Couleur<\/td>\n<td style=\"width: 35.7961%; height: 24px; text-align: center;\">Toute couleur Parton personnalis\u00e9e<\/td>\n<\/tr>\n<tr style=\"height: 24px;\">\n<td style=\"width: 23.5109%; height: 24px; text-align: center;\">MOQ<\/td>\n<td style=\"width: 35.7961%; height: 24px; text-align: center;\">Pour 10000pcs personnalis\u00e9s<\/td>\n<\/tr>\n<\/tbody>\n<\/table>\n<p>La bouteille est m\u00e9ticuleusement fabriqu\u00e9e en verre de haute qualit\u00e9, avec une texture transparente et d\u00e9licate. Il poss\u00e8de \u00e9galement une excellente stabilit\u00e9 chimique, emp\u00eachant efficacement la contamination ext\u00e9rieure et \u00e9vitant les r\u00e9actions entre les ingr\u00e9dients actifs tels que les huiles essentielles et le liquide, tout en pr\u00e9servant l'efficacit\u00e9 originale et la texture pure du produit. Le poids et l'\u00e9paisseur du mat\u00e9riau en verre, combin\u00e9s \u00e0 la forme de base volcanique soigneusement con\u00e7ue, am\u00e9liorent non seulement la stabilit\u00e9 de la bouteille lorsqu'elle est plac\u00e9e, mais emp\u00eachent \u00e9galement le basculement et les fuites, tout en donnant au produit une identit\u00e9 visuelle unique, d\u00e9montrant pleinement le style haut de gamme.<\/p>\n<p>Nous offrons trois couleurs de bouteille \u00e0 la mode pour votre choix: Le style violet gradient est comme le cristal violet au cr\u00e9puscule, avec des couches riches, cr\u00e9ant une atmosph\u00e8re r\u00eaveuse et romantique, et \u00e9mettant un parfum \u00e9l\u00e9gant; Le style brun classique allie praticit\u00e9 et texture, bloquant efficacement la lumi\u00e8re et fournissant un environnement de stockage id\u00e9al pour les huiles essentielles et les liquides concentr\u00e9s, tout en montrant un temp\u00e9rament serein et \u00e9l\u00e9gant; Le style jaune frais est comme la lumi\u00e8re chaude du soleil au printemps, lumineux et vivant, injectant vitalit\u00e9 et vigueur dans le produit, et est extr\u00eamement susceptible d'attirer les consommateurs &#8217; attention.<\/p>\n<p>Les grands tubes goutteurs noirs et dor\u00e9s rendent l'apparence globale du produit plus harmonieuse. La manche ext\u00e9rieure noire est simple et stable, tandis que celle en or est luxueuse et exquise, am\u00e9liorant le produit&#8217; positionnement haut de gamme.<\/p>\n<p>Le diam\u00e8tre de la bouteille est de 48mm et la hauteur totale est de 95mm. La hauteur imprim\u00e9e de la bouteille est de 40mm, peut fournir ample espace de personnalisation. Il peut \u00eatre imprim\u00e9 avec des logos de marque, des noms de produits, des descriptions d'ingr\u00e9dients, etc., aidant \u00e0 fa\u00e7onner l'image de marque et \u00e0 transmettre des informations sur le produit. Et le poids d'une seule bouteille est d'environ 138,5 g.<\/p>\n<table style=\"border-collapse: collapse; width: 100%;\">\n<tbody>\n<tr>\n<td style=\"width: 33.3333%;\"><img decoding=\"async\" class=\"alignnone size-full wp-image-3534\" src=\"https:\/\/www.cosmepak.com\/wp-content\/uploads\/2025\/04\/O1CN01CZcaon1TbFa5J67C1_2506382400-0-cib.jpg\" alt=\"\" width=\"1000\" height=\"1000\" srcset=\"https:\/\/www.cosmepak.com\/wp-content\/uploads\/2025\/04\/O1CN01CZcaon1TbFa5J67C1_2506382400-0-cib.jpg 1000w, https:\/\/www.cosmepak.com\/wp-content\/uploads\/2025\/04\/O1CN01CZcaon1TbFa5J67C1_2506382400-0-cib-300x300.jpg 300w, https:\/\/www.cosmepak.com\/wp-content\/uploads\/2025\/04\/O1CN01CZcaon1TbFa5J67C1_2506382400-0-cib-150x150.jpg 150w, https:\/\/www.cosmepak.com\/wp-content\/uploads\/2025\/04\/O1CN01CZcaon1TbFa5J67C1_2506382400-0-cib-768x768.jpg 768w, https:\/\/www.cosmepak.com\/wp-content\/uploads\/2025\/04\/O1CN01CZcaon1TbFa5J67C1_2506382400-0-cib-12x12.jpg 12w, https:\/\/www.cosmepak.com\/wp-content\/uploads\/2025\/04\/O1CN01CZcaon1TbFa5J67C1_2506382400-0-cib-600x600.jpg 600w, https:\/\/www.cosmepak.com\/wp-content\/uploads\/2025\/04\/O1CN01CZcaon1TbFa5J67C1_2506382400-0-cib-100x100.jpg 100w\" sizes=\"(max-width: 1000px) 100vw, 1000px\" \/><\/td>\n<td style=\"width: 33.3333%;\"><img decoding=\"async\" class=\"alignnone size-full wp-image-3535\" src=\"https:\/\/www.cosmepak.com\/wp-content\/uploads\/2025\/04\/O1CN01lZNR9I1TbFa2w3Z7E_2506382400-0-cib.jpg\" alt=\"\" width=\"1000\" height=\"1000\" srcset=\"https:\/\/www.cosmepak.com\/wp-content\/uploads\/2025\/04\/O1CN01lZNR9I1TbFa2w3Z7E_2506382400-0-cib.jpg 1000w, https:\/\/www.cosmepak.com\/wp-content\/uploads\/2025\/04\/O1CN01lZNR9I1TbFa2w3Z7E_2506382400-0-cib-300x300.jpg 300w, https:\/\/www.cosmepak.com\/wp-content\/uploads\/2025\/04\/O1CN01lZNR9I1TbFa2w3Z7E_2506382400-0-cib-150x150.jpg 150w, https:\/\/www.cosmepak.com\/wp-content\/uploads\/2025\/04\/O1CN01lZNR9I1TbFa2w3Z7E_2506382400-0-cib-768x768.jpg 768w, https:\/\/www.cosmepak.com\/wp-content\/uploads\/2025\/04\/O1CN01lZNR9I1TbFa2w3Z7E_2506382400-0-cib-12x12.jpg 12w, https:\/\/www.cosmepak.com\/wp-content\/uploads\/2025\/04\/O1CN01lZNR9I1TbFa2w3Z7E_2506382400-0-cib-600x600.jpg 600w, https:\/\/www.cosmepak.com\/wp-content\/uploads\/2025\/04\/O1CN01lZNR9I1TbFa2w3Z7E_2506382400-0-cib-100x100.jpg 100w\" sizes=\"(max-width: 1000px) 100vw, 1000px\" \/><\/td>\n<td style=\"width: 33.3333%;\"><img loading=\"lazy\" decoding=\"async\" class=\"alignnone size-full wp-image-3536\" src=\"https:\/\/www.cosmepak.com\/wp-content\/uploads\/2025\/04\/O1CN01zw1cEY1TbFa3UiOnM_2506382400-0-cib.jpg\" alt=\"\" width=\"1000\" height=\"1000\" srcset=\"https:\/\/www.cosmepak.com\/wp-content\/uploads\/2025\/04\/O1CN01zw1cEY1TbFa3UiOnM_2506382400-0-cib.jpg 1000w, https:\/\/www.cosmepak.com\/wp-content\/uploads\/2025\/04\/O1CN01zw1cEY1TbFa3UiOnM_2506382400-0-cib-300x300.jpg 300w, https:\/\/www.cosmepak.com\/wp-content\/uploads\/2025\/04\/O1CN01zw1cEY1TbFa3UiOnM_2506382400-0-cib-150x150.jpg 150w, https:\/\/www.cosmepak.com\/wp-content\/uploads\/2025\/04\/O1CN01zw1cEY1TbFa3UiOnM_2506382400-0-cib-768x768.jpg 768w, https:\/\/www.cosmepak.com\/wp-content\/uploads\/2025\/04\/O1CN01zw1cEY1TbFa3UiOnM_2506382400-0-cib-12x12.jpg 12w, https:\/\/www.cosmepak.com\/wp-content\/uploads\/2025\/04\/O1CN01zw1cEY1TbFa3UiOnM_2506382400-0-cib-600x600.jpg 600w, https:\/\/www.cosmepak.com\/wp-content\/uploads\/2025\/04\/O1CN01zw1cEY1TbFa3UiOnM_2506382400-0-cib-100x100.jpg 100w\" sizes=\"(max-width: 1000px) 100vw, 1000px\" \/><\/td>\n<\/tr>\n<\/tbody>\n<\/table>\n<table style=\"border-collapse: collapse; width: 100%;\">\n<tbody>\n<tr>\n<td style=\"width: 50%;\"><img loading=\"lazy\" decoding=\"async\" class=\"alignnone size-full wp-image-3537\" src=\"https:\/\/www.cosmepak.com\/wp-content\/uploads\/2025\/04\/O1CN01rwrzEJ1TbFa3BSMMR_2506382400-0-cib.jpg\" alt=\"\" width=\"1000\" height=\"1000\" srcset=\"https:\/\/www.cosmepak.com\/wp-content\/uploads\/2025\/04\/O1CN01rwrzEJ1TbFa3BSMMR_2506382400-0-cib.jpg 1000w, https:\/\/www.cosmepak.com\/wp-content\/uploads\/2025\/04\/O1CN01rwrzEJ1TbFa3BSMMR_2506382400-0-cib-300x300.jpg 300w, https:\/\/www.cosmepak.com\/wp-content\/uploads\/2025\/04\/O1CN01rwrzEJ1TbFa3BSMMR_2506382400-0-cib-150x150.jpg 150w, https:\/\/www.cosmepak.com\/wp-content\/uploads\/2025\/04\/O1CN01rwrzEJ1TbFa3BSMMR_2506382400-0-cib-768x768.jpg 768w, https:\/\/www.cosmepak.com\/wp-content\/uploads\/2025\/04\/O1CN01rwrzEJ1TbFa3BSMMR_2506382400-0-cib-12x12.jpg 12w, https:\/\/www.cosmepak.com\/wp-content\/uploads\/2025\/04\/O1CN01rwrzEJ1TbFa3BSMMR_2506382400-0-cib-600x600.jpg 600w, https:\/\/www.cosmepak.com\/wp-content\/uploads\/2025\/04\/O1CN01rwrzEJ1TbFa3BSMMR_2506382400-0-cib-100x100.jpg 100w\" sizes=\"(max-width: 1000px) 100vw, 1000px\" \/><\/td>\n<td style=\"width: 50%;\"><img loading=\"lazy\" decoding=\"async\" class=\"alignnone size-full wp-image-3538\" src=\"https:\/\/www.cosmepak.com\/wp-content\/uploads\/2025\/04\/O1CN01dFIx6t1TbFa2vlAVK_2506382400-0-cib.jpg\" alt=\"\" width=\"1000\" height=\"1000\" srcset=\"https:\/\/www.cosmepak.com\/wp-content\/uploads\/2025\/04\/O1CN01dFIx6t1TbFa2vlAVK_2506382400-0-cib.jpg 1000w, https:\/\/www.cosmepak.com\/wp-content\/uploads\/2025\/04\/O1CN01dFIx6t1TbFa2vlAVK_2506382400-0-cib-300x300.jpg 300w, https:\/\/www.cosmepak.com\/wp-content\/uploads\/2025\/04\/O1CN01dFIx6t1TbFa2vlAVK_2506382400-0-cib-150x150.jpg 150w, https:\/\/www.cosmepak.com\/wp-content\/uploads\/2025\/04\/O1CN01dFIx6t1TbFa2vlAVK_2506382400-0-cib-768x768.jpg 768w, https:\/\/www.cosmepak.com\/wp-content\/uploads\/2025\/04\/O1CN01dFIx6t1TbFa2vlAVK_2506382400-0-cib-12x12.jpg 12w, https:\/\/www.cosmepak.com\/wp-content\/uploads\/2025\/04\/O1CN01dFIx6t1TbFa2vlAVK_2506382400-0-cib-600x600.jpg 600w, https:\/\/www.cosmepak.com\/wp-content\/uploads\/2025\/04\/O1CN01dFIx6t1TbFa2vlAVK_2506382400-0-cib-100x100.jpg 100w\" sizes=\"(max-width: 1000px) 100vw, 1000px\" \/><\/td>\n<\/tr>\n<\/tbody>\n<\/table>\n<p>&nbsp;<\/p>\n<div><\/div>","protected":false},"excerpt":{"rendered":"<p>Mat\u00e9riau: verre<\/p>\n<p>Capacit\u00e9: 30 ml<\/p>\n<p>Couleur: gradation violette, marron, jaune<\/p>\n<p>Accepter personnalis\u00e9 (toute couleur Pantone disponible)<\/p>\n<p>Couleur d'ajustement: noir \u3001 dor\u00e9<\/p>\n<p>Finition de surface: impression d'\u00e9cran, estampage chaud, gradient de pulv\u00e9risation, finition mate, etc.<\/p>\n<p>MOQ: 10000pcs<\/p>\n<p>\u00c9chantillon: \u00e9chantillons gratuits disponibles<\/p>\n<p>&nbsp;<\/p>\n<p>&nbsp;<\/p>","protected":false},"featured_media":1736,"comment_status":"closed","ping_status":"closed","template":"","meta":{"_acf_changed":false},"product_brand":[],"product_cat":[15,58],"product_tag":[40],"class_list":{"0":"post-1731","1":"product","2":"type-product","3":"status-publish","4":"has-post-thumbnail","6":"product_cat-essential-oil-bottle","7":"product_cat-glass-essential-oil-bottle","8":"product_tag-essential-oil-bottle","10":"first","11":"outofstock","12":"shipping-taxable","13":"product-type-simple"},"acf":[],"_links":{"self":[{"href":"https:\/\/www.cosmepak.com\/fr\/wp-json\/wp\/v2\/product\/1731","targetHints":{"allow":["GET"]}}],"collection":[{"href":"https:\/\/www.cosmepak.com\/fr\/wp-json\/wp\/v2\/product"}],"about":[{"href":"https:\/\/www.cosmepak.com\/fr\/wp-json\/wp\/v2\/types\/product"}],"replies":[{"embeddable":true,"href":"https:\/\/www.cosmepak.com\/fr\/wp-json\/wp\/v2\/comments?post=1731"}],"wp:featuredmedia":[{"embeddable":true,"href":"https:\/\/www.cosmepak.com\/fr\/wp-json\/wp\/v2\/media\/1736"}],"wp:attachment":[{"href":"https:\/\/www.cosmepak.com\/fr\/wp-json\/wp\/v2\/media?parent=1731"}],"wp:term":[{"taxonomy":"product_brand","embeddable":true,"href":"https:\/\/www.cosmepak.com\/fr\/wp-json\/wp\/v2\/product_brand?post=1731"},{"taxonomy":"product_cat","embeddable":true,"href":"https:\/\/www.cosmepak.com\/fr\/wp-json\/wp\/v2\/product_cat?post=1731"},{"taxonomy":"product_tag","embeddable":true,"href":"https:\/\/www.cosmepak.com\/fr\/wp-json\/wp\/v2\/product_tag?post=1731"}],"curies":[{"name":"WP","href":"https:\/\/api.w.org\/{rel}","templated":true}]}}