{"id":1737,"date":"2025-04-03T13:39:49","date_gmt":"2025-04-03T05:39:49","guid":{"rendered":"https:\/\/www.cosmepak.com\/?post_type=product&#038;p=1737"},"modified":"2026-01-05T14:21:34","modified_gmt":"2026-01-05T06:21:34","slug":"30ml-120ml-skincare-glass-bottle-30g-50g-cream-jar","status":"publish","type":"product","link":"https:\/\/www.cosmepak.com\/fr\/product\/30ml-120ml-skincare-glass-bottle-30g-50g-cream-jar\/","title":{"rendered":"30ml-120ml bouteille de verre de soins de la peau 30g 50g pot de cr\u00e8me"},"content":{"rendered":"<table style=\"border-collapse: collapse; width: 100%; height: 192px;\">\n<tbody>\n<tr style=\"height: 24px;\">\n<td style=\"width: 40.6929%; height: 192px;\" rowspan=\"8\"><img fetchpriority=\"high\" decoding=\"async\" class=\"alignnone size-full wp-image-3894\" src=\"https:\/\/www.cosmepak.com\/wp-content\/uploads\/2025\/04\/\u4e3b\u56fe-7-2.jpg\" alt=\"\" width=\"1000\" height=\"1000\" srcset=\"https:\/\/www.cosmepak.com\/wp-content\/uploads\/2025\/04\/\u4e3b\u56fe-7-2.jpg 1000w, https:\/\/www.cosmepak.com\/wp-content\/uploads\/2025\/04\/\u4e3b\u56fe-7-2-300x300.jpg 300w, https:\/\/www.cosmepak.com\/wp-content\/uploads\/2025\/04\/\u4e3b\u56fe-7-2-150x150.jpg 150w, https:\/\/www.cosmepak.com\/wp-content\/uploads\/2025\/04\/\u4e3b\u56fe-7-2-768x768.jpg 768w, https:\/\/www.cosmepak.com\/wp-content\/uploads\/2025\/04\/\u4e3b\u56fe-7-2-12x12.jpg 12w, https:\/\/www.cosmepak.com\/wp-content\/uploads\/2025\/04\/\u4e3b\u56fe-7-2-600x600.jpg 600w, https:\/\/www.cosmepak.com\/wp-content\/uploads\/2025\/04\/\u4e3b\u56fe-7-2-100x100.jpg 100w\" sizes=\"(max-width: 1000px) 100vw, 1000px\" \/><\/td>\n<td style=\"width: 23.5109%; height: 24px;\">Marque<\/td>\n<td style=\"width: 35.7961%; height: 24px;\">\u00a0Jaunce<\/td>\n<\/tr>\n<tr style=\"height: 24px;\">\n<td style=\"width: 23.5109%; height: 24px;\">Capacit\u00e9 de bouteille<\/td>\n<td style=\"width: 35.7961%; height: 24px;\">40ml \/ 100ml \/ 120ml<\/td>\n<\/tr>\n<tr style=\"height: 24px;\">\n<td style=\"width: 23.5109%; height: 24px;\">Capacit\u00e9 pot<\/td>\n<td style=\"width: 35.7961%; height: 24px;\">30g \/ 50g<\/td>\n<\/tr>\n<tr style=\"height: 24px;\">\n<td style=\"width: 23.5109%; height: 24px;\">Mat\u00e9riel<\/td>\n<td style=\"width: 35.7961%; height: 24px;\">Verre<\/td>\n<\/tr>\n<tr style=\"height: 24px;\">\n<td style=\"width: 23.5109%; height: 24px;\">Mod\u00e8le<\/td>\n<td style=\"width: 35.7961%; height: 24px;\">JH-PHPC413<\/td>\n<\/tr>\n<tr style=\"height: 24px;\">\n<td style=\"width: 23.5109%; height: 24px;\">OEM \/ ODM<\/td>\n<td style=\"width: 35.7961%; height: 24px;\">Accepter<\/td>\n<\/tr>\n<tr style=\"height: 24px;\">\n<td style=\"width: 23.5109%; height: 24px;\">Couleur<\/td>\n<td style=\"width: 35.7961%; height: 24px;\">Matt Black, Matt White, n'importe quelle couleur Parton personnalis\u00e9e<\/td>\n<\/tr>\n<tr style=\"height: 24px;\">\n<td style=\"width: 23.5109%; height: 24px;\">MOQ<\/td>\n<td style=\"width: 35.7961%; height: 24px;\">3000pcs;<\/td>\n<\/tr>\n<\/tbody>\n<\/table>\n<table style=\"border-collapse: collapse; width: 100%; height: 192px;\">\n<tbody>\n<tr style=\"height: 24px;\">\n<td style=\"width: 12.7434%; text-align: center; height: 24px;\">Article<\/td>\n<td style=\"width: 12.5142%; text-align: center; height: 24px;\">Hauteur totale<\/td>\n<td style=\"width: 12.5002%; text-align: center; height: 24px;\">Diam\u00e8tre inf\u00e9rieur<\/td>\n<td style=\"width: 13.4092%; text-align: center; height: 24px;\">Hauteur d'\u00e9paule<\/td>\n<\/tr>\n<tr style=\"height: 24px;\">\n<td style=\"width: 12.7434%; text-align: center; height: 24px;\">40 ml<\/td>\n<td style=\"width: 12.5142%; text-align: center; height: 24px;\">112 mm<\/td>\n<td style=\"width: 12.5002%; text-align: center; height: 24px;\">36 mm<\/td>\n<td style=\"width: 13.4092%; text-align: center; height: 24px;\">68 mm<\/td>\n<\/tr>\n<tr style=\"height: 24px;\">\n<td style=\"width: 12.7434%; text-align: center; height: 24px;\">100 ml<\/td>\n<td style=\"width: 12.5142%; text-align: center; height: 24px;\">171 mm<\/td>\n<td style=\"width: 12.5002%; text-align: center; height: 24px;\">40 mm<\/td>\n<td style=\"width: 13.4092%; text-align: center; height: 24px;\">125 mm<\/td>\n<\/tr>\n<tr style=\"height: 24px;\">\n<td style=\"width: 12.7434%; text-align: center; height: 24px;\">120 ml<\/td>\n<td style=\"width: 12.5142%; text-align: center; height: 24px;\">184mm<\/td>\n<td style=\"width: 12.5002%; text-align: center; height: 24px;\">40 mm<\/td>\n<td style=\"width: 13.4092%; text-align: center; height: 24px;\">147mm<\/td>\n<\/tr>\n<tr style=\"height: 24px;\">\n<td style=\"width: 12.7434%; text-align: center; height: 24px;\">Article<\/td>\n<td style=\"width: 12.5142%; text-align: center; height: 24px;\">Hauteur totale<\/td>\n<td style=\"width: 12.5002%; text-align: center; height: 24px;\">Diam\u00e8tre inf\u00e9rieur<\/td>\n<td style=\"width: 13.4092%; text-align: center; height: 24px;\">Hauteur d'\u00e9paule<\/td>\n<\/tr>\n<tr style=\"height: 24px;\">\n<td style=\"width: 12.7434%; text-align: center; height: 24px;\">30g<\/td>\n<td style=\"width: 12.5142%; text-align: center; height: 24px;\">46 mm<\/td>\n<td style=\"width: 12.5002%; text-align: center; height: 24px;\">60 mm<\/td>\n<td style=\"width: 13.4092%; text-align: center; height: 24px;\">23 mm<\/td>\n<\/tr>\n<tr style=\"height: 24px;\">\n<td style=\"width: 12.7434%; text-align: center; height: 24px;\">50g<\/td>\n<td style=\"width: 12.5142%; text-align: center; height: 24px;\">60 mm<\/td>\n<td style=\"width: 12.5002%; text-align: center; height: 24px;\">59 mm<\/td>\n<td style=\"width: 13.4092%; text-align: center; height: 24px;\">35 mm<\/td>\n<\/tr>\n<\/tbody>\n<\/table>\n<p>&nbsp;<\/p>\n<p>Il s'agit d'un ensemble de bouteilles exquises et luxueuses de produits de soins de la peau. Il y a trois options disponibles: 40ml, 100ml et 120ml. Ces tailles permettent le remplissage de liquides tels que la lotion et le toner. Les tailles 30g et 50g peuvent r\u00e9pondre aux exigences d'utilisation du pot de cr\u00e8me dans diverses situations. La plus petite capacit\u00e9 convient \u00e0 transporter en voyage.<\/p>\n<p>Le corps de la bouteille est rev\u00eatu d'une couleur nue et d'une finition jaune cr\u00e8me, qui est parfaitement combin\u00e9e \u00e0 la s\u00e9rigraphie. Cela ne met pas seulement en \u00e9vidence la marque&#8217; force, mais indique \u00e9galement clairement la capacit\u00e9 d'utilisation.<\/p>\n<p>La couverture \u00e9lectro-aluminium dor\u00e9e, lorsqu\u2019illumin\u00e9e par le spectacle de lumi\u00e8re, r\u00e9v\u00e8le la texture m\u00e9tallique unique du mat\u00e9riau. La finition brillante donne \u00e0 la couverture l'apparence d'un miroir. Le design global du couvercle ressemble \u00e0 un chapeau, et lorsqu'il est associ\u00e9 \u00e0 la bouteille en verre, il ressemble \u00e0 un gentleman.<\/p>\n<p>La bouteille \u00e0 \u00e9mulsion est associ\u00e9e \u00e0 une pompe \u00e0 \u00e9mulsion, qui est propre et hygi\u00e9nique, facile \u00e0 utiliser et emp\u00eache la contamination du contenu. Le couvercle ext\u00e9rieur a rempli une excellente fonction anti-poussi\u00e8re.<br \/>\nLe pot de cr\u00e8me peut \u00eatre \u00e9quip\u00e9 d'un joint d'\u00e9tanch\u00e9it\u00e9 ou d'un tampon de traction manuel, qui peuvent tous deux fournir une protection efficace et emp\u00eacher la fuite de la cr\u00e8me.<\/p>\n<table style=\"border-collapse: collapse; width: 100%;\">\n<tbody>\n<tr>\n<td style=\"width: 50%;\"><img decoding=\"async\" class=\"alignnone size-full wp-image-3895\" src=\"https:\/\/www.cosmepak.com\/wp-content\/uploads\/2025\/04\/41-1.jpg\" alt=\"\" width=\"1000\" height=\"1000\" srcset=\"https:\/\/www.cosmepak.com\/wp-content\/uploads\/2025\/04\/41-1.jpg 1000w, https:\/\/www.cosmepak.com\/wp-content\/uploads\/2025\/04\/41-1-300x300.jpg 300w, https:\/\/www.cosmepak.com\/wp-content\/uploads\/2025\/04\/41-1-150x150.jpg 150w, https:\/\/www.cosmepak.com\/wp-content\/uploads\/2025\/04\/41-1-768x768.jpg 768w, https:\/\/www.cosmepak.com\/wp-content\/uploads\/2025\/04\/41-1-12x12.jpg 12w, https:\/\/www.cosmepak.com\/wp-content\/uploads\/2025\/04\/41-1-600x600.jpg 600w, https:\/\/www.cosmepak.com\/wp-content\/uploads\/2025\/04\/41-1-100x100.jpg 100w\" sizes=\"(max-width: 1000px) 100vw, 1000px\" \/><\/td>\n<td style=\"width: 50%;\"><img decoding=\"async\" class=\"alignnone size-full wp-image-3896\" src=\"https:\/\/www.cosmepak.com\/wp-content\/uploads\/2025\/04\/51.jpg\" alt=\"\" width=\"1000\" height=\"1000\" srcset=\"https:\/\/www.cosmepak.com\/wp-content\/uploads\/2025\/04\/51.jpg 1000w, https:\/\/www.cosmepak.com\/wp-content\/uploads\/2025\/04\/51-300x300.jpg 300w, https:\/\/www.cosmepak.com\/wp-content\/uploads\/2025\/04\/51-150x150.jpg 150w, https:\/\/www.cosmepak.com\/wp-content\/uploads\/2025\/04\/51-768x768.jpg 768w, https:\/\/www.cosmepak.com\/wp-content\/uploads\/2025\/04\/51-12x12.jpg 12w, https:\/\/www.cosmepak.com\/wp-content\/uploads\/2025\/04\/51-600x600.jpg 600w, https:\/\/www.cosmepak.com\/wp-content\/uploads\/2025\/04\/51-100x100.jpg 100w\" sizes=\"(max-width: 1000px) 100vw, 1000px\" \/><\/td>\n<\/tr>\n<\/tbody>\n<\/table>\n<p>&nbsp;<\/p>\n<p>&nbsp;<\/p>","protected":false},"excerpt":{"rendered":"<p>Mat\u00e9riau: verre<\/p>\n<p>Capacit\u00e9: 15ml \/ 30ml \/ 80ml \/ 100ml \/ 30g \/ 50g<\/p>\n<p>Couleur: accepter personnalis\u00e9 (toute couleur Pantone disponible)<\/p>\n<p>Finition de surface: impression d'\u00e9cran, estampage chaud, gradient de pulv\u00e9risation, finition mate, etc.<\/p>\n<p>MOQ: 10000pcs<\/p>\n<p>\u00c9chantillon: \u00e9chantillons gratuits disponibles<\/p>\n<p>&nbsp;<\/p>\n<p>&nbsp;<\/p>","protected":false},"featured_media":3897,"comment_status":"closed","ping_status":"closed","template":"","meta":{"_acf_changed":false},"product_brand":[],"product_cat":[19,46],"product_tag":[61],"class_list":{"0":"post-1737","1":"product","2":"type-product","3":"status-publish","4":"has-post-thumbnail","6":"product_cat-skincare-glass-bottle","7":"product_cat-skincare-product-set-package","8":"product_tag-skincare-product-set","10":"first","11":"outofstock","12":"shipping-taxable","13":"product-type-simple"},"acf":[],"_links":{"self":[{"href":"https:\/\/www.cosmepak.com\/fr\/wp-json\/wp\/v2\/product\/1737","targetHints":{"allow":["GET"]}}],"collection":[{"href":"https:\/\/www.cosmepak.com\/fr\/wp-json\/wp\/v2\/product"}],"about":[{"href":"https:\/\/www.cosmepak.com\/fr\/wp-json\/wp\/v2\/types\/product"}],"replies":[{"embeddable":true,"href":"https:\/\/www.cosmepak.com\/fr\/wp-json\/wp\/v2\/comments?post=1737"}],"wp:featuredmedia":[{"embeddable":true,"href":"https:\/\/www.cosmepak.com\/fr\/wp-json\/wp\/v2\/media\/3897"}],"wp:attachment":[{"href":"https:\/\/www.cosmepak.com\/fr\/wp-json\/wp\/v2\/media?parent=1737"}],"wp:term":[{"taxonomy":"product_brand","embeddable":true,"href":"https:\/\/www.cosmepak.com\/fr\/wp-json\/wp\/v2\/product_brand?post=1737"},{"taxonomy":"product_cat","embeddable":true,"href":"https:\/\/www.cosmepak.com\/fr\/wp-json\/wp\/v2\/product_cat?post=1737"},{"taxonomy":"product_tag","embeddable":true,"href":"https:\/\/www.cosmepak.com\/fr\/wp-json\/wp\/v2\/product_tag?post=1737"}],"curies":[{"name":"WP","href":"https:\/\/api.w.org\/{rel}","templated":true}]}}