{"id":1774,"date":"2025-04-03T16:18:52","date_gmt":"2025-04-03T08:18:52","guid":{"rendered":"https:\/\/www.cosmepak.com\/?post_type=product&#038;p=1774"},"modified":"2026-01-04T10:14:20","modified_gmt":"2026-01-04T02:14:20","slug":"blue-off-the-shoulder-skindcare-bottle","status":"publish","type":"product","link":"https:\/\/www.cosmepak.com\/fr\/product\/blue-off-the-shoulder-skindcare-bottle\/","title":{"rendered":"Bouteille de soins de la peau bleue hors \u00e9paule"},"content":{"rendered":"<table style=\"border-collapse: collapse; width: 100%; height: 216px;\">\n<tbody>\n<tr style=\"height: 24px;\">\n<td style=\"width: 40.6929%; height: 216px;\" rowspan=\"9\"><img fetchpriority=\"high\" decoding=\"async\" class=\"alignnone size-full wp-image-3859\" src=\"https:\/\/www.cosmepak.com\/wp-content\/uploads\/2025\/04\/\u4e3b\u56fe-6-5.jpg\" alt=\"\" width=\"1000\" height=\"1000\" srcset=\"https:\/\/www.cosmepak.com\/wp-content\/uploads\/2025\/04\/\u4e3b\u56fe-6-5.jpg 1000w, https:\/\/www.cosmepak.com\/wp-content\/uploads\/2025\/04\/\u4e3b\u56fe-6-5-300x300.jpg 300w, https:\/\/www.cosmepak.com\/wp-content\/uploads\/2025\/04\/\u4e3b\u56fe-6-5-150x150.jpg 150w, https:\/\/www.cosmepak.com\/wp-content\/uploads\/2025\/04\/\u4e3b\u56fe-6-5-768x768.jpg 768w, https:\/\/www.cosmepak.com\/wp-content\/uploads\/2025\/04\/\u4e3b\u56fe-6-5-12x12.jpg 12w, https:\/\/www.cosmepak.com\/wp-content\/uploads\/2025\/04\/\u4e3b\u56fe-6-5-600x600.jpg 600w, https:\/\/www.cosmepak.com\/wp-content\/uploads\/2025\/04\/\u4e3b\u56fe-6-5-100x100.jpg 100w\" sizes=\"(max-width: 1000px) 100vw, 1000px\" \/><\/td>\n<td style=\"width: 23.5109%; height: 24px; text-align: center;\">Marque<\/td>\n<td style=\"width: 35.7961%; height: 24px; text-align: center;\">\u00a0Jaunce<\/td>\n<\/tr>\n<tr style=\"height: 24px;\">\n<td style=\"width: 23.5109%; height: 24px; text-align: center;\">Capacit\u00e9<\/td>\n<td style=\"width: 35.7961%; height: 24px; text-align: center;\">30ml \/ 45ml \/ 100ml \/ 120ml \/ 150ml \/ 30g \/ 50g<\/td>\n<\/tr>\n<tr style=\"height: 24px;\">\n<td style=\"width: 23.5109%; height: 24px; text-align: center;\">Forme<\/td>\n<td style=\"width: 35.7961%; height: 24px; text-align: center;\">Forme de cylindre<\/td>\n<\/tr>\n<tr style=\"height: 24px;\">\n<td style=\"width: 23.5109%; height: 24px; text-align: center;\">Mat\u00e9riel<\/td>\n<td style=\"width: 35.7961%; height: 24px; text-align: center;\">Verre<\/td>\n<\/tr>\n<tr style=\"height: 24px;\">\n<td style=\"width: 23.5109%; height: 24px; text-align: center;\">Mod\u00e8le<\/td>\n<td style=\"width: 35.7961%; height: 24px; text-align: center;\">JH-my50<\/td>\n<\/tr>\n<tr style=\"height: 24px;\">\n<td style=\"width: 23.5109%; height: 24px; text-align: center;\">OEM \/ ODM<\/td>\n<td style=\"width: 35.7961%; height: 24px; text-align: center;\">Accepter<\/td>\n<\/tr>\n<tr style=\"height: 24px;\">\n<td style=\"width: 23.5109%; height: 24px; text-align: center;\">Couleur<\/td>\n<td style=\"width: 35.7961%; height: 24px; text-align: center;\">Toute couleur Parton personnalis\u00e9e<\/td>\n<\/tr>\n<tr style=\"height: 24px;\">\n<td style=\"width: 23.5109%; height: 24px; text-align: center;\">Usage<\/td>\n<td style=\"width: 35.7961%; height: 24px; text-align: center;\">Lotion\/Fondation\/cr\u00e8me etc.<\/td>\n<\/tr>\n<tr style=\"height: 24px;\">\n<td style=\"width: 23.5109%; height: 24px; text-align: center;\">MOQ<\/td>\n<td style=\"width: 35.7961%; height: 24px; text-align: center;\">5000pcs<\/td>\n<\/tr>\n<\/tbody>\n<\/table>\n<table style=\"border-collapse: collapse; width: 100%; height: 192px;\">\n<tbody>\n<tr style=\"height: 24px;\">\n<td style=\"width: 10.4249%; text-align: center; height: 24px;\"><strong>Capacit\u00e9<\/strong><\/td>\n<td style=\"width: 8.48195%; text-align: center; height: 24px;\"><strong>Hauteur totale<\/strong><\/td>\n<td style=\"width: 8.46783%; text-align: center; height: 24px;\"><strong>Diam\u00e8tre inf\u00e9rieur<\/strong><\/td>\n<td style=\"width: 7.56062%; text-align: center; height: 24px;\"><strong>circonf\u00e9rence<\/strong><\/td>\n<td style=\"width: 7.9709%; text-align: center; height: 24px;\"><strong>Hauteur imprimable<\/strong><\/td>\n<td style=\"width: 7.9709%; text-align: center; height: 24px;\"><strong>Poids<\/strong><\/td>\n<\/tr>\n<tr style=\"height: 24px;\">\n<td style=\"width: 10.4249%; text-align: center; height: 24px;\">30g<\/td>\n<td style=\"width: 8.48195%; text-align: center; height: 24px;\">40 mm<\/td>\n<td style=\"width: 8.46783%; text-align: center; height: 24px;\">66 mm<\/td>\n<td style=\"width: 7.56062%; text-align: center; height: 24px;\">208 mm<\/td>\n<td style=\"width: 7.9709%; text-align: center; height: 24px;\">12 mm<\/td>\n<td style=\"width: 7.9709%; text-align: center; height: 24px;\">119.3g<\/td>\n<\/tr>\n<tr style=\"height: 24px;\">\n<td style=\"width: 10.4249%; text-align: center; height: 24px;\">50g<\/td>\n<td style=\"width: 8.48195%; text-align: center; height: 24px;\">48 mm<\/td>\n<td style=\"width: 8.46783%; text-align: center; height: 24px;\">66 mm<\/td>\n<td style=\"width: 7.56062%; text-align: center; height: 24px;\">208 mm<\/td>\n<td style=\"width: 7.9709%; text-align: center; height: 24px;\">18 mm<\/td>\n<td style=\"width: 7.9709%; text-align: center; height: 24px;\">138.5g<\/td>\n<\/tr>\n<tr style=\"height: 24px;\">\n<td style=\"width: 10.4249%; text-align: center; height: 24px;\">Bouteille de gouttelettes de 30ml<\/td>\n<td style=\"width: 8.48195%; text-align: center; height: 24px;\">88 mm<\/td>\n<td style=\"width: 8.46783%; text-align: center; height: 24px;\">49 mm<\/td>\n<td style=\"width: 7.56062%; text-align: center; height: 24px;\">154mm<\/td>\n<td style=\"width: 7.9709%; text-align: center; height: 24px;\">32 mm<\/td>\n<td style=\"width: 7.9709%; text-align: center; height: 24px;\">132.9g<\/td>\n<\/tr>\n<tr style=\"height: 24px;\">\n<td style=\"width: 10.4249%; text-align: center; height: 24px;\">50 ml<\/td>\n<td style=\"width: 8.48195%; text-align: center; height: 24px;\">102 mm<\/td>\n<td style=\"width: 8.46783%; text-align: center; height: 24px;\">49 mm<\/td>\n<td style=\"width: 7.56062%; text-align: center; height: 24px;\">154mm<\/td>\n<td style=\"width: 7.9709%; text-align: center; height: 24px;\">43 mm<\/td>\n<td style=\"width: 7.9709%; text-align: center; height: 24px;\">141.6g<\/td>\n<\/tr>\n<tr style=\"height: 24px;\">\n<td style=\"width: 10.4249%; text-align: center; height: 24px;\">100 ml<\/td>\n<td style=\"width: 8.48195%; text-align: center; height: 24px;\">Airless technolo\u062c\u0631\u0627\u0645y utilise un aspirateur \u00e0 c\u00f4t\u00e9 de la bouteille. Lorsque vous appuyez sur la pompe, un piston en bas se d\u00e9place vers le haut. Cela pousse le produit \u00e0 l'ext\u00e9rieur sans laisser entrer d'air. Il maintient les formules \u00e0 l'abri de l'oxydation, m\u00eame apr\u00e8s de nombreuses utilisations. C\u2019est id\u00e9al pour les produits naturels qui n\u2019ont pas beaucoup de conservateurs.<\/td>\n<td style=\"width: 8.46783%; text-align: center; height: 24px;\">49 mm<\/td>\n<td style=\"width: 7.56062%; text-align: center; height: 24px;\">154mm<\/td>\n<td style=\"width: 7.9709%; text-align: center; height: 24px;\">82 mm<\/td>\n<td style=\"width: 7.9709%; text-align: center; height: 24px;\">197g<\/td>\n<\/tr>\n<tr style=\"height: 24px;\">\n<td style=\"width: 10.4249%; text-align: center; height: 24px;\">120 ml<\/td>\n<td style=\"width: 8.48195%; text-align: center; height: 24px;\">155 mm<\/td>\n<td style=\"width: 8.46783%; text-align: center; height: 24px;\">49 mm<\/td>\n<td style=\"width: 7.56062%; text-align: center; height: 24px;\">154mm<\/td>\n<td style=\"width: 7.9709%; text-align: center; height: 24px;\">95 mm<\/td>\n<td style=\"width: 7.9709%; text-align: center; height: 24px;\">208.3g<\/td>\n<\/tr>\n<tr style=\"height: 24px;\">\n<td style=\"width: 10.4249%; text-align: center; height: 24px;\">150 ml<\/td>\n<td style=\"width: 8.48195%; text-align: center; height: 24px;\">175mm<\/td>\n<td style=\"width: 8.46783%; text-align: center; height: 24px;\">49 mm<\/td>\n<td style=\"width: 7.56062%; text-align: center; height: 24px;\">154mm<\/td>\n<td style=\"width: 7.9709%; text-align: center; height: 24px;\">112 mm<\/td>\n<td style=\"width: 7.9709%; text-align: center; height: 24px;\">218.2g<\/td>\n<\/tr>\n<\/tbody>\n<\/table>\n<p>Cet ensemble d'emballage de bouteilles est une solution compl\u00e8te pour les produits cosm\u00e9tiques et de soins de la peau. Il dispose d'une bouteille en verre cylindrique \u00e0 \u00e9paules plates de haute qualit\u00e9 comme porte-noyau, associ\u00e9e \u00e0 une pompe blanche simple et \u00e9l\u00e9gante. Avec son design visuel distinctif et une large gamme d'options de taille, il peut r\u00e9pondre avec pr\u00e9cision aux besoins d'emballage de divers produits de soins de la peau et de cosm\u00e9tiques, combinant \u00e0 la fois esth\u00e9tique et pratique.<\/p>\n<p>La bouteille adopte une forme cylindrique classique \u00e0 \u00e9paules plates avec des lignes lisses et r\u00e9guli\u00e8res, assurant la stabilit\u00e9 lorsqu'elle est plac\u00e9e et soulignant un style simple mais luxueux, une couleur bleue vive, cr\u00e9ant un contraste de couleur fort avec la t\u00eate de pompe blanche pure, avec un impact visuel puissant. Il peut attirer rapidement les consommateurs&#8217; attention et transmettre un caract\u00e8re produit frais et pur.<\/p>\n<p>Ce produit a une gamme extr\u00eamement sauvage de sp\u00e9cifications et de configurations, des bouteilles en verre sp\u00e9cialement con\u00e7ues pour les produits liquides de soins de la peau et des bocaux sp\u00e9cialement con\u00e7us pour les produits de type cr\u00e8me, atteignant une couverture compl\u00e8te de toutes les cat\u00e9gories. La s\u00e9rie de bouteilles liquides offre une vari\u00e9t\u00e9 d'options de capacit\u00e9, y compris 30 ml, 45 ml, 100 ml, 120 ml et 150 ml. La sp\u00e9cification 30 ml est particuli\u00e8rement \u00e9quip\u00e9e d'une conception de goutteur \u00e0 col grand, qui est pratique pour la mesure et l'utilisation pr\u00e9cises, et est particuli\u00e8rement adapt\u00e9e pour les produits tels que les essences, les huiles essentielles et les essences qui n\u00e9cessitent une application pr\u00e9cise. Les sp\u00e9cifications de plus grande capacit\u00e9 de 45 ml et plus sont \u00e9quip\u00e9es d'une pompe pressuris\u00e9e blanche, qui fonctionne en douceur et distribue le liquide de mani\u00e8re uniforme, et sont adapt\u00e9s \u00e0 divers produits de soins de la peau liquides tels que des toniques, des lotions et des d\u00e9miquillants. La s\u00e9rie pot a deux capacit\u00e9s communes, 30 grammes et 50 grammes. La conception des bocaux est coh\u00e9rente avec le style des bouteilles en verre, a d'excellentes performances d'\u00e9tanch\u00e9it\u00e9 et peut pr\u00e9venir efficacement l'oxydation et la d\u00e9t\u00e9rioration des ingr\u00e9dients actifs dans les produits de type cr\u00e8me tels que les cr\u00e8mes hydratantes, les cr\u00e8mes pour les yeux et les lotions pour le corps.<\/p>\n<table style=\"border-collapse: collapse; width: 100%;\">\n<tbody>\n<tr>\n<td style=\"width: 33.3333%;\"><img decoding=\"async\" class=\"alignnone size-full wp-image-3860\" src=\"https:\/\/www.cosmepak.com\/wp-content\/uploads\/2025\/04\/61.jpg\" alt=\"\" width=\"1000\" height=\"1000\" srcset=\"https:\/\/www.cosmepak.com\/wp-content\/uploads\/2025\/04\/61.jpg 1000w, https:\/\/www.cosmepak.com\/wp-content\/uploads\/2025\/04\/61-300x300.jpg 300w, https:\/\/www.cosmepak.com\/wp-content\/uploads\/2025\/04\/61-150x150.jpg 150w, https:\/\/www.cosmepak.com\/wp-content\/uploads\/2025\/04\/61-768x768.jpg 768w, https:\/\/www.cosmepak.com\/wp-content\/uploads\/2025\/04\/61-12x12.jpg 12w, https:\/\/www.cosmepak.com\/wp-content\/uploads\/2025\/04\/61-600x600.jpg 600w, https:\/\/www.cosmepak.com\/wp-content\/uploads\/2025\/04\/61-100x100.jpg 100w\" sizes=\"(max-width: 1000px) 100vw, 1000px\" \/><\/td>\n<td style=\"width: 33.3333%;\"><img decoding=\"async\" class=\"alignnone size-full wp-image-3861\" src=\"https:\/\/www.cosmepak.com\/wp-content\/uploads\/2025\/04\/81.jpg\" alt=\"\" width=\"1000\" height=\"1000\" srcset=\"https:\/\/www.cosmepak.com\/wp-content\/uploads\/2025\/04\/81.jpg 1000w, https:\/\/www.cosmepak.com\/wp-content\/uploads\/2025\/04\/81-300x300.jpg 300w, https:\/\/www.cosmepak.com\/wp-content\/uploads\/2025\/04\/81-150x150.jpg 150w, https:\/\/www.cosmepak.com\/wp-content\/uploads\/2025\/04\/81-768x768.jpg 768w, https:\/\/www.cosmepak.com\/wp-content\/uploads\/2025\/04\/81-12x12.jpg 12w, https:\/\/www.cosmepak.com\/wp-content\/uploads\/2025\/04\/81-600x600.jpg 600w, https:\/\/www.cosmepak.com\/wp-content\/uploads\/2025\/04\/81-100x100.jpg 100w\" sizes=\"(max-width: 1000px) 100vw, 1000px\" \/><\/td>\n<td style=\"width: 33.3333%;\"><img loading=\"lazy\" decoding=\"async\" class=\"alignnone size-full wp-image-3862\" src=\"https:\/\/www.cosmepak.com\/wp-content\/uploads\/2025\/04\/41.jpg\" alt=\"\" width=\"1000\" height=\"1000\" srcset=\"https:\/\/www.cosmepak.com\/wp-content\/uploads\/2025\/04\/41.jpg 1000w, https:\/\/www.cosmepak.com\/wp-content\/uploads\/2025\/04\/41-300x300.jpg 300w, https:\/\/www.cosmepak.com\/wp-content\/uploads\/2025\/04\/41-150x150.jpg 150w, https:\/\/www.cosmepak.com\/wp-content\/uploads\/2025\/04\/41-768x768.jpg 768w, https:\/\/www.cosmepak.com\/wp-content\/uploads\/2025\/04\/41-12x12.jpg 12w, https:\/\/www.cosmepak.com\/wp-content\/uploads\/2025\/04\/41-600x600.jpg 600w, https:\/\/www.cosmepak.com\/wp-content\/uploads\/2025\/04\/41-100x100.jpg 100w\" sizes=\"(max-width: 1000px) 100vw, 1000px\" \/><\/td>\n<\/tr>\n<\/tbody>\n<\/table>\n<table style=\"border-collapse: collapse; width: 100%;\">\n<tbody>\n<tr>\n<td style=\"width: 50%;\"><img loading=\"lazy\" decoding=\"async\" class=\"alignnone size-full wp-image-3863\" src=\"https:\/\/www.cosmepak.com\/wp-content\/uploads\/2025\/04\/11-1.jpg\" alt=\"\" width=\"1000\" height=\"1000\" srcset=\"https:\/\/www.cosmepak.com\/wp-content\/uploads\/2025\/04\/11-1.jpg 1000w, https:\/\/www.cosmepak.com\/wp-content\/uploads\/2025\/04\/11-1-300x300.jpg 300w, https:\/\/www.cosmepak.com\/wp-content\/uploads\/2025\/04\/11-1-150x150.jpg 150w, https:\/\/www.cosmepak.com\/wp-content\/uploads\/2025\/04\/11-1-768x768.jpg 768w, https:\/\/www.cosmepak.com\/wp-content\/uploads\/2025\/04\/11-1-12x12.jpg 12w, https:\/\/www.cosmepak.com\/wp-content\/uploads\/2025\/04\/11-1-600x600.jpg 600w, https:\/\/www.cosmepak.com\/wp-content\/uploads\/2025\/04\/11-1-100x100.jpg 100w\" sizes=\"(max-width: 1000px) 100vw, 1000px\" \/><\/td>\n<td style=\"width: 50%;\"><img loading=\"lazy\" decoding=\"async\" class=\"alignnone size-full wp-image-3864\" src=\"https:\/\/www.cosmepak.com\/wp-content\/uploads\/2025\/04\/21-2.jpg\" alt=\"\" width=\"1000\" height=\"1000\" srcset=\"https:\/\/www.cosmepak.com\/wp-content\/uploads\/2025\/04\/21-2.jpg 1000w, https:\/\/www.cosmepak.com\/wp-content\/uploads\/2025\/04\/21-2-300x300.jpg 300w, https:\/\/www.cosmepak.com\/wp-content\/uploads\/2025\/04\/21-2-150x150.jpg 150w, https:\/\/www.cosmepak.com\/wp-content\/uploads\/2025\/04\/21-2-768x768.jpg 768w, https:\/\/www.cosmepak.com\/wp-content\/uploads\/2025\/04\/21-2-12x12.jpg 12w, https:\/\/www.cosmepak.com\/wp-content\/uploads\/2025\/04\/21-2-600x600.jpg 600w, https:\/\/www.cosmepak.com\/wp-content\/uploads\/2025\/04\/21-2-100x100.jpg 100w\" sizes=\"(max-width: 1000px) 100vw, 1000px\" \/><\/td>\n<\/tr>\n<\/tbody>\n<\/table>","protected":false},"excerpt":{"rendered":"<p>Mat\u00e9riau: verre<\/p>\n<p>Capacit\u00e9: 30ml\/50ml\/100ml\/120ml\/50g<\/p>\n<p>Couleur: accepter personnalis\u00e9 (toute couleur Pantone disponible)<\/p>\n<p>Finition de surface: impression d'\u00e9cran, estampage chaud, gradient de pulv\u00e9risation, finition mate, etc.<\/p>\n<p>MOQ: 1000pcs \/ 10000pcs personnalis\u00e9<\/p>\n<p>\u00c9chantillon: \u00e9chantillons gratuits disponibles<\/p>\n<p>&nbsp;<\/p>\n<p>&nbsp;<\/p>","protected":false},"featured_media":3865,"comment_status":"closed","ping_status":"closed","template":"","meta":{"_acf_changed":false},"product_brand":[],"product_cat":[19,46],"product_tag":[61],"class_list":{"0":"post-1774","1":"product","2":"type-product","3":"status-publish","4":"has-post-thumbnail","6":"product_cat-skincare-glass-bottle","7":"product_cat-skincare-product-set-package","8":"product_tag-skincare-product-set","10":"first","11":"outofstock","12":"shipping-taxable","13":"product-type-simple"},"acf":[],"_links":{"self":[{"href":"https:\/\/www.cosmepak.com\/fr\/wp-json\/wp\/v2\/product\/1774","targetHints":{"allow":["GET"]}}],"collection":[{"href":"https:\/\/www.cosmepak.com\/fr\/wp-json\/wp\/v2\/product"}],"about":[{"href":"https:\/\/www.cosmepak.com\/fr\/wp-json\/wp\/v2\/types\/product"}],"replies":[{"embeddable":true,"href":"https:\/\/www.cosmepak.com\/fr\/wp-json\/wp\/v2\/comments?post=1774"}],"wp:featuredmedia":[{"embeddable":true,"href":"https:\/\/www.cosmepak.com\/fr\/wp-json\/wp\/v2\/media\/3865"}],"wp:attachment":[{"href":"https:\/\/www.cosmepak.com\/fr\/wp-json\/wp\/v2\/media?parent=1774"}],"wp:term":[{"taxonomy":"product_brand","embeddable":true,"href":"https:\/\/www.cosmepak.com\/fr\/wp-json\/wp\/v2\/product_brand?post=1774"},{"taxonomy":"product_cat","embeddable":true,"href":"https:\/\/www.cosmepak.com\/fr\/wp-json\/wp\/v2\/product_cat?post=1774"},{"taxonomy":"product_tag","embeddable":true,"href":"https:\/\/www.cosmepak.com\/fr\/wp-json\/wp\/v2\/product_tag?post=1774"}],"curies":[{"name":"WP","href":"https:\/\/api.w.org\/{rel}","templated":true}]}}